{"id":984,"date":"2025-07-04T07:07:06","date_gmt":"2025-07-04T07:07:06","guid":{"rendered":"https:\/\/quantongfastener.com\/?post_type=product&#038;p=984"},"modified":"2025-07-04T07:07:06","modified_gmt":"2025-07-04T07:07:06","slug":"hexagon-socket-head-cap-bolt-din-912","status":"publish","type":"product","link":"https:\/\/quantongfastener.com\/fr\/produit\/hexagon-socket-head-cap-bolt-din-912\/","title":{"rendered":"Boulon \u00e0 t\u00eate hexagonale DIN 912"},"content":{"rendered":"<p><img fetchpriority=\"high\" decoding=\"async\" class=\"alignnone size-full wp-image-991\" src=\"https:\/\/quantongfastener.com\/wp-content\/uploads\/2025\/07\/Hexagon-Socket-Head-Cap-Bolt-DIN-912-6.jpg\" alt=\"\" width=\"610\" height=\"610\" srcset=\"https:\/\/quantongfastener.com\/wp-content\/uploads\/2025\/07\/Hexagon-Socket-Head-Cap-Bolt-DIN-912-6.jpg 610w, https:\/\/quantongfastener.com\/wp-content\/uploads\/2025\/07\/Hexagon-Socket-Head-Cap-Bolt-DIN-912-6-300x300.jpg 300w, https:\/\/quantongfastener.com\/wp-content\/uploads\/2025\/07\/Hexagon-Socket-Head-Cap-Bolt-DIN-912-6-150x150.jpg 150w, https:\/\/quantongfastener.com\/wp-content\/uploads\/2025\/07\/Hexagon-Socket-Head-Cap-Bolt-DIN-912-6-12x12.jpg 12w, https:\/\/quantongfastener.com\/wp-content\/uploads\/2025\/07\/Hexagon-Socket-Head-Cap-Bolt-DIN-912-6-600x600.jpg 600w, https:\/\/quantongfastener.com\/wp-content\/uploads\/2025\/07\/Hexagon-Socket-Head-Cap-Bolt-DIN-912-6-100x100.jpg 100w\" sizes=\"(max-width: 610px) 100vw, 610px\" \/><\/p>\n<table border=\"1\" cellspacing=\"0\" cellpadding=\"0\">\n<tbody>\n<tr>\n<td valign=\"top\" width=\"162\">Nom du produit<\/td>\n<td valign=\"top\" width=\"407\">Boulon d'ancrage<\/td>\n<\/tr>\n<tr>\n<td valign=\"top\" width=\"162\">Taille<\/td>\n<td valign=\"top\" width=\"407\">M6\/M8\/M10\/M12<\/td>\n<\/tr>\n<tr>\n<td valign=\"top\" width=\"162\">Grade<\/td>\n<td valign=\"top\" width=\"407\">4.8\/8.8\/10.9\/12.9<\/td>\n<\/tr>\n<tr>\n<td valign=\"top\" width=\"162\">Mat\u00e9riau<\/td>\n<td valign=\"top\" width=\"407\">Acier\/acier inoxydable<\/td>\n<\/tr>\n<tr>\n<td valign=\"top\" width=\"162\">Traitement de surface<\/td>\n<td valign=\"top\" width=\"407\">YZP<\/td>\n<\/tr>\n<tr>\n<td valign=\"top\" width=\"162\">Standard<\/td>\n<td valign=\"top\" width=\"407\">DIN\/ISO<\/td>\n<\/tr>\n<tr>\n<td valign=\"top\" width=\"162\">Certificat<\/td>\n<td valign=\"top\" width=\"407\">ISO 9001<\/td>\n<\/tr>\n<tr>\n<td valign=\"top\" width=\"162\">\u00c9chantillon<\/td>\n<td valign=\"top\" width=\"407\">\u00c9chantillons gratuits<\/td>\n<\/tr>\n<\/tbody>\n<\/table>\n<p><img decoding=\"async\" class=\"alignnone size-full wp-image-986\" src=\"https:\/\/quantongfastener.com\/wp-content\/uploads\/2025\/07\/Hexagon-Socket-Head-Cap-Bolt-DIN-912-1.jpg\" alt=\"\" width=\"610\" height=\"610\" srcset=\"https:\/\/quantongfastener.com\/wp-content\/uploads\/2025\/07\/Hexagon-Socket-Head-Cap-Bolt-DIN-912-1.jpg 610w, https:\/\/quantongfastener.com\/wp-content\/uploads\/2025\/07\/Hexagon-Socket-Head-Cap-Bolt-DIN-912-1-300x300.jpg 300w, https:\/\/quantongfastener.com\/wp-content\/uploads\/2025\/07\/Hexagon-Socket-Head-Cap-Bolt-DIN-912-1-150x150.jpg 150w, https:\/\/quantongfastener.com\/wp-content\/uploads\/2025\/07\/Hexagon-Socket-Head-Cap-Bolt-DIN-912-1-12x12.jpg 12w, https:\/\/quantongfastener.com\/wp-content\/uploads\/2025\/07\/Hexagon-Socket-Head-Cap-Bolt-DIN-912-1-600x600.jpg 600w, https:\/\/quantongfastener.com\/wp-content\/uploads\/2025\/07\/Hexagon-Socket-Head-Cap-Bolt-DIN-912-1-100x100.jpg 100w\" sizes=\"(max-width: 610px) 100vw, 610px\" \/> <img decoding=\"async\" class=\"alignnone size-full wp-image-987\" src=\"https:\/\/quantongfastener.com\/wp-content\/uploads\/2025\/07\/Hexagon-Socket-Head-Cap-Bolt-DIN-912-2-1.jpg\" alt=\"\" width=\"610\" height=\"610\" srcset=\"https:\/\/quantongfastener.com\/wp-content\/uploads\/2025\/07\/Hexagon-Socket-Head-Cap-Bolt-DIN-912-2-1.jpg 610w, https:\/\/quantongfastener.com\/wp-content\/uploads\/2025\/07\/Hexagon-Socket-Head-Cap-Bolt-DIN-912-2-1-300x300.jpg 300w, https:\/\/quantongfastener.com\/wp-content\/uploads\/2025\/07\/Hexagon-Socket-Head-Cap-Bolt-DIN-912-2-1-150x150.jpg 150w, https:\/\/quantongfastener.com\/wp-content\/uploads\/2025\/07\/Hexagon-Socket-Head-Cap-Bolt-DIN-912-2-1-12x12.jpg 12w, https:\/\/quantongfastener.com\/wp-content\/uploads\/2025\/07\/Hexagon-Socket-Head-Cap-Bolt-DIN-912-2-1-600x600.jpg 600w, https:\/\/quantongfastener.com\/wp-content\/uploads\/2025\/07\/Hexagon-Socket-Head-Cap-Bolt-DIN-912-2-1-100x100.jpg 100w\" sizes=\"(max-width: 610px) 100vw, 610px\" \/><\/p>\n<p>Les vis \u00e0 t\u00eate hexagonale et les vis \u00e0 t\u00eate frais\u00e9e sont tr\u00e8s similaires. Lorsque la t\u00eate de clou p\u00e9n\u00e8tre dans la machine, sa force de connexion est tr\u00e8s \u00e9lev\u00e9e, de sorte que la cl\u00e9 \u00e0 douille hexagonale correspondante doit \u00eatre utilis\u00e9e lors de l'installation et de l'enl\u00e8vement des vis. En g\u00e9n\u00e9ral, elle est largement utilis\u00e9e sur diverses machines-outils et leurs accessoires.<\/p>\n<p><img loading=\"lazy\" decoding=\"async\" class=\"alignnone size-full wp-image-992\" src=\"https:\/\/quantongfastener.com\/wp-content\/uploads\/2025\/07\/Hexagon-Socket-Head-Cap-Bolt-DIN-912-Featured-Image.jpg\" alt=\"\" width=\"610\" height=\"610\" srcset=\"https:\/\/quantongfastener.com\/wp-content\/uploads\/2025\/07\/Hexagon-Socket-Head-Cap-Bolt-DIN-912-Featured-Image.jpg 610w, https:\/\/quantongfastener.com\/wp-content\/uploads\/2025\/07\/Hexagon-Socket-Head-Cap-Bolt-DIN-912-Featured-Image-300x300.jpg 300w, https:\/\/quantongfastener.com\/wp-content\/uploads\/2025\/07\/Hexagon-Socket-Head-Cap-Bolt-DIN-912-Featured-Image-150x150.jpg 150w, https:\/\/quantongfastener.com\/wp-content\/uploads\/2025\/07\/Hexagon-Socket-Head-Cap-Bolt-DIN-912-Featured-Image-12x12.jpg 12w, https:\/\/quantongfastener.com\/wp-content\/uploads\/2025\/07\/Hexagon-Socket-Head-Cap-Bolt-DIN-912-Featured-Image-600x600.jpg 600w, https:\/\/quantongfastener.com\/wp-content\/uploads\/2025\/07\/Hexagon-Socket-Head-Cap-Bolt-DIN-912-Featured-Image-100x100.jpg 100w\" sizes=\"(max-width: 610px) 100vw, 610px\" \/><\/p>\n<div class=\"fl-col-group fl-node-5e129fced28ee fl-col-group-nested\" data-node=\"5e129fced28ee\">\n<div class=\"fl-col fl-node-5e129fced2f9b\" data-node=\"5e129fced2f9b\">\n<div class=\"fl-col-content fl-node-content\">\n<div class=\"fl-module fl-module-rich-text fl-node-5e129fd86e0dd\" data-node=\"5e129fd86e0dd\" data-animation-delay=\"0.0\">\n<div class=\"fl-module-content fl-node-content\">\n<div class=\"fl-rich-text\">\n<p style=\"text-align: center;\">Grade12.9 DIN 912 VIS<\/p>\n<\/div>\n<\/div>\n<\/div>\n<\/div>\n<\/div>\n<\/div>\n<div class=\"fl-module fl-module-rich-text fl-node-5e3a8188170ca\" data-node=\"5e3a8188170ca\" data-animation-delay=\"0.0\">\n<div class=\"fl-module-content fl-node-content\">\n<div class=\"fl-rich-text\">\n<p>Les boulons hexagonaux sont class\u00e9s en boulons ordinaires et boulons \u00e0 haute r\u00e9sistance en fonction de leur r\u00e9sistance. Les boulons hexagonaux ordinaires sont de grade 4.8, les boulons hexagonaux \u00e0 haute r\u00e9sistance sont de grade 8.8 ou plus, y compris les grades 10.9 et 12.9. Les boulons hexagonaux de grade 12.9 se r\u00e9f\u00e8rent g\u00e9n\u00e9ralement \u00e0 des vis \u00e0 t\u00eate hexagonale molet\u00e9e, de couleur noire et huil\u00e9e.<\/p>\n<p><img loading=\"lazy\" decoding=\"async\" class=\"alignnone size-full wp-image-990\" src=\"https:\/\/quantongfastener.com\/wp-content\/uploads\/2025\/07\/Hexagon-Socket-Head-Cap-Bolt-DIN-912-5.jpg\" alt=\"\" width=\"610\" height=\"610\" srcset=\"https:\/\/quantongfastener.com\/wp-content\/uploads\/2025\/07\/Hexagon-Socket-Head-Cap-Bolt-DIN-912-5.jpg 610w, https:\/\/quantongfastener.com\/wp-content\/uploads\/2025\/07\/Hexagon-Socket-Head-Cap-Bolt-DIN-912-5-300x300.jpg 300w, https:\/\/quantongfastener.com\/wp-content\/uploads\/2025\/07\/Hexagon-Socket-Head-Cap-Bolt-DIN-912-5-150x150.jpg 150w, https:\/\/quantongfastener.com\/wp-content\/uploads\/2025\/07\/Hexagon-Socket-Head-Cap-Bolt-DIN-912-5-12x12.jpg 12w, https:\/\/quantongfastener.com\/wp-content\/uploads\/2025\/07\/Hexagon-Socket-Head-Cap-Bolt-DIN-912-5-600x600.jpg 600w, https:\/\/quantongfastener.com\/wp-content\/uploads\/2025\/07\/Hexagon-Socket-Head-Cap-Bolt-DIN-912-5-100x100.jpg 100w\" sizes=\"(max-width: 610px) 100vw, 610px\" \/><\/p>\n<p>Les vis hexagonales sont largement utilis\u00e9es, qu'il s'agisse de petites pi\u00e8ces de quincaillerie ou de petits produits \u00e9lectroniques et \u00e9lectriques. Les produits d'\u00e9quipement m\u00e9canique, les voitures, les bateaux, les canons d'avion. En bref, les vis hexagonales sont principalement utilis\u00e9es dans les domaines de l'\u00e9lectronique, des appareils \u00e9lectriques, de l'\u00e9lectricit\u00e9, des produits chimiques, de la conservation de l'eau, des machines et \u00e9quipements, du mobilier et d'autres domaines.<\/p>\n<div class=\"fl-row fl-row-full-width fl-row-bg-none fl-node-5e0ea67699aed\" data-node=\"5e0ea67699aed\">\n<div class=\"fl-row-content-wrap\">\n<div class=\"fl-row-content fl-row-full-width fl-node-content\">\n<div class=\"fl-col-group fl-node-5e0ea6769a03a\" data-node=\"5e0ea6769a03a\">\n<div class=\"fl-col fl-node-5e0ea6769a081\" data-node=\"5e0ea6769a081\">\n<div class=\"fl-col-content fl-node-content\">\n<div class=\"fl-module fl-module-rich-text fl-node-5e0ea6769a0c4\" data-node=\"5e0ea6769a0c4\" data-animation-delay=\"0.0\">\n<div class=\"fl-module-content fl-node-content\">\n<div class=\"fl-rich-text\">\n<p><span style=\"color: #000000;\"><strong>Avantages du produit :<\/strong><\/span><\/p>\n<\/div>\n<\/div>\n<\/div>\n<\/div>\n<\/div>\n<\/div>\n<\/div>\n<\/div>\n<\/div>\n<div class=\"fl-row fl-row-full-width fl-row-bg-none fl-node-5e0ea9493a935\" data-node=\"5e0ea9493a935\">\n<div class=\"fl-row-content-wrap\">\n<div class=\"fl-row-content fl-row-full-width fl-node-content\">\n<div class=\"fl-col-group fl-node-5e0ea949452c6\" data-node=\"5e0ea949452c6\">\n<div class=\"fl-col fl-node-5e0ea94945770\" data-node=\"5e0ea94945770\">\n<div class=\"fl-col-content fl-node-content\">\n<div class=\"fl-module fl-module-rich-text fl-node-5e0462f895f7f\" data-node=\"5e0462f895f7f\" data-animation-delay=\"0.0\">\n<div class=\"fl-module-content fl-node-content\">\n<div class=\"fl-rich-text\">\n<ol>\n<li><strong>Usinage de pr\u00e9cision<\/strong><\/li>\n<\/ol>\n<p align=\"justify\">\u2606 Mesurer et traiter \u00e0 l'aide de machines-outils de pr\u00e9cision et d'outils de mesure dans des conditions environnementales strictement contr\u00f4l\u00e9es.<\/p>\n<ol>\n<li><strong>Acier au carbone de haute qualit\u00e9 (35#\/45#)<\/strong><\/li>\n<\/ol>\n<p align=\"justify\">\u2606 Longue dur\u00e9e de vie, faible production de chaleur, grande duret\u00e9, grande rigidit\u00e9, faible bruit, grande r\u00e9sistance \u00e0 l'usure et autres caract\u00e9ristiques.<\/p>\n<ol>\n<li><strong>Rentabilit\u00e9<\/strong><\/li>\n<\/ol>\n<p align=\"justify\">\u2606 L'utilisation d'acier au carbone de haute qualit\u00e9, apr\u00e8s un traitement et un formage de pr\u00e9cision, am\u00e9liore consid\u00e9rablement l'exp\u00e9rience de l'utilisateur.<\/p>\n<p>Traitement de surface :<br \/>\nNOIR<br \/>\nLe noir est une m\u00e9thode courante de traitement thermique des m\u00e9taux. Le principe est de cr\u00e9er un film d'oxyde sur la surface du m\u00e9tal pour isoler l'air et pr\u00e9venir la rouille. Le noircissement est une m\u00e9thode courante de traitement thermique des m\u00e9taux. Le principe consiste \u00e0 cr\u00e9er un film d'oxyde sur la surface du m\u00e9tal afin d'isoler l'air et de pr\u00e9venir la rouille.<\/p>\n<p>ZINC<br \/>\n\u2606 L'\u00e9lectro-galvanisation est une technologie traditionnelle de traitement des rev\u00eatements m\u00e9talliques qui conf\u00e8re aux surfaces m\u00e9talliques une r\u00e9sistance de base \u00e0 la corrosion. Les principaux avantages sont une bonne soudabilit\u00e9 et une r\u00e9sistance de contact adapt\u00e9e. En raison de ses bonnes propri\u00e9t\u00e9s de lubrification, le cadmiage est couramment utilis\u00e9 dans l'aviation, l'a\u00e9rospatiale, la marine et les produits radio et \u00e9lectroniques. La couche de placage prot\u00e8ge le substrat d'acier \u00e0 la fois contre la protection m\u00e9canique et chimique, de sorte que sa r\u00e9sistance \u00e0 la corrosion est bien meilleure que celle du placage de zinc.<\/p>\n<p>HDG<br \/>\nLes principaux avantages sont une bonne soudabilit\u00e9 et une r\u00e9sistance de contact appropri\u00e9e. En raison de ses bonnes propri\u00e9t\u00e9s de lubrification, le cadmiage est couramment utilis\u00e9 dans l'aviation, l'a\u00e9rospatiale, la marine et les produits radio et \u00e9lectroniques. La couche de placage prot\u00e8ge le substrat d'acier \u00e0 la fois contre la protection m\u00e9canique et chimique, de sorte que sa r\u00e9sistance \u00e0 la corrosion est bien meilleure que celle du zingage. Le zinc par immersion \u00e0 chaud pr\u00e9sente une bonne r\u00e9sistance \u00e0 la corrosion, une protection sacrificielle des substrats en acier, une grande r\u00e9sistance aux intemp\u00e9ries et \u00e0 l'\u00e9rosion par l'eau sal\u00e9e. Il convient aux usines chimiques, aux raffineries et aux plates-formes d'exploitation c\u00f4ti\u00e8res et offshore.<\/p>\n<p>Param\u00e8tre du produit :<\/p>\n<p><img loading=\"lazy\" decoding=\"async\" class=\"alignnone size-full wp-image-981\" src=\"https:\/\/quantongfastener.com\/wp-content\/uploads\/2025\/07\/xq01.png\" alt=\"\" width=\"663\" height=\"789\" srcset=\"https:\/\/quantongfastener.com\/wp-content\/uploads\/2025\/07\/xq01.png 663w, https:\/\/quantongfastener.com\/wp-content\/uploads\/2025\/07\/xq01-252x300.png 252w, https:\/\/quantongfastener.com\/wp-content\/uploads\/2025\/07\/xq01-10x12.png 10w, https:\/\/quantongfastener.com\/wp-content\/uploads\/2025\/07\/xq01-600x714.png 600w\" sizes=\"(max-width: 663px) 100vw, 663px\" \/><\/p>\n<p>NOTRE PAQUET :<br \/>\n1. Sacs de 25 kg ou de 50 kg.<br \/>\n2. sacs avec palette.<br \/>\n3. Cartons de 25 kg ou cartons avec palette.<br \/>\n4. Emballage selon la demande du client<\/p>\n<p><img loading=\"lazy\" decoding=\"async\" class=\"alignnone size-full wp-image-982\" src=\"https:\/\/quantongfastener.com\/wp-content\/uploads\/2025\/07\/1751611855653.png\" alt=\"\" width=\"1001\" height=\"227\" srcset=\"https:\/\/quantongfastener.com\/wp-content\/uploads\/2025\/07\/1751611855653.png 1001w, https:\/\/quantongfastener.com\/wp-content\/uploads\/2025\/07\/1751611855653-300x68.png 300w, https:\/\/quantongfastener.com\/wp-content\/uploads\/2025\/07\/1751611855653-768x174.png 768w, https:\/\/quantongfastener.com\/wp-content\/uploads\/2025\/07\/1751611855653-18x4.png 18w, https:\/\/quantongfastener.com\/wp-content\/uploads\/2025\/07\/1751611855653-600x136.png 600w\" sizes=\"(max-width: 1001px) 100vw, 1001px\" \/><\/p>\n<\/div>\n<\/div>\n<\/div>\n<\/div>\n<\/div>\n<\/div>\n<\/div>\n<\/div>\n<\/div>\n<\/div>\n<\/div>\n<\/div>","protected":false},"excerpt":{"rendered":"<p>PRIX EXW : 720USD-910USD\/TONNE<\/p>\n<p>Quantit\u00e9 minimale de commande : 2 tonnes<\/p>\n<p>EMBALLAGE : SAC\/BO\u00ceTE AVEC PALETTE<\/p>\n<p>PORT:TIANJIN\/QINGDAO\/SHANGHAI\/NINGBO<\/p>\n<p>LIVRAISON : 5-30 JOURS SUR QTY<\/p>\n<p>PAIEMENT : T\/T\/LC<\/p>\n<p>Capacit\u00e9 d'approvisionnement : 500 TONNES PAR MOIS<\/p>","protected":false},"featured_media":985,"template":"","meta":{"_kad_post_transparent":"default","_kad_post_title":"","_kad_post_layout":"default","_kad_post_sidebar_id":"","_kad_post_content_style":"default","_kad_post_vertical_padding":"default","_kad_post_feature":"","_kad_post_feature_position":"","_kad_post_header":false,"_kad_post_footer":false},"product_brand":[],"product_cat":[34],"product_tag":[],"class_list":{"0":"post-984","1":"product","2":"type-product","3":"status-publish","4":"has-post-thumbnail","6":"product_cat-hexagon-socket-bolts","8":"first","9":"instock","10":"shipping-taxable","11":"product-type-simple","12":"entry","13":"content-bg","14":"loop-entry"},"yoast_head":"<!-- This site is optimized with the Yoast SEO plugin v27.4 - https:\/\/yoast.com\/product\/yoast-seo-wordpress\/ -->\n<title>Hexagon Socket Head Cap Bolt DIN 912 - Quantong Fastener<\/title>\n<meta name=\"robots\" content=\"index, follow, max-snippet:-1, max-image-preview:large, max-video-preview:-1\" \/>\n<link rel=\"canonical\" href=\"https:\/\/quantongfastener.com\/fr\/produit\/hexagon-socket-head-cap-bolt-din-912\/\" \/>\n<meta property=\"og:locale\" content=\"fr_FR\" \/>\n<meta property=\"og:type\" content=\"article\" \/>\n<meta property=\"og:title\" content=\"Hexagon Socket Head Cap Bolt DIN 912 - Quantong Fastener\" \/>\n<meta property=\"og:description\" content=\"EXW PRICE : 720USD-910USD\/TON  Min.Order Quantity:2TONS  PACKAGING:BAG\/BOX WITH PALLET  PORT:TIANJIN\/QINGDAO\/SHANGHAI\/NINGBO  DELIVERY:5-30DAYS ON QTY  PAYMENT:T\/T\/LC  Supply Ability:500 TON PER MONTH\" \/>\n<meta property=\"og:url\" content=\"https:\/\/quantongfastener.com\/fr\/produit\/hexagon-socket-head-cap-bolt-din-912\/\" \/>\n<meta property=\"og:site_name\" content=\"Quantong Fastener\" \/>\n<meta property=\"og:image\" content=\"https:\/\/quantongfastener.com\/wp-content\/uploads\/2025\/07\/Hexagon-Socket-Head-Cap-Bolt-DIN-912-2.jpg\" \/>\n\t<meta property=\"og:image:width\" content=\"610\" \/>\n\t<meta property=\"og:image:height\" content=\"610\" \/>\n\t<meta property=\"og:image:type\" content=\"image\/jpeg\" \/>\n<meta name=\"twitter:card\" content=\"summary_large_image\" \/>\n<meta name=\"twitter:label1\" content=\"Dur\u00e9e de lecture estim\u00e9e\" \/>\n\t<meta name=\"twitter:data1\" content=\"4 minutes\" \/>\n<script type=\"application\/ld+json\" class=\"yoast-schema-graph\">{\"@context\":\"https:\\\/\\\/schema.org\",\"@graph\":[{\"@type\":\"WebPage\",\"@id\":\"https:\\\/\\\/quantongfastener.com\\\/product\\\/hexagon-socket-head-cap-bolt-din-912\\\/\",\"url\":\"https:\\\/\\\/quantongfastener.com\\\/product\\\/hexagon-socket-head-cap-bolt-din-912\\\/\",\"name\":\"Hexagon Socket Head Cap Bolt DIN 912 - Quantong Fastener\",\"isPartOf\":{\"@id\":\"https:\\\/\\\/quantongfastener.com\\\/#website\"},\"primaryImageOfPage\":{\"@id\":\"https:\\\/\\\/quantongfastener.com\\\/product\\\/hexagon-socket-head-cap-bolt-din-912\\\/#primaryimage\"},\"image\":{\"@id\":\"https:\\\/\\\/quantongfastener.com\\\/product\\\/hexagon-socket-head-cap-bolt-din-912\\\/#primaryimage\"},\"thumbnailUrl\":\"https:\\\/\\\/quantongfastener.com\\\/wp-content\\\/uploads\\\/2025\\\/07\\\/Hexagon-Socket-Head-Cap-Bolt-DIN-912-2.jpg\",\"datePublished\":\"2025-07-04T07:07:06+00:00\",\"breadcrumb\":{\"@id\":\"https:\\\/\\\/quantongfastener.com\\\/product\\\/hexagon-socket-head-cap-bolt-din-912\\\/#breadcrumb\"},\"inLanguage\":\"fr-FR\",\"potentialAction\":[{\"@type\":\"ReadAction\",\"target\":[\"https:\\\/\\\/quantongfastener.com\\\/product\\\/hexagon-socket-head-cap-bolt-din-912\\\/\"]}]},{\"@type\":\"ImageObject\",\"inLanguage\":\"fr-FR\",\"@id\":\"https:\\\/\\\/quantongfastener.com\\\/product\\\/hexagon-socket-head-cap-bolt-din-912\\\/#primaryimage\",\"url\":\"https:\\\/\\\/quantongfastener.com\\\/wp-content\\\/uploads\\\/2025\\\/07\\\/Hexagon-Socket-Head-Cap-Bolt-DIN-912-2.jpg\",\"contentUrl\":\"https:\\\/\\\/quantongfastener.com\\\/wp-content\\\/uploads\\\/2025\\\/07\\\/Hexagon-Socket-Head-Cap-Bolt-DIN-912-2.jpg\",\"width\":610,\"height\":610},{\"@type\":\"BreadcrumbList\",\"@id\":\"https:\\\/\\\/quantongfastener.com\\\/product\\\/hexagon-socket-head-cap-bolt-din-912\\\/#breadcrumb\",\"itemListElement\":[{\"@type\":\"ListItem\",\"position\":1,\"name\":\"Home\",\"item\":\"https:\\\/\\\/quantongfastener.com\\\/\"},{\"@type\":\"ListItem\",\"position\":2,\"name\":\"Products\",\"item\":\"https:\\\/\\\/quantongfastener.com\\\/products\\\/\"},{\"@type\":\"ListItem\",\"position\":3,\"name\":\"Hexagon Socket Head Cap Bolt DIN 912\"}]},{\"@type\":\"WebSite\",\"@id\":\"https:\\\/\\\/quantongfastener.com\\\/#website\",\"url\":\"https:\\\/\\\/quantongfastener.com\\\/\",\"name\":\"Quantong Fastener\",\"description\":\"\",\"publisher\":{\"@id\":\"https:\\\/\\\/quantongfastener.com\\\/#organization\"},\"potentialAction\":[{\"@type\":\"SearchAction\",\"target\":{\"@type\":\"EntryPoint\",\"urlTemplate\":\"https:\\\/\\\/quantongfastener.com\\\/?s={search_term_string}\"},\"query-input\":{\"@type\":\"PropertyValueSpecification\",\"valueRequired\":true,\"valueName\":\"search_term_string\"}}],\"inLanguage\":\"fr-FR\"},{\"@type\":\"Organization\",\"@id\":\"https:\\\/\\\/quantongfastener.com\\\/#organization\",\"name\":\"Quantong Fastener\",\"url\":\"https:\\\/\\\/quantongfastener.com\\\/\",\"logo\":{\"@type\":\"ImageObject\",\"inLanguage\":\"fr-FR\",\"@id\":\"https:\\\/\\\/quantongfastener.com\\\/#\\\/schema\\\/logo\\\/image\\\/\",\"url\":\"https:\\\/\\\/quantongfastener.com\\\/wp-content\\\/uploads\\\/2025\\\/07\\\/logo.jpg\",\"contentUrl\":\"https:\\\/\\\/quantongfastener.com\\\/wp-content\\\/uploads\\\/2025\\\/07\\\/logo.jpg\",\"width\":425,\"height\":424,\"caption\":\"Quantong Fastener\"},\"image\":{\"@id\":\"https:\\\/\\\/quantongfastener.com\\\/#\\\/schema\\\/logo\\\/image\\\/\"}}]}<\/script>\n<!-- \/ Yoast SEO plugin. -->","yoast_head_json":{"title":"Hexagon Socket Head Cap Bolt DIN 912 - Quantong Fastener","robots":{"index":"index","follow":"follow","max-snippet":"max-snippet:-1","max-image-preview":"max-image-preview:large","max-video-preview":"max-video-preview:-1"},"canonical":"https:\/\/quantongfastener.com\/fr\/produit\/hexagon-socket-head-cap-bolt-din-912\/","og_locale":"fr_FR","og_type":"article","og_title":"Hexagon Socket Head Cap Bolt DIN 912 - Quantong Fastener","og_description":"EXW PRICE : 720USD-910USD\/TON  Min.Order Quantity:2TONS  PACKAGING:BAG\/BOX WITH PALLET  PORT:TIANJIN\/QINGDAO\/SHANGHAI\/NINGBO  DELIVERY:5-30DAYS ON QTY  PAYMENT:T\/T\/LC  Supply Ability:500 TON PER MONTH","og_url":"https:\/\/quantongfastener.com\/fr\/produit\/hexagon-socket-head-cap-bolt-din-912\/","og_site_name":"Quantong Fastener","og_image":[{"width":610,"height":610,"url":"https:\/\/quantongfastener.com\/wp-content\/uploads\/2025\/07\/Hexagon-Socket-Head-Cap-Bolt-DIN-912-2.jpg","type":"image\/jpeg"}],"twitter_card":"summary_large_image","twitter_misc":{"Dur\u00e9e de lecture estim\u00e9e":"4 minutes"},"schema":{"@context":"https:\/\/schema.org","@graph":[{"@type":"WebPage","@id":"https:\/\/quantongfastener.com\/product\/hexagon-socket-head-cap-bolt-din-912\/","url":"https:\/\/quantongfastener.com\/product\/hexagon-socket-head-cap-bolt-din-912\/","name":"Hexagon Socket Head Cap Bolt DIN 912 - Quantong Fastener","isPartOf":{"@id":"https:\/\/quantongfastener.com\/#website"},"primaryImageOfPage":{"@id":"https:\/\/quantongfastener.com\/product\/hexagon-socket-head-cap-bolt-din-912\/#primaryimage"},"image":{"@id":"https:\/\/quantongfastener.com\/product\/hexagon-socket-head-cap-bolt-din-912\/#primaryimage"},"thumbnailUrl":"https:\/\/quantongfastener.com\/wp-content\/uploads\/2025\/07\/Hexagon-Socket-Head-Cap-Bolt-DIN-912-2.jpg","datePublished":"2025-07-04T07:07:06+00:00","breadcrumb":{"@id":"https:\/\/quantongfastener.com\/product\/hexagon-socket-head-cap-bolt-din-912\/#breadcrumb"},"inLanguage":"fr-FR","potentialAction":[{"@type":"ReadAction","target":["https:\/\/quantongfastener.com\/product\/hexagon-socket-head-cap-bolt-din-912\/"]}]},{"@type":"ImageObject","inLanguage":"fr-FR","@id":"https:\/\/quantongfastener.com\/product\/hexagon-socket-head-cap-bolt-din-912\/#primaryimage","url":"https:\/\/quantongfastener.com\/wp-content\/uploads\/2025\/07\/Hexagon-Socket-Head-Cap-Bolt-DIN-912-2.jpg","contentUrl":"https:\/\/quantongfastener.com\/wp-content\/uploads\/2025\/07\/Hexagon-Socket-Head-Cap-Bolt-DIN-912-2.jpg","width":610,"height":610},{"@type":"BreadcrumbList","@id":"https:\/\/quantongfastener.com\/product\/hexagon-socket-head-cap-bolt-din-912\/#breadcrumb","itemListElement":[{"@type":"ListItem","position":1,"name":"Home","item":"https:\/\/quantongfastener.com\/"},{"@type":"ListItem","position":2,"name":"Products","item":"https:\/\/quantongfastener.com\/products\/"},{"@type":"ListItem","position":3,"name":"Hexagon Socket Head Cap Bolt DIN 912"}]},{"@type":"WebSite","@id":"https:\/\/quantongfastener.com\/#website","url":"https:\/\/quantongfastener.com\/","name":"Attache Quantong","description":"","publisher":{"@id":"https:\/\/quantongfastener.com\/#organization"},"potentialAction":[{"@type":"SearchAction","target":{"@type":"EntryPoint","urlTemplate":"https:\/\/quantongfastener.com\/?s={search_term_string}"},"query-input":{"@type":"PropertyValueSpecification","valueRequired":true,"valueName":"search_term_string"}}],"inLanguage":"fr-FR"},{"@type":"Organization","@id":"https:\/\/quantongfastener.com\/#organization","name":"Attache Quantong","url":"https:\/\/quantongfastener.com\/","logo":{"@type":"ImageObject","inLanguage":"fr-FR","@id":"https:\/\/quantongfastener.com\/#\/schema\/logo\/image\/","url":"https:\/\/quantongfastener.com\/wp-content\/uploads\/2025\/07\/logo.jpg","contentUrl":"https:\/\/quantongfastener.com\/wp-content\/uploads\/2025\/07\/logo.jpg","width":425,"height":424,"caption":"Quantong Fastener"},"image":{"@id":"https:\/\/quantongfastener.com\/#\/schema\/logo\/image\/"}}]}},"_links":{"self":[{"href":"https:\/\/quantongfastener.com\/fr\/wp-json\/wp\/v2\/product\/984","targetHints":{"allow":["GET"]}}],"collection":[{"href":"https:\/\/quantongfastener.com\/fr\/wp-json\/wp\/v2\/product"}],"about":[{"href":"https:\/\/quantongfastener.com\/fr\/wp-json\/wp\/v2\/types\/product"}],"wp:featuredmedia":[{"embeddable":true,"href":"https:\/\/quantongfastener.com\/fr\/wp-json\/wp\/v2\/media\/985"}],"wp:attachment":[{"href":"https:\/\/quantongfastener.com\/fr\/wp-json\/wp\/v2\/media?parent=984"}],"wp:term":[{"taxonomy":"product_brand","embeddable":true,"href":"https:\/\/quantongfastener.com\/fr\/wp-json\/wp\/v2\/product_brand?post=984"},{"taxonomy":"product_cat","embeddable":true,"href":"https:\/\/quantongfastener.com\/fr\/wp-json\/wp\/v2\/product_cat?post=984"},{"taxonomy":"product_tag","embeddable":true,"href":"https:\/\/quantongfastener.com\/fr\/wp-json\/wp\/v2\/product_tag?post=984"}],"curies":[{"name":"wp","href":"https:\/\/api.w.org\/{rel}","templated":true}]}}