{"id":3028,"date":"2025-08-10T16:09:03","date_gmt":"2025-08-10T16:09:03","guid":{"rendered":"https:\/\/quantongfastener.com\/?post_type=product&#038;p=3028"},"modified":"2025-08-31T04:56:01","modified_gmt":"2025-08-31T04:56:01","slug":"copper-brass-iso7380-hex-socket-button-head-security-cap-screw-bolt-2","status":"publish","type":"product","link":"https:\/\/quantongfastener.com\/fr\/produit\/copper-brass-iso7380-hex-socket-button-head-security-cap-screw-bolt-2\/","title":{"rendered":"Cuivre Laiton ISO7380 Boulon \u00e0 t\u00eate hexagonale \u00e0 bouton de s\u00e9curit\u00e9"},"content":{"rendered":"<p><img fetchpriority=\"high\" decoding=\"async\" class=\"alignnone size-full wp-image-3034\" src=\"https:\/\/quantongfastener.com\/wp-content\/uploads\/2025\/08\/Copper-Brass-ISO7380-Hex-Socket-Button-Head-Security-Cap-Screw-Bolt.jpg\" alt=\"\" width=\"610\" height=\"610\" srcset=\"https:\/\/quantongfastener.com\/wp-content\/uploads\/2025\/08\/Copper-Brass-ISO7380-Hex-Socket-Button-Head-Security-Cap-Screw-Bolt.jpg 610w, https:\/\/quantongfastener.com\/wp-content\/uploads\/2025\/08\/Copper-Brass-ISO7380-Hex-Socket-Button-Head-Security-Cap-Screw-Bolt-300x300.jpg 300w, https:\/\/quantongfastener.com\/wp-content\/uploads\/2025\/08\/Copper-Brass-ISO7380-Hex-Socket-Button-Head-Security-Cap-Screw-Bolt-150x150.jpg 150w, https:\/\/quantongfastener.com\/wp-content\/uploads\/2025\/08\/Copper-Brass-ISO7380-Hex-Socket-Button-Head-Security-Cap-Screw-Bolt-12x12.jpg 12w, https:\/\/quantongfastener.com\/wp-content\/uploads\/2025\/08\/Copper-Brass-ISO7380-Hex-Socket-Button-Head-Security-Cap-Screw-Bolt-600x600.jpg 600w, https:\/\/quantongfastener.com\/wp-content\/uploads\/2025\/08\/Copper-Brass-ISO7380-Hex-Socket-Button-Head-Security-Cap-Screw-Bolt-100x100.jpg 100w\" sizes=\"(max-width: 610px) 100vw, 610px\" \/> <img decoding=\"async\" class=\"alignnone size-full wp-image-3033\" src=\"https:\/\/quantongfastener.com\/wp-content\/uploads\/2025\/08\/Copper-Brass-ISO7380-Hex-Socket-Button-Head-Security-Cap-Screw-Bolt-5.jpg\" alt=\"\" width=\"610\" height=\"610\" srcset=\"https:\/\/quantongfastener.com\/wp-content\/uploads\/2025\/08\/Copper-Brass-ISO7380-Hex-Socket-Button-Head-Security-Cap-Screw-Bolt-5.jpg 610w, https:\/\/quantongfastener.com\/wp-content\/uploads\/2025\/08\/Copper-Brass-ISO7380-Hex-Socket-Button-Head-Security-Cap-Screw-Bolt-5-300x300.jpg 300w, https:\/\/quantongfastener.com\/wp-content\/uploads\/2025\/08\/Copper-Brass-ISO7380-Hex-Socket-Button-Head-Security-Cap-Screw-Bolt-5-150x150.jpg 150w, https:\/\/quantongfastener.com\/wp-content\/uploads\/2025\/08\/Copper-Brass-ISO7380-Hex-Socket-Button-Head-Security-Cap-Screw-Bolt-5-12x12.jpg 12w, https:\/\/quantongfastener.com\/wp-content\/uploads\/2025\/08\/Copper-Brass-ISO7380-Hex-Socket-Button-Head-Security-Cap-Screw-Bolt-5-600x600.jpg 600w, https:\/\/quantongfastener.com\/wp-content\/uploads\/2025\/08\/Copper-Brass-ISO7380-Hex-Socket-Button-Head-Security-Cap-Screw-Bolt-5-100x100.jpg 100w\" sizes=\"(max-width: 610px) 100vw, 610px\" \/> <img decoding=\"async\" class=\"alignnone size-full wp-image-3032\" src=\"https:\/\/quantongfastener.com\/wp-content\/uploads\/2025\/08\/Copper-Brass-ISO7380-Hex-Socket-Button-Head-Security-Cap-Screw-Bolt-4.jpg\" alt=\"\" width=\"610\" height=\"610\" srcset=\"https:\/\/quantongfastener.com\/wp-content\/uploads\/2025\/08\/Copper-Brass-ISO7380-Hex-Socket-Button-Head-Security-Cap-Screw-Bolt-4.jpg 610w, https:\/\/quantongfastener.com\/wp-content\/uploads\/2025\/08\/Copper-Brass-ISO7380-Hex-Socket-Button-Head-Security-Cap-Screw-Bolt-4-300x300.jpg 300w, https:\/\/quantongfastener.com\/wp-content\/uploads\/2025\/08\/Copper-Brass-ISO7380-Hex-Socket-Button-Head-Security-Cap-Screw-Bolt-4-150x150.jpg 150w, https:\/\/quantongfastener.com\/wp-content\/uploads\/2025\/08\/Copper-Brass-ISO7380-Hex-Socket-Button-Head-Security-Cap-Screw-Bolt-4-12x12.jpg 12w, https:\/\/quantongfastener.com\/wp-content\/uploads\/2025\/08\/Copper-Brass-ISO7380-Hex-Socket-Button-Head-Security-Cap-Screw-Bolt-4-600x600.jpg 600w, https:\/\/quantongfastener.com\/wp-content\/uploads\/2025\/08\/Copper-Brass-ISO7380-Hex-Socket-Button-Head-Security-Cap-Screw-Bolt-4-100x100.jpg 100w\" sizes=\"(max-width: 610px) 100vw, 610px\" \/> <img loading=\"lazy\" decoding=\"async\" class=\"alignnone size-full wp-image-3031\" src=\"https:\/\/quantongfastener.com\/wp-content\/uploads\/2025\/08\/Copper-Brass-ISO7380-Hex-Socket-Button-Head-Security-Cap-Screw-Bolt-3.jpg\" alt=\"\" width=\"610\" height=\"610\" srcset=\"https:\/\/quantongfastener.com\/wp-content\/uploads\/2025\/08\/Copper-Brass-ISO7380-Hex-Socket-Button-Head-Security-Cap-Screw-Bolt-3.jpg 610w, https:\/\/quantongfastener.com\/wp-content\/uploads\/2025\/08\/Copper-Brass-ISO7380-Hex-Socket-Button-Head-Security-Cap-Screw-Bolt-3-300x300.jpg 300w, https:\/\/quantongfastener.com\/wp-content\/uploads\/2025\/08\/Copper-Brass-ISO7380-Hex-Socket-Button-Head-Security-Cap-Screw-Bolt-3-150x150.jpg 150w, https:\/\/quantongfastener.com\/wp-content\/uploads\/2025\/08\/Copper-Brass-ISO7380-Hex-Socket-Button-Head-Security-Cap-Screw-Bolt-3-12x12.jpg 12w, https:\/\/quantongfastener.com\/wp-content\/uploads\/2025\/08\/Copper-Brass-ISO7380-Hex-Socket-Button-Head-Security-Cap-Screw-Bolt-3-600x600.jpg 600w, https:\/\/quantongfastener.com\/wp-content\/uploads\/2025\/08\/Copper-Brass-ISO7380-Hex-Socket-Button-Head-Security-Cap-Screw-Bolt-3-100x100.jpg 100w\" sizes=\"(max-width: 610px) 100vw, 610px\" \/><\/p>","protected":false},"excerpt":{"rendered":"<p>PRIX EXW : 720USD-910USD\/TONNE<br \/>\nQuantit\u00e9 minimale de commande : 2 tonnes<br \/>\nEMBALLAGE : SAC\/BO\u00ceTE AVEC PALETTE<br \/>\nPORT:TIANJIN\/QINGDAO\/SHANGHAI\/NINGBO<br \/>\nLIVRAISON : 5-30 JOURS SUR QTY<br \/>\nPAIEMENT : T\/T\/LC<br \/>\nCapacit\u00e9 d'approvisionnement : 500 TONNES PAR MOIS<\/p>\n<p>&nbsp;<\/p>\n<ul>\n<li><em>Prix FOB :<\/em>US $0.5 - 9 999 \/ Pi\u00e8ce<\/li>\n<li><em>Quantit\u00e9 minimale de commande :<\/em>100 pi\u00e8ces\/pi\u00e8ces<\/li>\n<li><em>Capacit\u00e9 d'approvisionnement :<\/em>10000 pi\u00e8ces par mois<\/li>\n<li><em>Traitement de surface :<\/em>Normal,Zingu\u00e9(ZP),GALVANIS\u00c9,HDG,Galvanis\u00e9 \u00e0 chaud,Dacromet<\/li>\n<li><em>Mat\u00e9riau :<\/em>Acier au carbone \/ Acier alli\u00e9 \/ Acier inoxydable \/ Laiton \/ Cuivre<\/li>\n<li><em>Standard :<\/em>DIN \/ GB \/ UNC \/ BSW \/JIS etc.<\/li>\n<li><em>Certificat :<\/em>ISO9001 ISO14001 ISO45001 SGS<\/li>\n<li><em>Grade :<\/em>4,8 8,8 10,9 12,9 A2-70 A4-70 A4-80 etc.<\/li>\n<\/ul>","protected":false},"featured_media":3030,"template":"","meta":{"_kad_post_transparent":"default","_kad_post_title":"","_kad_post_layout":"default","_kad_post_sidebar_id":"","_kad_post_content_style":"default","_kad_post_vertical_padding":"default","_kad_post_feature":"","_kad_post_feature_position":"","_kad_post_header":false,"_kad_post_footer":false},"product_brand":[],"product_cat":[34,46],"product_tag":[],"class_list":{"0":"post-3028","1":"product","2":"type-product","3":"status-publish","4":"has-post-thumbnail","6":"product_cat-hexagon-socket-bolts","7":"product_cat-iso-7380-hex-socket-button-head-bolt","9":"first","10":"instock","11":"shipping-taxable","12":"product-type-simple","13":"entry","14":"content-bg","15":"loop-entry"},"yoast_head":"<!-- This site is optimized with the Yoast SEO plugin v27.4 - https:\/\/yoast.com\/product\/yoast-seo-wordpress\/ -->\n<title>Copper Brass ISO7380 Hex Socket Button Head Security Cap Screw Bolt - Quantong Fastener<\/title>\n<meta name=\"robots\" content=\"index, follow, max-snippet:-1, max-image-preview:large, max-video-preview:-1\" \/>\n<link rel=\"canonical\" href=\"https:\/\/quantongfastener.com\/fr\/produit\/copper-brass-iso7380-hex-socket-button-head-security-cap-screw-bolt-2\/\" \/>\n<meta property=\"og:locale\" content=\"fr_FR\" \/>\n<meta property=\"og:type\" content=\"article\" \/>\n<meta property=\"og:title\" content=\"Copper Brass ISO7380 Hex Socket Button Head Security Cap Screw Bolt - Quantong Fastener\" \/>\n<meta property=\"og:description\" content=\"EXW PRICE : 720USD-910USD\/TON Min.Order Quantity:2TONS PACKAGING:BAG\/BOX WITH PALLET PORT:TIANJIN\/QINGDAO\/SHANGHAI\/NINGBO DELIVERY:5-30DAYS ON QTY PAYMENT:T\/T\/LC Supply Ability:500 TON PER MONTH  &nbsp;   FOB Price:US $0.5 - 9,999 \/ Piece  Min.Order Quantity:100 Piece\/Pieces  Supply Ability:10000 Piece\/Pieces per Month  Surface treatment:Plain,Zinc Plated(ZP),GALVANIZED,HDG,Hot dip galvanized,Dacromet  Material:Carbon Steel \/ Alloy Steel \/ Stainless Steel \/ Brass \/ Copper  Standard:DIN \/ GB \/ UNC \/ BSW \/JIS etc.  Certificate:ISO9001 ISO14001 ISO45001 SGS  Grade:4.8 8.8 10.9 12.9 A2-70 A4-70 A4-80 etc.\" \/>\n<meta property=\"og:url\" content=\"https:\/\/quantongfastener.com\/fr\/produit\/copper-brass-iso7380-hex-socket-button-head-security-cap-screw-bolt-2\/\" \/>\n<meta property=\"og:site_name\" content=\"Quantong Fastener\" \/>\n<meta property=\"article:modified_time\" content=\"2025-08-31T04:56:01+00:00\" \/>\n<meta property=\"og:image\" content=\"https:\/\/quantongfastener.com\/wp-content\/uploads\/2025\/08\/Copper-Brass-ISO7380-Hex-Socket-Button-Head-Security-Cap-Screw-Bolt-2.jpg\" \/>\n\t<meta property=\"og:image:width\" content=\"610\" \/>\n\t<meta property=\"og:image:height\" content=\"610\" \/>\n\t<meta property=\"og:image:type\" content=\"image\/jpeg\" \/>\n<meta name=\"twitter:card\" content=\"summary_large_image\" \/>\n<meta name=\"twitter:label1\" content=\"Dur\u00e9e de lecture estim\u00e9e\" \/>\n\t<meta name=\"twitter:data1\" content=\"1 minute\" \/>\n<script type=\"application\/ld+json\" class=\"yoast-schema-graph\">{\"@context\":\"https:\\\/\\\/schema.org\",\"@graph\":[{\"@type\":\"WebPage\",\"@id\":\"https:\\\/\\\/quantongfastener.com\\\/product\\\/copper-brass-iso7380-hex-socket-button-head-security-cap-screw-bolt-2\\\/\",\"url\":\"https:\\\/\\\/quantongfastener.com\\\/product\\\/copper-brass-iso7380-hex-socket-button-head-security-cap-screw-bolt-2\\\/\",\"name\":\"Copper Brass ISO7380 Hex Socket Button Head Security Cap Screw Bolt - Quantong Fastener\",\"isPartOf\":{\"@id\":\"https:\\\/\\\/quantongfastener.com\\\/#website\"},\"primaryImageOfPage\":{\"@id\":\"https:\\\/\\\/quantongfastener.com\\\/product\\\/copper-brass-iso7380-hex-socket-button-head-security-cap-screw-bolt-2\\\/#primaryimage\"},\"image\":{\"@id\":\"https:\\\/\\\/quantongfastener.com\\\/product\\\/copper-brass-iso7380-hex-socket-button-head-security-cap-screw-bolt-2\\\/#primaryimage\"},\"thumbnailUrl\":\"https:\\\/\\\/quantongfastener.com\\\/wp-content\\\/uploads\\\/2025\\\/08\\\/Copper-Brass-ISO7380-Hex-Socket-Button-Head-Security-Cap-Screw-Bolt-2.jpg\",\"datePublished\":\"2025-08-10T16:09:03+00:00\",\"dateModified\":\"2025-08-31T04:56:01+00:00\",\"breadcrumb\":{\"@id\":\"https:\\\/\\\/quantongfastener.com\\\/product\\\/copper-brass-iso7380-hex-socket-button-head-security-cap-screw-bolt-2\\\/#breadcrumb\"},\"inLanguage\":\"fr-FR\",\"potentialAction\":[{\"@type\":\"ReadAction\",\"target\":[\"https:\\\/\\\/quantongfastener.com\\\/product\\\/copper-brass-iso7380-hex-socket-button-head-security-cap-screw-bolt-2\\\/\"]}]},{\"@type\":\"ImageObject\",\"inLanguage\":\"fr-FR\",\"@id\":\"https:\\\/\\\/quantongfastener.com\\\/product\\\/copper-brass-iso7380-hex-socket-button-head-security-cap-screw-bolt-2\\\/#primaryimage\",\"url\":\"https:\\\/\\\/quantongfastener.com\\\/wp-content\\\/uploads\\\/2025\\\/08\\\/Copper-Brass-ISO7380-Hex-Socket-Button-Head-Security-Cap-Screw-Bolt-2.jpg\",\"contentUrl\":\"https:\\\/\\\/quantongfastener.com\\\/wp-content\\\/uploads\\\/2025\\\/08\\\/Copper-Brass-ISO7380-Hex-Socket-Button-Head-Security-Cap-Screw-Bolt-2.jpg\",\"width\":610,\"height\":610},{\"@type\":\"BreadcrumbList\",\"@id\":\"https:\\\/\\\/quantongfastener.com\\\/product\\\/copper-brass-iso7380-hex-socket-button-head-security-cap-screw-bolt-2\\\/#breadcrumb\",\"itemListElement\":[{\"@type\":\"ListItem\",\"position\":1,\"name\":\"Home\",\"item\":\"https:\\\/\\\/quantongfastener.com\\\/\"},{\"@type\":\"ListItem\",\"position\":2,\"name\":\"Products\",\"item\":\"https:\\\/\\\/quantongfastener.com\\\/products\\\/\"},{\"@type\":\"ListItem\",\"position\":3,\"name\":\"Copper Brass ISO7380 Hex Socket Button Head Security Cap Screw Bolt\"}]},{\"@type\":\"WebSite\",\"@id\":\"https:\\\/\\\/quantongfastener.com\\\/#website\",\"url\":\"https:\\\/\\\/quantongfastener.com\\\/\",\"name\":\"Quantong Fastener\",\"description\":\"\",\"publisher\":{\"@id\":\"https:\\\/\\\/quantongfastener.com\\\/#organization\"},\"potentialAction\":[{\"@type\":\"SearchAction\",\"target\":{\"@type\":\"EntryPoint\",\"urlTemplate\":\"https:\\\/\\\/quantongfastener.com\\\/?s={search_term_string}\"},\"query-input\":{\"@type\":\"PropertyValueSpecification\",\"valueRequired\":true,\"valueName\":\"search_term_string\"}}],\"inLanguage\":\"fr-FR\"},{\"@type\":\"Organization\",\"@id\":\"https:\\\/\\\/quantongfastener.com\\\/#organization\",\"name\":\"Quantong Fastener\",\"url\":\"https:\\\/\\\/quantongfastener.com\\\/\",\"logo\":{\"@type\":\"ImageObject\",\"inLanguage\":\"fr-FR\",\"@id\":\"https:\\\/\\\/quantongfastener.com\\\/#\\\/schema\\\/logo\\\/image\\\/\",\"url\":\"https:\\\/\\\/quantongfastener.com\\\/wp-content\\\/uploads\\\/2025\\\/07\\\/logo.jpg\",\"contentUrl\":\"https:\\\/\\\/quantongfastener.com\\\/wp-content\\\/uploads\\\/2025\\\/07\\\/logo.jpg\",\"width\":425,\"height\":424,\"caption\":\"Quantong Fastener\"},\"image\":{\"@id\":\"https:\\\/\\\/quantongfastener.com\\\/#\\\/schema\\\/logo\\\/image\\\/\"}}]}<\/script>\n<!-- \/ Yoast SEO plugin. -->","yoast_head_json":{"title":"Copper Brass ISO7380 Hex Socket Button Head Security Cap Screw Bolt - Quantong Fastener","robots":{"index":"index","follow":"follow","max-snippet":"max-snippet:-1","max-image-preview":"max-image-preview:large","max-video-preview":"max-video-preview:-1"},"canonical":"https:\/\/quantongfastener.com\/fr\/produit\/copper-brass-iso7380-hex-socket-button-head-security-cap-screw-bolt-2\/","og_locale":"fr_FR","og_type":"article","og_title":"Copper Brass ISO7380 Hex Socket Button Head Security Cap Screw Bolt - Quantong Fastener","og_description":"EXW PRICE : 720USD-910USD\/TON Min.Order Quantity:2TONS PACKAGING:BAG\/BOX WITH PALLET PORT:TIANJIN\/QINGDAO\/SHANGHAI\/NINGBO DELIVERY:5-30DAYS ON QTY PAYMENT:T\/T\/LC Supply Ability:500 TON PER MONTH  &nbsp;   FOB Price:US $0.5 - 9,999 \/ Piece  Min.Order Quantity:100 Piece\/Pieces  Supply Ability:10000 Piece\/Pieces per Month  Surface treatment:Plain,Zinc Plated(ZP),GALVANIZED,HDG,Hot dip galvanized,Dacromet  Material:Carbon Steel \/ Alloy Steel \/ Stainless Steel \/ Brass \/ Copper  Standard:DIN \/ GB \/ UNC \/ BSW \/JIS etc.  Certificate:ISO9001 ISO14001 ISO45001 SGS  Grade:4.8 8.8 10.9 12.9 A2-70 A4-70 A4-80 etc.","og_url":"https:\/\/quantongfastener.com\/fr\/produit\/copper-brass-iso7380-hex-socket-button-head-security-cap-screw-bolt-2\/","og_site_name":"Quantong Fastener","article_modified_time":"2025-08-31T04:56:01+00:00","og_image":[{"width":610,"height":610,"url":"https:\/\/quantongfastener.com\/wp-content\/uploads\/2025\/08\/Copper-Brass-ISO7380-Hex-Socket-Button-Head-Security-Cap-Screw-Bolt-2.jpg","type":"image\/jpeg"}],"twitter_card":"summary_large_image","twitter_misc":{"Dur\u00e9e de lecture estim\u00e9e":"1 minute"},"schema":{"@context":"https:\/\/schema.org","@graph":[{"@type":"WebPage","@id":"https:\/\/quantongfastener.com\/product\/copper-brass-iso7380-hex-socket-button-head-security-cap-screw-bolt-2\/","url":"https:\/\/quantongfastener.com\/product\/copper-brass-iso7380-hex-socket-button-head-security-cap-screw-bolt-2\/","name":"Copper Brass ISO7380 Hex Socket Button Head Security Cap Screw Bolt - Quantong Fastener","isPartOf":{"@id":"https:\/\/quantongfastener.com\/#website"},"primaryImageOfPage":{"@id":"https:\/\/quantongfastener.com\/product\/copper-brass-iso7380-hex-socket-button-head-security-cap-screw-bolt-2\/#primaryimage"},"image":{"@id":"https:\/\/quantongfastener.com\/product\/copper-brass-iso7380-hex-socket-button-head-security-cap-screw-bolt-2\/#primaryimage"},"thumbnailUrl":"https:\/\/quantongfastener.com\/wp-content\/uploads\/2025\/08\/Copper-Brass-ISO7380-Hex-Socket-Button-Head-Security-Cap-Screw-Bolt-2.jpg","datePublished":"2025-08-10T16:09:03+00:00","dateModified":"2025-08-31T04:56:01+00:00","breadcrumb":{"@id":"https:\/\/quantongfastener.com\/product\/copper-brass-iso7380-hex-socket-button-head-security-cap-screw-bolt-2\/#breadcrumb"},"inLanguage":"fr-FR","potentialAction":[{"@type":"ReadAction","target":["https:\/\/quantongfastener.com\/product\/copper-brass-iso7380-hex-socket-button-head-security-cap-screw-bolt-2\/"]}]},{"@type":"ImageObject","inLanguage":"fr-FR","@id":"https:\/\/quantongfastener.com\/product\/copper-brass-iso7380-hex-socket-button-head-security-cap-screw-bolt-2\/#primaryimage","url":"https:\/\/quantongfastener.com\/wp-content\/uploads\/2025\/08\/Copper-Brass-ISO7380-Hex-Socket-Button-Head-Security-Cap-Screw-Bolt-2.jpg","contentUrl":"https:\/\/quantongfastener.com\/wp-content\/uploads\/2025\/08\/Copper-Brass-ISO7380-Hex-Socket-Button-Head-Security-Cap-Screw-Bolt-2.jpg","width":610,"height":610},{"@type":"BreadcrumbList","@id":"https:\/\/quantongfastener.com\/product\/copper-brass-iso7380-hex-socket-button-head-security-cap-screw-bolt-2\/#breadcrumb","itemListElement":[{"@type":"ListItem","position":1,"name":"Home","item":"https:\/\/quantongfastener.com\/"},{"@type":"ListItem","position":2,"name":"Products","item":"https:\/\/quantongfastener.com\/products\/"},{"@type":"ListItem","position":3,"name":"Copper Brass ISO7380 Hex Socket Button Head Security Cap Screw Bolt"}]},{"@type":"WebSite","@id":"https:\/\/quantongfastener.com\/#website","url":"https:\/\/quantongfastener.com\/","name":"Attache Quantong","description":"","publisher":{"@id":"https:\/\/quantongfastener.com\/#organization"},"potentialAction":[{"@type":"SearchAction","target":{"@type":"EntryPoint","urlTemplate":"https:\/\/quantongfastener.com\/?s={search_term_string}"},"query-input":{"@type":"PropertyValueSpecification","valueRequired":true,"valueName":"search_term_string"}}],"inLanguage":"fr-FR"},{"@type":"Organization","@id":"https:\/\/quantongfastener.com\/#organization","name":"Attache Quantong","url":"https:\/\/quantongfastener.com\/","logo":{"@type":"ImageObject","inLanguage":"fr-FR","@id":"https:\/\/quantongfastener.com\/#\/schema\/logo\/image\/","url":"https:\/\/quantongfastener.com\/wp-content\/uploads\/2025\/07\/logo.jpg","contentUrl":"https:\/\/quantongfastener.com\/wp-content\/uploads\/2025\/07\/logo.jpg","width":425,"height":424,"caption":"Quantong Fastener"},"image":{"@id":"https:\/\/quantongfastener.com\/#\/schema\/logo\/image\/"}}]}},"_links":{"self":[{"href":"https:\/\/quantongfastener.com\/fr\/wp-json\/wp\/v2\/product\/3028","targetHints":{"allow":["GET"]}}],"collection":[{"href":"https:\/\/quantongfastener.com\/fr\/wp-json\/wp\/v2\/product"}],"about":[{"href":"https:\/\/quantongfastener.com\/fr\/wp-json\/wp\/v2\/types\/product"}],"wp:featuredmedia":[{"embeddable":true,"href":"https:\/\/quantongfastener.com\/fr\/wp-json\/wp\/v2\/media\/3030"}],"wp:attachment":[{"href":"https:\/\/quantongfastener.com\/fr\/wp-json\/wp\/v2\/media?parent=3028"}],"wp:term":[{"taxonomy":"product_brand","embeddable":true,"href":"https:\/\/quantongfastener.com\/fr\/wp-json\/wp\/v2\/product_brand?post=3028"},{"taxonomy":"product_cat","embeddable":true,"href":"https:\/\/quantongfastener.com\/fr\/wp-json\/wp\/v2\/product_cat?post=3028"},{"taxonomy":"product_tag","embeddable":true,"href":"https:\/\/quantongfastener.com\/fr\/wp-json\/wp\/v2\/product_tag?post=3028"}],"curies":[{"name":"wp","href":"https:\/\/api.w.org\/{rel}","templated":true}]}}