{"id":2922,"date":"2025-08-10T15:26:05","date_gmt":"2025-08-10T15:26:05","guid":{"rendered":"https:\/\/quantongfastener.com\/?post_type=product&#038;p=2922"},"modified":"2025-08-31T04:31:15","modified_gmt":"2025-08-31T04:31:15","slug":"l-j-anchor-bolt","status":"publish","type":"product","link":"https:\/\/quantongfastener.com\/fr\/produit\/l-j-anchor-bolt\/","title":{"rendered":"L J Boulon d'ancrage"},"content":{"rendered":"<table border=\"1\" cellspacing=\"0\" cellpadding=\"0\">\n<tbody>\n<tr>\n<td valign=\"top\" width=\"162\">Nom du produit<\/td>\n<td valign=\"top\" width=\"407\">Boulon d'ancrage<\/td>\n<\/tr>\n<tr>\n<td valign=\"top\" width=\"162\">Taille<\/td>\n<td valign=\"top\" width=\"407\">M3-100<\/td>\n<\/tr>\n<tr>\n<td valign=\"top\" width=\"162\">Longueur<\/td>\n<td valign=\"top\" width=\"407\">10-3000mm ou selon les besoins<\/td>\n<\/tr>\n<tr>\n<td valign=\"top\" width=\"162\">Grade<\/td>\n<td valign=\"top\" width=\"407\">4.8\/8.8\/10.9\/12.9<\/td>\n<\/tr>\n<tr>\n<td valign=\"top\" width=\"162\">Mat\u00e9riau<\/td>\n<td valign=\"top\" width=\"407\">Q235\/Q345\/40Cr\/35Crmo<\/td>\n<\/tr>\n<tr>\n<td valign=\"top\" width=\"162\">Traitement de surface<\/td>\n<td valign=\"top\" width=\"407\">Normal\/Noir\/Zinc\/HDG<\/td>\n<\/tr>\n<tr>\n<td valign=\"top\" width=\"162\">Standard<\/td>\n<td valign=\"top\" width=\"407\">DIN\/ISO<\/td>\n<\/tr>\n<tr>\n<td valign=\"top\" width=\"162\">Certificat<\/td>\n<td valign=\"top\" width=\"407\">ISO 9001<\/td>\n<\/tr>\n<tr>\n<td valign=\"top\" width=\"162\">\u00c9chantillon<\/td>\n<td valign=\"top\" width=\"407\">\u00c9chantillons gratuits<\/td>\n<\/tr>\n<\/tbody>\n<\/table>\n<p><img fetchpriority=\"high\" decoding=\"async\" class=\"alignnone size-full wp-image-2932\" src=\"https:\/\/quantongfastener.com\/wp-content\/uploads\/2025\/08\/L-J-Anchor-Bolt.jpg\" alt=\"\" width=\"610\" height=\"610\" srcset=\"https:\/\/quantongfastener.com\/wp-content\/uploads\/2025\/08\/L-J-Anchor-Bolt.jpg 610w, https:\/\/quantongfastener.com\/wp-content\/uploads\/2025\/08\/L-J-Anchor-Bolt-300x300.jpg 300w, https:\/\/quantongfastener.com\/wp-content\/uploads\/2025\/08\/L-J-Anchor-Bolt-150x150.jpg 150w, https:\/\/quantongfastener.com\/wp-content\/uploads\/2025\/08\/L-J-Anchor-Bolt-12x12.jpg 12w, https:\/\/quantongfastener.com\/wp-content\/uploads\/2025\/08\/L-J-Anchor-Bolt-600x600.jpg 600w, https:\/\/quantongfastener.com\/wp-content\/uploads\/2025\/08\/L-J-Anchor-Bolt-100x100.jpg 100w\" sizes=\"(max-width: 610px) 100vw, 610px\" \/> <img decoding=\"async\" class=\"alignnone size-full wp-image-2931\" src=\"https:\/\/quantongfastener.com\/wp-content\/uploads\/2025\/08\/L-J-Anchor-Bolt-9.jpg\" alt=\"\" width=\"457\" height=\"610\" srcset=\"https:\/\/quantongfastener.com\/wp-content\/uploads\/2025\/08\/L-J-Anchor-Bolt-9.jpg 457w, https:\/\/quantongfastener.com\/wp-content\/uploads\/2025\/08\/L-J-Anchor-Bolt-9-225x300.jpg 225w, https:\/\/quantongfastener.com\/wp-content\/uploads\/2025\/08\/L-J-Anchor-Bolt-9-9x12.jpg 9w\" sizes=\"(max-width: 457px) 100vw, 457px\" \/> <img decoding=\"async\" class=\"alignnone size-full wp-image-2930\" src=\"https:\/\/quantongfastener.com\/wp-content\/uploads\/2025\/08\/L-J-Anchor-Bolt-8.jpg\" alt=\"\" width=\"610\" height=\"610\" srcset=\"https:\/\/quantongfastener.com\/wp-content\/uploads\/2025\/08\/L-J-Anchor-Bolt-8.jpg 610w, https:\/\/quantongfastener.com\/wp-content\/uploads\/2025\/08\/L-J-Anchor-Bolt-8-300x300.jpg 300w, https:\/\/quantongfastener.com\/wp-content\/uploads\/2025\/08\/L-J-Anchor-Bolt-8-150x150.jpg 150w, https:\/\/quantongfastener.com\/wp-content\/uploads\/2025\/08\/L-J-Anchor-Bolt-8-12x12.jpg 12w, https:\/\/quantongfastener.com\/wp-content\/uploads\/2025\/08\/L-J-Anchor-Bolt-8-600x600.jpg 600w, https:\/\/quantongfastener.com\/wp-content\/uploads\/2025\/08\/L-J-Anchor-Bolt-8-100x100.jpg 100w\" sizes=\"(max-width: 610px) 100vw, 610px\" \/> <img loading=\"lazy\" decoding=\"async\" class=\"alignnone size-full wp-image-2929\" src=\"https:\/\/quantongfastener.com\/wp-content\/uploads\/2025\/08\/L-J-Anchor-Bolt-7.jpg\" alt=\"\" width=\"610\" height=\"610\" srcset=\"https:\/\/quantongfastener.com\/wp-content\/uploads\/2025\/08\/L-J-Anchor-Bolt-7.jpg 610w, https:\/\/quantongfastener.com\/wp-content\/uploads\/2025\/08\/L-J-Anchor-Bolt-7-300x300.jpg 300w, https:\/\/quantongfastener.com\/wp-content\/uploads\/2025\/08\/L-J-Anchor-Bolt-7-150x150.jpg 150w, https:\/\/quantongfastener.com\/wp-content\/uploads\/2025\/08\/L-J-Anchor-Bolt-7-12x12.jpg 12w, https:\/\/quantongfastener.com\/wp-content\/uploads\/2025\/08\/L-J-Anchor-Bolt-7-600x600.jpg 600w, https:\/\/quantongfastener.com\/wp-content\/uploads\/2025\/08\/L-J-Anchor-Bolt-7-100x100.jpg 100w\" sizes=\"(max-width: 610px) 100vw, 610px\" \/><\/p>\n<div class=\"fl-module fl-module-rich-text fl-node-5e4b58008b482\" data-node=\"5e4b58008b482\" data-animation-delay=\"0.0\">\n<div class=\"fl-module-content fl-node-content\">\n<div class=\"fl-rich-text\">\n<p>Les boulons d'ancrage sont des tiges filet\u00e9es utilis\u00e9es pour fixer des \u00e9quipements et autres sur des fondations en b\u00e9ton.G\u00e9n\u00e9ralement utilis\u00e9s dans les chemins de fer, les autoroutes, les compagnies d'\u00e9lectricit\u00e9, les usines, les mines, les ponts, les grues \u00e0 tour, les structures en acier de grande port\u00e9e et les grands b\u00e2timents.Poss\u00e8de une grande stabilit\u00e9.<\/p>\n<\/div>\n<\/div>\n<\/div>\n<div class=\"fl-module fl-module-rich-text fl-node-5e0ea9a654a9b\" data-node=\"5e0ea9a654a9b\" data-animation-delay=\"0.0\">\n<div class=\"fl-module-content fl-node-content\">\n<div class=\"fl-rich-text\">\n<p>Types et utilisations :<\/p>\n<p>Les boulons d'ancrage peuvent \u00eatre divis\u00e9s en boulons d'ancrage fixes, boulons d'ancrage mobiles, boulons d'ancrage et boulons d'ancrage coll\u00e9s.<\/p>\n<p>1. Le boulon d'ancrage fixe est \u00e9galement appel\u00e9 boulon d'ancrage court. Il est coul\u00e9 avec la fondation pour fixer l'\u00e9quipement sans vibrations ni impacts importants.<\/p>\n<p>2. Les boulons d'ancrage mobiles, \u00e9galement connus sous le nom de boulons d'ancrage longs, sont un type de boulons d'ancrage amovibles utilis\u00e9s pour fixer des machines et des \u00e9quipements lourds soumis \u00e0 de fortes vibrations et \u00e0 des chocs pendant le travail.<\/p>\n<\/div>\n<div class=\"fl-row fl-row-full-width fl-row-bg-none fl-node-5e0ea9493a935\" data-node=\"5e0ea9493a935\">\n<div class=\"fl-row-content-wrap\">\n<div class=\"fl-row-content fl-row-full-width fl-node-content\">\n<div class=\"fl-col-group fl-node-5e0ea949452c6\" data-node=\"5e0ea949452c6\">\n<div class=\"fl-col fl-node-5e0ea94945770\" data-node=\"5e0ea94945770\">\n<div class=\"fl-col-content fl-node-content\">\n<div class=\"fl-module fl-module-rich-text fl-node-5e0462f895f7f\" data-node=\"5e0462f895f7f\" data-animation-delay=\"0.0\">\n<div class=\"fl-module-content fl-node-content\">\n<div class=\"fl-rich-text\">\n<ol>\n<li><strong>Usinage de pr\u00e9cision<\/strong><\/li>\n<\/ol>\n<p align=\"justify\">\u2606 Mesurer et traiter \u00e0 l'aide de machines-outils de pr\u00e9cision et d'outils de mesure dans des conditions environnementales strictement contr\u00f4l\u00e9es.<\/p>\n<ol>\n<li><strong>Acier au carbone de haute qualit\u00e9 (35#\/45#)<\/strong><\/li>\n<\/ol>\n<p align=\"justify\">\u2606 Longue dur\u00e9e de vie, faible production de chaleur, grande duret\u00e9, grande rigidit\u00e9, faible bruit, grande r\u00e9sistance \u00e0 l'usure et autres caract\u00e9ristiques.<\/p>\n<ol>\n<li><strong>Rentabilit\u00e9<\/strong><\/li>\n<\/ol>\n<p align=\"justify\">\u2606 L'utilisation d'acier au carbone de haute qualit\u00e9, apr\u00e8s un traitement et un formage de pr\u00e9cision, am\u00e9liore consid\u00e9rablement l'exp\u00e9rience de l'utilisateur.<\/p>\n<\/div>\n<\/div>\n<\/div>\n<\/div>\n<\/div>\n<\/div>\n<\/div>\n<\/div>\n<\/div>\n<div class=\"fl-row fl-row-full-width fl-row-bg-none fl-node-5e0ea71f89cbb\" data-node=\"5e0ea71f89cbb\">\n<div class=\"fl-row-content-wrap\">\n<div class=\"fl-row-content fl-row-full-width fl-node-content\">\n<div class=\"fl-col-group fl-node-5e0ea71f8a1d2\" data-node=\"5e0ea71f8a1d2\">\n<div class=\"fl-col fl-node-5e0ea71f8a20b\" data-node=\"5e0ea71f8a20b\">\n<div class=\"fl-col-content fl-node-content\">\n<div class=\"fl-module fl-module-rich-text fl-node-5e0ea71f8a250\" data-node=\"5e0ea71f8a250\" data-animation-delay=\"0.0\">\n<div class=\"fl-module-content fl-node-content\">\n<div class=\"fl-rich-text\">\n<p><strong>NOTRE PAQUET :<\/strong><\/p>\n<\/div>\n<\/div>\n<\/div>\n<\/div>\n<\/div>\n<\/div>\n<div class=\"fl-col-group fl-node-5e0ea889ee223\" data-node=\"5e0ea889ee223\">\n<div class=\"fl-col fl-node-5e0ea889ee80b fl-col-has-cols\" data-node=\"5e0ea889ee80b\">\n<div class=\"fl-col-content fl-node-content\">\n<div class=\"fl-module fl-module-rich-text fl-node-5e04641c7f250\" data-node=\"5e04641c7f250\" data-animation-delay=\"0.0\">\n<div class=\"fl-module-content fl-node-content\">\n<div class=\"fl-rich-text\">\n<p align=\"justify\">1. Sacs de 25 kg ou de 50 kg.<br \/>\n2. sacs avec palette.<br \/>\n3. Cartons de 25 kg ou cartons avec palette.<br \/>\n4. Emballage selon la demande du client<\/p>\n<\/div>\n<\/div>\n<\/div>\n<\/div>\n<\/div>\n<\/div>\n<\/div>\n<\/div>\n<\/div>\n<\/div>\n<\/div>","protected":false},"excerpt":{"rendered":"<p>Quantit\u00e9 minimale de commande : 1 tonnes<\/p>\n<p>EMBALLAGE : SAC\/BO\u00ceTE AVEC PALETTE<\/p>\n<p>PORT:TIANJIN\/QINGDAO\/SHANGHAI\/NINGBO<\/p>\n<p>LIVRAISON : 5-30 JOURS SUR QTY<\/p>\n<p>PAIEMENT : T\/T\/LC<\/p>\n<p>Capacit\u00e9 d'approvisionnement : 500 TONNES PAR MOIS<\/p>\n<p>&nbsp;<\/p>\n<ul>\n<li><em>Prix FOB :<\/em>US $0.5 - 9 999 \/ Pi\u00e8ce<\/li>\n<li><em>Quantit\u00e9 minimale de commande :<\/em>100 pi\u00e8ces\/pi\u00e8ces<\/li>\n<li><em>Capacit\u00e9 d'approvisionnement :<\/em>10000 pi\u00e8ces par mois<\/li>\n<\/ul>","protected":false},"featured_media":2926,"template":"","meta":{"_kad_post_transparent":"default","_kad_post_title":"","_kad_post_layout":"default","_kad_post_sidebar_id":"","_kad_post_content_style":"default","_kad_post_vertical_padding":"default","_kad_post_feature":"","_kad_post_feature_position":"","_kad_post_header":false,"_kad_post_footer":false},"product_brand":[],"product_cat":[33,80],"product_tag":[],"class_list":{"0":"post-2922","1":"product","2":"type-product","3":"status-publish","4":"has-post-thumbnail","6":"product_cat-anchor-bolt","7":"product_cat-l-j-anchor-bolt","9":"first","10":"instock","11":"shipping-taxable","12":"product-type-simple","13":"entry","14":"content-bg","15":"loop-entry"},"yoast_head":"<!-- This site is optimized with the Yoast SEO plugin v27.4 - https:\/\/yoast.com\/product\/yoast-seo-wordpress\/ -->\n<title>L J Anchor Bolt - Quantong Fastener<\/title>\n<meta name=\"robots\" content=\"index, follow, max-snippet:-1, max-image-preview:large, max-video-preview:-1\" \/>\n<link rel=\"canonical\" href=\"https:\/\/quantongfastener.com\/fr\/produit\/l-j-anchor-bolt\/\" \/>\n<meta property=\"og:locale\" content=\"fr_FR\" \/>\n<meta property=\"og:type\" content=\"article\" \/>\n<meta property=\"og:title\" content=\"L J Anchor Bolt - Quantong Fastener\" \/>\n<meta property=\"og:description\" content=\"Min.Order Quantity:1TONS  PACKAGING:BAG\/BOX WITH PALLET  PORT:TIANJIN\/QINGDAO\/SHANGHAI\/NINGBO  DELIVERY:5-30DAYS ON QTY  PAYMENT:T\/T\/LC  Supply Ability:500 TON PER MONTH  &nbsp;   FOB Price:US $0.5 - 9,999 \/ Piece  Min.Order Quantity:100 Piece\/Pieces  Supply Ability:10000 Piece\/Pieces per Month\" \/>\n<meta property=\"og:url\" content=\"https:\/\/quantongfastener.com\/fr\/produit\/l-j-anchor-bolt\/\" \/>\n<meta property=\"og:site_name\" content=\"Quantong Fastener\" \/>\n<meta property=\"article:modified_time\" content=\"2025-08-31T04:31:15+00:00\" \/>\n<meta property=\"og:image\" content=\"https:\/\/quantongfastener.com\/wp-content\/uploads\/2025\/08\/L-J-Anchor-Bolt-4.jpg\" \/>\n\t<meta property=\"og:image:width\" content=\"610\" \/>\n\t<meta property=\"og:image:height\" content=\"610\" \/>\n\t<meta property=\"og:image:type\" content=\"image\/jpeg\" \/>\n<meta name=\"twitter:card\" content=\"summary_large_image\" \/>\n<meta name=\"twitter:label1\" content=\"Dur\u00e9e de lecture estim\u00e9e\" \/>\n\t<meta name=\"twitter:data1\" content=\"2 minutes\" \/>\n<script type=\"application\/ld+json\" class=\"yoast-schema-graph\">{\"@context\":\"https:\\\/\\\/schema.org\",\"@graph\":[{\"@type\":\"WebPage\",\"@id\":\"https:\\\/\\\/quantongfastener.com\\\/product\\\/l-j-anchor-bolt\\\/\",\"url\":\"https:\\\/\\\/quantongfastener.com\\\/product\\\/l-j-anchor-bolt\\\/\",\"name\":\"L J Anchor Bolt - Quantong Fastener\",\"isPartOf\":{\"@id\":\"https:\\\/\\\/quantongfastener.com\\\/#website\"},\"primaryImageOfPage\":{\"@id\":\"https:\\\/\\\/quantongfastener.com\\\/product\\\/l-j-anchor-bolt\\\/#primaryimage\"},\"image\":{\"@id\":\"https:\\\/\\\/quantongfastener.com\\\/product\\\/l-j-anchor-bolt\\\/#primaryimage\"},\"thumbnailUrl\":\"https:\\\/\\\/quantongfastener.com\\\/wp-content\\\/uploads\\\/2025\\\/08\\\/L-J-Anchor-Bolt-4.jpg\",\"datePublished\":\"2025-08-10T15:26:05+00:00\",\"dateModified\":\"2025-08-31T04:31:15+00:00\",\"breadcrumb\":{\"@id\":\"https:\\\/\\\/quantongfastener.com\\\/product\\\/l-j-anchor-bolt\\\/#breadcrumb\"},\"inLanguage\":\"fr-FR\",\"potentialAction\":[{\"@type\":\"ReadAction\",\"target\":[\"https:\\\/\\\/quantongfastener.com\\\/product\\\/l-j-anchor-bolt\\\/\"]}]},{\"@type\":\"ImageObject\",\"inLanguage\":\"fr-FR\",\"@id\":\"https:\\\/\\\/quantongfastener.com\\\/product\\\/l-j-anchor-bolt\\\/#primaryimage\",\"url\":\"https:\\\/\\\/quantongfastener.com\\\/wp-content\\\/uploads\\\/2025\\\/08\\\/L-J-Anchor-Bolt-4.jpg\",\"contentUrl\":\"https:\\\/\\\/quantongfastener.com\\\/wp-content\\\/uploads\\\/2025\\\/08\\\/L-J-Anchor-Bolt-4.jpg\",\"width\":610,\"height\":610},{\"@type\":\"BreadcrumbList\",\"@id\":\"https:\\\/\\\/quantongfastener.com\\\/product\\\/l-j-anchor-bolt\\\/#breadcrumb\",\"itemListElement\":[{\"@type\":\"ListItem\",\"position\":1,\"name\":\"Home\",\"item\":\"https:\\\/\\\/quantongfastener.com\\\/\"},{\"@type\":\"ListItem\",\"position\":2,\"name\":\"Products\",\"item\":\"https:\\\/\\\/quantongfastener.com\\\/products\\\/\"},{\"@type\":\"ListItem\",\"position\":3,\"name\":\"L J Anchor Bolt\"}]},{\"@type\":\"WebSite\",\"@id\":\"https:\\\/\\\/quantongfastener.com\\\/#website\",\"url\":\"https:\\\/\\\/quantongfastener.com\\\/\",\"name\":\"Quantong Fastener\",\"description\":\"\",\"publisher\":{\"@id\":\"https:\\\/\\\/quantongfastener.com\\\/#organization\"},\"potentialAction\":[{\"@type\":\"SearchAction\",\"target\":{\"@type\":\"EntryPoint\",\"urlTemplate\":\"https:\\\/\\\/quantongfastener.com\\\/?s={search_term_string}\"},\"query-input\":{\"@type\":\"PropertyValueSpecification\",\"valueRequired\":true,\"valueName\":\"search_term_string\"}}],\"inLanguage\":\"fr-FR\"},{\"@type\":\"Organization\",\"@id\":\"https:\\\/\\\/quantongfastener.com\\\/#organization\",\"name\":\"Quantong Fastener\",\"url\":\"https:\\\/\\\/quantongfastener.com\\\/\",\"logo\":{\"@type\":\"ImageObject\",\"inLanguage\":\"fr-FR\",\"@id\":\"https:\\\/\\\/quantongfastener.com\\\/#\\\/schema\\\/logo\\\/image\\\/\",\"url\":\"https:\\\/\\\/quantongfastener.com\\\/wp-content\\\/uploads\\\/2025\\\/07\\\/logo.jpg\",\"contentUrl\":\"https:\\\/\\\/quantongfastener.com\\\/wp-content\\\/uploads\\\/2025\\\/07\\\/logo.jpg\",\"width\":425,\"height\":424,\"caption\":\"Quantong Fastener\"},\"image\":{\"@id\":\"https:\\\/\\\/quantongfastener.com\\\/#\\\/schema\\\/logo\\\/image\\\/\"}}]}<\/script>\n<!-- \/ Yoast SEO plugin. -->","yoast_head_json":{"title":"L J Anchor Bolt - Quantong Fastener","robots":{"index":"index","follow":"follow","max-snippet":"max-snippet:-1","max-image-preview":"max-image-preview:large","max-video-preview":"max-video-preview:-1"},"canonical":"https:\/\/quantongfastener.com\/fr\/produit\/l-j-anchor-bolt\/","og_locale":"fr_FR","og_type":"article","og_title":"L J Anchor Bolt - Quantong Fastener","og_description":"Min.Order Quantity:1TONS  PACKAGING:BAG\/BOX WITH PALLET  PORT:TIANJIN\/QINGDAO\/SHANGHAI\/NINGBO  DELIVERY:5-30DAYS ON QTY  PAYMENT:T\/T\/LC  Supply Ability:500 TON PER MONTH  &nbsp;   FOB Price:US $0.5 - 9,999 \/ Piece  Min.Order Quantity:100 Piece\/Pieces  Supply Ability:10000 Piece\/Pieces per Month","og_url":"https:\/\/quantongfastener.com\/fr\/produit\/l-j-anchor-bolt\/","og_site_name":"Quantong Fastener","article_modified_time":"2025-08-31T04:31:15+00:00","og_image":[{"width":610,"height":610,"url":"https:\/\/quantongfastener.com\/wp-content\/uploads\/2025\/08\/L-J-Anchor-Bolt-4.jpg","type":"image\/jpeg"}],"twitter_card":"summary_large_image","twitter_misc":{"Dur\u00e9e de lecture estim\u00e9e":"2 minutes"},"schema":{"@context":"https:\/\/schema.org","@graph":[{"@type":"WebPage","@id":"https:\/\/quantongfastener.com\/product\/l-j-anchor-bolt\/","url":"https:\/\/quantongfastener.com\/product\/l-j-anchor-bolt\/","name":"L J Anchor Bolt - Quantong Fastener","isPartOf":{"@id":"https:\/\/quantongfastener.com\/#website"},"primaryImageOfPage":{"@id":"https:\/\/quantongfastener.com\/product\/l-j-anchor-bolt\/#primaryimage"},"image":{"@id":"https:\/\/quantongfastener.com\/product\/l-j-anchor-bolt\/#primaryimage"},"thumbnailUrl":"https:\/\/quantongfastener.com\/wp-content\/uploads\/2025\/08\/L-J-Anchor-Bolt-4.jpg","datePublished":"2025-08-10T15:26:05+00:00","dateModified":"2025-08-31T04:31:15+00:00","breadcrumb":{"@id":"https:\/\/quantongfastener.com\/product\/l-j-anchor-bolt\/#breadcrumb"},"inLanguage":"fr-FR","potentialAction":[{"@type":"ReadAction","target":["https:\/\/quantongfastener.com\/product\/l-j-anchor-bolt\/"]}]},{"@type":"ImageObject","inLanguage":"fr-FR","@id":"https:\/\/quantongfastener.com\/product\/l-j-anchor-bolt\/#primaryimage","url":"https:\/\/quantongfastener.com\/wp-content\/uploads\/2025\/08\/L-J-Anchor-Bolt-4.jpg","contentUrl":"https:\/\/quantongfastener.com\/wp-content\/uploads\/2025\/08\/L-J-Anchor-Bolt-4.jpg","width":610,"height":610},{"@type":"BreadcrumbList","@id":"https:\/\/quantongfastener.com\/product\/l-j-anchor-bolt\/#breadcrumb","itemListElement":[{"@type":"ListItem","position":1,"name":"Home","item":"https:\/\/quantongfastener.com\/"},{"@type":"ListItem","position":2,"name":"Products","item":"https:\/\/quantongfastener.com\/products\/"},{"@type":"ListItem","position":3,"name":"L J Anchor Bolt"}]},{"@type":"WebSite","@id":"https:\/\/quantongfastener.com\/#website","url":"https:\/\/quantongfastener.com\/","name":"Attache Quantong","description":"","publisher":{"@id":"https:\/\/quantongfastener.com\/#organization"},"potentialAction":[{"@type":"SearchAction","target":{"@type":"EntryPoint","urlTemplate":"https:\/\/quantongfastener.com\/?s={search_term_string}"},"query-input":{"@type":"PropertyValueSpecification","valueRequired":true,"valueName":"search_term_string"}}],"inLanguage":"fr-FR"},{"@type":"Organization","@id":"https:\/\/quantongfastener.com\/#organization","name":"Attache Quantong","url":"https:\/\/quantongfastener.com\/","logo":{"@type":"ImageObject","inLanguage":"fr-FR","@id":"https:\/\/quantongfastener.com\/#\/schema\/logo\/image\/","url":"https:\/\/quantongfastener.com\/wp-content\/uploads\/2025\/07\/logo.jpg","contentUrl":"https:\/\/quantongfastener.com\/wp-content\/uploads\/2025\/07\/logo.jpg","width":425,"height":424,"caption":"Quantong Fastener"},"image":{"@id":"https:\/\/quantongfastener.com\/#\/schema\/logo\/image\/"}}]}},"_links":{"self":[{"href":"https:\/\/quantongfastener.com\/fr\/wp-json\/wp\/v2\/product\/2922","targetHints":{"allow":["GET"]}}],"collection":[{"href":"https:\/\/quantongfastener.com\/fr\/wp-json\/wp\/v2\/product"}],"about":[{"href":"https:\/\/quantongfastener.com\/fr\/wp-json\/wp\/v2\/types\/product"}],"wp:featuredmedia":[{"embeddable":true,"href":"https:\/\/quantongfastener.com\/fr\/wp-json\/wp\/v2\/media\/2926"}],"wp:attachment":[{"href":"https:\/\/quantongfastener.com\/fr\/wp-json\/wp\/v2\/media?parent=2922"}],"wp:term":[{"taxonomy":"product_brand","embeddable":true,"href":"https:\/\/quantongfastener.com\/fr\/wp-json\/wp\/v2\/product_brand?post=2922"},{"taxonomy":"product_cat","embeddable":true,"href":"https:\/\/quantongfastener.com\/fr\/wp-json\/wp\/v2\/product_cat?post=2922"},{"taxonomy":"product_tag","embeddable":true,"href":"https:\/\/quantongfastener.com\/fr\/wp-json\/wp\/v2\/product_tag?post=2922"}],"curies":[{"name":"wp","href":"https:\/\/api.w.org\/{rel}","templated":true}]}}