{"id":2872,"date":"2025-08-10T15:05:30","date_gmt":"2025-08-10T15:05:30","guid":{"rendered":"https:\/\/quantongfastener.com\/?post_type=product&#038;p=2872"},"modified":"2025-08-31T04:40:43","modified_gmt":"2025-08-31T04:40:43","slug":"high-quality-factory-supply-wedge-anchor-bolt","status":"publish","type":"product","link":"https:\/\/quantongfastener.com\/fr\/produit\/high-quality-factory-supply-wedge-anchor-bolt\/","title":{"rendered":"Boulon d'ancrage \u00e0 coin de haute qualit\u00e9 fourni par l'usine"},"content":{"rendered":"<div class=\"fl-row fl-row-full-width fl-row-bg-none fl-node-5e4b7ed41848c\" data-node=\"5e4b7ed41848c\">\n<div class=\"fl-row-content-wrap\">\n<div class=\"fl-row-content fl-row-full-width fl-node-content\">\n<div class=\"fl-col-group fl-node-5e4b82179c342\" data-node=\"5e4b82179c342\">\n<div class=\"fl-col fl-node-5e4b82179c5ed\" data-node=\"5e4b82179c5ed\">\n<div class=\"fl-col-content fl-node-content\">\n<div class=\"fl-module fl-module-rich-text fl-node-5e4b82179c151\" data-node=\"5e4b82179c151\" data-animation-delay=\"0.0\">\n<div class=\"fl-module-content fl-node-content\">\n<div class=\"fl-rich-text\">\n<div class=\"table_wrap\">\n<table border=\"1\" cellspacing=\"0\" cellpadding=\"0\">\n<tbody>\n<tr>\n<td valign=\"top\" width=\"162\">Nom du produit<\/td>\n<td valign=\"top\" width=\"407\">Boulon d'ancrage<\/td>\n<\/tr>\n<tr>\n<td valign=\"top\" width=\"162\">Taille<\/td>\n<td valign=\"top\" width=\"407\">M6\/M8\/M10\/M16<\/td>\n<\/tr>\n<tr>\n<td valign=\"top\" width=\"162\">Grade<\/td>\n<td valign=\"top\" width=\"407\">4.8\/8.8\/10.9\/12.9<\/td>\n<\/tr>\n<tr>\n<td valign=\"top\" width=\"162\">Mat\u00e9riau<\/td>\n<td valign=\"top\" width=\"407\">Acier\/acier inoxydable<\/td>\n<\/tr>\n<tr>\n<td valign=\"top\" width=\"162\">Traitement de surface<\/td>\n<td valign=\"top\" width=\"407\">WZP<\/td>\n<\/tr>\n<tr>\n<td valign=\"top\" width=\"162\">Standard<\/td>\n<td valign=\"top\" width=\"407\">DIN\/ISO<\/td>\n<\/tr>\n<tr>\n<td valign=\"top\" width=\"162\">Certificat<\/td>\n<td valign=\"top\" width=\"407\">ISO 9001<\/td>\n<\/tr>\n<tr>\n<td valign=\"top\" width=\"162\">\u00c9chantillon<\/td>\n<td valign=\"top\" width=\"407\">\u00c9chantillons gratuits<\/td>\n<\/tr>\n<\/tbody>\n<\/table>\n<\/div>\n<p>&nbsp;<\/p>\n<\/div>\n<\/div>\n<\/div>\n<\/div>\n<\/div>\n<\/div>\n<div class=\"fl-col-group fl-node-5e4b82e1b33d0\" data-node=\"5e4b82e1b33d0\">\n<div class=\"fl-col fl-node-5e4b82e1b377a fl-col-small\" data-node=\"5e4b82e1b377a\">\n<div class=\"fl-col-content fl-node-content\">\n<div class=\"fl-module fl-module-rich-text fl-node-5e4b9b25c6762\" data-node=\"5e4b9b25c6762\" data-animation-delay=\"0.0\">\n<div class=\"fl-module-content fl-node-content\">\n<div class=\"fl-rich-text\">\n<p><img decoding=\"async\" class=\"alignnone size-full wp-image-1494\" src=\"https:\/\/www.cyfastener.com\/uploads\/0cb2ef7a.jpg\" alt=\"1577005961(1)\" \/><\/p>\n<\/div>\n<\/div>\n<\/div>\n<div class=\"fl-module fl-module-rich-text fl-node-5e4b82ea1c5cd\" data-node=\"5e4b82ea1c5cd\" data-animation-delay=\"0.0\">\n<div class=\"fl-module-content fl-node-content\">\n<div class=\"fl-rich-text\"><\/div>\n<\/div>\n<\/div>\n<\/div>\n<\/div>\n<div class=\"fl-col fl-node-5e4b82e1b37cd fl-col-small\" data-node=\"5e4b82e1b37cd\">\n<div class=\"fl-col-content fl-node-content\">\n<div class=\"fl-module fl-module-rich-text fl-node-5e4b83656ee11\" data-node=\"5e4b83656ee11\" data-animation-delay=\"0.0\">\n<div class=\"fl-module-content fl-node-content\">\n<div class=\"fl-rich-text\">\n<p><img decoding=\"async\" class=\"alignnone size-full wp-image-1494\" src=\"https:\/\/www.cyfastener.com\/uploads\/e2a676fc.jpg\" alt=\"1577005961(1)\" \/><\/p>\n<\/div>\n<\/div>\n<\/div>\n<\/div>\n<\/div>\n<\/div>\n<div class=\"fl-col-group fl-node-5e4b9b60ae2e3\" data-node=\"5e4b9b60ae2e3\">\n<div class=\"fl-col fl-node-5e4b9b60ae7e4\" data-node=\"5e4b9b60ae7e4\">\n<div class=\"fl-col-content fl-node-content\">\n<div class=\"fl-module fl-module-rich-text fl-node-5e4b9b63b8ece\" data-node=\"5e4b9b63b8ece\" data-animation-delay=\"0.0\">\n<div class=\"fl-module-content fl-node-content\">\n<div class=\"fl-rich-text\">\n<p><strong>Caract\u00e9ristiques du produit :<\/strong><\/p>\n<p>Pour obtenir une force de serrage fiable et importante, il est n\u00e9cessaire de s'assurer que l'anneau de serrage fix\u00e9 sur le gecko est compl\u00e8tement expans\u00e9, et que l'anneau de serrage expansif ne peut pas tomber du poteau ou \u00eatre d\u00e9form\u00e9 dans le trou.<\/p>\n<\/div>\n<\/div>\n<\/div>\n<\/div>\n<\/div>\n<\/div>\n<div class=\"fl-col-group fl-node-5e4b82de1c7dd\" data-node=\"5e4b82de1c7dd\">\n<div class=\"fl-col fl-node-5e4b82de1cb80 fl-col-small\" data-node=\"5e4b82de1cb80\">\n<div class=\"fl-col-content fl-node-content\">\n<div class=\"fl-module fl-module-rich-text fl-node-5e4b9bc0e04f6\" data-node=\"5e4b9bc0e04f6\" data-animation-delay=\"0.0\">\n<div class=\"fl-module-content fl-node-content\">\n<div class=\"fl-rich-text\">\n<p><img decoding=\"async\" class=\"alignnone size-full wp-image-1494\" src=\"https:\/\/www.cyfastener.com\/uploads\/2856c2d2.jpg\" alt=\"1577005961(1)\" \/><\/p>\n<\/div>\n<\/div>\n<\/div>\n<\/div>\n<\/div>\n<div class=\"fl-col fl-node-5e4b82de1cbce fl-col-small\" data-node=\"5e4b82de1cbce\">\n<div class=\"fl-col-content fl-node-content\">\n<div class=\"fl-module fl-module-rich-text fl-node-5e4b9bd1b5fdc\" data-node=\"5e4b9bd1b5fdc\" data-animation-delay=\"0.0\">\n<div class=\"fl-module-content fl-node-content\">\n<div class=\"fl-rich-text\">\n<p><img decoding=\"async\" class=\"alignnone size-full wp-image-1494\" src=\"https:\/\/www.cyfastener.com\/uploads\/c2d6a985.jpg\" alt=\"1577005961(1)\" \/><\/p>\n<\/div>\n<\/div>\n<\/div>\n<\/div>\n<\/div>\n<\/div>\n<div class=\"fl-col-group fl-node-5e4b9be8d4efc\" data-node=\"5e4b9be8d4efc\">\n<div class=\"fl-col fl-node-5e4b9be8d549a\" data-node=\"5e4b9be8d549a\">\n<div class=\"fl-col-content fl-node-content\">\n<div class=\"fl-module fl-module-rich-text fl-node-5e4b9bebeb571\" data-node=\"5e4b9bebeb571\" data-animation-delay=\"0.0\">\n<div class=\"fl-module-content fl-node-content\">\n<div class=\"fl-rich-text\">\n<p><strong>Application :<\/strong><\/p>\n<p>Convient pour le b\u00e9ton et la pierre naturelle dense, les structures m\u00e9talliques, les profil\u00e9s m\u00e9talliques, les plaques de sol, les plaques de support, les consoles, les garde-corps, les fen\u00eatres, les supports, etc.<\/p>\n<\/div>\n<\/div>\n<\/div>\n<\/div>\n<\/div>\n<\/div>\n<div class=\"fl-col-group fl-node-5e4b9c0b31626\" data-node=\"5e4b9c0b31626\">\n<div class=\"fl-col fl-node-5e4b9c0b31af3 fl-col-small\" data-node=\"5e4b9c0b31af3\">\n<div class=\"fl-col-content fl-node-content\">\n<div class=\"fl-module fl-module-rich-text fl-node-5e4b9c1f66b09\" data-node=\"5e4b9c1f66b09\" data-animation-delay=\"0.0\">\n<div class=\"fl-module-content fl-node-content\">\n<div class=\"fl-rich-text\">\n<p><img decoding=\"async\" class=\"alignnone size-full wp-image-1494\" src=\"https:\/\/www.cyfastener.com\/uploads\/8cb7b30f.jpg\" alt=\"1577005961(1)\" \/><\/p>\n<\/div>\n<\/div>\n<\/div>\n<\/div>\n<\/div>\n<div class=\"fl-col fl-node-5e4b9c0b31b45 fl-col-small\" data-node=\"5e4b9c0b31b45\">\n<div class=\"fl-col-content fl-node-content\">\n<div class=\"fl-module fl-module-rich-text fl-node-5e4b9c3713b23\" data-node=\"5e4b9c3713b23\" data-animation-delay=\"0.0\">\n<div class=\"fl-module-content fl-node-content\">\n<div class=\"fl-rich-text\">\n<p><img decoding=\"async\" class=\"alignnone size-full wp-image-1494\" src=\"https:\/\/www.cyfastener.com\/uploads\/2a8dabf8.jpg\" alt=\"1577005961(1)\" \/><\/p>\n<\/div>\n<\/div>\n<\/div>\n<\/div>\n<\/div>\n<div class=\"fl-col fl-node-5e4b9c0b31b90 fl-col-small\" data-node=\"5e4b9c0b31b90\">\n<div class=\"fl-col-content fl-node-content\">\n<div class=\"fl-module fl-module-rich-text fl-node-5e4b9c3b70129\" data-node=\"5e4b9c3b70129\" data-animation-delay=\"0.0\">\n<div class=\"fl-module-content fl-node-content\">\n<div class=\"fl-rich-text\">\n<p><img decoding=\"async\" class=\"alignnone size-full wp-image-1494\" src=\"https:\/\/www.cyfastener.com\/uploads\/93e40898.jpg\" alt=\"1577005961(1)\" \/><\/p>\n<\/div>\n<\/div>\n<\/div>\n<\/div>\n<\/div>\n<\/div>\n<\/div>\n<\/div>\n<\/div>\n<div class=\"fl-row fl-row-full-width fl-row-bg-none fl-node-5e4b852810fdf\" data-node=\"5e4b852810fdf\">\n<div class=\"fl-row-content-wrap\">\n<div class=\"fl-row-content fl-row-full-width fl-node-content\">\n<div class=\"fl-col-group fl-node-5e4b8528139da\" data-node=\"5e4b8528139da\">\n<div class=\"fl-col fl-node-5e4b852813c9f\" data-node=\"5e4b852813c9f\">\n<div class=\"fl-col-content fl-node-content\">\n<div class=\"fl-module fl-module-rich-text fl-node-5e4b852b67da9\" data-node=\"5e4b852b67da9\" data-animation-delay=\"0.0\">\n<div class=\"fl-module-content fl-node-content\">\n<div class=\"fl-rich-text\">\n<p><strong>Avantages du produit :<\/strong><\/p>\n<\/div>\n<\/div>\n<\/div>\n<\/div>\n<\/div>\n<\/div>\n<div class=\"fl-col-group fl-node-5e4b858e67a91\" data-node=\"5e4b858e67a91\">\n<div class=\"fl-col fl-node-5e4b858e67e5e\" data-node=\"5e4b858e67e5e\">\n<div class=\"fl-col-content fl-node-content\">\n<div class=\"fl-module fl-module-rich-text fl-node-5e4b859090602\" data-node=\"5e4b859090602\" data-animation-delay=\"0.0\">\n<div class=\"fl-module-content fl-node-content\">\n<div class=\"fl-rich-text\">\n<ol>\n<li><strong>Usinage de pr\u00e9cision<\/strong><\/li>\n<\/ol>\n<p align=\"justify\">\u2606 Mesurer et traiter \u00e0 l'aide de machines-outils de pr\u00e9cision et d'outils de mesure dans des conditions environnementales strictement contr\u00f4l\u00e9es.<\/p>\n<ol>\n<li><strong>Acier au carbone de haute qualit\u00e9 (35#\/45#)<\/strong><\/li>\n<\/ol>\n<p align=\"justify\">\u2606 Longue dur\u00e9e de vie, faible production de chaleur, grande duret\u00e9, grande rigidit\u00e9, faible bruit, grande r\u00e9sistance \u00e0 l'usure et autres caract\u00e9ristiques.<\/p>\n<ol>\n<li><strong>Rentabilit\u00e9<\/strong><\/li>\n<\/ol>\n<p align=\"justify\">\u2606 L'utilisation d'acier au carbone de haute qualit\u00e9, apr\u00e8s un traitement et un formage de pr\u00e9cision, am\u00e9liore consid\u00e9rablement l'exp\u00e9rience de l'utilisateur.<\/p>\n<\/div>\n<\/div>\n<\/div>\n<\/div>\n<\/div>\n<\/div>\n<\/div>\n<\/div>\n<\/div>","protected":false},"excerpt":{"rendered":"<p>Quantit\u00e9 minimale de commande : 1000PCS<\/p>\n<p>EMBALLAGE : SAC\/BO\u00ceTE AVEC PALETTE<\/p>\n<p>PORT:TIANJIN\/QINGDAO\/SHANGHAI\/NINGBO<\/p>\n<p>LIVRAISON : 5-30 JOURS SUR QTY<\/p>\n<p>PAIEMENT : T\/T\/LC<\/p>\n<p>Capacit\u00e9 d'approvisionnement : 500 TON PAR MOIS #<\/p>\n<p>&nbsp;<\/p>\n<ul>\n<li><em>Prix FOB :<\/em>US $0.5 - 9 999 \/ Pi\u00e8ce<\/li>\n<li><em>Quantit\u00e9 minimale de commande :<\/em>100 pi\u00e8ces\/pi\u00e8ces<\/li>\n<li><em>Capacit\u00e9 d'approvisionnement :<\/em>10000 pi\u00e8ces par mois<\/li>\n<\/ul>","protected":false},"featured_media":2877,"template":"","meta":{"_kad_post_transparent":"default","_kad_post_title":"","_kad_post_layout":"default","_kad_post_sidebar_id":"","_kad_post_content_style":"default","_kad_post_vertical_padding":"default","_kad_post_feature":"","_kad_post_feature_position":"","_kad_post_header":false,"_kad_post_footer":false},"product_brand":[],"product_cat":[33,83],"product_tag":[],"class_list":{"0":"post-2872","1":"product","2":"type-product","3":"status-publish","4":"has-post-thumbnail","6":"product_cat-anchor-bolt","7":"product_cat-wedge-anchor","9":"first","10":"instock","11":"shipping-taxable","12":"product-type-simple","13":"entry","14":"content-bg","15":"loop-entry"},"yoast_head":"<!-- This site is optimized with the Yoast SEO plugin v27.4 - https:\/\/yoast.com\/product\/yoast-seo-wordpress\/ -->\n<title>High Quality Factory Supply wedge Anchor Bolt - Quantong Fastener<\/title>\n<meta name=\"robots\" content=\"index, follow, max-snippet:-1, max-image-preview:large, max-video-preview:-1\" \/>\n<link rel=\"canonical\" href=\"https:\/\/quantongfastener.com\/fr\/produit\/high-quality-factory-supply-wedge-anchor-bolt\/\" \/>\n<meta property=\"og:locale\" content=\"fr_FR\" \/>\n<meta property=\"og:type\" content=\"article\" \/>\n<meta property=\"og:title\" content=\"High Quality Factory Supply wedge Anchor Bolt - Quantong Fastener\" \/>\n<meta property=\"og:description\" content=\"Min.Order Quantity:1000PCS  PACKAGING:BAG\/BOX WITH PALLET  PORT:TIANJIN\/QINGDAO\/SHANGHAI\/NINGBO  DELIVERY:5-30DAYS ON QTY  PAYMENT:T\/T\/LC  Supply Ability:500 TON PER MONTH #  &nbsp;   FOB Price:US $0.5 - 9,999 \/ Piece  Min.Order Quantity:100 Piece\/Pieces  Supply Ability:10000 Piece\/Pieces per Month\" \/>\n<meta property=\"og:url\" content=\"https:\/\/quantongfastener.com\/fr\/produit\/high-quality-factory-supply-wedge-anchor-bolt\/\" \/>\n<meta property=\"og:site_name\" content=\"Quantong Fastener\" \/>\n<meta property=\"article:modified_time\" content=\"2025-08-31T04:40:43+00:00\" \/>\n<meta property=\"og:image\" content=\"https:\/\/quantongfastener.com\/wp-content\/uploads\/2025\/08\/High-Quality-Factory-Supply-Wedge-Anchor-Bolt-5.jpg\" \/>\n\t<meta property=\"og:image:width\" content=\"610\" \/>\n\t<meta property=\"og:image:height\" content=\"610\" \/>\n\t<meta property=\"og:image:type\" content=\"image\/jpeg\" \/>\n<meta name=\"twitter:card\" content=\"summary_large_image\" \/>\n<meta name=\"twitter:label1\" content=\"Dur\u00e9e de lecture estim\u00e9e\" \/>\n\t<meta name=\"twitter:data1\" content=\"3 minutes\" \/>\n<script type=\"application\/ld+json\" class=\"yoast-schema-graph\">{\"@context\":\"https:\\\/\\\/schema.org\",\"@graph\":[{\"@type\":\"WebPage\",\"@id\":\"https:\\\/\\\/quantongfastener.com\\\/product\\\/high-quality-factory-supply-wedge-anchor-bolt\\\/\",\"url\":\"https:\\\/\\\/quantongfastener.com\\\/product\\\/high-quality-factory-supply-wedge-anchor-bolt\\\/\",\"name\":\"High Quality Factory Supply wedge Anchor Bolt - Quantong Fastener\",\"isPartOf\":{\"@id\":\"https:\\\/\\\/quantongfastener.com\\\/#website\"},\"primaryImageOfPage\":{\"@id\":\"https:\\\/\\\/quantongfastener.com\\\/product\\\/high-quality-factory-supply-wedge-anchor-bolt\\\/#primaryimage\"},\"image\":{\"@id\":\"https:\\\/\\\/quantongfastener.com\\\/product\\\/high-quality-factory-supply-wedge-anchor-bolt\\\/#primaryimage\"},\"thumbnailUrl\":\"https:\\\/\\\/quantongfastener.com\\\/wp-content\\\/uploads\\\/2025\\\/08\\\/High-Quality-Factory-Supply-Wedge-Anchor-Bolt-5.jpg\",\"datePublished\":\"2025-08-10T15:05:30+00:00\",\"dateModified\":\"2025-08-31T04:40:43+00:00\",\"breadcrumb\":{\"@id\":\"https:\\\/\\\/quantongfastener.com\\\/product\\\/high-quality-factory-supply-wedge-anchor-bolt\\\/#breadcrumb\"},\"inLanguage\":\"fr-FR\",\"potentialAction\":[{\"@type\":\"ReadAction\",\"target\":[\"https:\\\/\\\/quantongfastener.com\\\/product\\\/high-quality-factory-supply-wedge-anchor-bolt\\\/\"]}]},{\"@type\":\"ImageObject\",\"inLanguage\":\"fr-FR\",\"@id\":\"https:\\\/\\\/quantongfastener.com\\\/product\\\/high-quality-factory-supply-wedge-anchor-bolt\\\/#primaryimage\",\"url\":\"https:\\\/\\\/quantongfastener.com\\\/wp-content\\\/uploads\\\/2025\\\/08\\\/High-Quality-Factory-Supply-Wedge-Anchor-Bolt-5.jpg\",\"contentUrl\":\"https:\\\/\\\/quantongfastener.com\\\/wp-content\\\/uploads\\\/2025\\\/08\\\/High-Quality-Factory-Supply-Wedge-Anchor-Bolt-5.jpg\",\"width\":610,\"height\":610},{\"@type\":\"BreadcrumbList\",\"@id\":\"https:\\\/\\\/quantongfastener.com\\\/product\\\/high-quality-factory-supply-wedge-anchor-bolt\\\/#breadcrumb\",\"itemListElement\":[{\"@type\":\"ListItem\",\"position\":1,\"name\":\"Home\",\"item\":\"https:\\\/\\\/quantongfastener.com\\\/\"},{\"@type\":\"ListItem\",\"position\":2,\"name\":\"Products\",\"item\":\"https:\\\/\\\/quantongfastener.com\\\/products\\\/\"},{\"@type\":\"ListItem\",\"position\":3,\"name\":\"High Quality Factory Supply wedge Anchor Bolt\"}]},{\"@type\":\"WebSite\",\"@id\":\"https:\\\/\\\/quantongfastener.com\\\/#website\",\"url\":\"https:\\\/\\\/quantongfastener.com\\\/\",\"name\":\"Quantong Fastener\",\"description\":\"\",\"publisher\":{\"@id\":\"https:\\\/\\\/quantongfastener.com\\\/#organization\"},\"potentialAction\":[{\"@type\":\"SearchAction\",\"target\":{\"@type\":\"EntryPoint\",\"urlTemplate\":\"https:\\\/\\\/quantongfastener.com\\\/?s={search_term_string}\"},\"query-input\":{\"@type\":\"PropertyValueSpecification\",\"valueRequired\":true,\"valueName\":\"search_term_string\"}}],\"inLanguage\":\"fr-FR\"},{\"@type\":\"Organization\",\"@id\":\"https:\\\/\\\/quantongfastener.com\\\/#organization\",\"name\":\"Quantong Fastener\",\"url\":\"https:\\\/\\\/quantongfastener.com\\\/\",\"logo\":{\"@type\":\"ImageObject\",\"inLanguage\":\"fr-FR\",\"@id\":\"https:\\\/\\\/quantongfastener.com\\\/#\\\/schema\\\/logo\\\/image\\\/\",\"url\":\"https:\\\/\\\/quantongfastener.com\\\/wp-content\\\/uploads\\\/2025\\\/07\\\/logo.jpg\",\"contentUrl\":\"https:\\\/\\\/quantongfastener.com\\\/wp-content\\\/uploads\\\/2025\\\/07\\\/logo.jpg\",\"width\":425,\"height\":424,\"caption\":\"Quantong Fastener\"},\"image\":{\"@id\":\"https:\\\/\\\/quantongfastener.com\\\/#\\\/schema\\\/logo\\\/image\\\/\"}}]}<\/script>\n<!-- \/ Yoast SEO plugin. -->","yoast_head_json":{"title":"High Quality Factory Supply wedge Anchor Bolt - Quantong Fastener","robots":{"index":"index","follow":"follow","max-snippet":"max-snippet:-1","max-image-preview":"max-image-preview:large","max-video-preview":"max-video-preview:-1"},"canonical":"https:\/\/quantongfastener.com\/fr\/produit\/high-quality-factory-supply-wedge-anchor-bolt\/","og_locale":"fr_FR","og_type":"article","og_title":"High Quality Factory Supply wedge Anchor Bolt - Quantong Fastener","og_description":"Min.Order Quantity:1000PCS  PACKAGING:BAG\/BOX WITH PALLET  PORT:TIANJIN\/QINGDAO\/SHANGHAI\/NINGBO  DELIVERY:5-30DAYS ON QTY  PAYMENT:T\/T\/LC  Supply Ability:500 TON PER MONTH #  &nbsp;   FOB Price:US $0.5 - 9,999 \/ Piece  Min.Order Quantity:100 Piece\/Pieces  Supply Ability:10000 Piece\/Pieces per Month","og_url":"https:\/\/quantongfastener.com\/fr\/produit\/high-quality-factory-supply-wedge-anchor-bolt\/","og_site_name":"Quantong Fastener","article_modified_time":"2025-08-31T04:40:43+00:00","og_image":[{"width":610,"height":610,"url":"https:\/\/quantongfastener.com\/wp-content\/uploads\/2025\/08\/High-Quality-Factory-Supply-Wedge-Anchor-Bolt-5.jpg","type":"image\/jpeg"}],"twitter_card":"summary_large_image","twitter_misc":{"Dur\u00e9e de lecture estim\u00e9e":"3 minutes"},"schema":{"@context":"https:\/\/schema.org","@graph":[{"@type":"WebPage","@id":"https:\/\/quantongfastener.com\/product\/high-quality-factory-supply-wedge-anchor-bolt\/","url":"https:\/\/quantongfastener.com\/product\/high-quality-factory-supply-wedge-anchor-bolt\/","name":"High Quality Factory Supply wedge Anchor Bolt - Quantong Fastener","isPartOf":{"@id":"https:\/\/quantongfastener.com\/#website"},"primaryImageOfPage":{"@id":"https:\/\/quantongfastener.com\/product\/high-quality-factory-supply-wedge-anchor-bolt\/#primaryimage"},"image":{"@id":"https:\/\/quantongfastener.com\/product\/high-quality-factory-supply-wedge-anchor-bolt\/#primaryimage"},"thumbnailUrl":"https:\/\/quantongfastener.com\/wp-content\/uploads\/2025\/08\/High-Quality-Factory-Supply-Wedge-Anchor-Bolt-5.jpg","datePublished":"2025-08-10T15:05:30+00:00","dateModified":"2025-08-31T04:40:43+00:00","breadcrumb":{"@id":"https:\/\/quantongfastener.com\/product\/high-quality-factory-supply-wedge-anchor-bolt\/#breadcrumb"},"inLanguage":"fr-FR","potentialAction":[{"@type":"ReadAction","target":["https:\/\/quantongfastener.com\/product\/high-quality-factory-supply-wedge-anchor-bolt\/"]}]},{"@type":"ImageObject","inLanguage":"fr-FR","@id":"https:\/\/quantongfastener.com\/product\/high-quality-factory-supply-wedge-anchor-bolt\/#primaryimage","url":"https:\/\/quantongfastener.com\/wp-content\/uploads\/2025\/08\/High-Quality-Factory-Supply-Wedge-Anchor-Bolt-5.jpg","contentUrl":"https:\/\/quantongfastener.com\/wp-content\/uploads\/2025\/08\/High-Quality-Factory-Supply-Wedge-Anchor-Bolt-5.jpg","width":610,"height":610},{"@type":"BreadcrumbList","@id":"https:\/\/quantongfastener.com\/product\/high-quality-factory-supply-wedge-anchor-bolt\/#breadcrumb","itemListElement":[{"@type":"ListItem","position":1,"name":"Home","item":"https:\/\/quantongfastener.com\/"},{"@type":"ListItem","position":2,"name":"Products","item":"https:\/\/quantongfastener.com\/products\/"},{"@type":"ListItem","position":3,"name":"High Quality Factory Supply wedge Anchor Bolt"}]},{"@type":"WebSite","@id":"https:\/\/quantongfastener.com\/#website","url":"https:\/\/quantongfastener.com\/","name":"Attache Quantong","description":"","publisher":{"@id":"https:\/\/quantongfastener.com\/#organization"},"potentialAction":[{"@type":"SearchAction","target":{"@type":"EntryPoint","urlTemplate":"https:\/\/quantongfastener.com\/?s={search_term_string}"},"query-input":{"@type":"PropertyValueSpecification","valueRequired":true,"valueName":"search_term_string"}}],"inLanguage":"fr-FR"},{"@type":"Organization","@id":"https:\/\/quantongfastener.com\/#organization","name":"Attache Quantong","url":"https:\/\/quantongfastener.com\/","logo":{"@type":"ImageObject","inLanguage":"fr-FR","@id":"https:\/\/quantongfastener.com\/#\/schema\/logo\/image\/","url":"https:\/\/quantongfastener.com\/wp-content\/uploads\/2025\/07\/logo.jpg","contentUrl":"https:\/\/quantongfastener.com\/wp-content\/uploads\/2025\/07\/logo.jpg","width":425,"height":424,"caption":"Quantong Fastener"},"image":{"@id":"https:\/\/quantongfastener.com\/#\/schema\/logo\/image\/"}}]}},"_links":{"self":[{"href":"https:\/\/quantongfastener.com\/fr\/wp-json\/wp\/v2\/product\/2872","targetHints":{"allow":["GET"]}}],"collection":[{"href":"https:\/\/quantongfastener.com\/fr\/wp-json\/wp\/v2\/product"}],"about":[{"href":"https:\/\/quantongfastener.com\/fr\/wp-json\/wp\/v2\/types\/product"}],"wp:featuredmedia":[{"embeddable":true,"href":"https:\/\/quantongfastener.com\/fr\/wp-json\/wp\/v2\/media\/2877"}],"wp:attachment":[{"href":"https:\/\/quantongfastener.com\/fr\/wp-json\/wp\/v2\/media?parent=2872"}],"wp:term":[{"taxonomy":"product_brand","embeddable":true,"href":"https:\/\/quantongfastener.com\/fr\/wp-json\/wp\/v2\/product_brand?post=2872"},{"taxonomy":"product_cat","embeddable":true,"href":"https:\/\/quantongfastener.com\/fr\/wp-json\/wp\/v2\/product_cat?post=2872"},{"taxonomy":"product_tag","embeddable":true,"href":"https:\/\/quantongfastener.com\/fr\/wp-json\/wp\/v2\/product_tag?post=2872"}],"curies":[{"name":"wp","href":"https:\/\/api.w.org\/{rel}","templated":true}]}}