{"id":2854,"date":"2025-08-10T15:01:17","date_gmt":"2025-08-10T15:01:17","guid":{"rendered":"https:\/\/quantongfastener.com\/?post_type=product&#038;p=2854"},"modified":"2025-08-10T15:01:17","modified_gmt":"2025-08-10T15:01:17","slug":"chemical-anchor-bolt-with-nut-and-washer","status":"publish","type":"product","link":"https:\/\/quantongfastener.com\/fr\/produit\/chemical-anchor-bolt-with-nut-and-washer\/","title":{"rendered":"Boulon d'ancrage chimique avec \u00e9crou et rondelle"},"content":{"rendered":"<p><strong>Avantages du produit :<\/strong><\/p>\n<ol>\n<li><strong>Usinage de pr\u00e9cision<\/strong><\/li>\n<\/ol>\n<p align=\"justify\">\u2606 Mesurer et traiter \u00e0 l'aide de machines-outils de pr\u00e9cision et d'outils de mesure dans des conditions environnementales strictement contr\u00f4l\u00e9es.<\/p>\n<p align=\"justify\"><strong>\u00a0\u00a0<\/strong>\u00a0 \u00a0 \u00a0 2.<strong>Mat\u00e9riau m\u00e9tallique de haute qualit\u00e9<\/strong><\/p>\n<p align=\"justify\">\u2606 Longue dur\u00e9e de vie, faible production de chaleur, grande duret\u00e9, grande rigidit\u00e9, faible bruit, grande r\u00e9sistance \u00e0 l'usure et autres caract\u00e9ristiques.<\/p>\n<p align=\"justify\"><strong>\u00a0 \u00a0 \u00a0 \u00a0\u00a0<\/strong>3.<strong>\u00a0Rentabilit\u00e9<\/strong><\/p>\n<p align=\"justify\">\u2606 L'utilisation d'un mat\u00e9riau m\u00e9tallique de haute qualit\u00e9, apr\u00e8s un traitement et un formage de pr\u00e9cision, am\u00e9liore consid\u00e9rablement l'exp\u00e9rience de l'utilisateur.<\/p>\n<p><strong>Param\u00e8tre du produit :<\/strong><\/p>\n<p><a href=\"https:\/\/www.cyfastener.com\/uploads\/278_zh.png\"><img decoding=\"async\" class=\"alignnone size-full wp-image-6951\" src=\"https:\/\/www.cyfastener.com\/uploads\/278_zh.png\" alt=\"278_zh\" \/><\/a><\/p>\n<div class=\"table_wrap\">\n<table border=\"0\" cellspacing=\"0\" cellpadding=\"0\">\n<colgroup>\n<col span=\"12\" width=\"64\" \/><\/colgroup>\n<tbody>\n<tr>\n<td colspan=\"2\" width=\"128\" height=\"19\">Taille du filet<\/td>\n<td rowspan=\"2\" width=\"64\"><a>M12<\/a><\/td>\n<td rowspan=\"2\" width=\"64\"><a>M16<\/a><\/td>\n<td rowspan=\"2\" width=\"64\"><a>M20<\/a><\/td>\n<td rowspan=\"2\" width=\"64\"><a>M24<\/a><\/td>\n<td rowspan=\"2\" width=\"64\"><a>M30<\/a><\/td>\n<td rowspan=\"2\" width=\"64\"><a>M36<\/a><\/td>\n<td rowspan=\"2\" width=\"64\"><a>M42<\/a><\/td>\n<td rowspan=\"2\" width=\"64\"><a>M48<\/a><\/td>\n<td rowspan=\"2\" width=\"64\"><a>M56<\/a><\/td>\n<td rowspan=\"2\" width=\"64\"><a>M64<\/a><\/td>\n<\/tr>\n<tr>\n<td colspan=\"2\" width=\"128\" height=\"19\">d<\/td>\n<\/tr>\n<tr>\n<td height=\"19\">D<\/td>\n<td>Diam\u00e8tre de per\u00e7age<\/td>\n<td width=\"64\">15<\/td>\n<td width=\"64\">20<\/td>\n<td width=\"64\">25<\/td>\n<td width=\"64\">30<\/td>\n<td width=\"64\">36<\/td>\n<td width=\"64\">42<\/td>\n<td width=\"64\">48<\/td>\n<td width=\"64\">55<\/td>\n<td width=\"64\">62<\/td>\n<td width=\"64\">72<\/td>\n<\/tr>\n<tr>\n<td height=\"19\">t<\/td>\n<td id=\"id1\">profondeur d'installation<\/td>\n<td width=\"64\">110<\/td>\n<td width=\"64\">125<\/td>\n<td width=\"64\">170<\/td>\n<td width=\"64\">210<\/td>\n<td width=\"64\">280<\/td>\n<td width=\"64\">300<\/td>\n<td width=\"64\">350<\/td>\n<td width=\"64\">400<\/td>\n<td width=\"64\">500<\/td>\n<td width=\"64\">600<\/td>\n<\/tr>\n<tr>\n<td height=\"19\">h<\/td>\n<td id=\"id1\">Longueur expos\u00e9e du goujon<\/td>\n<td width=\"64\">30<\/td>\n<td width=\"64\">35<\/td>\n<td width=\"64\">40<\/td>\n<td width=\"64\">50<\/td>\n<td width=\"64\">60<\/td>\n<td width=\"64\">80<\/td>\n<td width=\"64\">90<\/td>\n<td width=\"64\">100<\/td>\n<td width=\"64\">120<\/td>\n<td width=\"64\">130<\/td>\n<\/tr>\n<tr>\n<td height=\"19\">Simple\u2248kg<\/td>\n<td id=\"id1\">Avec \u00e9crou et rondelle (L=100mm)<\/td>\n<td width=\"64\">0.113<\/td>\n<td width=\"64\">0.205<\/td>\n<td width=\"64\">0.336<\/td>\n<td width=\"64\">0.505<\/td>\n<td width=\"64\">0.857<\/td>\n<td width=\"64\">1.32<\/td>\n<td width=\"64\">1.94<\/td>\n<td width=\"64\">2.76<\/td>\n<td width=\"64\">3.87<\/td>\n<td width=\"64\">5.1<\/td>\n<\/tr>\n<tr>\n<td colspan=\"2\" height=\"20\">par augmentation de 10 mm<\/td>\n<td width=\"64\">0.009<\/td>\n<td width=\"64\">0.016<\/td>\n<td width=\"64\">0.025<\/td>\n<td width=\"64\">0.036<\/td>\n<td width=\"64\">0.055<\/td>\n<td width=\"64\">0.08<\/td>\n<td width=\"64\">0.109<\/td>\n<td width=\"64\">0.142<\/td>\n<td width=\"64\">0.193<\/td>\n<td width=\"64\">0.252<\/td>\n<\/tr>\n<\/tbody>\n<\/table>\n<\/div>\n<p><strong>NOTRE PAQUET :<\/strong><\/p>\n<p align=\"justify\">1. Sacs de 25 kg ou de 50 kg.<br \/>\n2. sacs avec palette.<br \/>\n3. Cartons de 25 kg ou cartons avec palette.<br \/>\n4. Emballage selon la demande du client<\/p>","protected":false},"excerpt":{"rendered":"<p>PRIX EXW : 720USD-910USD\/TONNE<br \/>\nQuantit\u00e9 minimale de commande : 2 tonnes<br \/>\nEMBALLAGE : SAC\/BO\u00ceTE AVEC PALETTE<br \/>\nPORT:TIANJIN\/QINGDAO\/SHANGHAI\/NINGBO<br \/>\nLIVRAISON : 5-30 JOURS SUR QTY<br \/>\nPAIEMENT : T\/T\/LC<br \/>\nCapacit\u00e9 d'approvisionnement : 600 TONNES PAR MOIS<\/p>\n<p>&nbsp;<\/p>\n<ul>\n<li><em>Prix FOB :<\/em>US $0.5 - 9 999 \/ Pi\u00e8ce<\/li>\n<li><em>Quantit\u00e9 minimale de commande :<\/em>100 pi\u00e8ces\/pi\u00e8ces<\/li>\n<li><em>Capacit\u00e9 d'approvisionnement :<\/em>10000 pi\u00e8ces par mois<\/li>\n<\/ul>","protected":false},"featured_media":2856,"template":"","meta":{"_kad_post_transparent":"default","_kad_post_title":"","_kad_post_layout":"default","_kad_post_sidebar_id":"","_kad_post_content_style":"default","_kad_post_vertical_padding":"default","_kad_post_feature":"","_kad_post_feature_position":"","_kad_post_header":false,"_kad_post_footer":false},"product_brand":[],"product_cat":[33],"product_tag":[],"class_list":{"0":"post-2854","1":"product","2":"type-product","3":"status-publish","4":"has-post-thumbnail","6":"product_cat-anchor-bolt","8":"first","9":"instock","10":"shipping-taxable","11":"product-type-simple","12":"entry","13":"content-bg","14":"loop-entry"},"yoast_head":"<!-- This site is optimized with the Yoast SEO plugin v27.4 - https:\/\/yoast.com\/product\/yoast-seo-wordpress\/ -->\n<title>Chemical Anchor Bolt With Nut And Washer - Quantong Fastener<\/title>\n<meta name=\"robots\" content=\"index, follow, max-snippet:-1, max-image-preview:large, max-video-preview:-1\" \/>\n<link rel=\"canonical\" href=\"https:\/\/quantongfastener.com\/fr\/produit\/chemical-anchor-bolt-with-nut-and-washer\/\" \/>\n<meta property=\"og:locale\" content=\"fr_FR\" \/>\n<meta property=\"og:type\" content=\"article\" \/>\n<meta property=\"og:title\" content=\"Chemical Anchor Bolt With Nut And Washer - Quantong Fastener\" \/>\n<meta property=\"og:description\" content=\"EXW PRICE : 720USD-910USD\/TON Min.Order Quantity:2TONS PACKAGING:BAG\/BOX WITH PALLET PORT:TIANJIN\/QINGDAO\/SHANGHAI\/NINGBO DELIVERY:5-30DAYS ON QTY PAYMENT:T\/T\/LC Supply Ability:600 TON PER MONTH  &nbsp;   FOB Price:US $0.5 - 9,999 \/ Piece  Min.Order Quantity:100 Piece\/Pieces  Supply Ability:10000 Piece\/Pieces per Month\" \/>\n<meta property=\"og:url\" content=\"https:\/\/quantongfastener.com\/fr\/produit\/chemical-anchor-bolt-with-nut-and-washer\/\" \/>\n<meta property=\"og:site_name\" content=\"Quantong Fastener\" \/>\n<meta property=\"og:image\" content=\"https:\/\/quantongfastener.com\/wp-content\/uploads\/2025\/08\/Chemical-Anchor-Bolt-With-Nut-And-Washer-2.jpg\" \/>\n\t<meta property=\"og:image:width\" content=\"610\" \/>\n\t<meta property=\"og:image:height\" content=\"610\" \/>\n\t<meta property=\"og:image:type\" content=\"image\/jpeg\" \/>\n<meta name=\"twitter:card\" content=\"summary_large_image\" \/>\n<meta name=\"twitter:label1\" content=\"Dur\u00e9e de lecture estim\u00e9e\" \/>\n\t<meta name=\"twitter:data1\" content=\"2 minutes\" \/>\n<script type=\"application\/ld+json\" class=\"yoast-schema-graph\">{\"@context\":\"https:\\\/\\\/schema.org\",\"@graph\":[{\"@type\":\"WebPage\",\"@id\":\"https:\\\/\\\/quantongfastener.com\\\/product\\\/chemical-anchor-bolt-with-nut-and-washer\\\/\",\"url\":\"https:\\\/\\\/quantongfastener.com\\\/product\\\/chemical-anchor-bolt-with-nut-and-washer\\\/\",\"name\":\"Chemical Anchor Bolt With Nut And Washer - Quantong Fastener\",\"isPartOf\":{\"@id\":\"https:\\\/\\\/quantongfastener.com\\\/#website\"},\"primaryImageOfPage\":{\"@id\":\"https:\\\/\\\/quantongfastener.com\\\/product\\\/chemical-anchor-bolt-with-nut-and-washer\\\/#primaryimage\"},\"image\":{\"@id\":\"https:\\\/\\\/quantongfastener.com\\\/product\\\/chemical-anchor-bolt-with-nut-and-washer\\\/#primaryimage\"},\"thumbnailUrl\":\"https:\\\/\\\/quantongfastener.com\\\/wp-content\\\/uploads\\\/2025\\\/08\\\/Chemical-Anchor-Bolt-With-Nut-And-Washer-2.jpg\",\"datePublished\":\"2025-08-10T15:01:17+00:00\",\"breadcrumb\":{\"@id\":\"https:\\\/\\\/quantongfastener.com\\\/product\\\/chemical-anchor-bolt-with-nut-and-washer\\\/#breadcrumb\"},\"inLanguage\":\"fr-FR\",\"potentialAction\":[{\"@type\":\"ReadAction\",\"target\":[\"https:\\\/\\\/quantongfastener.com\\\/product\\\/chemical-anchor-bolt-with-nut-and-washer\\\/\"]}]},{\"@type\":\"ImageObject\",\"inLanguage\":\"fr-FR\",\"@id\":\"https:\\\/\\\/quantongfastener.com\\\/product\\\/chemical-anchor-bolt-with-nut-and-washer\\\/#primaryimage\",\"url\":\"https:\\\/\\\/quantongfastener.com\\\/wp-content\\\/uploads\\\/2025\\\/08\\\/Chemical-Anchor-Bolt-With-Nut-And-Washer-2.jpg\",\"contentUrl\":\"https:\\\/\\\/quantongfastener.com\\\/wp-content\\\/uploads\\\/2025\\\/08\\\/Chemical-Anchor-Bolt-With-Nut-And-Washer-2.jpg\",\"width\":610,\"height\":610},{\"@type\":\"BreadcrumbList\",\"@id\":\"https:\\\/\\\/quantongfastener.com\\\/product\\\/chemical-anchor-bolt-with-nut-and-washer\\\/#breadcrumb\",\"itemListElement\":[{\"@type\":\"ListItem\",\"position\":1,\"name\":\"Home\",\"item\":\"https:\\\/\\\/quantongfastener.com\\\/\"},{\"@type\":\"ListItem\",\"position\":2,\"name\":\"Products\",\"item\":\"https:\\\/\\\/quantongfastener.com\\\/products\\\/\"},{\"@type\":\"ListItem\",\"position\":3,\"name\":\"Chemical Anchor Bolt With Nut And Washer\"}]},{\"@type\":\"WebSite\",\"@id\":\"https:\\\/\\\/quantongfastener.com\\\/#website\",\"url\":\"https:\\\/\\\/quantongfastener.com\\\/\",\"name\":\"Quantong Fastener\",\"description\":\"\",\"publisher\":{\"@id\":\"https:\\\/\\\/quantongfastener.com\\\/#organization\"},\"potentialAction\":[{\"@type\":\"SearchAction\",\"target\":{\"@type\":\"EntryPoint\",\"urlTemplate\":\"https:\\\/\\\/quantongfastener.com\\\/?s={search_term_string}\"},\"query-input\":{\"@type\":\"PropertyValueSpecification\",\"valueRequired\":true,\"valueName\":\"search_term_string\"}}],\"inLanguage\":\"fr-FR\"},{\"@type\":\"Organization\",\"@id\":\"https:\\\/\\\/quantongfastener.com\\\/#organization\",\"name\":\"Quantong Fastener\",\"url\":\"https:\\\/\\\/quantongfastener.com\\\/\",\"logo\":{\"@type\":\"ImageObject\",\"inLanguage\":\"fr-FR\",\"@id\":\"https:\\\/\\\/quantongfastener.com\\\/#\\\/schema\\\/logo\\\/image\\\/\",\"url\":\"https:\\\/\\\/quantongfastener.com\\\/wp-content\\\/uploads\\\/2025\\\/07\\\/logo.jpg\",\"contentUrl\":\"https:\\\/\\\/quantongfastener.com\\\/wp-content\\\/uploads\\\/2025\\\/07\\\/logo.jpg\",\"width\":425,\"height\":424,\"caption\":\"Quantong Fastener\"},\"image\":{\"@id\":\"https:\\\/\\\/quantongfastener.com\\\/#\\\/schema\\\/logo\\\/image\\\/\"}}]}<\/script>\n<!-- \/ Yoast SEO plugin. -->","yoast_head_json":{"title":"Chemical Anchor Bolt With Nut And Washer - Quantong Fastener","robots":{"index":"index","follow":"follow","max-snippet":"max-snippet:-1","max-image-preview":"max-image-preview:large","max-video-preview":"max-video-preview:-1"},"canonical":"https:\/\/quantongfastener.com\/fr\/produit\/chemical-anchor-bolt-with-nut-and-washer\/","og_locale":"fr_FR","og_type":"article","og_title":"Chemical Anchor Bolt With Nut And Washer - Quantong Fastener","og_description":"EXW PRICE : 720USD-910USD\/TON Min.Order Quantity:2TONS PACKAGING:BAG\/BOX WITH PALLET PORT:TIANJIN\/QINGDAO\/SHANGHAI\/NINGBO DELIVERY:5-30DAYS ON QTY PAYMENT:T\/T\/LC Supply Ability:600 TON PER MONTH  &nbsp;   FOB Price:US $0.5 - 9,999 \/ Piece  Min.Order Quantity:100 Piece\/Pieces  Supply Ability:10000 Piece\/Pieces per Month","og_url":"https:\/\/quantongfastener.com\/fr\/produit\/chemical-anchor-bolt-with-nut-and-washer\/","og_site_name":"Quantong Fastener","og_image":[{"width":610,"height":610,"url":"https:\/\/quantongfastener.com\/wp-content\/uploads\/2025\/08\/Chemical-Anchor-Bolt-With-Nut-And-Washer-2.jpg","type":"image\/jpeg"}],"twitter_card":"summary_large_image","twitter_misc":{"Dur\u00e9e de lecture estim\u00e9e":"2 minutes"},"schema":{"@context":"https:\/\/schema.org","@graph":[{"@type":"WebPage","@id":"https:\/\/quantongfastener.com\/product\/chemical-anchor-bolt-with-nut-and-washer\/","url":"https:\/\/quantongfastener.com\/product\/chemical-anchor-bolt-with-nut-and-washer\/","name":"Chemical Anchor Bolt With Nut And Washer - Quantong Fastener","isPartOf":{"@id":"https:\/\/quantongfastener.com\/#website"},"primaryImageOfPage":{"@id":"https:\/\/quantongfastener.com\/product\/chemical-anchor-bolt-with-nut-and-washer\/#primaryimage"},"image":{"@id":"https:\/\/quantongfastener.com\/product\/chemical-anchor-bolt-with-nut-and-washer\/#primaryimage"},"thumbnailUrl":"https:\/\/quantongfastener.com\/wp-content\/uploads\/2025\/08\/Chemical-Anchor-Bolt-With-Nut-And-Washer-2.jpg","datePublished":"2025-08-10T15:01:17+00:00","breadcrumb":{"@id":"https:\/\/quantongfastener.com\/product\/chemical-anchor-bolt-with-nut-and-washer\/#breadcrumb"},"inLanguage":"fr-FR","potentialAction":[{"@type":"ReadAction","target":["https:\/\/quantongfastener.com\/product\/chemical-anchor-bolt-with-nut-and-washer\/"]}]},{"@type":"ImageObject","inLanguage":"fr-FR","@id":"https:\/\/quantongfastener.com\/product\/chemical-anchor-bolt-with-nut-and-washer\/#primaryimage","url":"https:\/\/quantongfastener.com\/wp-content\/uploads\/2025\/08\/Chemical-Anchor-Bolt-With-Nut-And-Washer-2.jpg","contentUrl":"https:\/\/quantongfastener.com\/wp-content\/uploads\/2025\/08\/Chemical-Anchor-Bolt-With-Nut-And-Washer-2.jpg","width":610,"height":610},{"@type":"BreadcrumbList","@id":"https:\/\/quantongfastener.com\/product\/chemical-anchor-bolt-with-nut-and-washer\/#breadcrumb","itemListElement":[{"@type":"ListItem","position":1,"name":"Home","item":"https:\/\/quantongfastener.com\/"},{"@type":"ListItem","position":2,"name":"Products","item":"https:\/\/quantongfastener.com\/products\/"},{"@type":"ListItem","position":3,"name":"Chemical Anchor Bolt With Nut And Washer"}]},{"@type":"WebSite","@id":"https:\/\/quantongfastener.com\/#website","url":"https:\/\/quantongfastener.com\/","name":"Attache Quantong","description":"","publisher":{"@id":"https:\/\/quantongfastener.com\/#organization"},"potentialAction":[{"@type":"SearchAction","target":{"@type":"EntryPoint","urlTemplate":"https:\/\/quantongfastener.com\/?s={search_term_string}"},"query-input":{"@type":"PropertyValueSpecification","valueRequired":true,"valueName":"search_term_string"}}],"inLanguage":"fr-FR"},{"@type":"Organization","@id":"https:\/\/quantongfastener.com\/#organization","name":"Attache Quantong","url":"https:\/\/quantongfastener.com\/","logo":{"@type":"ImageObject","inLanguage":"fr-FR","@id":"https:\/\/quantongfastener.com\/#\/schema\/logo\/image\/","url":"https:\/\/quantongfastener.com\/wp-content\/uploads\/2025\/07\/logo.jpg","contentUrl":"https:\/\/quantongfastener.com\/wp-content\/uploads\/2025\/07\/logo.jpg","width":425,"height":424,"caption":"Quantong Fastener"},"image":{"@id":"https:\/\/quantongfastener.com\/#\/schema\/logo\/image\/"}}]}},"_links":{"self":[{"href":"https:\/\/quantongfastener.com\/fr\/wp-json\/wp\/v2\/product\/2854","targetHints":{"allow":["GET"]}}],"collection":[{"href":"https:\/\/quantongfastener.com\/fr\/wp-json\/wp\/v2\/product"}],"about":[{"href":"https:\/\/quantongfastener.com\/fr\/wp-json\/wp\/v2\/types\/product"}],"wp:featuredmedia":[{"embeddable":true,"href":"https:\/\/quantongfastener.com\/fr\/wp-json\/wp\/v2\/media\/2856"}],"wp:attachment":[{"href":"https:\/\/quantongfastener.com\/fr\/wp-json\/wp\/v2\/media?parent=2854"}],"wp:term":[{"taxonomy":"product_brand","embeddable":true,"href":"https:\/\/quantongfastener.com\/fr\/wp-json\/wp\/v2\/product_brand?post=2854"},{"taxonomy":"product_cat","embeddable":true,"href":"https:\/\/quantongfastener.com\/fr\/wp-json\/wp\/v2\/product_cat?post=2854"},{"taxonomy":"product_tag","embeddable":true,"href":"https:\/\/quantongfastener.com\/fr\/wp-json\/wp\/v2\/product_tag?post=2854"}],"curies":[{"name":"wp","href":"https:\/\/api.w.org\/{rel}","templated":true}]}}