{"id":2783,"date":"2025-08-10T14:33:07","date_gmt":"2025-08-10T14:33:07","guid":{"rendered":"https:\/\/quantongfastener.com\/?post_type=product&#038;p=2783"},"modified":"2025-08-31T05:23:04","modified_gmt":"2025-08-31T05:23:04","slug":"din-471-retaining-rings-for-shafts","status":"publish","type":"product","link":"https:\/\/quantongfastener.com\/fr\/produit\/din-471-retaining-rings-for-shafts\/","title":{"rendered":"DIN 471 Anneaux de retenue pour arbres"},"content":{"rendered":"<div class=\"fl-row fl-row-full-width fl-row-bg-none fl-node-5e61c71c1d473\" data-node=\"5e61c71c1d473\">\n<div class=\"fl-row-content-wrap\">\n<div class=\"fl-row-content fl-row-full-width fl-node-content\">\n<div class=\"fl-col-group fl-node-5e61c71c1d4bd\" data-node=\"5e61c71c1d4bd\">\n<div class=\"fl-col fl-node-5e61c71c1d509\" data-node=\"5e61c71c1d509\">\n<div class=\"fl-col-content fl-node-content\">\n<div class=\"fl-module fl-module-rich-text fl-node-5e61c71c1d556\" data-node=\"5e61c71c1d556\" data-animation-delay=\"0.0\">\n<div class=\"fl-module-content fl-node-content\">\n<div class=\"fl-rich-text\">\n<div class=\"table_wrap\">\n<table border=\"1\" cellspacing=\"0\">\n<tbody>\n<tr>\n<td valign=\"top\" width=\"161\">Nom du produit<\/td>\n<td valign=\"top\" width=\"406\">Bagues de retenue pour arbres<\/td>\n<\/tr>\n<tr>\n<td valign=\"top\" width=\"161\">Taille<\/td>\n<td valign=\"top\" width=\"406\">M8-300<\/td>\n<\/tr>\n<tr>\n<td valign=\"top\" width=\"161\">Mat\u00e9riau<\/td>\n<td valign=\"top\" width=\"406\">Acier \u00e0 ressort<\/td>\n<\/tr>\n<tr>\n<td valign=\"top\" width=\"161\">Traitement de surface<\/td>\n<td valign=\"top\" width=\"406\">Noir<\/td>\n<\/tr>\n<tr>\n<td valign=\"top\" width=\"161\">Standard<\/td>\n<td valign=\"top\" width=\"406\">DIN\/ISO<\/td>\n<\/tr>\n<tr>\n<td valign=\"top\" width=\"161\">Certificat<\/td>\n<td valign=\"top\" width=\"406\">ISO 9001<\/td>\n<\/tr>\n<tr>\n<td valign=\"top\" width=\"161\">\u00c9chantillon<\/td>\n<td valign=\"top\" width=\"406\">\u00c9chantillons gratuits<\/td>\n<\/tr>\n<\/tbody>\n<\/table>\n<\/div>\n<\/div>\n<\/div>\n<\/div>\n<\/div>\n<\/div>\n<\/div>\n<div class=\"fl-col-group fl-node-5e61c76655e58\" data-node=\"5e61c76655e58\">\n<div class=\"fl-col fl-node-5e61c76656339 fl-col-has-cols\" data-node=\"5e61c76656339\">\n<div class=\"fl-col-content fl-node-content\">\n<div class=\"fl-module fl-module-rich-text fl-node-5e61c76655b92\" data-node=\"5e61c76655b92\" data-animation-delay=\"0.0\">\n<div class=\"fl-module-content fl-node-content\">\n<div class=\"fl-rich-text\">\n<p>L'anneau de retenue \u00e9lastique pour arbre est une sorte de mouvement axial install\u00e9 sur l'arbre rainur\u00e9 et utilis\u00e9 pour fixer des pi\u00e8ces. Lors de l'installation, vous devez utiliser une pince \u00e0 circlips, ins\u00e9rer l'embouchure de la pince dans le trou de la bague de retenue, et \u00e9largir la bague de retenue avant qu'elle puisse \u00eatre plac\u00e9e sur la rainure pr\u00e9-usin\u00e9e de l'arbre.<\/p>\n<\/div>\n<\/div>\n<\/div>\n<div class=\"fl-col-group fl-node-5e7c09d179e5b fl-col-group-nested\" data-node=\"5e7c09d179e5b\">\n<div class=\"fl-col fl-node-5e7c09d17a361 fl-col-small\" data-node=\"5e7c09d17a361\">\n<div class=\"fl-col-content fl-node-content\">\n<div class=\"fl-module fl-module-rich-text fl-node-5e61c7812190f\" data-node=\"5e61c7812190f\" data-animation-delay=\"0.0\">\n<div class=\"fl-module-content fl-node-content\">\n<div class=\"fl-rich-text\">\n<p><img decoding=\"async\" class=\"alignnone size-full wp-image-1197\" src=\"https:\/\/www.cyfastener.com\/uploads\/80494e5b4.png\" alt=\"pc05\" \/><\/p>\n<\/div>\n<\/div>\n<\/div>\n<\/div>\n<\/div>\n<div class=\"fl-col fl-node-5e7c09d17a3b8 fl-col-small\" data-node=\"5e7c09d17a3b8\">\n<div class=\"fl-col-content fl-node-content\">\n<div class=\"fl-module fl-module-rich-text fl-node-5e61c7cf9dbcc\" data-node=\"5e61c7cf9dbcc\" data-animation-delay=\"0.0\">\n<div class=\"fl-module-content fl-node-content\">\n<div class=\"fl-rich-text\">\n<p><img decoding=\"async\" class=\"alignnone size-full wp-image-1197\" src=\"https:\/\/www.cyfastener.com\/uploads\/f3f26aed3.png\" alt=\"pc05\" \/><\/p>\n<\/div>\n<\/div>\n<\/div>\n<\/div>\n<\/div>\n<\/div>\n<div class=\"fl-col-group fl-node-5e61c77e1bc4e fl-col-group-nested\" data-node=\"5e61c77e1bc4e\">\n<div class=\"fl-col fl-node-5e61c77e1c502 fl-col-small\" data-node=\"5e61c77e1c502\">\n<div class=\"fl-col-content fl-node-content\">\n<div class=\"fl-module fl-module-rich-text fl-node-5e61c7f856ba6\" data-node=\"5e61c7f856ba6\" data-animation-delay=\"0.0\">\n<div class=\"fl-module-content fl-node-content\">\n<div class=\"fl-rich-text\">\n<p><img decoding=\"async\" class=\"alignnone size-full wp-image-1197\" src=\"https:\/\/www.cyfastener.com\/uploads\/fe8db6512.png\" alt=\"pc05\" \/><\/p>\n<\/div>\n<\/div>\n<\/div>\n<\/div>\n<\/div>\n<div class=\"fl-col fl-node-5e61c77e1c555 fl-col-small\" data-node=\"5e61c77e1c555\">\n<div class=\"fl-col-content fl-node-content\">\n<div class=\"fl-module fl-module-rich-text fl-node-5e61c81a180e7\" data-node=\"5e61c81a180e7\" data-animation-delay=\"0.0\">\n<div class=\"fl-module-content fl-node-content\">\n<div class=\"fl-rich-text\">\n<p><img decoding=\"async\" class=\"alignnone size-full wp-image-2290\" src=\"https:\/\/www.cyfastener.com\/uploads\/b8ca4fa02.png\" alt=\"pd4\" \/><\/p>\n<\/div>\n<\/div>\n<\/div>\n<\/div>\n<\/div>\n<\/div>\n<div class=\"fl-col-group fl-node-5e7c09c542795 fl-col-group-nested\" data-node=\"5e7c09c542795\">\n<div class=\"fl-col fl-node-5e7c09c542d6a fl-col-small\" data-node=\"5e7c09c542d6a\">\n<div class=\"fl-col-content fl-node-content\">\n<div class=\"fl-module fl-module-rich-text fl-node-5e61c85506ffd\" data-node=\"5e61c85506ffd\" data-animation-delay=\"0.0\">\n<div class=\"fl-module-content fl-node-content\">\n<div class=\"fl-rich-text\">\n<p><img decoding=\"async\" class=\"alignnone size-full wp-image-1197\" src=\"https:\/\/www.cyfastener.com\/uploads\/ab9a05802.png\" alt=\"pc05\" \/><\/p>\n<\/div>\n<\/div>\n<\/div>\n<\/div>\n<\/div>\n<div class=\"fl-col fl-node-5e7c09c542dc8 fl-col-small\" data-node=\"5e7c09c542dc8\">\n<div class=\"fl-col-content fl-node-content\">\n<div class=\"fl-module fl-module-rich-text fl-node-5e61c857119e5\" data-node=\"5e61c857119e5\" data-animation-delay=\"0.0\">\n<div class=\"fl-module-content fl-node-content\">\n<div class=\"fl-rich-text\">\n<p><img decoding=\"async\" class=\"alignnone size-full wp-image-2290\" src=\"https:\/\/www.cyfastener.com\/uploads\/2e58df8d2.png\" alt=\"pd4\" \/><\/p>\n<\/div>\n<\/div>\n<\/div>\n<\/div>\n<\/div>\n<\/div>\n<div class=\"fl-module fl-module-rich-text fl-node-5e61c8feb43fb\" data-node=\"5e61c8feb43fb\" data-animation-delay=\"0.0\">\n<div class=\"fl-module-content fl-node-content\">\n<div class=\"fl-rich-text\">\n<p>La pince \u00e0 anneau de retenue pour arbres et la pince \u00e0 anneau de retenue pour trous se distinguent principalement par les points suivants : la pince \u00e0 anneau de retenue pour arbres est un outil sp\u00e9cial pour le d\u00e9montage et l'installation des anneaux de retenue \u00e0 ressort pour arbres, et les m\u00e2choires sont ouvertes lorsque les mains de la pince \u00e0 anneau de retenue pour arbres sont serr\u00e9es ; la pince \u00e0 anneau de retenue est utilis\u00e9e pour l'anneau de retenue \u00e0 ressort du trou de d\u00e9sassemblage. Lorsque la main est serr\u00e9e, la m\u00e2choire est ferm\u00e9e.<\/p>\n<\/div>\n<\/div>\n<\/div>\n<div class=\"fl-col-group fl-node-5e61c91f1edd7 fl-col-group-nested\" data-node=\"5e61c91f1edd7\">\n<div class=\"fl-col fl-node-5e61c91f1f418 fl-col-small\" data-node=\"5e61c91f1f418\">\n<div class=\"fl-col-content fl-node-content\">\n<div class=\"fl-module fl-module-rich-text fl-node-5e61c924382b8\" data-node=\"5e61c924382b8\" data-animation-delay=\"0.0\">\n<div class=\"fl-module-content fl-node-content\">\n<div class=\"fl-rich-text\">\n<p><img decoding=\"async\" class=\"alignnone size-full wp-image-1197\" src=\"https:\/\/www.cyfastener.com\/uploads\/e18d13c61.png\" alt=\"pc05\" \/><\/p>\n<\/div>\n<\/div>\n<\/div>\n<\/div>\n<\/div>\n<div class=\"fl-col fl-node-5e61c91f1f46c fl-col-small\" data-node=\"5e61c91f1f46c\">\n<div class=\"fl-col-content fl-node-content\">\n<div class=\"fl-module fl-module-rich-text fl-node-5e61c92e51073\" data-node=\"5e61c92e51073\" data-animation-delay=\"0.0\">\n<div class=\"fl-module-content fl-node-content\">\n<div class=\"fl-rich-text\">\n<p><img decoding=\"async\" class=\"alignnone size-full wp-image-1197\" src=\"https:\/\/www.cyfastener.com\/uploads\/12d504e42.png\" alt=\"pc05\" \/><\/p>\n<\/div>\n<\/div>\n<\/div>\n<\/div>\n<\/div>\n<\/div>\n<\/div>\n<\/div>\n<\/div>\n<\/div>\n<\/div>\n<\/div>\n<div class=\"fl-row fl-row-full-width fl-row-bg-none fl-node-5e61c71c1dd92\" data-node=\"5e61c71c1dd92\">\n<div class=\"fl-row-content-wrap\">\n<div class=\"fl-row-content fl-row-full-width fl-node-content\">\n<div class=\"fl-col-group fl-node-5e61c71c1dde0\" data-node=\"5e61c71c1dde0\">\n<div class=\"fl-col fl-node-5e61c71c1de5f\" data-node=\"5e61c71c1de5f\">\n<div class=\"fl-col-content fl-node-content\">\n<div class=\"fl-module fl-module-rich-text fl-node-5e61c71c1deaa\" data-node=\"5e61c71c1deaa\" data-animation-delay=\"0.0\">\n<div class=\"fl-module-content fl-node-content\">\n<div class=\"fl-rich-text\">\n<p><strong>Avantages du produit :<\/strong><\/p>\n<\/div>\n<\/div>\n<\/div>\n<\/div>\n<\/div>\n<\/div>\n<\/div>\n<\/div>\n<\/div>\n<div class=\"fl-row fl-row-full-width fl-row-bg-none fl-node-5e61c71c1ebe6\" data-node=\"5e61c71c1ebe6\">\n<div class=\"fl-row-content-wrap\">\n<div class=\"fl-row-content fl-row-full-width fl-node-content\">\n<div class=\"fl-col-group fl-node-5e61c71c1ec3f\" data-node=\"5e61c71c1ec3f\">\n<div class=\"fl-col fl-node-5e61c71c1ec88\" data-node=\"5e61c71c1ec88\">\n<div class=\"fl-col-content fl-node-content\">\n<div class=\"fl-module fl-module-rich-text fl-node-5e61c71c1d666\" data-node=\"5e61c71c1d666\" data-animation-delay=\"0.0\">\n<div class=\"fl-module-content fl-node-content\">\n<div class=\"fl-rich-text\">\n<ol>\n<li><strong>Usinage de pr\u00e9cision<\/strong><\/li>\n<\/ol>\n<p align=\"justify\">\u2606 Mesurer et traiter \u00e0 l'aide de machines-outils de pr\u00e9cision et d'outils de mesure dans des conditions environnementales strictement contr\u00f4l\u00e9es.<\/p>\n<ol>\n<li><strong>Haute qualit\u00e9<\/strong><\/li>\n<\/ol>\n<p align=\"justify\">\u2606 Longue dur\u00e9e de vie, faible production de chaleur, grande duret\u00e9, grande rigidit\u00e9, faible bruit, grande r\u00e9sistance \u00e0 l'usure et autres caract\u00e9ristiques.<\/p>\n<ol>\n<li><strong>Rentabilit\u00e9<\/strong><\/li>\n<\/ol>\n<p align=\"justify\">\u2606 L'utilisation d'acier au carbone de haute qualit\u00e9, apr\u00e8s un traitement et un formage de pr\u00e9cision, am\u00e9liore consid\u00e9rablement l'exp\u00e9rience de l'utilisateur.<\/p>\n<\/div>\n<\/div>\n<\/div>\n<\/div>\n<\/div>\n<\/div>\n<\/div>\n<\/div>\n<\/div>\n<div class=\"fl-row fl-row-full-width fl-row-bg-none fl-node-5e61c71c1e063\" data-node=\"5e61c71c1e063\">\n<div class=\"fl-row-content-wrap\">\n<div class=\"fl-row-content fl-row-full-width fl-node-content\">\n<div class=\"fl-col-group fl-node-5e61c71c1e0a8\" data-node=\"5e61c71c1e0a8\">\n<div class=\"fl-col fl-node-5e61c71c1e0ec\" data-node=\"5e61c71c1e0ec\">\n<div class=\"fl-col-content fl-node-content\">\n<div class=\"fl-module fl-module-rich-text fl-node-5e61c71c1e131\" data-node=\"5e61c71c1e131\" data-animation-delay=\"0.0\">\n<div class=\"fl-module-content fl-node-content\">\n<div class=\"fl-rich-text\">\n<p><strong>NOTRE PAQUET :<\/strong><\/p>\n<\/div>\n<\/div>\n<\/div>\n<\/div>\n<\/div>\n<\/div>\n<div class=\"fl-col-group fl-node-5e61c71c1e941\" data-node=\"5e61c71c1e941\">\n<div class=\"fl-col fl-node-5e61c71c1e95e fl-col-has-cols\" data-node=\"5e61c71c1e95e\">\n<div class=\"fl-col-content fl-node-content\">\n<div class=\"fl-module fl-module-rich-text fl-node-5e61c71c1d701\" data-node=\"5e61c71c1d701\" data-animation-delay=\"0.0\">\n<div class=\"fl-module-content fl-node-content\">\n<div class=\"fl-rich-text\">\n<p align=\"justify\">1. Sacs de 25 kg ou de 50 kg.<br \/>\n2. sacs avec palette.<br \/>\n3. Cartons de 25 kg ou cartons avec palette.<br \/>\n4. Emballage selon la demande du client<\/p>\n<\/div>\n<\/div>\n<\/div>\n<\/div>\n<\/div>\n<\/div>\n<\/div>\n<\/div>\n<\/div>","protected":false},"excerpt":{"rendered":"<p>Quantit\u00e9 minimale de commande : 1000PCS<\/p>\n<p>EMBALLAGE : SAC\/BO\u00ceTE AVEC PALETTE<\/p>\n<p>PORT:TIANJIN\/QINGDAO\/SHANGHAI\/NINGBO<\/p>\n<p>LIVRAISON : 5-30 JOURS SUR QTY<\/p>\n<p>PAIEMENT : T\/T\/LC<\/p>\n<p>Capacit\u00e9 d'approvisionnement : 500 TONNES PAR MOIS<\/p>","protected":false},"featured_media":2785,"template":"","meta":{"_kad_post_transparent":"default","_kad_post_title":"","_kad_post_layout":"default","_kad_post_sidebar_id":"","_kad_post_content_style":"default","_kad_post_vertical_padding":"default","_kad_post_feature":"","_kad_post_feature_position":"","_kad_post_header":false,"_kad_post_footer":false},"product_brand":[],"product_cat":[70,32],"product_tag":[],"class_list":{"0":"post-2783","1":"product","2":"type-product","3":"status-publish","4":"has-post-thumbnail","6":"product_cat-din-471-retaining-rings-for-shaft","7":"product_cat-washer","9":"first","10":"instock","11":"shipping-taxable","12":"product-type-simple","13":"entry","14":"content-bg","15":"loop-entry"},"yoast_head":"<!-- This site is optimized with the Yoast SEO plugin v27.4 - https:\/\/yoast.com\/product\/yoast-seo-wordpress\/ -->\n<title>DIN 471 Retaining Rings For Shafts - Quantong Fastener<\/title>\n<meta name=\"robots\" content=\"index, follow, max-snippet:-1, max-image-preview:large, max-video-preview:-1\" \/>\n<link rel=\"canonical\" href=\"https:\/\/quantongfastener.com\/fr\/produit\/din-471-retaining-rings-for-shafts\/\" \/>\n<meta property=\"og:locale\" content=\"fr_FR\" \/>\n<meta property=\"og:type\" content=\"article\" \/>\n<meta property=\"og:title\" content=\"DIN 471 Retaining Rings For Shafts - Quantong Fastener\" \/>\n<meta property=\"og:description\" content=\"Min.Order Quantity:1000PCS  PACKAGING:BAG\/BOX WITH PALLET  PORT:TIANJIN\/QINGDAO\/SHANGHAI\/NINGBO  DELIVERY:5-30DAYS ON QTY  PAYMENT:T\/T\/LC  Supply Ability:500 TON PER MONTH\" \/>\n<meta property=\"og:url\" content=\"https:\/\/quantongfastener.com\/fr\/produit\/din-471-retaining-rings-for-shafts\/\" \/>\n<meta property=\"og:site_name\" content=\"Quantong Fastener\" \/>\n<meta property=\"article:modified_time\" content=\"2025-08-31T05:23:04+00:00\" \/>\n<meta property=\"og:image\" content=\"https:\/\/quantongfastener.com\/wp-content\/uploads\/2025\/08\/DIN-471-Retaining-Rings-For-Shafts-3.jpg\" \/>\n\t<meta property=\"og:image:width\" content=\"610\" \/>\n\t<meta property=\"og:image:height\" content=\"610\" \/>\n\t<meta property=\"og:image:type\" content=\"image\/jpeg\" \/>\n<meta name=\"twitter:card\" content=\"summary_large_image\" \/>\n<meta name=\"twitter:label1\" content=\"Dur\u00e9e de lecture estim\u00e9e\" \/>\n\t<meta name=\"twitter:data1\" content=\"3 minutes\" \/>\n<script type=\"application\/ld+json\" class=\"yoast-schema-graph\">{\"@context\":\"https:\\\/\\\/schema.org\",\"@graph\":[{\"@type\":\"WebPage\",\"@id\":\"https:\\\/\\\/quantongfastener.com\\\/product\\\/din-471-retaining-rings-for-shafts\\\/\",\"url\":\"https:\\\/\\\/quantongfastener.com\\\/product\\\/din-471-retaining-rings-for-shafts\\\/\",\"name\":\"DIN 471 Retaining Rings For Shafts - Quantong Fastener\",\"isPartOf\":{\"@id\":\"https:\\\/\\\/quantongfastener.com\\\/#website\"},\"primaryImageOfPage\":{\"@id\":\"https:\\\/\\\/quantongfastener.com\\\/product\\\/din-471-retaining-rings-for-shafts\\\/#primaryimage\"},\"image\":{\"@id\":\"https:\\\/\\\/quantongfastener.com\\\/product\\\/din-471-retaining-rings-for-shafts\\\/#primaryimage\"},\"thumbnailUrl\":\"https:\\\/\\\/quantongfastener.com\\\/wp-content\\\/uploads\\\/2025\\\/08\\\/DIN-471-Retaining-Rings-For-Shafts-3.jpg\",\"datePublished\":\"2025-08-10T14:33:07+00:00\",\"dateModified\":\"2025-08-31T05:23:04+00:00\",\"breadcrumb\":{\"@id\":\"https:\\\/\\\/quantongfastener.com\\\/product\\\/din-471-retaining-rings-for-shafts\\\/#breadcrumb\"},\"inLanguage\":\"fr-FR\",\"potentialAction\":[{\"@type\":\"ReadAction\",\"target\":[\"https:\\\/\\\/quantongfastener.com\\\/product\\\/din-471-retaining-rings-for-shafts\\\/\"]}]},{\"@type\":\"ImageObject\",\"inLanguage\":\"fr-FR\",\"@id\":\"https:\\\/\\\/quantongfastener.com\\\/product\\\/din-471-retaining-rings-for-shafts\\\/#primaryimage\",\"url\":\"https:\\\/\\\/quantongfastener.com\\\/wp-content\\\/uploads\\\/2025\\\/08\\\/DIN-471-Retaining-Rings-For-Shafts-3.jpg\",\"contentUrl\":\"https:\\\/\\\/quantongfastener.com\\\/wp-content\\\/uploads\\\/2025\\\/08\\\/DIN-471-Retaining-Rings-For-Shafts-3.jpg\",\"width\":610,\"height\":610},{\"@type\":\"BreadcrumbList\",\"@id\":\"https:\\\/\\\/quantongfastener.com\\\/product\\\/din-471-retaining-rings-for-shafts\\\/#breadcrumb\",\"itemListElement\":[{\"@type\":\"ListItem\",\"position\":1,\"name\":\"Home\",\"item\":\"https:\\\/\\\/quantongfastener.com\\\/\"},{\"@type\":\"ListItem\",\"position\":2,\"name\":\"Products\",\"item\":\"https:\\\/\\\/quantongfastener.com\\\/products\\\/\"},{\"@type\":\"ListItem\",\"position\":3,\"name\":\"DIN 471 Retaining Rings For Shafts\"}]},{\"@type\":\"WebSite\",\"@id\":\"https:\\\/\\\/quantongfastener.com\\\/#website\",\"url\":\"https:\\\/\\\/quantongfastener.com\\\/\",\"name\":\"Quantong Fastener\",\"description\":\"\",\"publisher\":{\"@id\":\"https:\\\/\\\/quantongfastener.com\\\/#organization\"},\"potentialAction\":[{\"@type\":\"SearchAction\",\"target\":{\"@type\":\"EntryPoint\",\"urlTemplate\":\"https:\\\/\\\/quantongfastener.com\\\/?s={search_term_string}\"},\"query-input\":{\"@type\":\"PropertyValueSpecification\",\"valueRequired\":true,\"valueName\":\"search_term_string\"}}],\"inLanguage\":\"fr-FR\"},{\"@type\":\"Organization\",\"@id\":\"https:\\\/\\\/quantongfastener.com\\\/#organization\",\"name\":\"Quantong Fastener\",\"url\":\"https:\\\/\\\/quantongfastener.com\\\/\",\"logo\":{\"@type\":\"ImageObject\",\"inLanguage\":\"fr-FR\",\"@id\":\"https:\\\/\\\/quantongfastener.com\\\/#\\\/schema\\\/logo\\\/image\\\/\",\"url\":\"https:\\\/\\\/quantongfastener.com\\\/wp-content\\\/uploads\\\/2025\\\/07\\\/logo.jpg\",\"contentUrl\":\"https:\\\/\\\/quantongfastener.com\\\/wp-content\\\/uploads\\\/2025\\\/07\\\/logo.jpg\",\"width\":425,\"height\":424,\"caption\":\"Quantong Fastener\"},\"image\":{\"@id\":\"https:\\\/\\\/quantongfastener.com\\\/#\\\/schema\\\/logo\\\/image\\\/\"}}]}<\/script>\n<!-- \/ Yoast SEO plugin. -->","yoast_head_json":{"title":"DIN 471 Retaining Rings For Shafts - Quantong Fastener","robots":{"index":"index","follow":"follow","max-snippet":"max-snippet:-1","max-image-preview":"max-image-preview:large","max-video-preview":"max-video-preview:-1"},"canonical":"https:\/\/quantongfastener.com\/fr\/produit\/din-471-retaining-rings-for-shafts\/","og_locale":"fr_FR","og_type":"article","og_title":"DIN 471 Retaining Rings For Shafts - Quantong Fastener","og_description":"Min.Order Quantity:1000PCS  PACKAGING:BAG\/BOX WITH PALLET  PORT:TIANJIN\/QINGDAO\/SHANGHAI\/NINGBO  DELIVERY:5-30DAYS ON QTY  PAYMENT:T\/T\/LC  Supply Ability:500 TON PER MONTH","og_url":"https:\/\/quantongfastener.com\/fr\/produit\/din-471-retaining-rings-for-shafts\/","og_site_name":"Quantong Fastener","article_modified_time":"2025-08-31T05:23:04+00:00","og_image":[{"width":610,"height":610,"url":"https:\/\/quantongfastener.com\/wp-content\/uploads\/2025\/08\/DIN-471-Retaining-Rings-For-Shafts-3.jpg","type":"image\/jpeg"}],"twitter_card":"summary_large_image","twitter_misc":{"Dur\u00e9e de lecture estim\u00e9e":"3 minutes"},"schema":{"@context":"https:\/\/schema.org","@graph":[{"@type":"WebPage","@id":"https:\/\/quantongfastener.com\/product\/din-471-retaining-rings-for-shafts\/","url":"https:\/\/quantongfastener.com\/product\/din-471-retaining-rings-for-shafts\/","name":"DIN 471 Retaining Rings For Shafts - Quantong Fastener","isPartOf":{"@id":"https:\/\/quantongfastener.com\/#website"},"primaryImageOfPage":{"@id":"https:\/\/quantongfastener.com\/product\/din-471-retaining-rings-for-shafts\/#primaryimage"},"image":{"@id":"https:\/\/quantongfastener.com\/product\/din-471-retaining-rings-for-shafts\/#primaryimage"},"thumbnailUrl":"https:\/\/quantongfastener.com\/wp-content\/uploads\/2025\/08\/DIN-471-Retaining-Rings-For-Shafts-3.jpg","datePublished":"2025-08-10T14:33:07+00:00","dateModified":"2025-08-31T05:23:04+00:00","breadcrumb":{"@id":"https:\/\/quantongfastener.com\/product\/din-471-retaining-rings-for-shafts\/#breadcrumb"},"inLanguage":"fr-FR","potentialAction":[{"@type":"ReadAction","target":["https:\/\/quantongfastener.com\/product\/din-471-retaining-rings-for-shafts\/"]}]},{"@type":"ImageObject","inLanguage":"fr-FR","@id":"https:\/\/quantongfastener.com\/product\/din-471-retaining-rings-for-shafts\/#primaryimage","url":"https:\/\/quantongfastener.com\/wp-content\/uploads\/2025\/08\/DIN-471-Retaining-Rings-For-Shafts-3.jpg","contentUrl":"https:\/\/quantongfastener.com\/wp-content\/uploads\/2025\/08\/DIN-471-Retaining-Rings-For-Shafts-3.jpg","width":610,"height":610},{"@type":"BreadcrumbList","@id":"https:\/\/quantongfastener.com\/product\/din-471-retaining-rings-for-shafts\/#breadcrumb","itemListElement":[{"@type":"ListItem","position":1,"name":"Home","item":"https:\/\/quantongfastener.com\/"},{"@type":"ListItem","position":2,"name":"Products","item":"https:\/\/quantongfastener.com\/products\/"},{"@type":"ListItem","position":3,"name":"DIN 471 Retaining Rings For Shafts"}]},{"@type":"WebSite","@id":"https:\/\/quantongfastener.com\/#website","url":"https:\/\/quantongfastener.com\/","name":"Attache Quantong","description":"","publisher":{"@id":"https:\/\/quantongfastener.com\/#organization"},"potentialAction":[{"@type":"SearchAction","target":{"@type":"EntryPoint","urlTemplate":"https:\/\/quantongfastener.com\/?s={search_term_string}"},"query-input":{"@type":"PropertyValueSpecification","valueRequired":true,"valueName":"search_term_string"}}],"inLanguage":"fr-FR"},{"@type":"Organization","@id":"https:\/\/quantongfastener.com\/#organization","name":"Attache Quantong","url":"https:\/\/quantongfastener.com\/","logo":{"@type":"ImageObject","inLanguage":"fr-FR","@id":"https:\/\/quantongfastener.com\/#\/schema\/logo\/image\/","url":"https:\/\/quantongfastener.com\/wp-content\/uploads\/2025\/07\/logo.jpg","contentUrl":"https:\/\/quantongfastener.com\/wp-content\/uploads\/2025\/07\/logo.jpg","width":425,"height":424,"caption":"Quantong Fastener"},"image":{"@id":"https:\/\/quantongfastener.com\/#\/schema\/logo\/image\/"}}]}},"_links":{"self":[{"href":"https:\/\/quantongfastener.com\/fr\/wp-json\/wp\/v2\/product\/2783","targetHints":{"allow":["GET"]}}],"collection":[{"href":"https:\/\/quantongfastener.com\/fr\/wp-json\/wp\/v2\/product"}],"about":[{"href":"https:\/\/quantongfastener.com\/fr\/wp-json\/wp\/v2\/types\/product"}],"wp:featuredmedia":[{"embeddable":true,"href":"https:\/\/quantongfastener.com\/fr\/wp-json\/wp\/v2\/media\/2785"}],"wp:attachment":[{"href":"https:\/\/quantongfastener.com\/fr\/wp-json\/wp\/v2\/media?parent=2783"}],"wp:term":[{"taxonomy":"product_brand","embeddable":true,"href":"https:\/\/quantongfastener.com\/fr\/wp-json\/wp\/v2\/product_brand?post=2783"},{"taxonomy":"product_cat","embeddable":true,"href":"https:\/\/quantongfastener.com\/fr\/wp-json\/wp\/v2\/product_cat?post=2783"},{"taxonomy":"product_tag","embeddable":true,"href":"https:\/\/quantongfastener.com\/fr\/wp-json\/wp\/v2\/product_tag?post=2783"}],"curies":[{"name":"wp","href":"https:\/\/api.w.org\/{rel}","templated":true}]}}