{"id":2745,"date":"2025-08-10T14:15:58","date_gmt":"2025-08-10T14:15:58","guid":{"rendered":"https:\/\/quantongfastener.com\/?post_type=product&#038;p=2745"},"modified":"2025-08-10T14:15:58","modified_gmt":"2025-08-10T14:15:58","slug":"din-32501-iso-13918-capacitor-discharge-external-thread-steel-copper-plated-weld-stud","status":"publish","type":"product","link":"https:\/\/quantongfastener.com\/fr\/produit\/din-32501-iso-13918-capacitor-discharge-external-thread-steel-copper-plated-weld-stud\/","title":{"rendered":"DIN 32501 ISO 13918 D\u00e9charge de condensateur Filetage ext\u00e9rieur Acier plaqu\u00e9 cuivre Goujon \u00e0 souder"},"content":{"rendered":"<p><strong>Image du produit :<\/strong><\/p>\n<p><a href=\"https:\/\/www.cyfastener.com\/uploads\/1600435735503_%E4%B8%BB%E5%9B%BE_042.jpg\"><img decoding=\"async\" class=\"alignnone size-full wp-image-6722\" src=\"https:\/\/www.cyfastener.com\/uploads\/1600435735503_%E4%B8%BB%E5%9B%BE_042.jpg\" alt=\"1600435735503_\u4e3b\u56fe_04\" \/><\/a>\u00a0<a href=\"https:\/\/www.cyfastener.com\/uploads\/1600435735503_%E4%B8%BB%E5%9B%BE_052.jpg\"><img decoding=\"async\" class=\"alignnone size-medium wp-image-6723\" src=\"https:\/\/www.cyfastener.com\/uploads\/1600435735503_%E4%B8%BB%E5%9B%BE_052.jpg\" alt=\"1600435735503_\u4e3b\u56fe_05\" \/><\/a>\u00a0<a href=\"https:\/\/www.cyfastener.com\/uploads\/1600435735503_%E4%B8%BB%E5%9B%BE_022.jpg\"><img decoding=\"async\" class=\"alignnone size-medium wp-image-6724\" src=\"https:\/\/www.cyfastener.com\/uploads\/1600435735503_%E4%B8%BB%E5%9B%BE_022.jpg\" alt=\"1600435735503_\u4e3b\u56fe_02\" \/><\/a>\u00a0<a href=\"https:\/\/www.cyfastener.com\/uploads\/1600435735503_%E4%B8%BB%E5%9B%BE_032.jpg\"><img decoding=\"async\" class=\"alignnone size-medium wp-image-6725\" src=\"https:\/\/www.cyfastener.com\/uploads\/1600435735503_%E4%B8%BB%E5%9B%BE_032.jpg\" alt=\"1600435735503_\u4e3b\u56fe_03\" \/><\/a><\/p>\n<p><a href=\"https:\/\/www.cyfastener.com\/uploads\/1600442223342_%E4%B8%BB%E5%9B%BE_02.jpg\"><img decoding=\"async\" class=\"alignnone size-full wp-image-6706\" src=\"https:\/\/www.cyfastener.com\/uploads\/1600442223342_%E4%B8%BB%E5%9B%BE_02.jpg\" alt=\"1600442223342_\u4e3b\u56fe_02\" \/><\/a>\u00a0<a href=\"https:\/\/www.cyfastener.com\/uploads\/62313701441_%E4%B8%BB%E5%9B%BE_01.jpg\"><img decoding=\"async\" class=\"alignnone size-full wp-image-6705\" src=\"https:\/\/www.cyfastener.com\/uploads\/62313701441_%E4%B8%BB%E5%9B%BE_01.jpg\" alt=\"62313701441_\u4e3b\u56fe_01\" \/><\/a><\/p>\n<p><strong>Description du produit :<\/strong><\/p>\n<div class=\"table_wrap\">\n<table>\n<tbody>\n<tr>\n<td valign=\"center\" width=\"137\" data-spm-anchor-id=\"a2700.details.0.i24.61af708c2cJKY9\">Mat\u00e9riau<\/td>\n<td valign=\"center\" width=\"489\">Laiton, acier inoxydable, acier au carbone, alliage d'aluminium, selon les besoins du client<\/td>\n<\/tr>\n<tr>\n<td valign=\"center\" width=\"137\">Finition<\/td>\n<td valign=\"center\" width=\"489\">Placage Zn\/Ni\/Tin\/Au, oxyde noir, anodisation, etc.<\/td>\n<\/tr>\n<tr>\n<td valign=\"center\" width=\"137\">M\u00e9thodes d'insertion<\/td>\n<td valign=\"center\" width=\"489\">Par ultrasons, piquetage \u00e0 chaud, moulage par insertion, pressage \u00e0 froid M\u00e9thodes personnalis\u00e9es selon vos besoins<\/td>\n<\/tr>\n<tr>\n<td valign=\"center\" width=\"137\">Contr\u00f4le de la qualit\u00e9<\/td>\n<td valign=\"center\" width=\"489\">Suivre les sp\u00e9cifications du dessin<\/td>\n<\/tr>\n<tr>\n<td valign=\"center\" width=\"137\">Syst\u00e8me de gestion<\/td>\n<td valign=\"center\" width=\"489\">ISO9001:2008<\/td>\n<\/tr>\n<tr>\n<td valign=\"center\" width=\"137\">Certification<\/td>\n<td valign=\"center\" width=\"489\">SGS, RoHS, certification des mat\u00e9riaux, PPAP<\/td>\n<\/tr>\n<tr>\n<td valign=\"center\" width=\"137\">D\u00e9lai d'ex\u00e9cution<\/td>\n<td valign=\"center\" width=\"489\">5-10 jours ouvrables<\/td>\n<\/tr>\n<tr>\n<td valign=\"center\" width=\"137\">\u00c9chantillons<\/td>\n<td valign=\"center\" width=\"489\">Bienvenue<\/td>\n<\/tr>\n<tr>\n<td valign=\"center\" width=\"137\">D\u00e9lai de livraison<\/td>\n<td valign=\"center\" width=\"489\">Par DHL, UPS, TNT, FedEx, EMS, par voie maritime, par voie a\u00e9rienne<\/td>\n<\/tr>\n<tr>\n<td rowspan=\"6\" valign=\"center\" width=\"137\">Capacit\u00e9 de production<\/td>\n<td valign=\"center\" width=\"489\">Tour automatique : OD\u03a60.5-20mm,Tol.\u00b10.01mm<\/td>\n<\/tr>\n<tr>\n<td valign=\"center\" width=\"489\">Tour CNC : OD\u03a60.5-250mm,Tol.\u00b10.005mm<\/td>\n<\/tr>\n<tr>\n<td valign=\"center\" width=\"489\">Fraisage CNC : 800x600mm(LxL),Tol.\u00b10.05mm<\/td>\n<\/tr>\n<tr>\n<td valign=\"center\" width=\"489\">Rectification:Tol.\u00b10.002mm<\/td>\n<\/tr>\n<tr>\n<td valign=\"center\" width=\"489\">T\u00eate de vis et roulement:M\u00e9trique 0.8-M6,Unifi\u00e9 Imp\u00e9rial#0-1\/4\"<\/td>\n<\/tr>\n<tr>\n<td valign=\"center\" width=\"489\">Estampage : 200T max<\/td>\n<\/tr>\n<tr>\n<td valign=\"center\" width=\"137\">Sp\u00e9cifications<\/td>\n<td valign=\"center\" width=\"489\">M2\/ M2.5\/ M3\/M3.5\/M4\/M5\/M6\/M8\/M10\/M12 ect ,sur mesure selon vos besoins<\/td>\n<\/tr>\n<\/tbody>\n<\/table>\n<\/div>\n<p><strong>Avantages du produit :<\/strong><\/p>\n<ol>\n<li><strong>Usinage de pr\u00e9cision<\/strong><\/li>\n<\/ol>\n<p align=\"justify\">\u2606 Mesurer et traiter \u00e0 l'aide de machines-outils de pr\u00e9cision et d'outils de mesure dans des conditions environnementales strictement contr\u00f4l\u00e9es.<\/p>\n<p align=\"justify\"><strong>\u00a0\u00a0<\/strong>\u00a0 \u00a0 \u00a0 2.<strong>Mat\u00e9riau m\u00e9tallique de haute qualit\u00e9<\/strong><\/p>\n<p align=\"justify\">\u2606 Longue dur\u00e9e de vie, faible production de chaleur, grande duret\u00e9, grande rigidit\u00e9, faible bruit, grande r\u00e9sistance \u00e0 l'usure et autres caract\u00e9ristiques.<\/p>\n<p align=\"justify\"><strong>\u00a0 \u00a0 \u00a0 \u00a0\u00a0<\/strong>3.<strong>\u00a0Rentabilit\u00e9<\/strong><\/p>\n<p align=\"justify\">\u2606 L'utilisation d'un mat\u00e9riau m\u00e9tallique de haute qualit\u00e9, apr\u00e8s un traitement et un formage de pr\u00e9cision, am\u00e9liore consid\u00e9rablement l'exp\u00e9rience de l'utilisateur.<\/p>\n<p><strong>Param\u00e8tre du produit :<\/strong><\/p>\n<p><a href=\"https:\/\/www.cyfastener.com\/uploads\/1554179145359217591m-1.jpg\"><img decoding=\"async\" class=\"alignnone size-full wp-image-6727\" src=\"https:\/\/www.cyfastener.com\/uploads\/1554179145359217591m-1.jpg\" alt=\"1554179145359217591m (1)\" \/><\/a><\/p>\n<div class=\"table_wrap\">\n<table border=\"0\" cellspacing=\"0\" cellpadding=\"0\">\n<colgroup>\n<col span=\"6\" width=\"64\" \/><\/colgroup>\n<tbody>\n<tr>\n<td colspan=\"2\" width=\"128\" height=\"19\">Sp\u00e9cification du fil<\/td>\n<td width=\"64\"><a>M3<\/a><\/td>\n<td width=\"64\"><a>M4<\/a><\/td>\n<td width=\"64\"><a>M5<\/a><\/td>\n<td width=\"64\"><a>M6<\/a><\/td>\n<\/tr>\n<tr>\n<td colspan=\"2\" width=\"128\" height=\"19\">d<\/td>\n<td><\/td>\n<td><\/td>\n<td><\/td>\n<td><\/td>\n<\/tr>\n<tr>\n<td height=\"19\">P<\/td>\n<td>hauteur<\/td>\n<td width=\"64\">0.5<\/td>\n<td width=\"64\">0.7<\/td>\n<td width=\"64\">0.8<\/td>\n<td width=\"64\">1<\/td>\n<\/tr>\n<tr>\n<td rowspan=\"2\" height=\"38\">d<sub>k<\/sub><\/td>\n<td id=\"id1\">Maximum<\/td>\n<td width=\"64\">4.7<\/td>\n<td width=\"64\">5.8<\/td>\n<td width=\"64\">6.7<\/td>\n<td width=\"64\">7.7<\/td>\n<\/tr>\n<tr>\n<td height=\"19\">valeur minimale<\/td>\n<td width=\"64\">4.3<\/td>\n<td width=\"64\">5.4<\/td>\n<td width=\"64\">6.3<\/td>\n<td width=\"64\">7.3<\/td>\n<\/tr>\n<tr>\n<td rowspan=\"2\" height=\"38\">d<sub>p<\/sub><\/td>\n<td id=\"id1\">Maximum<\/td>\n<td width=\"64\">0.73<\/td>\n<td width=\"64\">0.73<\/td>\n<td width=\"64\">0.83<\/td>\n<td width=\"64\">0.83<\/td>\n<\/tr>\n<tr>\n<td height=\"19\">valeur minimale<\/td>\n<td width=\"64\">0.57<\/td>\n<td width=\"64\">0.57<\/td>\n<td width=\"64\">0.67<\/td>\n<td width=\"64\">0.67<\/td>\n<\/tr>\n<tr>\n<td rowspan=\"2\" height=\"38\">z<\/td>\n<td id=\"id1\">Maximum<\/td>\n<td width=\"64\">0.6<\/td>\n<td width=\"64\">0.6<\/td>\n<td width=\"64\">0.85<\/td>\n<td width=\"64\">0.85<\/td>\n<\/tr>\n<tr>\n<td height=\"19\">valeur minimale<\/td>\n<td width=\"64\">0.5<\/td>\n<td width=\"64\">0.5<\/td>\n<td width=\"64\">0.75<\/td>\n<td width=\"64\">0.75<\/td>\n<\/tr>\n<tr>\n<td colspan=\"2\" height=\"19\">k<\/td>\n<td width=\"64\">0.7~1.4<\/td>\n<td width=\"64\">0.7~1.4<\/td>\n<td width=\"64\">0.8~1.4<\/td>\n<td width=\"64\">0.8~1.4<\/td>\n<\/tr>\n<tr>\n<td height=\"20\">n<\/td>\n<td id=\"id1\">Maximum<\/td>\n<td width=\"64\">1.5<\/td>\n<td width=\"64\">1.5<\/td>\n<td width=\"64\">2<\/td>\n<td width=\"64\">2<\/td>\n<\/tr>\n<\/tbody>\n<\/table>\n<\/div>\n<p>&nbsp;<\/p>\n<p><strong>NOTRE PAQUET :<\/strong><\/p>\n<p align=\"justify\">1. Sacs de 25 kg ou de 50 kg.<br \/>\n2. sacs avec palette.<br \/>\n3. Cartons de 25 kg ou cartons avec palette.<br \/>\n4. Emballage selon la demande du client<\/p>","protected":false},"excerpt":{"rendered":"<p>PRIX EXW : 720USD-910USD\/TONNE<br \/>\nQuantit\u00e9 minimale de commande : 2 tonnes<br \/>\nEMBALLAGE : SAC\/BO\u00ceTE AVEC PALETTE<br \/>\nPORT:TIANJIN\/QINGDAO\/SHANGHAI\/NINGBO<br \/>\nLIVRAISON : 5-30 JOURS SUR QTY<br \/>\nPAIEMENT : T\/T\/LC<br \/>\nCapacit\u00e9 d'approvisionnement : 600 TONNES PAR MOIS<\/p>\n<p>&nbsp;<\/p>\n<ul>\n<li><em>Prix FOB :<\/em>US $0.5 - 9 999 \/ Pi\u00e8ce<\/li>\n<li><em>Quantit\u00e9 minimale de commande :<\/em>100 pi\u00e8ces\/pi\u00e8ces<\/li>\n<li><em>Capacit\u00e9 d'approvisionnement :<\/em>10000 pi\u00e8ces par mois<\/li>\n<\/ul>","protected":false},"featured_media":2750,"template":"","meta":{"_kad_post_transparent":"default","_kad_post_title":"","_kad_post_layout":"default","_kad_post_sidebar_id":"","_kad_post_content_style":"default","_kad_post_vertical_padding":"default","_kad_post_feature":"","_kad_post_feature_position":"","_kad_post_header":false,"_kad_post_footer":false},"product_brand":[],"product_cat":[31],"product_tag":[],"class_list":{"0":"post-2745","1":"product","2":"type-product","3":"status-publish","4":"has-post-thumbnail","6":"product_cat-threaded-rod-studs","8":"first","9":"instock","10":"shipping-taxable","11":"product-type-simple","12":"entry","13":"content-bg","14":"loop-entry"},"yoast_head":"<!-- This site is optimized with the Yoast SEO plugin v27.4 - https:\/\/yoast.com\/product\/yoast-seo-wordpress\/ -->\n<title>DIN 32501 ISO 13918 Capacitor Discharge External Thread Steel Copper Plated Weld Stud - Quantong Fastener<\/title>\n<meta name=\"robots\" content=\"index, follow, max-snippet:-1, max-image-preview:large, max-video-preview:-1\" \/>\n<link rel=\"canonical\" href=\"https:\/\/quantongfastener.com\/fr\/produit\/din-32501-iso-13918-capacitor-discharge-external-thread-steel-copper-plated-weld-stud\/\" \/>\n<meta property=\"og:locale\" content=\"fr_FR\" \/>\n<meta property=\"og:type\" content=\"article\" \/>\n<meta property=\"og:title\" content=\"DIN 32501 ISO 13918 Capacitor Discharge External Thread Steel Copper Plated Weld Stud - Quantong Fastener\" \/>\n<meta property=\"og:description\" content=\"EXW PRICE : 720USD-910USD\/TON Min.Order Quantity:2TONS PACKAGING:BAG\/BOX WITH PALLET PORT:TIANJIN\/QINGDAO\/SHANGHAI\/NINGBO DELIVERY:5-30DAYS ON QTY PAYMENT:T\/T\/LC Supply Ability:600 TON PER MONTH  &nbsp;   FOB Price:US $0.5 - 9,999 \/ Piece  Min.Order Quantity:100 Piece\/Pieces  Supply Ability:10000 Piece\/Pieces per Month\" \/>\n<meta property=\"og:url\" content=\"https:\/\/quantongfastener.com\/fr\/produit\/din-32501-iso-13918-capacitor-discharge-external-thread-steel-copper-plated-weld-stud\/\" \/>\n<meta property=\"og:site_name\" content=\"Quantong Fastener\" \/>\n<meta property=\"og:image\" content=\"https:\/\/quantongfastener.com\/wp-content\/uploads\/2025\/08\/DIN-32501-ISO-13918-Capacitor-Discharge-External-Thread-Steel-Copper-Plated-Weld-Stu-5.jpg\" \/>\n\t<meta property=\"og:image:width\" content=\"610\" \/>\n\t<meta property=\"og:image:height\" content=\"610\" \/>\n\t<meta property=\"og:image:type\" content=\"image\/jpeg\" \/>\n<meta name=\"twitter:card\" content=\"summary_large_image\" \/>\n<meta name=\"twitter:label1\" content=\"Dur\u00e9e de lecture estim\u00e9e\" \/>\n\t<meta name=\"twitter:data1\" content=\"3 minutes\" \/>\n<script type=\"application\/ld+json\" class=\"yoast-schema-graph\">{\"@context\":\"https:\\\/\\\/schema.org\",\"@graph\":[{\"@type\":\"WebPage\",\"@id\":\"https:\\\/\\\/quantongfastener.com\\\/product\\\/din-32501-iso-13918-capacitor-discharge-external-thread-steel-copper-plated-weld-stud\\\/\",\"url\":\"https:\\\/\\\/quantongfastener.com\\\/product\\\/din-32501-iso-13918-capacitor-discharge-external-thread-steel-copper-plated-weld-stud\\\/\",\"name\":\"DIN 32501 ISO 13918 Capacitor Discharge External Thread Steel Copper Plated Weld Stud - Quantong Fastener\",\"isPartOf\":{\"@id\":\"https:\\\/\\\/quantongfastener.com\\\/#website\"},\"primaryImageOfPage\":{\"@id\":\"https:\\\/\\\/quantongfastener.com\\\/product\\\/din-32501-iso-13918-capacitor-discharge-external-thread-steel-copper-plated-weld-stud\\\/#primaryimage\"},\"image\":{\"@id\":\"https:\\\/\\\/quantongfastener.com\\\/product\\\/din-32501-iso-13918-capacitor-discharge-external-thread-steel-copper-plated-weld-stud\\\/#primaryimage\"},\"thumbnailUrl\":\"https:\\\/\\\/quantongfastener.com\\\/wp-content\\\/uploads\\\/2025\\\/08\\\/DIN-32501-ISO-13918-Capacitor-Discharge-External-Thread-Steel-Copper-Plated-Weld-Stu-5.jpg\",\"datePublished\":\"2025-08-10T14:15:58+00:00\",\"breadcrumb\":{\"@id\":\"https:\\\/\\\/quantongfastener.com\\\/product\\\/din-32501-iso-13918-capacitor-discharge-external-thread-steel-copper-plated-weld-stud\\\/#breadcrumb\"},\"inLanguage\":\"fr-FR\",\"potentialAction\":[{\"@type\":\"ReadAction\",\"target\":[\"https:\\\/\\\/quantongfastener.com\\\/product\\\/din-32501-iso-13918-capacitor-discharge-external-thread-steel-copper-plated-weld-stud\\\/\"]}]},{\"@type\":\"ImageObject\",\"inLanguage\":\"fr-FR\",\"@id\":\"https:\\\/\\\/quantongfastener.com\\\/product\\\/din-32501-iso-13918-capacitor-discharge-external-thread-steel-copper-plated-weld-stud\\\/#primaryimage\",\"url\":\"https:\\\/\\\/quantongfastener.com\\\/wp-content\\\/uploads\\\/2025\\\/08\\\/DIN-32501-ISO-13918-Capacitor-Discharge-External-Thread-Steel-Copper-Plated-Weld-Stu-5.jpg\",\"contentUrl\":\"https:\\\/\\\/quantongfastener.com\\\/wp-content\\\/uploads\\\/2025\\\/08\\\/DIN-32501-ISO-13918-Capacitor-Discharge-External-Thread-Steel-Copper-Plated-Weld-Stu-5.jpg\",\"width\":610,\"height\":610},{\"@type\":\"BreadcrumbList\",\"@id\":\"https:\\\/\\\/quantongfastener.com\\\/product\\\/din-32501-iso-13918-capacitor-discharge-external-thread-steel-copper-plated-weld-stud\\\/#breadcrumb\",\"itemListElement\":[{\"@type\":\"ListItem\",\"position\":1,\"name\":\"Home\",\"item\":\"https:\\\/\\\/quantongfastener.com\\\/\"},{\"@type\":\"ListItem\",\"position\":2,\"name\":\"Products\",\"item\":\"https:\\\/\\\/quantongfastener.com\\\/products\\\/\"},{\"@type\":\"ListItem\",\"position\":3,\"name\":\"DIN 32501 ISO 13918 Capacitor Discharge External Thread Steel Copper Plated Weld Stud\"}]},{\"@type\":\"WebSite\",\"@id\":\"https:\\\/\\\/quantongfastener.com\\\/#website\",\"url\":\"https:\\\/\\\/quantongfastener.com\\\/\",\"name\":\"Quantong Fastener\",\"description\":\"\",\"publisher\":{\"@id\":\"https:\\\/\\\/quantongfastener.com\\\/#organization\"},\"potentialAction\":[{\"@type\":\"SearchAction\",\"target\":{\"@type\":\"EntryPoint\",\"urlTemplate\":\"https:\\\/\\\/quantongfastener.com\\\/?s={search_term_string}\"},\"query-input\":{\"@type\":\"PropertyValueSpecification\",\"valueRequired\":true,\"valueName\":\"search_term_string\"}}],\"inLanguage\":\"fr-FR\"},{\"@type\":\"Organization\",\"@id\":\"https:\\\/\\\/quantongfastener.com\\\/#organization\",\"name\":\"Quantong Fastener\",\"url\":\"https:\\\/\\\/quantongfastener.com\\\/\",\"logo\":{\"@type\":\"ImageObject\",\"inLanguage\":\"fr-FR\",\"@id\":\"https:\\\/\\\/quantongfastener.com\\\/#\\\/schema\\\/logo\\\/image\\\/\",\"url\":\"https:\\\/\\\/quantongfastener.com\\\/wp-content\\\/uploads\\\/2025\\\/07\\\/logo.jpg\",\"contentUrl\":\"https:\\\/\\\/quantongfastener.com\\\/wp-content\\\/uploads\\\/2025\\\/07\\\/logo.jpg\",\"width\":425,\"height\":424,\"caption\":\"Quantong Fastener\"},\"image\":{\"@id\":\"https:\\\/\\\/quantongfastener.com\\\/#\\\/schema\\\/logo\\\/image\\\/\"}}]}<\/script>\n<!-- \/ Yoast SEO plugin. -->","yoast_head_json":{"title":"DIN 32501 ISO 13918 Capacitor Discharge External Thread Steel Copper Plated Weld Stud - Quantong Fastener","robots":{"index":"index","follow":"follow","max-snippet":"max-snippet:-1","max-image-preview":"max-image-preview:large","max-video-preview":"max-video-preview:-1"},"canonical":"https:\/\/quantongfastener.com\/fr\/produit\/din-32501-iso-13918-capacitor-discharge-external-thread-steel-copper-plated-weld-stud\/","og_locale":"fr_FR","og_type":"article","og_title":"DIN 32501 ISO 13918 Capacitor Discharge External Thread Steel Copper Plated Weld Stud - Quantong Fastener","og_description":"EXW PRICE : 720USD-910USD\/TON Min.Order Quantity:2TONS PACKAGING:BAG\/BOX WITH PALLET PORT:TIANJIN\/QINGDAO\/SHANGHAI\/NINGBO DELIVERY:5-30DAYS ON QTY PAYMENT:T\/T\/LC Supply Ability:600 TON PER MONTH  &nbsp;   FOB Price:US $0.5 - 9,999 \/ Piece  Min.Order Quantity:100 Piece\/Pieces  Supply Ability:10000 Piece\/Pieces per Month","og_url":"https:\/\/quantongfastener.com\/fr\/produit\/din-32501-iso-13918-capacitor-discharge-external-thread-steel-copper-plated-weld-stud\/","og_site_name":"Quantong Fastener","og_image":[{"width":610,"height":610,"url":"https:\/\/quantongfastener.com\/wp-content\/uploads\/2025\/08\/DIN-32501-ISO-13918-Capacitor-Discharge-External-Thread-Steel-Copper-Plated-Weld-Stu-5.jpg","type":"image\/jpeg"}],"twitter_card":"summary_large_image","twitter_misc":{"Dur\u00e9e de lecture estim\u00e9e":"3 minutes"},"schema":{"@context":"https:\/\/schema.org","@graph":[{"@type":"WebPage","@id":"https:\/\/quantongfastener.com\/product\/din-32501-iso-13918-capacitor-discharge-external-thread-steel-copper-plated-weld-stud\/","url":"https:\/\/quantongfastener.com\/product\/din-32501-iso-13918-capacitor-discharge-external-thread-steel-copper-plated-weld-stud\/","name":"DIN 32501 ISO 13918 Capacitor Discharge External Thread Steel Copper Plated Weld Stud - Quantong Fastener","isPartOf":{"@id":"https:\/\/quantongfastener.com\/#website"},"primaryImageOfPage":{"@id":"https:\/\/quantongfastener.com\/product\/din-32501-iso-13918-capacitor-discharge-external-thread-steel-copper-plated-weld-stud\/#primaryimage"},"image":{"@id":"https:\/\/quantongfastener.com\/product\/din-32501-iso-13918-capacitor-discharge-external-thread-steel-copper-plated-weld-stud\/#primaryimage"},"thumbnailUrl":"https:\/\/quantongfastener.com\/wp-content\/uploads\/2025\/08\/DIN-32501-ISO-13918-Capacitor-Discharge-External-Thread-Steel-Copper-Plated-Weld-Stu-5.jpg","datePublished":"2025-08-10T14:15:58+00:00","breadcrumb":{"@id":"https:\/\/quantongfastener.com\/product\/din-32501-iso-13918-capacitor-discharge-external-thread-steel-copper-plated-weld-stud\/#breadcrumb"},"inLanguage":"fr-FR","potentialAction":[{"@type":"ReadAction","target":["https:\/\/quantongfastener.com\/product\/din-32501-iso-13918-capacitor-discharge-external-thread-steel-copper-plated-weld-stud\/"]}]},{"@type":"ImageObject","inLanguage":"fr-FR","@id":"https:\/\/quantongfastener.com\/product\/din-32501-iso-13918-capacitor-discharge-external-thread-steel-copper-plated-weld-stud\/#primaryimage","url":"https:\/\/quantongfastener.com\/wp-content\/uploads\/2025\/08\/DIN-32501-ISO-13918-Capacitor-Discharge-External-Thread-Steel-Copper-Plated-Weld-Stu-5.jpg","contentUrl":"https:\/\/quantongfastener.com\/wp-content\/uploads\/2025\/08\/DIN-32501-ISO-13918-Capacitor-Discharge-External-Thread-Steel-Copper-Plated-Weld-Stu-5.jpg","width":610,"height":610},{"@type":"BreadcrumbList","@id":"https:\/\/quantongfastener.com\/product\/din-32501-iso-13918-capacitor-discharge-external-thread-steel-copper-plated-weld-stud\/#breadcrumb","itemListElement":[{"@type":"ListItem","position":1,"name":"Home","item":"https:\/\/quantongfastener.com\/"},{"@type":"ListItem","position":2,"name":"Products","item":"https:\/\/quantongfastener.com\/products\/"},{"@type":"ListItem","position":3,"name":"DIN 32501 ISO 13918 Capacitor Discharge External Thread Steel Copper Plated Weld Stud"}]},{"@type":"WebSite","@id":"https:\/\/quantongfastener.com\/#website","url":"https:\/\/quantongfastener.com\/","name":"Attache Quantong","description":"","publisher":{"@id":"https:\/\/quantongfastener.com\/#organization"},"potentialAction":[{"@type":"SearchAction","target":{"@type":"EntryPoint","urlTemplate":"https:\/\/quantongfastener.com\/?s={search_term_string}"},"query-input":{"@type":"PropertyValueSpecification","valueRequired":true,"valueName":"search_term_string"}}],"inLanguage":"fr-FR"},{"@type":"Organization","@id":"https:\/\/quantongfastener.com\/#organization","name":"Attache Quantong","url":"https:\/\/quantongfastener.com\/","logo":{"@type":"ImageObject","inLanguage":"fr-FR","@id":"https:\/\/quantongfastener.com\/#\/schema\/logo\/image\/","url":"https:\/\/quantongfastener.com\/wp-content\/uploads\/2025\/07\/logo.jpg","contentUrl":"https:\/\/quantongfastener.com\/wp-content\/uploads\/2025\/07\/logo.jpg","width":425,"height":424,"caption":"Quantong Fastener"},"image":{"@id":"https:\/\/quantongfastener.com\/#\/schema\/logo\/image\/"}}]}},"_links":{"self":[{"href":"https:\/\/quantongfastener.com\/fr\/wp-json\/wp\/v2\/product\/2745","targetHints":{"allow":["GET"]}}],"collection":[{"href":"https:\/\/quantongfastener.com\/fr\/wp-json\/wp\/v2\/product"}],"about":[{"href":"https:\/\/quantongfastener.com\/fr\/wp-json\/wp\/v2\/types\/product"}],"wp:featuredmedia":[{"embeddable":true,"href":"https:\/\/quantongfastener.com\/fr\/wp-json\/wp\/v2\/media\/2750"}],"wp:attachment":[{"href":"https:\/\/quantongfastener.com\/fr\/wp-json\/wp\/v2\/media?parent=2745"}],"wp:term":[{"taxonomy":"product_brand","embeddable":true,"href":"https:\/\/quantongfastener.com\/fr\/wp-json\/wp\/v2\/product_brand?post=2745"},{"taxonomy":"product_cat","embeddable":true,"href":"https:\/\/quantongfastener.com\/fr\/wp-json\/wp\/v2\/product_cat?post=2745"},{"taxonomy":"product_tag","embeddable":true,"href":"https:\/\/quantongfastener.com\/fr\/wp-json\/wp\/v2\/product_tag?post=2745"}],"curies":[{"name":"wp","href":"https:\/\/api.w.org\/{rel}","templated":true}]}}