{"id":2587,"date":"2025-08-10T01:45:47","date_gmt":"2025-08-10T01:45:47","guid":{"rendered":"https:\/\/quantongfastener.com\/?post_type=product&#038;p=2587"},"modified":"2025-08-10T13:12:44","modified_gmt":"2025-08-10T13:12:44","slug":"hardware-yellow-zinc-plated-hex-head-self-drilling-screws","status":"publish","type":"product","link":"https:\/\/quantongfastener.com\/fr\/produit\/hardware-yellow-zinc-plated-hex-head-self-drilling-screws\/","title":{"rendered":"Quincaillerie Vis autoperceuses \u00e0 t\u00eate hexagonale zingu\u00e9e jaune"},"content":{"rendered":"<div class=\"fl-row fl-row-full-width fl-row-bg-none fl-node-603ef5502525c\" data-node=\"603ef5502525c\">\n<div class=\"fl-row-content-wrap\">\n<div class=\"fl-row-content fl-row-full-width fl-node-content\">\n<div class=\"fl-col-group fl-node-603ef55025296\" data-node=\"603ef55025296\">\n<div class=\"fl-col fl-node-603ef550252ce fl-col-has-cols\" data-node=\"603ef550252ce\">\n<div class=\"fl-col-content fl-node-content\">\n<div class=\"fl-module fl-module-rich-text fl-node-603ef55025305\" data-node=\"603ef55025305\" data-animation-delay=\"0.0\">\n<div class=\"fl-module-content fl-node-content\">\n<div class=\"fl-rich-text\">\n<div class=\"table_wrap\">\n<table border=\"1\" cellspacing=\"0\" cellpadding=\"0\">\n<tbody>\n<tr>\n<td valign=\"top\" width=\"162\">Nom du produit<\/td>\n<td valign=\"top\" width=\"407\">\u00a0Vis autoperceuses \u00e0 t\u00eate hexagonale plaqu\u00e9es zinc jaune<\/td>\n<\/tr>\n<tr>\n<td valign=\"top\" width=\"162\">Taille<\/td>\n<td valign=\"top\" width=\"407\">#8(4.2mm) \/ #10(4.8mm) \/ #12(5.5mm) \/ #14(6.3mm)<\/td>\n<\/tr>\n<tr>\n<td valign=\"top\" width=\"162\">Longueur<\/td>\n<td valign=\"top\" width=\"407\">1\/2\"~8\" (13mm-200mm) ou selon les besoins<\/td>\n<\/tr>\n<tr>\n<td valign=\"top\" width=\"162\">Grade<\/td>\n<td valign=\"top\" width=\"407\">8.8\/ A2-70\/ A4-70<\/td>\n<\/tr>\n<tr>\n<td valign=\"top\" width=\"162\">Mat\u00e9riau<\/td>\n<td valign=\"top\" width=\"407\">Acier\/SWCH22A,C1022A,\/acier inoxydable<\/td>\n<\/tr>\n<tr>\n<td valign=\"top\" width=\"162\">Traitement de surface<\/td>\n<td valign=\"top\" width=\"407\">YZinc\/Zinc\/Plain<\/td>\n<\/tr>\n<tr>\n<td valign=\"top\" width=\"162\">Standard<\/td>\n<td valign=\"top\" width=\"407\">DIN\/ISO\/UINZ<\/td>\n<\/tr>\n<tr>\n<td valign=\"top\" width=\"162\">Certificat<\/td>\n<td valign=\"top\" width=\"407\">ISO 9001<\/td>\n<\/tr>\n<tr>\n<td valign=\"top\" width=\"162\">\u00c9chantillon<\/td>\n<td valign=\"top\" width=\"407\">\u00c9chantillons gratuits<\/td>\n<\/tr>\n<tr>\n<td valign=\"top\" width=\"162\">Utilisation<\/td>\n<td valign=\"top\" width=\"407\">B\u00e2timent<\/td>\n<\/tr>\n<\/tbody>\n<\/table>\n<\/div>\n<\/div>\n<\/div>\n<\/div>\n<div class=\"fl-col-group fl-node-603ef5b4ce232 fl-col-group-nested\" data-node=\"603ef5b4ce232\">\n<div class=\"fl-col fl-node-603ef5b4ce552 fl-col-small\" data-node=\"603ef5b4ce552\">\n<div class=\"fl-col-content fl-node-content\">\n<div class=\"fl-module fl-module-photo fl-node-603ef5c9154c1\" data-node=\"603ef5c9154c1\" data-animation-delay=\"0.0\">\n<div class=\"fl-module-content fl-node-content\">\n<div class=\"fl-photo fl-photo-align-center\">\n<div class=\"fl-photo-content fl-photo-img-jpg\"><img decoding=\"async\" class=\"fl-photo-img wp-image-5461\" src=\"https:\/\/www.cyfastener.com\/uploads\/image00121.jpg\" alt=\"image001\" \/><\/div>\n<\/div>\n<\/div>\n<\/div>\n<\/div>\n<\/div>\n<div class=\"fl-col fl-node-603ef5b4ce590 fl-col-small\" data-node=\"603ef5b4ce590\">\n<div class=\"fl-col-content fl-node-content\">\n<div class=\"fl-module fl-module-photo fl-node-603ef5d0dac2c\" data-node=\"603ef5d0dac2c\" data-animation-delay=\"0.0\">\n<div class=\"fl-module-content fl-node-content\">\n<div class=\"fl-photo fl-photo-align-center\">\n<div class=\"fl-photo-content fl-photo-img-jpg\"><img decoding=\"async\" class=\"fl-photo-img wp-image-5462\" src=\"https:\/\/www.cyfastener.com\/uploads\/image00221.jpg\" alt=\"image002\" \/><\/div>\n<\/div>\n<\/div>\n<\/div>\n<\/div>\n<\/div>\n<div class=\"fl-col fl-node-603ef5b4ce5ca fl-col-small\" data-node=\"603ef5b4ce5ca\">\n<div class=\"fl-col-content fl-node-content\">\n<div class=\"fl-module fl-module-photo fl-node-603ef5d489ba3\" data-node=\"603ef5d489ba3\" data-animation-delay=\"0.0\">\n<div class=\"fl-module-content fl-node-content\">\n<div class=\"fl-photo fl-photo-align-center\">\n<div class=\"fl-photo-content fl-photo-img-jpg\"><img decoding=\"async\" class=\"fl-photo-img wp-image-5463\" src=\"https:\/\/www.cyfastener.com\/uploads\/image00321.jpg\" alt=\"image003\" \/><\/div>\n<\/div>\n<\/div>\n<\/div>\n<\/div>\n<\/div>\n<div class=\"fl-col fl-node-603ef5b4ce602 fl-col-small\" data-node=\"603ef5b4ce602\">\n<div class=\"fl-col-content fl-node-content\">\n<div class=\"fl-module fl-module-photo fl-node-603ef5d7dddf0\" data-node=\"603ef5d7dddf0\" data-animation-delay=\"0.0\">\n<div class=\"fl-module-content fl-node-content\">\n<div class=\"fl-photo fl-photo-align-center\">\n<div class=\"fl-photo-content fl-photo-img-jpg\"><img decoding=\"async\" class=\"fl-photo-img wp-image-5464\" src=\"https:\/\/www.cyfastener.com\/uploads\/image00421.jpg\" alt=\"image004\" \/><\/div>\n<\/div>\n<\/div>\n<\/div>\n<\/div>\n<\/div>\n<\/div>\n<\/div>\n<\/div>\n<\/div>\n<\/div>\n<\/div>\n<\/div>\n<div class=\"fl-row fl-row-full-width fl-row-bg-none fl-node-603ef55025b50\" data-node=\"603ef55025b50\">\n<div class=\"fl-row-content-wrap\">\n<div class=\"fl-row-content fl-row-full-width fl-node-content\">\n<div class=\"fl-col-group fl-node-603ef55025b88\" data-node=\"603ef55025b88\">\n<div class=\"fl-col fl-node-603ef55025bbf\" data-node=\"603ef55025bbf\">\n<div class=\"fl-col-content fl-node-content\">\n<div class=\"fl-module fl-module-rich-text fl-node-603ef55025bf6\" data-node=\"603ef55025bf6\" data-animation-delay=\"0.0\">\n<div class=\"fl-module-content fl-node-content\">\n<div class=\"fl-rich-text\">\n<p><strong>Avantages du produit :<\/strong><\/p>\n<\/div>\n<\/div>\n<\/div>\n<\/div>\n<\/div>\n<\/div>\n<\/div>\n<\/div>\n<\/div>\n<div class=\"fl-row fl-row-full-width fl-row-bg-none fl-node-603ef550258ed\" data-node=\"603ef550258ed\">\n<div class=\"fl-row-content-wrap\">\n<div class=\"fl-row-content fl-row-full-width fl-node-content\">\n<div class=\"fl-col-group fl-node-603ef55025925\" data-node=\"603ef55025925\">\n<div class=\"fl-col fl-node-603ef5502595c\" data-node=\"603ef5502595c\">\n<div class=\"fl-col-content fl-node-content\">\n<div class=\"fl-module fl-module-rich-text fl-node-603ef55025313\" data-node=\"603ef55025313\" data-animation-delay=\"0.0\">\n<div class=\"fl-module-content fl-node-content\">\n<div class=\"fl-rich-text\">\n<p>Processus sp\u00e9cial et avantages caract\u00e9ristiques :<br \/>\n1. Surface galvanis\u00e9e, haute luminosit\u00e9, forte r\u00e9sistance \u00e0 la corrosion.<br \/>\n2. Traitement de trempe par c\u00e9mentation, duret\u00e9 de surface \u00e9lev\u00e9e.<br \/>\n3. Technologie avanc\u00e9e, haute performance de verrouillage.<\/p>\n<\/div>\n<\/div>\n<\/div>\n<\/div>\n<\/div>\n<\/div>\n<\/div>\n<\/div>\n<\/div>\n<div class=\"fl-row fl-row-full-width fl-row-bg-none fl-node-603ef55025994\" data-node=\"603ef55025994\">\n<div class=\"fl-row-content-wrap\">\n<div class=\"fl-row-content fl-row-full-width fl-node-content\">\n<div class=\"fl-col-group fl-node-603ef550259cb\" data-node=\"603ef550259cb\">\n<div class=\"fl-col fl-node-603ef55025a03\" data-node=\"603ef55025a03\">\n<div class=\"fl-col-content fl-node-content\">\n<div class=\"fl-module fl-module-rich-text fl-node-603ef55025a3a\" data-node=\"603ef55025a3a\" data-animation-delay=\"0.0\">\n<div class=\"fl-module-content fl-node-content\">\n<div class=\"fl-rich-text\">\n<p><strong>Traitement de surface :<\/strong><\/p>\n<\/div>\n<\/div>\n<\/div>\n<\/div>\n<\/div>\n<\/div>\n<\/div>\n<\/div>\n<\/div>\n<div class=\"fl-row fl-row-full-width fl-row-bg-none fl-node-603ef55025a71\" data-node=\"603ef55025a71\">\n<div class=\"fl-row-content-wrap\">\n<div class=\"fl-row-content fl-row-full-width fl-node-content\">\n<div class=\"fl-col-group fl-node-603ef55025aa9\" data-node=\"603ef55025aa9\">\n<div class=\"fl-col fl-node-603ef55025ae2\" data-node=\"603ef55025ae2\">\n<div class=\"fl-col-content fl-node-content\">\n<div class=\"fl-module fl-module-rich-text fl-node-603ef55025b19\" data-node=\"603ef55025b19\" data-animation-delay=\"0.0\">\n<div class=\"fl-module-content fl-node-content\">\n<div class=\"fl-rich-text\">\n<ol>\n<li><strong>\u00a0YZINC\/ZINC<\/strong><\/li>\n<\/ol>\n<p>\u2606 L'\u00e9lectro-galvanisation est une technologie traditionnelle de traitement des rev\u00eatements m\u00e9talliques qui conf\u00e8re aux surfaces m\u00e9talliques une r\u00e9sistance de base \u00e0 la corrosion. Les principaux avantages sont une bonne soudabilit\u00e9 et une r\u00e9sistance de contact adapt\u00e9e. En raison de ses bonnes propri\u00e9t\u00e9s de lubrification, le cadmiage est couramment utilis\u00e9 dans l'aviation, l'a\u00e9rospatiale, la marine et les produits radio et \u00e9lectroniques. La couche de placage prot\u00e8ge le substrat d'acier \u00e0 la fois contre la protection m\u00e9canique et chimique, de sorte que sa r\u00e9sistance \u00e0 la corrosion est bien meilleure que celle du placage de zinc.<\/p>\n<\/div>\n<\/div>\n<\/div>\n<\/div>\n<\/div>\n<\/div>\n<\/div>\n<\/div>\n<\/div>\n<div class=\"fl-row fl-row-full-width fl-row-bg-none fl-node-603ef5502553f\" data-node=\"603ef5502553f\">\n<div class=\"fl-row-content-wrap\">\n<div class=\"fl-row-content fl-row-full-width fl-node-content\">\n<div class=\"fl-col-group fl-node-603ef55025576\" data-node=\"603ef55025576\">\n<div class=\"fl-col fl-node-603ef550255ae\" data-node=\"603ef550255ae\">\n<div class=\"fl-col-content fl-node-content\">\n<div class=\"fl-module fl-module-rich-text fl-node-603ef550255e6\" data-node=\"603ef550255e6\" data-animation-delay=\"0.0\">\n<div class=\"fl-module-content fl-node-content\">\n<div class=\"fl-rich-text\">\n<p><strong>Param\u00e8tre du produit :<\/strong><\/p>\n<\/div>\n<\/div>\n<\/div>\n<\/div>\n<\/div>\n<\/div>\n<\/div>\n<\/div>\n<\/div>\n<div class=\"fl-row fl-row-fixed-width fl-row-bg-none fl-node-603ef55025c2e\" data-node=\"603ef55025c2e\">\n<div class=\"fl-row-content-wrap\">\n<div class=\"fl-row-content fl-row-fixed-width fl-node-content\">\n<div class=\"fl-col-group fl-node-603ef55025c65\" data-node=\"603ef55025c65\">\n<div class=\"fl-col fl-node-603ef55025c9c\" data-node=\"603ef55025c9c\">\n<div class=\"fl-col-content fl-node-content\">\n<div class=\"fl-module fl-module-rich-text fl-node-603ef55025cd4\" data-node=\"603ef55025cd4\" data-animation-delay=\"0.0\">\n<div class=\"fl-module-content fl-node-content\">\n<div class=\"fl-rich-text\">\n<p align=\"center\"><img decoding=\"async\" class=\"size-medium wp-image-5465 aligncenter\" src=\"https:\/\/www.cyfastener.com\/uploads\/image0099.jpg\" alt=\"image009\" \/><\/p>\n<p align=\"center\">NORME DIN7504K<img decoding=\"async\" class=\"size-medium wp-image-5466 aligncenter\" src=\"https:\/\/www.cyfastener.com\/uploads\/image0109.jpg\" alt=\"image010\" \/><img decoding=\"async\" class=\"size-medium wp-image-5467 aligncenter\" src=\"https:\/\/www.cyfastener.com\/uploads\/image0118.jpg\" alt=\"image011\" \/><\/p>\n<\/div>\n<\/div>\n<\/div>\n<\/div>\n<\/div>\n<\/div>\n<\/div>\n<\/div>\n<\/div>\n<div class=\"fl-row fl-row-full-width fl-row-bg-none fl-node-603ef5502561d\" data-node=\"603ef5502561d\">\n<div class=\"fl-row-content-wrap\">\n<div class=\"fl-row-content fl-row-full-width fl-node-content\">\n<div class=\"fl-col-group fl-node-603ef55025655\" data-node=\"603ef55025655\">\n<div class=\"fl-col fl-node-603ef5502568c\" data-node=\"603ef5502568c\">\n<div class=\"fl-col-content fl-node-content\">\n<div class=\"fl-module fl-module-rich-text fl-node-603ef550256c3\" data-node=\"603ef550256c3\" data-animation-delay=\"0.0\">\n<div class=\"fl-module-content fl-node-content\">\n<div class=\"fl-rich-text\">\n<p><strong>Notre offre :<\/strong><\/p>\n<\/div>\n<\/div>\n<\/div>\n<\/div>\n<\/div>\n<\/div>\n<\/div>\n<\/div>\n<\/div>\n<div class=\"fl-row fl-row-full-width fl-row-bg-none fl-node-603ef550260f1\" data-node=\"603ef550260f1\">\n<div class=\"fl-row-content-wrap\">\n<div class=\"fl-row-content fl-row-full-width fl-node-content\">\n<div class=\"fl-col-group fl-node-603ef55026129\" data-node=\"603ef55026129\">\n<div class=\"fl-col fl-node-603ef55026160\" data-node=\"603ef55026160\">\n<div class=\"fl-col-content fl-node-content\">\n<div class=\"fl-module fl-module-rich-text fl-node-603ef55026198\" data-node=\"603ef55026198\" data-animation-delay=\"0.0\">\n<div class=\"fl-module-content fl-node-content\">\n<div class=\"fl-rich-text\">\n<p>1. Sacs de 25 kg ou de 50 kg.<\/p>\n<p>2. sacs avec palette.<\/p>\n<p>3. Cartons de 25 kg ou cartons avec palette.<\/p>\n<p>4. Emballage selon la demande du client<\/p>\n<\/div>\n<\/div>\n<\/div>\n<\/div>\n<\/div>\n<\/div>\n<\/div>\n<\/div>\n<\/div>","protected":false},"excerpt":{"rendered":"<p>PRIX EXW : \u00c0 LA DEMANDE<\/p>\n<p><em>Quantit\u00e9 minimale de commande<\/em>:2TONS<\/p>\n<p>EMBALLAGE : SAC\/BO\u00ceTE AVEC PALETTE<\/p>\n<p>PORT:TIANJIN\/QINGDAO\/SHANGHAI\/NINGBO<\/p>\n<p>LIVRAISON : 5-30 JOURS SUR QTY<\/p>\n<p>PAIEMENT : T\/T\/LC<\/p>\n<p><em>Capacit\u00e9 d'approvisionnement<\/em><em>500 TONNES PAR MOIS<\/em><\/p>\n<p>&nbsp;<\/p>\n<ul>\n<li><em>Prix FOB :<\/em>US $0.5 - 9 999 \/ Pi\u00e8ce<\/li>\n<li><em>Quantit\u00e9 minimale de commande :<\/em>100 pi\u00e8ces\/pi\u00e8ces<\/li>\n<li><em>Capacit\u00e9 d'approvisionnement :<\/em>10000 pi\u00e8ces par mois<\/li>\n<\/ul>","protected":false},"featured_media":2634,"template":"","meta":{"_kad_post_transparent":"default","_kad_post_title":"","_kad_post_layout":"default","_kad_post_sidebar_id":"","_kad_post_content_style":"default","_kad_post_vertical_padding":"default","_kad_post_feature":"","_kad_post_feature_position":"","_kad_post_header":false,"_kad_post_footer":false},"product_brand":[],"product_cat":[30],"product_tag":[],"class_list":{"0":"post-2587","1":"product","2":"type-product","3":"status-publish","4":"has-post-thumbnail","6":"product_cat-screw","8":"first","9":"instock","10":"shipping-taxable","11":"product-type-simple","12":"entry","13":"content-bg","14":"loop-entry"},"yoast_head":"<!-- This site is optimized with the Yoast SEO plugin v27.4 - https:\/\/yoast.com\/product\/yoast-seo-wordpress\/ -->\n<title>Hardware Yellow Zinc Plated Hex Head Self Drilling Screws - Quantong Fastener<\/title>\n<meta name=\"robots\" content=\"index, follow, max-snippet:-1, max-image-preview:large, max-video-preview:-1\" \/>\n<link rel=\"canonical\" href=\"https:\/\/quantongfastener.com\/fr\/produit\/hardware-yellow-zinc-plated-hex-head-self-drilling-screws\/\" \/>\n<meta property=\"og:locale\" content=\"fr_FR\" \/>\n<meta property=\"og:type\" content=\"article\" \/>\n<meta property=\"og:title\" content=\"Hardware Yellow Zinc Plated Hex Head Self Drilling Screws - Quantong Fastener\" \/>\n<meta property=\"og:description\" content=\"EXW PRICE : AS YOU ASK  Min.Order Quantity:2TONS  PACKAGING:BAG\/BOX WITH PALLET  PORT:TIANJIN\/QINGDAO\/SHANGHAI\/NINGBO  DELIVERY:5-30DAYS ON QTY  PAYMENT:T\/T\/LC  Supply Ability:500 TON PER MONTH  &nbsp;   FOB Price:US $0.5 - 9,999 \/ Piece  Min.Order Quantity:100 Piece\/Pieces  Supply Ability:10000 Piece\/Pieces per Month\" \/>\n<meta property=\"og:url\" content=\"https:\/\/quantongfastener.com\/fr\/produit\/hardware-yellow-zinc-plated-hex-head-self-drilling-screws\/\" \/>\n<meta property=\"og:site_name\" content=\"Quantong Fastener\" \/>\n<meta property=\"article:modified_time\" content=\"2025-08-10T13:12:44+00:00\" \/>\n<meta property=\"og:image\" content=\"https:\/\/quantongfastener.com\/wp-content\/uploads\/2025\/08\/d1705d4a-df8d-46a6-9f21-e74350dade20.png\" \/>\n\t<meta property=\"og:image:width\" content=\"760\" \/>\n\t<meta property=\"og:image:height\" content=\"760\" \/>\n\t<meta property=\"og:image:type\" content=\"image\/png\" \/>\n<meta name=\"twitter:card\" content=\"summary_large_image\" \/>\n<meta name=\"twitter:label1\" content=\"Dur\u00e9e de lecture estim\u00e9e\" \/>\n\t<meta name=\"twitter:data1\" content=\"3 minutes\" \/>\n<script type=\"application\/ld+json\" class=\"yoast-schema-graph\">{\"@context\":\"https:\\\/\\\/schema.org\",\"@graph\":[{\"@type\":\"WebPage\",\"@id\":\"https:\\\/\\\/quantongfastener.com\\\/product\\\/hardware-yellow-zinc-plated-hex-head-self-drilling-screws\\\/\",\"url\":\"https:\\\/\\\/quantongfastener.com\\\/product\\\/hardware-yellow-zinc-plated-hex-head-self-drilling-screws\\\/\",\"name\":\"Hardware Yellow Zinc Plated Hex Head Self Drilling Screws - Quantong Fastener\",\"isPartOf\":{\"@id\":\"https:\\\/\\\/quantongfastener.com\\\/#website\"},\"primaryImageOfPage\":{\"@id\":\"https:\\\/\\\/quantongfastener.com\\\/product\\\/hardware-yellow-zinc-plated-hex-head-self-drilling-screws\\\/#primaryimage\"},\"image\":{\"@id\":\"https:\\\/\\\/quantongfastener.com\\\/product\\\/hardware-yellow-zinc-plated-hex-head-self-drilling-screws\\\/#primaryimage\"},\"thumbnailUrl\":\"https:\\\/\\\/quantongfastener.com\\\/wp-content\\\/uploads\\\/2025\\\/08\\\/d1705d4a-df8d-46a6-9f21-e74350dade20.png\",\"datePublished\":\"2025-08-10T01:45:47+00:00\",\"dateModified\":\"2025-08-10T13:12:44+00:00\",\"breadcrumb\":{\"@id\":\"https:\\\/\\\/quantongfastener.com\\\/product\\\/hardware-yellow-zinc-plated-hex-head-self-drilling-screws\\\/#breadcrumb\"},\"inLanguage\":\"fr-FR\",\"potentialAction\":[{\"@type\":\"ReadAction\",\"target\":[\"https:\\\/\\\/quantongfastener.com\\\/product\\\/hardware-yellow-zinc-plated-hex-head-self-drilling-screws\\\/\"]}]},{\"@type\":\"ImageObject\",\"inLanguage\":\"fr-FR\",\"@id\":\"https:\\\/\\\/quantongfastener.com\\\/product\\\/hardware-yellow-zinc-plated-hex-head-self-drilling-screws\\\/#primaryimage\",\"url\":\"https:\\\/\\\/quantongfastener.com\\\/wp-content\\\/uploads\\\/2025\\\/08\\\/d1705d4a-df8d-46a6-9f21-e74350dade20.png\",\"contentUrl\":\"https:\\\/\\\/quantongfastener.com\\\/wp-content\\\/uploads\\\/2025\\\/08\\\/d1705d4a-df8d-46a6-9f21-e74350dade20.png\",\"width\":760,\"height\":760},{\"@type\":\"BreadcrumbList\",\"@id\":\"https:\\\/\\\/quantongfastener.com\\\/product\\\/hardware-yellow-zinc-plated-hex-head-self-drilling-screws\\\/#breadcrumb\",\"itemListElement\":[{\"@type\":\"ListItem\",\"position\":1,\"name\":\"Home\",\"item\":\"https:\\\/\\\/quantongfastener.com\\\/\"},{\"@type\":\"ListItem\",\"position\":2,\"name\":\"Products\",\"item\":\"https:\\\/\\\/quantongfastener.com\\\/products\\\/\"},{\"@type\":\"ListItem\",\"position\":3,\"name\":\"Hardware Yellow Zinc Plated Hex Head Self Drilling Screws\"}]},{\"@type\":\"WebSite\",\"@id\":\"https:\\\/\\\/quantongfastener.com\\\/#website\",\"url\":\"https:\\\/\\\/quantongfastener.com\\\/\",\"name\":\"Quantong Fastener\",\"description\":\"\",\"publisher\":{\"@id\":\"https:\\\/\\\/quantongfastener.com\\\/#organization\"},\"potentialAction\":[{\"@type\":\"SearchAction\",\"target\":{\"@type\":\"EntryPoint\",\"urlTemplate\":\"https:\\\/\\\/quantongfastener.com\\\/?s={search_term_string}\"},\"query-input\":{\"@type\":\"PropertyValueSpecification\",\"valueRequired\":true,\"valueName\":\"search_term_string\"}}],\"inLanguage\":\"fr-FR\"},{\"@type\":\"Organization\",\"@id\":\"https:\\\/\\\/quantongfastener.com\\\/#organization\",\"name\":\"Quantong Fastener\",\"url\":\"https:\\\/\\\/quantongfastener.com\\\/\",\"logo\":{\"@type\":\"ImageObject\",\"inLanguage\":\"fr-FR\",\"@id\":\"https:\\\/\\\/quantongfastener.com\\\/#\\\/schema\\\/logo\\\/image\\\/\",\"url\":\"https:\\\/\\\/quantongfastener.com\\\/wp-content\\\/uploads\\\/2025\\\/07\\\/logo.jpg\",\"contentUrl\":\"https:\\\/\\\/quantongfastener.com\\\/wp-content\\\/uploads\\\/2025\\\/07\\\/logo.jpg\",\"width\":425,\"height\":424,\"caption\":\"Quantong Fastener\"},\"image\":{\"@id\":\"https:\\\/\\\/quantongfastener.com\\\/#\\\/schema\\\/logo\\\/image\\\/\"}}]}<\/script>\n<!-- \/ Yoast SEO plugin. -->","yoast_head_json":{"title":"Hardware Yellow Zinc Plated Hex Head Self Drilling Screws - Quantong Fastener","robots":{"index":"index","follow":"follow","max-snippet":"max-snippet:-1","max-image-preview":"max-image-preview:large","max-video-preview":"max-video-preview:-1"},"canonical":"https:\/\/quantongfastener.com\/fr\/produit\/hardware-yellow-zinc-plated-hex-head-self-drilling-screws\/","og_locale":"fr_FR","og_type":"article","og_title":"Hardware Yellow Zinc Plated Hex Head Self Drilling Screws - Quantong Fastener","og_description":"EXW PRICE : AS YOU ASK  Min.Order Quantity:2TONS  PACKAGING:BAG\/BOX WITH PALLET  PORT:TIANJIN\/QINGDAO\/SHANGHAI\/NINGBO  DELIVERY:5-30DAYS ON QTY  PAYMENT:T\/T\/LC  Supply Ability:500 TON PER MONTH  &nbsp;   FOB Price:US $0.5 - 9,999 \/ Piece  Min.Order Quantity:100 Piece\/Pieces  Supply Ability:10000 Piece\/Pieces per Month","og_url":"https:\/\/quantongfastener.com\/fr\/produit\/hardware-yellow-zinc-plated-hex-head-self-drilling-screws\/","og_site_name":"Quantong Fastener","article_modified_time":"2025-08-10T13:12:44+00:00","og_image":[{"width":760,"height":760,"url":"https:\/\/quantongfastener.com\/wp-content\/uploads\/2025\/08\/d1705d4a-df8d-46a6-9f21-e74350dade20.png","type":"image\/png"}],"twitter_card":"summary_large_image","twitter_misc":{"Dur\u00e9e de lecture estim\u00e9e":"3 minutes"},"schema":{"@context":"https:\/\/schema.org","@graph":[{"@type":"WebPage","@id":"https:\/\/quantongfastener.com\/product\/hardware-yellow-zinc-plated-hex-head-self-drilling-screws\/","url":"https:\/\/quantongfastener.com\/product\/hardware-yellow-zinc-plated-hex-head-self-drilling-screws\/","name":"Hardware Yellow Zinc Plated Hex Head Self Drilling Screws - Quantong Fastener","isPartOf":{"@id":"https:\/\/quantongfastener.com\/#website"},"primaryImageOfPage":{"@id":"https:\/\/quantongfastener.com\/product\/hardware-yellow-zinc-plated-hex-head-self-drilling-screws\/#primaryimage"},"image":{"@id":"https:\/\/quantongfastener.com\/product\/hardware-yellow-zinc-plated-hex-head-self-drilling-screws\/#primaryimage"},"thumbnailUrl":"https:\/\/quantongfastener.com\/wp-content\/uploads\/2025\/08\/d1705d4a-df8d-46a6-9f21-e74350dade20.png","datePublished":"2025-08-10T01:45:47+00:00","dateModified":"2025-08-10T13:12:44+00:00","breadcrumb":{"@id":"https:\/\/quantongfastener.com\/product\/hardware-yellow-zinc-plated-hex-head-self-drilling-screws\/#breadcrumb"},"inLanguage":"fr-FR","potentialAction":[{"@type":"ReadAction","target":["https:\/\/quantongfastener.com\/product\/hardware-yellow-zinc-plated-hex-head-self-drilling-screws\/"]}]},{"@type":"ImageObject","inLanguage":"fr-FR","@id":"https:\/\/quantongfastener.com\/product\/hardware-yellow-zinc-plated-hex-head-self-drilling-screws\/#primaryimage","url":"https:\/\/quantongfastener.com\/wp-content\/uploads\/2025\/08\/d1705d4a-df8d-46a6-9f21-e74350dade20.png","contentUrl":"https:\/\/quantongfastener.com\/wp-content\/uploads\/2025\/08\/d1705d4a-df8d-46a6-9f21-e74350dade20.png","width":760,"height":760},{"@type":"BreadcrumbList","@id":"https:\/\/quantongfastener.com\/product\/hardware-yellow-zinc-plated-hex-head-self-drilling-screws\/#breadcrumb","itemListElement":[{"@type":"ListItem","position":1,"name":"Home","item":"https:\/\/quantongfastener.com\/"},{"@type":"ListItem","position":2,"name":"Products","item":"https:\/\/quantongfastener.com\/products\/"},{"@type":"ListItem","position":3,"name":"Hardware Yellow Zinc Plated Hex Head Self Drilling Screws"}]},{"@type":"WebSite","@id":"https:\/\/quantongfastener.com\/#website","url":"https:\/\/quantongfastener.com\/","name":"Attache Quantong","description":"","publisher":{"@id":"https:\/\/quantongfastener.com\/#organization"},"potentialAction":[{"@type":"SearchAction","target":{"@type":"EntryPoint","urlTemplate":"https:\/\/quantongfastener.com\/?s={search_term_string}"},"query-input":{"@type":"PropertyValueSpecification","valueRequired":true,"valueName":"search_term_string"}}],"inLanguage":"fr-FR"},{"@type":"Organization","@id":"https:\/\/quantongfastener.com\/#organization","name":"Attache Quantong","url":"https:\/\/quantongfastener.com\/","logo":{"@type":"ImageObject","inLanguage":"fr-FR","@id":"https:\/\/quantongfastener.com\/#\/schema\/logo\/image\/","url":"https:\/\/quantongfastener.com\/wp-content\/uploads\/2025\/07\/logo.jpg","contentUrl":"https:\/\/quantongfastener.com\/wp-content\/uploads\/2025\/07\/logo.jpg","width":425,"height":424,"caption":"Quantong Fastener"},"image":{"@id":"https:\/\/quantongfastener.com\/#\/schema\/logo\/image\/"}}]}},"_links":{"self":[{"href":"https:\/\/quantongfastener.com\/fr\/wp-json\/wp\/v2\/product\/2587","targetHints":{"allow":["GET"]}}],"collection":[{"href":"https:\/\/quantongfastener.com\/fr\/wp-json\/wp\/v2\/product"}],"about":[{"href":"https:\/\/quantongfastener.com\/fr\/wp-json\/wp\/v2\/types\/product"}],"wp:featuredmedia":[{"embeddable":true,"href":"https:\/\/quantongfastener.com\/fr\/wp-json\/wp\/v2\/media\/2634"}],"wp:attachment":[{"href":"https:\/\/quantongfastener.com\/fr\/wp-json\/wp\/v2\/media?parent=2587"}],"wp:term":[{"taxonomy":"product_brand","embeddable":true,"href":"https:\/\/quantongfastener.com\/fr\/wp-json\/wp\/v2\/product_brand?post=2587"},{"taxonomy":"product_cat","embeddable":true,"href":"https:\/\/quantongfastener.com\/fr\/wp-json\/wp\/v2\/product_cat?post=2587"},{"taxonomy":"product_tag","embeddable":true,"href":"https:\/\/quantongfastener.com\/fr\/wp-json\/wp\/v2\/product_tag?post=2587"}],"curies":[{"name":"wp","href":"https:\/\/api.w.org\/{rel}","templated":true}]}}