{"id":2563,"date":"2025-08-10T01:33:38","date_gmt":"2025-08-10T01:33:38","guid":{"rendered":"https:\/\/quantongfastener.com\/?post_type=product&#038;p=2563"},"modified":"2025-08-10T01:33:38","modified_gmt":"2025-08-10T01:33:38","slug":"csk-head-self-drilling-screws","status":"publish","type":"product","link":"https:\/\/quantongfastener.com\/fr\/produit\/csk-head-self-drilling-screws\/","title":{"rendered":"Vis autoperceuses \u00e0 t\u00eate cylindrique"},"content":{"rendered":"<div class=\"fl-row fl-row-full-width fl-row-bg-none fl-node-603e0c6889cdc\" data-node=\"603e0c6889cdc\">\n<div class=\"fl-row-content-wrap\">\n<div class=\"fl-row-content fl-row-full-width fl-node-content\">\n<div class=\"fl-col-group fl-node-603e0c6889d16\" data-node=\"603e0c6889d16\">\n<div class=\"fl-col fl-node-603e0c6889d4e\" data-node=\"603e0c6889d4e\">\n<div class=\"fl-col-content fl-node-content\">\n<div class=\"fl-module fl-module-rich-text fl-node-603e0c6889d86\" data-node=\"603e0c6889d86\" data-animation-delay=\"0.0\">\n<div class=\"fl-module-content fl-node-content\">\n<div class=\"fl-rich-text\">\n<div class=\"table_wrap\">\n<table border=\"1\" cellspacing=\"0\" cellpadding=\"0\">\n<tbody>\n<tr>\n<td valign=\"top\" width=\"162\">Nom du produit<\/td>\n<td valign=\"top\" width=\"407\">Vis autoperceuses \u00e0 t\u00eate cylindrique<\/td>\n<\/tr>\n<tr>\n<td valign=\"top\" width=\"162\">Taille<\/td>\n<td valign=\"top\" width=\"407\">2.9mm\/3.5mm\/4.2mm\/4.8mm\/5.5mm\/6.3mm<\/td>\n<\/tr>\n<tr>\n<td valign=\"top\" width=\"162\">Longueur<\/td>\n<td valign=\"top\" width=\"407\">\u00a0(5mm-200mm) ou selon les besoins<\/td>\n<\/tr>\n<tr>\n<td valign=\"top\" width=\"162\">Grade<\/td>\n<td valign=\"top\" width=\"407\">8.8\/ A2-70\/ A4-70<\/td>\n<\/tr>\n<tr>\n<td valign=\"top\" width=\"162\">Mat\u00e9riau<\/td>\n<td valign=\"top\" width=\"407\">Acier\/SWCH22A,C1022A,\/acier inoxydable<\/td>\n<\/tr>\n<tr>\n<td valign=\"top\" width=\"162\">Traitement de surface<\/td>\n<td valign=\"top\" width=\"407\">YZinc\/Zinc\/Plain<\/td>\n<\/tr>\n<tr>\n<td valign=\"top\" width=\"162\">Standard<\/td>\n<td valign=\"top\" width=\"407\">DIN\/ISO\/UINZ<\/td>\n<\/tr>\n<tr>\n<td valign=\"top\" width=\"162\">Certificat<\/td>\n<td valign=\"top\" width=\"407\">ISO 9001<\/td>\n<\/tr>\n<tr>\n<td valign=\"top\" width=\"162\">\u00c9chantillon<\/td>\n<td valign=\"top\" width=\"407\">\u00c9chantillons gratuits<\/td>\n<\/tr>\n<tr>\n<td valign=\"top\" width=\"162\">Utilisation<\/td>\n<td valign=\"top\" width=\"407\">B\u00e2timent<\/td>\n<\/tr>\n<\/tbody>\n<\/table>\n<\/div>\n<\/div>\n<\/div>\n<\/div>\n<\/div>\n<\/div>\n<\/div>\n<div class=\"fl-col-group fl-node-603e0d5e363b0\" data-node=\"603e0d5e363b0\">\n<div class=\"fl-col fl-node-603e0d5e366b9 fl-col-small\" data-node=\"603e0d5e366b9\">\n<div class=\"fl-col-content fl-node-content\">\n<div class=\"fl-module fl-module-photo fl-node-603e0cc203320\" data-node=\"603e0cc203320\" data-animation-delay=\"0.0\">\n<div class=\"fl-module-content fl-node-content\">\n<div class=\"fl-photo fl-photo-align-center\">\n<div class=\"fl-photo-content fl-photo-img-jpg\"><img decoding=\"async\" class=\"fl-photo-img wp-image-5337\" src=\"https:\/\/www.cyfastener.com\/uploads\/image0054.jpg\" alt=\"image005\" \/><\/div>\n<\/div>\n<\/div>\n<\/div>\n<\/div>\n<\/div>\n<div class=\"fl-col fl-node-603e0d5e366f6 fl-col-small\" data-node=\"603e0d5e366f6\">\n<div class=\"fl-col-content fl-node-content\">\n<div class=\"fl-module fl-module-photo fl-node-603e0d0400db5\" data-node=\"603e0d0400db5\" data-animation-delay=\"0.0\">\n<div class=\"fl-module-content fl-node-content\">\n<div class=\"fl-photo fl-photo-align-center\">\n<div class=\"fl-photo-content fl-photo-img-jpg\"><img decoding=\"async\" class=\"fl-photo-img wp-image-5338\" src=\"https:\/\/www.cyfastener.com\/uploads\/image0064.jpg\" alt=\"image006\" \/><\/div>\n<\/div>\n<\/div>\n<\/div>\n<\/div>\n<\/div>\n<div class=\"fl-col fl-node-603e0d5e36730 fl-col-small\" data-node=\"603e0d5e36730\">\n<div class=\"fl-col-content fl-node-content\">\n<div class=\"fl-module fl-module-photo fl-node-603e0d0d5db99\" data-node=\"603e0d0d5db99\" data-animation-delay=\"0.0\">\n<div class=\"fl-module-content fl-node-content\">\n<div class=\"fl-photo fl-photo-align-center\">\n<div class=\"fl-photo-content fl-photo-img-jpg\"><img decoding=\"async\" class=\"fl-photo-img wp-image-5339\" src=\"https:\/\/www.cyfastener.com\/uploads\/image0074.jpg\" alt=\"image007\" \/><\/div>\n<\/div>\n<\/div>\n<\/div>\n<\/div>\n<\/div>\n<div class=\"fl-col fl-node-603e0d5e36768 fl-col-small\" data-node=\"603e0d5e36768\">\n<div class=\"fl-col-content fl-node-content\">\n<div class=\"fl-module fl-module-photo fl-node-603e0d16b97a2\" data-node=\"603e0d16b97a2\" data-animation-delay=\"0.0\">\n<div class=\"fl-module-content fl-node-content\">\n<div class=\"fl-photo fl-photo-align-center\">\n<div class=\"fl-photo-content fl-photo-img-jpg\"><img decoding=\"async\" class=\"fl-photo-img wp-image-5340\" src=\"https:\/\/www.cyfastener.com\/uploads\/image0084.jpg\" alt=\"image008\" \/><\/div>\n<\/div>\n<\/div>\n<\/div>\n<\/div>\n<\/div>\n<div class=\"fl-col fl-node-603e0d5e367a1 fl-col-small\" data-node=\"603e0d5e367a1\">\n<div class=\"fl-col-content fl-node-content\">\n<div class=\"fl-module fl-module-photo fl-node-603e0d6cbe07e\" data-node=\"603e0d6cbe07e\" data-animation-delay=\"0.0\">\n<div class=\"fl-module-content fl-node-content\">\n<div class=\"fl-photo fl-photo-align-center\">\n<div class=\"fl-photo-content fl-photo-img-jpg\"><img decoding=\"async\" class=\"fl-photo-img wp-image-5341\" src=\"https:\/\/www.cyfastener.com\/uploads\/image0094.jpg\" alt=\"image009\" \/><\/div>\n<\/div>\n<\/div>\n<\/div>\n<\/div>\n<\/div>\n<\/div>\n<\/div>\n<\/div>\n<\/div>\n<div class=\"fl-row fl-row-full-width fl-row-bg-none fl-node-603e0c688a5eb\" data-node=\"603e0c688a5eb\">\n<div class=\"fl-row-content-wrap\">\n<div class=\"fl-row-content fl-row-full-width fl-node-content\">\n<div class=\"fl-col-group fl-node-603e0c688a623\" data-node=\"603e0c688a623\">\n<div class=\"fl-col fl-node-603e0c688a65a\" data-node=\"603e0c688a65a\">\n<div class=\"fl-col-content fl-node-content\">\n<div class=\"fl-module fl-module-rich-text fl-node-603e0c688a691\" data-node=\"603e0c688a691\" data-animation-delay=\"0.0\">\n<div class=\"fl-module-content fl-node-content\">\n<div class=\"fl-rich-text\">\n<p><strong>Avantages du produit :<\/strong><\/p>\n<\/div>\n<\/div>\n<\/div>\n<\/div>\n<\/div>\n<\/div>\n<\/div>\n<\/div>\n<\/div>\n<div class=\"fl-row fl-row-full-width fl-row-bg-none fl-node-603e0c688a38a\" data-node=\"603e0c688a38a\">\n<div class=\"fl-row-content-wrap\">\n<div class=\"fl-row-content fl-row-full-width fl-node-content\">\n<div class=\"fl-col-group fl-node-603e0c688a3c1\" data-node=\"603e0c688a3c1\">\n<div class=\"fl-col fl-node-603e0c688a3f9\" data-node=\"603e0c688a3f9\">\n<div class=\"fl-col-content fl-node-content\">\n<div class=\"fl-module fl-module-rich-text fl-node-603e0c6889dbd\" data-node=\"603e0c6889dbd\" data-animation-delay=\"0.0\">\n<div class=\"fl-module-content fl-node-content\">\n<div class=\"fl-rich-text\">\n<p>Processus sp\u00e9cial et avantages caract\u00e9ristiques :<br \/>\n1. Surface galvanis\u00e9e, haute luminosit\u00e9, forte r\u00e9sistance \u00e0 la corrosion.<br \/>\n2. Traitement de trempe par c\u00e9mentation, duret\u00e9 de surface \u00e9lev\u00e9e.<br \/>\n3. Technologie avanc\u00e9e, haute performance de verrouillage.<\/p>\n<\/div>\n<\/div>\n<\/div>\n<\/div>\n<\/div>\n<\/div>\n<\/div>\n<\/div>\n<\/div>\n<div class=\"fl-row fl-row-full-width fl-row-bg-none fl-node-603e0c688a430\" data-node=\"603e0c688a430\">\n<div class=\"fl-row-content-wrap\">\n<div class=\"fl-row-content fl-row-full-width fl-node-content\">\n<div class=\"fl-col-group fl-node-603e0c688a468\" data-node=\"603e0c688a468\">\n<div class=\"fl-col fl-node-603e0c688a49f\" data-node=\"603e0c688a49f\">\n<div class=\"fl-col-content fl-node-content\">\n<div class=\"fl-module fl-module-rich-text fl-node-603e0c688a4d7\" data-node=\"603e0c688a4d7\" data-animation-delay=\"0.0\">\n<div class=\"fl-module-content fl-node-content\">\n<div class=\"fl-rich-text\">\n<p><strong>Traitement de surface :<\/strong><\/p>\n<\/div>\n<\/div>\n<\/div>\n<\/div>\n<\/div>\n<\/div>\n<\/div>\n<\/div>\n<\/div>\n<div class=\"fl-row fl-row-full-width fl-row-bg-none fl-node-603e0c688a50e\" data-node=\"603e0c688a50e\">\n<div class=\"fl-row-content-wrap\">\n<div class=\"fl-row-content fl-row-full-width fl-node-content\">\n<div class=\"fl-col-group fl-node-603e0c688a545\" data-node=\"603e0c688a545\">\n<div class=\"fl-col fl-node-603e0c688a57d\" data-node=\"603e0c688a57d\">\n<div class=\"fl-col-content fl-node-content\">\n<div class=\"fl-module fl-module-rich-text fl-node-603e0c688a5b4\" data-node=\"603e0c688a5b4\" data-animation-delay=\"0.0\">\n<div class=\"fl-module-content fl-node-content\">\n<div class=\"fl-rich-text\">\n<ol>\n<li><strong>\u00a0YZINC\/ZINC<\/strong><\/li>\n<\/ol>\n<p>\u2606 L'\u00e9lectro-galvanisation est une technologie traditionnelle de traitement des rev\u00eatements m\u00e9talliques qui conf\u00e8re aux surfaces m\u00e9talliques une r\u00e9sistance de base \u00e0 la corrosion. Les principaux avantages sont une bonne soudabilit\u00e9 et une r\u00e9sistance de contact adapt\u00e9e. En raison de ses bonnes propri\u00e9t\u00e9s de lubrification, le cadmiage est couramment utilis\u00e9 dans l'aviation, l'a\u00e9rospatiale, la marine et les produits radio et \u00e9lectroniques. La couche de placage prot\u00e8ge le substrat d'acier \u00e0 la fois contre la protection m\u00e9canique et chimique, de sorte que sa r\u00e9sistance \u00e0 la corrosion est bien meilleure que celle du placage de zinc.<\/p>\n<\/div>\n<\/div>\n<\/div>\n<\/div>\n<\/div>\n<\/div>\n<\/div>\n<\/div>\n<\/div>\n<div class=\"fl-row fl-row-full-width fl-row-bg-none fl-node-603e0c6889fd8\" data-node=\"603e0c6889fd8\">\n<div class=\"fl-row-content-wrap\">\n<div class=\"fl-row-content fl-row-full-width fl-node-content\">\n<div class=\"fl-col-group fl-node-603e0c688a010\" data-node=\"603e0c688a010\">\n<div class=\"fl-col fl-node-603e0c688a047\" data-node=\"603e0c688a047\">\n<div class=\"fl-col-content fl-node-content\">\n<div class=\"fl-module fl-module-rich-text fl-node-603e0c688a07e\" data-node=\"603e0c688a07e\" data-animation-delay=\"0.0\">\n<div class=\"fl-module-content fl-node-content\">\n<div class=\"fl-rich-text\">\n<p><strong>Param\u00e8tre du produit :<\/strong><\/p>\n<\/div>\n<\/div>\n<\/div>\n<\/div>\n<\/div>\n<\/div>\n<\/div>\n<\/div>\n<\/div>\n<div class=\"fl-row fl-row-fixed-width fl-row-bg-none fl-node-603e0c688a6c9\" data-node=\"603e0c688a6c9\">\n<div class=\"fl-row-content-wrap\">\n<div class=\"fl-row-content fl-row-fixed-width fl-node-content\">\n<div class=\"fl-col-group fl-node-603e0c688a700\" data-node=\"603e0c688a700\">\n<div class=\"fl-col fl-node-603e0c688a737\" data-node=\"603e0c688a737\">\n<div class=\"fl-col-content fl-node-content\">\n<div class=\"fl-module fl-module-rich-text fl-node-603e0c688a76f\" data-node=\"603e0c688a76f\" data-animation-delay=\"0.0\">\n<div class=\"fl-module-content fl-node-content\">\n<div class=\"fl-rich-text\">\n<p><img decoding=\"async\" class=\"size-full wp-image-5342 aligncenter\" src=\"https:\/\/www.cyfastener.com\/uploads\/image0104.jpg\" alt=\"image010\" \/><\/p>\n<p align=\"center\">NORME JIS B 1124 - 2003<\/p>\n<p align=\"center\"><img decoding=\"async\" class=\"size-full wp-image-5343 aligncenter\" src=\"https:\/\/www.cyfastener.com\/uploads\/image0114.jpg\" alt=\"image011\" \/><\/p>\n<\/div>\n<\/div>\n<\/div>\n<\/div>\n<\/div>\n<\/div>\n<\/div>\n<\/div>\n<\/div>","protected":false},"excerpt":{"rendered":"<p>PRIX EXW : \u00c0 LA DEMANDE<\/p>\n<p><em>Quantit\u00e9 minimale de commande<\/em>:2TONS<\/p>\n<p>EMBALLAGE : SAC\/BO\u00ceTE AVEC PALETTE<\/p>\n<p>PORT:TIANJIN\/QINGDAO\/SHANGHAI\/NINGBO<\/p>\n<p>LIVRAISON : 5-30 JOURS SUR QTY<\/p>\n<p>PAIEMENT : T\/T\/LC<\/p>\n<p><em>Capacit\u00e9 d'approvisionnement<\/em><em>500 TONNES PAR MOIS<\/em><\/p>\n<p>&nbsp;<\/p>\n<ul>\n<li><em>Prix FOB :<\/em>US $0.5 - 9 999 \/ Pi\u00e8ce<\/li>\n<li><em>Quantit\u00e9 minimale de commande :<\/em>100 pi\u00e8ces\/pi\u00e8ces<\/li>\n<li><em>Capacit\u00e9 d'approvisionnement :<\/em>10000 pi\u00e8ces par mois<\/li>\n<\/ul>","protected":false},"featured_media":2564,"template":"","meta":{"_kad_post_transparent":"default","_kad_post_title":"","_kad_post_layout":"default","_kad_post_sidebar_id":"","_kad_post_content_style":"default","_kad_post_vertical_padding":"default","_kad_post_feature":"","_kad_post_feature_position":"","_kad_post_header":false,"_kad_post_footer":false},"product_brand":[],"product_cat":[30],"product_tag":[],"class_list":{"0":"post-2563","1":"product","2":"type-product","3":"status-publish","4":"has-post-thumbnail","6":"product_cat-screw","8":"first","9":"instock","10":"shipping-taxable","11":"product-type-simple","12":"entry","13":"content-bg","14":"loop-entry"},"yoast_head":"<!-- This site is optimized with the Yoast SEO plugin v27.4 - https:\/\/yoast.com\/product\/yoast-seo-wordpress\/ -->\n<title>Csk Head self drilling screws - Quantong Fastener<\/title>\n<meta name=\"robots\" content=\"index, follow, max-snippet:-1, max-image-preview:large, max-video-preview:-1\" \/>\n<link rel=\"canonical\" href=\"https:\/\/quantongfastener.com\/fr\/produit\/csk-head-self-drilling-screws\/\" \/>\n<meta property=\"og:locale\" content=\"fr_FR\" \/>\n<meta property=\"og:type\" content=\"article\" \/>\n<meta property=\"og:title\" content=\"Csk Head self drilling screws - Quantong Fastener\" \/>\n<meta property=\"og:description\" content=\"EXW PRICE : AS YOU ASK  Min.Order Quantity:2TONS  PACKAGING:BAG\/BOX WITH PALLET  PORT:TIANJIN\/QINGDAO\/SHANGHAI\/NINGBO  DELIVERY:5-30DAYS ON QTY  PAYMENT:T\/T\/LC  Supply Ability:500 TON PER MONTH  &nbsp;   FOB Price:US $0.5 - 9,999 \/ Piece  Min.Order Quantity:100 Piece\/Pieces  Supply Ability:10000 Piece\/Pieces per Month\" \/>\n<meta property=\"og:url\" content=\"https:\/\/quantongfastener.com\/fr\/produit\/csk-head-self-drilling-screws\/\" \/>\n<meta property=\"og:site_name\" content=\"Quantong Fastener\" \/>\n<meta property=\"og:image\" content=\"https:\/\/quantongfastener.com\/wp-content\/uploads\/2025\/08\/Csk-Head-self-drilling-screws-1.jpg\" \/>\n\t<meta property=\"og:image:width\" content=\"610\" \/>\n\t<meta property=\"og:image:height\" content=\"610\" \/>\n\t<meta property=\"og:image:type\" content=\"image\/jpeg\" \/>\n<meta name=\"twitter:card\" content=\"summary_large_image\" \/>\n<meta name=\"twitter:label1\" content=\"Dur\u00e9e de lecture estim\u00e9e\" \/>\n\t<meta name=\"twitter:data1\" content=\"1 minute\" \/>\n<script type=\"application\/ld+json\" class=\"yoast-schema-graph\">{\"@context\":\"https:\\\/\\\/schema.org\",\"@graph\":[{\"@type\":\"WebPage\",\"@id\":\"https:\\\/\\\/quantongfastener.com\\\/product\\\/csk-head-self-drilling-screws\\\/\",\"url\":\"https:\\\/\\\/quantongfastener.com\\\/product\\\/csk-head-self-drilling-screws\\\/\",\"name\":\"Csk Head self drilling screws - Quantong Fastener\",\"isPartOf\":{\"@id\":\"https:\\\/\\\/quantongfastener.com\\\/#website\"},\"primaryImageOfPage\":{\"@id\":\"https:\\\/\\\/quantongfastener.com\\\/product\\\/csk-head-self-drilling-screws\\\/#primaryimage\"},\"image\":{\"@id\":\"https:\\\/\\\/quantongfastener.com\\\/product\\\/csk-head-self-drilling-screws\\\/#primaryimage\"},\"thumbnailUrl\":\"https:\\\/\\\/quantongfastener.com\\\/wp-content\\\/uploads\\\/2025\\\/08\\\/Csk-Head-self-drilling-screws-1.jpg\",\"datePublished\":\"2025-08-10T01:33:38+00:00\",\"breadcrumb\":{\"@id\":\"https:\\\/\\\/quantongfastener.com\\\/product\\\/csk-head-self-drilling-screws\\\/#breadcrumb\"},\"inLanguage\":\"fr-FR\",\"potentialAction\":[{\"@type\":\"ReadAction\",\"target\":[\"https:\\\/\\\/quantongfastener.com\\\/product\\\/csk-head-self-drilling-screws\\\/\"]}]},{\"@type\":\"ImageObject\",\"inLanguage\":\"fr-FR\",\"@id\":\"https:\\\/\\\/quantongfastener.com\\\/product\\\/csk-head-self-drilling-screws\\\/#primaryimage\",\"url\":\"https:\\\/\\\/quantongfastener.com\\\/wp-content\\\/uploads\\\/2025\\\/08\\\/Csk-Head-self-drilling-screws-1.jpg\",\"contentUrl\":\"https:\\\/\\\/quantongfastener.com\\\/wp-content\\\/uploads\\\/2025\\\/08\\\/Csk-Head-self-drilling-screws-1.jpg\",\"width\":610,\"height\":610},{\"@type\":\"BreadcrumbList\",\"@id\":\"https:\\\/\\\/quantongfastener.com\\\/product\\\/csk-head-self-drilling-screws\\\/#breadcrumb\",\"itemListElement\":[{\"@type\":\"ListItem\",\"position\":1,\"name\":\"Home\",\"item\":\"https:\\\/\\\/quantongfastener.com\\\/\"},{\"@type\":\"ListItem\",\"position\":2,\"name\":\"Products\",\"item\":\"https:\\\/\\\/quantongfastener.com\\\/products\\\/\"},{\"@type\":\"ListItem\",\"position\":3,\"name\":\"Csk Head self drilling screws\"}]},{\"@type\":\"WebSite\",\"@id\":\"https:\\\/\\\/quantongfastener.com\\\/#website\",\"url\":\"https:\\\/\\\/quantongfastener.com\\\/\",\"name\":\"Quantong Fastener\",\"description\":\"\",\"publisher\":{\"@id\":\"https:\\\/\\\/quantongfastener.com\\\/#organization\"},\"potentialAction\":[{\"@type\":\"SearchAction\",\"target\":{\"@type\":\"EntryPoint\",\"urlTemplate\":\"https:\\\/\\\/quantongfastener.com\\\/?s={search_term_string}\"},\"query-input\":{\"@type\":\"PropertyValueSpecification\",\"valueRequired\":true,\"valueName\":\"search_term_string\"}}],\"inLanguage\":\"fr-FR\"},{\"@type\":\"Organization\",\"@id\":\"https:\\\/\\\/quantongfastener.com\\\/#organization\",\"name\":\"Quantong Fastener\",\"url\":\"https:\\\/\\\/quantongfastener.com\\\/\",\"logo\":{\"@type\":\"ImageObject\",\"inLanguage\":\"fr-FR\",\"@id\":\"https:\\\/\\\/quantongfastener.com\\\/#\\\/schema\\\/logo\\\/image\\\/\",\"url\":\"https:\\\/\\\/quantongfastener.com\\\/wp-content\\\/uploads\\\/2025\\\/07\\\/logo.jpg\",\"contentUrl\":\"https:\\\/\\\/quantongfastener.com\\\/wp-content\\\/uploads\\\/2025\\\/07\\\/logo.jpg\",\"width\":425,\"height\":424,\"caption\":\"Quantong Fastener\"},\"image\":{\"@id\":\"https:\\\/\\\/quantongfastener.com\\\/#\\\/schema\\\/logo\\\/image\\\/\"}}]}<\/script>\n<!-- \/ Yoast SEO plugin. -->","yoast_head_json":{"title":"Csk Head self drilling screws - Quantong Fastener","robots":{"index":"index","follow":"follow","max-snippet":"max-snippet:-1","max-image-preview":"max-image-preview:large","max-video-preview":"max-video-preview:-1"},"canonical":"https:\/\/quantongfastener.com\/fr\/produit\/csk-head-self-drilling-screws\/","og_locale":"fr_FR","og_type":"article","og_title":"Csk Head self drilling screws - Quantong Fastener","og_description":"EXW PRICE : AS YOU ASK  Min.Order Quantity:2TONS  PACKAGING:BAG\/BOX WITH PALLET  PORT:TIANJIN\/QINGDAO\/SHANGHAI\/NINGBO  DELIVERY:5-30DAYS ON QTY  PAYMENT:T\/T\/LC  Supply Ability:500 TON PER MONTH  &nbsp;   FOB Price:US $0.5 - 9,999 \/ Piece  Min.Order Quantity:100 Piece\/Pieces  Supply Ability:10000 Piece\/Pieces per Month","og_url":"https:\/\/quantongfastener.com\/fr\/produit\/csk-head-self-drilling-screws\/","og_site_name":"Quantong Fastener","og_image":[{"width":610,"height":610,"url":"https:\/\/quantongfastener.com\/wp-content\/uploads\/2025\/08\/Csk-Head-self-drilling-screws-1.jpg","type":"image\/jpeg"}],"twitter_card":"summary_large_image","twitter_misc":{"Dur\u00e9e de lecture estim\u00e9e":"1 minute"},"schema":{"@context":"https:\/\/schema.org","@graph":[{"@type":"WebPage","@id":"https:\/\/quantongfastener.com\/product\/csk-head-self-drilling-screws\/","url":"https:\/\/quantongfastener.com\/product\/csk-head-self-drilling-screws\/","name":"Csk Head self drilling screws - Quantong Fastener","isPartOf":{"@id":"https:\/\/quantongfastener.com\/#website"},"primaryImageOfPage":{"@id":"https:\/\/quantongfastener.com\/product\/csk-head-self-drilling-screws\/#primaryimage"},"image":{"@id":"https:\/\/quantongfastener.com\/product\/csk-head-self-drilling-screws\/#primaryimage"},"thumbnailUrl":"https:\/\/quantongfastener.com\/wp-content\/uploads\/2025\/08\/Csk-Head-self-drilling-screws-1.jpg","datePublished":"2025-08-10T01:33:38+00:00","breadcrumb":{"@id":"https:\/\/quantongfastener.com\/product\/csk-head-self-drilling-screws\/#breadcrumb"},"inLanguage":"fr-FR","potentialAction":[{"@type":"ReadAction","target":["https:\/\/quantongfastener.com\/product\/csk-head-self-drilling-screws\/"]}]},{"@type":"ImageObject","inLanguage":"fr-FR","@id":"https:\/\/quantongfastener.com\/product\/csk-head-self-drilling-screws\/#primaryimage","url":"https:\/\/quantongfastener.com\/wp-content\/uploads\/2025\/08\/Csk-Head-self-drilling-screws-1.jpg","contentUrl":"https:\/\/quantongfastener.com\/wp-content\/uploads\/2025\/08\/Csk-Head-self-drilling-screws-1.jpg","width":610,"height":610},{"@type":"BreadcrumbList","@id":"https:\/\/quantongfastener.com\/product\/csk-head-self-drilling-screws\/#breadcrumb","itemListElement":[{"@type":"ListItem","position":1,"name":"Home","item":"https:\/\/quantongfastener.com\/"},{"@type":"ListItem","position":2,"name":"Products","item":"https:\/\/quantongfastener.com\/products\/"},{"@type":"ListItem","position":3,"name":"Csk Head self drilling screws"}]},{"@type":"WebSite","@id":"https:\/\/quantongfastener.com\/#website","url":"https:\/\/quantongfastener.com\/","name":"Attache Quantong","description":"","publisher":{"@id":"https:\/\/quantongfastener.com\/#organization"},"potentialAction":[{"@type":"SearchAction","target":{"@type":"EntryPoint","urlTemplate":"https:\/\/quantongfastener.com\/?s={search_term_string}"},"query-input":{"@type":"PropertyValueSpecification","valueRequired":true,"valueName":"search_term_string"}}],"inLanguage":"fr-FR"},{"@type":"Organization","@id":"https:\/\/quantongfastener.com\/#organization","name":"Attache Quantong","url":"https:\/\/quantongfastener.com\/","logo":{"@type":"ImageObject","inLanguage":"fr-FR","@id":"https:\/\/quantongfastener.com\/#\/schema\/logo\/image\/","url":"https:\/\/quantongfastener.com\/wp-content\/uploads\/2025\/07\/logo.jpg","contentUrl":"https:\/\/quantongfastener.com\/wp-content\/uploads\/2025\/07\/logo.jpg","width":425,"height":424,"caption":"Quantong Fastener"},"image":{"@id":"https:\/\/quantongfastener.com\/#\/schema\/logo\/image\/"}}]}},"_links":{"self":[{"href":"https:\/\/quantongfastener.com\/fr\/wp-json\/wp\/v2\/product\/2563","targetHints":{"allow":["GET"]}}],"collection":[{"href":"https:\/\/quantongfastener.com\/fr\/wp-json\/wp\/v2\/product"}],"about":[{"href":"https:\/\/quantongfastener.com\/fr\/wp-json\/wp\/v2\/types\/product"}],"wp:featuredmedia":[{"embeddable":true,"href":"https:\/\/quantongfastener.com\/fr\/wp-json\/wp\/v2\/media\/2564"}],"wp:attachment":[{"href":"https:\/\/quantongfastener.com\/fr\/wp-json\/wp\/v2\/media?parent=2563"}],"wp:term":[{"taxonomy":"product_brand","embeddable":true,"href":"https:\/\/quantongfastener.com\/fr\/wp-json\/wp\/v2\/product_brand?post=2563"},{"taxonomy":"product_cat","embeddable":true,"href":"https:\/\/quantongfastener.com\/fr\/wp-json\/wp\/v2\/product_cat?post=2563"},{"taxonomy":"product_tag","embeddable":true,"href":"https:\/\/quantongfastener.com\/fr\/wp-json\/wp\/v2\/product_tag?post=2563"}],"curies":[{"name":"wp","href":"https:\/\/api.w.org\/{rel}","templated":true}]}}