{"id":2310,"date":"2025-08-09T15:12:05","date_gmt":"2025-08-09T15:12:05","guid":{"rendered":"https:\/\/quantongfastener.com\/?post_type=product&#038;p=2310"},"modified":"2025-08-09T15:12:05","modified_gmt":"2025-08-09T15:12:05","slug":"din582-round-nut-lifting-eye-nuts","status":"publish","type":"product","link":"https:\/\/quantongfastener.com\/fr\/produit\/din582-round-nut-lifting-eye-nuts\/","title":{"rendered":"DIN582 \u00c9crou rond \u00c9crou \u00e0 \u0153il de levage"},"content":{"rendered":"<p><strong>Description du produit :<\/strong><\/p>\n<div class=\"table_wrap\">\n<table border=\"1\" cellspacing=\"0\" cellpadding=\"0\">\n<tbody>\n<tr align=\"left\">\n<td>\n<p align=\"left\">Objet<\/p>\n<\/td>\n<td>\n<p align=\"left\">\u00c9crous \u00e0 \u0153il de levage en acier inoxydable DIN582<\/p>\n<\/td>\n<\/tr>\n<tr align=\"left\">\n<td>\n<p align=\"left\">Certification<\/p>\n<\/td>\n<td>\n<p align=\"left\">SGS,ISO<\/p>\n<\/td>\n<\/tr>\n<tr align=\"left\">\n<td rowspan=\"3\">\n<p align=\"left\">Mat\u00e9riau<\/p>\n<\/td>\n<td>\n<p align=\"left\">Carbon steel(,Q235,C1010,C1020,C1040.C1045,10b21,etc)<\/p>\n<\/td>\n<\/tr>\n<tr align=\"left\">\n<td>\n<p align=\"left\">Laiton\/cuivre (H62, H65, H68, etc.)<\/p>\n<\/td>\n<\/tr>\n<tr align=\"left\">\n<td>\n<p align=\"left\">acier inoxydable (SUS304, SUS316, SUS410)<\/p>\n<\/td>\n<\/tr>\n<tr align=\"left\">\n<td rowspan=\"2\">\n<p align=\"left\">Grade<\/p>\n<\/td>\n<td>\n<p align=\"left\">4.8,6.8,8.8,9.8,10.9,12.9,A2-70,A4-80<\/p>\n<\/td>\n<\/tr>\n<tr align=\"left\">\n<td>\n<p align=\"left\">ANSI,ASTM:2, 5 8 10<\/p>\n<\/td>\n<\/tr>\n<tr align=\"left\">\n<td rowspan=\"3\">\n<p align=\"left\">Traitement de surface<\/p>\n<\/td>\n<td>\n<p align=\"left\">Zingu\u00e9 color\u00e9 (galvanis\u00e9, peut \u00eatre blanc, bleu, jaune, vert) Galvanis\u00e9 \u00e0 chaud (HDG)<\/p>\n<\/td>\n<\/tr>\n<tr align=\"left\">\n<td>\n<p align=\"left\">Nickel\u00e9, chrom\u00e9, \u00e9tam\u00e9, dacrom\u00e8tre<\/p>\n<\/td>\n<\/tr>\n<tr align=\"left\">\n<td>\n<p align=\"left\">Cadmium, G\u00e9om\u00e9trie, Poli, Electrophor\u00e8se<\/p>\n<\/td>\n<\/tr>\n<tr align=\"left\">\n<td>\n<p align=\"left\">Taille<\/p>\n<\/td>\n<td>\n<p align=\"left\">M3-M100(taille normale)<\/p>\n<\/td>\n<\/tr>\n<tr align=\"left\">\n<td>\n<p align=\"left\">Port<\/p>\n<\/td>\n<td>\n<p align=\"left\">Ningbo ou Shanghai<\/p>\n<\/td>\n<\/tr>\n<tr align=\"left\">\n<td>\n<p align=\"left\">Emballage<\/p>\n<\/td>\n<td>\n<p align=\"left\" data-spm-anchor-id=\"a2700.details.0.i25.7df12081seSF98\">25Kg\/Carton, groupage, 36Carton\/Palette<\/p>\n<\/td>\n<\/tr>\n<\/tbody>\n<\/table>\n<\/div>\n<p><strong>Avantages du produit :<\/strong><\/p>\n<ol>\n<li><strong>Usinage de pr\u00e9cision<\/strong><\/li>\n<\/ol>\n<p align=\"justify\">\u2606 Mesurer et traiter \u00e0 l'aide de machines-outils de pr\u00e9cision et d'outils de mesure dans des conditions environnementales strictement contr\u00f4l\u00e9es.<\/p>\n<p align=\"justify\"><strong>\u00a0\u00a0<\/strong>\u00a0 \u00a0 \u00a0 2.<strong>Mat\u00e9riau m\u00e9tallique de haute qualit\u00e9<\/strong><\/p>\n<p align=\"justify\">\u2606 Longue dur\u00e9e de vie, faible production de chaleur, grande duret\u00e9, grande rigidit\u00e9, faible bruit, grande r\u00e9sistance \u00e0 l'usure et autres caract\u00e9ristiques.<\/p>\n<p align=\"justify\"><strong>\u00a0 \u00a0 \u00a0 \u00a0\u00a0<\/strong>3.<strong>\u00a0Rentabilit\u00e9<\/strong><\/p>\n<p align=\"justify\">\u2606 L'utilisation d'un mat\u00e9riau m\u00e9tallique de haute qualit\u00e9, apr\u00e8s un traitement et un formage de pr\u00e9cision, am\u00e9liore consid\u00e9rablement l'exp\u00e9rience de l'utilisateur.<\/p>\n<p><strong>Param\u00e8tre du produit :<\/strong><\/p>\n<p><a href=\"https:\/\/www.cyfastener.com\/uploads\/1582090751448017377m.jpg\"><img decoding=\"async\" class=\"alignnone size-full wp-image-6900\" src=\"https:\/\/www.cyfastener.com\/uploads\/1582090751448017377m.jpg\" alt=\"1582090751448017377m\" \/><\/a><\/p>\n<div class=\"table_wrap\">\n<table border=\"0\" cellspacing=\"0\" cellpadding=\"0\">\n<colgroup>\n<col span=\"17\" width=\"64\" \/><\/colgroup>\n<tbody>\n<tr>\n<td colspan=\"2\" width=\"128\" height=\"19\">Taille du filet<\/td>\n<td rowspan=\"2\" width=\"64\"><a>M8<\/a><\/td>\n<td rowspan=\"2\" width=\"64\"><a>M10<\/a><\/td>\n<td rowspan=\"2\" width=\"64\"><a>M12<\/a><\/td>\n<td rowspan=\"2\" width=\"64\"><a>M16<\/a><\/td>\n<td rowspan=\"2\" width=\"64\"><a>M20<\/a><\/td>\n<td rowspan=\"2\" width=\"64\"><a>M24<\/a><\/td>\n<td rowspan=\"2\" width=\"64\"><a>M30<\/a><\/td>\n<td rowspan=\"2\" width=\"64\"><a>M36<\/a><\/td>\n<td rowspan=\"2\" width=\"64\"><a>M42<\/a><\/td>\n<td rowspan=\"2\" width=\"64\"><a>M48<\/a><\/td>\n<td rowspan=\"2\" width=\"64\"><a>M56<\/a><\/td>\n<td rowspan=\"2\" width=\"64\"><a>M64<\/a><\/td>\n<td rowspan=\"2\" width=\"64\"><a>M72\u00d76<\/a><\/td>\n<td rowspan=\"2\" width=\"64\"><a>M80\u00d76<\/a><\/td>\n<td rowspan=\"2\" width=\"64\"><a>M100\u00d76<\/a><\/td>\n<\/tr>\n<tr>\n<td colspan=\"2\" width=\"128\" height=\"19\">d<\/td>\n<\/tr>\n<tr>\n<td rowspan=\"3\" height=\"57\">d<sub>k<\/sub><\/td>\n<td>Nominal<\/td>\n<td width=\"64\">20<\/td>\n<td width=\"64\">25<\/td>\n<td width=\"64\">30<\/td>\n<td width=\"64\">35<\/td>\n<td width=\"64\">40<\/td>\n<td width=\"64\">50<\/td>\n<td width=\"64\">65<\/td>\n<td width=\"64\">75<\/td>\n<td width=\"64\">85<\/td>\n<td width=\"64\">100<\/td>\n<td width=\"64\">110<\/td>\n<td width=\"64\">120<\/td>\n<td width=\"64\">150<\/td>\n<td width=\"64\">170<\/td>\n<td width=\"64\">190<\/td>\n<\/tr>\n<tr>\n<td height=\"19\">minimum<\/td>\n<td width=\"64\">19.5<\/td>\n<td width=\"64\">24.5<\/td>\n<td width=\"64\">29.5<\/td>\n<td width=\"64\">34.4<\/td>\n<td width=\"64\">39.4<\/td>\n<td width=\"64\">49.3<\/td>\n<td width=\"64\">64.3<\/td>\n<td width=\"64\">74.3<\/td>\n<td width=\"64\">84.3<\/td>\n<td width=\"64\">99.2<\/td>\n<td width=\"64\">108.9<\/td>\n<td width=\"64\">118.9<\/td>\n<td width=\"64\">148.8<\/td>\n<td width=\"64\">168.5<\/td>\n<td width=\"64\">188.5<\/td>\n<\/tr>\n<tr>\n<td height=\"19\">valeur maximale<\/td>\n<td width=\"64\">20.9<\/td>\n<td width=\"64\">26.1<\/td>\n<td width=\"64\">30.9<\/td>\n<td width=\"64\">36.2<\/td>\n<td width=\"64\">41.2<\/td>\n<td width=\"64\">51.3<\/td>\n<td width=\"64\">66.3<\/td>\n<td width=\"64\">76.5<\/td>\n<td width=\"64\">86.5<\/td>\n<td width=\"64\">101.7<\/td>\n<td width=\"64\">112.1<\/td>\n<td width=\"64\">122.1<\/td>\n<td width=\"64\">152.4<\/td>\n<td width=\"64\">173<\/td>\n<td width=\"64\">193<\/td>\n<\/tr>\n<tr>\n<td rowspan=\"3\" height=\"57\">d<sub>2<\/sub><\/td>\n<td id=\"id1\">Nominal<\/td>\n<td width=\"64\">36<\/td>\n<td width=\"64\">45<\/td>\n<td width=\"64\">54<\/td>\n<td width=\"64\">63<\/td>\n<td width=\"64\">72<\/td>\n<td width=\"64\">90<\/td>\n<td width=\"64\">108<\/td>\n<td width=\"64\">126<\/td>\n<td width=\"64\">144<\/td>\n<td width=\"64\">166<\/td>\n<td width=\"64\">184<\/td>\n<td width=\"64\">206<\/td>\n<td width=\"64\">260<\/td>\n<td width=\"64\">296<\/td>\n<td width=\"64\">330<\/td>\n<\/tr>\n<tr>\n<td height=\"19\">minimum<\/td>\n<td width=\"64\">35.5<\/td>\n<td width=\"64\">44.4<\/td>\n<td width=\"64\">53.5<\/td>\n<td width=\"64\">62.4<\/td>\n<td width=\"64\">71.4<\/td>\n<td width=\"64\">89.3<\/td>\n<td width=\"64\">107.3<\/td>\n<td width=\"64\">125.2<\/td>\n<td width=\"64\">143.2<\/td>\n<td width=\"64\">164.9<\/td>\n<td width=\"64\">182.8<\/td>\n<td width=\"64\">204.8<\/td>\n<td width=\"64\">258.5<\/td>\n<td width=\"64\">294.3<\/td>\n<td width=\"64\">328.3<\/td>\n<\/tr>\n<tr>\n<td height=\"19\">valeur maximale<\/td>\n<td width=\"64\">37.1<\/td>\n<td width=\"64\">46.2<\/td>\n<td width=\"64\">55.1<\/td>\n<td width=\"64\">64.2<\/td>\n<td width=\"64\">73.2<\/td>\n<td width=\"64\">91.3<\/td>\n<td width=\"64\">109.5<\/td>\n<td width=\"64\">127.7<\/td>\n<td width=\"64\">145.7<\/td>\n<td width=\"64\">168.1<\/td>\n<td width=\"64\">186.4<\/td>\n<td width=\"64\">208.4<\/td>\n<td width=\"64\">263<\/td>\n<td width=\"64\">299.3<\/td>\n<td width=\"64\">333.3<\/td>\n<\/tr>\n<tr>\n<td rowspan=\"3\" height=\"57\">d<sub>1<\/sub><\/td>\n<td id=\"id1\">Nominal<\/td>\n<td width=\"64\">20<\/td>\n<td width=\"64\">25<\/td>\n<td width=\"64\">30<\/td>\n<td width=\"64\">35<\/td>\n<td width=\"64\">40<\/td>\n<td width=\"64\">50<\/td>\n<td width=\"64\">60<\/td>\n<td width=\"64\">70<\/td>\n<td width=\"64\">80<\/td>\n<td width=\"64\">90<\/td>\n<td width=\"64\">100<\/td>\n<td width=\"64\">110<\/td>\n<td width=\"64\">140<\/td>\n<td width=\"64\">160<\/td>\n<td width=\"64\">180<\/td>\n<\/tr>\n<tr>\n<td height=\"19\">minimum<\/td>\n<td width=\"64\">19.1<\/td>\n<td width=\"64\">23.9<\/td>\n<td width=\"64\">29.1<\/td>\n<td width=\"64\">33.8<\/td>\n<td width=\"64\">38.8<\/td>\n<td width=\"64\">48.7<\/td>\n<td width=\"64\">58.7<\/td>\n<td width=\"64\">68.5<\/td>\n<td width=\"64\">78.5<\/td>\n<td width=\"64\">88.3<\/td>\n<td width=\"64\">98.1<\/td>\n<td width=\"64\">107.9<\/td>\n<td width=\"64\">137.6<\/td>\n<td width=\"64\">157.3<\/td>\n<td width=\"64\">177<\/td>\n<\/tr>\n<tr>\n<td height=\"19\">valeur maximale<\/td>\n<td width=\"64\">20.5<\/td>\n<td width=\"64\">25.5<\/td>\n<td width=\"64\">30.5<\/td>\n<td width=\"64\">35.6<\/td>\n<td width=\"64\">40.6<\/td>\n<td width=\"64\">50.7<\/td>\n<td width=\"64\">60.7<\/td>\n<td width=\"64\">70.7<\/td>\n<td width=\"64\">80.7<\/td>\n<td width=\"64\">90.8<\/td>\n<td width=\"64\">100.9<\/td>\n<td width=\"64\">111.1<\/td>\n<td width=\"64\">141.2<\/td>\n<td width=\"64\">161.3<\/td>\n<td width=\"64\">181.5<\/td>\n<\/tr>\n<tr>\n<td rowspan=\"3\" height=\"57\">k<\/td>\n<td id=\"id1\">Nominal<\/td>\n<td width=\"64\">8.5<\/td>\n<td width=\"64\">10<\/td>\n<td width=\"64\">11<\/td>\n<td width=\"64\">13<\/td>\n<td width=\"64\">16<\/td>\n<td width=\"64\">20<\/td>\n<td width=\"64\">25<\/td>\n<td width=\"64\">30<\/td>\n<td width=\"64\">35<\/td>\n<td width=\"64\">40<\/td>\n<td width=\"64\">45<\/td>\n<td width=\"64\">50<\/td>\n<td width=\"64\">60<\/td>\n<td width=\"64\">70<\/td>\n<td width=\"64\">80<\/td>\n<\/tr>\n<tr>\n<td height=\"19\">minimum<\/td>\n<td width=\"64\">8<\/td>\n<td width=\"64\">9.5<\/td>\n<td width=\"64\">10.5<\/td>\n<td width=\"64\">12.5<\/td>\n<td width=\"64\">15.5<\/td>\n<td width=\"64\">19.5<\/td>\n<td width=\"64\">24.4<\/td>\n<td width=\"64\">29.3<\/td>\n<td width=\"64\">34.3<\/td>\n<td width=\"64\">39.2<\/td>\n<td width=\"64\">44.1<\/td>\n<td width=\"64\">49.1<\/td>\n<td width=\"64\">58.9<\/td>\n<td width=\"64\">68.8<\/td>\n<td width=\"64\">78.8<\/td>\n<\/tr>\n<tr>\n<td height=\"19\">valeur maximale<\/td>\n<td width=\"64\">9.4<\/td>\n<td width=\"64\">10.9<\/td>\n<td width=\"64\">11.9<\/td>\n<td width=\"64\">13.9<\/td>\n<td width=\"64\">16.9<\/td>\n<td width=\"64\">21.1<\/td>\n<td width=\"64\">26.2<\/td>\n<td width=\"64\">31.3<\/td>\n<td width=\"64\">36.5<\/td>\n<td width=\"64\">41.7<\/td>\n<td width=\"64\">46.9<\/td>\n<td width=\"64\">51.9<\/td>\n<td width=\"64\">62.1<\/td>\n<td width=\"64\">72.4<\/td>\n<td width=\"64\">82.4<\/td>\n<\/tr>\n<tr>\n<td rowspan=\"3\" height=\"57\">h<\/td>\n<td id=\"id1\">Nominal<\/td>\n<td width=\"64\">36<\/td>\n<td width=\"64\">45<\/td>\n<td width=\"64\">53<\/td>\n<td width=\"64\">62<\/td>\n<td width=\"64\">71<\/td>\n<td width=\"64\">90<\/td>\n<td width=\"64\">109<\/td>\n<td width=\"64\">128<\/td>\n<td width=\"64\">147<\/td>\n<td width=\"64\">168<\/td>\n<td width=\"64\">187<\/td>\n<td width=\"64\">208<\/td>\n<td width=\"64\">260<\/td>\n<td width=\"64\">298<\/td>\n<td width=\"64\">330<\/td>\n<\/tr>\n<tr>\n<td height=\"19\">minimum<\/td>\n<td width=\"64\">35.5<\/td>\n<td width=\"64\">44.4<\/td>\n<td width=\"64\">52.5<\/td>\n<td width=\"64\">61.4<\/td>\n<td width=\"64\">70.4<\/td>\n<td width=\"64\">89.3<\/td>\n<td width=\"64\">108.3<\/td>\n<td width=\"64\">127.2<\/td>\n<td width=\"64\">146.2<\/td>\n<td width=\"64\">166.9<\/td>\n<td width=\"64\">185.8<\/td>\n<td width=\"64\">206.8<\/td>\n<td width=\"64\">258.5<\/td>\n<td width=\"64\">296.3<\/td>\n<td width=\"64\">328.3<\/td>\n<\/tr>\n<tr>\n<td height=\"19\">valeur maximale<\/td>\n<td width=\"64\">37.1<\/td>\n<td width=\"64\">46.2<\/td>\n<td width=\"64\">54.1<\/td>\n<td width=\"64\">63.2<\/td>\n<td width=\"64\">72.2<\/td>\n<td width=\"64\">91.3<\/td>\n<td width=\"64\">110.5<\/td>\n<td width=\"64\">129.7<\/td>\n<td width=\"64\">148.7<\/td>\n<td width=\"64\">170.1<\/td>\n<td width=\"64\">189.4<\/td>\n<td width=\"64\">210.4<\/td>\n<td width=\"64\">263<\/td>\n<td width=\"64\">301.3<\/td>\n<td width=\"64\">333.3<\/td>\n<\/tr>\n<tr>\n<td rowspan=\"3\" height=\"57\">d<sub>0<\/sub><\/td>\n<td id=\"id1\">Nominal<\/td>\n<td width=\"64\">8<\/td>\n<td width=\"64\">10<\/td>\n<td width=\"64\">12<\/td>\n<td width=\"64\">14<\/td>\n<td width=\"64\">16<\/td>\n<td width=\"64\">20<\/td>\n<td width=\"64\">24<\/td>\n<td width=\"64\">28<\/td>\n<td width=\"64\">32<\/td>\n<td width=\"64\">38<\/td>\n<td width=\"64\">42<\/td>\n<td width=\"64\">48<\/td>\n<td width=\"64\">60<\/td>\n<td width=\"64\">68<\/td>\n<td width=\"64\">75<\/td>\n<\/tr>\n<tr>\n<td height=\"19\">minimum<\/td>\n<td width=\"64\">7.5<\/td>\n<td width=\"64\">9.5<\/td>\n<td width=\"64\">11.5<\/td>\n<td width=\"64\">13.5<\/td>\n<td width=\"64\">15.5<\/td>\n<td width=\"64\">19.4<\/td>\n<td width=\"64\">23.4<\/td>\n<td width=\"64\">27.3<\/td>\n<td width=\"64\">31.3<\/td>\n<td width=\"64\">37.2<\/td>\n<td width=\"64\">41.1<\/td>\n<td width=\"64\">47.1<\/td>\n<td width=\"64\">58.9<\/td>\n<td width=\"64\">66.8<\/td>\n<td width=\"64\">73.8<\/td>\n<\/tr>\n<tr>\n<td height=\"19\">valeur maximale<\/td>\n<td width=\"64\">8.9<\/td>\n<td width=\"64\">11.1<\/td>\n<td width=\"64\">12.9<\/td>\n<td width=\"64\">15.1<\/td>\n<td width=\"64\">17.1<\/td>\n<td width=\"64\">21.2<\/td>\n<td width=\"64\">25.2<\/td>\n<td width=\"64\">29.3<\/td>\n<td width=\"64\">33.3<\/td>\n<td width=\"64\">39.7<\/td>\n<td width=\"64\">43.9<\/td>\n<td width=\"64\">49.9<\/td>\n<td width=\"64\">62.1<\/td>\n<td width=\"64\">70.4<\/td>\n<td width=\"64\">77.4<\/td>\n<\/tr>\n<tr>\n<td rowspan=\"3\" height=\"57\">d<sub>3<\/sub><\/td>\n<td id=\"id1\">Nominal<\/td>\n<td width=\"64\">10<\/td>\n<td width=\"64\">12<\/td>\n<td width=\"64\">14<\/td>\n<td width=\"64\">16<\/td>\n<td width=\"64\">19<\/td>\n<td width=\"64\">24<\/td>\n<td width=\"64\">28<\/td>\n<td width=\"64\">32<\/td>\n<td width=\"64\">38<\/td>\n<td width=\"64\">46<\/td>\n<td width=\"64\">50<\/td>\n<td width=\"64\">58<\/td>\n<td width=\"64\">72<\/td>\n<td width=\"64\">80<\/td>\n<td width=\"64\">88<\/td>\n<\/tr>\n<tr>\n<td height=\"19\">minimum<\/td>\n<td width=\"64\">9.5<\/td>\n<td width=\"64\">11.5<\/td>\n<td width=\"64\">13.5<\/td>\n<td width=\"64\">15.5<\/td>\n<td width=\"64\">18.5<\/td>\n<td width=\"64\">23.4<\/td>\n<td width=\"64\">27.4<\/td>\n<td width=\"64\">31.3<\/td>\n<td width=\"64\">37.3<\/td>\n<td width=\"64\">45.2<\/td>\n<td width=\"64\">49.1<\/td>\n<td width=\"64\">57.1<\/td>\n<td width=\"64\">70.9<\/td>\n<td width=\"64\">78.8<\/td>\n<td width=\"64\">86.8<\/td>\n<\/tr>\n<tr>\n<td height=\"19\">valeur maximale<\/td>\n<td width=\"64\">10.9<\/td>\n<td width=\"64\">13.1<\/td>\n<td width=\"64\">14.9<\/td>\n<td width=\"64\">17.1<\/td>\n<td width=\"64\">20.1<\/td>\n<td width=\"64\">25.2<\/td>\n<td width=\"64\">29.2<\/td>\n<td width=\"64\">33.3<\/td>\n<td width=\"64\">39.5<\/td>\n<td width=\"64\">47.7<\/td>\n<td width=\"64\">51.9<\/td>\n<td width=\"64\">59.9<\/td>\n<td width=\"64\">74.1<\/td>\n<td width=\"64\">82.4<\/td>\n<td width=\"64\">90.4<\/td>\n<\/tr>\n<tr>\n<td colspan=\"2\" height=\"20\">Poids unique (acier)\u2248kg<\/td>\n<td width=\"64\">0.05<\/td>\n<td width=\"64\">0.09<\/td>\n<td width=\"64\">0.16<\/td>\n<td width=\"64\">0.24<\/td>\n<td width=\"64\">0.36<\/td>\n<td width=\"64\">0.72<\/td>\n<td width=\"64\">1.32<\/td>\n<td width=\"64\">2.08<\/td>\n<td width=\"64\">3.11<\/td>\n<td width=\"64\">5.02<\/td>\n<td width=\"64\">6.69<\/td>\n<td width=\"64\">9.3<\/td>\n<td width=\"64\">18.5<\/td>\n<td width=\"64\">27.3<\/td>\n<td width=\"64\">36.4<\/td>\n<\/tr>\n<\/tbody>\n<\/table>\n<\/div>\n<p><strong>NOTRE PAQUET :<\/strong><\/p>\n<p align=\"justify\">1. Sacs de 25 kg ou de 50 kg.<br \/>\n2. sacs avec palette.<br \/>\n3. Cartons de 25 kg ou cartons avec palette.<br \/>\n4. Emballage selon la demande du client<\/p>","protected":false},"excerpt":{"rendered":"<p>PRIX EXW : 720USD-910USD\/TONNE<br \/>\nQuantit\u00e9 minimale de commande : 2 tonnes<br \/>\nEMBALLAGE : SAC\/BO\u00ceTE AVEC PALETTE<br \/>\nPORT:TIANJIN\/QINGDAO\/SHANGHAI\/NINGBO<br \/>\nLIVRAISON : 5-30 JOURS SUR QTY<br \/>\nPAIEMENT : T\/T\/LC<br \/>\nCapacit\u00e9 d'approvisionnement : 600 TONNES PAR MOIS<\/p>\n<p>&nbsp;<\/p>\n<ul>\n<li><em>Prix FOB :<\/em>US $0.5 - 9 999 \/ Pi\u00e8ce<\/li>\n<li><em>Quantit\u00e9 minimale de commande :<\/em>100 pi\u00e8ces\/pi\u00e8ces<\/li>\n<li><em>Capacit\u00e9 d'approvisionnement :<\/em>10000 pi\u00e8ces par mois<\/li>\n<\/ul>","protected":false},"featured_media":2312,"template":"","meta":{"_kad_post_transparent":"default","_kad_post_title":"","_kad_post_layout":"default","_kad_post_sidebar_id":"","_kad_post_content_style":"default","_kad_post_vertical_padding":"default","_kad_post_feature":"","_kad_post_feature_position":"","_kad_post_header":false,"_kad_post_footer":false},"product_brand":[],"product_cat":[29],"product_tag":[],"class_list":{"0":"post-2310","1":"product","2":"type-product","3":"status-publish","4":"has-post-thumbnail","6":"product_cat-nut","8":"first","9":"instock","10":"shipping-taxable","11":"product-type-simple","12":"entry","13":"content-bg","14":"loop-entry"},"yoast_head":"<!-- This site is optimized with the Yoast SEO plugin v27.4 - https:\/\/yoast.com\/product\/yoast-seo-wordpress\/ -->\n<title>DIN582 Round Nut Lifting Eye Nuts - Quantong Fastener<\/title>\n<meta name=\"robots\" content=\"index, follow, max-snippet:-1, max-image-preview:large, max-video-preview:-1\" \/>\n<link rel=\"canonical\" href=\"https:\/\/quantongfastener.com\/fr\/produit\/din582-round-nut-lifting-eye-nuts\/\" \/>\n<meta property=\"og:locale\" content=\"fr_FR\" \/>\n<meta property=\"og:type\" content=\"article\" \/>\n<meta property=\"og:title\" content=\"DIN582 Round Nut Lifting Eye Nuts - Quantong Fastener\" \/>\n<meta property=\"og:description\" content=\"EXW PRICE : 720USD-910USD\/TON Min.Order Quantity:2TONS PACKAGING:BAG\/BOX WITH PALLET PORT:TIANJIN\/QINGDAO\/SHANGHAI\/NINGBO DELIVERY:5-30DAYS ON QTY PAYMENT:T\/T\/LC Supply Ability:600 TON PER MONTH  &nbsp;   FOB Price:US $0.5 - 9,999 \/ Piece  Min.Order Quantity:100 Piece\/Pieces  Supply Ability:10000 Piece\/Pieces per Month\" \/>\n<meta property=\"og:url\" content=\"https:\/\/quantongfastener.com\/fr\/produit\/din582-round-nut-lifting-eye-nuts\/\" \/>\n<meta property=\"og:site_name\" content=\"Quantong Fastener\" \/>\n<meta property=\"og:image\" content=\"https:\/\/quantongfastener.com\/wp-content\/uploads\/2025\/08\/DIN582-Round-Nut-Lifting-Eye-Nuts-2.jpg\" \/>\n\t<meta property=\"og:image:width\" content=\"610\" \/>\n\t<meta property=\"og:image:height\" content=\"610\" \/>\n\t<meta property=\"og:image:type\" content=\"image\/jpeg\" \/>\n<meta name=\"twitter:card\" content=\"summary_large_image\" \/>\n<meta name=\"twitter:label1\" content=\"Dur\u00e9e de lecture estim\u00e9e\" \/>\n\t<meta name=\"twitter:data1\" content=\"3 minutes\" \/>\n<script type=\"application\/ld+json\" class=\"yoast-schema-graph\">{\"@context\":\"https:\\\/\\\/schema.org\",\"@graph\":[{\"@type\":\"WebPage\",\"@id\":\"https:\\\/\\\/quantongfastener.com\\\/product\\\/din582-round-nut-lifting-eye-nuts\\\/\",\"url\":\"https:\\\/\\\/quantongfastener.com\\\/product\\\/din582-round-nut-lifting-eye-nuts\\\/\",\"name\":\"DIN582 Round Nut Lifting Eye Nuts - Quantong Fastener\",\"isPartOf\":{\"@id\":\"https:\\\/\\\/quantongfastener.com\\\/#website\"},\"primaryImageOfPage\":{\"@id\":\"https:\\\/\\\/quantongfastener.com\\\/product\\\/din582-round-nut-lifting-eye-nuts\\\/#primaryimage\"},\"image\":{\"@id\":\"https:\\\/\\\/quantongfastener.com\\\/product\\\/din582-round-nut-lifting-eye-nuts\\\/#primaryimage\"},\"thumbnailUrl\":\"https:\\\/\\\/quantongfastener.com\\\/wp-content\\\/uploads\\\/2025\\\/08\\\/DIN582-Round-Nut-Lifting-Eye-Nuts-2.jpg\",\"datePublished\":\"2025-08-09T15:12:05+00:00\",\"breadcrumb\":{\"@id\":\"https:\\\/\\\/quantongfastener.com\\\/product\\\/din582-round-nut-lifting-eye-nuts\\\/#breadcrumb\"},\"inLanguage\":\"fr-FR\",\"potentialAction\":[{\"@type\":\"ReadAction\",\"target\":[\"https:\\\/\\\/quantongfastener.com\\\/product\\\/din582-round-nut-lifting-eye-nuts\\\/\"]}]},{\"@type\":\"ImageObject\",\"inLanguage\":\"fr-FR\",\"@id\":\"https:\\\/\\\/quantongfastener.com\\\/product\\\/din582-round-nut-lifting-eye-nuts\\\/#primaryimage\",\"url\":\"https:\\\/\\\/quantongfastener.com\\\/wp-content\\\/uploads\\\/2025\\\/08\\\/DIN582-Round-Nut-Lifting-Eye-Nuts-2.jpg\",\"contentUrl\":\"https:\\\/\\\/quantongfastener.com\\\/wp-content\\\/uploads\\\/2025\\\/08\\\/DIN582-Round-Nut-Lifting-Eye-Nuts-2.jpg\",\"width\":610,\"height\":610},{\"@type\":\"BreadcrumbList\",\"@id\":\"https:\\\/\\\/quantongfastener.com\\\/product\\\/din582-round-nut-lifting-eye-nuts\\\/#breadcrumb\",\"itemListElement\":[{\"@type\":\"ListItem\",\"position\":1,\"name\":\"Home\",\"item\":\"https:\\\/\\\/quantongfastener.com\\\/\"},{\"@type\":\"ListItem\",\"position\":2,\"name\":\"Products\",\"item\":\"https:\\\/\\\/quantongfastener.com\\\/products\\\/\"},{\"@type\":\"ListItem\",\"position\":3,\"name\":\"DIN582 Round Nut Lifting Eye Nuts\"}]},{\"@type\":\"WebSite\",\"@id\":\"https:\\\/\\\/quantongfastener.com\\\/#website\",\"url\":\"https:\\\/\\\/quantongfastener.com\\\/\",\"name\":\"Quantong Fastener\",\"description\":\"\",\"publisher\":{\"@id\":\"https:\\\/\\\/quantongfastener.com\\\/#organization\"},\"potentialAction\":[{\"@type\":\"SearchAction\",\"target\":{\"@type\":\"EntryPoint\",\"urlTemplate\":\"https:\\\/\\\/quantongfastener.com\\\/?s={search_term_string}\"},\"query-input\":{\"@type\":\"PropertyValueSpecification\",\"valueRequired\":true,\"valueName\":\"search_term_string\"}}],\"inLanguage\":\"fr-FR\"},{\"@type\":\"Organization\",\"@id\":\"https:\\\/\\\/quantongfastener.com\\\/#organization\",\"name\":\"Quantong Fastener\",\"url\":\"https:\\\/\\\/quantongfastener.com\\\/\",\"logo\":{\"@type\":\"ImageObject\",\"inLanguage\":\"fr-FR\",\"@id\":\"https:\\\/\\\/quantongfastener.com\\\/#\\\/schema\\\/logo\\\/image\\\/\",\"url\":\"https:\\\/\\\/quantongfastener.com\\\/wp-content\\\/uploads\\\/2025\\\/07\\\/logo.jpg\",\"contentUrl\":\"https:\\\/\\\/quantongfastener.com\\\/wp-content\\\/uploads\\\/2025\\\/07\\\/logo.jpg\",\"width\":425,\"height\":424,\"caption\":\"Quantong Fastener\"},\"image\":{\"@id\":\"https:\\\/\\\/quantongfastener.com\\\/#\\\/schema\\\/logo\\\/image\\\/\"}}]}<\/script>\n<!-- \/ Yoast SEO plugin. -->","yoast_head_json":{"title":"DIN582 Round Nut Lifting Eye Nuts - Quantong Fastener","robots":{"index":"index","follow":"follow","max-snippet":"max-snippet:-1","max-image-preview":"max-image-preview:large","max-video-preview":"max-video-preview:-1"},"canonical":"https:\/\/quantongfastener.com\/fr\/produit\/din582-round-nut-lifting-eye-nuts\/","og_locale":"fr_FR","og_type":"article","og_title":"DIN582 Round Nut Lifting Eye Nuts - Quantong Fastener","og_description":"EXW PRICE : 720USD-910USD\/TON Min.Order Quantity:2TONS PACKAGING:BAG\/BOX WITH PALLET PORT:TIANJIN\/QINGDAO\/SHANGHAI\/NINGBO DELIVERY:5-30DAYS ON QTY PAYMENT:T\/T\/LC Supply Ability:600 TON PER MONTH  &nbsp;   FOB Price:US $0.5 - 9,999 \/ Piece  Min.Order Quantity:100 Piece\/Pieces  Supply Ability:10000 Piece\/Pieces per Month","og_url":"https:\/\/quantongfastener.com\/fr\/produit\/din582-round-nut-lifting-eye-nuts\/","og_site_name":"Quantong Fastener","og_image":[{"width":610,"height":610,"url":"https:\/\/quantongfastener.com\/wp-content\/uploads\/2025\/08\/DIN582-Round-Nut-Lifting-Eye-Nuts-2.jpg","type":"image\/jpeg"}],"twitter_card":"summary_large_image","twitter_misc":{"Dur\u00e9e de lecture estim\u00e9e":"3 minutes"},"schema":{"@context":"https:\/\/schema.org","@graph":[{"@type":"WebPage","@id":"https:\/\/quantongfastener.com\/product\/din582-round-nut-lifting-eye-nuts\/","url":"https:\/\/quantongfastener.com\/product\/din582-round-nut-lifting-eye-nuts\/","name":"DIN582 Round Nut Lifting Eye Nuts - Quantong Fastener","isPartOf":{"@id":"https:\/\/quantongfastener.com\/#website"},"primaryImageOfPage":{"@id":"https:\/\/quantongfastener.com\/product\/din582-round-nut-lifting-eye-nuts\/#primaryimage"},"image":{"@id":"https:\/\/quantongfastener.com\/product\/din582-round-nut-lifting-eye-nuts\/#primaryimage"},"thumbnailUrl":"https:\/\/quantongfastener.com\/wp-content\/uploads\/2025\/08\/DIN582-Round-Nut-Lifting-Eye-Nuts-2.jpg","datePublished":"2025-08-09T15:12:05+00:00","breadcrumb":{"@id":"https:\/\/quantongfastener.com\/product\/din582-round-nut-lifting-eye-nuts\/#breadcrumb"},"inLanguage":"fr-FR","potentialAction":[{"@type":"ReadAction","target":["https:\/\/quantongfastener.com\/product\/din582-round-nut-lifting-eye-nuts\/"]}]},{"@type":"ImageObject","inLanguage":"fr-FR","@id":"https:\/\/quantongfastener.com\/product\/din582-round-nut-lifting-eye-nuts\/#primaryimage","url":"https:\/\/quantongfastener.com\/wp-content\/uploads\/2025\/08\/DIN582-Round-Nut-Lifting-Eye-Nuts-2.jpg","contentUrl":"https:\/\/quantongfastener.com\/wp-content\/uploads\/2025\/08\/DIN582-Round-Nut-Lifting-Eye-Nuts-2.jpg","width":610,"height":610},{"@type":"BreadcrumbList","@id":"https:\/\/quantongfastener.com\/product\/din582-round-nut-lifting-eye-nuts\/#breadcrumb","itemListElement":[{"@type":"ListItem","position":1,"name":"Home","item":"https:\/\/quantongfastener.com\/"},{"@type":"ListItem","position":2,"name":"Products","item":"https:\/\/quantongfastener.com\/products\/"},{"@type":"ListItem","position":3,"name":"DIN582 Round Nut Lifting Eye Nuts"}]},{"@type":"WebSite","@id":"https:\/\/quantongfastener.com\/#website","url":"https:\/\/quantongfastener.com\/","name":"Attache Quantong","description":"","publisher":{"@id":"https:\/\/quantongfastener.com\/#organization"},"potentialAction":[{"@type":"SearchAction","target":{"@type":"EntryPoint","urlTemplate":"https:\/\/quantongfastener.com\/?s={search_term_string}"},"query-input":{"@type":"PropertyValueSpecification","valueRequired":true,"valueName":"search_term_string"}}],"inLanguage":"fr-FR"},{"@type":"Organization","@id":"https:\/\/quantongfastener.com\/#organization","name":"Attache Quantong","url":"https:\/\/quantongfastener.com\/","logo":{"@type":"ImageObject","inLanguage":"fr-FR","@id":"https:\/\/quantongfastener.com\/#\/schema\/logo\/image\/","url":"https:\/\/quantongfastener.com\/wp-content\/uploads\/2025\/07\/logo.jpg","contentUrl":"https:\/\/quantongfastener.com\/wp-content\/uploads\/2025\/07\/logo.jpg","width":425,"height":424,"caption":"Quantong Fastener"},"image":{"@id":"https:\/\/quantongfastener.com\/#\/schema\/logo\/image\/"}}]}},"_links":{"self":[{"href":"https:\/\/quantongfastener.com\/fr\/wp-json\/wp\/v2\/product\/2310","targetHints":{"allow":["GET"]}}],"collection":[{"href":"https:\/\/quantongfastener.com\/fr\/wp-json\/wp\/v2\/product"}],"about":[{"href":"https:\/\/quantongfastener.com\/fr\/wp-json\/wp\/v2\/types\/product"}],"wp:featuredmedia":[{"embeddable":true,"href":"https:\/\/quantongfastener.com\/fr\/wp-json\/wp\/v2\/media\/2312"}],"wp:attachment":[{"href":"https:\/\/quantongfastener.com\/fr\/wp-json\/wp\/v2\/media?parent=2310"}],"wp:term":[{"taxonomy":"product_brand","embeddable":true,"href":"https:\/\/quantongfastener.com\/fr\/wp-json\/wp\/v2\/product_brand?post=2310"},{"taxonomy":"product_cat","embeddable":true,"href":"https:\/\/quantongfastener.com\/fr\/wp-json\/wp\/v2\/product_cat?post=2310"},{"taxonomy":"product_tag","embeddable":true,"href":"https:\/\/quantongfastener.com\/fr\/wp-json\/wp\/v2\/product_tag?post=2310"}],"curies":[{"name":"wp","href":"https:\/\/api.w.org\/{rel}","templated":true}]}}