{"id":2285,"date":"2025-08-09T15:03:30","date_gmt":"2025-08-09T15:03:30","guid":{"rendered":"https:\/\/quantongfastener.com\/?post_type=product&#038;p=2285"},"modified":"2025-08-09T15:03:30","modified_gmt":"2025-08-09T15:03:30","slug":"din-16903-brass-knurled-insert-nut","status":"publish","type":"product","link":"https:\/\/quantongfastener.com\/fr\/produit\/din-16903-brass-knurled-insert-nut\/","title":{"rendered":"DIN 16903 \u00c9crou molet\u00e9 en laiton"},"content":{"rendered":"<p><strong>Description du produit :<\/strong><\/p>\n<div class=\"table_wrap\">\n<table>\n<tbody>\n<tr>\n<td colspan=\"1\" rowspan=\"1\">\n<div data-spm-anchor-id=\"a2700.details.0.i25.4f1c3502RyPx78\">Nom du produit<\/div>\n<\/td>\n<td colspan=\"1\" rowspan=\"1\">\n<div>\u00c9crous molet\u00e9s en laiton de qualit\u00e9<\/div>\n<\/td>\n<\/tr>\n<tr>\n<td colspan=\"1\" rowspan=\"1\">\n<div>Mat\u00e9riau<\/div>\n<\/td>\n<td colspan=\"1\" rowspan=\"1\">\n<div>H59 Brass ,Free Cutting Brass IS 319 Type (I) ou BS 249 Type (I) ou High Grade<br \/>\nToute composition sp\u00e9ciale de mat\u00e9riau en laiton selon les exigences du client<\/div>\n<\/td>\n<\/tr>\n<tr>\n<td colspan=\"1\" rowspan=\"1\">\n<div>Technologie de surface<\/div>\n<\/td>\n<td colspan=\"1\" rowspan=\"1\">\n<div data-spm-anchor-id=\"a2700.details.0.i26.4f1c3502RyPx78\">Inserts en laiton naturel, nickel\u00e9, \u00e9tam\u00e9 ou tout autre rev\u00eatement selon les sp\u00e9cifications du client.<\/div>\n<\/td>\n<\/tr>\n<tr>\n<td colspan=\"1\" rowspan=\"1\">\n<div>Champ d'application<\/div>\n<\/td>\n<td colspan=\"1\" rowspan=\"1\">\n<div>Coque en plastique pour ordinateurs portables, coque en plastique pour ordinateurs de bureau, coque en plastique pour GPS, coque en plastique pour routeurs, ABS, aluminium, fibre de verre, caoutchouc, thermoplastique, moulage par injection.<\/div>\n<\/td>\n<\/tr>\n<tr>\n<td colspan=\"1\" rowspan=\"1\">\n<div>Equipement principal<\/div>\n<\/td>\n<td colspan=\"1\" rowspan=\"1\">\n<div>Tournage et fraisage CNC, perceuse CNC, rectifieuse interne et externe, plieuse CNC<\/div>\n<\/td>\n<\/tr>\n<tr>\n<td colspan=\"1\" rowspan=\"1\">\n<div>Capacit\u00e9 de production<\/div>\n<\/td>\n<td colspan=\"1\" rowspan=\"1\">\n<div>200000 pi\u00e8ces\/pi\u00e8ces par semaine<\/div>\n<\/td>\n<\/tr>\n<tr>\n<td colspan=\"1\" rowspan=\"1\">\n<div>\u00c9chantillons<\/div>\n<\/td>\n<td colspan=\"1\" rowspan=\"1\">\n<div>Les \u00e9chantillons sont gratuits si nous les avons en stock, vous n'avez qu'\u00e0 payer les frais de transport.<\/div>\n<\/td>\n<\/tr>\n<tr>\n<td colspan=\"1\" rowspan=\"1\">\n<div>Paquet<\/div>\n<\/td>\n<td colspan=\"1\" rowspan=\"1\">\n<div>Sac PE + Carton + Palette<\/div>\n<\/td>\n<\/tr>\n<tr>\n<td colspan=\"1\" rowspan=\"1\">\n<div>Quantit\u00e9 d'emballage<\/div>\n<\/td>\n<td colspan=\"1\" rowspan=\"1\">\n<div>MIN1000PCS\/Sac<\/div>\n<\/td>\n<\/tr>\n<tr>\n<td colspan=\"1\" rowspan=\"1\">\n<div>Avantage<\/div>\n<\/td>\n<td colspan=\"1\" rowspan=\"1\">\n<div data-spm-anchor-id=\"a2700.details.0.i24.4f1c3502RyPx78\">1.bon prix et bonne qualit\u00e9 2.appr\u00e9ciation du dessin 3.service OEM<\/div>\n<\/td>\n<\/tr>\n<\/tbody>\n<\/table>\n<\/div>\n<p><strong>Avantages du produit :<\/strong><\/p>\n<ol>\n<li><strong>Usinage de pr\u00e9cision<\/strong><\/li>\n<\/ol>\n<p align=\"justify\">\u2606 Mesurer et traiter \u00e0 l'aide de machines-outils de pr\u00e9cision et d'outils de mesure dans des conditions environnementales strictement contr\u00f4l\u00e9es.<\/p>\n<p align=\"justify\"><strong>\u00a0\u00a0<\/strong>\u00a0 \u00a0 \u00a0 2.<strong>Mat\u00e9riau m\u00e9tallique de haute qualit\u00e9<\/strong><\/p>\n<p align=\"justify\">\u2606 Longue dur\u00e9e de vie, faible production de chaleur, grande duret\u00e9, grande rigidit\u00e9, faible bruit, grande r\u00e9sistance \u00e0 l'usure et autres caract\u00e9ristiques.<\/p>\n<p align=\"justify\"><strong>\u00a0 \u00a0 \u00a0 \u00a0\u00a0<\/strong>3.<strong>\u00a0Rentabilit\u00e9<\/strong><\/p>\n<p align=\"justify\">\u2606 L'utilisation d'un mat\u00e9riau m\u00e9tallique de haute qualit\u00e9, apr\u00e8s un traitement et un formage de pr\u00e9cision, am\u00e9liore consid\u00e9rablement l'exp\u00e9rience de l'utilisateur.<\/p>\n<p><strong>Param\u00e8tre du produit :<\/strong><\/p>\n<p><a href=\"https:\/\/www.cyfastener.com\/uploads\/1548145767615086034m.jpg\"><img decoding=\"async\" class=\"alignnone size-full wp-image-6868\" src=\"https:\/\/www.cyfastener.com\/uploads\/1548145767615086034m.jpg\" alt=\"1548145767615086034m\" \/><\/a><\/p>\n<div class=\"table_wrap\">\n<table border=\"0\" cellspacing=\"0\" cellpadding=\"0\">\n<colgroup>\n<col span=\"9\" width=\"64\" \/><\/colgroup>\n<tbody>\n<tr>\n<td colspan=\"2\" width=\"128\" height=\"19\">Sp\u00e9cification du fil<\/td>\n<td rowspan=\"2\" width=\"64\"><a>M2<\/a><\/td>\n<td rowspan=\"2\" width=\"64\"><a>M2.5<\/a><\/td>\n<td rowspan=\"2\" width=\"64\"><a>M3<\/a><\/td>\n<td rowspan=\"2\" width=\"64\"><a>(M3.5)<\/a><\/td>\n<td rowspan=\"2\" width=\"64\"><a>M4<\/a><\/td>\n<td rowspan=\"2\" width=\"64\"><a>M5<\/a><\/td>\n<td rowspan=\"2\" width=\"64\"><a>M6<\/a><\/td>\n<\/tr>\n<tr>\n<td colspan=\"2\" width=\"128\" height=\"19\">d<\/td>\n<\/tr>\n<tr>\n<td colspan=\"2\" height=\"19\">k<\/td>\n<td width=\"64\">0.9<\/td>\n<td width=\"64\">1<\/td>\n<td width=\"64\">1.2<\/td>\n<td width=\"64\">1.6<\/td>\n<td width=\"64\">1.8<\/td>\n<td width=\"64\">2<\/td>\n<td width=\"64\">2.5<\/td>\n<\/tr>\n<tr>\n<td colspan=\"2\" height=\"21\">h<sub>1<\/sub><\/td>\n<td width=\"64\">0.8<\/td>\n<td width=\"64\">0.8<\/td>\n<td width=\"64\">1<\/td>\n<td width=\"64\">1<\/td>\n<td width=\"64\">1<\/td>\n<td width=\"64\">1<\/td>\n<td width=\"64\">1<\/td>\n<\/tr>\n<tr>\n<td colspan=\"2\" height=\"19\">n<\/td>\n<td width=\"64\">0.8<\/td>\n<td width=\"64\">1<\/td>\n<td width=\"64\">1.2<\/td>\n<td width=\"64\">1.4<\/td>\n<td width=\"64\">1.4<\/td>\n<td width=\"64\">2.5<\/td>\n<td width=\"64\">3<\/td>\n<\/tr>\n<tr>\n<td height=\"21\">d<sub>1<\/sub><\/td>\n<td>(h12)<\/td>\n<td width=\"64\">3.2<\/td>\n<td width=\"64\">3.4<\/td>\n<td width=\"64\">3.8<\/td>\n<td width=\"64\">4.5<\/td>\n<td width=\"64\">5<\/td>\n<td width=\"64\">6.4<\/td>\n<td width=\"64\">7.4<\/td>\n<\/tr>\n<tr>\n<td height=\"21\">d<sub>k<\/sub><\/td>\n<td>\uff08Before knurling\uff09 (Avant le moletage)<\/td>\n<td width=\"64\">3.5<\/td>\n<td width=\"64\">3.8<\/td>\n<td width=\"64\">4.2<\/td>\n<td width=\"64\">5<\/td>\n<td width=\"64\">5.5<\/td>\n<td width=\"64\">7<\/td>\n<td width=\"64\">8<\/td>\n<\/tr>\n<tr>\n<td height=\"21\">d<sub>2<\/sub><\/td>\n<td>(h11)<\/td>\n<td width=\"64\">3.5<\/td>\n<td width=\"64\">3.8<\/td>\n<td width=\"64\">4.2<\/td>\n<td width=\"64\">5<\/td>\n<td width=\"64\">5.5<\/td>\n<td width=\"64\">7<\/td>\n<td width=\"64\">8<\/td>\n<\/tr>\n<tr>\n<td height=\"20\">h<\/td>\n<td>(h12)<\/td>\n<td width=\"64\">3.5<\/td>\n<td width=\"64\">4<\/td>\n<td width=\"64\">4.5<\/td>\n<td width=\"64\">5.5<\/td>\n<td width=\"64\">6<\/td>\n<td width=\"64\">7.5<\/td>\n<td width=\"64\">9<\/td>\n<\/tr>\n<\/tbody>\n<\/table>\n<\/div>\n<p><strong>NOTRE PAQUET :<\/strong><\/p>\n<p align=\"justify\">1. Sacs de 25 kg ou de 50 kg.<br \/>\n2. sacs avec palette.<br \/>\n3. Cartons de 25 kg ou cartons avec palette.<br \/>\n4. Emballage selon la demande du client<\/p>","protected":false},"excerpt":{"rendered":"<p>PRIX EXW : 720USD-910USD\/TONNE<br \/>\nQuantit\u00e9 minimale de commande : 2 tonnes<br \/>\nEMBALLAGE : SAC\/BO\u00ceTE AVEC PALETTE<br \/>\nPORT:TIANJIN\/QINGDAO\/SHANGHAI\/NINGBO<br \/>\nLIVRAISON : 5-30 JOURS SUR QTY<br \/>\nPAIEMENT : T\/T\/LC<br \/>\nCapacit\u00e9 d'approvisionnement : 600 TONNES PAR MOIS<\/p>\n<p>&nbsp;<\/p>\n<ul>\n<li><em>Prix FOB :<\/em>US $0.5 - 9 999 \/ Pi\u00e8ce<\/li>\n<li><em>Quantit\u00e9 minimale de commande :<\/em>100 pi\u00e8ces\/pi\u00e8ces<\/li>\n<li><em>Capacit\u00e9 d'approvisionnement :<\/em>10000 pi\u00e8ces par mois<\/li>\n<\/ul>","protected":false},"featured_media":2288,"template":"","meta":{"_kad_post_transparent":"default","_kad_post_title":"","_kad_post_layout":"default","_kad_post_sidebar_id":"","_kad_post_content_style":"default","_kad_post_vertical_padding":"default","_kad_post_feature":"","_kad_post_feature_position":"","_kad_post_header":false,"_kad_post_footer":false},"product_brand":[],"product_cat":[29],"product_tag":[],"class_list":{"0":"post-2285","1":"product","2":"type-product","3":"status-publish","4":"has-post-thumbnail","6":"product_cat-nut","8":"first","9":"instock","10":"shipping-taxable","11":"product-type-simple","12":"entry","13":"content-bg","14":"loop-entry"},"yoast_head":"<!-- This site is optimized with the Yoast SEO plugin v27.4 - https:\/\/yoast.com\/product\/yoast-seo-wordpress\/ -->\n<title>DIN 16903 Brass Knurled Insert Nut - Quantong Fastener<\/title>\n<meta name=\"robots\" content=\"index, follow, max-snippet:-1, max-image-preview:large, max-video-preview:-1\" \/>\n<link rel=\"canonical\" href=\"https:\/\/quantongfastener.com\/fr\/produit\/din-16903-brass-knurled-insert-nut\/\" \/>\n<meta property=\"og:locale\" content=\"fr_FR\" \/>\n<meta property=\"og:type\" content=\"article\" \/>\n<meta property=\"og:title\" content=\"DIN 16903 Brass Knurled Insert Nut - Quantong Fastener\" \/>\n<meta property=\"og:description\" content=\"EXW PRICE : 720USD-910USD\/TON Min.Order Quantity:2TONS PACKAGING:BAG\/BOX WITH PALLET PORT:TIANJIN\/QINGDAO\/SHANGHAI\/NINGBO DELIVERY:5-30DAYS ON QTY PAYMENT:T\/T\/LC Supply Ability:600 TON PER MONTH  &nbsp;   FOB Price:US $0.5 - 9,999 \/ Piece  Min.Order Quantity:100 Piece\/Pieces  Supply Ability:10000 Piece\/Pieces per Month\" \/>\n<meta property=\"og:url\" content=\"https:\/\/quantongfastener.com\/fr\/produit\/din-16903-brass-knurled-insert-nut\/\" \/>\n<meta property=\"og:site_name\" content=\"Quantong Fastener\" \/>\n<meta property=\"og:image\" content=\"https:\/\/quantongfastener.com\/wp-content\/uploads\/2025\/08\/DIN-16903-Brass-Knurled-Insert-Nut-1.jpg\" \/>\n\t<meta property=\"og:image:width\" content=\"610\" \/>\n\t<meta property=\"og:image:height\" content=\"610\" \/>\n\t<meta property=\"og:image:type\" content=\"image\/jpeg\" \/>\n<meta name=\"twitter:card\" content=\"summary_large_image\" \/>\n<meta name=\"twitter:label1\" content=\"Dur\u00e9e de lecture estim\u00e9e\" \/>\n\t<meta name=\"twitter:data1\" content=\"2 minutes\" \/>\n<script type=\"application\/ld+json\" class=\"yoast-schema-graph\">{\"@context\":\"https:\\\/\\\/schema.org\",\"@graph\":[{\"@type\":\"WebPage\",\"@id\":\"https:\\\/\\\/quantongfastener.com\\\/product\\\/din-16903-brass-knurled-insert-nut\\\/\",\"url\":\"https:\\\/\\\/quantongfastener.com\\\/product\\\/din-16903-brass-knurled-insert-nut\\\/\",\"name\":\"DIN 16903 Brass Knurled Insert Nut - Quantong Fastener\",\"isPartOf\":{\"@id\":\"https:\\\/\\\/quantongfastener.com\\\/#website\"},\"primaryImageOfPage\":{\"@id\":\"https:\\\/\\\/quantongfastener.com\\\/product\\\/din-16903-brass-knurled-insert-nut\\\/#primaryimage\"},\"image\":{\"@id\":\"https:\\\/\\\/quantongfastener.com\\\/product\\\/din-16903-brass-knurled-insert-nut\\\/#primaryimage\"},\"thumbnailUrl\":\"https:\\\/\\\/quantongfastener.com\\\/wp-content\\\/uploads\\\/2025\\\/08\\\/DIN-16903-Brass-Knurled-Insert-Nut-1.jpg\",\"datePublished\":\"2025-08-09T15:03:30+00:00\",\"breadcrumb\":{\"@id\":\"https:\\\/\\\/quantongfastener.com\\\/product\\\/din-16903-brass-knurled-insert-nut\\\/#breadcrumb\"},\"inLanguage\":\"fr-FR\",\"potentialAction\":[{\"@type\":\"ReadAction\",\"target\":[\"https:\\\/\\\/quantongfastener.com\\\/product\\\/din-16903-brass-knurled-insert-nut\\\/\"]}]},{\"@type\":\"ImageObject\",\"inLanguage\":\"fr-FR\",\"@id\":\"https:\\\/\\\/quantongfastener.com\\\/product\\\/din-16903-brass-knurled-insert-nut\\\/#primaryimage\",\"url\":\"https:\\\/\\\/quantongfastener.com\\\/wp-content\\\/uploads\\\/2025\\\/08\\\/DIN-16903-Brass-Knurled-Insert-Nut-1.jpg\",\"contentUrl\":\"https:\\\/\\\/quantongfastener.com\\\/wp-content\\\/uploads\\\/2025\\\/08\\\/DIN-16903-Brass-Knurled-Insert-Nut-1.jpg\",\"width\":610,\"height\":610},{\"@type\":\"BreadcrumbList\",\"@id\":\"https:\\\/\\\/quantongfastener.com\\\/product\\\/din-16903-brass-knurled-insert-nut\\\/#breadcrumb\",\"itemListElement\":[{\"@type\":\"ListItem\",\"position\":1,\"name\":\"Home\",\"item\":\"https:\\\/\\\/quantongfastener.com\\\/\"},{\"@type\":\"ListItem\",\"position\":2,\"name\":\"Products\",\"item\":\"https:\\\/\\\/quantongfastener.com\\\/products\\\/\"},{\"@type\":\"ListItem\",\"position\":3,\"name\":\"DIN 16903 Brass Knurled Insert Nut\"}]},{\"@type\":\"WebSite\",\"@id\":\"https:\\\/\\\/quantongfastener.com\\\/#website\",\"url\":\"https:\\\/\\\/quantongfastener.com\\\/\",\"name\":\"Quantong Fastener\",\"description\":\"\",\"publisher\":{\"@id\":\"https:\\\/\\\/quantongfastener.com\\\/#organization\"},\"potentialAction\":[{\"@type\":\"SearchAction\",\"target\":{\"@type\":\"EntryPoint\",\"urlTemplate\":\"https:\\\/\\\/quantongfastener.com\\\/?s={search_term_string}\"},\"query-input\":{\"@type\":\"PropertyValueSpecification\",\"valueRequired\":true,\"valueName\":\"search_term_string\"}}],\"inLanguage\":\"fr-FR\"},{\"@type\":\"Organization\",\"@id\":\"https:\\\/\\\/quantongfastener.com\\\/#organization\",\"name\":\"Quantong Fastener\",\"url\":\"https:\\\/\\\/quantongfastener.com\\\/\",\"logo\":{\"@type\":\"ImageObject\",\"inLanguage\":\"fr-FR\",\"@id\":\"https:\\\/\\\/quantongfastener.com\\\/#\\\/schema\\\/logo\\\/image\\\/\",\"url\":\"https:\\\/\\\/quantongfastener.com\\\/wp-content\\\/uploads\\\/2025\\\/07\\\/logo.jpg\",\"contentUrl\":\"https:\\\/\\\/quantongfastener.com\\\/wp-content\\\/uploads\\\/2025\\\/07\\\/logo.jpg\",\"width\":425,\"height\":424,\"caption\":\"Quantong Fastener\"},\"image\":{\"@id\":\"https:\\\/\\\/quantongfastener.com\\\/#\\\/schema\\\/logo\\\/image\\\/\"}}]}<\/script>\n<!-- \/ Yoast SEO plugin. -->","yoast_head_json":{"title":"DIN 16903 Brass Knurled Insert Nut - Quantong Fastener","robots":{"index":"index","follow":"follow","max-snippet":"max-snippet:-1","max-image-preview":"max-image-preview:large","max-video-preview":"max-video-preview:-1"},"canonical":"https:\/\/quantongfastener.com\/fr\/produit\/din-16903-brass-knurled-insert-nut\/","og_locale":"fr_FR","og_type":"article","og_title":"DIN 16903 Brass Knurled Insert Nut - Quantong Fastener","og_description":"EXW PRICE : 720USD-910USD\/TON Min.Order Quantity:2TONS PACKAGING:BAG\/BOX WITH PALLET PORT:TIANJIN\/QINGDAO\/SHANGHAI\/NINGBO DELIVERY:5-30DAYS ON QTY PAYMENT:T\/T\/LC Supply Ability:600 TON PER MONTH  &nbsp;   FOB Price:US $0.5 - 9,999 \/ Piece  Min.Order Quantity:100 Piece\/Pieces  Supply Ability:10000 Piece\/Pieces per Month","og_url":"https:\/\/quantongfastener.com\/fr\/produit\/din-16903-brass-knurled-insert-nut\/","og_site_name":"Quantong Fastener","og_image":[{"width":610,"height":610,"url":"https:\/\/quantongfastener.com\/wp-content\/uploads\/2025\/08\/DIN-16903-Brass-Knurled-Insert-Nut-1.jpg","type":"image\/jpeg"}],"twitter_card":"summary_large_image","twitter_misc":{"Dur\u00e9e de lecture estim\u00e9e":"2 minutes"},"schema":{"@context":"https:\/\/schema.org","@graph":[{"@type":"WebPage","@id":"https:\/\/quantongfastener.com\/product\/din-16903-brass-knurled-insert-nut\/","url":"https:\/\/quantongfastener.com\/product\/din-16903-brass-knurled-insert-nut\/","name":"DIN 16903 Brass Knurled Insert Nut - Quantong Fastener","isPartOf":{"@id":"https:\/\/quantongfastener.com\/#website"},"primaryImageOfPage":{"@id":"https:\/\/quantongfastener.com\/product\/din-16903-brass-knurled-insert-nut\/#primaryimage"},"image":{"@id":"https:\/\/quantongfastener.com\/product\/din-16903-brass-knurled-insert-nut\/#primaryimage"},"thumbnailUrl":"https:\/\/quantongfastener.com\/wp-content\/uploads\/2025\/08\/DIN-16903-Brass-Knurled-Insert-Nut-1.jpg","datePublished":"2025-08-09T15:03:30+00:00","breadcrumb":{"@id":"https:\/\/quantongfastener.com\/product\/din-16903-brass-knurled-insert-nut\/#breadcrumb"},"inLanguage":"fr-FR","potentialAction":[{"@type":"ReadAction","target":["https:\/\/quantongfastener.com\/product\/din-16903-brass-knurled-insert-nut\/"]}]},{"@type":"ImageObject","inLanguage":"fr-FR","@id":"https:\/\/quantongfastener.com\/product\/din-16903-brass-knurled-insert-nut\/#primaryimage","url":"https:\/\/quantongfastener.com\/wp-content\/uploads\/2025\/08\/DIN-16903-Brass-Knurled-Insert-Nut-1.jpg","contentUrl":"https:\/\/quantongfastener.com\/wp-content\/uploads\/2025\/08\/DIN-16903-Brass-Knurled-Insert-Nut-1.jpg","width":610,"height":610},{"@type":"BreadcrumbList","@id":"https:\/\/quantongfastener.com\/product\/din-16903-brass-knurled-insert-nut\/#breadcrumb","itemListElement":[{"@type":"ListItem","position":1,"name":"Home","item":"https:\/\/quantongfastener.com\/"},{"@type":"ListItem","position":2,"name":"Products","item":"https:\/\/quantongfastener.com\/products\/"},{"@type":"ListItem","position":3,"name":"DIN 16903 Brass Knurled Insert Nut"}]},{"@type":"WebSite","@id":"https:\/\/quantongfastener.com\/#website","url":"https:\/\/quantongfastener.com\/","name":"Attache Quantong","description":"","publisher":{"@id":"https:\/\/quantongfastener.com\/#organization"},"potentialAction":[{"@type":"SearchAction","target":{"@type":"EntryPoint","urlTemplate":"https:\/\/quantongfastener.com\/?s={search_term_string}"},"query-input":{"@type":"PropertyValueSpecification","valueRequired":true,"valueName":"search_term_string"}}],"inLanguage":"fr-FR"},{"@type":"Organization","@id":"https:\/\/quantongfastener.com\/#organization","name":"Attache Quantong","url":"https:\/\/quantongfastener.com\/","logo":{"@type":"ImageObject","inLanguage":"fr-FR","@id":"https:\/\/quantongfastener.com\/#\/schema\/logo\/image\/","url":"https:\/\/quantongfastener.com\/wp-content\/uploads\/2025\/07\/logo.jpg","contentUrl":"https:\/\/quantongfastener.com\/wp-content\/uploads\/2025\/07\/logo.jpg","width":425,"height":424,"caption":"Quantong Fastener"},"image":{"@id":"https:\/\/quantongfastener.com\/#\/schema\/logo\/image\/"}}]}},"_links":{"self":[{"href":"https:\/\/quantongfastener.com\/fr\/wp-json\/wp\/v2\/product\/2285","targetHints":{"allow":["GET"]}}],"collection":[{"href":"https:\/\/quantongfastener.com\/fr\/wp-json\/wp\/v2\/product"}],"about":[{"href":"https:\/\/quantongfastener.com\/fr\/wp-json\/wp\/v2\/types\/product"}],"wp:featuredmedia":[{"embeddable":true,"href":"https:\/\/quantongfastener.com\/fr\/wp-json\/wp\/v2\/media\/2288"}],"wp:attachment":[{"href":"https:\/\/quantongfastener.com\/fr\/wp-json\/wp\/v2\/media?parent=2285"}],"wp:term":[{"taxonomy":"product_brand","embeddable":true,"href":"https:\/\/quantongfastener.com\/fr\/wp-json\/wp\/v2\/product_brand?post=2285"},{"taxonomy":"product_cat","embeddable":true,"href":"https:\/\/quantongfastener.com\/fr\/wp-json\/wp\/v2\/product_cat?post=2285"},{"taxonomy":"product_tag","embeddable":true,"href":"https:\/\/quantongfastener.com\/fr\/wp-json\/wp\/v2\/product_tag?post=2285"}],"curies":[{"name":"wp","href":"https:\/\/api.w.org\/{rel}","templated":true}]}}