{"id":2240,"date":"2025-08-09T14:51:44","date_gmt":"2025-08-09T14:51:44","guid":{"rendered":"https:\/\/quantongfastener.com\/?post_type=product&#038;p=2240"},"modified":"2025-08-26T02:42:21","modified_gmt":"2025-08-26T02:42:21","slug":"carbon-steel-stainless-steel-butterfly-nut","status":"publish","type":"product","link":"https:\/\/quantongfastener.com\/fr\/produit\/carbon-steel-stainless-steel-butterfly-nut\/","title":{"rendered":"Acier au carbone\/acier inoxydable \u00c9crou papillon"},"content":{"rendered":"<div class=\"fl-col-group fl-node-5e5c78ae0878d\" data-node=\"5e5c78ae0878d\">\n<div class=\"fl-col fl-node-5e5c78ae087dd\" data-node=\"5e5c78ae087dd\">\n<div class=\"fl-col-content fl-node-content\">\n<div class=\"fl-module fl-module-rich-text fl-node-5e5c78ae08825\" data-node=\"5e5c78ae08825\" data-animation-delay=\"0.0\">\n<div class=\"fl-module-content fl-node-content\">\n<div class=\"fl-rich-text\">\n<div class=\"table_wrap\">\n<table border=\"1\" cellspacing=\"0\">\n<tbody>\n<tr>\n<td valign=\"top\" width=\"161\">Nom du produit<\/td>\n<td valign=\"top\" width=\"406\">Ecrou papillon<\/td>\n<\/tr>\n<tr>\n<td valign=\"top\" width=\"161\">Taille<\/td>\n<td valign=\"top\" width=\"406\">M3-100<\/td>\n<\/tr>\n<tr>\n<td valign=\"top\" width=\"161\">Mat\u00e9riau<\/td>\n<td valign=\"top\" width=\"406\">Acier\/Acier inoxydable\/Laiton<\/td>\n<\/tr>\n<tr>\n<td valign=\"top\" width=\"161\">Traitement de surface<\/td>\n<td valign=\"top\" width=\"406\">Zinc<\/td>\n<\/tr>\n<tr>\n<td valign=\"top\" width=\"161\">Standard<\/td>\n<td valign=\"top\" width=\"406\">DIN\/ISO<\/td>\n<\/tr>\n<tr>\n<td valign=\"top\" width=\"161\">Certificat<\/td>\n<td valign=\"top\" width=\"406\">ISO 9001<\/td>\n<\/tr>\n<tr>\n<td valign=\"top\" width=\"161\">\u00c9chantillon<\/td>\n<td valign=\"top\" width=\"406\">\u00c9chantillons gratuits<\/td>\n<\/tr>\n<\/tbody>\n<\/table>\n<\/div>\n<\/div>\n<\/div>\n<\/div>\n<\/div>\n<\/div>\n<\/div>\n<div class=\"fl-col-group fl-node-5e5c7a094e774\" data-node=\"5e5c7a094e774\">\n<div class=\"fl-col fl-node-5e5c7a094eb4f fl-col-has-cols\" data-node=\"5e5c7a094eb4f\">\n<div class=\"fl-col-content fl-node-content\">\n<div class=\"fl-module fl-module-rich-text fl-node-5e5c7a094e50e\" data-node=\"5e5c7a094e50e\" data-animation-delay=\"0.0\">\n<div class=\"fl-module-content fl-node-content\">\n<div class=\"fl-rich-text\">\n<p>L'\u00e9crou papillon joue un r\u00f4le important dans diverses industries. Compar\u00e9e \u00e0 d'autres noix, la noix papillon est plus compacte et plus belle en apparence. En raison de sa forme unique, le type de noix papillon est tr\u00e8s beau.<\/p>\n<\/div>\n<\/div>\n<\/div>\n<div class=\"fl-col-group fl-node-5e5c7a4e11f28 fl-col-group-nested\" data-node=\"5e5c7a4e11f28\">\n<div class=\"fl-col fl-node-5e5c7a4e1255c fl-col-small\" data-node=\"5e5c7a4e1255c\">\n<div class=\"fl-col-content fl-node-content\">\n<div class=\"fl-module fl-module-rich-text fl-node-5e5c7a53246ea\" data-node=\"5e5c7a53246ea\" data-animation-delay=\"0.0\">\n<div class=\"fl-module-content fl-node-content\">\n<div class=\"fl-rich-text\">\n<p><img decoding=\"async\" class=\"alignnone size-full wp-image-1831\" src=\"https:\/\/www.cyfastener.com\/uploads\/6bea680b.jpg\" alt=\"f981513a8520900506f610c579da1ec\" \/><\/p>\n<\/div>\n<\/div>\n<\/div>\n<\/div>\n<\/div>\n<div class=\"fl-col fl-node-5e5c7a4e125c3 fl-col-small\" data-node=\"5e5c7a4e125c3\">\n<div class=\"fl-col-content fl-node-content\">\n<div class=\"fl-module fl-module-rich-text fl-node-5e5c7a872ab10\" data-node=\"5e5c7a872ab10\" data-animation-delay=\"0.0\">\n<div class=\"fl-module-content fl-node-content\">\n<div class=\"fl-rich-text\">\n<p><img decoding=\"async\" class=\"alignnone size-full wp-image-1831\" src=\"https:\/\/www.cyfastener.com\/uploads\/77dee7ed.jpg\" alt=\"f981513a8520900506f610c579da1ec\" \/><\/p>\n<\/div>\n<\/div>\n<\/div>\n<\/div>\n<\/div>\n<\/div>\n<div class=\"fl-module fl-module-rich-text fl-node-5e5c7ab59ba12\" data-node=\"5e5c7ab59ba12\" data-animation-delay=\"0.0\">\n<div class=\"fl-module-content fl-node-content\">\n<div class=\"fl-rich-text\">\n<p>Le boulon papillon est isol\u00e9 et non magn\u00e9tique, et il est tr\u00e8s r\u00e9sistant \u00e0 la corrosion. De nombreux \u00e9quipements m\u00e9dicaux utilisent des \u00e9crous papillon et des goujons papillon parce qu'ils sont r\u00e9sistants \u00e0 la corrosion et plus beaux que la quincaillerie ordinaire. Les excellentes caract\u00e9ristiques de l'\u00e9crou papillon sont bien s\u00fbr \u00e9galement utilis\u00e9es dans les plastiques techniques, dont la r\u00e9sistance et la durabilit\u00e9 peuvent \u00e9galement \u00eatre compar\u00e9es \u00e0 celles des \u00e9crous papillon en acier inoxydable.<\/p>\n<\/div>\n<\/div>\n<\/div>\n<div class=\"fl-col-group fl-node-5e5c7ae4b2dfa fl-col-group-nested\" data-node=\"5e5c7ae4b2dfa\">\n<div class=\"fl-col fl-node-5e5c7ae4b36c5 fl-col-small\" data-node=\"5e5c7ae4b36c5\">\n<div class=\"fl-col-content fl-node-content\">\n<div class=\"fl-module fl-module-rich-text fl-node-5e5c7b1e7f86c\" data-node=\"5e5c7b1e7f86c\" data-animation-delay=\"0.0\">\n<div class=\"fl-module-content fl-node-content\">\n<div class=\"fl-rich-text\">\n<p><img decoding=\"async\" class=\"alignnone size-full wp-image-1831\" src=\"https:\/\/www.cyfastener.com\/uploads\/8121b0b3.jpg\" alt=\"f981513a8520900506f610c579da1ec\" \/><\/p>\n<\/div>\n<\/div>\n<\/div>\n<\/div>\n<\/div>\n<div class=\"fl-col fl-node-5e5c7ae4b376c fl-col-small\" data-node=\"5e5c7ae4b376c\">\n<div class=\"fl-col-content fl-node-content\">\n<div class=\"fl-module fl-module-rich-text fl-node-5e5c7b296b32e\" data-node=\"5e5c7b296b32e\" data-animation-delay=\"0.0\">\n<div class=\"fl-module-content fl-node-content\">\n<div class=\"fl-rich-text\">\n<p><img decoding=\"async\" class=\"alignnone size-full wp-image-1831\" src=\"https:\/\/www.cyfastener.com\/uploads\/76f9631f.jpg\" alt=\"f981513a8520900506f610c579da1ec\" \/><\/p>\n<\/div>\n<\/div>\n<\/div>\n<\/div>\n<\/div>\n<\/div>\n<div class=\"fl-module fl-module-rich-text fl-node-5e5c7b681d726\" data-node=\"5e5c7b681d726\" data-animation-delay=\"0.0\">\n<div class=\"fl-module-content fl-node-content\">\n<div class=\"fl-rich-text\">\n<p>Les mat\u00e9riaux des boulons plastiques \u00e0 papillon sont de plus en plus diversifi\u00e9s, les performances sont constamment am\u00e9lior\u00e9es et les domaines d'application sont de plus en plus vastes, principalement concentr\u00e9s dans les huit domaines suivants :<br \/>\n1. l'industrie des \u00e9quipements m\u00e9dicaux (isolation, non-magn\u00e9tisme, protection de l'environnement, anti-interf\u00e9rence, rendant l'utilisation des machines et \u00e9quipements m\u00e9dicaux plus s\u00fbre)<br \/>\n2. industrie de l'\u00e9nergie \u00e9olienne (isolation du ch\u00e2ssis, du circuit imprim\u00e9 et de la carte de circuit imprim\u00e9)<br \/>\n3. industrie a\u00e9rospatiale (isolation, num\u00e9ro anti-interf\u00e9rence sur l'\u00e9quipement \u00e9lectronique)<br \/>\n4. l'industrie du mat\u00e9riel de bureau (ne rouille jamais, beau et pratique)<br \/>\n5. l'industrie p\u00e9trochimique (r\u00e9sistance aux temp\u00e9ratures \u00e9lev\u00e9es, r\u00e9sistance chimique, r\u00e9sistance \u00e0 la corrosion, prolongation de la dur\u00e9e de vie des \u00e9quipements)<br \/>\n6. industrie \u00e9lectronique (isolation, antiparasitage, l\u00e9g\u00e8ret\u00e9)<br \/>\n7. industrie des communications (isolation, non-magn\u00e9tique, s\u00e9curit\u00e9)<br \/>\n8. Industrie de la construction navale (vis \u00e0 papillon r\u00e9sistantes aux acides, aux bases, \u00e0 la corrosion et \u00e0 la dur\u00e9e de vie) : sp\u00e9cifications des vis \u00e0 papillon, taille compl\u00e8te pour r\u00e9pondre aux besoins de diff\u00e9rentes occasions.<\/p>\n<\/div>\n<\/div>\n<\/div>\n<div class=\"fl-col-group fl-node-5e5c7b8d9b3f9 fl-col-group-nested\" data-node=\"5e5c7b8d9b3f9\">\n<div class=\"fl-col fl-node-5e5c7b8d9ba27 fl-col-small\" data-node=\"5e5c7b8d9ba27\">\n<div class=\"fl-col-content fl-node-content\">\n<div class=\"fl-module fl-module-rich-text fl-node-5e5c7b9ec54c5\" data-node=\"5e5c7b9ec54c5\" data-animation-delay=\"0.0\">\n<div class=\"fl-module-content fl-node-content\">\n<div class=\"fl-rich-text\">\n<p><img decoding=\"async\" class=\"alignnone size-full wp-image-1831\" src=\"https:\/\/www.cyfastener.com\/uploads\/40e53cee.jpg\" alt=\"f981513a8520900506f610c579da1ec\" \/><\/p>\n<\/div>\n<\/div>\n<\/div>\n<\/div>\n<\/div>\n<div class=\"fl-col fl-node-5e5c7b8d9ba78 fl-col-small\" data-node=\"5e5c7b8d9ba78\">\n<div class=\"fl-col-content fl-node-content\">\n<div class=\"fl-module fl-module-rich-text fl-node-5e5c7baa859e3\" data-node=\"5e5c7baa859e3\" data-animation-delay=\"0.0\">\n<div class=\"fl-module-content fl-node-content\">\n<div class=\"fl-rich-text\">\n<p><img decoding=\"async\" class=\"alignnone size-full wp-image-1831\" src=\"https:\/\/www.cyfastener.com\/uploads\/4d76852a.jpg\" alt=\"f981513a8520900506f610c579da1ec\" \/><\/p>\n<\/div>\n<\/div>\n<\/div>\n<\/div>\n<\/div>\n<\/div>\n<div class=\"fl-col-group fl-node-5e7c120635206 fl-col-group-nested\" data-node=\"5e7c120635206\">\n<div class=\"fl-col fl-node-5e7c120635748 fl-col-small\" data-node=\"5e7c120635748\">\n<div class=\"fl-col-content fl-node-content\">\n<div class=\"fl-module fl-module-rich-text fl-node-5e5c7baebb60f\" data-node=\"5e5c7baebb60f\" data-animation-delay=\"0.0\">\n<div class=\"fl-module-content fl-node-content\">\n<div class=\"fl-rich-text\">\n<p><img decoding=\"async\" class=\"alignnone size-full wp-image-1831\" src=\"https:\/\/www.cyfastener.com\/uploads\/c9f2fa41.jpg\" alt=\"f981513a8520900506f610c579da1ec\" \/><\/p>\n<\/div>\n<\/div>\n<\/div>\n<\/div>\n<\/div>\n<div class=\"fl-col fl-node-5e7c12063579f fl-col-small\" data-node=\"5e7c12063579f\">\n<div class=\"fl-col-content fl-node-content\">\n<div class=\"fl-module fl-module-rich-text fl-node-5e5c7bb29b545\" data-node=\"5e5c7bb29b545\" data-animation-delay=\"0.0\">\n<div class=\"fl-module-content fl-node-content\">\n<div class=\"fl-rich-text\">\n<p><img decoding=\"async\" class=\"alignnone size-full wp-image-1831\" src=\"https:\/\/www.cyfastener.com\/uploads\/5d0a3c01.jpg\" alt=\"f981513a8520900506f610c579da1ec\" \/><\/p>\n<\/div>\n<\/div>\n<\/div>\n<\/div>\n<\/div>\n<\/div>\n<\/div>\n<\/div>\n<\/div>","protected":false},"excerpt":{"rendered":"<p>Quantit\u00e9 minimale de commande : 1000PCS<\/p>\n<p>EMBALLAGE : SAC\/BO\u00ceTE AVEC PALETTE<\/p>\n<p>PORT:TIANJIN\/QINGDAO\/SHANGHAI\/NINGBO<\/p>\n<p>LIVRAISON : 5-30 JOURS SUR QTY<\/p>\n<p>PAIEMENT : T\/T\/LC<\/p>\n<p>Capacit\u00e9 d'approvisionnement : 500 TONNES PAR MOIS<\/p>\n<p>&nbsp;<\/p>\n<ul>\n<li><em>Prix FOB :<\/em>US $0.5 - 9 999 \/ Pi\u00e8ce<\/li>\n<li><em>Quantit\u00e9 minimale de commande :<\/em>100 pi\u00e8ces\/pi\u00e8ces<\/li>\n<li><em>Capacit\u00e9 d'approvisionnement :<\/em>10000 pi\u00e8ces par mois<\/li>\n<\/ul>","protected":false},"featured_media":2247,"template":"","meta":{"_kad_post_transparent":"default","_kad_post_title":"","_kad_post_layout":"default","_kad_post_sidebar_id":"","_kad_post_content_style":"default","_kad_post_vertical_padding":"default","_kad_post_feature":"","_kad_post_feature_position":"","_kad_post_header":false,"_kad_post_footer":false},"product_brand":[],"product_cat":[50,29],"product_tag":[],"class_list":{"0":"post-2240","1":"product","2":"type-product","3":"status-publish","4":"has-post-thumbnail","6":"product_cat-butterly-nut","7":"product_cat-nut","9":"first","10":"instock","11":"shipping-taxable","12":"product-type-simple","13":"entry","14":"content-bg","15":"loop-entry"},"yoast_head":"<!-- This site is optimized with the Yoast SEO plugin v27.4 - https:\/\/yoast.com\/product\/yoast-seo-wordpress\/ -->\n<title>Carbon steel\/Stainless steel Butterfly Nut - Quantong Fastener<\/title>\n<meta name=\"robots\" content=\"index, follow, max-snippet:-1, max-image-preview:large, max-video-preview:-1\" \/>\n<link rel=\"canonical\" href=\"https:\/\/quantongfastener.com\/fr\/produit\/carbon-steel-stainless-steel-butterfly-nut\/\" \/>\n<meta property=\"og:locale\" content=\"fr_FR\" \/>\n<meta property=\"og:type\" content=\"article\" \/>\n<meta property=\"og:title\" content=\"Carbon steel\/Stainless steel Butterfly Nut - Quantong Fastener\" \/>\n<meta property=\"og:description\" content=\"Min.Order Quantity:1000PCS  PACKAGING:BAG\/BOX WITH PALLET  PORT:TIANJIN\/QINGDAO\/SHANGHAI\/NINGBO  DELIVERY:5-30DAYS ON QTY  PAYMENT:T\/T\/LC  Supply Ability:500 TON PER MONTH  &nbsp;   FOB Price:US $0.5 - 9,999 \/ Piece  Min.Order Quantity:100 Piece\/Pieces  Supply Ability:10000 Piece\/Pieces per Month\" \/>\n<meta property=\"og:url\" content=\"https:\/\/quantongfastener.com\/fr\/produit\/carbon-steel-stainless-steel-butterfly-nut\/\" \/>\n<meta property=\"og:site_name\" content=\"Quantong Fastener\" \/>\n<meta property=\"article:modified_time\" content=\"2025-08-26T02:42:21+00:00\" \/>\n<meta property=\"og:image\" content=\"https:\/\/quantongfastener.com\/wp-content\/uploads\/2025\/08\/Carbon-steel_Stainless-steel-Butterfly-Nut-7.jpg\" \/>\n\t<meta property=\"og:image:width\" content=\"610\" \/>\n\t<meta property=\"og:image:height\" content=\"610\" \/>\n\t<meta property=\"og:image:type\" content=\"image\/jpeg\" \/>\n<meta name=\"twitter:card\" content=\"summary_large_image\" \/>\n<meta name=\"twitter:label1\" content=\"Dur\u00e9e de lecture estim\u00e9e\" \/>\n\t<meta name=\"twitter:data1\" content=\"3 minutes\" \/>\n<script type=\"application\/ld+json\" class=\"yoast-schema-graph\">{\"@context\":\"https:\\\/\\\/schema.org\",\"@graph\":[{\"@type\":\"WebPage\",\"@id\":\"https:\\\/\\\/quantongfastener.com\\\/product\\\/carbon-steel-stainless-steel-butterfly-nut\\\/\",\"url\":\"https:\\\/\\\/quantongfastener.com\\\/product\\\/carbon-steel-stainless-steel-butterfly-nut\\\/\",\"name\":\"Carbon steel\\\/Stainless steel Butterfly Nut - Quantong Fastener\",\"isPartOf\":{\"@id\":\"https:\\\/\\\/quantongfastener.com\\\/#website\"},\"primaryImageOfPage\":{\"@id\":\"https:\\\/\\\/quantongfastener.com\\\/product\\\/carbon-steel-stainless-steel-butterfly-nut\\\/#primaryimage\"},\"image\":{\"@id\":\"https:\\\/\\\/quantongfastener.com\\\/product\\\/carbon-steel-stainless-steel-butterfly-nut\\\/#primaryimage\"},\"thumbnailUrl\":\"https:\\\/\\\/quantongfastener.com\\\/wp-content\\\/uploads\\\/2025\\\/08\\\/Carbon-steel_Stainless-steel-Butterfly-Nut-7.jpg\",\"datePublished\":\"2025-08-09T14:51:44+00:00\",\"dateModified\":\"2025-08-26T02:42:21+00:00\",\"breadcrumb\":{\"@id\":\"https:\\\/\\\/quantongfastener.com\\\/product\\\/carbon-steel-stainless-steel-butterfly-nut\\\/#breadcrumb\"},\"inLanguage\":\"fr-FR\",\"potentialAction\":[{\"@type\":\"ReadAction\",\"target\":[\"https:\\\/\\\/quantongfastener.com\\\/product\\\/carbon-steel-stainless-steel-butterfly-nut\\\/\"]}]},{\"@type\":\"ImageObject\",\"inLanguage\":\"fr-FR\",\"@id\":\"https:\\\/\\\/quantongfastener.com\\\/product\\\/carbon-steel-stainless-steel-butterfly-nut\\\/#primaryimage\",\"url\":\"https:\\\/\\\/quantongfastener.com\\\/wp-content\\\/uploads\\\/2025\\\/08\\\/Carbon-steel_Stainless-steel-Butterfly-Nut-7.jpg\",\"contentUrl\":\"https:\\\/\\\/quantongfastener.com\\\/wp-content\\\/uploads\\\/2025\\\/08\\\/Carbon-steel_Stainless-steel-Butterfly-Nut-7.jpg\",\"width\":610,\"height\":610},{\"@type\":\"BreadcrumbList\",\"@id\":\"https:\\\/\\\/quantongfastener.com\\\/product\\\/carbon-steel-stainless-steel-butterfly-nut\\\/#breadcrumb\",\"itemListElement\":[{\"@type\":\"ListItem\",\"position\":1,\"name\":\"Home\",\"item\":\"https:\\\/\\\/quantongfastener.com\\\/\"},{\"@type\":\"ListItem\",\"position\":2,\"name\":\"Products\",\"item\":\"https:\\\/\\\/quantongfastener.com\\\/products\\\/\"},{\"@type\":\"ListItem\",\"position\":3,\"name\":\"Carbon steel\\\/Stainless steel Butterfly Nut\"}]},{\"@type\":\"WebSite\",\"@id\":\"https:\\\/\\\/quantongfastener.com\\\/#website\",\"url\":\"https:\\\/\\\/quantongfastener.com\\\/\",\"name\":\"Quantong Fastener\",\"description\":\"\",\"publisher\":{\"@id\":\"https:\\\/\\\/quantongfastener.com\\\/#organization\"},\"potentialAction\":[{\"@type\":\"SearchAction\",\"target\":{\"@type\":\"EntryPoint\",\"urlTemplate\":\"https:\\\/\\\/quantongfastener.com\\\/?s={search_term_string}\"},\"query-input\":{\"@type\":\"PropertyValueSpecification\",\"valueRequired\":true,\"valueName\":\"search_term_string\"}}],\"inLanguage\":\"fr-FR\"},{\"@type\":\"Organization\",\"@id\":\"https:\\\/\\\/quantongfastener.com\\\/#organization\",\"name\":\"Quantong Fastener\",\"url\":\"https:\\\/\\\/quantongfastener.com\\\/\",\"logo\":{\"@type\":\"ImageObject\",\"inLanguage\":\"fr-FR\",\"@id\":\"https:\\\/\\\/quantongfastener.com\\\/#\\\/schema\\\/logo\\\/image\\\/\",\"url\":\"https:\\\/\\\/quantongfastener.com\\\/wp-content\\\/uploads\\\/2025\\\/07\\\/logo.jpg\",\"contentUrl\":\"https:\\\/\\\/quantongfastener.com\\\/wp-content\\\/uploads\\\/2025\\\/07\\\/logo.jpg\",\"width\":425,\"height\":424,\"caption\":\"Quantong Fastener\"},\"image\":{\"@id\":\"https:\\\/\\\/quantongfastener.com\\\/#\\\/schema\\\/logo\\\/image\\\/\"}}]}<\/script>\n<!-- \/ Yoast SEO plugin. -->","yoast_head_json":{"title":"Carbon steel\/Stainless steel Butterfly Nut - Quantong Fastener","robots":{"index":"index","follow":"follow","max-snippet":"max-snippet:-1","max-image-preview":"max-image-preview:large","max-video-preview":"max-video-preview:-1"},"canonical":"https:\/\/quantongfastener.com\/fr\/produit\/carbon-steel-stainless-steel-butterfly-nut\/","og_locale":"fr_FR","og_type":"article","og_title":"Carbon steel\/Stainless steel Butterfly Nut - Quantong Fastener","og_description":"Min.Order Quantity:1000PCS  PACKAGING:BAG\/BOX WITH PALLET  PORT:TIANJIN\/QINGDAO\/SHANGHAI\/NINGBO  DELIVERY:5-30DAYS ON QTY  PAYMENT:T\/T\/LC  Supply Ability:500 TON PER MONTH  &nbsp;   FOB Price:US $0.5 - 9,999 \/ Piece  Min.Order Quantity:100 Piece\/Pieces  Supply Ability:10000 Piece\/Pieces per Month","og_url":"https:\/\/quantongfastener.com\/fr\/produit\/carbon-steel-stainless-steel-butterfly-nut\/","og_site_name":"Quantong Fastener","article_modified_time":"2025-08-26T02:42:21+00:00","og_image":[{"width":610,"height":610,"url":"https:\/\/quantongfastener.com\/wp-content\/uploads\/2025\/08\/Carbon-steel_Stainless-steel-Butterfly-Nut-7.jpg","type":"image\/jpeg"}],"twitter_card":"summary_large_image","twitter_misc":{"Dur\u00e9e de lecture estim\u00e9e":"3 minutes"},"schema":{"@context":"https:\/\/schema.org","@graph":[{"@type":"WebPage","@id":"https:\/\/quantongfastener.com\/product\/carbon-steel-stainless-steel-butterfly-nut\/","url":"https:\/\/quantongfastener.com\/product\/carbon-steel-stainless-steel-butterfly-nut\/","name":"Carbon steel\/Stainless steel Butterfly Nut - Quantong Fastener","isPartOf":{"@id":"https:\/\/quantongfastener.com\/#website"},"primaryImageOfPage":{"@id":"https:\/\/quantongfastener.com\/product\/carbon-steel-stainless-steel-butterfly-nut\/#primaryimage"},"image":{"@id":"https:\/\/quantongfastener.com\/product\/carbon-steel-stainless-steel-butterfly-nut\/#primaryimage"},"thumbnailUrl":"https:\/\/quantongfastener.com\/wp-content\/uploads\/2025\/08\/Carbon-steel_Stainless-steel-Butterfly-Nut-7.jpg","datePublished":"2025-08-09T14:51:44+00:00","dateModified":"2025-08-26T02:42:21+00:00","breadcrumb":{"@id":"https:\/\/quantongfastener.com\/product\/carbon-steel-stainless-steel-butterfly-nut\/#breadcrumb"},"inLanguage":"fr-FR","potentialAction":[{"@type":"ReadAction","target":["https:\/\/quantongfastener.com\/product\/carbon-steel-stainless-steel-butterfly-nut\/"]}]},{"@type":"ImageObject","inLanguage":"fr-FR","@id":"https:\/\/quantongfastener.com\/product\/carbon-steel-stainless-steel-butterfly-nut\/#primaryimage","url":"https:\/\/quantongfastener.com\/wp-content\/uploads\/2025\/08\/Carbon-steel_Stainless-steel-Butterfly-Nut-7.jpg","contentUrl":"https:\/\/quantongfastener.com\/wp-content\/uploads\/2025\/08\/Carbon-steel_Stainless-steel-Butterfly-Nut-7.jpg","width":610,"height":610},{"@type":"BreadcrumbList","@id":"https:\/\/quantongfastener.com\/product\/carbon-steel-stainless-steel-butterfly-nut\/#breadcrumb","itemListElement":[{"@type":"ListItem","position":1,"name":"Home","item":"https:\/\/quantongfastener.com\/"},{"@type":"ListItem","position":2,"name":"Products","item":"https:\/\/quantongfastener.com\/products\/"},{"@type":"ListItem","position":3,"name":"Carbon steel\/Stainless steel Butterfly Nut"}]},{"@type":"WebSite","@id":"https:\/\/quantongfastener.com\/#website","url":"https:\/\/quantongfastener.com\/","name":"Attache Quantong","description":"","publisher":{"@id":"https:\/\/quantongfastener.com\/#organization"},"potentialAction":[{"@type":"SearchAction","target":{"@type":"EntryPoint","urlTemplate":"https:\/\/quantongfastener.com\/?s={search_term_string}"},"query-input":{"@type":"PropertyValueSpecification","valueRequired":true,"valueName":"search_term_string"}}],"inLanguage":"fr-FR"},{"@type":"Organization","@id":"https:\/\/quantongfastener.com\/#organization","name":"Attache Quantong","url":"https:\/\/quantongfastener.com\/","logo":{"@type":"ImageObject","inLanguage":"fr-FR","@id":"https:\/\/quantongfastener.com\/#\/schema\/logo\/image\/","url":"https:\/\/quantongfastener.com\/wp-content\/uploads\/2025\/07\/logo.jpg","contentUrl":"https:\/\/quantongfastener.com\/wp-content\/uploads\/2025\/07\/logo.jpg","width":425,"height":424,"caption":"Quantong Fastener"},"image":{"@id":"https:\/\/quantongfastener.com\/#\/schema\/logo\/image\/"}}]}},"_links":{"self":[{"href":"https:\/\/quantongfastener.com\/fr\/wp-json\/wp\/v2\/product\/2240","targetHints":{"allow":["GET"]}}],"collection":[{"href":"https:\/\/quantongfastener.com\/fr\/wp-json\/wp\/v2\/product"}],"about":[{"href":"https:\/\/quantongfastener.com\/fr\/wp-json\/wp\/v2\/types\/product"}],"wp:featuredmedia":[{"embeddable":true,"href":"https:\/\/quantongfastener.com\/fr\/wp-json\/wp\/v2\/media\/2247"}],"wp:attachment":[{"href":"https:\/\/quantongfastener.com\/fr\/wp-json\/wp\/v2\/media?parent=2240"}],"wp:term":[{"taxonomy":"product_brand","embeddable":true,"href":"https:\/\/quantongfastener.com\/fr\/wp-json\/wp\/v2\/product_brand?post=2240"},{"taxonomy":"product_cat","embeddable":true,"href":"https:\/\/quantongfastener.com\/fr\/wp-json\/wp\/v2\/product_cat?post=2240"},{"taxonomy":"product_tag","embeddable":true,"href":"https:\/\/quantongfastener.com\/fr\/wp-json\/wp\/v2\/product_tag?post=2240"}],"curies":[{"name":"wp","href":"https:\/\/api.w.org\/{rel}","templated":true}]}}