{"id":2223,"date":"2025-08-09T14:45:31","date_gmt":"2025-08-09T14:45:31","guid":{"rendered":"https:\/\/quantongfastener.com\/?post_type=product&#038;p=2223"},"modified":"2025-08-09T14:45:31","modified_gmt":"2025-08-09T14:45:31","slug":"channel-spring-nut","status":"publish","type":"product","link":"https:\/\/quantongfastener.com\/fr\/produit\/channel-spring-nut\/","title":{"rendered":"\u00c9crou du ressort du canal"},"content":{"rendered":"<p><strong>Description du produit :<\/strong><\/p>\n<p><img fetchpriority=\"high\" decoding=\"async\" class=\"alignnone size-full wp-image-2230\" src=\"https:\/\/quantongfastener.com\/wp-content\/uploads\/2025\/08\/O1CN01RSYb3P1Zdt5v84aGS_601713218.jpg\" alt=\"\" width=\"610\" height=\"610\" srcset=\"https:\/\/quantongfastener.com\/wp-content\/uploads\/2025\/08\/O1CN01RSYb3P1Zdt5v84aGS_601713218.jpg 610w, https:\/\/quantongfastener.com\/wp-content\/uploads\/2025\/08\/O1CN01RSYb3P1Zdt5v84aGS_601713218-300x300.jpg 300w, https:\/\/quantongfastener.com\/wp-content\/uploads\/2025\/08\/O1CN01RSYb3P1Zdt5v84aGS_601713218-150x150.jpg 150w, https:\/\/quantongfastener.com\/wp-content\/uploads\/2025\/08\/O1CN01RSYb3P1Zdt5v84aGS_601713218-12x12.jpg 12w, https:\/\/quantongfastener.com\/wp-content\/uploads\/2025\/08\/O1CN01RSYb3P1Zdt5v84aGS_601713218-600x600.jpg 600w, https:\/\/quantongfastener.com\/wp-content\/uploads\/2025\/08\/O1CN01RSYb3P1Zdt5v84aGS_601713218-100x100.jpg 100w\" sizes=\"(max-width: 610px) 100vw, 610px\" \/> <img decoding=\"async\" class=\"alignnone size-full wp-image-2229\" src=\"https:\/\/quantongfastener.com\/wp-content\/uploads\/2025\/08\/Channel-Spring-Nut.jpg\" alt=\"\" width=\"610\" height=\"610\" srcset=\"https:\/\/quantongfastener.com\/wp-content\/uploads\/2025\/08\/Channel-Spring-Nut.jpg 610w, https:\/\/quantongfastener.com\/wp-content\/uploads\/2025\/08\/Channel-Spring-Nut-300x300.jpg 300w, https:\/\/quantongfastener.com\/wp-content\/uploads\/2025\/08\/Channel-Spring-Nut-150x150.jpg 150w, https:\/\/quantongfastener.com\/wp-content\/uploads\/2025\/08\/Channel-Spring-Nut-12x12.jpg 12w, https:\/\/quantongfastener.com\/wp-content\/uploads\/2025\/08\/Channel-Spring-Nut-600x600.jpg 600w, https:\/\/quantongfastener.com\/wp-content\/uploads\/2025\/08\/Channel-Spring-Nut-100x100.jpg 100w\" sizes=\"(max-width: 610px) 100vw, 610px\" \/> <img decoding=\"async\" class=\"alignnone size-full wp-image-2227\" src=\"https:\/\/quantongfastener.com\/wp-content\/uploads\/2025\/08\/Channel-Spring-Nut-4.jpg\" alt=\"\" width=\"610\" height=\"610\" srcset=\"https:\/\/quantongfastener.com\/wp-content\/uploads\/2025\/08\/Channel-Spring-Nut-4.jpg 610w, https:\/\/quantongfastener.com\/wp-content\/uploads\/2025\/08\/Channel-Spring-Nut-4-300x300.jpg 300w, https:\/\/quantongfastener.com\/wp-content\/uploads\/2025\/08\/Channel-Spring-Nut-4-150x150.jpg 150w, https:\/\/quantongfastener.com\/wp-content\/uploads\/2025\/08\/Channel-Spring-Nut-4-12x12.jpg 12w, https:\/\/quantongfastener.com\/wp-content\/uploads\/2025\/08\/Channel-Spring-Nut-4-600x600.jpg 600w, https:\/\/quantongfastener.com\/wp-content\/uploads\/2025\/08\/Channel-Spring-Nut-4-100x100.jpg 100w\" sizes=\"(max-width: 610px) 100vw, 610px\" \/><\/p>\n<div class=\"table_wrap\">\n<table>\n<tbody>\n<tr>\n<td colspan=\"1\" rowspan=\"1\">\n<div><span data-spm-anchor-id=\"a2700.wholesale.0.i24.667822cegeQqDW\">Nom du produit<\/span><\/div>\n<\/td>\n<td colspan=\"1\" rowspan=\"1\">\n<div>\u00a0Ecrou \u00e0 gorge, Ecrou \u00e0 ressort<\/div>\n<\/td>\n<\/tr>\n<tr>\n<td colspan=\"1\" rowspan=\"1\">\n<div>Mat\u00e9riau<\/div>\n<\/td>\n<td colspan=\"1\" rowspan=\"1\">\n<div>Acier inoxydable, acier au carbone<\/div>\n<\/td>\n<\/tr>\n<tr>\n<td colspan=\"1\" rowspan=\"1\">\n<div>Sp\u00e9cifications<\/div>\n<\/td>\n<td colspan=\"1\" rowspan=\"1\">\n<div><span data-spm-anchor-id=\"a2700.wholesale.0.i21.667822cegeQqDW\">M6,M8,M10,M12,1\/4,5\/16,3\/8,1\/2 etc<\/span><\/div>\n<\/td>\n<\/tr>\n<tr>\n<td colspan=\"1\" rowspan=\"1\">\n<div>\u00c9paisseur<\/div>\n<\/td>\n<td colspan=\"1\" rowspan=\"1\">\n<div>6.0mm,7.0mm,8.0mm,9.0mm,11.0mm<\/div>\n<\/td>\n<\/tr>\n<tr>\n<td colspan=\"1\" rowspan=\"1\">\n<div>Fil<\/div>\n<\/td>\n<td colspan=\"1\" rowspan=\"1\">\n<div data-spm-anchor-id=\"a2700.wholesale.0.i22.667822cegeQqDW\">Metic, UNC, UNF, etc.<\/div>\n<\/td>\n<\/tr>\n<tr>\n<td colspan=\"1\" rowspan=\"1\">\n<div>Finition<\/div>\n<\/td>\n<td colspan=\"1\" rowspan=\"1\">\n<div data-spm-anchor-id=\"a2700.wholesale.0.i23.667822cegeQqDW\">Zinc, chrome, nickel, dacromatage, galvanisation \u00e0 chaud, etc.<\/div>\n<\/td>\n<\/tr>\n<\/tbody>\n<\/table>\n<\/div>\n<p><strong>Avantages du produit :<\/strong><\/p>\n<ol>\n<li><strong>Usinage de pr\u00e9cision<\/strong><\/li>\n<\/ol>\n<p align=\"justify\">\u2606 Mesurer et traiter \u00e0 l'aide de machines-outils de pr\u00e9cision et d'outils de mesure dans des conditions environnementales strictement contr\u00f4l\u00e9es.<\/p>\n<p align=\"justify\"><strong>\u00a0\u00a0<\/strong>\u00a0 \u00a0 \u00a0 2.<strong>Mat\u00e9riau m\u00e9tallique de haute qualit\u00e9<\/strong><\/p>\n<p align=\"justify\">\u2606 Longue dur\u00e9e de vie, faible production de chaleur, grande duret\u00e9, grande rigidit\u00e9, faible bruit, grande r\u00e9sistance \u00e0 l'usure et autres caract\u00e9ristiques.<\/p>\n<p align=\"justify\"><strong>\u00a0 \u00a0 \u00a0 \u00a0\u00a0<\/strong>3.<strong>\u00a0Rentabilit\u00e9<\/strong><\/p>\n<p align=\"justify\">\u2606 L'utilisation d'un mat\u00e9riau m\u00e9tallique de haute qualit\u00e9, apr\u00e8s un traitement et un formage de pr\u00e9cision, am\u00e9liore consid\u00e9rablement l'exp\u00e9rience de l'utilisateur.<\/p>\n<p><strong>Param\u00e8tre du produit :<\/strong><\/p>\n<p><a href=\"https:\/\/www.cyfastener.com\/uploads\/1060_zh.png\"><img decoding=\"async\" class=\"alignnone size-full wp-image-6860\" src=\"https:\/\/www.cyfastener.com\/uploads\/1060_zh.png\" alt=\"1060_zh\" \/><\/a><\/p>\n<div class=\"table_wrap\">\n<table border=\"0\" cellspacing=\"0\" cellpadding=\"0\">\n<colgroup>\n<col span=\"6\" width=\"64\" \/><\/colgroup>\n<tbody>\n<tr>\n<td colspan=\"2\" width=\"128\" height=\"19\">Sp\u00e9cification du fil<\/td>\n<td rowspan=\"2\" width=\"64\"><a>M6<\/a><\/td>\n<td rowspan=\"2\" width=\"64\"><a>M8<\/a><\/td>\n<td rowspan=\"2\" width=\"64\"><a>M10<\/a><\/td>\n<td rowspan=\"2\" width=\"64\"><a>M12<\/a><\/td>\n<\/tr>\n<tr>\n<td colspan=\"2\" width=\"128\" height=\"19\">d<\/td>\n<\/tr>\n<tr>\n<td height=\"19\">A<\/td>\n<td>longueur<\/td>\n<td width=\"64\">34.5<\/td>\n<td width=\"64\">34.5<\/td>\n<td width=\"64\">34.5<\/td>\n<td width=\"64\">34.5<\/td>\n<\/tr>\n<tr>\n<td height=\"19\">B<\/td>\n<td id=\"id1\">largeur<\/td>\n<td width=\"64\">19<\/td>\n<td width=\"64\">19<\/td>\n<td width=\"64\">19<\/td>\n<td width=\"64\">19<\/td>\n<\/tr>\n<tr>\n<td height=\"20\">k<\/td>\n<td id=\"id1\">l'\u00e9paisseur<\/td>\n<td width=\"64\">6<\/td>\n<td width=\"64\">6<\/td>\n<td width=\"64\">8<\/td>\n<td width=\"64\">9<\/td>\n<\/tr>\n<\/tbody>\n<\/table>\n<\/div>\n<p><strong>NOTRE PAQUET :<\/strong><\/p>\n<p align=\"justify\">1. Sacs de 25 kg ou de 50 kg.<br \/>\n2. sacs avec palette.<br \/>\n3. Cartons de 25 kg ou cartons avec palette.<br \/>\n4. Emballage selon la demande du client<\/p>","protected":false},"excerpt":{"rendered":"<p>PRIX EXW : 720USD-910USD\/TONNE<br \/>\nQuantit\u00e9 minimale de commande : 2 tonnes<br \/>\nEMBALLAGE : SAC\/BO\u00ceTE AVEC PALETTE<br \/>\nPORT:TIANJIN\/QINGDAO\/SHANGHAI\/NINGBO<br \/>\nLIVRAISON : 5-30 JOURS SUR QTY<br \/>\nPAIEMENT : T\/T\/LC<br \/>\nCapacit\u00e9 d'approvisionnement : 600 TONNES PAR MOIS<\/p>\n<p>&nbsp;<\/p>\n<ul>\n<li><em>Prix FOB :<\/em>US $0.5 - 9 999 \/ Pi\u00e8ce<\/li>\n<li><em>Quantit\u00e9 minimale de commande :<\/em>100 pi\u00e8ces\/pi\u00e8ces<\/li>\n<li><em>Capacit\u00e9 d'approvisionnement :<\/em>10000 pi\u00e8ces par mois<\/li>\n<\/ul>","protected":false},"featured_media":2227,"template":"","meta":{"_kad_post_transparent":"default","_kad_post_title":"","_kad_post_layout":"default","_kad_post_sidebar_id":"","_kad_post_content_style":"default","_kad_post_vertical_padding":"default","_kad_post_feature":"","_kad_post_feature_position":"","_kad_post_header":false,"_kad_post_footer":false},"product_brand":[],"product_cat":[29],"product_tag":[],"class_list":{"0":"post-2223","1":"product","2":"type-product","3":"status-publish","4":"has-post-thumbnail","6":"product_cat-nut","8":"first","9":"instock","10":"shipping-taxable","11":"product-type-simple","12":"entry","13":"content-bg","14":"loop-entry"},"yoast_head":"<!-- This site is optimized with the Yoast SEO plugin v27.4 - https:\/\/yoast.com\/product\/yoast-seo-wordpress\/ -->\n<title>Channel Spring Nut - Quantong Fastener<\/title>\n<meta name=\"robots\" content=\"index, follow, max-snippet:-1, max-image-preview:large, max-video-preview:-1\" \/>\n<link rel=\"canonical\" href=\"https:\/\/quantongfastener.com\/fr\/produit\/channel-spring-nut\/\" \/>\n<meta property=\"og:locale\" content=\"fr_FR\" \/>\n<meta property=\"og:type\" content=\"article\" \/>\n<meta property=\"og:title\" content=\"Channel Spring Nut - Quantong Fastener\" \/>\n<meta property=\"og:description\" content=\"EXW PRICE : 720USD-910USD\/TON Min.Order Quantity:2TONS PACKAGING:BAG\/BOX WITH PALLET PORT:TIANJIN\/QINGDAO\/SHANGHAI\/NINGBO DELIVERY:5-30DAYS ON QTY PAYMENT:T\/T\/LC Supply Ability:600 TON PER MONTH  &nbsp;   FOB Price:US $0.5 - 9,999 \/ Piece  Min.Order Quantity:100 Piece\/Pieces  Supply Ability:10000 Piece\/Pieces per Month\" \/>\n<meta property=\"og:url\" content=\"https:\/\/quantongfastener.com\/fr\/produit\/channel-spring-nut\/\" \/>\n<meta property=\"og:site_name\" content=\"Quantong Fastener\" \/>\n<meta property=\"og:image\" content=\"https:\/\/quantongfastener.com\/wp-content\/uploads\/2025\/08\/Channel-Spring-Nut-4.jpg\" \/>\n\t<meta property=\"og:image:width\" content=\"610\" \/>\n\t<meta property=\"og:image:height\" content=\"610\" \/>\n\t<meta property=\"og:image:type\" content=\"image\/jpeg\" \/>\n<meta name=\"twitter:card\" content=\"summary_large_image\" \/>\n<meta name=\"twitter:label1\" content=\"Dur\u00e9e de lecture estim\u00e9e\" \/>\n\t<meta name=\"twitter:data1\" content=\"2 minutes\" \/>\n<script type=\"application\/ld+json\" class=\"yoast-schema-graph\">{\"@context\":\"https:\\\/\\\/schema.org\",\"@graph\":[{\"@type\":\"WebPage\",\"@id\":\"https:\\\/\\\/quantongfastener.com\\\/product\\\/channel-spring-nut\\\/\",\"url\":\"https:\\\/\\\/quantongfastener.com\\\/product\\\/channel-spring-nut\\\/\",\"name\":\"Channel Spring Nut - Quantong Fastener\",\"isPartOf\":{\"@id\":\"https:\\\/\\\/quantongfastener.com\\\/#website\"},\"primaryImageOfPage\":{\"@id\":\"https:\\\/\\\/quantongfastener.com\\\/product\\\/channel-spring-nut\\\/#primaryimage\"},\"image\":{\"@id\":\"https:\\\/\\\/quantongfastener.com\\\/product\\\/channel-spring-nut\\\/#primaryimage\"},\"thumbnailUrl\":\"https:\\\/\\\/quantongfastener.com\\\/wp-content\\\/uploads\\\/2025\\\/08\\\/Channel-Spring-Nut-4.jpg\",\"datePublished\":\"2025-08-09T14:45:31+00:00\",\"breadcrumb\":{\"@id\":\"https:\\\/\\\/quantongfastener.com\\\/product\\\/channel-spring-nut\\\/#breadcrumb\"},\"inLanguage\":\"fr-FR\",\"potentialAction\":[{\"@type\":\"ReadAction\",\"target\":[\"https:\\\/\\\/quantongfastener.com\\\/product\\\/channel-spring-nut\\\/\"]}]},{\"@type\":\"ImageObject\",\"inLanguage\":\"fr-FR\",\"@id\":\"https:\\\/\\\/quantongfastener.com\\\/product\\\/channel-spring-nut\\\/#primaryimage\",\"url\":\"https:\\\/\\\/quantongfastener.com\\\/wp-content\\\/uploads\\\/2025\\\/08\\\/Channel-Spring-Nut-4.jpg\",\"contentUrl\":\"https:\\\/\\\/quantongfastener.com\\\/wp-content\\\/uploads\\\/2025\\\/08\\\/Channel-Spring-Nut-4.jpg\",\"width\":610,\"height\":610},{\"@type\":\"BreadcrumbList\",\"@id\":\"https:\\\/\\\/quantongfastener.com\\\/product\\\/channel-spring-nut\\\/#breadcrumb\",\"itemListElement\":[{\"@type\":\"ListItem\",\"position\":1,\"name\":\"Home\",\"item\":\"https:\\\/\\\/quantongfastener.com\\\/\"},{\"@type\":\"ListItem\",\"position\":2,\"name\":\"Products\",\"item\":\"https:\\\/\\\/quantongfastener.com\\\/products\\\/\"},{\"@type\":\"ListItem\",\"position\":3,\"name\":\"Channel Spring Nut\"}]},{\"@type\":\"WebSite\",\"@id\":\"https:\\\/\\\/quantongfastener.com\\\/#website\",\"url\":\"https:\\\/\\\/quantongfastener.com\\\/\",\"name\":\"Quantong Fastener\",\"description\":\"\",\"publisher\":{\"@id\":\"https:\\\/\\\/quantongfastener.com\\\/#organization\"},\"potentialAction\":[{\"@type\":\"SearchAction\",\"target\":{\"@type\":\"EntryPoint\",\"urlTemplate\":\"https:\\\/\\\/quantongfastener.com\\\/?s={search_term_string}\"},\"query-input\":{\"@type\":\"PropertyValueSpecification\",\"valueRequired\":true,\"valueName\":\"search_term_string\"}}],\"inLanguage\":\"fr-FR\"},{\"@type\":\"Organization\",\"@id\":\"https:\\\/\\\/quantongfastener.com\\\/#organization\",\"name\":\"Quantong Fastener\",\"url\":\"https:\\\/\\\/quantongfastener.com\\\/\",\"logo\":{\"@type\":\"ImageObject\",\"inLanguage\":\"fr-FR\",\"@id\":\"https:\\\/\\\/quantongfastener.com\\\/#\\\/schema\\\/logo\\\/image\\\/\",\"url\":\"https:\\\/\\\/quantongfastener.com\\\/wp-content\\\/uploads\\\/2025\\\/07\\\/logo.jpg\",\"contentUrl\":\"https:\\\/\\\/quantongfastener.com\\\/wp-content\\\/uploads\\\/2025\\\/07\\\/logo.jpg\",\"width\":425,\"height\":424,\"caption\":\"Quantong Fastener\"},\"image\":{\"@id\":\"https:\\\/\\\/quantongfastener.com\\\/#\\\/schema\\\/logo\\\/image\\\/\"}}]}<\/script>\n<!-- \/ Yoast SEO plugin. -->","yoast_head_json":{"title":"Channel Spring Nut - Quantong Fastener","robots":{"index":"index","follow":"follow","max-snippet":"max-snippet:-1","max-image-preview":"max-image-preview:large","max-video-preview":"max-video-preview:-1"},"canonical":"https:\/\/quantongfastener.com\/fr\/produit\/channel-spring-nut\/","og_locale":"fr_FR","og_type":"article","og_title":"Channel Spring Nut - Quantong Fastener","og_description":"EXW PRICE : 720USD-910USD\/TON Min.Order Quantity:2TONS PACKAGING:BAG\/BOX WITH PALLET PORT:TIANJIN\/QINGDAO\/SHANGHAI\/NINGBO DELIVERY:5-30DAYS ON QTY PAYMENT:T\/T\/LC Supply Ability:600 TON PER MONTH  &nbsp;   FOB Price:US $0.5 - 9,999 \/ Piece  Min.Order Quantity:100 Piece\/Pieces  Supply Ability:10000 Piece\/Pieces per Month","og_url":"https:\/\/quantongfastener.com\/fr\/produit\/channel-spring-nut\/","og_site_name":"Quantong Fastener","og_image":[{"width":610,"height":610,"url":"https:\/\/quantongfastener.com\/wp-content\/uploads\/2025\/08\/Channel-Spring-Nut-4.jpg","type":"image\/jpeg"}],"twitter_card":"summary_large_image","twitter_misc":{"Dur\u00e9e de lecture estim\u00e9e":"2 minutes"},"schema":{"@context":"https:\/\/schema.org","@graph":[{"@type":"WebPage","@id":"https:\/\/quantongfastener.com\/product\/channel-spring-nut\/","url":"https:\/\/quantongfastener.com\/product\/channel-spring-nut\/","name":"Channel Spring Nut - Quantong Fastener","isPartOf":{"@id":"https:\/\/quantongfastener.com\/#website"},"primaryImageOfPage":{"@id":"https:\/\/quantongfastener.com\/product\/channel-spring-nut\/#primaryimage"},"image":{"@id":"https:\/\/quantongfastener.com\/product\/channel-spring-nut\/#primaryimage"},"thumbnailUrl":"https:\/\/quantongfastener.com\/wp-content\/uploads\/2025\/08\/Channel-Spring-Nut-4.jpg","datePublished":"2025-08-09T14:45:31+00:00","breadcrumb":{"@id":"https:\/\/quantongfastener.com\/product\/channel-spring-nut\/#breadcrumb"},"inLanguage":"fr-FR","potentialAction":[{"@type":"ReadAction","target":["https:\/\/quantongfastener.com\/product\/channel-spring-nut\/"]}]},{"@type":"ImageObject","inLanguage":"fr-FR","@id":"https:\/\/quantongfastener.com\/product\/channel-spring-nut\/#primaryimage","url":"https:\/\/quantongfastener.com\/wp-content\/uploads\/2025\/08\/Channel-Spring-Nut-4.jpg","contentUrl":"https:\/\/quantongfastener.com\/wp-content\/uploads\/2025\/08\/Channel-Spring-Nut-4.jpg","width":610,"height":610},{"@type":"BreadcrumbList","@id":"https:\/\/quantongfastener.com\/product\/channel-spring-nut\/#breadcrumb","itemListElement":[{"@type":"ListItem","position":1,"name":"Home","item":"https:\/\/quantongfastener.com\/"},{"@type":"ListItem","position":2,"name":"Products","item":"https:\/\/quantongfastener.com\/products\/"},{"@type":"ListItem","position":3,"name":"Channel Spring Nut"}]},{"@type":"WebSite","@id":"https:\/\/quantongfastener.com\/#website","url":"https:\/\/quantongfastener.com\/","name":"Attache Quantong","description":"","publisher":{"@id":"https:\/\/quantongfastener.com\/#organization"},"potentialAction":[{"@type":"SearchAction","target":{"@type":"EntryPoint","urlTemplate":"https:\/\/quantongfastener.com\/?s={search_term_string}"},"query-input":{"@type":"PropertyValueSpecification","valueRequired":true,"valueName":"search_term_string"}}],"inLanguage":"fr-FR"},{"@type":"Organization","@id":"https:\/\/quantongfastener.com\/#organization","name":"Attache Quantong","url":"https:\/\/quantongfastener.com\/","logo":{"@type":"ImageObject","inLanguage":"fr-FR","@id":"https:\/\/quantongfastener.com\/#\/schema\/logo\/image\/","url":"https:\/\/quantongfastener.com\/wp-content\/uploads\/2025\/07\/logo.jpg","contentUrl":"https:\/\/quantongfastener.com\/wp-content\/uploads\/2025\/07\/logo.jpg","width":425,"height":424,"caption":"Quantong Fastener"},"image":{"@id":"https:\/\/quantongfastener.com\/#\/schema\/logo\/image\/"}}]}},"_links":{"self":[{"href":"https:\/\/quantongfastener.com\/fr\/wp-json\/wp\/v2\/product\/2223","targetHints":{"allow":["GET"]}}],"collection":[{"href":"https:\/\/quantongfastener.com\/fr\/wp-json\/wp\/v2\/product"}],"about":[{"href":"https:\/\/quantongfastener.com\/fr\/wp-json\/wp\/v2\/types\/product"}],"wp:featuredmedia":[{"embeddable":true,"href":"https:\/\/quantongfastener.com\/fr\/wp-json\/wp\/v2\/media\/2227"}],"wp:attachment":[{"href":"https:\/\/quantongfastener.com\/fr\/wp-json\/wp\/v2\/media?parent=2223"}],"wp:term":[{"taxonomy":"product_brand","embeddable":true,"href":"https:\/\/quantongfastener.com\/fr\/wp-json\/wp\/v2\/product_brand?post=2223"},{"taxonomy":"product_cat","embeddable":true,"href":"https:\/\/quantongfastener.com\/fr\/wp-json\/wp\/v2\/product_cat?post=2223"},{"taxonomy":"product_tag","embeddable":true,"href":"https:\/\/quantongfastener.com\/fr\/wp-json\/wp\/v2\/product_tag?post=2223"}],"curies":[{"name":"wp","href":"https:\/\/api.w.org\/{rel}","templated":true}]}}