{"id":1802,"date":"2025-08-06T00:13:03","date_gmt":"2025-08-06T00:13:03","guid":{"rendered":"https:\/\/quantongfastener.com\/?post_type=product&#038;p=1802"},"modified":"2025-08-06T00:13:03","modified_gmt":"2025-08-06T00:13:03","slug":"yellow-zinc-plated-female-wood-t-tee-four-claw-nut-4-prong-tee-nuts","status":"publish","type":"product","link":"https:\/\/quantongfastener.com\/fr\/produit\/yellow-zinc-plated-female-wood-t-tee-four-claw-nut-4-prong-tee-nuts\/","title":{"rendered":"Ecrou en T \u00e0 quatre griffes pour bois femelle, jaune, zingu\u00e9 Ecrous en T \u00e0 quatre griffes"},"content":{"rendered":"<p><img fetchpriority=\"high\" decoding=\"async\" class=\"alignnone size-full wp-image-1810\" src=\"https:\/\/quantongfastener.com\/wp-content\/uploads\/2025\/08\/Yellow-Zinc-Plated-Female-Wood-T-Tee-Four-Claw-Nut-4-Prong-Tee-Nuts-Featured-Image.jpg\" alt=\"\" width=\"610\" height=\"610\" srcset=\"https:\/\/quantongfastener.com\/wp-content\/uploads\/2025\/08\/Yellow-Zinc-Plated-Female-Wood-T-Tee-Four-Claw-Nut-4-Prong-Tee-Nuts-Featured-Image.jpg 610w, https:\/\/quantongfastener.com\/wp-content\/uploads\/2025\/08\/Yellow-Zinc-Plated-Female-Wood-T-Tee-Four-Claw-Nut-4-Prong-Tee-Nuts-Featured-Image-300x300.jpg 300w, https:\/\/quantongfastener.com\/wp-content\/uploads\/2025\/08\/Yellow-Zinc-Plated-Female-Wood-T-Tee-Four-Claw-Nut-4-Prong-Tee-Nuts-Featured-Image-150x150.jpg 150w, https:\/\/quantongfastener.com\/wp-content\/uploads\/2025\/08\/Yellow-Zinc-Plated-Female-Wood-T-Tee-Four-Claw-Nut-4-Prong-Tee-Nuts-Featured-Image-12x12.jpg 12w, https:\/\/quantongfastener.com\/wp-content\/uploads\/2025\/08\/Yellow-Zinc-Plated-Female-Wood-T-Tee-Four-Claw-Nut-4-Prong-Tee-Nuts-Featured-Image-600x600.jpg 600w, https:\/\/quantongfastener.com\/wp-content\/uploads\/2025\/08\/Yellow-Zinc-Plated-Female-Wood-T-Tee-Four-Claw-Nut-4-Prong-Tee-Nuts-Featured-Image-100x100.jpg 100w\" sizes=\"(max-width: 610px) 100vw, 610px\" \/> <img decoding=\"async\" class=\"alignnone size-full wp-image-1809\" src=\"https:\/\/quantongfastener.com\/wp-content\/uploads\/2025\/08\/Yellow-Zinc-Plated-Female-Wood-T-Tee-Four-Claw-Nut-4-Prong-Tee-Nuts-7.jpg\" alt=\"\" width=\"610\" height=\"568\" srcset=\"https:\/\/quantongfastener.com\/wp-content\/uploads\/2025\/08\/Yellow-Zinc-Plated-Female-Wood-T-Tee-Four-Claw-Nut-4-Prong-Tee-Nuts-7.jpg 610w, https:\/\/quantongfastener.com\/wp-content\/uploads\/2025\/08\/Yellow-Zinc-Plated-Female-Wood-T-Tee-Four-Claw-Nut-4-Prong-Tee-Nuts-7-300x279.jpg 300w, https:\/\/quantongfastener.com\/wp-content\/uploads\/2025\/08\/Yellow-Zinc-Plated-Female-Wood-T-Tee-Four-Claw-Nut-4-Prong-Tee-Nuts-7-13x12.jpg 13w, https:\/\/quantongfastener.com\/wp-content\/uploads\/2025\/08\/Yellow-Zinc-Plated-Female-Wood-T-Tee-Four-Claw-Nut-4-Prong-Tee-Nuts-7-600x559.jpg 600w\" sizes=\"(max-width: 610px) 100vw, 610px\" \/> <img decoding=\"async\" class=\"alignnone size-full wp-image-1808\" src=\"https:\/\/quantongfastener.com\/wp-content\/uploads\/2025\/08\/Yellow-Zinc-Plated-Female-Wood-T-Tee-Four-Claw-Nut-4-Prong-Tee-Nuts-6.jpg\" alt=\"\" width=\"598\" height=\"610\" srcset=\"https:\/\/quantongfastener.com\/wp-content\/uploads\/2025\/08\/Yellow-Zinc-Plated-Female-Wood-T-Tee-Four-Claw-Nut-4-Prong-Tee-Nuts-6.jpg 598w, https:\/\/quantongfastener.com\/wp-content\/uploads\/2025\/08\/Yellow-Zinc-Plated-Female-Wood-T-Tee-Four-Claw-Nut-4-Prong-Tee-Nuts-6-294x300.jpg 294w, https:\/\/quantongfastener.com\/wp-content\/uploads\/2025\/08\/Yellow-Zinc-Plated-Female-Wood-T-Tee-Four-Claw-Nut-4-Prong-Tee-Nuts-6-12x12.jpg 12w\" sizes=\"(max-width: 598px) 100vw, 598px\" \/><\/p>","protected":false},"excerpt":{"rendered":"<p>PRIX EXW : 720USD-910USD\/TONNE<br \/>\nQuantit\u00e9 minimale de commande : 2 tonnes<br \/>\nEMBALLAGE : SAC\/BO\u00ceTE AVEC PALETTE<br \/>\nPORT:TIANJIN\/QINGDAO\/SHANGHAI\/NINGBO<br \/>\nLIVRAISON : 5-30 JOURS SUR QTY<br \/>\nPAIEMENT : T\/T\/LC<br \/>\nCapacit\u00e9 d'approvisionnement : 500 TONNES PAR MOIS<\/p>\n<p>Prix FOB:US $0.5 - 9,999 \/ Pi\u00e8ce<br \/>\nQuantit\u00e9 min. par commande : 100 pi\u00e8ces\/pi\u00e8ces<br \/>\nCapacit\u00e9 de production : 10000 pi\u00e8ces par mois<br \/>\nTraitement de surface:Normal,Zingu\u00e9(ZP),GALVANIS\u00c9,HDG,Galvanis\u00e9 \u00e0 chaud,Dacromet<br \/>\nMat\u00e9riau : acier au carbone \/ acier alli\u00e9 \/ acier inoxydable \/ laiton \/ cuivre<br \/>\nNorme : DIN \/ GB \/ UNC \/ BSW \/JIS etc.<br \/>\nCertificat:ISO9001 ISO14001 ISO45001 SGS<br \/>\nQualit\u00e9 : 4,8 8,8 10,9 12,9 A2-70 A4-70 A4-80 etc.<\/p>","protected":false},"featured_media":1806,"template":"","meta":{"_kad_post_transparent":"default","_kad_post_title":"","_kad_post_layout":"default","_kad_post_sidebar_id":"","_kad_post_content_style":"default","_kad_post_vertical_padding":"default","_kad_post_feature":"","_kad_post_feature_position":"","_kad_post_header":false,"_kad_post_footer":false},"product_brand":[],"product_cat":[29],"product_tag":[],"class_list":{"0":"post-1802","1":"product","2":"type-product","3":"status-publish","4":"has-post-thumbnail","6":"product_cat-nut","8":"first","9":"instock","10":"shipping-taxable","11":"product-type-simple","12":"entry","13":"content-bg","14":"loop-entry"},"yoast_head":"<!-- This site is optimized with the Yoast SEO plugin v27.4 - https:\/\/yoast.com\/product\/yoast-seo-wordpress\/ -->\n<title>Yellow Zinc Plated Female Wood T Tee Four Claw Nut 4 Prong Tee Nuts - Quantong Fastener<\/title>\n<meta name=\"robots\" content=\"index, follow, max-snippet:-1, max-image-preview:large, max-video-preview:-1\" \/>\n<link rel=\"canonical\" href=\"https:\/\/quantongfastener.com\/fr\/produit\/yellow-zinc-plated-female-wood-t-tee-four-claw-nut-4-prong-tee-nuts\/\" \/>\n<meta property=\"og:locale\" content=\"fr_FR\" \/>\n<meta property=\"og:type\" content=\"article\" \/>\n<meta property=\"og:title\" content=\"Yellow Zinc Plated Female Wood T Tee Four Claw Nut 4 Prong Tee Nuts - Quantong Fastener\" \/>\n<meta property=\"og:description\" content=\"EXW PRICE : 720USD-910USD\/TON Min.Order Quantity:2TONS PACKAGING:BAG\/BOX WITH PALLET PORT:TIANJIN\/QINGDAO\/SHANGHAI\/NINGBO DELIVERY:5-30DAYS ON QTY PAYMENT:T\/T\/LC Supply Ability:500 TON PER MONTH  FOB Price:US $0.5 - 9,999 \/ Piece Min.Order Quantity:100 Piece\/Pieces Supply Ability:10000 Piece\/Pieces per Month Surface treatment:Plain,Zinc Plated(ZP),GALVANIZED,HDG,Hot dip galvanized,Dacromet Material:Carbon Steel \/ Alloy Steel \/ Stainless Steel \/ Brass \/ Copper Standard:DIN \/ GB \/ UNC \/ BSW \/JIS etc. Certificate:ISO9001 ISO14001 ISO45001 SGS Grade:4.8 8.8 10.9 12.9 A2-70 A4-70 A4-80 etc.\" \/>\n<meta property=\"og:url\" content=\"https:\/\/quantongfastener.com\/fr\/produit\/yellow-zinc-plated-female-wood-t-tee-four-claw-nut-4-prong-tee-nuts\/\" \/>\n<meta property=\"og:site_name\" content=\"Quantong Fastener\" \/>\n<meta property=\"og:image\" content=\"https:\/\/quantongfastener.com\/wp-content\/uploads\/2025\/08\/Yellow-Zinc-Plated-Female-Wood-T-Tee-Four-Claw-Nut-4-Prong-Tee-Nuts-4.jpg\" \/>\n\t<meta property=\"og:image:width\" content=\"610\" \/>\n\t<meta property=\"og:image:height\" content=\"607\" \/>\n\t<meta property=\"og:image:type\" content=\"image\/jpeg\" \/>\n<meta name=\"twitter:card\" content=\"summary_large_image\" \/>\n<meta name=\"twitter:label1\" content=\"Dur\u00e9e de lecture estim\u00e9e\" \/>\n\t<meta name=\"twitter:data1\" content=\"1 minute\" \/>\n<script type=\"application\/ld+json\" class=\"yoast-schema-graph\">{\"@context\":\"https:\\\/\\\/schema.org\",\"@graph\":[{\"@type\":\"WebPage\",\"@id\":\"https:\\\/\\\/quantongfastener.com\\\/product\\\/yellow-zinc-plated-female-wood-t-tee-four-claw-nut-4-prong-tee-nuts\\\/\",\"url\":\"https:\\\/\\\/quantongfastener.com\\\/product\\\/yellow-zinc-plated-female-wood-t-tee-four-claw-nut-4-prong-tee-nuts\\\/\",\"name\":\"Yellow Zinc Plated Female Wood T Tee Four Claw Nut 4 Prong Tee Nuts - Quantong Fastener\",\"isPartOf\":{\"@id\":\"https:\\\/\\\/quantongfastener.com\\\/#website\"},\"primaryImageOfPage\":{\"@id\":\"https:\\\/\\\/quantongfastener.com\\\/product\\\/yellow-zinc-plated-female-wood-t-tee-four-claw-nut-4-prong-tee-nuts\\\/#primaryimage\"},\"image\":{\"@id\":\"https:\\\/\\\/quantongfastener.com\\\/product\\\/yellow-zinc-plated-female-wood-t-tee-four-claw-nut-4-prong-tee-nuts\\\/#primaryimage\"},\"thumbnailUrl\":\"https:\\\/\\\/quantongfastener.com\\\/wp-content\\\/uploads\\\/2025\\\/08\\\/Yellow-Zinc-Plated-Female-Wood-T-Tee-Four-Claw-Nut-4-Prong-Tee-Nuts-4.jpg\",\"datePublished\":\"2025-08-06T00:13:03+00:00\",\"breadcrumb\":{\"@id\":\"https:\\\/\\\/quantongfastener.com\\\/product\\\/yellow-zinc-plated-female-wood-t-tee-four-claw-nut-4-prong-tee-nuts\\\/#breadcrumb\"},\"inLanguage\":\"fr-FR\",\"potentialAction\":[{\"@type\":\"ReadAction\",\"target\":[\"https:\\\/\\\/quantongfastener.com\\\/product\\\/yellow-zinc-plated-female-wood-t-tee-four-claw-nut-4-prong-tee-nuts\\\/\"]}]},{\"@type\":\"ImageObject\",\"inLanguage\":\"fr-FR\",\"@id\":\"https:\\\/\\\/quantongfastener.com\\\/product\\\/yellow-zinc-plated-female-wood-t-tee-four-claw-nut-4-prong-tee-nuts\\\/#primaryimage\",\"url\":\"https:\\\/\\\/quantongfastener.com\\\/wp-content\\\/uploads\\\/2025\\\/08\\\/Yellow-Zinc-Plated-Female-Wood-T-Tee-Four-Claw-Nut-4-Prong-Tee-Nuts-4.jpg\",\"contentUrl\":\"https:\\\/\\\/quantongfastener.com\\\/wp-content\\\/uploads\\\/2025\\\/08\\\/Yellow-Zinc-Plated-Female-Wood-T-Tee-Four-Claw-Nut-4-Prong-Tee-Nuts-4.jpg\",\"width\":610,\"height\":607},{\"@type\":\"BreadcrumbList\",\"@id\":\"https:\\\/\\\/quantongfastener.com\\\/product\\\/yellow-zinc-plated-female-wood-t-tee-four-claw-nut-4-prong-tee-nuts\\\/#breadcrumb\",\"itemListElement\":[{\"@type\":\"ListItem\",\"position\":1,\"name\":\"Home\",\"item\":\"https:\\\/\\\/quantongfastener.com\\\/\"},{\"@type\":\"ListItem\",\"position\":2,\"name\":\"Products\",\"item\":\"https:\\\/\\\/quantongfastener.com\\\/products\\\/\"},{\"@type\":\"ListItem\",\"position\":3,\"name\":\"Yellow Zinc Plated Female Wood T Tee Four Claw Nut 4 Prong Tee Nuts\"}]},{\"@type\":\"WebSite\",\"@id\":\"https:\\\/\\\/quantongfastener.com\\\/#website\",\"url\":\"https:\\\/\\\/quantongfastener.com\\\/\",\"name\":\"Quantong Fastener\",\"description\":\"\",\"publisher\":{\"@id\":\"https:\\\/\\\/quantongfastener.com\\\/#organization\"},\"potentialAction\":[{\"@type\":\"SearchAction\",\"target\":{\"@type\":\"EntryPoint\",\"urlTemplate\":\"https:\\\/\\\/quantongfastener.com\\\/?s={search_term_string}\"},\"query-input\":{\"@type\":\"PropertyValueSpecification\",\"valueRequired\":true,\"valueName\":\"search_term_string\"}}],\"inLanguage\":\"fr-FR\"},{\"@type\":\"Organization\",\"@id\":\"https:\\\/\\\/quantongfastener.com\\\/#organization\",\"name\":\"Quantong Fastener\",\"url\":\"https:\\\/\\\/quantongfastener.com\\\/\",\"logo\":{\"@type\":\"ImageObject\",\"inLanguage\":\"fr-FR\",\"@id\":\"https:\\\/\\\/quantongfastener.com\\\/#\\\/schema\\\/logo\\\/image\\\/\",\"url\":\"https:\\\/\\\/quantongfastener.com\\\/wp-content\\\/uploads\\\/2025\\\/07\\\/logo.jpg\",\"contentUrl\":\"https:\\\/\\\/quantongfastener.com\\\/wp-content\\\/uploads\\\/2025\\\/07\\\/logo.jpg\",\"width\":425,\"height\":424,\"caption\":\"Quantong Fastener\"},\"image\":{\"@id\":\"https:\\\/\\\/quantongfastener.com\\\/#\\\/schema\\\/logo\\\/image\\\/\"}}]}<\/script>\n<!-- \/ Yoast SEO plugin. -->","yoast_head_json":{"title":"Yellow Zinc Plated Female Wood T Tee Four Claw Nut 4 Prong Tee Nuts - Quantong Fastener","robots":{"index":"index","follow":"follow","max-snippet":"max-snippet:-1","max-image-preview":"max-image-preview:large","max-video-preview":"max-video-preview:-1"},"canonical":"https:\/\/quantongfastener.com\/fr\/produit\/yellow-zinc-plated-female-wood-t-tee-four-claw-nut-4-prong-tee-nuts\/","og_locale":"fr_FR","og_type":"article","og_title":"Yellow Zinc Plated Female Wood T Tee Four Claw Nut 4 Prong Tee Nuts - Quantong Fastener","og_description":"EXW PRICE : 720USD-910USD\/TON Min.Order Quantity:2TONS PACKAGING:BAG\/BOX WITH PALLET PORT:TIANJIN\/QINGDAO\/SHANGHAI\/NINGBO DELIVERY:5-30DAYS ON QTY PAYMENT:T\/T\/LC Supply Ability:500 TON PER MONTH  FOB Price:US $0.5 - 9,999 \/ Piece Min.Order Quantity:100 Piece\/Pieces Supply Ability:10000 Piece\/Pieces per Month Surface treatment:Plain,Zinc Plated(ZP),GALVANIZED,HDG,Hot dip galvanized,Dacromet Material:Carbon Steel \/ Alloy Steel \/ Stainless Steel \/ Brass \/ Copper Standard:DIN \/ GB \/ UNC \/ BSW \/JIS etc. Certificate:ISO9001 ISO14001 ISO45001 SGS Grade:4.8 8.8 10.9 12.9 A2-70 A4-70 A4-80 etc.","og_url":"https:\/\/quantongfastener.com\/fr\/produit\/yellow-zinc-plated-female-wood-t-tee-four-claw-nut-4-prong-tee-nuts\/","og_site_name":"Quantong Fastener","og_image":[{"width":610,"height":607,"url":"https:\/\/quantongfastener.com\/wp-content\/uploads\/2025\/08\/Yellow-Zinc-Plated-Female-Wood-T-Tee-Four-Claw-Nut-4-Prong-Tee-Nuts-4.jpg","type":"image\/jpeg"}],"twitter_card":"summary_large_image","twitter_misc":{"Dur\u00e9e de lecture estim\u00e9e":"1 minute"},"schema":{"@context":"https:\/\/schema.org","@graph":[{"@type":"WebPage","@id":"https:\/\/quantongfastener.com\/product\/yellow-zinc-plated-female-wood-t-tee-four-claw-nut-4-prong-tee-nuts\/","url":"https:\/\/quantongfastener.com\/product\/yellow-zinc-plated-female-wood-t-tee-four-claw-nut-4-prong-tee-nuts\/","name":"Yellow Zinc Plated Female Wood T Tee Four Claw Nut 4 Prong Tee Nuts - Quantong Fastener","isPartOf":{"@id":"https:\/\/quantongfastener.com\/#website"},"primaryImageOfPage":{"@id":"https:\/\/quantongfastener.com\/product\/yellow-zinc-plated-female-wood-t-tee-four-claw-nut-4-prong-tee-nuts\/#primaryimage"},"image":{"@id":"https:\/\/quantongfastener.com\/product\/yellow-zinc-plated-female-wood-t-tee-four-claw-nut-4-prong-tee-nuts\/#primaryimage"},"thumbnailUrl":"https:\/\/quantongfastener.com\/wp-content\/uploads\/2025\/08\/Yellow-Zinc-Plated-Female-Wood-T-Tee-Four-Claw-Nut-4-Prong-Tee-Nuts-4.jpg","datePublished":"2025-08-06T00:13:03+00:00","breadcrumb":{"@id":"https:\/\/quantongfastener.com\/product\/yellow-zinc-plated-female-wood-t-tee-four-claw-nut-4-prong-tee-nuts\/#breadcrumb"},"inLanguage":"fr-FR","potentialAction":[{"@type":"ReadAction","target":["https:\/\/quantongfastener.com\/product\/yellow-zinc-plated-female-wood-t-tee-four-claw-nut-4-prong-tee-nuts\/"]}]},{"@type":"ImageObject","inLanguage":"fr-FR","@id":"https:\/\/quantongfastener.com\/product\/yellow-zinc-plated-female-wood-t-tee-four-claw-nut-4-prong-tee-nuts\/#primaryimage","url":"https:\/\/quantongfastener.com\/wp-content\/uploads\/2025\/08\/Yellow-Zinc-Plated-Female-Wood-T-Tee-Four-Claw-Nut-4-Prong-Tee-Nuts-4.jpg","contentUrl":"https:\/\/quantongfastener.com\/wp-content\/uploads\/2025\/08\/Yellow-Zinc-Plated-Female-Wood-T-Tee-Four-Claw-Nut-4-Prong-Tee-Nuts-4.jpg","width":610,"height":607},{"@type":"BreadcrumbList","@id":"https:\/\/quantongfastener.com\/product\/yellow-zinc-plated-female-wood-t-tee-four-claw-nut-4-prong-tee-nuts\/#breadcrumb","itemListElement":[{"@type":"ListItem","position":1,"name":"Home","item":"https:\/\/quantongfastener.com\/"},{"@type":"ListItem","position":2,"name":"Products","item":"https:\/\/quantongfastener.com\/products\/"},{"@type":"ListItem","position":3,"name":"Yellow Zinc Plated Female Wood T Tee Four Claw Nut 4 Prong Tee Nuts"}]},{"@type":"WebSite","@id":"https:\/\/quantongfastener.com\/#website","url":"https:\/\/quantongfastener.com\/","name":"Attache Quantong","description":"","publisher":{"@id":"https:\/\/quantongfastener.com\/#organization"},"potentialAction":[{"@type":"SearchAction","target":{"@type":"EntryPoint","urlTemplate":"https:\/\/quantongfastener.com\/?s={search_term_string}"},"query-input":{"@type":"PropertyValueSpecification","valueRequired":true,"valueName":"search_term_string"}}],"inLanguage":"fr-FR"},{"@type":"Organization","@id":"https:\/\/quantongfastener.com\/#organization","name":"Attache Quantong","url":"https:\/\/quantongfastener.com\/","logo":{"@type":"ImageObject","inLanguage":"fr-FR","@id":"https:\/\/quantongfastener.com\/#\/schema\/logo\/image\/","url":"https:\/\/quantongfastener.com\/wp-content\/uploads\/2025\/07\/logo.jpg","contentUrl":"https:\/\/quantongfastener.com\/wp-content\/uploads\/2025\/07\/logo.jpg","width":425,"height":424,"caption":"Quantong Fastener"},"image":{"@id":"https:\/\/quantongfastener.com\/#\/schema\/logo\/image\/"}}]}},"_links":{"self":[{"href":"https:\/\/quantongfastener.com\/fr\/wp-json\/wp\/v2\/product\/1802","targetHints":{"allow":["GET"]}}],"collection":[{"href":"https:\/\/quantongfastener.com\/fr\/wp-json\/wp\/v2\/product"}],"about":[{"href":"https:\/\/quantongfastener.com\/fr\/wp-json\/wp\/v2\/types\/product"}],"wp:featuredmedia":[{"embeddable":true,"href":"https:\/\/quantongfastener.com\/fr\/wp-json\/wp\/v2\/media\/1806"}],"wp:attachment":[{"href":"https:\/\/quantongfastener.com\/fr\/wp-json\/wp\/v2\/media?parent=1802"}],"wp:term":[{"taxonomy":"product_brand","embeddable":true,"href":"https:\/\/quantongfastener.com\/fr\/wp-json\/wp\/v2\/product_brand?post=1802"},{"taxonomy":"product_cat","embeddable":true,"href":"https:\/\/quantongfastener.com\/fr\/wp-json\/wp\/v2\/product_cat?post=1802"},{"taxonomy":"product_tag","embeddable":true,"href":"https:\/\/quantongfastener.com\/fr\/wp-json\/wp\/v2\/product_tag?post=1802"}],"curies":[{"name":"wp","href":"https:\/\/api.w.org\/{rel}","templated":true}]}}