{"id":1776,"date":"2025-08-06T00:00:55","date_gmt":"2025-08-06T00:00:55","guid":{"rendered":"https:\/\/quantongfastener.com\/?post_type=product&#038;p=1776"},"modified":"2025-08-06T00:00:55","modified_gmt":"2025-08-06T00:00:55","slug":"two-lug-self-locking-nuts-screw-sleeve-nut-turn-buckle-muff-flat-round-nut","status":"publish","type":"product","link":"https:\/\/quantongfastener.com\/fr\/produit\/two-lug-self-locking-nuts-screw-sleeve-nut-turn-buckle-muff-flat-round-nut\/","title":{"rendered":"\u00c9crous autobloquants \u00e0 deux pattes Vis Manchon \u00c9crou Boucle tournante \u00c9crou rond plat Muff"},"content":{"rendered":"<p><strong>Description du produit :<\/strong><\/p>\n<div class=\"table_wrap\">\n<table border=\"1\" cellspacing=\"0\" cellpadding=\"0\">\n<colgroup>\n<col width=\"366\" \/>\n<col width=\"721\" \/><\/colgroup>\n<tbody>\n<tr>\n<td width=\"366\" height=\"24\"><strong>Nom du produit<\/strong><\/td>\n<td width=\"721\">GB930 Two Lug Self-Locking Nuts Vis Sleeve Nut Turn Buckle Muff Flat Round Nut<\/td>\n<\/tr>\n<tr>\n<td height=\"24\"><strong>Taille<\/strong><\/td>\n<td>\u041c4-\u041c10<\/td>\n<\/tr>\n<tr>\n<td height=\"24\"><strong>Longueur<\/strong><\/td>\n<td>24-36<\/td>\n<\/tr>\n<tr>\n<td height=\"24\"><strong>Mat\u00e9riau<\/strong><\/td>\n<td>Acier<\/td>\n<\/tr>\n<tr>\n<td height=\"24\"><strong>Traitement de surface<\/strong><\/td>\n<td>noir\/galvanis\u00e9\/color galvanis\u00e9<\/td>\n<\/tr>\n<tr>\n<td height=\"24\"><strong>Standard<\/strong><\/td>\n<td>GB930<\/td>\n<\/tr>\n<tr>\n<td height=\"24\"><strong>Fournitures d'outils<\/strong><\/td>\n<td width=\"721\">Outils<\/td>\n<\/tr>\n<tr>\n<td height=\"24\"><strong>P\u00e9riph\u00e9riques\/appareils de commande \u00e0 distance<\/strong><\/td>\n<td>\u00e9crou \u00e0 vis<\/td>\n<\/tr>\n<\/tbody>\n<\/table>\n<\/div>\n<p><a href=\"https:\/\/www.cyfastener.com\/uploads\/517.jpg\"><img decoding=\"async\" class=\"aligncenter size-full wp-image-8764\" src=\"https:\/\/www.cyfastener.com\/uploads\/517.jpg\" alt=\"5\" \/><\/a><\/p>\n<p><a href=\"https:\/\/www.cyfastener.com\/uploads\/323.jpg\"><img decoding=\"async\" class=\"aligncenter size-full wp-image-8763\" src=\"https:\/\/www.cyfastener.com\/uploads\/323.jpg\" alt=\"3\" \/><\/a><a href=\"https:\/\/www.cyfastener.com\/uploads\/235.jpg\"><img decoding=\"async\" class=\"aligncenter size-full wp-image-8762\" src=\"https:\/\/www.cyfastener.com\/uploads\/235.jpg\" alt=\"2\" \/><\/a><a href=\"https:\/\/www.cyfastener.com\/uploads\/135.jpg\"><img decoding=\"async\" class=\"aligncenter size-full wp-image-8761\" src=\"https:\/\/www.cyfastener.com\/uploads\/135.jpg\" alt=\"1\" \/><\/a><\/p>","protected":false},"excerpt":{"rendered":"<p>Quantit\u00e9 minimale par commande : 10000PCS<\/p>\n<p>EMBALLAGE : SAC\/BO\u00ceTE AVEC PALETTE<\/p>\n<p>PORT:TIANJIN\/QINGDAO\/SHANGHAI\/NINGBO<\/p>\n<p>LIVRAISON : 5-30 JOURS SUR QTY<\/p>\n<p>PAIEMENT : T\/T\/LC<\/p>\n<p>Capacit\u00e9 d'approvisionnement : 500 TONNES PAR MOIS<\/p>\n<p>&nbsp;<\/p>\n<ul>\n<li><em>Prix FOB :<\/em>US $0.5 - 9 999 \/ Pi\u00e8ce<\/li>\n<li><em>Quantit\u00e9 minimale de commande :<\/em>100 pi\u00e8ces\/pi\u00e8ces<\/li>\n<li><em>Capacit\u00e9 d'approvisionnement :<\/em>10000 pi\u00e8ces par mois<\/li>\n<\/ul>","protected":false},"featured_media":1781,"template":"","meta":{"_kad_post_transparent":"default","_kad_post_title":"","_kad_post_layout":"default","_kad_post_sidebar_id":"","_kad_post_content_style":"default","_kad_post_vertical_padding":"default","_kad_post_feature":"","_kad_post_feature_position":"","_kad_post_header":false,"_kad_post_footer":false},"product_brand":[],"product_cat":[29],"product_tag":[],"class_list":{"0":"post-1776","1":"product","2":"type-product","3":"status-publish","4":"has-post-thumbnail","6":"product_cat-nut","8":"first","9":"instock","10":"shipping-taxable","11":"product-type-simple","12":"entry","13":"content-bg","14":"loop-entry"},"yoast_head":"<!-- This site is optimized with the Yoast SEO plugin v27.4 - https:\/\/yoast.com\/product\/yoast-seo-wordpress\/ -->\n<title>Two Lug Self-Locking Nuts Screw Sleeve Nut Turn Buckle Muff Flat Round Nut - Quantong Fastener<\/title>\n<meta name=\"robots\" content=\"index, follow, max-snippet:-1, max-image-preview:large, max-video-preview:-1\" \/>\n<link rel=\"canonical\" href=\"https:\/\/quantongfastener.com\/fr\/produit\/two-lug-self-locking-nuts-screw-sleeve-nut-turn-buckle-muff-flat-round-nut\/\" \/>\n<meta property=\"og:locale\" content=\"fr_FR\" \/>\n<meta property=\"og:type\" content=\"article\" \/>\n<meta property=\"og:title\" content=\"Two Lug Self-Locking Nuts Screw Sleeve Nut Turn Buckle Muff Flat Round Nut - Quantong Fastener\" \/>\n<meta property=\"og:description\" content=\"Min.Order Quantity:10000PCS  PACKAGING:BAG\/BOX WITH PALLET  PORT:TIANJIN\/QINGDAO\/SHANGHAI\/NINGBO  DELIVERY:5-30DAYS ON QTY  PAYMENT:T\/T\/LC  Supply Ability:500 TON PER MONTH  &nbsp;   FOB Price:US $0.5 - 9,999 \/ Piece  Min.Order Quantity:100 Piece\/Pieces  Supply Ability:10000 Piece\/Pieces per Month\" \/>\n<meta property=\"og:url\" content=\"https:\/\/quantongfastener.com\/fr\/produit\/two-lug-self-locking-nuts-screw-sleeve-nut-turn-buckle-muff-flat-round-nut\/\" \/>\n<meta property=\"og:site_name\" content=\"Quantong Fastener\" \/>\n<meta property=\"og:image\" content=\"https:\/\/quantongfastener.com\/wp-content\/uploads\/2025\/08\/Two-Lug-Self-Locking-Nuts-Screw-Sleeve-Nut-Turn-Buckle-Muff-Flat-Round-Nut-3.jpg\" \/>\n\t<meta property=\"og:image:width\" content=\"610\" \/>\n\t<meta property=\"og:image:height\" content=\"610\" \/>\n\t<meta property=\"og:image:type\" content=\"image\/jpeg\" \/>\n<meta name=\"twitter:card\" content=\"summary_large_image\" \/>\n<meta name=\"twitter:label1\" content=\"Dur\u00e9e de lecture estim\u00e9e\" \/>\n\t<meta name=\"twitter:data1\" content=\"2 minutes\" \/>\n<script type=\"application\/ld+json\" class=\"yoast-schema-graph\">{\"@context\":\"https:\\\/\\\/schema.org\",\"@graph\":[{\"@type\":\"WebPage\",\"@id\":\"https:\\\/\\\/quantongfastener.com\\\/product\\\/two-lug-self-locking-nuts-screw-sleeve-nut-turn-buckle-muff-flat-round-nut\\\/\",\"url\":\"https:\\\/\\\/quantongfastener.com\\\/product\\\/two-lug-self-locking-nuts-screw-sleeve-nut-turn-buckle-muff-flat-round-nut\\\/\",\"name\":\"Two Lug Self-Locking Nuts Screw Sleeve Nut Turn Buckle Muff Flat Round Nut - Quantong Fastener\",\"isPartOf\":{\"@id\":\"https:\\\/\\\/quantongfastener.com\\\/#website\"},\"primaryImageOfPage\":{\"@id\":\"https:\\\/\\\/quantongfastener.com\\\/product\\\/two-lug-self-locking-nuts-screw-sleeve-nut-turn-buckle-muff-flat-round-nut\\\/#primaryimage\"},\"image\":{\"@id\":\"https:\\\/\\\/quantongfastener.com\\\/product\\\/two-lug-self-locking-nuts-screw-sleeve-nut-turn-buckle-muff-flat-round-nut\\\/#primaryimage\"},\"thumbnailUrl\":\"https:\\\/\\\/quantongfastener.com\\\/wp-content\\\/uploads\\\/2025\\\/08\\\/Two-Lug-Self-Locking-Nuts-Screw-Sleeve-Nut-Turn-Buckle-Muff-Flat-Round-Nut-3.jpg\",\"datePublished\":\"2025-08-06T00:00:55+00:00\",\"breadcrumb\":{\"@id\":\"https:\\\/\\\/quantongfastener.com\\\/product\\\/two-lug-self-locking-nuts-screw-sleeve-nut-turn-buckle-muff-flat-round-nut\\\/#breadcrumb\"},\"inLanguage\":\"fr-FR\",\"potentialAction\":[{\"@type\":\"ReadAction\",\"target\":[\"https:\\\/\\\/quantongfastener.com\\\/product\\\/two-lug-self-locking-nuts-screw-sleeve-nut-turn-buckle-muff-flat-round-nut\\\/\"]}]},{\"@type\":\"ImageObject\",\"inLanguage\":\"fr-FR\",\"@id\":\"https:\\\/\\\/quantongfastener.com\\\/product\\\/two-lug-self-locking-nuts-screw-sleeve-nut-turn-buckle-muff-flat-round-nut\\\/#primaryimage\",\"url\":\"https:\\\/\\\/quantongfastener.com\\\/wp-content\\\/uploads\\\/2025\\\/08\\\/Two-Lug-Self-Locking-Nuts-Screw-Sleeve-Nut-Turn-Buckle-Muff-Flat-Round-Nut-3.jpg\",\"contentUrl\":\"https:\\\/\\\/quantongfastener.com\\\/wp-content\\\/uploads\\\/2025\\\/08\\\/Two-Lug-Self-Locking-Nuts-Screw-Sleeve-Nut-Turn-Buckle-Muff-Flat-Round-Nut-3.jpg\",\"width\":610,\"height\":610},{\"@type\":\"BreadcrumbList\",\"@id\":\"https:\\\/\\\/quantongfastener.com\\\/product\\\/two-lug-self-locking-nuts-screw-sleeve-nut-turn-buckle-muff-flat-round-nut\\\/#breadcrumb\",\"itemListElement\":[{\"@type\":\"ListItem\",\"position\":1,\"name\":\"Home\",\"item\":\"https:\\\/\\\/quantongfastener.com\\\/\"},{\"@type\":\"ListItem\",\"position\":2,\"name\":\"Products\",\"item\":\"https:\\\/\\\/quantongfastener.com\\\/products\\\/\"},{\"@type\":\"ListItem\",\"position\":3,\"name\":\"Two Lug Self-Locking Nuts Screw Sleeve Nut Turn Buckle Muff Flat Round Nut\"}]},{\"@type\":\"WebSite\",\"@id\":\"https:\\\/\\\/quantongfastener.com\\\/#website\",\"url\":\"https:\\\/\\\/quantongfastener.com\\\/\",\"name\":\"Quantong Fastener\",\"description\":\"\",\"publisher\":{\"@id\":\"https:\\\/\\\/quantongfastener.com\\\/#organization\"},\"potentialAction\":[{\"@type\":\"SearchAction\",\"target\":{\"@type\":\"EntryPoint\",\"urlTemplate\":\"https:\\\/\\\/quantongfastener.com\\\/?s={search_term_string}\"},\"query-input\":{\"@type\":\"PropertyValueSpecification\",\"valueRequired\":true,\"valueName\":\"search_term_string\"}}],\"inLanguage\":\"fr-FR\"},{\"@type\":\"Organization\",\"@id\":\"https:\\\/\\\/quantongfastener.com\\\/#organization\",\"name\":\"Quantong Fastener\",\"url\":\"https:\\\/\\\/quantongfastener.com\\\/\",\"logo\":{\"@type\":\"ImageObject\",\"inLanguage\":\"fr-FR\",\"@id\":\"https:\\\/\\\/quantongfastener.com\\\/#\\\/schema\\\/logo\\\/image\\\/\",\"url\":\"https:\\\/\\\/quantongfastener.com\\\/wp-content\\\/uploads\\\/2025\\\/07\\\/logo.jpg\",\"contentUrl\":\"https:\\\/\\\/quantongfastener.com\\\/wp-content\\\/uploads\\\/2025\\\/07\\\/logo.jpg\",\"width\":425,\"height\":424,\"caption\":\"Quantong Fastener\"},\"image\":{\"@id\":\"https:\\\/\\\/quantongfastener.com\\\/#\\\/schema\\\/logo\\\/image\\\/\"}}]}<\/script>\n<!-- \/ Yoast SEO plugin. -->","yoast_head_json":{"title":"Two Lug Self-Locking Nuts Screw Sleeve Nut Turn Buckle Muff Flat Round Nut - Quantong Fastener","robots":{"index":"index","follow":"follow","max-snippet":"max-snippet:-1","max-image-preview":"max-image-preview:large","max-video-preview":"max-video-preview:-1"},"canonical":"https:\/\/quantongfastener.com\/fr\/produit\/two-lug-self-locking-nuts-screw-sleeve-nut-turn-buckle-muff-flat-round-nut\/","og_locale":"fr_FR","og_type":"article","og_title":"Two Lug Self-Locking Nuts Screw Sleeve Nut Turn Buckle Muff Flat Round Nut - Quantong Fastener","og_description":"Min.Order Quantity:10000PCS  PACKAGING:BAG\/BOX WITH PALLET  PORT:TIANJIN\/QINGDAO\/SHANGHAI\/NINGBO  DELIVERY:5-30DAYS ON QTY  PAYMENT:T\/T\/LC  Supply Ability:500 TON PER MONTH  &nbsp;   FOB Price:US $0.5 - 9,999 \/ Piece  Min.Order Quantity:100 Piece\/Pieces  Supply Ability:10000 Piece\/Pieces per Month","og_url":"https:\/\/quantongfastener.com\/fr\/produit\/two-lug-self-locking-nuts-screw-sleeve-nut-turn-buckle-muff-flat-round-nut\/","og_site_name":"Quantong Fastener","og_image":[{"width":610,"height":610,"url":"https:\/\/quantongfastener.com\/wp-content\/uploads\/2025\/08\/Two-Lug-Self-Locking-Nuts-Screw-Sleeve-Nut-Turn-Buckle-Muff-Flat-Round-Nut-3.jpg","type":"image\/jpeg"}],"twitter_card":"summary_large_image","twitter_misc":{"Dur\u00e9e de lecture estim\u00e9e":"2 minutes"},"schema":{"@context":"https:\/\/schema.org","@graph":[{"@type":"WebPage","@id":"https:\/\/quantongfastener.com\/product\/two-lug-self-locking-nuts-screw-sleeve-nut-turn-buckle-muff-flat-round-nut\/","url":"https:\/\/quantongfastener.com\/product\/two-lug-self-locking-nuts-screw-sleeve-nut-turn-buckle-muff-flat-round-nut\/","name":"Two Lug Self-Locking Nuts Screw Sleeve Nut Turn Buckle Muff Flat Round Nut - Quantong Fastener","isPartOf":{"@id":"https:\/\/quantongfastener.com\/#website"},"primaryImageOfPage":{"@id":"https:\/\/quantongfastener.com\/product\/two-lug-self-locking-nuts-screw-sleeve-nut-turn-buckle-muff-flat-round-nut\/#primaryimage"},"image":{"@id":"https:\/\/quantongfastener.com\/product\/two-lug-self-locking-nuts-screw-sleeve-nut-turn-buckle-muff-flat-round-nut\/#primaryimage"},"thumbnailUrl":"https:\/\/quantongfastener.com\/wp-content\/uploads\/2025\/08\/Two-Lug-Self-Locking-Nuts-Screw-Sleeve-Nut-Turn-Buckle-Muff-Flat-Round-Nut-3.jpg","datePublished":"2025-08-06T00:00:55+00:00","breadcrumb":{"@id":"https:\/\/quantongfastener.com\/product\/two-lug-self-locking-nuts-screw-sleeve-nut-turn-buckle-muff-flat-round-nut\/#breadcrumb"},"inLanguage":"fr-FR","potentialAction":[{"@type":"ReadAction","target":["https:\/\/quantongfastener.com\/product\/two-lug-self-locking-nuts-screw-sleeve-nut-turn-buckle-muff-flat-round-nut\/"]}]},{"@type":"ImageObject","inLanguage":"fr-FR","@id":"https:\/\/quantongfastener.com\/product\/two-lug-self-locking-nuts-screw-sleeve-nut-turn-buckle-muff-flat-round-nut\/#primaryimage","url":"https:\/\/quantongfastener.com\/wp-content\/uploads\/2025\/08\/Two-Lug-Self-Locking-Nuts-Screw-Sleeve-Nut-Turn-Buckle-Muff-Flat-Round-Nut-3.jpg","contentUrl":"https:\/\/quantongfastener.com\/wp-content\/uploads\/2025\/08\/Two-Lug-Self-Locking-Nuts-Screw-Sleeve-Nut-Turn-Buckle-Muff-Flat-Round-Nut-3.jpg","width":610,"height":610},{"@type":"BreadcrumbList","@id":"https:\/\/quantongfastener.com\/product\/two-lug-self-locking-nuts-screw-sleeve-nut-turn-buckle-muff-flat-round-nut\/#breadcrumb","itemListElement":[{"@type":"ListItem","position":1,"name":"Home","item":"https:\/\/quantongfastener.com\/"},{"@type":"ListItem","position":2,"name":"Products","item":"https:\/\/quantongfastener.com\/products\/"},{"@type":"ListItem","position":3,"name":"Two Lug Self-Locking Nuts Screw Sleeve Nut Turn Buckle Muff Flat Round Nut"}]},{"@type":"WebSite","@id":"https:\/\/quantongfastener.com\/#website","url":"https:\/\/quantongfastener.com\/","name":"Attache Quantong","description":"","publisher":{"@id":"https:\/\/quantongfastener.com\/#organization"},"potentialAction":[{"@type":"SearchAction","target":{"@type":"EntryPoint","urlTemplate":"https:\/\/quantongfastener.com\/?s={search_term_string}"},"query-input":{"@type":"PropertyValueSpecification","valueRequired":true,"valueName":"search_term_string"}}],"inLanguage":"fr-FR"},{"@type":"Organization","@id":"https:\/\/quantongfastener.com\/#organization","name":"Attache Quantong","url":"https:\/\/quantongfastener.com\/","logo":{"@type":"ImageObject","inLanguage":"fr-FR","@id":"https:\/\/quantongfastener.com\/#\/schema\/logo\/image\/","url":"https:\/\/quantongfastener.com\/wp-content\/uploads\/2025\/07\/logo.jpg","contentUrl":"https:\/\/quantongfastener.com\/wp-content\/uploads\/2025\/07\/logo.jpg","width":425,"height":424,"caption":"Quantong Fastener"},"image":{"@id":"https:\/\/quantongfastener.com\/#\/schema\/logo\/image\/"}}]}},"_links":{"self":[{"href":"https:\/\/quantongfastener.com\/fr\/wp-json\/wp\/v2\/product\/1776","targetHints":{"allow":["GET"]}}],"collection":[{"href":"https:\/\/quantongfastener.com\/fr\/wp-json\/wp\/v2\/product"}],"about":[{"href":"https:\/\/quantongfastener.com\/fr\/wp-json\/wp\/v2\/types\/product"}],"wp:featuredmedia":[{"embeddable":true,"href":"https:\/\/quantongfastener.com\/fr\/wp-json\/wp\/v2\/media\/1781"}],"wp:attachment":[{"href":"https:\/\/quantongfastener.com\/fr\/wp-json\/wp\/v2\/media?parent=1776"}],"wp:term":[{"taxonomy":"product_brand","embeddable":true,"href":"https:\/\/quantongfastener.com\/fr\/wp-json\/wp\/v2\/product_brand?post=1776"},{"taxonomy":"product_cat","embeddable":true,"href":"https:\/\/quantongfastener.com\/fr\/wp-json\/wp\/v2\/product_cat?post=1776"},{"taxonomy":"product_tag","embeddable":true,"href":"https:\/\/quantongfastener.com\/fr\/wp-json\/wp\/v2\/product_tag?post=1776"}],"curies":[{"name":"wp","href":"https:\/\/api.w.org\/{rel}","templated":true}]}}