{"id":1666,"date":"2025-07-30T05:18:19","date_gmt":"2025-07-30T05:18:19","guid":{"rendered":"https:\/\/quantongfastener.com\/?post_type=product&#038;p=1666"},"modified":"2025-08-21T03:26:46","modified_gmt":"2025-08-21T03:26:46","slug":"din-7984-hex-socket-thin-head-cap-bolt","status":"publish","type":"product","link":"https:\/\/quantongfastener.com\/fr\/produit\/din-7984-hex-socket-thin-head-cap-bolt\/","title":{"rendered":"Din 7984 hex socket thin head cap bolt"},"content":{"rendered":"<div class=\"fl-row fl-row-full-width fl-row-bg-none fl-node-5e588ed3c1dfd\" data-node=\"5e588ed3c1dfd\">\n<div class=\"fl-row-content-wrap\">\n<div class=\"fl-row-content fl-row-full-width fl-node-content\">\n<div class=\"fl-col-group fl-node-5e58a70c70238\" data-node=\"5e58a70c70238\">\n<div class=\"fl-col fl-node-5e58a70c7049c\" data-node=\"5e58a70c7049c\">\n<div class=\"fl-col-content fl-node-content\">\n<div class=\"fl-module fl-module-rich-text fl-node-5e58a70c7007f\" data-node=\"5e58a70c7007f\" data-animation-delay=\"0.0\">\n<div class=\"fl-module-content fl-node-content\">\n<div class=\"fl-rich-text\">\n<div class=\"table_wrap\">\n<table border=\"1\" cellspacing=\"0\">\n<tbody>\n<tr>\n<td valign=\"top\" width=\"161\">Nom du produit<\/td>\n<td valign=\"top\" width=\"406\"><b>capuchon \u00e0 t\u00eate fine \u00e0 six pans creux\u00a0<\/b><b>boulon<\/b><\/td>\n<\/tr>\n<tr>\n<td valign=\"top\" width=\"161\">Taille<\/td>\n<td valign=\"top\" width=\"406\">M3-24<\/td>\n<\/tr>\n<tr>\n<td valign=\"top\" width=\"161\">Longueur<\/td>\n<td valign=\"top\" width=\"406\">5-100 mm ou selon les besoins<\/td>\n<\/tr>\n<tr>\n<td valign=\"top\" width=\"161\">Grade<\/td>\n<td valign=\"top\" width=\"406\">4.8\/8.8\/10.9\/12.9<\/td>\n<\/tr>\n<tr>\n<td valign=\"top\" width=\"161\">Mat\u00e9riau<\/td>\n<td valign=\"top\" width=\"406\">Steel\/35k\/45\/40Cr\/35Crmo<\/td>\n<\/tr>\n<tr>\n<td valign=\"top\" width=\"161\">Traitement de surface<\/td>\n<td valign=\"top\" width=\"406\">Normal\/Noir\/Zinc\/HDG<\/td>\n<\/tr>\n<tr>\n<td valign=\"top\" width=\"161\">Standard<\/td>\n<td valign=\"top\" width=\"406\">DIN\/ISO<\/td>\n<\/tr>\n<tr>\n<td valign=\"top\" width=\"161\">Certificat<\/td>\n<td valign=\"top\" width=\"406\">ISO 9001<\/td>\n<\/tr>\n<tr>\n<td valign=\"top\" width=\"161\">\u00c9chantillon<\/td>\n<td valign=\"top\" width=\"406\">\u00c9chantillons gratuits<\/td>\n<\/tr>\n<\/tbody>\n<\/table>\n<\/div>\n<\/div>\n<\/div>\n<\/div>\n<\/div>\n<\/div>\n<\/div>\n<\/div>\n<\/div>\n<\/div>\n<div class=\"fl-row fl-row-full-width fl-row-bg-none fl-node-5e58a7545e65e\" data-node=\"5e58a7545e65e\">\n<div class=\"fl-row-content-wrap\">\n<div class=\"fl-row-content fl-row-full-width fl-node-content\">\n<div class=\"fl-col-group fl-node-5e58a7546167b\" data-node=\"5e58a7546167b\">\n<div class=\"fl-col fl-node-5e58a754619c9\" data-node=\"5e58a754619c9\">\n<div class=\"fl-col-content fl-node-content\">\n<div class=\"fl-module fl-module-rich-text fl-node-5e58a76400902\" data-node=\"5e58a76400902\" data-animation-delay=\"0.0\">\n<div class=\"fl-module-content fl-node-content\">\n<div class=\"fl-rich-text\">\n<p><strong>Utilisation :<\/strong><\/p>\n<\/div>\n<\/div>\n<\/div>\n<\/div>\n<\/div>\n<\/div>\n<div class=\"fl-col-group fl-node-5e58a8753d295\" data-node=\"5e58a8753d295\">\n<div class=\"fl-col fl-node-5e58a8753d52f fl-col-has-cols\" data-node=\"5e58a8753d52f\">\n<div class=\"fl-col-content fl-node-content\">\n<div class=\"fl-module fl-module-rich-text fl-node-5e58a8753d0d9\" data-node=\"5e58a8753d0d9\" data-animation-delay=\"0.0\">\n<div class=\"fl-module-content fl-node-content\">\n<div class=\"fl-rich-text\">\n<p>Les vis \u00e0 six pans creux \u00e0 t\u00eate fine DIN7984 sont un type de vis \u00e0 trous. Les vis \u00e0 six pans creux \u00e0 t\u00eate fine sont g\u00e9n\u00e9ralement utilis\u00e9es dans les machines-outils, les \u00e9quipements chimiques, les pompes \u00e0 eau, les navires, les \u00e9quipements \u00e9lectriques et autres. Les vis \u00e0 six pans creux sont davantage utilis\u00e9es dans les \u00e9quipements d'exportation en Chine.<\/p>\n<\/div>\n<\/div>\n<\/div>\n<div class=\"fl-col-group fl-node-5e58a8a6b92c1 fl-col-group-nested\" data-node=\"5e58a8a6b92c1\">\n<div class=\"fl-col fl-node-5e58a8a6b9656 fl-col-small\" data-node=\"5e58a8a6b9656\">\n<div class=\"fl-col-content fl-node-content\">\n<div class=\"fl-module fl-module-rich-text fl-node-5e58a8ab1e588\" data-node=\"5e58a8ab1e588\" data-animation-delay=\"0.0\">\n<div class=\"fl-module-content fl-node-content\">\n<div class=\"fl-rich-text\">\n<p><img decoding=\"async\" class=\"alignnone size-full wp-image-1705\" src=\"https:\/\/www.cyfastener.com\/uploads\/7fbbce233.jpg\" alt=\"5\" \/><\/p>\n<\/div>\n<\/div>\n<\/div>\n<\/div>\n<\/div>\n<div class=\"fl-col fl-node-5e58a8a6b96a8 fl-col-small\" data-node=\"5e58a8a6b96a8\">\n<div class=\"fl-col-content fl-node-content\">\n<div class=\"fl-module fl-module-rich-text fl-node-5e58a8c77ec96\" data-node=\"5e58a8c77ec96\" data-animation-delay=\"0.0\">\n<div class=\"fl-module-content fl-node-content\">\n<div class=\"fl-rich-text\">\n<p><img decoding=\"async\" class=\"alignnone size-full wp-image-1705\" src=\"https:\/\/www.cyfastener.com\/uploads\/7e4b5ce23.jpg\" alt=\"5\" \/><\/p>\n<\/div>\n<\/div>\n<\/div>\n<\/div>\n<\/div>\n<\/div>\n<div class=\"fl-module fl-module-rich-text fl-node-5e58a93ca54df\" data-node=\"5e58a93ca54df\" data-animation-delay=\"0.0\">\n<div class=\"fl-module-content fl-node-content\">\n<div class=\"fl-rich-text\">\n<p>Les vis \u00e0 t\u00eate hexagonale \u00e0 six pans creux en acier au carbone sont g\u00e9n\u00e9ralement de qualit\u00e9 8.8 et 12.9.<\/p>\n<\/div>\n<\/div>\n<\/div>\n<\/div>\n<\/div>\n<\/div>\n<div class=\"fl-col-group fl-node-5e58a9585fa00\" data-node=\"5e58a9585fa00\">\n<div class=\"fl-col fl-node-5e58a9585fe2c fl-col-small\" data-node=\"5e58a9585fe2c\">\n<div class=\"fl-col-content fl-node-content\">\n<div class=\"fl-module fl-module-rich-text fl-node-5e58a96a0aa24\" data-node=\"5e58a96a0aa24\" data-animation-delay=\"0.0\">\n<div class=\"fl-module-content fl-node-content\">\n<div class=\"fl-rich-text\">\n<p><img decoding=\"async\" class=\"alignnone size-full wp-image-1704\" src=\"https:\/\/www.cyfastener.com\/uploads\/79a2f3e73.jpg\" alt=\"4\" \/><\/p>\n<\/div>\n<\/div>\n<\/div>\n<\/div>\n<\/div>\n<div class=\"fl-col fl-node-5e58a9585feb5 fl-col-small\" data-node=\"5e58a9585feb5\">\n<div class=\"fl-col-content fl-node-content\">\n<div class=\"fl-module fl-module-rich-text fl-node-5e58a98c683fa\" data-node=\"5e58a98c683fa\" data-animation-delay=\"0.0\">\n<div class=\"fl-module-content fl-node-content\">\n<div class=\"fl-rich-text\">\n<p><img decoding=\"async\" class=\"alignnone size-full wp-image-1704\" src=\"https:\/\/www.cyfastener.com\/uploads\/1c5a880f1.jpg\" alt=\"4\" \/><\/p>\n<\/div>\n<\/div>\n<\/div>\n<\/div>\n<\/div>\n<div class=\"fl-col fl-node-5e58a9585ff92 fl-col-small\" data-node=\"5e58a9585ff92\">\n<div class=\"fl-col-content fl-node-content\">\n<div class=\"fl-module fl-module-rich-text fl-node-5e58a98fde454\" data-node=\"5e58a98fde454\" data-animation-delay=\"0.0\">\n<div class=\"fl-module-content fl-node-content\">\n<div class=\"fl-rich-text\">\n<p><img decoding=\"async\" class=\"alignnone size-full wp-image-1704\" src=\"https:\/\/www.cyfastener.com\/uploads\/38a0b9232.jpg\" alt=\"4\" \/><\/p>\n<\/div>\n<\/div>\n<\/div>\n<\/div>\n<\/div>\n<\/div>\n<div class=\"fl-col-group fl-node-5e58a9cb116b2\" data-node=\"5e58a9cb116b2\">\n<div class=\"fl-col fl-node-5e58a9cb11aa1\" data-node=\"5e58a9cb11aa1\">\n<div class=\"fl-col-content fl-node-content\">\n<div class=\"fl-module fl-module-rich-text fl-node-5e58a9cf008b9\" data-node=\"5e58a9cf008b9\" data-animation-delay=\"0.0\">\n<div class=\"fl-module-content fl-node-content\">\n<div class=\"fl-rich-text\">\n<p>Les vis \u00e0 t\u00eate hexagonale \u00e0 six pans creux de grade 12.9 ne sont g\u00e9n\u00e9ralement pas plaqu\u00e9es afin d'\u00e9viter la fragilisation par l'hydrog\u00e8ne et les fissures ou fractures des produits apr\u00e8s plaquage.<\/p>\n<\/div>\n<\/div>\n<\/div>\n<\/div>\n<\/div>\n<\/div>\n<\/div>\n<\/div>\n<\/div>\n<div class=\"fl-row fl-row-full-width fl-row-bg-none fl-node-5e58a9e77f699\" data-node=\"5e58a9e77f699\">\n<div class=\"fl-row-content-wrap\">\n<div class=\"fl-row-content fl-row-full-width fl-node-content\">\n<div class=\"fl-col-group fl-node-5e58a9e783e29\" data-node=\"5e58a9e783e29\">\n<div class=\"fl-col fl-node-5e58a9e7841d0\" data-node=\"5e58a9e7841d0\">\n<div class=\"fl-col-content fl-node-content\">\n<div class=\"fl-module fl-module-rich-text fl-node-5e58a9f606533\" data-node=\"5e58a9f606533\" data-animation-delay=\"0.0\">\n<div class=\"fl-module-content fl-node-content\">\n<div class=\"fl-rich-text\">\n<p><strong>Avantages du produit :<\/strong><\/p>\n<\/div>\n<\/div>\n<\/div>\n<\/div>\n<\/div>\n<\/div>\n<div class=\"fl-col-group fl-node-5e58aad9ca52c\" data-node=\"5e58aad9ca52c\">\n<div class=\"fl-col fl-node-5e58aad9ca843\" data-node=\"5e58aad9ca843\">\n<div class=\"fl-col-content fl-node-content\">\n<div class=\"fl-module fl-module-rich-text fl-node-5e58aad9ca33d\" data-node=\"5e58aad9ca33d\" data-animation-delay=\"0.0\">\n<div class=\"fl-module-content fl-node-content\">\n<div class=\"fl-rich-text\">\n<ol>\n<li><strong>Usinage de pr\u00e9cision<\/strong><\/li>\n<\/ol>\n<p align=\"justify\">\u2606 Mesurer et traiter \u00e0 l'aide de machines-outils de pr\u00e9cision et d'outils de mesure dans des conditions environnementales strictement contr\u00f4l\u00e9es.<\/p>\n<ol>\n<li><strong>Acier au carbone de haute qualit\u00e9 (35#\/45#)<\/strong><\/li>\n<\/ol>\n<p align=\"justify\">\u2606 Longue dur\u00e9e de vie, faible production de chaleur, grande duret\u00e9, grande rigidit\u00e9, faible bruit, grande r\u00e9sistance \u00e0 l'usure et autres caract\u00e9ristiques.<\/p>\n<ol>\n<li><strong>Rentabilit\u00e9<\/strong><\/li>\n<\/ol>\n<p align=\"justify\">\u2606 L'utilisation d'acier au carbone de haute qualit\u00e9, apr\u00e8s un traitement et un formage de pr\u00e9cision, am\u00e9liore consid\u00e9rablement l'exp\u00e9rience de l'utilisateur.<\/p>\n<\/div>\n<\/div>\n<\/div>\n<\/div>\n<\/div>\n<\/div>\n<\/div>\n<\/div>\n<\/div>\n<div class=\"fl-row fl-row-full-width fl-row-bg-none fl-node-5e58aafc6e854\" data-node=\"5e58aafc6e854\">\n<div class=\"fl-row-content-wrap\">\n<div class=\"fl-row-content fl-row-full-width fl-node-content\">\n<div class=\"fl-col-group fl-node-5e58aafc74efd\" data-node=\"5e58aafc74efd\">\n<div class=\"fl-col fl-node-5e58aafc752c7\" data-node=\"5e58aafc752c7\">\n<div class=\"fl-col-content fl-node-content\">\n<div class=\"fl-module fl-module-rich-text fl-node-5e58ab0e07ee0\" data-node=\"5e58ab0e07ee0\" data-animation-delay=\"0.0\">\n<div class=\"fl-module-content fl-node-content\">\n<div class=\"fl-rich-text\">\n<p><strong>Traitement de surface :<\/strong><\/p>\n<\/div>\n<\/div>\n<\/div>\n<\/div>\n<\/div>\n<\/div>\n<div class=\"fl-col-group fl-node-5e58ab2f4a285\" data-node=\"5e58ab2f4a285\">\n<div class=\"fl-col fl-node-5e58ab2f4a691\" data-node=\"5e58ab2f4a691\">\n<div class=\"fl-col-content fl-node-content\">\n<div class=\"fl-module fl-module-rich-text fl-node-5e58ab2f49fc6\" data-node=\"5e58ab2f49fc6\" data-animation-delay=\"0.0\">\n<div class=\"fl-module-content fl-node-content\">\n<div class=\"fl-rich-text\">\n<ol>\n<li><strong>NOIR<\/strong><\/li>\n<\/ol>\n<p align=\"justify\">Le noir est une m\u00e9thode courante de traitement thermique des m\u00e9taux. Le principe est de cr\u00e9er un film d'oxyde sur la surface du m\u00e9tal pour isoler l'air et pr\u00e9venir la rouille. Le noircissement est une m\u00e9thode courante de traitement thermique des m\u00e9taux. Le principe consiste \u00e0 cr\u00e9er un film d'oxyde sur la surface du m\u00e9tal afin d'isoler l'air et de pr\u00e9venir la rouille.<\/p>\n<ol>\n<li><strong>ZINC<\/strong><\/li>\n<\/ol>\n<p align=\"justify\">\u2606 L'\u00e9lectro-galvanisation est une technologie traditionnelle de traitement des rev\u00eatements m\u00e9talliques qui conf\u00e8re aux surfaces m\u00e9talliques une r\u00e9sistance de base \u00e0 la corrosion. Les principaux avantages sont une bonne soudabilit\u00e9 et une r\u00e9sistance de contact adapt\u00e9e. En raison de ses bonnes propri\u00e9t\u00e9s de lubrification, le cadmiage est couramment utilis\u00e9 dans l'aviation, l'a\u00e9rospatiale, la marine et les produits radio et \u00e9lectroniques. La couche de placage prot\u00e8ge le substrat d'acier \u00e0 la fois contre la protection m\u00e9canique et chimique, de sorte que sa r\u00e9sistance \u00e0 la corrosion est bien meilleure que celle du placage de zinc.<\/p>\n<ol>\n<li><strong>HDG<\/strong><\/li>\n<\/ol>\n<p align=\"justify\">Les principaux avantages sont une bonne soudabilit\u00e9 et une r\u00e9sistance de contact appropri\u00e9e. En raison de ses bonnes propri\u00e9t\u00e9s de lubrification, le cadmiage est couramment utilis\u00e9 dans l'aviation, l'a\u00e9rospatiale, la marine et les produits radio et \u00e9lectroniques. La couche de placage prot\u00e8ge le substrat d'acier \u00e0 la fois contre la protection m\u00e9canique et chimique, de sorte que sa r\u00e9sistance \u00e0 la corrosion est bien meilleure que celle du zingage. Le zinc par immersion \u00e0 chaud pr\u00e9sente une bonne r\u00e9sistance \u00e0 la corrosion, une protection sacrificielle des substrats en acier, une grande r\u00e9sistance aux intemp\u00e9ries et \u00e0 l'\u00e9rosion par l'eau sal\u00e9e. Il convient aux usines chimiques, aux raffineries et aux plates-formes d'exploitation c\u00f4ti\u00e8res et offshore.<\/p>\n<\/div>\n<\/div>\n<\/div>\n<\/div>\n<\/div>\n<\/div>\n<\/div>\n<\/div>\n<\/div>\n<div class=\"fl-row fl-row-full-width fl-row-bg-none fl-node-5e58ab456a2da\" data-node=\"5e58ab456a2da\">\n<div class=\"fl-row-content-wrap\">\n<div class=\"fl-row-content fl-row-full-width fl-node-content\">\n<div class=\"fl-col-group fl-node-5e58ab457086f\" data-node=\"5e58ab457086f\">\n<div class=\"fl-col fl-node-5e58ab4570bee\" data-node=\"5e58ab4570bee\">\n<div class=\"fl-col-content fl-node-content\">\n<div class=\"fl-module fl-module-rich-text fl-node-5e58ab5533d96\" data-node=\"5e58ab5533d96\" data-animation-delay=\"0.0\">\n<div class=\"fl-module-content fl-node-content\">\n<div class=\"fl-rich-text\">\n<p><strong>Param\u00e8tre du produit :<\/strong><\/p>\n<\/div>\n<\/div>\n<\/div>\n<\/div>\n<\/div>\n<\/div>\n<div class=\"fl-col-group fl-node-5e58abb0493e8\" data-node=\"5e58abb0493e8\">\n<div class=\"fl-col fl-node-5e58abb0497a1\" data-node=\"5e58abb0497a1\">\n<div class=\"fl-col-content fl-node-content\">\n<div class=\"fl-module fl-module-rich-text fl-node-5e58abb0491b4\" data-node=\"5e58abb0491b4\" data-animation-delay=\"0.0\">\n<div class=\"fl-module-content fl-node-content\">\n<div class=\"fl-rich-text\">\n<p>NORME DIN 7984<\/p>\n<p><a href=\"http:\/\/k1688.quanqiusou.cn\/uploads\/0cfaa9d04.png\"><img decoding=\"async\" class=\"alignnone size-full wp-image-1708\" src=\"http:\/\/k1688.quanqiusou.cn\/uploads\/0cfaa9d04.png\" alt=\"cp1\" \/><\/a>\u00a0<a href=\"http:\/\/k1688.quanqiusou.cn\/uploads\/404434123.png\"><img decoding=\"async\" class=\"alignnone size-medium wp-image-1709\" src=\"http:\/\/k1688.quanqiusou.cn\/uploads\/404434123.png\" alt=\"cp2\" \/><\/a><\/p>\n<\/div>\n<\/div>\n<\/div>\n<\/div>\n<\/div>\n<\/div>\n<\/div>\n<\/div>\n<\/div>","protected":false},"excerpt":{"rendered":"<p>Quantit\u00e9 minimale de commande : 2 tonnes<\/p>\n<p>EMBALLAGE : SAC\/BO\u00ceTE AVEC PALETTE<\/p>\n<p>PORT:TIANJIN\/QINGDAO\/SHANGHAI\/NINGBO<\/p>\n<p>LIVRAISON : 5-30 JOURS SUR QTY<\/p>\n<p>PAIEMENT : T\/T\/LC<\/p>\n<p>Capacit\u00e9 d'approvisionnement : 500 TONNES PAR MOIS<\/p>\n<p>&nbsp;<\/p>\n<ul>\n<li><em>Prix FOB :<\/em>US $0.5 - 9 999 \/ Pi\u00e8ce<\/li>\n<li><em>Quantit\u00e9 minimale de commande :<\/em>100 pi\u00e8ces\/pi\u00e8ces<\/li>\n<li><em>Capacit\u00e9 d'approvisionnement :<\/em>10000 pi\u00e8ces par mois<\/li>\n<\/ul>","protected":false},"featured_media":1672,"template":"","meta":{"_kad_post_transparent":"default","_kad_post_title":"","_kad_post_layout":"default","_kad_post_sidebar_id":"","_kad_post_content_style":"default","_kad_post_vertical_padding":"default","_kad_post_feature":"","_kad_post_feature_position":"","_kad_post_header":false,"_kad_post_footer":false},"product_brand":[],"product_cat":[28,41],"product_tag":[],"class_list":{"0":"post-1666","1":"product","2":"type-product","3":"status-publish","4":"has-post-thumbnail","6":"product_cat-bolt","7":"product_cat-din-7984-hex-socket-head-cap-boit-with-low-head","9":"first","10":"instock","11":"shipping-taxable","12":"product-type-simple","13":"entry","14":"content-bg","15":"loop-entry"},"yoast_head":"<!-- This site is optimized with the Yoast SEO plugin v27.4 - https:\/\/yoast.com\/product\/yoast-seo-wordpress\/ -->\n<title>Din\u20027984\u2002hex socket thin head cap bolt\u2002 - Quantong Fastener<\/title>\n<meta name=\"robots\" content=\"index, follow, max-snippet:-1, max-image-preview:large, max-video-preview:-1\" \/>\n<link rel=\"canonical\" href=\"https:\/\/quantongfastener.com\/fr\/produit\/din-7984-hex-socket-thin-head-cap-bolt\/\" \/>\n<meta property=\"og:locale\" content=\"fr_FR\" \/>\n<meta property=\"og:type\" content=\"article\" \/>\n<meta property=\"og:title\" content=\"Din\u20027984\u2002hex socket thin head cap bolt\u2002 - Quantong Fastener\" \/>\n<meta property=\"og:description\" content=\"Min.Order Quantity:2TONS  PACKAGING:BAG\/BOX WITH PALLET  PORT:TIANJIN\/QINGDAO\/SHANGHAI\/NINGBO  DELIVERY:5-30DAYS ON QTY  PAYMENT:T\/T\/LC  Supply Ability:500 TON PER MONTH  &nbsp;   FOB Price:US $0.5 - 9,999 \/ Piece  Min.Order Quantity:100 Piece\/Pieces  Supply Ability:10000 Piece\/Pieces per Month\" \/>\n<meta property=\"og:url\" content=\"https:\/\/quantongfastener.com\/fr\/produit\/din-7984-hex-socket-thin-head-cap-bolt\/\" \/>\n<meta property=\"og:site_name\" content=\"Quantong Fastener\" \/>\n<meta property=\"article:modified_time\" content=\"2025-08-21T03:26:46+00:00\" \/>\n<meta property=\"og:image\" content=\"https:\/\/quantongfastener.com\/wp-content\/uploads\/2025\/07\/Din-7984-hex-socket-thin-head-cap-bolt.jpg\" \/>\n\t<meta property=\"og:image:width\" content=\"610\" \/>\n\t<meta property=\"og:image:height\" content=\"610\" \/>\n\t<meta property=\"og:image:type\" content=\"image\/jpeg\" \/>\n<meta name=\"twitter:card\" content=\"summary_large_image\" \/>\n<meta name=\"twitter:label1\" content=\"Dur\u00e9e de lecture estim\u00e9e\" \/>\n\t<meta name=\"twitter:data1\" content=\"4 minutes\" \/>\n<script type=\"application\/ld+json\" class=\"yoast-schema-graph\">{\"@context\":\"https:\\\/\\\/schema.org\",\"@graph\":[{\"@type\":\"WebPage\",\"@id\":\"https:\\\/\\\/quantongfastener.com\\\/product\\\/din-7984-hex-socket-thin-head-cap-bolt\\\/\",\"url\":\"https:\\\/\\\/quantongfastener.com\\\/product\\\/din-7984-hex-socket-thin-head-cap-bolt\\\/\",\"name\":\"Din\u20027984\u2002hex socket thin head cap bolt\u2002 - Quantong Fastener\",\"isPartOf\":{\"@id\":\"https:\\\/\\\/quantongfastener.com\\\/#website\"},\"primaryImageOfPage\":{\"@id\":\"https:\\\/\\\/quantongfastener.com\\\/product\\\/din-7984-hex-socket-thin-head-cap-bolt\\\/#primaryimage\"},\"image\":{\"@id\":\"https:\\\/\\\/quantongfastener.com\\\/product\\\/din-7984-hex-socket-thin-head-cap-bolt\\\/#primaryimage\"},\"thumbnailUrl\":\"https:\\\/\\\/quantongfastener.com\\\/wp-content\\\/uploads\\\/2025\\\/07\\\/Din-7984-hex-socket-thin-head-cap-bolt.jpg\",\"datePublished\":\"2025-07-30T05:18:19+00:00\",\"dateModified\":\"2025-08-21T03:26:46+00:00\",\"breadcrumb\":{\"@id\":\"https:\\\/\\\/quantongfastener.com\\\/product\\\/din-7984-hex-socket-thin-head-cap-bolt\\\/#breadcrumb\"},\"inLanguage\":\"fr-FR\",\"potentialAction\":[{\"@type\":\"ReadAction\",\"target\":[\"https:\\\/\\\/quantongfastener.com\\\/product\\\/din-7984-hex-socket-thin-head-cap-bolt\\\/\"]}]},{\"@type\":\"ImageObject\",\"inLanguage\":\"fr-FR\",\"@id\":\"https:\\\/\\\/quantongfastener.com\\\/product\\\/din-7984-hex-socket-thin-head-cap-bolt\\\/#primaryimage\",\"url\":\"https:\\\/\\\/quantongfastener.com\\\/wp-content\\\/uploads\\\/2025\\\/07\\\/Din-7984-hex-socket-thin-head-cap-bolt.jpg\",\"contentUrl\":\"https:\\\/\\\/quantongfastener.com\\\/wp-content\\\/uploads\\\/2025\\\/07\\\/Din-7984-hex-socket-thin-head-cap-bolt.jpg\",\"width\":610,\"height\":610},{\"@type\":\"BreadcrumbList\",\"@id\":\"https:\\\/\\\/quantongfastener.com\\\/product\\\/din-7984-hex-socket-thin-head-cap-bolt\\\/#breadcrumb\",\"itemListElement\":[{\"@type\":\"ListItem\",\"position\":1,\"name\":\"Home\",\"item\":\"https:\\\/\\\/quantongfastener.com\\\/\"},{\"@type\":\"ListItem\",\"position\":2,\"name\":\"Products\",\"item\":\"https:\\\/\\\/quantongfastener.com\\\/products\\\/\"},{\"@type\":\"ListItem\",\"position\":3,\"name\":\"Din\u20027984\u2002hex socket thin head cap bolt\u2002\"}]},{\"@type\":\"WebSite\",\"@id\":\"https:\\\/\\\/quantongfastener.com\\\/#website\",\"url\":\"https:\\\/\\\/quantongfastener.com\\\/\",\"name\":\"Quantong Fastener\",\"description\":\"\",\"publisher\":{\"@id\":\"https:\\\/\\\/quantongfastener.com\\\/#organization\"},\"potentialAction\":[{\"@type\":\"SearchAction\",\"target\":{\"@type\":\"EntryPoint\",\"urlTemplate\":\"https:\\\/\\\/quantongfastener.com\\\/?s={search_term_string}\"},\"query-input\":{\"@type\":\"PropertyValueSpecification\",\"valueRequired\":true,\"valueName\":\"search_term_string\"}}],\"inLanguage\":\"fr-FR\"},{\"@type\":\"Organization\",\"@id\":\"https:\\\/\\\/quantongfastener.com\\\/#organization\",\"name\":\"Quantong Fastener\",\"url\":\"https:\\\/\\\/quantongfastener.com\\\/\",\"logo\":{\"@type\":\"ImageObject\",\"inLanguage\":\"fr-FR\",\"@id\":\"https:\\\/\\\/quantongfastener.com\\\/#\\\/schema\\\/logo\\\/image\\\/\",\"url\":\"https:\\\/\\\/quantongfastener.com\\\/wp-content\\\/uploads\\\/2025\\\/07\\\/logo.jpg\",\"contentUrl\":\"https:\\\/\\\/quantongfastener.com\\\/wp-content\\\/uploads\\\/2025\\\/07\\\/logo.jpg\",\"width\":425,\"height\":424,\"caption\":\"Quantong Fastener\"},\"image\":{\"@id\":\"https:\\\/\\\/quantongfastener.com\\\/#\\\/schema\\\/logo\\\/image\\\/\"}}]}<\/script>\n<!-- \/ Yoast SEO plugin. -->","yoast_head_json":{"title":"Din\u20027984\u2002hex socket thin head cap bolt\u2002 - Quantong Fastener","robots":{"index":"index","follow":"follow","max-snippet":"max-snippet:-1","max-image-preview":"max-image-preview:large","max-video-preview":"max-video-preview:-1"},"canonical":"https:\/\/quantongfastener.com\/fr\/produit\/din-7984-hex-socket-thin-head-cap-bolt\/","og_locale":"fr_FR","og_type":"article","og_title":"Din\u20027984\u2002hex socket thin head cap bolt\u2002 - Quantong Fastener","og_description":"Min.Order Quantity:2TONS  PACKAGING:BAG\/BOX WITH PALLET  PORT:TIANJIN\/QINGDAO\/SHANGHAI\/NINGBO  DELIVERY:5-30DAYS ON QTY  PAYMENT:T\/T\/LC  Supply Ability:500 TON PER MONTH  &nbsp;   FOB Price:US $0.5 - 9,999 \/ Piece  Min.Order Quantity:100 Piece\/Pieces  Supply Ability:10000 Piece\/Pieces per Month","og_url":"https:\/\/quantongfastener.com\/fr\/produit\/din-7984-hex-socket-thin-head-cap-bolt\/","og_site_name":"Quantong Fastener","article_modified_time":"2025-08-21T03:26:46+00:00","og_image":[{"width":610,"height":610,"url":"https:\/\/quantongfastener.com\/wp-content\/uploads\/2025\/07\/Din-7984-hex-socket-thin-head-cap-bolt.jpg","type":"image\/jpeg"}],"twitter_card":"summary_large_image","twitter_misc":{"Dur\u00e9e de lecture estim\u00e9e":"4 minutes"},"schema":{"@context":"https:\/\/schema.org","@graph":[{"@type":"WebPage","@id":"https:\/\/quantongfastener.com\/product\/din-7984-hex-socket-thin-head-cap-bolt\/","url":"https:\/\/quantongfastener.com\/product\/din-7984-hex-socket-thin-head-cap-bolt\/","name":"Din\u20027984\u2002hex socket thin head cap bolt\u2002 - Quantong Fastener","isPartOf":{"@id":"https:\/\/quantongfastener.com\/#website"},"primaryImageOfPage":{"@id":"https:\/\/quantongfastener.com\/product\/din-7984-hex-socket-thin-head-cap-bolt\/#primaryimage"},"image":{"@id":"https:\/\/quantongfastener.com\/product\/din-7984-hex-socket-thin-head-cap-bolt\/#primaryimage"},"thumbnailUrl":"https:\/\/quantongfastener.com\/wp-content\/uploads\/2025\/07\/Din-7984-hex-socket-thin-head-cap-bolt.jpg","datePublished":"2025-07-30T05:18:19+00:00","dateModified":"2025-08-21T03:26:46+00:00","breadcrumb":{"@id":"https:\/\/quantongfastener.com\/product\/din-7984-hex-socket-thin-head-cap-bolt\/#breadcrumb"},"inLanguage":"fr-FR","potentialAction":[{"@type":"ReadAction","target":["https:\/\/quantongfastener.com\/product\/din-7984-hex-socket-thin-head-cap-bolt\/"]}]},{"@type":"ImageObject","inLanguage":"fr-FR","@id":"https:\/\/quantongfastener.com\/product\/din-7984-hex-socket-thin-head-cap-bolt\/#primaryimage","url":"https:\/\/quantongfastener.com\/wp-content\/uploads\/2025\/07\/Din-7984-hex-socket-thin-head-cap-bolt.jpg","contentUrl":"https:\/\/quantongfastener.com\/wp-content\/uploads\/2025\/07\/Din-7984-hex-socket-thin-head-cap-bolt.jpg","width":610,"height":610},{"@type":"BreadcrumbList","@id":"https:\/\/quantongfastener.com\/product\/din-7984-hex-socket-thin-head-cap-bolt\/#breadcrumb","itemListElement":[{"@type":"ListItem","position":1,"name":"Home","item":"https:\/\/quantongfastener.com\/"},{"@type":"ListItem","position":2,"name":"Products","item":"https:\/\/quantongfastener.com\/products\/"},{"@type":"ListItem","position":3,"name":"Din\u20027984\u2002hex socket thin head cap bolt\u2002"}]},{"@type":"WebSite","@id":"https:\/\/quantongfastener.com\/#website","url":"https:\/\/quantongfastener.com\/","name":"Attache Quantong","description":"","publisher":{"@id":"https:\/\/quantongfastener.com\/#organization"},"potentialAction":[{"@type":"SearchAction","target":{"@type":"EntryPoint","urlTemplate":"https:\/\/quantongfastener.com\/?s={search_term_string}"},"query-input":{"@type":"PropertyValueSpecification","valueRequired":true,"valueName":"search_term_string"}}],"inLanguage":"fr-FR"},{"@type":"Organization","@id":"https:\/\/quantongfastener.com\/#organization","name":"Attache Quantong","url":"https:\/\/quantongfastener.com\/","logo":{"@type":"ImageObject","inLanguage":"fr-FR","@id":"https:\/\/quantongfastener.com\/#\/schema\/logo\/image\/","url":"https:\/\/quantongfastener.com\/wp-content\/uploads\/2025\/07\/logo.jpg","contentUrl":"https:\/\/quantongfastener.com\/wp-content\/uploads\/2025\/07\/logo.jpg","width":425,"height":424,"caption":"Quantong Fastener"},"image":{"@id":"https:\/\/quantongfastener.com\/#\/schema\/logo\/image\/"}}]}},"_links":{"self":[{"href":"https:\/\/quantongfastener.com\/fr\/wp-json\/wp\/v2\/product\/1666","targetHints":{"allow":["GET"]}}],"collection":[{"href":"https:\/\/quantongfastener.com\/fr\/wp-json\/wp\/v2\/product"}],"about":[{"href":"https:\/\/quantongfastener.com\/fr\/wp-json\/wp\/v2\/types\/product"}],"wp:featuredmedia":[{"embeddable":true,"href":"https:\/\/quantongfastener.com\/fr\/wp-json\/wp\/v2\/media\/1672"}],"wp:attachment":[{"href":"https:\/\/quantongfastener.com\/fr\/wp-json\/wp\/v2\/media?parent=1666"}],"wp:term":[{"taxonomy":"product_brand","embeddable":true,"href":"https:\/\/quantongfastener.com\/fr\/wp-json\/wp\/v2\/product_brand?post=1666"},{"taxonomy":"product_cat","embeddable":true,"href":"https:\/\/quantongfastener.com\/fr\/wp-json\/wp\/v2\/product_cat?post=1666"},{"taxonomy":"product_tag","embeddable":true,"href":"https:\/\/quantongfastener.com\/fr\/wp-json\/wp\/v2\/product_tag?post=1666"}],"curies":[{"name":"wp","href":"https:\/\/api.w.org\/{rel}","templated":true}]}}