{"id":1590,"date":"2025-07-29T16:08:08","date_gmt":"2025-07-29T16:08:08","guid":{"rendered":"https:\/\/quantongfastener.com\/?post_type=product&#038;p=1590"},"modified":"2025-07-29T16:08:08","modified_gmt":"2025-07-29T16:08:08","slug":"double-threaded-self-tapping-wood-screw-double-end-screws-hanger-bolt","status":"publish","type":"product","link":"https:\/\/quantongfastener.com\/fr\/produit\/double-threaded-self-tapping-wood-screw-double-end-screws-hanger-bolt\/","title":{"rendered":"Vis \u00e0 bois autotaraudeuse \u00e0 double filetage Vis \u00e0 double extr\u00e9mit\u00e9 Boulon de suspension"},"content":{"rendered":"<p><strong>Description du produit :<\/strong><\/p>\n<p><img fetchpriority=\"high\" decoding=\"async\" class=\"alignnone size-full wp-image-1596\" src=\"https:\/\/quantongfastener.com\/wp-content\/uploads\/2025\/07\/Double-Threaded-Self-Tapping-Wood-Screw-Double-End-Screws-Hanger-Bolt.jpg\" alt=\"\" width=\"610\" height=\"610\" srcset=\"https:\/\/quantongfastener.com\/wp-content\/uploads\/2025\/07\/Double-Threaded-Self-Tapping-Wood-Screw-Double-End-Screws-Hanger-Bolt.jpg 610w, https:\/\/quantongfastener.com\/wp-content\/uploads\/2025\/07\/Double-Threaded-Self-Tapping-Wood-Screw-Double-End-Screws-Hanger-Bolt-300x300.jpg 300w, https:\/\/quantongfastener.com\/wp-content\/uploads\/2025\/07\/Double-Threaded-Self-Tapping-Wood-Screw-Double-End-Screws-Hanger-Bolt-150x150.jpg 150w, https:\/\/quantongfastener.com\/wp-content\/uploads\/2025\/07\/Double-Threaded-Self-Tapping-Wood-Screw-Double-End-Screws-Hanger-Bolt-12x12.jpg 12w, https:\/\/quantongfastener.com\/wp-content\/uploads\/2025\/07\/Double-Threaded-Self-Tapping-Wood-Screw-Double-End-Screws-Hanger-Bolt-600x600.jpg 600w, https:\/\/quantongfastener.com\/wp-content\/uploads\/2025\/07\/Double-Threaded-Self-Tapping-Wood-Screw-Double-End-Screws-Hanger-Bolt-100x100.jpg 100w\" sizes=\"(max-width: 610px) 100vw, 610px\" \/><\/p>\n<p><img decoding=\"async\" class=\"alignnone size-full wp-image-1595\" src=\"https:\/\/quantongfastener.com\/wp-content\/uploads\/2025\/07\/Double-Threaded-Self-Tapping-Wood-Screw-Double-End-Screws-Hanger-Bolt-5.jpg\" alt=\"\" width=\"610\" height=\"610\" srcset=\"https:\/\/quantongfastener.com\/wp-content\/uploads\/2025\/07\/Double-Threaded-Self-Tapping-Wood-Screw-Double-End-Screws-Hanger-Bolt-5.jpg 610w, https:\/\/quantongfastener.com\/wp-content\/uploads\/2025\/07\/Double-Threaded-Self-Tapping-Wood-Screw-Double-End-Screws-Hanger-Bolt-5-300x300.jpg 300w, https:\/\/quantongfastener.com\/wp-content\/uploads\/2025\/07\/Double-Threaded-Self-Tapping-Wood-Screw-Double-End-Screws-Hanger-Bolt-5-150x150.jpg 150w, https:\/\/quantongfastener.com\/wp-content\/uploads\/2025\/07\/Double-Threaded-Self-Tapping-Wood-Screw-Double-End-Screws-Hanger-Bolt-5-12x12.jpg 12w, https:\/\/quantongfastener.com\/wp-content\/uploads\/2025\/07\/Double-Threaded-Self-Tapping-Wood-Screw-Double-End-Screws-Hanger-Bolt-5-600x600.jpg 600w, https:\/\/quantongfastener.com\/wp-content\/uploads\/2025\/07\/Double-Threaded-Self-Tapping-Wood-Screw-Double-End-Screws-Hanger-Bolt-5-100x100.jpg 100w\" sizes=\"(max-width: 610px) 100vw, 610px\" \/><\/p>\n<p><img decoding=\"async\" class=\"alignnone size-full wp-image-1594\" src=\"https:\/\/quantongfastener.com\/wp-content\/uploads\/2025\/07\/Double-Threaded-Self-Tapping-Wood-Screw-Double-End-Screws-Hanger-Bolt-4.jpg\" alt=\"\" width=\"610\" height=\"610\" srcset=\"https:\/\/quantongfastener.com\/wp-content\/uploads\/2025\/07\/Double-Threaded-Self-Tapping-Wood-Screw-Double-End-Screws-Hanger-Bolt-4.jpg 610w, https:\/\/quantongfastener.com\/wp-content\/uploads\/2025\/07\/Double-Threaded-Self-Tapping-Wood-Screw-Double-End-Screws-Hanger-Bolt-4-300x300.jpg 300w, https:\/\/quantongfastener.com\/wp-content\/uploads\/2025\/07\/Double-Threaded-Self-Tapping-Wood-Screw-Double-End-Screws-Hanger-Bolt-4-150x150.jpg 150w, https:\/\/quantongfastener.com\/wp-content\/uploads\/2025\/07\/Double-Threaded-Self-Tapping-Wood-Screw-Double-End-Screws-Hanger-Bolt-4-12x12.jpg 12w, https:\/\/quantongfastener.com\/wp-content\/uploads\/2025\/07\/Double-Threaded-Self-Tapping-Wood-Screw-Double-End-Screws-Hanger-Bolt-4-600x600.jpg 600w, https:\/\/quantongfastener.com\/wp-content\/uploads\/2025\/07\/Double-Threaded-Self-Tapping-Wood-Screw-Double-End-Screws-Hanger-Bolt-4-100x100.jpg 100w\" sizes=\"(max-width: 610px) 100vw, 610px\" \/><\/p>\n<p><img loading=\"lazy\" decoding=\"async\" class=\"alignnone size-full wp-image-1593\" src=\"https:\/\/quantongfastener.com\/wp-content\/uploads\/2025\/07\/Double-Threaded-Self-Tapping-Wood-Screw-Double-End-Screws-Hanger-Bolt-3.jpg\" alt=\"\" width=\"610\" height=\"610\" srcset=\"https:\/\/quantongfastener.com\/wp-content\/uploads\/2025\/07\/Double-Threaded-Self-Tapping-Wood-Screw-Double-End-Screws-Hanger-Bolt-3.jpg 610w, https:\/\/quantongfastener.com\/wp-content\/uploads\/2025\/07\/Double-Threaded-Self-Tapping-Wood-Screw-Double-End-Screws-Hanger-Bolt-3-300x300.jpg 300w, https:\/\/quantongfastener.com\/wp-content\/uploads\/2025\/07\/Double-Threaded-Self-Tapping-Wood-Screw-Double-End-Screws-Hanger-Bolt-3-150x150.jpg 150w, https:\/\/quantongfastener.com\/wp-content\/uploads\/2025\/07\/Double-Threaded-Self-Tapping-Wood-Screw-Double-End-Screws-Hanger-Bolt-3-12x12.jpg 12w, https:\/\/quantongfastener.com\/wp-content\/uploads\/2025\/07\/Double-Threaded-Self-Tapping-Wood-Screw-Double-End-Screws-Hanger-Bolt-3-600x600.jpg 600w, https:\/\/quantongfastener.com\/wp-content\/uploads\/2025\/07\/Double-Threaded-Self-Tapping-Wood-Screw-Double-End-Screws-Hanger-Bolt-3-100x100.jpg 100w\" sizes=\"(max-width: 610px) 100vw, 610px\" \/><\/p>\n<p><img loading=\"lazy\" decoding=\"async\" class=\"alignnone size-full wp-image-1592\" src=\"https:\/\/quantongfastener.com\/wp-content\/uploads\/2025\/07\/Double-Threaded-Self-Tapping-Wood-Screw-Double-End-Screws-Hanger-Bolt-2.jpg\" alt=\"\" width=\"610\" height=\"610\" srcset=\"https:\/\/quantongfastener.com\/wp-content\/uploads\/2025\/07\/Double-Threaded-Self-Tapping-Wood-Screw-Double-End-Screws-Hanger-Bolt-2.jpg 610w, https:\/\/quantongfastener.com\/wp-content\/uploads\/2025\/07\/Double-Threaded-Self-Tapping-Wood-Screw-Double-End-Screws-Hanger-Bolt-2-300x300.jpg 300w, https:\/\/quantongfastener.com\/wp-content\/uploads\/2025\/07\/Double-Threaded-Self-Tapping-Wood-Screw-Double-End-Screws-Hanger-Bolt-2-150x150.jpg 150w, https:\/\/quantongfastener.com\/wp-content\/uploads\/2025\/07\/Double-Threaded-Self-Tapping-Wood-Screw-Double-End-Screws-Hanger-Bolt-2-12x12.jpg 12w, https:\/\/quantongfastener.com\/wp-content\/uploads\/2025\/07\/Double-Threaded-Self-Tapping-Wood-Screw-Double-End-Screws-Hanger-Bolt-2-600x600.jpg 600w, https:\/\/quantongfastener.com\/wp-content\/uploads\/2025\/07\/Double-Threaded-Self-Tapping-Wood-Screw-Double-End-Screws-Hanger-Bolt-2-100x100.jpg 100w\" sizes=\"(max-width: 610px) 100vw, 610px\" \/><\/p>\n<div class=\"table_wrap\">\n<table>\n<tbody>\n<tr align=\"left\">\n<td valign=\"bottom\">Nom<\/td>\n<td valign=\"bottom\">Boulons de suspension \u00e0 double t\u00eate zingu\u00e9s fabriqu\u00e9s en Chine<\/td>\n<\/tr>\n<tr align=\"left\">\n<td valign=\"bottom\">Mat\u00e9riaux disponibles<\/td>\n<td valign=\"bottom\">Acier, acier inoxydable<\/td>\n<\/tr>\n<tr align=\"left\">\n<td valign=\"bottom\">\u00c9chantillon<\/td>\n<td valign=\"bottom\">Nous pouvons fournir un \u00e9chantillon gratuit, si l'\u00e9chantillon est en stock.<\/td>\n<\/tr>\n<tr align=\"left\">\n<td valign=\"bottom\">Tol\u00e9rance :<\/td>\n<td valign=\"bottom\">\u00a0\u00b10,1 mm<\/td>\n<\/tr>\n<tr align=\"left\">\n<td valign=\"bottom\">Taille<\/td>\n<td valign=\"bottom\">M3 \u00e0 M10 ou sur mesure.<\/td>\n<\/tr>\n<tr align=\"left\">\n<td valign=\"bottom\">Format du dessin<\/td>\n<td valign=\"bottom\">PDF\/JPG\/DWG\/IGES\/STP\/Solidworks\/UG\/ etc.<\/td>\n<\/tr>\n<tr align=\"left\">\n<td valign=\"middle\">Equipement<\/td>\n<td valign=\"bottom\">Machine d'usinage CNC, tour CNC, poin\u00e7onneuse, rectifieuse, d\u00e9coupe par fil, \u00e9lectro\u00e9rosion, visseuse, projecteur, MMT, etc.<\/td>\n<\/tr>\n<tr align=\"left\">\n<td valign=\"bottom\">Capacit\u00e9 :<\/td>\n<td valign=\"bottom\">300 000 pi\u00e8ces par semaine<\/td>\n<\/tr>\n<tr align=\"left\">\n<td valign=\"bottom\">MOQ :<\/td>\n<td valign=\"bottom\">1pcs<\/td>\n<\/tr>\n<tr align=\"left\">\n<td valign=\"bottom\">Syst\u00e8me de contr\u00f4le de qualit\u00e9 :<\/td>\n<td valign=\"bottom\">100% inspection avant exp\u00e9dition<\/td>\n<\/tr>\n<tr align=\"left\">\n<td valign=\"bottom\">D\u00e9lai de paiement<\/td>\n<td valign=\"bottom\">T\/T, Western Union, PayPal<\/td>\n<\/tr>\n<tr align=\"left\">\n<td valign=\"center\">Traitement de surface<\/td>\n<td valign=\"center\">Anodisation, zinc\/chrome\/nickel\/argent\/placage d'or, etc.<\/td>\n<\/tr>\n<tr align=\"left\" valign=\"middle\">\n<td rowspan=\"4\" valign=\"middle\">Conditions d'exp\u00e9dition :<\/td>\n<td valign=\"bottom\">1) Par courrier express (DHL, UPS, TNT, FedEx)<\/td>\n<\/tr>\n<tr align=\"left\">\n<td valign=\"bottom\">2) Par avion<\/td>\n<\/tr>\n<tr align=\"left\">\n<td valign=\"bottom\">3) Par voie maritime<\/td>\n<\/tr>\n<tr align=\"left\">\n<td valign=\"bottom\">\n<p data-spm-anchor-id=\"a2700.details.0.i25.63453d33fS3YDm\">4) Selon des sp\u00e9cifications personnalis\u00e9es<\/p>\n<\/td>\n<\/tr>\n<\/tbody>\n<\/table>\n<\/div>\n<p><strong>Avantages du produit :<\/strong><\/p>\n<ol>\n<li><strong>Usinage de pr\u00e9cision<\/strong><\/li>\n<\/ol>\n<p align=\"justify\">\u2606 Mesurer et traiter \u00e0 l'aide de machines-outils de pr\u00e9cision et d'outils de mesure dans des conditions environnementales strictement contr\u00f4l\u00e9es.<\/p>\n<ol>\n<li><strong>Acier au carbone de haute qualit\u00e9 (35#\/45#)<\/strong><\/li>\n<\/ol>\n<p align=\"justify\">\u2606 Longue dur\u00e9e de vie, faible production de chaleur, grande duret\u00e9, grande rigidit\u00e9, faible bruit, grande r\u00e9sistance \u00e0 l'usure et autres caract\u00e9ristiques.<\/p>\n<ol>\n<li><strong>Rentabilit\u00e9<\/strong><\/li>\n<\/ol>\n<p align=\"justify\">\u2606 L'utilisation d'acier au carbone de haute qualit\u00e9, apr\u00e8s un traitement et un formage de pr\u00e9cision, am\u00e9liore consid\u00e9rablement l'exp\u00e9rience de l'utilisateur.<\/p>\n<p><strong>NOTRE PAQUET :<\/strong><\/p>\n<p align=\"justify\">1. Sacs de 25 kg ou de 50 kg.<br \/>\n2. sacs avec palette.<br \/>\n3. Cartons de 25 kg ou cartons avec palette.<br \/>\n4. Emballage selon la demande du client<\/p>","protected":false},"excerpt":{"rendered":"<p>PRIX EXW : 720USD-910USD\/TONNE<br \/>\nQuantit\u00e9 minimale de commande : 2 tonnes<br \/>\nEMBALLAGE : SAC\/BO\u00ceTE AVEC PALETTE<br \/>\nPORT:TIANJIN\/QINGDAO\/SHANGHAI\/NINGBO<br \/>\nLIVRAISON : 5-30 JOURS SUR QTY<br \/>\nPAIEMENT : T\/T\/LC<br \/>\nCapacit\u00e9 d'approvisionnement : 600 TONNES PAR MOIS<\/p>\n<p>&nbsp;<\/p>\n<ul>\n<li><em>Prix FOB :<\/em>US $0.5 - 9 999 \/ Pi\u00e8ce<\/li>\n<li><em>Quantit\u00e9 minimale de commande :<\/em>100 pi\u00e8ces\/pi\u00e8ces<\/li>\n<li><em>Capacit\u00e9 d'approvisionnement :<\/em>10000 pi\u00e8ces par mois<\/li>\n<\/ul>","protected":false},"featured_media":1593,"template":"","meta":{"_kad_post_transparent":"default","_kad_post_title":"","_kad_post_layout":"default","_kad_post_sidebar_id":"","_kad_post_content_style":"default","_kad_post_vertical_padding":"default","_kad_post_feature":"","_kad_post_feature_position":"","_kad_post_header":false,"_kad_post_footer":false},"product_brand":[],"product_cat":[28],"product_tag":[],"class_list":{"0":"post-1590","1":"product","2":"type-product","3":"status-publish","4":"has-post-thumbnail","6":"product_cat-bolt","8":"first","9":"instock","10":"shipping-taxable","11":"product-type-simple","12":"entry","13":"content-bg","14":"loop-entry"},"yoast_head":"<!-- This site is optimized with the Yoast SEO plugin v27.4 - https:\/\/yoast.com\/product\/yoast-seo-wordpress\/ -->\n<title>Double Threaded Self Tapping Wood Screw Double End Screws Hanger Bolt - Quantong Fastener<\/title>\n<meta name=\"robots\" content=\"index, follow, max-snippet:-1, max-image-preview:large, max-video-preview:-1\" \/>\n<link rel=\"canonical\" href=\"https:\/\/quantongfastener.com\/fr\/produit\/double-threaded-self-tapping-wood-screw-double-end-screws-hanger-bolt\/\" \/>\n<meta property=\"og:locale\" content=\"fr_FR\" \/>\n<meta property=\"og:type\" content=\"article\" \/>\n<meta property=\"og:title\" content=\"Double Threaded Self Tapping Wood Screw Double End Screws Hanger Bolt - Quantong Fastener\" \/>\n<meta property=\"og:description\" content=\"EXW PRICE : 720USD-910USD\/TON Min.Order Quantity:2TONS PACKAGING:BAG\/BOX WITH PALLET PORT:TIANJIN\/QINGDAO\/SHANGHAI\/NINGBO DELIVERY:5-30DAYS ON QTY PAYMENT:T\/T\/LC Supply Ability:600 TON PER MONTH  &nbsp;   FOB Price:US $0.5 - 9,999 \/ Piece  Min.Order Quantity:100 Piece\/Pieces  Supply Ability:10000 Piece\/Pieces per Month\" \/>\n<meta property=\"og:url\" content=\"https:\/\/quantongfastener.com\/fr\/produit\/double-threaded-self-tapping-wood-screw-double-end-screws-hanger-bolt\/\" \/>\n<meta property=\"og:site_name\" content=\"Quantong Fastener\" \/>\n<meta property=\"og:image\" content=\"https:\/\/quantongfastener.com\/wp-content\/uploads\/2025\/07\/Double-Threaded-Self-Tapping-Wood-Screw-Double-End-Screws-Hanger-Bolt-3.jpg\" \/>\n\t<meta property=\"og:image:width\" content=\"610\" \/>\n\t<meta property=\"og:image:height\" content=\"610\" \/>\n\t<meta property=\"og:image:type\" content=\"image\/jpeg\" \/>\n<meta name=\"twitter:card\" content=\"summary_large_image\" \/>\n<meta name=\"twitter:label1\" content=\"Dur\u00e9e de lecture estim\u00e9e\" \/>\n\t<meta name=\"twitter:data1\" content=\"2 minutes\" \/>\n<script type=\"application\/ld+json\" class=\"yoast-schema-graph\">{\"@context\":\"https:\\\/\\\/schema.org\",\"@graph\":[{\"@type\":\"WebPage\",\"@id\":\"https:\\\/\\\/quantongfastener.com\\\/product\\\/double-threaded-self-tapping-wood-screw-double-end-screws-hanger-bolt\\\/\",\"url\":\"https:\\\/\\\/quantongfastener.com\\\/product\\\/double-threaded-self-tapping-wood-screw-double-end-screws-hanger-bolt\\\/\",\"name\":\"Double Threaded Self Tapping Wood Screw Double End Screws Hanger Bolt - Quantong Fastener\",\"isPartOf\":{\"@id\":\"https:\\\/\\\/quantongfastener.com\\\/#website\"},\"primaryImageOfPage\":{\"@id\":\"https:\\\/\\\/quantongfastener.com\\\/product\\\/double-threaded-self-tapping-wood-screw-double-end-screws-hanger-bolt\\\/#primaryimage\"},\"image\":{\"@id\":\"https:\\\/\\\/quantongfastener.com\\\/product\\\/double-threaded-self-tapping-wood-screw-double-end-screws-hanger-bolt\\\/#primaryimage\"},\"thumbnailUrl\":\"https:\\\/\\\/quantongfastener.com\\\/wp-content\\\/uploads\\\/2025\\\/07\\\/Double-Threaded-Self-Tapping-Wood-Screw-Double-End-Screws-Hanger-Bolt-3.jpg\",\"datePublished\":\"2025-07-29T16:08:08+00:00\",\"breadcrumb\":{\"@id\":\"https:\\\/\\\/quantongfastener.com\\\/product\\\/double-threaded-self-tapping-wood-screw-double-end-screws-hanger-bolt\\\/#breadcrumb\"},\"inLanguage\":\"fr-FR\",\"potentialAction\":[{\"@type\":\"ReadAction\",\"target\":[\"https:\\\/\\\/quantongfastener.com\\\/product\\\/double-threaded-self-tapping-wood-screw-double-end-screws-hanger-bolt\\\/\"]}]},{\"@type\":\"ImageObject\",\"inLanguage\":\"fr-FR\",\"@id\":\"https:\\\/\\\/quantongfastener.com\\\/product\\\/double-threaded-self-tapping-wood-screw-double-end-screws-hanger-bolt\\\/#primaryimage\",\"url\":\"https:\\\/\\\/quantongfastener.com\\\/wp-content\\\/uploads\\\/2025\\\/07\\\/Double-Threaded-Self-Tapping-Wood-Screw-Double-End-Screws-Hanger-Bolt-3.jpg\",\"contentUrl\":\"https:\\\/\\\/quantongfastener.com\\\/wp-content\\\/uploads\\\/2025\\\/07\\\/Double-Threaded-Self-Tapping-Wood-Screw-Double-End-Screws-Hanger-Bolt-3.jpg\",\"width\":610,\"height\":610},{\"@type\":\"BreadcrumbList\",\"@id\":\"https:\\\/\\\/quantongfastener.com\\\/product\\\/double-threaded-self-tapping-wood-screw-double-end-screws-hanger-bolt\\\/#breadcrumb\",\"itemListElement\":[{\"@type\":\"ListItem\",\"position\":1,\"name\":\"Home\",\"item\":\"https:\\\/\\\/quantongfastener.com\\\/\"},{\"@type\":\"ListItem\",\"position\":2,\"name\":\"Products\",\"item\":\"https:\\\/\\\/quantongfastener.com\\\/products\\\/\"},{\"@type\":\"ListItem\",\"position\":3,\"name\":\"Double Threaded Self Tapping Wood Screw Double End Screws Hanger Bolt\"}]},{\"@type\":\"WebSite\",\"@id\":\"https:\\\/\\\/quantongfastener.com\\\/#website\",\"url\":\"https:\\\/\\\/quantongfastener.com\\\/\",\"name\":\"Quantong Fastener\",\"description\":\"\",\"publisher\":{\"@id\":\"https:\\\/\\\/quantongfastener.com\\\/#organization\"},\"potentialAction\":[{\"@type\":\"SearchAction\",\"target\":{\"@type\":\"EntryPoint\",\"urlTemplate\":\"https:\\\/\\\/quantongfastener.com\\\/?s={search_term_string}\"},\"query-input\":{\"@type\":\"PropertyValueSpecification\",\"valueRequired\":true,\"valueName\":\"search_term_string\"}}],\"inLanguage\":\"fr-FR\"},{\"@type\":\"Organization\",\"@id\":\"https:\\\/\\\/quantongfastener.com\\\/#organization\",\"name\":\"Quantong Fastener\",\"url\":\"https:\\\/\\\/quantongfastener.com\\\/\",\"logo\":{\"@type\":\"ImageObject\",\"inLanguage\":\"fr-FR\",\"@id\":\"https:\\\/\\\/quantongfastener.com\\\/#\\\/schema\\\/logo\\\/image\\\/\",\"url\":\"https:\\\/\\\/quantongfastener.com\\\/wp-content\\\/uploads\\\/2025\\\/07\\\/logo.jpg\",\"contentUrl\":\"https:\\\/\\\/quantongfastener.com\\\/wp-content\\\/uploads\\\/2025\\\/07\\\/logo.jpg\",\"width\":425,\"height\":424,\"caption\":\"Quantong Fastener\"},\"image\":{\"@id\":\"https:\\\/\\\/quantongfastener.com\\\/#\\\/schema\\\/logo\\\/image\\\/\"}}]}<\/script>\n<!-- \/ Yoast SEO plugin. -->","yoast_head_json":{"title":"Double Threaded Self Tapping Wood Screw Double End Screws Hanger Bolt - Quantong Fastener","robots":{"index":"index","follow":"follow","max-snippet":"max-snippet:-1","max-image-preview":"max-image-preview:large","max-video-preview":"max-video-preview:-1"},"canonical":"https:\/\/quantongfastener.com\/fr\/produit\/double-threaded-self-tapping-wood-screw-double-end-screws-hanger-bolt\/","og_locale":"fr_FR","og_type":"article","og_title":"Double Threaded Self Tapping Wood Screw Double End Screws Hanger Bolt - Quantong Fastener","og_description":"EXW PRICE : 720USD-910USD\/TON Min.Order Quantity:2TONS PACKAGING:BAG\/BOX WITH PALLET PORT:TIANJIN\/QINGDAO\/SHANGHAI\/NINGBO DELIVERY:5-30DAYS ON QTY PAYMENT:T\/T\/LC Supply Ability:600 TON PER MONTH  &nbsp;   FOB Price:US $0.5 - 9,999 \/ Piece  Min.Order Quantity:100 Piece\/Pieces  Supply Ability:10000 Piece\/Pieces per Month","og_url":"https:\/\/quantongfastener.com\/fr\/produit\/double-threaded-self-tapping-wood-screw-double-end-screws-hanger-bolt\/","og_site_name":"Quantong Fastener","og_image":[{"width":610,"height":610,"url":"https:\/\/quantongfastener.com\/wp-content\/uploads\/2025\/07\/Double-Threaded-Self-Tapping-Wood-Screw-Double-End-Screws-Hanger-Bolt-3.jpg","type":"image\/jpeg"}],"twitter_card":"summary_large_image","twitter_misc":{"Dur\u00e9e de lecture estim\u00e9e":"2 minutes"},"schema":{"@context":"https:\/\/schema.org","@graph":[{"@type":"WebPage","@id":"https:\/\/quantongfastener.com\/product\/double-threaded-self-tapping-wood-screw-double-end-screws-hanger-bolt\/","url":"https:\/\/quantongfastener.com\/product\/double-threaded-self-tapping-wood-screw-double-end-screws-hanger-bolt\/","name":"Double Threaded Self Tapping Wood Screw Double End Screws Hanger Bolt - Quantong Fastener","isPartOf":{"@id":"https:\/\/quantongfastener.com\/#website"},"primaryImageOfPage":{"@id":"https:\/\/quantongfastener.com\/product\/double-threaded-self-tapping-wood-screw-double-end-screws-hanger-bolt\/#primaryimage"},"image":{"@id":"https:\/\/quantongfastener.com\/product\/double-threaded-self-tapping-wood-screw-double-end-screws-hanger-bolt\/#primaryimage"},"thumbnailUrl":"https:\/\/quantongfastener.com\/wp-content\/uploads\/2025\/07\/Double-Threaded-Self-Tapping-Wood-Screw-Double-End-Screws-Hanger-Bolt-3.jpg","datePublished":"2025-07-29T16:08:08+00:00","breadcrumb":{"@id":"https:\/\/quantongfastener.com\/product\/double-threaded-self-tapping-wood-screw-double-end-screws-hanger-bolt\/#breadcrumb"},"inLanguage":"fr-FR","potentialAction":[{"@type":"ReadAction","target":["https:\/\/quantongfastener.com\/product\/double-threaded-self-tapping-wood-screw-double-end-screws-hanger-bolt\/"]}]},{"@type":"ImageObject","inLanguage":"fr-FR","@id":"https:\/\/quantongfastener.com\/product\/double-threaded-self-tapping-wood-screw-double-end-screws-hanger-bolt\/#primaryimage","url":"https:\/\/quantongfastener.com\/wp-content\/uploads\/2025\/07\/Double-Threaded-Self-Tapping-Wood-Screw-Double-End-Screws-Hanger-Bolt-3.jpg","contentUrl":"https:\/\/quantongfastener.com\/wp-content\/uploads\/2025\/07\/Double-Threaded-Self-Tapping-Wood-Screw-Double-End-Screws-Hanger-Bolt-3.jpg","width":610,"height":610},{"@type":"BreadcrumbList","@id":"https:\/\/quantongfastener.com\/product\/double-threaded-self-tapping-wood-screw-double-end-screws-hanger-bolt\/#breadcrumb","itemListElement":[{"@type":"ListItem","position":1,"name":"Home","item":"https:\/\/quantongfastener.com\/"},{"@type":"ListItem","position":2,"name":"Products","item":"https:\/\/quantongfastener.com\/products\/"},{"@type":"ListItem","position":3,"name":"Double Threaded Self Tapping Wood Screw Double End Screws Hanger Bolt"}]},{"@type":"WebSite","@id":"https:\/\/quantongfastener.com\/#website","url":"https:\/\/quantongfastener.com\/","name":"Attache Quantong","description":"","publisher":{"@id":"https:\/\/quantongfastener.com\/#organization"},"potentialAction":[{"@type":"SearchAction","target":{"@type":"EntryPoint","urlTemplate":"https:\/\/quantongfastener.com\/?s={search_term_string}"},"query-input":{"@type":"PropertyValueSpecification","valueRequired":true,"valueName":"search_term_string"}}],"inLanguage":"fr-FR"},{"@type":"Organization","@id":"https:\/\/quantongfastener.com\/#organization","name":"Attache Quantong","url":"https:\/\/quantongfastener.com\/","logo":{"@type":"ImageObject","inLanguage":"fr-FR","@id":"https:\/\/quantongfastener.com\/#\/schema\/logo\/image\/","url":"https:\/\/quantongfastener.com\/wp-content\/uploads\/2025\/07\/logo.jpg","contentUrl":"https:\/\/quantongfastener.com\/wp-content\/uploads\/2025\/07\/logo.jpg","width":425,"height":424,"caption":"Quantong Fastener"},"image":{"@id":"https:\/\/quantongfastener.com\/#\/schema\/logo\/image\/"}}]}},"_links":{"self":[{"href":"https:\/\/quantongfastener.com\/fr\/wp-json\/wp\/v2\/product\/1590","targetHints":{"allow":["GET"]}}],"collection":[{"href":"https:\/\/quantongfastener.com\/fr\/wp-json\/wp\/v2\/product"}],"about":[{"href":"https:\/\/quantongfastener.com\/fr\/wp-json\/wp\/v2\/types\/product"}],"wp:featuredmedia":[{"embeddable":true,"href":"https:\/\/quantongfastener.com\/fr\/wp-json\/wp\/v2\/media\/1593"}],"wp:attachment":[{"href":"https:\/\/quantongfastener.com\/fr\/wp-json\/wp\/v2\/media?parent=1590"}],"wp:term":[{"taxonomy":"product_brand","embeddable":true,"href":"https:\/\/quantongfastener.com\/fr\/wp-json\/wp\/v2\/product_brand?post=1590"},{"taxonomy":"product_cat","embeddable":true,"href":"https:\/\/quantongfastener.com\/fr\/wp-json\/wp\/v2\/product_cat?post=1590"},{"taxonomy":"product_tag","embeddable":true,"href":"https:\/\/quantongfastener.com\/fr\/wp-json\/wp\/v2\/product_tag?post=1590"}],"curies":[{"name":"wp","href":"https:\/\/api.w.org\/{rel}","templated":true}]}}