{"id":1574,"date":"2025-07-29T16:00:14","date_gmt":"2025-07-29T16:00:14","guid":{"rendered":"https:\/\/quantongfastener.com\/?post_type=product&#038;p=1574"},"modified":"2025-07-29T16:00:14","modified_gmt":"2025-07-29T16:00:14","slug":"din316-carbon-steel-stainless-steel-butterfly-bolt-wing-bolt-thumb-wing-screw","status":"publish","type":"product","link":"https:\/\/quantongfastener.com\/fr\/produit\/din316-carbon-steel-stainless-steel-butterfly-bolt-wing-bolt-thumb-wing-screw\/","title":{"rendered":"DIN316 Acier au carbone Acier inoxydable Boulon papillon Boulon \u00e0 aile Vis \u00e0 ailettes"},"content":{"rendered":"<p><strong>Description du produit :<\/strong><\/p>\n<div class=\"table_wrap\">\n<table>\n<tbody>\n<tr>\n<td colspan=\"1\" rowspan=\"1\">\n<div>Nom du produit<\/div>\n<\/td>\n<td colspan=\"3\" rowspan=\"1\">\n<div>Boulons \u00e0 ailettes DIN316<\/div>\n<\/td>\n<\/tr>\n<tr>\n<td colspan=\"1\" rowspan=\"1\">\n<div>Taille<\/div>\n<\/td>\n<td colspan=\"3\" rowspan=\"1\">\n<div>M6-M64<\/div>\n<\/td>\n<\/tr>\n<tr>\n<td colspan=\"1\" rowspan=\"1\">\n<div>Mat\u00e9riau<\/div>\n<\/td>\n<td colspan=\"3\" rowspan=\"1\">\n<div>Acier au carbone, acier inoxydable, laiton, etc.<\/div>\n<\/td>\n<\/tr>\n<tr>\n<td colspan=\"1\" rowspan=\"1\">\n<div>Traitement de surface<\/div>\n<\/td>\n<td colspan=\"3\" rowspan=\"1\">\n<div>Uni, noir, zingu\u00e9 \/ selon votre demande<\/div>\n<\/td>\n<\/tr>\n<tr>\n<td colspan=\"1\" rowspan=\"1\">\n<div>Standard<\/div>\n<\/td>\n<td colspan=\"3\" rowspan=\"1\">\n<div>DIN GB ISO JIS BA ANSI<\/div>\n<\/td>\n<\/tr>\n<tr>\n<td colspan=\"1\" rowspan=\"1\">\n<div>Grade<\/div>\n<\/td>\n<td colspan=\"3\" rowspan=\"1\">\n<div>SUS201, SUS304, SUS316, A2-70, A2-80, A4-80, 4.8 6.8 8.8 10.9 12.9<\/div>\n<\/td>\n<\/tr>\n<tr>\n<td colspan=\"1\" rowspan=\"1\">\n<div>Politique de qualit\u00e9<\/div>\n<\/td>\n<td colspan=\"3\" rowspan=\"1\">\n<div>Toutes les pi\u00e8ces fabriqu\u00e9es sont soumises \u00e0 l'inspection 100% de l'OQC avant d'\u00eatre exp\u00e9di\u00e9es.<\/div>\n<\/td>\n<\/tr>\n<tr>\n<td colspan=\"1\" rowspan=\"1\">\n<div>Fil<\/div>\n<\/td>\n<td colspan=\"3\" rowspan=\"1\">\n<div>Grossi\u00e8re, fine<\/div>\n<\/td>\n<\/tr>\n<tr>\n<td colspan=\"1\" rowspan=\"1\">\n<div>Utilis\u00e9<\/div>\n<\/td>\n<td colspan=\"3\" rowspan=\"1\">\n<div>Machines pour l'industrie du b\u00e2timent, etc.<\/div>\n<\/td>\n<\/tr>\n<tr>\n<td colspan=\"1\" rowspan=\"1\">\n<div>Non-normes<\/div>\n<\/td>\n<td colspan=\"3\" rowspan=\"1\">\n<div data-spm-anchor-id=\"a2700.wholesale.0.i31.b6c22d8fTx4CGn\">OEM disponible, selon le dessin ou l'\u00e9chantillon.<\/div>\n<\/td>\n<\/tr>\n<\/tbody>\n<\/table>\n<\/div>\n<p><strong>Avantages du produit :<\/strong><\/p>\n<ol>\n<li><strong>Usinage de pr\u00e9cision<\/strong><\/li>\n<\/ol>\n<p align=\"justify\">\u2606 Mesurer et traiter \u00e0 l'aide de machines-outils de pr\u00e9cision et d'outils de mesure dans des conditions environnementales strictement contr\u00f4l\u00e9es.<\/p>\n<p align=\"justify\"><strong>\u00a0\u00a0<\/strong>\u00a0 \u00a0 \u00a0 2.<strong>Mat\u00e9riau m\u00e9tallique de haute qualit\u00e9<\/strong><\/p>\n<p align=\"justify\">\u2606 Longue dur\u00e9e de vie, faible production de chaleur, grande duret\u00e9, grande rigidit\u00e9, faible bruit, grande r\u00e9sistance \u00e0 l'usure et autres caract\u00e9ristiques.<\/p>\n<p align=\"justify\"><strong>\u00a0 \u00a0 \u00a0 \u00a0\u00a0<\/strong>3.<strong>\u00a0Rentabilit\u00e9<\/strong><\/p>\n<p align=\"justify\">\u2606 L'utilisation d'un mat\u00e9riau m\u00e9tallique de haute qualit\u00e9, apr\u00e8s un traitement et un formage de pr\u00e9cision, am\u00e9liore consid\u00e9rablement l'exp\u00e9rience de l'utilisateur.<\/p>\n<p><strong>Param\u00e8tre du produit :<\/strong><\/p>\n<p><a href=\"https:\/\/www.cyfastener.com\/uploads\/1589005973597704016m.jpg\"><img decoding=\"async\" class=\"alignnone size-full wp-image-6779\" src=\"https:\/\/www.cyfastener.com\/uploads\/1589005973597704016m.jpg\" alt=\"1589005973597704016m\" \/><\/a><\/p>\n<div class=\"table_wrap\">\n<table border=\"0\" cellspacing=\"0\" cellpadding=\"0\">\n<colgroup>\n<col span=\"11\" width=\"64\" \/><\/colgroup>\n<tbody>\n<tr>\n<td colspan=\"2\" width=\"128\" height=\"19\">Taille du filet<\/td>\n<td rowspan=\"2\" width=\"64\"><a>M4<\/a><\/td>\n<td rowspan=\"2\" width=\"64\"><a>M5<\/a><\/td>\n<td rowspan=\"2\" width=\"64\"><a>M6<\/a><\/td>\n<td rowspan=\"2\" width=\"64\"><a>M8<\/a><\/td>\n<td rowspan=\"2\" width=\"64\"><a>M10<\/a><\/td>\n<td rowspan=\"2\" width=\"64\"><a>M12<\/a><\/td>\n<td rowspan=\"2\" width=\"64\"><a>M16<\/a><\/td>\n<td rowspan=\"2\" width=\"64\"><a>M20<\/a><\/td>\n<td rowspan=\"2\" width=\"64\"><a>M24<\/a><\/td>\n<\/tr>\n<tr>\n<td colspan=\"2\" width=\"128\" height=\"19\">d<\/td>\n<\/tr>\n<tr>\n<td height=\"19\">P<\/td>\n<td>hauteur<\/td>\n<td width=\"64\">0.7<\/td>\n<td width=\"64\">0.8<\/td>\n<td width=\"64\">1<\/td>\n<td width=\"64\">1.25<\/td>\n<td width=\"64\">1.5<\/td>\n<td width=\"64\">1.75<\/td>\n<td width=\"64\">2<\/td>\n<td width=\"64\">2.5<\/td>\n<td width=\"64\">3<\/td>\n<\/tr>\n<tr>\n<td rowspan=\"2\" height=\"38\">d<sub>k<\/sub><\/td>\n<td id=\"id1\">Maximum<\/td>\n<td width=\"64\">8<\/td>\n<td width=\"64\">11<\/td>\n<td width=\"64\">13<\/td>\n<td width=\"64\">16<\/td>\n<td width=\"64\">20<\/td>\n<td width=\"64\">23<\/td>\n<td width=\"64\">29<\/td>\n<td width=\"64\">35<\/td>\n<td width=\"64\">44<\/td>\n<\/tr>\n<tr>\n<td height=\"19\">valeur minimale<\/td>\n<td width=\"64\">6<\/td>\n<td width=\"64\">8<\/td>\n<td width=\"64\">10<\/td>\n<td width=\"64\">13<\/td>\n<td width=\"64\">17<\/td>\n<td width=\"64\">20<\/td>\n<td width=\"64\">26<\/td>\n<td width=\"64\">32<\/td>\n<td width=\"64\">41<\/td>\n<\/tr>\n<tr>\n<td rowspan=\"2\" height=\"38\">d<sub>3<\/sub><\/td>\n<td id=\"id1\">Maximum<\/td>\n<td width=\"64\">7<\/td>\n<td width=\"64\">9<\/td>\n<td width=\"64\">11<\/td>\n<td width=\"64\">12.5<\/td>\n<td width=\"64\">16.5<\/td>\n<td width=\"64\">19.5<\/td>\n<td width=\"64\">23<\/td>\n<td width=\"64\">29<\/td>\n<td width=\"64\">37.5<\/td>\n<\/tr>\n<tr>\n<td height=\"19\">valeur minimale<\/td>\n<td width=\"64\">5.5<\/td>\n<td width=\"64\">7.5<\/td>\n<td width=\"64\">9<\/td>\n<td width=\"64\">10.5<\/td>\n<td width=\"64\">14.5<\/td>\n<td width=\"64\">17.5<\/td>\n<td width=\"64\">21<\/td>\n<td width=\"64\">27<\/td>\n<td width=\"64\">35<\/td>\n<\/tr>\n<tr>\n<td rowspan=\"2\" height=\"38\">n<\/td>\n<td id=\"id1\">Maximum<\/td>\n<td width=\"64\">20<\/td>\n<td width=\"64\">26<\/td>\n<td width=\"64\">33<\/td>\n<td width=\"64\">39<\/td>\n<td width=\"64\">51<\/td>\n<td width=\"64\">65<\/td>\n<td width=\"64\">73<\/td>\n<td width=\"64\">90<\/td>\n<td width=\"64\">110<\/td>\n<\/tr>\n<tr>\n<td height=\"19\">valeur minimale<\/td>\n<td width=\"64\">18<\/td>\n<td width=\"64\">24<\/td>\n<td width=\"64\">30<\/td>\n<td width=\"64\">36<\/td>\n<td width=\"64\">48<\/td>\n<td width=\"64\">62<\/td>\n<td width=\"64\">70<\/td>\n<td width=\"64\">86<\/td>\n<td width=\"64\">106<\/td>\n<\/tr>\n<tr>\n<td rowspan=\"2\" height=\"38\">h<sub>1<\/sub><\/td>\n<td id=\"id1\">Maximum<\/td>\n<td width=\"64\">1.9<\/td>\n<td width=\"64\">2.3<\/td>\n<td width=\"64\">2.3<\/td>\n<td width=\"64\">2.8<\/td>\n<td width=\"64\">4.4<\/td>\n<td width=\"64\">4.9<\/td>\n<td width=\"64\">6.4<\/td>\n<td width=\"64\">6.9<\/td>\n<td width=\"64\">9.4<\/td>\n<\/tr>\n<tr>\n<td height=\"19\">valeur minimale<\/td>\n<td width=\"64\">1.1<\/td>\n<td width=\"64\">1.5<\/td>\n<td width=\"64\">1.5<\/td>\n<td width=\"64\">2<\/td>\n<td width=\"64\">3.6<\/td>\n<td width=\"64\">4.1<\/td>\n<td width=\"64\">5.6<\/td>\n<td width=\"64\">6.1<\/td>\n<td width=\"64\">8.6<\/td>\n<\/tr>\n<tr>\n<td rowspan=\"2\" height=\"38\">h<sub>2<\/sub><\/td>\n<td id=\"id1\">Maximum<\/td>\n<td width=\"64\">2.3<\/td>\n<td width=\"64\">2.8<\/td>\n<td width=\"64\">3.3<\/td>\n<td width=\"64\">4.4<\/td>\n<td width=\"64\">5.4<\/td>\n<td width=\"64\">6.4<\/td>\n<td width=\"64\">7.5<\/td>\n<td width=\"64\">8<\/td>\n<td width=\"64\">10.5<\/td>\n<\/tr>\n<tr>\n<td height=\"19\">valeur minimale<\/td>\n<td width=\"64\">1.7<\/td>\n<td width=\"64\">2.3<\/td>\n<td width=\"64\">2.7<\/td>\n<td width=\"64\">3.6<\/td>\n<td width=\"64\">4.6<\/td>\n<td width=\"64\">5.6<\/td>\n<td width=\"64\">6.5<\/td>\n<td width=\"64\">7<\/td>\n<td width=\"64\">9.5<\/td>\n<\/tr>\n<tr>\n<td rowspan=\"2\" height=\"38\">H<\/td>\n<td id=\"id1\">Maximum<\/td>\n<td width=\"64\">10.5<\/td>\n<td width=\"64\">13<\/td>\n<td width=\"64\">17<\/td>\n<td width=\"64\">20<\/td>\n<td width=\"64\">25<\/td>\n<td width=\"64\">33.5<\/td>\n<td width=\"64\">37.5<\/td>\n<td width=\"64\">46.5<\/td>\n<td width=\"64\">56.5<\/td>\n<\/tr>\n<tr>\n<td height=\"19\">valeur minimale<\/td>\n<td width=\"64\">8.5<\/td>\n<td width=\"64\">11<\/td>\n<td width=\"64\">15<\/td>\n<td width=\"64\">18<\/td>\n<td width=\"64\">23<\/td>\n<td width=\"64\">31<\/td>\n<td width=\"64\">35<\/td>\n<td width=\"64\">44<\/td>\n<td width=\"64\">53.5<\/td>\n<\/tr>\n<tr>\n<td rowspan=\"2\" height=\"39\">k<\/td>\n<td id=\"id1\">Maximum<\/td>\n<td width=\"64\">4.6<\/td>\n<td width=\"64\">6.5<\/td>\n<td width=\"64\">8<\/td>\n<td width=\"64\">10<\/td>\n<td width=\"64\">12<\/td>\n<td width=\"64\">14<\/td>\n<td width=\"64\">17<\/td>\n<td width=\"64\">21<\/td>\n<td width=\"64\">25<\/td>\n<\/tr>\n<tr>\n<td height=\"20\">valeur minimale<\/td>\n<td width=\"64\">3.2<\/td>\n<td width=\"64\">4<\/td>\n<td width=\"64\">5<\/td>\n<td width=\"64\">6.5<\/td>\n<td width=\"64\">8<\/td>\n<td width=\"64\">10<\/td>\n<td width=\"64\">13<\/td>\n<td width=\"64\">16<\/td>\n<td width=\"64\">20<\/td>\n<\/tr>\n<\/tbody>\n<\/table>\n<\/div>\n<p><strong>NOTRE PAQUET :<\/strong><\/p>\n<p align=\"justify\">1. Sacs de 25 kg ou de 50 kg.<br \/>\n2. sacs avec palette.<br \/>\n3. Cartons de 25 kg ou cartons avec palette.<br \/>\n4. Emballage selon la demande du client<\/p>","protected":false},"excerpt":{"rendered":"<p>PRIX EXW : 720USD-910USD\/TONNE<br \/>\nQuantit\u00e9 minimale de commande : 2 tonnes<br \/>\nEMBALLAGE : SAC\/BO\u00ceTE AVEC PALETTE<br \/>\nPORT:TIANJIN\/QINGDAO\/SHANGHAI\/NINGBO<br \/>\nLIVRAISON : 5-30 JOURS SUR QTY<br \/>\nPAIEMENT : T\/T\/LC<br \/>\nCapacit\u00e9 d'approvisionnement : 600 TONNES PAR MOIS<\/p>\n<p>&nbsp;<\/p>\n<ul>\n<li><em>Prix FOB :<\/em>US $0.5 - 9 999 \/ Pi\u00e8ce<\/li>\n<li><em>Quantit\u00e9 minimale de commande :<\/em>100 pi\u00e8ces\/pi\u00e8ces<\/li>\n<li><em>Capacit\u00e9 d'approvisionnement :<\/em>10000 pi\u00e8ces par mois<\/li>\n<\/ul>","protected":false},"featured_media":1579,"template":"","meta":{"_kad_post_transparent":"default","_kad_post_title":"","_kad_post_layout":"default","_kad_post_sidebar_id":"","_kad_post_content_style":"default","_kad_post_vertical_padding":"default","_kad_post_feature":"","_kad_post_feature_position":"","_kad_post_header":false,"_kad_post_footer":false},"product_brand":[],"product_cat":[28],"product_tag":[],"class_list":{"0":"post-1574","1":"product","2":"type-product","3":"status-publish","4":"has-post-thumbnail","6":"product_cat-bolt","8":"first","9":"instock","10":"shipping-taxable","11":"product-type-simple","12":"entry","13":"content-bg","14":"loop-entry"},"yoast_head":"<!-- This site is optimized with the Yoast SEO plugin v27.4 - https:\/\/yoast.com\/product\/yoast-seo-wordpress\/ -->\n<title>DIN316 Carbon Steel Stainless Steel Butterfly Bolt Wing Bolt Thumb Wing Screw - Quantong Fastener<\/title>\n<meta name=\"robots\" content=\"index, follow, max-snippet:-1, max-image-preview:large, max-video-preview:-1\" \/>\n<link rel=\"canonical\" href=\"https:\/\/quantongfastener.com\/fr\/produit\/din316-carbon-steel-stainless-steel-butterfly-bolt-wing-bolt-thumb-wing-screw\/\" \/>\n<meta property=\"og:locale\" content=\"fr_FR\" \/>\n<meta property=\"og:type\" content=\"article\" \/>\n<meta property=\"og:title\" content=\"DIN316 Carbon Steel Stainless Steel Butterfly Bolt Wing Bolt Thumb Wing Screw - Quantong Fastener\" \/>\n<meta property=\"og:description\" content=\"EXW PRICE : 720USD-910USD\/TON Min.Order Quantity:2TONS PACKAGING:BAG\/BOX WITH PALLET PORT:TIANJIN\/QINGDAO\/SHANGHAI\/NINGBO DELIVERY:5-30DAYS ON QTY PAYMENT:T\/T\/LC Supply Ability:600 TON PER MONTH  &nbsp;   FOB Price:US $0.5 - 9,999 \/ Piece  Min.Order Quantity:100 Piece\/Pieces  Supply Ability:10000 Piece\/Pieces per Month\" \/>\n<meta property=\"og:url\" content=\"https:\/\/quantongfastener.com\/fr\/produit\/din316-carbon-steel-stainless-steel-butterfly-bolt-wing-bolt-thumb-wing-screw\/\" \/>\n<meta property=\"og:site_name\" content=\"Quantong Fastener\" \/>\n<meta property=\"og:image\" content=\"https:\/\/quantongfastener.com\/wp-content\/uploads\/2025\/07\/DIN316-Carbon-Steel-Stainless-Steel-Butterfly-Bolt-Wing-Bolt-Thumb-Wing-Screw-5.jpg\" \/>\n\t<meta property=\"og:image:width\" content=\"610\" \/>\n\t<meta property=\"og:image:height\" content=\"610\" \/>\n\t<meta property=\"og:image:type\" content=\"image\/jpeg\" \/>\n<meta name=\"twitter:card\" content=\"summary_large_image\" \/>\n<meta name=\"twitter:label1\" content=\"Dur\u00e9e de lecture estim\u00e9e\" \/>\n\t<meta name=\"twitter:data1\" content=\"2 minutes\" \/>\n<script type=\"application\/ld+json\" class=\"yoast-schema-graph\">{\"@context\":\"https:\\\/\\\/schema.org\",\"@graph\":[{\"@type\":\"WebPage\",\"@id\":\"https:\\\/\\\/quantongfastener.com\\\/product\\\/din316-carbon-steel-stainless-steel-butterfly-bolt-wing-bolt-thumb-wing-screw\\\/\",\"url\":\"https:\\\/\\\/quantongfastener.com\\\/product\\\/din316-carbon-steel-stainless-steel-butterfly-bolt-wing-bolt-thumb-wing-screw\\\/\",\"name\":\"DIN316 Carbon Steel Stainless Steel Butterfly Bolt Wing Bolt Thumb Wing Screw - Quantong Fastener\",\"isPartOf\":{\"@id\":\"https:\\\/\\\/quantongfastener.com\\\/#website\"},\"primaryImageOfPage\":{\"@id\":\"https:\\\/\\\/quantongfastener.com\\\/product\\\/din316-carbon-steel-stainless-steel-butterfly-bolt-wing-bolt-thumb-wing-screw\\\/#primaryimage\"},\"image\":{\"@id\":\"https:\\\/\\\/quantongfastener.com\\\/product\\\/din316-carbon-steel-stainless-steel-butterfly-bolt-wing-bolt-thumb-wing-screw\\\/#primaryimage\"},\"thumbnailUrl\":\"https:\\\/\\\/quantongfastener.com\\\/wp-content\\\/uploads\\\/2025\\\/07\\\/DIN316-Carbon-Steel-Stainless-Steel-Butterfly-Bolt-Wing-Bolt-Thumb-Wing-Screw-5.jpg\",\"datePublished\":\"2025-07-29T16:00:14+00:00\",\"breadcrumb\":{\"@id\":\"https:\\\/\\\/quantongfastener.com\\\/product\\\/din316-carbon-steel-stainless-steel-butterfly-bolt-wing-bolt-thumb-wing-screw\\\/#breadcrumb\"},\"inLanguage\":\"fr-FR\",\"potentialAction\":[{\"@type\":\"ReadAction\",\"target\":[\"https:\\\/\\\/quantongfastener.com\\\/product\\\/din316-carbon-steel-stainless-steel-butterfly-bolt-wing-bolt-thumb-wing-screw\\\/\"]}]},{\"@type\":\"ImageObject\",\"inLanguage\":\"fr-FR\",\"@id\":\"https:\\\/\\\/quantongfastener.com\\\/product\\\/din316-carbon-steel-stainless-steel-butterfly-bolt-wing-bolt-thumb-wing-screw\\\/#primaryimage\",\"url\":\"https:\\\/\\\/quantongfastener.com\\\/wp-content\\\/uploads\\\/2025\\\/07\\\/DIN316-Carbon-Steel-Stainless-Steel-Butterfly-Bolt-Wing-Bolt-Thumb-Wing-Screw-5.jpg\",\"contentUrl\":\"https:\\\/\\\/quantongfastener.com\\\/wp-content\\\/uploads\\\/2025\\\/07\\\/DIN316-Carbon-Steel-Stainless-Steel-Butterfly-Bolt-Wing-Bolt-Thumb-Wing-Screw-5.jpg\",\"width\":610,\"height\":610},{\"@type\":\"BreadcrumbList\",\"@id\":\"https:\\\/\\\/quantongfastener.com\\\/product\\\/din316-carbon-steel-stainless-steel-butterfly-bolt-wing-bolt-thumb-wing-screw\\\/#breadcrumb\",\"itemListElement\":[{\"@type\":\"ListItem\",\"position\":1,\"name\":\"Home\",\"item\":\"https:\\\/\\\/quantongfastener.com\\\/\"},{\"@type\":\"ListItem\",\"position\":2,\"name\":\"Products\",\"item\":\"https:\\\/\\\/quantongfastener.com\\\/products\\\/\"},{\"@type\":\"ListItem\",\"position\":3,\"name\":\"DIN316 Carbon Steel Stainless Steel Butterfly Bolt Wing Bolt Thumb Wing Screw\"}]},{\"@type\":\"WebSite\",\"@id\":\"https:\\\/\\\/quantongfastener.com\\\/#website\",\"url\":\"https:\\\/\\\/quantongfastener.com\\\/\",\"name\":\"Quantong Fastener\",\"description\":\"\",\"publisher\":{\"@id\":\"https:\\\/\\\/quantongfastener.com\\\/#organization\"},\"potentialAction\":[{\"@type\":\"SearchAction\",\"target\":{\"@type\":\"EntryPoint\",\"urlTemplate\":\"https:\\\/\\\/quantongfastener.com\\\/?s={search_term_string}\"},\"query-input\":{\"@type\":\"PropertyValueSpecification\",\"valueRequired\":true,\"valueName\":\"search_term_string\"}}],\"inLanguage\":\"fr-FR\"},{\"@type\":\"Organization\",\"@id\":\"https:\\\/\\\/quantongfastener.com\\\/#organization\",\"name\":\"Quantong Fastener\",\"url\":\"https:\\\/\\\/quantongfastener.com\\\/\",\"logo\":{\"@type\":\"ImageObject\",\"inLanguage\":\"fr-FR\",\"@id\":\"https:\\\/\\\/quantongfastener.com\\\/#\\\/schema\\\/logo\\\/image\\\/\",\"url\":\"https:\\\/\\\/quantongfastener.com\\\/wp-content\\\/uploads\\\/2025\\\/07\\\/logo.jpg\",\"contentUrl\":\"https:\\\/\\\/quantongfastener.com\\\/wp-content\\\/uploads\\\/2025\\\/07\\\/logo.jpg\",\"width\":425,\"height\":424,\"caption\":\"Quantong Fastener\"},\"image\":{\"@id\":\"https:\\\/\\\/quantongfastener.com\\\/#\\\/schema\\\/logo\\\/image\\\/\"}}]}<\/script>\n<!-- \/ Yoast SEO plugin. -->","yoast_head_json":{"title":"DIN316 Carbon Steel Stainless Steel Butterfly Bolt Wing Bolt Thumb Wing Screw - Quantong Fastener","robots":{"index":"index","follow":"follow","max-snippet":"max-snippet:-1","max-image-preview":"max-image-preview:large","max-video-preview":"max-video-preview:-1"},"canonical":"https:\/\/quantongfastener.com\/fr\/produit\/din316-carbon-steel-stainless-steel-butterfly-bolt-wing-bolt-thumb-wing-screw\/","og_locale":"fr_FR","og_type":"article","og_title":"DIN316 Carbon Steel Stainless Steel Butterfly Bolt Wing Bolt Thumb Wing Screw - Quantong Fastener","og_description":"EXW PRICE : 720USD-910USD\/TON Min.Order Quantity:2TONS PACKAGING:BAG\/BOX WITH PALLET PORT:TIANJIN\/QINGDAO\/SHANGHAI\/NINGBO DELIVERY:5-30DAYS ON QTY PAYMENT:T\/T\/LC Supply Ability:600 TON PER MONTH  &nbsp;   FOB Price:US $0.5 - 9,999 \/ Piece  Min.Order Quantity:100 Piece\/Pieces  Supply Ability:10000 Piece\/Pieces per Month","og_url":"https:\/\/quantongfastener.com\/fr\/produit\/din316-carbon-steel-stainless-steel-butterfly-bolt-wing-bolt-thumb-wing-screw\/","og_site_name":"Quantong Fastener","og_image":[{"width":610,"height":610,"url":"https:\/\/quantongfastener.com\/wp-content\/uploads\/2025\/07\/DIN316-Carbon-Steel-Stainless-Steel-Butterfly-Bolt-Wing-Bolt-Thumb-Wing-Screw-5.jpg","type":"image\/jpeg"}],"twitter_card":"summary_large_image","twitter_misc":{"Dur\u00e9e de lecture estim\u00e9e":"2 minutes"},"schema":{"@context":"https:\/\/schema.org","@graph":[{"@type":"WebPage","@id":"https:\/\/quantongfastener.com\/product\/din316-carbon-steel-stainless-steel-butterfly-bolt-wing-bolt-thumb-wing-screw\/","url":"https:\/\/quantongfastener.com\/product\/din316-carbon-steel-stainless-steel-butterfly-bolt-wing-bolt-thumb-wing-screw\/","name":"DIN316 Carbon Steel Stainless Steel Butterfly Bolt Wing Bolt Thumb Wing Screw - Quantong Fastener","isPartOf":{"@id":"https:\/\/quantongfastener.com\/#website"},"primaryImageOfPage":{"@id":"https:\/\/quantongfastener.com\/product\/din316-carbon-steel-stainless-steel-butterfly-bolt-wing-bolt-thumb-wing-screw\/#primaryimage"},"image":{"@id":"https:\/\/quantongfastener.com\/product\/din316-carbon-steel-stainless-steel-butterfly-bolt-wing-bolt-thumb-wing-screw\/#primaryimage"},"thumbnailUrl":"https:\/\/quantongfastener.com\/wp-content\/uploads\/2025\/07\/DIN316-Carbon-Steel-Stainless-Steel-Butterfly-Bolt-Wing-Bolt-Thumb-Wing-Screw-5.jpg","datePublished":"2025-07-29T16:00:14+00:00","breadcrumb":{"@id":"https:\/\/quantongfastener.com\/product\/din316-carbon-steel-stainless-steel-butterfly-bolt-wing-bolt-thumb-wing-screw\/#breadcrumb"},"inLanguage":"fr-FR","potentialAction":[{"@type":"ReadAction","target":["https:\/\/quantongfastener.com\/product\/din316-carbon-steel-stainless-steel-butterfly-bolt-wing-bolt-thumb-wing-screw\/"]}]},{"@type":"ImageObject","inLanguage":"fr-FR","@id":"https:\/\/quantongfastener.com\/product\/din316-carbon-steel-stainless-steel-butterfly-bolt-wing-bolt-thumb-wing-screw\/#primaryimage","url":"https:\/\/quantongfastener.com\/wp-content\/uploads\/2025\/07\/DIN316-Carbon-Steel-Stainless-Steel-Butterfly-Bolt-Wing-Bolt-Thumb-Wing-Screw-5.jpg","contentUrl":"https:\/\/quantongfastener.com\/wp-content\/uploads\/2025\/07\/DIN316-Carbon-Steel-Stainless-Steel-Butterfly-Bolt-Wing-Bolt-Thumb-Wing-Screw-5.jpg","width":610,"height":610},{"@type":"BreadcrumbList","@id":"https:\/\/quantongfastener.com\/product\/din316-carbon-steel-stainless-steel-butterfly-bolt-wing-bolt-thumb-wing-screw\/#breadcrumb","itemListElement":[{"@type":"ListItem","position":1,"name":"Home","item":"https:\/\/quantongfastener.com\/"},{"@type":"ListItem","position":2,"name":"Products","item":"https:\/\/quantongfastener.com\/products\/"},{"@type":"ListItem","position":3,"name":"DIN316 Carbon Steel Stainless Steel Butterfly Bolt Wing Bolt Thumb Wing Screw"}]},{"@type":"WebSite","@id":"https:\/\/quantongfastener.com\/#website","url":"https:\/\/quantongfastener.com\/","name":"Attache Quantong","description":"","publisher":{"@id":"https:\/\/quantongfastener.com\/#organization"},"potentialAction":[{"@type":"SearchAction","target":{"@type":"EntryPoint","urlTemplate":"https:\/\/quantongfastener.com\/?s={search_term_string}"},"query-input":{"@type":"PropertyValueSpecification","valueRequired":true,"valueName":"search_term_string"}}],"inLanguage":"fr-FR"},{"@type":"Organization","@id":"https:\/\/quantongfastener.com\/#organization","name":"Attache Quantong","url":"https:\/\/quantongfastener.com\/","logo":{"@type":"ImageObject","inLanguage":"fr-FR","@id":"https:\/\/quantongfastener.com\/#\/schema\/logo\/image\/","url":"https:\/\/quantongfastener.com\/wp-content\/uploads\/2025\/07\/logo.jpg","contentUrl":"https:\/\/quantongfastener.com\/wp-content\/uploads\/2025\/07\/logo.jpg","width":425,"height":424,"caption":"Quantong Fastener"},"image":{"@id":"https:\/\/quantongfastener.com\/#\/schema\/logo\/image\/"}}]}},"_links":{"self":[{"href":"https:\/\/quantongfastener.com\/fr\/wp-json\/wp\/v2\/product\/1574","targetHints":{"allow":["GET"]}}],"collection":[{"href":"https:\/\/quantongfastener.com\/fr\/wp-json\/wp\/v2\/product"}],"about":[{"href":"https:\/\/quantongfastener.com\/fr\/wp-json\/wp\/v2\/types\/product"}],"wp:featuredmedia":[{"embeddable":true,"href":"https:\/\/quantongfastener.com\/fr\/wp-json\/wp\/v2\/media\/1579"}],"wp:attachment":[{"href":"https:\/\/quantongfastener.com\/fr\/wp-json\/wp\/v2\/media?parent=1574"}],"wp:term":[{"taxonomy":"product_brand","embeddable":true,"href":"https:\/\/quantongfastener.com\/fr\/wp-json\/wp\/v2\/product_brand?post=1574"},{"taxonomy":"product_cat","embeddable":true,"href":"https:\/\/quantongfastener.com\/fr\/wp-json\/wp\/v2\/product_cat?post=1574"},{"taxonomy":"product_tag","embeddable":true,"href":"https:\/\/quantongfastener.com\/fr\/wp-json\/wp\/v2\/product_tag?post=1574"}],"curies":[{"name":"wp","href":"https:\/\/api.w.org\/{rel}","templated":true}]}}