{"id":1556,"date":"2025-07-29T15:50:22","date_gmt":"2025-07-29T15:50:22","guid":{"rendered":"https:\/\/quantongfastener.com\/?post_type=product&#038;p=1556"},"modified":"2025-08-21T03:11:58","modified_gmt":"2025-08-21T03:11:58","slug":"stainless-steel-eye-bolt-din-444","status":"publish","type":"product","link":"https:\/\/quantongfastener.com\/fr\/produit\/stainless-steel-eye-bolt-din-444\/","title":{"rendered":"Boulon \u00e0 \u0153il en acier inoxydable DIN 444"},"content":{"rendered":"<p><img fetchpriority=\"high\" decoding=\"async\" class=\"alignnone size-full wp-image-1563\" src=\"https:\/\/quantongfastener.com\/wp-content\/uploads\/2025\/07\/Stainless-steel-Eye-Bolt-DIN-444.jpg\" alt=\"\" width=\"610\" height=\"610\" srcset=\"https:\/\/quantongfastener.com\/wp-content\/uploads\/2025\/07\/Stainless-steel-Eye-Bolt-DIN-444.jpg 610w, https:\/\/quantongfastener.com\/wp-content\/uploads\/2025\/07\/Stainless-steel-Eye-Bolt-DIN-444-300x300.jpg 300w, https:\/\/quantongfastener.com\/wp-content\/uploads\/2025\/07\/Stainless-steel-Eye-Bolt-DIN-444-150x150.jpg 150w, https:\/\/quantongfastener.com\/wp-content\/uploads\/2025\/07\/Stainless-steel-Eye-Bolt-DIN-444-12x12.jpg 12w, https:\/\/quantongfastener.com\/wp-content\/uploads\/2025\/07\/Stainless-steel-Eye-Bolt-DIN-444-600x600.jpg 600w, https:\/\/quantongfastener.com\/wp-content\/uploads\/2025\/07\/Stainless-steel-Eye-Bolt-DIN-444-100x100.jpg 100w\" sizes=\"(max-width: 610px) 100vw, 610px\" \/><\/p>\n<table border=\"1\" cellspacing=\"0\">\n<tbody>\n<tr>\n<td valign=\"top\" width=\"161\">Nom du produit<\/td>\n<td valign=\"top\" width=\"406\">A2-70 A4-70 Boulon \u00e0 \u0153il<\/td>\n<\/tr>\n<tr>\n<td valign=\"top\" width=\"161\">Taille<\/td>\n<td valign=\"top\" width=\"406\">M6-64<\/td>\n<\/tr>\n<tr>\n<td valign=\"top\" width=\"161\">Longueur<\/td>\n<td valign=\"top\" width=\"406\">20-300mm ou selon les besoins<\/td>\n<\/tr>\n<tr>\n<td valign=\"top\" width=\"161\">Grade<\/td>\n<td valign=\"top\" width=\"406\">SS304\/SS316<\/td>\n<\/tr>\n<tr>\n<td valign=\"top\" width=\"161\">Mat\u00e9riau<\/td>\n<td valign=\"top\" width=\"406\">Acier inoxydable<\/td>\n<\/tr>\n<tr>\n<td valign=\"top\" width=\"161\">Traitement de surface<\/td>\n<td valign=\"top\" width=\"406\">Plaine<\/td>\n<\/tr>\n<tr>\n<td valign=\"top\" width=\"161\">Standard<\/td>\n<td valign=\"top\" width=\"406\">DIN\/ISO<\/td>\n<\/tr>\n<tr>\n<td valign=\"top\" width=\"161\">Certificat<\/td>\n<td valign=\"top\" width=\"406\">ISO 9001<\/td>\n<\/tr>\n<tr>\n<td valign=\"top\" width=\"161\">\u00c9chantillon<\/td>\n<td valign=\"top\" width=\"406\">\u00c9chantillons gratuits<\/td>\n<\/tr>\n<\/tbody>\n<\/table>\n<p>Applications : autosauveteur de type filtre, instrument de d\u00e9tection de gaz, masque anti-poussi\u00e8re, imperm\u00e9able minier, dynamiteur de mine, d\u00e9tails de l'application : les boulons d'assemblage sont largement utilis\u00e9s : vannes \u00e0 basse temp\u00e9rature et haute pression, conduites sous pression, ing\u00e9nierie des fluides, \u00e9quipement de forage et de production p\u00e9troliers, \u00e9quipement pour champs p\u00e9trolif\u00e8res et autres domaines sont souvent utilis\u00e9s pour le d\u00e9montage et la connexion ou pour des outils tels que l'industrie des vannes, les bicyclettes pliantes, les voitures d'enfant. En raison de l'utilisation pratique et rapide des boulons sous tension, l'utilisation de boulons de support joue un r\u00f4le de connexion et de fixation. De plus en plus large.<\/p>\n<div class=\"fl-row fl-row-full-width fl-row-bg-none fl-node-5e0ea9493a935\" data-node=\"5e0ea9493a935\">\n<div class=\"fl-row-content-wrap\">\n<div class=\"fl-row-content fl-row-full-width fl-node-content\">\n<div class=\"fl-col-group fl-node-5e0ea949452c6\" data-node=\"5e0ea949452c6\">\n<div class=\"fl-col fl-node-5e0ea94945770\" data-node=\"5e0ea94945770\">\n<div class=\"fl-col-content fl-node-content\">\n<div class=\"fl-module fl-module-rich-text fl-node-5e0462f895f7f\" data-node=\"5e0462f895f7f\" data-animation-delay=\"0.0\">\n<div class=\"fl-module-content fl-node-content\">\n<div class=\"fl-rich-text\">\n<p><strong>Q : Pourquoi l'acier inoxydable est-il magn\u00e9tique ?<\/strong><\/p>\n<p>R : L'acier inoxydable 304 appartient \u00e0 la cat\u00e9gorie des aciers inoxydables aust\u00e9nitiques. L'aust\u00e9nite est partiellement ou l\u00e9g\u00e8rement transform\u00e9e en martensite au cours du travail \u00e0 froid. La martensite est magn\u00e9tique, de sorte que l'acier inoxydable est non magn\u00e9tique ou faiblement magn\u00e9tique.<\/p>\n<p><strong>Q : Comment identifier les produits en acier inoxydable authentiques ?<\/strong><\/p>\n<p>A:1. Le test de la potion sp\u00e9ciale de l'acier inoxydable est pris en charge. S'il ne change pas de couleur, il s'agit d'un acier inoxydable authentique.<\/p>\n<p>2. soutenir l'analyse de la composition chimique et l'analyse spectrale.<\/p>\n<p>3. Test de fum\u00e9e pour simuler l'environnement d'utilisation r\u00e9el.<\/p>\n<p><strong>Q : Quels sont les aciers inoxydables les plus couramment utilis\u00e9s ?<\/strong><\/p>\n<p>A:1.SS201, adapt\u00e9 \u00e0 une utilisation en milieu sec, facile \u00e0 rouiller dans l'eau.<\/p>\n<p>2. SS304, environnement ext\u00e9rieur ou humide, forte r\u00e9sistance \u00e0 la corrosion et aux acides.<\/p>\n<p>3. SS316, molybd\u00e8ne ajout\u00e9, plus grande r\u00e9sistance \u00e0 la corrosion, particuli\u00e8rement adapt\u00e9 \u00e0 l'eau de mer et aux milieux chimiques.<\/p>\n<\/div>\n<\/div>\n<\/div>\n<\/div>\n<\/div>\n<\/div>\n<\/div>\n<\/div>\n<\/div>\n<div class=\"fl-row fl-row-full-width fl-row-bg-none fl-node-5e12a09f94dc1\" data-node=\"5e12a09f94dc1\">\n<div class=\"fl-row-content-wrap\">\n<div class=\"fl-row-content fl-row-full-width fl-node-content\">\n<div class=\"fl-col-group fl-node-5e12a09f95371\" data-node=\"5e12a09f95371\">\n<div class=\"fl-col fl-node-5e12a09f953d2\" data-node=\"5e12a09f953d2\">\n<div class=\"fl-col-content fl-node-content\">\n<div class=\"fl-module fl-module-rich-text fl-node-5e12a09f95423\" data-node=\"5e12a09f95423\" data-animation-delay=\"0.0\">\n<div class=\"fl-module-content fl-node-content\">\n<div class=\"fl-rich-text\">\n<p><strong>Cinq avantages de l'acier inoxydable :<\/strong><\/p>\n<\/div>\n<\/div>\n<\/div>\n<\/div>\n<\/div>\n<\/div>\n<\/div>\n<\/div>\n<\/div>\n<div class=\"fl-row fl-row-full-width fl-row-bg-none fl-node-5e12a0fe10164\" data-node=\"5e12a0fe10164\">\n<div class=\"fl-row-content-wrap\">\n<div class=\"fl-row-content fl-row-full-width fl-node-content\">\n<div class=\"fl-col-group fl-node-5e12a0fe1ca64\" data-node=\"5e12a0fe1ca64\">\n<div class=\"fl-col fl-node-5e12a0fe1d072\" data-node=\"5e12a0fe1d072\">\n<div class=\"fl-col-content fl-node-content\">\n<div class=\"fl-module fl-module-rich-text fl-node-5e12a0fe0f62a\" data-node=\"5e12a0fe0f62a\" data-animation-delay=\"0.0\">\n<div class=\"fl-module-content fl-node-content\">\n<div class=\"fl-rich-text\">\n<p>\u2606 1. Duret\u00e9 \u00e9lev\u00e9e, pas de d\u00e9formation -- La duret\u00e9 de l'acier inoxydable est plus de 2 fois sup\u00e9rieure \u00e0 celle du cuivre, plus de 10 fois sup\u00e9rieure \u00e0 celle de l'aluminium, le traitement est difficile et le processus de production est compliqu\u00e9.<\/p>\n<p align=\"justify\">\n<p>\u2606 2.Durable et non rouill\u00e9 -- en acier inoxydable, la combinaison du chrome et du nickel cr\u00e9e une couche d'anti-oxydation \u00e0 la surface du mat\u00e9riau, qui joue le r\u00f4le de la rouille.<\/p>\n<p align=\"justify\">\n<p>Respectueux de l'environnement, non toxique et non polluant --- L'acier inoxydable est reconnu comme un mat\u00e9riau sanitaire, s\u00fbr, non toxique et r\u00e9sistant aux acides et aux alcalis. Il n'est pas rejet\u00e9 dans la mer et ne pollue pas l'eau du robinet.<\/p>\n<p align=\"justify\">\n<p>\u2606 4. Beau, haut de gamme, pratique --- Les produits en acier inoxydable sont populaires dans le monde entier. La surface est argent\u00e9e et blanche. Apr\u00e8s dix ans d'utilisation, il ne rouillera jamais. Tant que vous l'essuyez avec de l'eau propre, il sera propre et beau, aussi brillant que neuf.<\/p>\n<p align=\"justify\">\n<\/div>\n<\/div>\n<\/div>\n<\/div>\n<\/div>\n<\/div>\n<\/div>\n<\/div>\n<\/div>\n<div class=\"fl-row fl-row-full-width fl-row-bg-none fl-node-5e0ea6f070ee5\" data-node=\"5e0ea6f070ee5\">\n<div class=\"fl-row-content-wrap\">\n<div class=\"fl-row-content fl-row-full-width fl-node-content\">\n<div class=\"fl-col-group fl-node-5e0ea6f07142f\" data-node=\"5e0ea6f07142f\">\n<div class=\"fl-col fl-node-5e0ea6f07147c\" data-node=\"5e0ea6f07147c\">\n<div class=\"fl-col-content fl-node-content\">\n<div class=\"fl-module fl-module-rich-text fl-node-5e0ea6f0714c0\" data-node=\"5e0ea6f0714c0\" data-animation-delay=\"0.0\">\n<div class=\"fl-module-content fl-node-content\">\n<div class=\"fl-rich-text\">\n<p><strong>Param\u00e8tre du produit :<\/strong><\/p>\n<\/div>\n<\/div>\n<\/div>\n<\/div>\n<\/div>\n<\/div>\n<\/div>\n<\/div>\n<\/div>\n<div class=\"fl-row fl-row-full-width fl-row-bg-none fl-node-5e0ea8f468763\" data-node=\"5e0ea8f468763\">\n<div class=\"fl-row-content-wrap\">\n<div class=\"fl-row-content fl-row-full-width fl-node-content\">\n<div class=\"fl-col-group fl-node-5e0ea8f473dc2\" data-node=\"5e0ea8f473dc2\">\n<div class=\"fl-col fl-node-5e0ea8f47427f\" data-node=\"5e0ea8f47427f\">\n<div class=\"fl-col-content fl-node-content\">\n<div class=\"fl-module fl-module-rich-text fl-node-5e046382236f8\" data-node=\"5e046382236f8\" data-animation-delay=\"0.0\">\n<div class=\"fl-module-content fl-node-content\">\n<div class=\"fl-rich-text\">\n<p align=\"center\"><img decoding=\"async\" class=\"alignnone size-full wp-image-1203\" src=\"https:\/\/www.cyfastener.com\/uploads\/09caed32.png\" alt=\"xq01\" \/><\/p>\n<\/div>\n<\/div>\n<\/div>\n<\/div>\n<\/div>\n<\/div>\n<\/div>\n<\/div>\n<\/div>","protected":false},"excerpt":{"rendered":"<p>Quantit\u00e9 minimale de commande : 1000PCS<\/p>\n<p>EMBALLAGE : SAC\/BO\u00ceTE AVEC PALETTE<\/p>\n<p>PORT:TIANJIN\/QINGDAO\/SHANGHAI\/NINGBO<\/p>\n<p>LIVRAISON : 5-30 JOURS SUR QTY<\/p>\n<p>PAIEMENT : T\/T\/LC<\/p>\n<p>Capacit\u00e9 d'approvisionnement : 500 TONNES PAR MOIS<\/p>","protected":false},"featured_media":1563,"template":"","meta":{"_kad_post_transparent":"default","_kad_post_title":"","_kad_post_layout":"default","_kad_post_sidebar_id":"","_kad_post_content_style":"default","_kad_post_vertical_padding":"default","_kad_post_feature":"","_kad_post_feature_position":"","_kad_post_header":false,"_kad_post_footer":false},"product_brand":[],"product_cat":[28,38],"product_tag":[],"class_list":{"0":"post-1556","1":"product","2":"type-product","3":"status-publish","4":"has-post-thumbnail","6":"product_cat-bolt","7":"product_cat-din-444-eye-bolt","9":"first","10":"instock","11":"shipping-taxable","12":"product-type-simple","13":"entry","14":"content-bg","15":"loop-entry"},"yoast_head":"<!-- This site is optimized with the Yoast SEO plugin v27.4 - https:\/\/yoast.com\/product\/yoast-seo-wordpress\/ -->\n<title>Stainless steel Eye Bolt DIN 444 - Quantong Fastener<\/title>\n<meta name=\"robots\" content=\"index, follow, max-snippet:-1, max-image-preview:large, max-video-preview:-1\" \/>\n<link rel=\"canonical\" href=\"https:\/\/quantongfastener.com\/fr\/produit\/stainless-steel-eye-bolt-din-444\/\" \/>\n<meta property=\"og:locale\" content=\"fr_FR\" \/>\n<meta property=\"og:type\" content=\"article\" \/>\n<meta property=\"og:title\" content=\"Stainless steel Eye Bolt DIN 444 - Quantong Fastener\" \/>\n<meta property=\"og:description\" content=\"Min.Order Quantity:1000PCS  PACKAGING:BAG\/BOX WITH PALLET  PORT:TIANJIN\/QINGDAO\/SHANGHAI\/NINGBO  DELIVERY:5-30DAYS ON QTY  PAYMENT:T\/T\/LC  Supply Ability:500 TON PER MONTH\" \/>\n<meta property=\"og:url\" content=\"https:\/\/quantongfastener.com\/fr\/produit\/stainless-steel-eye-bolt-din-444\/\" \/>\n<meta property=\"og:site_name\" content=\"Quantong Fastener\" \/>\n<meta property=\"article:modified_time\" content=\"2025-08-21T03:11:58+00:00\" \/>\n<meta property=\"og:image\" content=\"https:\/\/quantongfastener.com\/wp-content\/uploads\/2025\/07\/Stainless-steel-Eye-Bolt-DIN-444.jpg\" \/>\n\t<meta property=\"og:image:width\" content=\"610\" \/>\n\t<meta property=\"og:image:height\" content=\"610\" \/>\n\t<meta property=\"og:image:type\" content=\"image\/jpeg\" \/>\n<meta name=\"twitter:card\" content=\"summary_large_image\" \/>\n<meta name=\"twitter:label1\" content=\"Dur\u00e9e de lecture estim\u00e9e\" \/>\n\t<meta name=\"twitter:data1\" content=\"3 minutes\" \/>\n<script type=\"application\/ld+json\" class=\"yoast-schema-graph\">{\"@context\":\"https:\\\/\\\/schema.org\",\"@graph\":[{\"@type\":\"WebPage\",\"@id\":\"https:\\\/\\\/quantongfastener.com\\\/product\\\/stainless-steel-eye-bolt-din-444\\\/\",\"url\":\"https:\\\/\\\/quantongfastener.com\\\/product\\\/stainless-steel-eye-bolt-din-444\\\/\",\"name\":\"Stainless steel Eye Bolt DIN 444 - Quantong Fastener\",\"isPartOf\":{\"@id\":\"https:\\\/\\\/quantongfastener.com\\\/#website\"},\"primaryImageOfPage\":{\"@id\":\"https:\\\/\\\/quantongfastener.com\\\/product\\\/stainless-steel-eye-bolt-din-444\\\/#primaryimage\"},\"image\":{\"@id\":\"https:\\\/\\\/quantongfastener.com\\\/product\\\/stainless-steel-eye-bolt-din-444\\\/#primaryimage\"},\"thumbnailUrl\":\"https:\\\/\\\/quantongfastener.com\\\/wp-content\\\/uploads\\\/2025\\\/07\\\/Stainless-steel-Eye-Bolt-DIN-444.jpg\",\"datePublished\":\"2025-07-29T15:50:22+00:00\",\"dateModified\":\"2025-08-21T03:11:58+00:00\",\"breadcrumb\":{\"@id\":\"https:\\\/\\\/quantongfastener.com\\\/product\\\/stainless-steel-eye-bolt-din-444\\\/#breadcrumb\"},\"inLanguage\":\"fr-FR\",\"potentialAction\":[{\"@type\":\"ReadAction\",\"target\":[\"https:\\\/\\\/quantongfastener.com\\\/product\\\/stainless-steel-eye-bolt-din-444\\\/\"]}]},{\"@type\":\"ImageObject\",\"inLanguage\":\"fr-FR\",\"@id\":\"https:\\\/\\\/quantongfastener.com\\\/product\\\/stainless-steel-eye-bolt-din-444\\\/#primaryimage\",\"url\":\"https:\\\/\\\/quantongfastener.com\\\/wp-content\\\/uploads\\\/2025\\\/07\\\/Stainless-steel-Eye-Bolt-DIN-444.jpg\",\"contentUrl\":\"https:\\\/\\\/quantongfastener.com\\\/wp-content\\\/uploads\\\/2025\\\/07\\\/Stainless-steel-Eye-Bolt-DIN-444.jpg\",\"width\":610,\"height\":610},{\"@type\":\"BreadcrumbList\",\"@id\":\"https:\\\/\\\/quantongfastener.com\\\/product\\\/stainless-steel-eye-bolt-din-444\\\/#breadcrumb\",\"itemListElement\":[{\"@type\":\"ListItem\",\"position\":1,\"name\":\"Home\",\"item\":\"https:\\\/\\\/quantongfastener.com\\\/\"},{\"@type\":\"ListItem\",\"position\":2,\"name\":\"Products\",\"item\":\"https:\\\/\\\/quantongfastener.com\\\/products\\\/\"},{\"@type\":\"ListItem\",\"position\":3,\"name\":\"Stainless steel Eye Bolt DIN 444\"}]},{\"@type\":\"WebSite\",\"@id\":\"https:\\\/\\\/quantongfastener.com\\\/#website\",\"url\":\"https:\\\/\\\/quantongfastener.com\\\/\",\"name\":\"Quantong Fastener\",\"description\":\"\",\"publisher\":{\"@id\":\"https:\\\/\\\/quantongfastener.com\\\/#organization\"},\"potentialAction\":[{\"@type\":\"SearchAction\",\"target\":{\"@type\":\"EntryPoint\",\"urlTemplate\":\"https:\\\/\\\/quantongfastener.com\\\/?s={search_term_string}\"},\"query-input\":{\"@type\":\"PropertyValueSpecification\",\"valueRequired\":true,\"valueName\":\"search_term_string\"}}],\"inLanguage\":\"fr-FR\"},{\"@type\":\"Organization\",\"@id\":\"https:\\\/\\\/quantongfastener.com\\\/#organization\",\"name\":\"Quantong Fastener\",\"url\":\"https:\\\/\\\/quantongfastener.com\\\/\",\"logo\":{\"@type\":\"ImageObject\",\"inLanguage\":\"fr-FR\",\"@id\":\"https:\\\/\\\/quantongfastener.com\\\/#\\\/schema\\\/logo\\\/image\\\/\",\"url\":\"https:\\\/\\\/quantongfastener.com\\\/wp-content\\\/uploads\\\/2025\\\/07\\\/logo.jpg\",\"contentUrl\":\"https:\\\/\\\/quantongfastener.com\\\/wp-content\\\/uploads\\\/2025\\\/07\\\/logo.jpg\",\"width\":425,\"height\":424,\"caption\":\"Quantong Fastener\"},\"image\":{\"@id\":\"https:\\\/\\\/quantongfastener.com\\\/#\\\/schema\\\/logo\\\/image\\\/\"}}]}<\/script>\n<!-- \/ Yoast SEO plugin. -->","yoast_head_json":{"title":"Stainless steel Eye Bolt DIN 444 - Quantong Fastener","robots":{"index":"index","follow":"follow","max-snippet":"max-snippet:-1","max-image-preview":"max-image-preview:large","max-video-preview":"max-video-preview:-1"},"canonical":"https:\/\/quantongfastener.com\/fr\/produit\/stainless-steel-eye-bolt-din-444\/","og_locale":"fr_FR","og_type":"article","og_title":"Stainless steel Eye Bolt DIN 444 - Quantong Fastener","og_description":"Min.Order Quantity:1000PCS  PACKAGING:BAG\/BOX WITH PALLET  PORT:TIANJIN\/QINGDAO\/SHANGHAI\/NINGBO  DELIVERY:5-30DAYS ON QTY  PAYMENT:T\/T\/LC  Supply Ability:500 TON PER MONTH","og_url":"https:\/\/quantongfastener.com\/fr\/produit\/stainless-steel-eye-bolt-din-444\/","og_site_name":"Quantong Fastener","article_modified_time":"2025-08-21T03:11:58+00:00","og_image":[{"width":610,"height":610,"url":"https:\/\/quantongfastener.com\/wp-content\/uploads\/2025\/07\/Stainless-steel-Eye-Bolt-DIN-444.jpg","type":"image\/jpeg"}],"twitter_card":"summary_large_image","twitter_misc":{"Dur\u00e9e de lecture estim\u00e9e":"3 minutes"},"schema":{"@context":"https:\/\/schema.org","@graph":[{"@type":"WebPage","@id":"https:\/\/quantongfastener.com\/product\/stainless-steel-eye-bolt-din-444\/","url":"https:\/\/quantongfastener.com\/product\/stainless-steel-eye-bolt-din-444\/","name":"Stainless steel Eye Bolt DIN 444 - Quantong Fastener","isPartOf":{"@id":"https:\/\/quantongfastener.com\/#website"},"primaryImageOfPage":{"@id":"https:\/\/quantongfastener.com\/product\/stainless-steel-eye-bolt-din-444\/#primaryimage"},"image":{"@id":"https:\/\/quantongfastener.com\/product\/stainless-steel-eye-bolt-din-444\/#primaryimage"},"thumbnailUrl":"https:\/\/quantongfastener.com\/wp-content\/uploads\/2025\/07\/Stainless-steel-Eye-Bolt-DIN-444.jpg","datePublished":"2025-07-29T15:50:22+00:00","dateModified":"2025-08-21T03:11:58+00:00","breadcrumb":{"@id":"https:\/\/quantongfastener.com\/product\/stainless-steel-eye-bolt-din-444\/#breadcrumb"},"inLanguage":"fr-FR","potentialAction":[{"@type":"ReadAction","target":["https:\/\/quantongfastener.com\/product\/stainless-steel-eye-bolt-din-444\/"]}]},{"@type":"ImageObject","inLanguage":"fr-FR","@id":"https:\/\/quantongfastener.com\/product\/stainless-steel-eye-bolt-din-444\/#primaryimage","url":"https:\/\/quantongfastener.com\/wp-content\/uploads\/2025\/07\/Stainless-steel-Eye-Bolt-DIN-444.jpg","contentUrl":"https:\/\/quantongfastener.com\/wp-content\/uploads\/2025\/07\/Stainless-steel-Eye-Bolt-DIN-444.jpg","width":610,"height":610},{"@type":"BreadcrumbList","@id":"https:\/\/quantongfastener.com\/product\/stainless-steel-eye-bolt-din-444\/#breadcrumb","itemListElement":[{"@type":"ListItem","position":1,"name":"Home","item":"https:\/\/quantongfastener.com\/"},{"@type":"ListItem","position":2,"name":"Products","item":"https:\/\/quantongfastener.com\/products\/"},{"@type":"ListItem","position":3,"name":"Stainless steel Eye Bolt DIN 444"}]},{"@type":"WebSite","@id":"https:\/\/quantongfastener.com\/#website","url":"https:\/\/quantongfastener.com\/","name":"Attache Quantong","description":"","publisher":{"@id":"https:\/\/quantongfastener.com\/#organization"},"potentialAction":[{"@type":"SearchAction","target":{"@type":"EntryPoint","urlTemplate":"https:\/\/quantongfastener.com\/?s={search_term_string}"},"query-input":{"@type":"PropertyValueSpecification","valueRequired":true,"valueName":"search_term_string"}}],"inLanguage":"fr-FR"},{"@type":"Organization","@id":"https:\/\/quantongfastener.com\/#organization","name":"Attache Quantong","url":"https:\/\/quantongfastener.com\/","logo":{"@type":"ImageObject","inLanguage":"fr-FR","@id":"https:\/\/quantongfastener.com\/#\/schema\/logo\/image\/","url":"https:\/\/quantongfastener.com\/wp-content\/uploads\/2025\/07\/logo.jpg","contentUrl":"https:\/\/quantongfastener.com\/wp-content\/uploads\/2025\/07\/logo.jpg","width":425,"height":424,"caption":"Quantong Fastener"},"image":{"@id":"https:\/\/quantongfastener.com\/#\/schema\/logo\/image\/"}}]}},"_links":{"self":[{"href":"https:\/\/quantongfastener.com\/fr\/wp-json\/wp\/v2\/product\/1556","targetHints":{"allow":["GET"]}}],"collection":[{"href":"https:\/\/quantongfastener.com\/fr\/wp-json\/wp\/v2\/product"}],"about":[{"href":"https:\/\/quantongfastener.com\/fr\/wp-json\/wp\/v2\/types\/product"}],"wp:featuredmedia":[{"embeddable":true,"href":"https:\/\/quantongfastener.com\/fr\/wp-json\/wp\/v2\/media\/1563"}],"wp:attachment":[{"href":"https:\/\/quantongfastener.com\/fr\/wp-json\/wp\/v2\/media?parent=1556"}],"wp:term":[{"taxonomy":"product_brand","embeddable":true,"href":"https:\/\/quantongfastener.com\/fr\/wp-json\/wp\/v2\/product_brand?post=1556"},{"taxonomy":"product_cat","embeddable":true,"href":"https:\/\/quantongfastener.com\/fr\/wp-json\/wp\/v2\/product_cat?post=1556"},{"taxonomy":"product_tag","embeddable":true,"href":"https:\/\/quantongfastener.com\/fr\/wp-json\/wp\/v2\/product_tag?post=1556"}],"curies":[{"name":"wp","href":"https:\/\/api.w.org\/{rel}","templated":true}]}}