{"id":1516,"date":"2025-07-29T15:32:53","date_gmt":"2025-07-29T15:32:53","guid":{"rendered":"https:\/\/quantongfastener.com\/?post_type=product&#038;p=1516"},"modified":"2025-07-29T15:32:53","modified_gmt":"2025-07-29T15:32:53","slug":"stainless-steel-a2-70-a4-70-hex-bolts-din-931-din-933","status":"publish","type":"product","link":"https:\/\/quantongfastener.com\/fr\/produit\/stainless-steel-a2-70-a4-70-hex-bolts-din-931-din-933\/","title":{"rendered":"Acier inoxydable A2-70 A4-70 Boulons hexagonaux DIN 931 DIN 933"},"content":{"rendered":"<p><img fetchpriority=\"high\" decoding=\"async\" class=\"alignnone size-full wp-image-1517\" src=\"https:\/\/quantongfastener.com\/wp-content\/uploads\/2025\/07\/Hot-dip-Galvanized-Hex-Bolt-DIN-933_DIN-931-1-1.jpg\" alt=\"\" width=\"610\" height=\"610\" srcset=\"https:\/\/quantongfastener.com\/wp-content\/uploads\/2025\/07\/Hot-dip-Galvanized-Hex-Bolt-DIN-933_DIN-931-1-1.jpg 610w, https:\/\/quantongfastener.com\/wp-content\/uploads\/2025\/07\/Hot-dip-Galvanized-Hex-Bolt-DIN-933_DIN-931-1-1-300x300.jpg 300w, https:\/\/quantongfastener.com\/wp-content\/uploads\/2025\/07\/Hot-dip-Galvanized-Hex-Bolt-DIN-933_DIN-931-1-1-150x150.jpg 150w, https:\/\/quantongfastener.com\/wp-content\/uploads\/2025\/07\/Hot-dip-Galvanized-Hex-Bolt-DIN-933_DIN-931-1-1-12x12.jpg 12w, https:\/\/quantongfastener.com\/wp-content\/uploads\/2025\/07\/Hot-dip-Galvanized-Hex-Bolt-DIN-933_DIN-931-1-1-600x600.jpg 600w, https:\/\/quantongfastener.com\/wp-content\/uploads\/2025\/07\/Hot-dip-Galvanized-Hex-Bolt-DIN-933_DIN-931-1-1-100x100.jpg 100w\" sizes=\"(max-width: 610px) 100vw, 610px\" \/><\/p>\n<div class=\"table_wrap\">\n<table border=\"1\" cellspacing=\"0\">\n<tbody>\n<tr>\n<td valign=\"top\" width=\"161\">Nom du produit<\/td>\n<td valign=\"top\" width=\"406\">Boulon hexagonal<\/td>\n<\/tr>\n<tr>\n<td valign=\"top\" width=\"161\">Taille<\/td>\n<td valign=\"top\" width=\"406\">M3-100<\/td>\n<\/tr>\n<tr>\n<td valign=\"top\" width=\"161\">Longueur<\/td>\n<td valign=\"top\" width=\"406\">10-3000mm ou selon les besoins<\/td>\n<\/tr>\n<tr>\n<td valign=\"top\" width=\"161\">Grade<\/td>\n<td valign=\"top\" width=\"406\">SS304\/SS316<\/td>\n<\/tr>\n<tr>\n<td valign=\"top\" width=\"161\">Mat\u00e9riau<\/td>\n<td valign=\"top\" width=\"406\">Acier sans soudure<\/td>\n<\/tr>\n<tr>\n<td valign=\"top\" width=\"161\">Traitement de surface<\/td>\n<td valign=\"top\" width=\"406\">Plaine<\/td>\n<\/tr>\n<tr>\n<td valign=\"top\" width=\"161\">Standard<\/td>\n<td valign=\"top\" width=\"406\">DIN\/ISO<\/td>\n<\/tr>\n<tr>\n<td valign=\"top\" width=\"161\">Certificat<\/td>\n<td valign=\"top\" width=\"406\">ISO 9001<\/td>\n<\/tr>\n<tr>\n<td valign=\"top\" width=\"161\">\u00c9chantillon<\/td>\n<td valign=\"top\" width=\"406\">\u00c9chantillons gratuits<\/td>\n<\/tr>\n<tr>\n<td valign=\"top\" width=\"161\">Utilisation<\/td>\n<td valign=\"top\" width=\"406\">Structures en acier, structures en acier \u00e0 \u00e9tages multiples, b\u00e2timents, b\u00e2timents industriels, autoroutes, chemins de fer, tours \u00e0 vapeur en acier, centrales \u00e9lectriques et autres cadres d'ateliers de construction.<\/td>\n<\/tr>\n<\/tbody>\n<\/table>\n<\/div>\n<p>&nbsp;<\/p>\n<p>&nbsp;<\/p>\n<div class=\"fl-row fl-row-full-width fl-row-bg-none fl-node-5e61ee819301a\" data-node=\"5e61ee819301a\">\n<div class=\"fl-row-content-wrap\">\n<div class=\"fl-row-content fl-row-full-width fl-node-content\">\n<div class=\"fl-col-group fl-node-5e61ee819306c\" data-node=\"5e61ee819306c\">\n<div class=\"fl-col fl-node-5e61ee81930ba\" data-node=\"5e61ee81930ba\">\n<div class=\"fl-col-content fl-node-content\">\n<div class=\"fl-module fl-module-rich-text fl-node-5e61ee819161e\" data-node=\"5e61ee819161e\" data-animation-delay=\"0.0\">\n<div class=\"fl-module-content fl-node-content\">\n<div class=\"fl-rich-text\">\n<ol>\n<li>\n<div class=\"fl-row fl-row-full-width fl-row-bg-none fl-node-5e562bb17fb41\" data-node=\"5e562bb17fb41\">\n<div class=\"fl-row-content-wrap\">\n<div class=\"fl-row-content fl-row-full-width fl-node-content\">\n<div class=\"fl-col-group fl-node-5e562bf5bbc60\" data-node=\"5e562bf5bbc60\">\n<div class=\"fl-col fl-node-5e562bf5bbf50\" data-node=\"5e562bf5bbf50\">\n<div class=\"fl-col-content fl-node-content\">\n<div class=\"fl-module fl-module-rich-text fl-node-5e562bf5bb9f0\" data-node=\"5e562bf5bb9f0\" data-animation-delay=\"0.0\">\n<div class=\"fl-module-content fl-node-content\">\n<div class=\"fl-rich-text\">\n<p>Q : Pourquoi l'acier inoxydable est-il magn\u00e9tique ?<br \/>\nR : L'acier inoxydable 304 appartient \u00e0 la cat\u00e9gorie des aciers inoxydables aust\u00e9nitiques. L'aust\u00e9nite est partiellement ou l\u00e9g\u00e8rement transform\u00e9e en martensite au cours du travail \u00e0 froid. La martensite est magn\u00e9tique, de sorte que l'acier inoxydable est non magn\u00e9tique ou faiblement magn\u00e9tique.<br \/>\nQ : Comment identifier les produits en acier inoxydable authentiques ?<br \/>\nR : 1. le test de la potion sp\u00e9ciale de l'acier inoxydable, s'il ne change pas de couleur, il s'agit d'un acier inoxydable authentique.<br \/>\n2. Soutenir l'analyse de la composition chimique et l'analyse spectrale.<br \/>\n3. Test de fum\u00e9e pour simuler l'environnement d'utilisation r\u00e9el.<br \/>\nQ : Quels sont les aciers inoxydables les plus couramment utilis\u00e9s ?<br \/>\nA : 1.SS201, adapt\u00e9 \u00e0 une utilisation en milieu sec, facile \u00e0 rouiller dans l'eau.<br \/>\n2. SS304, environnement ext\u00e9rieur ou humide, forte r\u00e9sistance \u00e0 la corrosion et aux acides.<br \/>\n3. SS316, molybd\u00e8ne ajout\u00e9, plus grande r\u00e9sistance \u00e0 la corrosion, particuli\u00e8rement adapt\u00e9 \u00e0 l'eau de mer et aux milieux chimiques.<\/p>\n<\/div>\n<\/div>\n<\/div>\n<\/div>\n<\/div>\n<\/div>\n<\/div>\n<\/div>\n<\/div>\n<div class=\"fl-row fl-row-full-width fl-row-bg-none fl-node-5e562c4f0550c\" data-node=\"5e562c4f0550c\">\n<div class=\"fl-row-content-wrap\">\n<div class=\"fl-row-content fl-row-full-width fl-node-content\">\n<div class=\"fl-col-group fl-node-5e562c4f09eca\" data-node=\"5e562c4f09eca\">\n<div class=\"fl-col fl-node-5e562c4f0a235\" data-node=\"5e562c4f0a235\">\n<div class=\"fl-col-content fl-node-content\">\n<div class=\"fl-module fl-module-rich-text fl-node-5e562c601b7eb\" data-node=\"5e562c601b7eb\" data-animation-delay=\"0.0\">\n<div class=\"fl-module-content fl-node-content\">\n<div class=\"fl-rich-text\">\n<p><strong>Cinq avantages de l'acier inoxydable :<\/strong><\/p>\n<\/div>\n<\/div>\n<\/div>\n<\/div>\n<\/div>\n<\/div>\n<div class=\"fl-col-group fl-node-5e562c7e83bbb\" data-node=\"5e562c7e83bbb\">\n<div class=\"fl-col fl-node-5e562c7e83ed1\" data-node=\"5e562c7e83ed1\">\n<div class=\"fl-col-content fl-node-content\">\n<div class=\"fl-module fl-module-rich-text fl-node-5e562c7e839ba\" data-node=\"5e562c7e839ba\" data-animation-delay=\"0.0\">\n<div class=\"fl-module-content fl-node-content\">\n<div class=\"fl-rich-text\">\n<p>1. Duret\u00e9 \u00e9lev\u00e9e, pas de d\u00e9formation -- La duret\u00e9 de l'acier inoxydable est plus de 2 fois sup\u00e9rieure \u00e0 celle du cuivre, plus de 10 fois sup\u00e9rieure \u00e0 celle de l'aluminium, le traitement est difficile et le processus de production est compliqu\u00e9.<br \/>\n2. durable et antirouille - fabriqu\u00e9 en acier inoxydable, la combinaison du chrome et du nickel cr\u00e9e une couche antioxydante \u00e0 la surface du mat\u00e9riau, qui joue le r\u00f4le de la rouille.<br \/>\n3. respectueux de l'environnement, non toxique et non polluant --- L'acier inoxydable est reconnu comme un mat\u00e9riau sanitaire, s\u00fbr, non toxique et r\u00e9sistant aux acides et aux alcalis. Il n'est pas rejet\u00e9 dans la mer et ne pollue pas l'eau du robinet.<br \/>\n4. Beaux, de haute qualit\u00e9, pratiques --- Les produits en acier inoxydable sont populaires dans le monde entier. La surface est argent\u00e9e et blanche. Apr\u00e8s dix ans d'utilisation, il ne rouillera jamais. Tant que vous l'essuyez avec de l'eau propre, il sera propre et beau, aussi brillant que neuf.<\/p>\n<\/div>\n<\/div>\n<\/div>\n<\/div>\n<\/div>\n<\/div>\n<\/div>\n<\/div>\n<\/div>\n<\/li>\n<\/ol>\n<\/div>\n<\/div>\n<\/div>\n<\/div>\n<\/div>\n<\/div>\n<\/div>\n<\/div>\n<\/div>\n<div class=\"fl-row fl-row-full-width fl-row-bg-none fl-node-5e61ee819381a\" data-node=\"5e61ee819381a\">\n<div class=\"fl-row-content-wrap\">\n<div class=\"fl-row-content fl-row-full-width fl-node-content\">\n<div class=\"fl-col-group fl-node-5e61ee819387e\" data-node=\"5e61ee819387e\">\n<div class=\"fl-col fl-node-5e61ee81938fb\" data-node=\"5e61ee81938fb\">\n<div class=\"fl-col-content fl-node-content\">\n<div class=\"fl-module fl-module-rich-text fl-node-5e61ee8193952\" data-node=\"5e61ee8193952\" data-animation-delay=\"0.0\">\n<div class=\"fl-module-content fl-node-content\">\n<div class=\"fl-rich-text\">\n<p><img decoding=\"async\" class=\"alignnone size-full wp-image-1505\" src=\"https:\/\/quantongfastener.com\/wp-content\/uploads\/2025\/07\/7b058a7a-b73e-4ad8-8816-335adf5b537d.png\" alt=\"\" width=\"1037\" height=\"618\" srcset=\"https:\/\/quantongfastener.com\/wp-content\/uploads\/2025\/07\/7b058a7a-b73e-4ad8-8816-335adf5b537d.png 1037w, https:\/\/quantongfastener.com\/wp-content\/uploads\/2025\/07\/7b058a7a-b73e-4ad8-8816-335adf5b537d-300x179.png 300w, https:\/\/quantongfastener.com\/wp-content\/uploads\/2025\/07\/7b058a7a-b73e-4ad8-8816-335adf5b537d-1024x610.png 1024w, https:\/\/quantongfastener.com\/wp-content\/uploads\/2025\/07\/7b058a7a-b73e-4ad8-8816-335adf5b537d-768x458.png 768w, https:\/\/quantongfastener.com\/wp-content\/uploads\/2025\/07\/7b058a7a-b73e-4ad8-8816-335adf5b537d-18x12.png 18w, https:\/\/quantongfastener.com\/wp-content\/uploads\/2025\/07\/7b058a7a-b73e-4ad8-8816-335adf5b537d-600x358.png 600w\" sizes=\"(max-width: 1037px) 100vw, 1037px\" \/><\/p>\n<p><img decoding=\"async\" class=\"alignnone size-full wp-image-1506\" src=\"https:\/\/quantongfastener.com\/wp-content\/uploads\/2025\/07\/0c66bfd9-d538-424f-a05f-2fb33dc82204.png\" alt=\"\" width=\"1046\" height=\"654\" srcset=\"https:\/\/quantongfastener.com\/wp-content\/uploads\/2025\/07\/0c66bfd9-d538-424f-a05f-2fb33dc82204.png 1046w, https:\/\/quantongfastener.com\/wp-content\/uploads\/2025\/07\/0c66bfd9-d538-424f-a05f-2fb33dc82204-300x188.png 300w, https:\/\/quantongfastener.com\/wp-content\/uploads\/2025\/07\/0c66bfd9-d538-424f-a05f-2fb33dc82204-1024x640.png 1024w, https:\/\/quantongfastener.com\/wp-content\/uploads\/2025\/07\/0c66bfd9-d538-424f-a05f-2fb33dc82204-768x480.png 768w, https:\/\/quantongfastener.com\/wp-content\/uploads\/2025\/07\/0c66bfd9-d538-424f-a05f-2fb33dc82204-18x12.png 18w, https:\/\/quantongfastener.com\/wp-content\/uploads\/2025\/07\/0c66bfd9-d538-424f-a05f-2fb33dc82204-600x375.png 600w\" sizes=\"(max-width: 1046px) 100vw, 1046px\" \/><\/p>\n<p><img loading=\"lazy\" decoding=\"async\" class=\"alignnone size-full wp-image-1507\" src=\"https:\/\/quantongfastener.com\/wp-content\/uploads\/2025\/07\/84e83c4a-c29c-4bf1-9006-0091983dfb41.png\" alt=\"\" width=\"1037\" height=\"660\" srcset=\"https:\/\/quantongfastener.com\/wp-content\/uploads\/2025\/07\/84e83c4a-c29c-4bf1-9006-0091983dfb41.png 1037w, https:\/\/quantongfastener.com\/wp-content\/uploads\/2025\/07\/84e83c4a-c29c-4bf1-9006-0091983dfb41-300x191.png 300w, https:\/\/quantongfastener.com\/wp-content\/uploads\/2025\/07\/84e83c4a-c29c-4bf1-9006-0091983dfb41-1024x652.png 1024w, https:\/\/quantongfastener.com\/wp-content\/uploads\/2025\/07\/84e83c4a-c29c-4bf1-9006-0091983dfb41-768x489.png 768w, https:\/\/quantongfastener.com\/wp-content\/uploads\/2025\/07\/84e83c4a-c29c-4bf1-9006-0091983dfb41-18x12.png 18w, https:\/\/quantongfastener.com\/wp-content\/uploads\/2025\/07\/84e83c4a-c29c-4bf1-9006-0091983dfb41-600x382.png 600w\" sizes=\"(max-width: 1037px) 100vw, 1037px\" \/><\/p>\n<p><img loading=\"lazy\" decoding=\"async\" class=\"alignnone size-full wp-image-1508\" src=\"https:\/\/quantongfastener.com\/wp-content\/uploads\/2025\/07\/b8ca4fa03-1.png\" alt=\"\" width=\"780\" height=\"286\" srcset=\"https:\/\/quantongfastener.com\/wp-content\/uploads\/2025\/07\/b8ca4fa03-1.png 780w, https:\/\/quantongfastener.com\/wp-content\/uploads\/2025\/07\/b8ca4fa03-1-300x110.png 300w, https:\/\/quantongfastener.com\/wp-content\/uploads\/2025\/07\/b8ca4fa03-1-768x282.png 768w, https:\/\/quantongfastener.com\/wp-content\/uploads\/2025\/07\/b8ca4fa03-1-18x7.png 18w, https:\/\/quantongfastener.com\/wp-content\/uploads\/2025\/07\/b8ca4fa03-1-600x220.png 600w\" sizes=\"(max-width: 780px) 100vw, 780px\" \/><\/p>\n<p><img loading=\"lazy\" decoding=\"async\" class=\"alignnone size-full wp-image-1509\" src=\"https:\/\/quantongfastener.com\/wp-content\/uploads\/2025\/07\/381cabaf-c5ba-4e8a-bcae-2dc92893ede8.png\" alt=\"\" width=\"779\" height=\"749\" srcset=\"https:\/\/quantongfastener.com\/wp-content\/uploads\/2025\/07\/381cabaf-c5ba-4e8a-bcae-2dc92893ede8.png 779w, https:\/\/quantongfastener.com\/wp-content\/uploads\/2025\/07\/381cabaf-c5ba-4e8a-bcae-2dc92893ede8-300x288.png 300w, https:\/\/quantongfastener.com\/wp-content\/uploads\/2025\/07\/381cabaf-c5ba-4e8a-bcae-2dc92893ede8-768x738.png 768w, https:\/\/quantongfastener.com\/wp-content\/uploads\/2025\/07\/381cabaf-c5ba-4e8a-bcae-2dc92893ede8-12x12.png 12w, https:\/\/quantongfastener.com\/wp-content\/uploads\/2025\/07\/381cabaf-c5ba-4e8a-bcae-2dc92893ede8-600x577.png 600w\" sizes=\"(max-width: 779px) 100vw, 779px\" \/><\/p>\n<\/div>\n<\/div>\n<\/div>\n<\/div>\n<\/div>\n<\/div>\n<\/div>\n<\/div>\n<\/div>","protected":false},"excerpt":{"rendered":"<p>Quantit\u00e9 minimale de commande : 1000PCS<\/p>\n<p>EMBALLAGE : SAC\/BO\u00ceTE AVEC PALETTE<\/p>\n<p>PORT:TIANJIN\/QINGDAO\/SHANGHAI\/NINGBO<\/p>\n<p>LIVRAISON : 5-30 JOURS SUR QTY<\/p>\n<p>PAIEMENT : T\/T\/LC<\/p>\n<p>Capacit\u00e9 d'approvisionnement : 500 TONNES PAR MOIS<\/p>\n<p>&nbsp;<\/p>\n<ul>\n<li><em>Prix FOB :<\/em>US $0.5 - 9 999 \/ Pi\u00e8ce<\/li>\n<li><em>Quantit\u00e9 minimale de commande :<\/em>100 pi\u00e8ces\/pi\u00e8ces<\/li>\n<li><em>Capacit\u00e9 d'approvisionnement :<\/em>10000 pi\u00e8ces par mois<\/li>\n<\/ul>","protected":false},"featured_media":1535,"template":"","meta":{"_kad_post_transparent":"default","_kad_post_title":"","_kad_post_layout":"default","_kad_post_sidebar_id":"","_kad_post_content_style":"default","_kad_post_vertical_padding":"default","_kad_post_feature":"","_kad_post_feature_position":"","_kad_post_header":false,"_kad_post_footer":false},"product_brand":[],"product_cat":[28],"product_tag":[],"class_list":{"0":"post-1516","1":"product","2":"type-product","3":"status-publish","4":"has-post-thumbnail","6":"product_cat-bolt","8":"first","9":"instock","10":"shipping-taxable","11":"product-type-simple","12":"entry","13":"content-bg","14":"loop-entry"},"yoast_head":"<!-- This site is optimized with the Yoast SEO plugin v27.4 - https:\/\/yoast.com\/product\/yoast-seo-wordpress\/ -->\n<title>Stainless steel A2-70 A4-70 Hex bolts DIN 931 DIN 933 - Quantong Fastener<\/title>\n<meta name=\"robots\" content=\"index, follow, max-snippet:-1, max-image-preview:large, max-video-preview:-1\" \/>\n<link rel=\"canonical\" href=\"https:\/\/quantongfastener.com\/fr\/produit\/stainless-steel-a2-70-a4-70-hex-bolts-din-931-din-933\/\" \/>\n<meta property=\"og:locale\" content=\"fr_FR\" \/>\n<meta property=\"og:type\" content=\"article\" \/>\n<meta property=\"og:title\" content=\"Stainless steel A2-70 A4-70 Hex bolts DIN 931 DIN 933 - Quantong Fastener\" \/>\n<meta property=\"og:description\" content=\"Min.Order Quantity:1000PCS  PACKAGING:BAG\/BOX WITH PALLET  PORT:TIANJIN\/QINGDAO\/SHANGHAI\/NINGBO  DELIVERY:5-30DAYS ON QTY  PAYMENT:T\/T\/LC  Supply Ability:500 TON PER MONTH  &nbsp;   FOB Price:US $0.5 - 9,999 \/ Piece  Min.Order Quantity:100 Piece\/Pieces  Supply Ability:10000 Piece\/Pieces per Month\" \/>\n<meta property=\"og:url\" content=\"https:\/\/quantongfastener.com\/fr\/produit\/stainless-steel-a2-70-a4-70-hex-bolts-din-931-din-933\/\" \/>\n<meta property=\"og:site_name\" content=\"Quantong Fastener\" \/>\n<meta property=\"og:image\" content=\"https:\/\/quantongfastener.com\/wp-content\/uploads\/2025\/07\/Stainless-steel-A2-70-A4-70-Hex-bolts-DIN-931-DIN-933.jpg\" \/>\n\t<meta property=\"og:image:width\" content=\"610\" \/>\n\t<meta property=\"og:image:height\" content=\"610\" \/>\n\t<meta property=\"og:image:type\" content=\"image\/jpeg\" \/>\n<meta name=\"twitter:card\" content=\"summary_large_image\" \/>\n<meta name=\"twitter:label1\" content=\"Dur\u00e9e de lecture estim\u00e9e\" \/>\n\t<meta name=\"twitter:data1\" content=\"3 minutes\" \/>\n<script type=\"application\/ld+json\" class=\"yoast-schema-graph\">{\"@context\":\"https:\\\/\\\/schema.org\",\"@graph\":[{\"@type\":\"WebPage\",\"@id\":\"https:\\\/\\\/quantongfastener.com\\\/product\\\/stainless-steel-a2-70-a4-70-hex-bolts-din-931-din-933\\\/\",\"url\":\"https:\\\/\\\/quantongfastener.com\\\/product\\\/stainless-steel-a2-70-a4-70-hex-bolts-din-931-din-933\\\/\",\"name\":\"Stainless steel A2-70 A4-70 Hex bolts DIN 931 DIN 933 - Quantong Fastener\",\"isPartOf\":{\"@id\":\"https:\\\/\\\/quantongfastener.com\\\/#website\"},\"primaryImageOfPage\":{\"@id\":\"https:\\\/\\\/quantongfastener.com\\\/product\\\/stainless-steel-a2-70-a4-70-hex-bolts-din-931-din-933\\\/#primaryimage\"},\"image\":{\"@id\":\"https:\\\/\\\/quantongfastener.com\\\/product\\\/stainless-steel-a2-70-a4-70-hex-bolts-din-931-din-933\\\/#primaryimage\"},\"thumbnailUrl\":\"https:\\\/\\\/quantongfastener.com\\\/wp-content\\\/uploads\\\/2025\\\/07\\\/Stainless-steel-A2-70-A4-70-Hex-bolts-DIN-931-DIN-933.jpg\",\"datePublished\":\"2025-07-29T15:32:53+00:00\",\"breadcrumb\":{\"@id\":\"https:\\\/\\\/quantongfastener.com\\\/product\\\/stainless-steel-a2-70-a4-70-hex-bolts-din-931-din-933\\\/#breadcrumb\"},\"inLanguage\":\"fr-FR\",\"potentialAction\":[{\"@type\":\"ReadAction\",\"target\":[\"https:\\\/\\\/quantongfastener.com\\\/product\\\/stainless-steel-a2-70-a4-70-hex-bolts-din-931-din-933\\\/\"]}]},{\"@type\":\"ImageObject\",\"inLanguage\":\"fr-FR\",\"@id\":\"https:\\\/\\\/quantongfastener.com\\\/product\\\/stainless-steel-a2-70-a4-70-hex-bolts-din-931-din-933\\\/#primaryimage\",\"url\":\"https:\\\/\\\/quantongfastener.com\\\/wp-content\\\/uploads\\\/2025\\\/07\\\/Stainless-steel-A2-70-A4-70-Hex-bolts-DIN-931-DIN-933.jpg\",\"contentUrl\":\"https:\\\/\\\/quantongfastener.com\\\/wp-content\\\/uploads\\\/2025\\\/07\\\/Stainless-steel-A2-70-A4-70-Hex-bolts-DIN-931-DIN-933.jpg\",\"width\":610,\"height\":610},{\"@type\":\"BreadcrumbList\",\"@id\":\"https:\\\/\\\/quantongfastener.com\\\/product\\\/stainless-steel-a2-70-a4-70-hex-bolts-din-931-din-933\\\/#breadcrumb\",\"itemListElement\":[{\"@type\":\"ListItem\",\"position\":1,\"name\":\"Home\",\"item\":\"https:\\\/\\\/quantongfastener.com\\\/\"},{\"@type\":\"ListItem\",\"position\":2,\"name\":\"Products\",\"item\":\"https:\\\/\\\/quantongfastener.com\\\/products\\\/\"},{\"@type\":\"ListItem\",\"position\":3,\"name\":\"Stainless steel A2-70 A4-70 Hex bolts DIN 931 DIN 933\"}]},{\"@type\":\"WebSite\",\"@id\":\"https:\\\/\\\/quantongfastener.com\\\/#website\",\"url\":\"https:\\\/\\\/quantongfastener.com\\\/\",\"name\":\"Quantong Fastener\",\"description\":\"\",\"publisher\":{\"@id\":\"https:\\\/\\\/quantongfastener.com\\\/#organization\"},\"potentialAction\":[{\"@type\":\"SearchAction\",\"target\":{\"@type\":\"EntryPoint\",\"urlTemplate\":\"https:\\\/\\\/quantongfastener.com\\\/?s={search_term_string}\"},\"query-input\":{\"@type\":\"PropertyValueSpecification\",\"valueRequired\":true,\"valueName\":\"search_term_string\"}}],\"inLanguage\":\"fr-FR\"},{\"@type\":\"Organization\",\"@id\":\"https:\\\/\\\/quantongfastener.com\\\/#organization\",\"name\":\"Quantong Fastener\",\"url\":\"https:\\\/\\\/quantongfastener.com\\\/\",\"logo\":{\"@type\":\"ImageObject\",\"inLanguage\":\"fr-FR\",\"@id\":\"https:\\\/\\\/quantongfastener.com\\\/#\\\/schema\\\/logo\\\/image\\\/\",\"url\":\"https:\\\/\\\/quantongfastener.com\\\/wp-content\\\/uploads\\\/2025\\\/07\\\/logo.jpg\",\"contentUrl\":\"https:\\\/\\\/quantongfastener.com\\\/wp-content\\\/uploads\\\/2025\\\/07\\\/logo.jpg\",\"width\":425,\"height\":424,\"caption\":\"Quantong Fastener\"},\"image\":{\"@id\":\"https:\\\/\\\/quantongfastener.com\\\/#\\\/schema\\\/logo\\\/image\\\/\"}}]}<\/script>\n<!-- \/ Yoast SEO plugin. -->","yoast_head_json":{"title":"Stainless steel A2-70 A4-70 Hex bolts DIN 931 DIN 933 - Quantong Fastener","robots":{"index":"index","follow":"follow","max-snippet":"max-snippet:-1","max-image-preview":"max-image-preview:large","max-video-preview":"max-video-preview:-1"},"canonical":"https:\/\/quantongfastener.com\/fr\/produit\/stainless-steel-a2-70-a4-70-hex-bolts-din-931-din-933\/","og_locale":"fr_FR","og_type":"article","og_title":"Stainless steel A2-70 A4-70 Hex bolts DIN 931 DIN 933 - Quantong Fastener","og_description":"Min.Order Quantity:1000PCS  PACKAGING:BAG\/BOX WITH PALLET  PORT:TIANJIN\/QINGDAO\/SHANGHAI\/NINGBO  DELIVERY:5-30DAYS ON QTY  PAYMENT:T\/T\/LC  Supply Ability:500 TON PER MONTH  &nbsp;   FOB Price:US $0.5 - 9,999 \/ Piece  Min.Order Quantity:100 Piece\/Pieces  Supply Ability:10000 Piece\/Pieces per Month","og_url":"https:\/\/quantongfastener.com\/fr\/produit\/stainless-steel-a2-70-a4-70-hex-bolts-din-931-din-933\/","og_site_name":"Quantong Fastener","og_image":[{"width":610,"height":610,"url":"https:\/\/quantongfastener.com\/wp-content\/uploads\/2025\/07\/Stainless-steel-A2-70-A4-70-Hex-bolts-DIN-931-DIN-933.jpg","type":"image\/jpeg"}],"twitter_card":"summary_large_image","twitter_misc":{"Dur\u00e9e de lecture estim\u00e9e":"3 minutes"},"schema":{"@context":"https:\/\/schema.org","@graph":[{"@type":"WebPage","@id":"https:\/\/quantongfastener.com\/product\/stainless-steel-a2-70-a4-70-hex-bolts-din-931-din-933\/","url":"https:\/\/quantongfastener.com\/product\/stainless-steel-a2-70-a4-70-hex-bolts-din-931-din-933\/","name":"Stainless steel A2-70 A4-70 Hex bolts DIN 931 DIN 933 - Quantong Fastener","isPartOf":{"@id":"https:\/\/quantongfastener.com\/#website"},"primaryImageOfPage":{"@id":"https:\/\/quantongfastener.com\/product\/stainless-steel-a2-70-a4-70-hex-bolts-din-931-din-933\/#primaryimage"},"image":{"@id":"https:\/\/quantongfastener.com\/product\/stainless-steel-a2-70-a4-70-hex-bolts-din-931-din-933\/#primaryimage"},"thumbnailUrl":"https:\/\/quantongfastener.com\/wp-content\/uploads\/2025\/07\/Stainless-steel-A2-70-A4-70-Hex-bolts-DIN-931-DIN-933.jpg","datePublished":"2025-07-29T15:32:53+00:00","breadcrumb":{"@id":"https:\/\/quantongfastener.com\/product\/stainless-steel-a2-70-a4-70-hex-bolts-din-931-din-933\/#breadcrumb"},"inLanguage":"fr-FR","potentialAction":[{"@type":"ReadAction","target":["https:\/\/quantongfastener.com\/product\/stainless-steel-a2-70-a4-70-hex-bolts-din-931-din-933\/"]}]},{"@type":"ImageObject","inLanguage":"fr-FR","@id":"https:\/\/quantongfastener.com\/product\/stainless-steel-a2-70-a4-70-hex-bolts-din-931-din-933\/#primaryimage","url":"https:\/\/quantongfastener.com\/wp-content\/uploads\/2025\/07\/Stainless-steel-A2-70-A4-70-Hex-bolts-DIN-931-DIN-933.jpg","contentUrl":"https:\/\/quantongfastener.com\/wp-content\/uploads\/2025\/07\/Stainless-steel-A2-70-A4-70-Hex-bolts-DIN-931-DIN-933.jpg","width":610,"height":610},{"@type":"BreadcrumbList","@id":"https:\/\/quantongfastener.com\/product\/stainless-steel-a2-70-a4-70-hex-bolts-din-931-din-933\/#breadcrumb","itemListElement":[{"@type":"ListItem","position":1,"name":"Home","item":"https:\/\/quantongfastener.com\/"},{"@type":"ListItem","position":2,"name":"Products","item":"https:\/\/quantongfastener.com\/products\/"},{"@type":"ListItem","position":3,"name":"Stainless steel A2-70 A4-70 Hex bolts DIN 931 DIN 933"}]},{"@type":"WebSite","@id":"https:\/\/quantongfastener.com\/#website","url":"https:\/\/quantongfastener.com\/","name":"Attache Quantong","description":"","publisher":{"@id":"https:\/\/quantongfastener.com\/#organization"},"potentialAction":[{"@type":"SearchAction","target":{"@type":"EntryPoint","urlTemplate":"https:\/\/quantongfastener.com\/?s={search_term_string}"},"query-input":{"@type":"PropertyValueSpecification","valueRequired":true,"valueName":"search_term_string"}}],"inLanguage":"fr-FR"},{"@type":"Organization","@id":"https:\/\/quantongfastener.com\/#organization","name":"Attache Quantong","url":"https:\/\/quantongfastener.com\/","logo":{"@type":"ImageObject","inLanguage":"fr-FR","@id":"https:\/\/quantongfastener.com\/#\/schema\/logo\/image\/","url":"https:\/\/quantongfastener.com\/wp-content\/uploads\/2025\/07\/logo.jpg","contentUrl":"https:\/\/quantongfastener.com\/wp-content\/uploads\/2025\/07\/logo.jpg","width":425,"height":424,"caption":"Quantong Fastener"},"image":{"@id":"https:\/\/quantongfastener.com\/#\/schema\/logo\/image\/"}}]}},"_links":{"self":[{"href":"https:\/\/quantongfastener.com\/fr\/wp-json\/wp\/v2\/product\/1516","targetHints":{"allow":["GET"]}}],"collection":[{"href":"https:\/\/quantongfastener.com\/fr\/wp-json\/wp\/v2\/product"}],"about":[{"href":"https:\/\/quantongfastener.com\/fr\/wp-json\/wp\/v2\/types\/product"}],"wp:featuredmedia":[{"embeddable":true,"href":"https:\/\/quantongfastener.com\/fr\/wp-json\/wp\/v2\/media\/1535"}],"wp:attachment":[{"href":"https:\/\/quantongfastener.com\/fr\/wp-json\/wp\/v2\/media?parent=1516"}],"wp:term":[{"taxonomy":"product_brand","embeddable":true,"href":"https:\/\/quantongfastener.com\/fr\/wp-json\/wp\/v2\/product_brand?post=1516"},{"taxonomy":"product_cat","embeddable":true,"href":"https:\/\/quantongfastener.com\/fr\/wp-json\/wp\/v2\/product_cat?post=1516"},{"taxonomy":"product_tag","embeddable":true,"href":"https:\/\/quantongfastener.com\/fr\/wp-json\/wp\/v2\/product_tag?post=1516"}],"curies":[{"name":"wp","href":"https:\/\/api.w.org\/{rel}","templated":true}]}}