{"id":1496,"date":"2025-07-29T15:19:52","date_gmt":"2025-07-29T15:19:52","guid":{"rendered":"https:\/\/quantongfastener.com\/?post_type=product&#038;p=1496"},"modified":"2025-07-29T15:19:52","modified_gmt":"2025-07-29T15:19:52","slug":"full-threaded-hex-bolt-din-933","status":"publish","type":"product","link":"https:\/\/quantongfastener.com\/fr\/produit\/full-threaded-hex-bolt-din-933\/","title":{"rendered":"Boulon hexagonal \u00e0 filetage complet DIN 933"},"content":{"rendered":"<p><img fetchpriority=\"high\" decoding=\"async\" class=\"alignnone size-full wp-image-1500\" src=\"https:\/\/quantongfastener.com\/wp-content\/uploads\/2025\/07\/Full-Threaded-Hex-Bolt-DIN-933.jpg\" alt=\"\" width=\"610\" height=\"610\" srcset=\"https:\/\/quantongfastener.com\/wp-content\/uploads\/2025\/07\/Full-Threaded-Hex-Bolt-DIN-933.jpg 610w, https:\/\/quantongfastener.com\/wp-content\/uploads\/2025\/07\/Full-Threaded-Hex-Bolt-DIN-933-300x300.jpg 300w, https:\/\/quantongfastener.com\/wp-content\/uploads\/2025\/07\/Full-Threaded-Hex-Bolt-DIN-933-150x150.jpg 150w, https:\/\/quantongfastener.com\/wp-content\/uploads\/2025\/07\/Full-Threaded-Hex-Bolt-DIN-933-12x12.jpg 12w, https:\/\/quantongfastener.com\/wp-content\/uploads\/2025\/07\/Full-Threaded-Hex-Bolt-DIN-933-600x600.jpg 600w, https:\/\/quantongfastener.com\/wp-content\/uploads\/2025\/07\/Full-Threaded-Hex-Bolt-DIN-933-100x100.jpg 100w\" sizes=\"(max-width: 610px) 100vw, 610px\" \/><\/p>\n<p>P<\/p>\n<div class=\"table_wrap\">\n<table border=\"1\" cellspacing=\"0\">\n<tbody>\n<tr>\n<td valign=\"top\" width=\"161\">Nom du produit<\/td>\n<td valign=\"top\" width=\"406\">Boulon hexagonal<\/td>\n<\/tr>\n<tr>\n<td valign=\"top\" width=\"161\">Taille<\/td>\n<td valign=\"top\" width=\"406\">M3-100<\/td>\n<\/tr>\n<tr>\n<td valign=\"top\" width=\"161\">Longueur<\/td>\n<td valign=\"top\" width=\"406\">10-3000mm ou selon les besoins<\/td>\n<\/tr>\n<tr>\n<td valign=\"top\" width=\"161\">Grade<\/td>\n<td valign=\"top\" width=\"406\">4.8\/8.8\/10.9\/12.9<\/td>\n<\/tr>\n<tr>\n<td valign=\"top\" width=\"161\">Mat\u00e9riau<\/td>\n<td valign=\"top\" width=\"406\">Steel\/35k\/45\/40Cr\/35Crmo<\/td>\n<\/tr>\n<tr>\n<td valign=\"top\" width=\"161\">Traitement de surface<\/td>\n<td valign=\"top\" width=\"406\">Normal\/Noir\/Zinc\/HDG<\/td>\n<\/tr>\n<tr>\n<td valign=\"top\" width=\"161\">Standard<\/td>\n<td valign=\"top\" width=\"406\">DIN\/ISO<\/td>\n<\/tr>\n<tr>\n<td valign=\"top\" width=\"161\">Certificat<\/td>\n<td valign=\"top\" width=\"406\">ISO 9001<\/td>\n<\/tr>\n<tr>\n<td valign=\"top\" width=\"161\">\u00c9chantillon<\/td>\n<td valign=\"top\" width=\"406\">\u00c9chantillons gratuits<\/td>\n<\/tr>\n<tr>\n<td valign=\"top\" width=\"161\">Utilisation<\/td>\n<td valign=\"top\" width=\"406\">Structures en acier, structures en acier \u00e0 \u00e9tages multiples, b\u00e2timents, b\u00e2timents industriels, autoroutes, chemins de fer, tours \u00e0 vapeur en acier, centrales \u00e9lectriques et autres cadres d'ateliers de construction.<\/td>\n<\/tr>\n<\/tbody>\n<\/table>\n<\/div>\n<p><img decoding=\"async\" class=\"alignnone size-full wp-image-1501\" src=\"https:\/\/quantongfastener.com\/wp-content\/uploads\/2025\/07\/10d5f5e1-1eb1-4c66-8789-7b283db9df09.png\" alt=\"\" width=\"1184\" height=\"598\" srcset=\"https:\/\/quantongfastener.com\/wp-content\/uploads\/2025\/07\/10d5f5e1-1eb1-4c66-8789-7b283db9df09.png 1184w, https:\/\/quantongfastener.com\/wp-content\/uploads\/2025\/07\/10d5f5e1-1eb1-4c66-8789-7b283db9df09-300x152.png 300w, https:\/\/quantongfastener.com\/wp-content\/uploads\/2025\/07\/10d5f5e1-1eb1-4c66-8789-7b283db9df09-1024x517.png 1024w, https:\/\/quantongfastener.com\/wp-content\/uploads\/2025\/07\/10d5f5e1-1eb1-4c66-8789-7b283db9df09-768x388.png 768w, https:\/\/quantongfastener.com\/wp-content\/uploads\/2025\/07\/10d5f5e1-1eb1-4c66-8789-7b283db9df09-18x9.png 18w, https:\/\/quantongfastener.com\/wp-content\/uploads\/2025\/07\/10d5f5e1-1eb1-4c66-8789-7b283db9df09-600x303.png 600w\" sizes=\"(max-width: 1184px) 100vw, 1184px\" \/><\/p>\n<p><img decoding=\"async\" class=\"alignnone size-full wp-image-1502\" src=\"https:\/\/quantongfastener.com\/wp-content\/uploads\/2025\/07\/67c83831-5747-4900-b8c4-490b135af9d9.png\" alt=\"\" width=\"1220\" height=\"821\" srcset=\"https:\/\/quantongfastener.com\/wp-content\/uploads\/2025\/07\/67c83831-5747-4900-b8c4-490b135af9d9.png 1220w, https:\/\/quantongfastener.com\/wp-content\/uploads\/2025\/07\/67c83831-5747-4900-b8c4-490b135af9d9-300x202.png 300w, https:\/\/quantongfastener.com\/wp-content\/uploads\/2025\/07\/67c83831-5747-4900-b8c4-490b135af9d9-1024x689.png 1024w, https:\/\/quantongfastener.com\/wp-content\/uploads\/2025\/07\/67c83831-5747-4900-b8c4-490b135af9d9-768x517.png 768w, https:\/\/quantongfastener.com\/wp-content\/uploads\/2025\/07\/67c83831-5747-4900-b8c4-490b135af9d9-18x12.png 18w, https:\/\/quantongfastener.com\/wp-content\/uploads\/2025\/07\/67c83831-5747-4900-b8c4-490b135af9d9-600x404.png 600w\" sizes=\"(max-width: 1220px) 100vw, 1220px\" \/><\/p>\n<p><img loading=\"lazy\" decoding=\"async\" class=\"alignnone size-full wp-image-1503\" src=\"https:\/\/quantongfastener.com\/wp-content\/uploads\/2025\/07\/d8a9eb93-b62e-4795-b0e8-09e7257088ce.png\" alt=\"\" width=\"1161\" height=\"550\" srcset=\"https:\/\/quantongfastener.com\/wp-content\/uploads\/2025\/07\/d8a9eb93-b62e-4795-b0e8-09e7257088ce.png 1161w, https:\/\/quantongfastener.com\/wp-content\/uploads\/2025\/07\/d8a9eb93-b62e-4795-b0e8-09e7257088ce-300x142.png 300w, https:\/\/quantongfastener.com\/wp-content\/uploads\/2025\/07\/d8a9eb93-b62e-4795-b0e8-09e7257088ce-1024x485.png 1024w, https:\/\/quantongfastener.com\/wp-content\/uploads\/2025\/07\/d8a9eb93-b62e-4795-b0e8-09e7257088ce-768x364.png 768w, https:\/\/quantongfastener.com\/wp-content\/uploads\/2025\/07\/d8a9eb93-b62e-4795-b0e8-09e7257088ce-18x9.png 18w, https:\/\/quantongfastener.com\/wp-content\/uploads\/2025\/07\/d8a9eb93-b62e-4795-b0e8-09e7257088ce-600x284.png 600w\" sizes=\"(max-width: 1161px) 100vw, 1161px\" \/><\/p>\n<p><img loading=\"lazy\" decoding=\"async\" class=\"alignnone size-full wp-image-1504\" src=\"https:\/\/quantongfastener.com\/wp-content\/uploads\/2025\/07\/b8c41e25-fb22-44a9-a751-03aca9cc9dbe.png\" alt=\"\" width=\"862\" height=\"832\" srcset=\"https:\/\/quantongfastener.com\/wp-content\/uploads\/2025\/07\/b8c41e25-fb22-44a9-a751-03aca9cc9dbe.png 862w, https:\/\/quantongfastener.com\/wp-content\/uploads\/2025\/07\/b8c41e25-fb22-44a9-a751-03aca9cc9dbe-300x290.png 300w, https:\/\/quantongfastener.com\/wp-content\/uploads\/2025\/07\/b8c41e25-fb22-44a9-a751-03aca9cc9dbe-768x741.png 768w, https:\/\/quantongfastener.com\/wp-content\/uploads\/2025\/07\/b8c41e25-fb22-44a9-a751-03aca9cc9dbe-12x12.png 12w, https:\/\/quantongfastener.com\/wp-content\/uploads\/2025\/07\/b8c41e25-fb22-44a9-a751-03aca9cc9dbe-600x579.png 600w\" sizes=\"(max-width: 862px) 100vw, 862px\" \/><\/p>\n<div class=\"fl-row fl-row-full-width fl-row-bg-none fl-node-5e61ee819301a\" data-node=\"5e61ee819301a\">\n<div class=\"fl-row-content-wrap\">\n<div class=\"fl-row-content fl-row-full-width fl-node-content\">\n<div class=\"fl-col-group fl-node-5e61ee819306c\" data-node=\"5e61ee819306c\">\n<div class=\"fl-col fl-node-5e61ee81930ba\" data-node=\"5e61ee81930ba\">\n<div class=\"fl-col-content fl-node-content\">\n<div class=\"fl-module fl-module-rich-text fl-node-5e61ee819161e\" data-node=\"5e61ee819161e\" data-animation-delay=\"0.0\">\n<div class=\"fl-module-content fl-node-content\">\n<div class=\"fl-rich-text\">\n<ol>\n<li><strong>Usinage de pr\u00e9cision<\/strong><\/li>\n<\/ol>\n<p align=\"justify\">\u2606 Mesurer et traiter \u00e0 l'aide de machines-outils de pr\u00e9cision et d'outils de mesure dans des conditions environnementales strictement contr\u00f4l\u00e9es.<\/p>\n<ol>\n<li><strong>Acier au carbone de haute qualit\u00e9 (35#\/45#)<\/strong><\/li>\n<\/ol>\n<p align=\"justify\">\u2606 Longue dur\u00e9e de vie, faible production de chaleur, grande duret\u00e9, grande rigidit\u00e9, faible bruit, grande r\u00e9sistance \u00e0 l'usure et autres caract\u00e9ristiques.<\/p>\n<ol>\n<li><strong>Rentabilit\u00e9<\/strong><\/li>\n<\/ol>\n<p align=\"justify\">\u2606 L'utilisation d'acier au carbone de haute qualit\u00e9, apr\u00e8s un traitement et un formage de pr\u00e9cision, am\u00e9liore consid\u00e9rablement l'exp\u00e9rience de l'utilisateur.<\/p>\n<\/div>\n<\/div>\n<\/div>\n<\/div>\n<\/div>\n<\/div>\n<\/div>\n<\/div>\n<\/div>\n<div class=\"fl-row fl-row-full-width fl-row-bg-none fl-node-5e61ee81936fd\" data-node=\"5e61ee81936fd\">\n<div class=\"fl-row-content-wrap\">\n<div class=\"fl-row-content fl-row-full-width fl-node-content\">\n<div class=\"fl-col-group fl-node-5e61ee8193747\" data-node=\"5e61ee8193747\">\n<div class=\"fl-col fl-node-5e61ee819378d\" data-node=\"5e61ee819378d\">\n<div class=\"fl-col-content fl-node-content\">\n<div class=\"fl-module fl-module-rich-text fl-node-5e61ee81937d3\" data-node=\"5e61ee81937d3\" data-animation-delay=\"0.0\">\n<div class=\"fl-module-content fl-node-content\">\n<div class=\"fl-rich-text\">\n<p><strong>Traitement de surface :<\/strong><\/p>\n<\/div>\n<\/div>\n<\/div>\n<\/div>\n<\/div>\n<\/div>\n<\/div>\n<\/div>\n<\/div>\n<div class=\"fl-row fl-row-full-width fl-row-bg-none fl-node-5e61ee819381a\" data-node=\"5e61ee819381a\">\n<div class=\"fl-row-content-wrap\">\n<div class=\"fl-row-content fl-row-full-width fl-node-content\">\n<div class=\"fl-col-group fl-node-5e61ee819387e\" data-node=\"5e61ee819387e\">\n<div class=\"fl-col fl-node-5e61ee81938fb\" data-node=\"5e61ee81938fb\">\n<div class=\"fl-col-content fl-node-content\">\n<div class=\"fl-module fl-module-rich-text fl-node-5e61ee8193952\" data-node=\"5e61ee8193952\" data-animation-delay=\"0.0\">\n<div class=\"fl-module-content fl-node-content\">\n<div class=\"fl-rich-text\">\n<p>1.BLACK<br \/>\n--Le noir est une m\u00e9thode courante de traitement thermique des m\u00e9taux. Le principe consiste \u00e0 cr\u00e9er un film d'oxyde sur la surface du m\u00e9tal afin d'isoler l'air et de pr\u00e9venir la rouille. Le noircissement est une m\u00e9thode courante de traitement thermique des m\u00e9taux. Le principe est de cr\u00e9er un film d'oxyde sur la surface du m\u00e9tal afin d'isoler l'air et de pr\u00e9venir la rouille.<br \/>\n2.ZINC<br \/>\n--L'\u00e9lectro-galvanisation est une technologie traditionnelle de traitement des rev\u00eatements m\u00e9talliques qui conf\u00e8re aux surfaces m\u00e9talliques une r\u00e9sistance de base \u00e0 la corrosion. Les principaux avantages sont une bonne soudabilit\u00e9 et une bonne r\u00e9sistance au contact. En raison de ses bonnes propri\u00e9t\u00e9s de lubrification, le cadmiage est couramment utilis\u00e9 dans l'aviation, l'a\u00e9rospatiale, la marine et les produits radio et \u00e9lectroniques. La couche de placage prot\u00e8ge le substrat d'acier \u00e0 la fois de la protection m\u00e9canique et de la protection chimique, de sorte que sa r\u00e9sistance \u00e0 la corrosion est bien meilleure que celle du placage de zinc.<br \/>\n3.HDG<br \/>\n--Les principaux avantages sont une bonne soudabilit\u00e9 et une r\u00e9sistance de contact appropri\u00e9e. En raison de ses bonnes propri\u00e9t\u00e9s de lubrification, le cadmiage est couramment utilis\u00e9 dans l'aviation, l'a\u00e9rospatiale, la marine et les produits radio et \u00e9lectroniques. La couche de placage prot\u00e8ge le substrat d'acier \u00e0 la fois contre la protection m\u00e9canique et chimique, de sorte que sa r\u00e9sistance \u00e0 la corrosion est bien meilleure que celle du zingage. Le zinc par immersion \u00e0 chaud pr\u00e9sente une bonne r\u00e9sistance \u00e0 la corrosion, une protection sacrificielle des substrats en acier, une grande r\u00e9sistance aux intemp\u00e9ries et \u00e0 l'\u00e9rosion par l'eau sal\u00e9e. Il convient aux usines chimiques, aux raffineries et aux plates-formes d'exploitation c\u00f4ti\u00e8res et offshore.<\/p>\n<p><img loading=\"lazy\" decoding=\"async\" class=\"alignnone size-full wp-image-1505\" src=\"https:\/\/quantongfastener.com\/wp-content\/uploads\/2025\/07\/7b058a7a-b73e-4ad8-8816-335adf5b537d.png\" alt=\"\" width=\"1037\" height=\"618\" srcset=\"https:\/\/quantongfastener.com\/wp-content\/uploads\/2025\/07\/7b058a7a-b73e-4ad8-8816-335adf5b537d.png 1037w, https:\/\/quantongfastener.com\/wp-content\/uploads\/2025\/07\/7b058a7a-b73e-4ad8-8816-335adf5b537d-300x179.png 300w, https:\/\/quantongfastener.com\/wp-content\/uploads\/2025\/07\/7b058a7a-b73e-4ad8-8816-335adf5b537d-1024x610.png 1024w, https:\/\/quantongfastener.com\/wp-content\/uploads\/2025\/07\/7b058a7a-b73e-4ad8-8816-335adf5b537d-768x458.png 768w, https:\/\/quantongfastener.com\/wp-content\/uploads\/2025\/07\/7b058a7a-b73e-4ad8-8816-335adf5b537d-18x12.png 18w, https:\/\/quantongfastener.com\/wp-content\/uploads\/2025\/07\/7b058a7a-b73e-4ad8-8816-335adf5b537d-600x358.png 600w\" sizes=\"(max-width: 1037px) 100vw, 1037px\" \/><\/p>\n<p><img loading=\"lazy\" decoding=\"async\" class=\"alignnone size-full wp-image-1506\" src=\"https:\/\/quantongfastener.com\/wp-content\/uploads\/2025\/07\/0c66bfd9-d538-424f-a05f-2fb33dc82204.png\" alt=\"\" width=\"1046\" height=\"654\" srcset=\"https:\/\/quantongfastener.com\/wp-content\/uploads\/2025\/07\/0c66bfd9-d538-424f-a05f-2fb33dc82204.png 1046w, https:\/\/quantongfastener.com\/wp-content\/uploads\/2025\/07\/0c66bfd9-d538-424f-a05f-2fb33dc82204-300x188.png 300w, https:\/\/quantongfastener.com\/wp-content\/uploads\/2025\/07\/0c66bfd9-d538-424f-a05f-2fb33dc82204-1024x640.png 1024w, https:\/\/quantongfastener.com\/wp-content\/uploads\/2025\/07\/0c66bfd9-d538-424f-a05f-2fb33dc82204-768x480.png 768w, https:\/\/quantongfastener.com\/wp-content\/uploads\/2025\/07\/0c66bfd9-d538-424f-a05f-2fb33dc82204-18x12.png 18w, https:\/\/quantongfastener.com\/wp-content\/uploads\/2025\/07\/0c66bfd9-d538-424f-a05f-2fb33dc82204-600x375.png 600w\" sizes=\"(max-width: 1046px) 100vw, 1046px\" \/><\/p>\n<p><img loading=\"lazy\" decoding=\"async\" class=\"alignnone size-full wp-image-1507\" src=\"https:\/\/quantongfastener.com\/wp-content\/uploads\/2025\/07\/84e83c4a-c29c-4bf1-9006-0091983dfb41.png\" alt=\"\" width=\"1037\" height=\"660\" srcset=\"https:\/\/quantongfastener.com\/wp-content\/uploads\/2025\/07\/84e83c4a-c29c-4bf1-9006-0091983dfb41.png 1037w, https:\/\/quantongfastener.com\/wp-content\/uploads\/2025\/07\/84e83c4a-c29c-4bf1-9006-0091983dfb41-300x191.png 300w, https:\/\/quantongfastener.com\/wp-content\/uploads\/2025\/07\/84e83c4a-c29c-4bf1-9006-0091983dfb41-1024x652.png 1024w, https:\/\/quantongfastener.com\/wp-content\/uploads\/2025\/07\/84e83c4a-c29c-4bf1-9006-0091983dfb41-768x489.png 768w, https:\/\/quantongfastener.com\/wp-content\/uploads\/2025\/07\/84e83c4a-c29c-4bf1-9006-0091983dfb41-18x12.png 18w, https:\/\/quantongfastener.com\/wp-content\/uploads\/2025\/07\/84e83c4a-c29c-4bf1-9006-0091983dfb41-600x382.png 600w\" sizes=\"(max-width: 1037px) 100vw, 1037px\" \/><\/p>\n<p><img loading=\"lazy\" decoding=\"async\" class=\"alignnone size-full wp-image-1508\" src=\"https:\/\/quantongfastener.com\/wp-content\/uploads\/2025\/07\/b8ca4fa03-1.png\" alt=\"\" width=\"780\" height=\"286\" srcset=\"https:\/\/quantongfastener.com\/wp-content\/uploads\/2025\/07\/b8ca4fa03-1.png 780w, https:\/\/quantongfastener.com\/wp-content\/uploads\/2025\/07\/b8ca4fa03-1-300x110.png 300w, https:\/\/quantongfastener.com\/wp-content\/uploads\/2025\/07\/b8ca4fa03-1-768x282.png 768w, https:\/\/quantongfastener.com\/wp-content\/uploads\/2025\/07\/b8ca4fa03-1-18x7.png 18w, https:\/\/quantongfastener.com\/wp-content\/uploads\/2025\/07\/b8ca4fa03-1-600x220.png 600w\" sizes=\"(max-width: 780px) 100vw, 780px\" \/><\/p>\n<p><img loading=\"lazy\" decoding=\"async\" class=\"alignnone size-full wp-image-1509\" src=\"https:\/\/quantongfastener.com\/wp-content\/uploads\/2025\/07\/381cabaf-c5ba-4e8a-bcae-2dc92893ede8.png\" alt=\"\" width=\"779\" height=\"749\" srcset=\"https:\/\/quantongfastener.com\/wp-content\/uploads\/2025\/07\/381cabaf-c5ba-4e8a-bcae-2dc92893ede8.png 779w, https:\/\/quantongfastener.com\/wp-content\/uploads\/2025\/07\/381cabaf-c5ba-4e8a-bcae-2dc92893ede8-300x288.png 300w, https:\/\/quantongfastener.com\/wp-content\/uploads\/2025\/07\/381cabaf-c5ba-4e8a-bcae-2dc92893ede8-768x738.png 768w, https:\/\/quantongfastener.com\/wp-content\/uploads\/2025\/07\/381cabaf-c5ba-4e8a-bcae-2dc92893ede8-12x12.png 12w, https:\/\/quantongfastener.com\/wp-content\/uploads\/2025\/07\/381cabaf-c5ba-4e8a-bcae-2dc92893ede8-600x577.png 600w\" sizes=\"(max-width: 779px) 100vw, 779px\" \/><\/p>\n<\/div>\n<\/div>\n<\/div>\n<\/div>\n<\/div>\n<\/div>\n<\/div>\n<\/div>\n<\/div>","protected":false},"excerpt":{"rendered":"<p>PRIX EXW : 720USD-910USD\/TONNE<br \/>\nQuantit\u00e9 minimale de commande : 2 tonnes<br \/>\nEMBALLAGE : SAC\/BO\u00ceTE AVEC PALETTE<br \/>\nPORT:TIANJIN\/QINGDAO\/SHANGHAI\/NINGBO<br \/>\nLIVRAISON : 5-30 JOURS SUR QTY<br \/>\nPAIEMENT : T\/T\/LC<br \/>\nCapacit\u00e9 d'approvisionnement : 500 TONNES PAR MOIS<\/p>","protected":false},"featured_media":1500,"template":"","meta":{"_kad_post_transparent":"default","_kad_post_title":"","_kad_post_layout":"default","_kad_post_sidebar_id":"","_kad_post_content_style":"default","_kad_post_vertical_padding":"default","_kad_post_feature":"","_kad_post_feature_position":"","_kad_post_header":false,"_kad_post_footer":false},"product_brand":[],"product_cat":[19],"product_tag":[],"class_list":{"0":"post-1496","1":"product","2":"type-product","3":"status-publish","4":"has-post-thumbnail","6":"product_cat-other","8":"first","9":"instock","10":"shipping-taxable","11":"product-type-simple","12":"entry","13":"content-bg","14":"loop-entry"},"yoast_head":"<!-- This site is optimized with the Yoast SEO plugin v27.4 - https:\/\/yoast.com\/product\/yoast-seo-wordpress\/ -->\n<title>Full Threaded Hex Bolt DIN 933 - Quantong Fastener<\/title>\n<meta name=\"robots\" content=\"index, follow, max-snippet:-1, max-image-preview:large, max-video-preview:-1\" \/>\n<link rel=\"canonical\" href=\"https:\/\/quantongfastener.com\/fr\/produit\/full-threaded-hex-bolt-din-933\/\" \/>\n<meta property=\"og:locale\" content=\"fr_FR\" \/>\n<meta property=\"og:type\" content=\"article\" \/>\n<meta property=\"og:title\" content=\"Full Threaded Hex Bolt DIN 933 - Quantong Fastener\" \/>\n<meta property=\"og:description\" content=\"EXW PRICE : 720USD-910USD\/TON Min.Order Quantity:2TONS PACKAGING:BAG\/BOX WITH PALLET PORT:TIANJIN\/QINGDAO\/SHANGHAI\/NINGBO DELIVERY:5-30DAYS ON QTY PAYMENT:T\/T\/LC Supply Ability:500 TON PER MONTH\" \/>\n<meta property=\"og:url\" content=\"https:\/\/quantongfastener.com\/fr\/produit\/full-threaded-hex-bolt-din-933\/\" \/>\n<meta property=\"og:site_name\" content=\"Quantong Fastener\" \/>\n<meta property=\"og:image\" content=\"https:\/\/quantongfastener.com\/wp-content\/uploads\/2025\/07\/Full-Threaded-Hex-Bolt-DIN-933.jpg\" \/>\n\t<meta property=\"og:image:width\" content=\"610\" \/>\n\t<meta property=\"og:image:height\" content=\"610\" \/>\n\t<meta property=\"og:image:type\" content=\"image\/jpeg\" \/>\n<meta name=\"twitter:card\" content=\"summary_large_image\" \/>\n<meta name=\"twitter:label1\" content=\"Dur\u00e9e de lecture estim\u00e9e\" \/>\n\t<meta name=\"twitter:data1\" content=\"4 minutes\" \/>\n<script type=\"application\/ld+json\" class=\"yoast-schema-graph\">{\"@context\":\"https:\\\/\\\/schema.org\",\"@graph\":[{\"@type\":\"WebPage\",\"@id\":\"https:\\\/\\\/quantongfastener.com\\\/product\\\/full-threaded-hex-bolt-din-933\\\/\",\"url\":\"https:\\\/\\\/quantongfastener.com\\\/product\\\/full-threaded-hex-bolt-din-933\\\/\",\"name\":\"Full Threaded Hex Bolt DIN 933 - Quantong Fastener\",\"isPartOf\":{\"@id\":\"https:\\\/\\\/quantongfastener.com\\\/#website\"},\"primaryImageOfPage\":{\"@id\":\"https:\\\/\\\/quantongfastener.com\\\/product\\\/full-threaded-hex-bolt-din-933\\\/#primaryimage\"},\"image\":{\"@id\":\"https:\\\/\\\/quantongfastener.com\\\/product\\\/full-threaded-hex-bolt-din-933\\\/#primaryimage\"},\"thumbnailUrl\":\"https:\\\/\\\/quantongfastener.com\\\/wp-content\\\/uploads\\\/2025\\\/07\\\/Full-Threaded-Hex-Bolt-DIN-933.jpg\",\"datePublished\":\"2025-07-29T15:19:52+00:00\",\"breadcrumb\":{\"@id\":\"https:\\\/\\\/quantongfastener.com\\\/product\\\/full-threaded-hex-bolt-din-933\\\/#breadcrumb\"},\"inLanguage\":\"fr-FR\",\"potentialAction\":[{\"@type\":\"ReadAction\",\"target\":[\"https:\\\/\\\/quantongfastener.com\\\/product\\\/full-threaded-hex-bolt-din-933\\\/\"]}]},{\"@type\":\"ImageObject\",\"inLanguage\":\"fr-FR\",\"@id\":\"https:\\\/\\\/quantongfastener.com\\\/product\\\/full-threaded-hex-bolt-din-933\\\/#primaryimage\",\"url\":\"https:\\\/\\\/quantongfastener.com\\\/wp-content\\\/uploads\\\/2025\\\/07\\\/Full-Threaded-Hex-Bolt-DIN-933.jpg\",\"contentUrl\":\"https:\\\/\\\/quantongfastener.com\\\/wp-content\\\/uploads\\\/2025\\\/07\\\/Full-Threaded-Hex-Bolt-DIN-933.jpg\",\"width\":610,\"height\":610},{\"@type\":\"BreadcrumbList\",\"@id\":\"https:\\\/\\\/quantongfastener.com\\\/product\\\/full-threaded-hex-bolt-din-933\\\/#breadcrumb\",\"itemListElement\":[{\"@type\":\"ListItem\",\"position\":1,\"name\":\"Home\",\"item\":\"https:\\\/\\\/quantongfastener.com\\\/\"},{\"@type\":\"ListItem\",\"position\":2,\"name\":\"Products\",\"item\":\"https:\\\/\\\/quantongfastener.com\\\/products\\\/\"},{\"@type\":\"ListItem\",\"position\":3,\"name\":\"Full Threaded Hex Bolt DIN 933\"}]},{\"@type\":\"WebSite\",\"@id\":\"https:\\\/\\\/quantongfastener.com\\\/#website\",\"url\":\"https:\\\/\\\/quantongfastener.com\\\/\",\"name\":\"Quantong Fastener\",\"description\":\"\",\"publisher\":{\"@id\":\"https:\\\/\\\/quantongfastener.com\\\/#organization\"},\"potentialAction\":[{\"@type\":\"SearchAction\",\"target\":{\"@type\":\"EntryPoint\",\"urlTemplate\":\"https:\\\/\\\/quantongfastener.com\\\/?s={search_term_string}\"},\"query-input\":{\"@type\":\"PropertyValueSpecification\",\"valueRequired\":true,\"valueName\":\"search_term_string\"}}],\"inLanguage\":\"fr-FR\"},{\"@type\":\"Organization\",\"@id\":\"https:\\\/\\\/quantongfastener.com\\\/#organization\",\"name\":\"Quantong Fastener\",\"url\":\"https:\\\/\\\/quantongfastener.com\\\/\",\"logo\":{\"@type\":\"ImageObject\",\"inLanguage\":\"fr-FR\",\"@id\":\"https:\\\/\\\/quantongfastener.com\\\/#\\\/schema\\\/logo\\\/image\\\/\",\"url\":\"https:\\\/\\\/quantongfastener.com\\\/wp-content\\\/uploads\\\/2025\\\/07\\\/logo.jpg\",\"contentUrl\":\"https:\\\/\\\/quantongfastener.com\\\/wp-content\\\/uploads\\\/2025\\\/07\\\/logo.jpg\",\"width\":425,\"height\":424,\"caption\":\"Quantong Fastener\"},\"image\":{\"@id\":\"https:\\\/\\\/quantongfastener.com\\\/#\\\/schema\\\/logo\\\/image\\\/\"}}]}<\/script>\n<!-- \/ Yoast SEO plugin. -->","yoast_head_json":{"title":"Full Threaded Hex Bolt DIN 933 - Quantong Fastener","robots":{"index":"index","follow":"follow","max-snippet":"max-snippet:-1","max-image-preview":"max-image-preview:large","max-video-preview":"max-video-preview:-1"},"canonical":"https:\/\/quantongfastener.com\/fr\/produit\/full-threaded-hex-bolt-din-933\/","og_locale":"fr_FR","og_type":"article","og_title":"Full Threaded Hex Bolt DIN 933 - Quantong Fastener","og_description":"EXW PRICE : 720USD-910USD\/TON Min.Order Quantity:2TONS PACKAGING:BAG\/BOX WITH PALLET PORT:TIANJIN\/QINGDAO\/SHANGHAI\/NINGBO DELIVERY:5-30DAYS ON QTY PAYMENT:T\/T\/LC Supply Ability:500 TON PER MONTH","og_url":"https:\/\/quantongfastener.com\/fr\/produit\/full-threaded-hex-bolt-din-933\/","og_site_name":"Quantong Fastener","og_image":[{"width":610,"height":610,"url":"https:\/\/quantongfastener.com\/wp-content\/uploads\/2025\/07\/Full-Threaded-Hex-Bolt-DIN-933.jpg","type":"image\/jpeg"}],"twitter_card":"summary_large_image","twitter_misc":{"Dur\u00e9e de lecture estim\u00e9e":"4 minutes"},"schema":{"@context":"https:\/\/schema.org","@graph":[{"@type":"WebPage","@id":"https:\/\/quantongfastener.com\/product\/full-threaded-hex-bolt-din-933\/","url":"https:\/\/quantongfastener.com\/product\/full-threaded-hex-bolt-din-933\/","name":"Full Threaded Hex Bolt DIN 933 - Quantong Fastener","isPartOf":{"@id":"https:\/\/quantongfastener.com\/#website"},"primaryImageOfPage":{"@id":"https:\/\/quantongfastener.com\/product\/full-threaded-hex-bolt-din-933\/#primaryimage"},"image":{"@id":"https:\/\/quantongfastener.com\/product\/full-threaded-hex-bolt-din-933\/#primaryimage"},"thumbnailUrl":"https:\/\/quantongfastener.com\/wp-content\/uploads\/2025\/07\/Full-Threaded-Hex-Bolt-DIN-933.jpg","datePublished":"2025-07-29T15:19:52+00:00","breadcrumb":{"@id":"https:\/\/quantongfastener.com\/product\/full-threaded-hex-bolt-din-933\/#breadcrumb"},"inLanguage":"fr-FR","potentialAction":[{"@type":"ReadAction","target":["https:\/\/quantongfastener.com\/product\/full-threaded-hex-bolt-din-933\/"]}]},{"@type":"ImageObject","inLanguage":"fr-FR","@id":"https:\/\/quantongfastener.com\/product\/full-threaded-hex-bolt-din-933\/#primaryimage","url":"https:\/\/quantongfastener.com\/wp-content\/uploads\/2025\/07\/Full-Threaded-Hex-Bolt-DIN-933.jpg","contentUrl":"https:\/\/quantongfastener.com\/wp-content\/uploads\/2025\/07\/Full-Threaded-Hex-Bolt-DIN-933.jpg","width":610,"height":610},{"@type":"BreadcrumbList","@id":"https:\/\/quantongfastener.com\/product\/full-threaded-hex-bolt-din-933\/#breadcrumb","itemListElement":[{"@type":"ListItem","position":1,"name":"Home","item":"https:\/\/quantongfastener.com\/"},{"@type":"ListItem","position":2,"name":"Products","item":"https:\/\/quantongfastener.com\/products\/"},{"@type":"ListItem","position":3,"name":"Full Threaded Hex Bolt DIN 933"}]},{"@type":"WebSite","@id":"https:\/\/quantongfastener.com\/#website","url":"https:\/\/quantongfastener.com\/","name":"Attache Quantong","description":"","publisher":{"@id":"https:\/\/quantongfastener.com\/#organization"},"potentialAction":[{"@type":"SearchAction","target":{"@type":"EntryPoint","urlTemplate":"https:\/\/quantongfastener.com\/?s={search_term_string}"},"query-input":{"@type":"PropertyValueSpecification","valueRequired":true,"valueName":"search_term_string"}}],"inLanguage":"fr-FR"},{"@type":"Organization","@id":"https:\/\/quantongfastener.com\/#organization","name":"Attache Quantong","url":"https:\/\/quantongfastener.com\/","logo":{"@type":"ImageObject","inLanguage":"fr-FR","@id":"https:\/\/quantongfastener.com\/#\/schema\/logo\/image\/","url":"https:\/\/quantongfastener.com\/wp-content\/uploads\/2025\/07\/logo.jpg","contentUrl":"https:\/\/quantongfastener.com\/wp-content\/uploads\/2025\/07\/logo.jpg","width":425,"height":424,"caption":"Quantong Fastener"},"image":{"@id":"https:\/\/quantongfastener.com\/#\/schema\/logo\/image\/"}}]}},"_links":{"self":[{"href":"https:\/\/quantongfastener.com\/fr\/wp-json\/wp\/v2\/product\/1496","targetHints":{"allow":["GET"]}}],"collection":[{"href":"https:\/\/quantongfastener.com\/fr\/wp-json\/wp\/v2\/product"}],"about":[{"href":"https:\/\/quantongfastener.com\/fr\/wp-json\/wp\/v2\/types\/product"}],"wp:featuredmedia":[{"embeddable":true,"href":"https:\/\/quantongfastener.com\/fr\/wp-json\/wp\/v2\/media\/1500"}],"wp:attachment":[{"href":"https:\/\/quantongfastener.com\/fr\/wp-json\/wp\/v2\/media?parent=1496"}],"wp:term":[{"taxonomy":"product_brand","embeddable":true,"href":"https:\/\/quantongfastener.com\/fr\/wp-json\/wp\/v2\/product_brand?post=1496"},{"taxonomy":"product_cat","embeddable":true,"href":"https:\/\/quantongfastener.com\/fr\/wp-json\/wp\/v2\/product_cat?post=1496"},{"taxonomy":"product_tag","embeddable":true,"href":"https:\/\/quantongfastener.com\/fr\/wp-json\/wp\/v2\/product_tag?post=1496"}],"curies":[{"name":"wp","href":"https:\/\/api.w.org\/{rel}","templated":true}]}}