{"id":1465,"date":"2025-07-29T14:58:34","date_gmt":"2025-07-29T14:58:34","guid":{"rendered":"https:\/\/quantongfastener.com\/?post_type=product&#038;p=1465"},"modified":"2025-07-29T14:58:34","modified_gmt":"2025-07-29T14:58:34","slug":"high-strength-torsional-shear-bolts-for-steel-structures","status":"publish","type":"product","link":"https:\/\/quantongfastener.com\/fr\/produit\/high-strength-torsional-shear-bolts-for-steel-structures\/","title":{"rendered":"Boulons de cisaillement \u00e0 haute r\u00e9sistance \u00e0 la torsion pour les structures en acier"},"content":{"rendered":"<p><strong>Description du produit :<\/strong><\/p>\n<p><img fetchpriority=\"high\" decoding=\"async\" class=\"alignnone size-full wp-image-1472\" src=\"https:\/\/quantongfastener.com\/wp-content\/uploads\/2025\/07\/High-Strength-Torsional-Shear-Bolts-for-Steel-Structures.jpg\" alt=\"\" width=\"610\" height=\"610\" srcset=\"https:\/\/quantongfastener.com\/wp-content\/uploads\/2025\/07\/High-Strength-Torsional-Shear-Bolts-for-Steel-Structures.jpg 610w, https:\/\/quantongfastener.com\/wp-content\/uploads\/2025\/07\/High-Strength-Torsional-Shear-Bolts-for-Steel-Structures-300x300.jpg 300w, https:\/\/quantongfastener.com\/wp-content\/uploads\/2025\/07\/High-Strength-Torsional-Shear-Bolts-for-Steel-Structures-150x150.jpg 150w, https:\/\/quantongfastener.com\/wp-content\/uploads\/2025\/07\/High-Strength-Torsional-Shear-Bolts-for-Steel-Structures-12x12.jpg 12w, https:\/\/quantongfastener.com\/wp-content\/uploads\/2025\/07\/High-Strength-Torsional-Shear-Bolts-for-Steel-Structures-600x600.jpg 600w, https:\/\/quantongfastener.com\/wp-content\/uploads\/2025\/07\/High-Strength-Torsional-Shear-Bolts-for-Steel-Structures-100x100.jpg 100w\" sizes=\"(max-width: 610px) 100vw, 610px\" \/> <img decoding=\"async\" class=\"alignnone size-full wp-image-1471\" src=\"https:\/\/quantongfastener.com\/wp-content\/uploads\/2025\/07\/High-Strength-Torsional-Shear-Bolts-for-Steel-Structures-6.jpg\" alt=\"\" width=\"610\" height=\"610\" srcset=\"https:\/\/quantongfastener.com\/wp-content\/uploads\/2025\/07\/High-Strength-Torsional-Shear-Bolts-for-Steel-Structures-6.jpg 610w, https:\/\/quantongfastener.com\/wp-content\/uploads\/2025\/07\/High-Strength-Torsional-Shear-Bolts-for-Steel-Structures-6-300x300.jpg 300w, https:\/\/quantongfastener.com\/wp-content\/uploads\/2025\/07\/High-Strength-Torsional-Shear-Bolts-for-Steel-Structures-6-150x150.jpg 150w, https:\/\/quantongfastener.com\/wp-content\/uploads\/2025\/07\/High-Strength-Torsional-Shear-Bolts-for-Steel-Structures-6-12x12.jpg 12w, https:\/\/quantongfastener.com\/wp-content\/uploads\/2025\/07\/High-Strength-Torsional-Shear-Bolts-for-Steel-Structures-6-600x600.jpg 600w, https:\/\/quantongfastener.com\/wp-content\/uploads\/2025\/07\/High-Strength-Torsional-Shear-Bolts-for-Steel-Structures-6-100x100.jpg 100w\" sizes=\"(max-width: 610px) 100vw, 610px\" \/> <img decoding=\"async\" class=\"alignnone size-full wp-image-1470\" src=\"https:\/\/quantongfastener.com\/wp-content\/uploads\/2025\/07\/High-Strength-Torsional-Shear-Bolts-for-Steel-Structures-5.jpg\" alt=\"\" width=\"610\" height=\"610\" srcset=\"https:\/\/quantongfastener.com\/wp-content\/uploads\/2025\/07\/High-Strength-Torsional-Shear-Bolts-for-Steel-Structures-5.jpg 610w, https:\/\/quantongfastener.com\/wp-content\/uploads\/2025\/07\/High-Strength-Torsional-Shear-Bolts-for-Steel-Structures-5-300x300.jpg 300w, https:\/\/quantongfastener.com\/wp-content\/uploads\/2025\/07\/High-Strength-Torsional-Shear-Bolts-for-Steel-Structures-5-150x150.jpg 150w, https:\/\/quantongfastener.com\/wp-content\/uploads\/2025\/07\/High-Strength-Torsional-Shear-Bolts-for-Steel-Structures-5-12x12.jpg 12w, https:\/\/quantongfastener.com\/wp-content\/uploads\/2025\/07\/High-Strength-Torsional-Shear-Bolts-for-Steel-Structures-5-600x600.jpg 600w, https:\/\/quantongfastener.com\/wp-content\/uploads\/2025\/07\/High-Strength-Torsional-Shear-Bolts-for-Steel-Structures-5-100x100.jpg 100w\" sizes=\"(max-width: 610px) 100vw, 610px\" \/> <img loading=\"lazy\" decoding=\"async\" class=\"alignnone size-full wp-image-1469\" src=\"https:\/\/quantongfastener.com\/wp-content\/uploads\/2025\/07\/High-Strength-Torsional-Shear-Bolts-for-Steel-Structures-4.jpg\" alt=\"\" width=\"610\" height=\"610\" srcset=\"https:\/\/quantongfastener.com\/wp-content\/uploads\/2025\/07\/High-Strength-Torsional-Shear-Bolts-for-Steel-Structures-4.jpg 610w, https:\/\/quantongfastener.com\/wp-content\/uploads\/2025\/07\/High-Strength-Torsional-Shear-Bolts-for-Steel-Structures-4-300x300.jpg 300w, https:\/\/quantongfastener.com\/wp-content\/uploads\/2025\/07\/High-Strength-Torsional-Shear-Bolts-for-Steel-Structures-4-150x150.jpg 150w, https:\/\/quantongfastener.com\/wp-content\/uploads\/2025\/07\/High-Strength-Torsional-Shear-Bolts-for-Steel-Structures-4-12x12.jpg 12w, https:\/\/quantongfastener.com\/wp-content\/uploads\/2025\/07\/High-Strength-Torsional-Shear-Bolts-for-Steel-Structures-4-600x600.jpg 600w, https:\/\/quantongfastener.com\/wp-content\/uploads\/2025\/07\/High-Strength-Torsional-Shear-Bolts-for-Steel-Structures-4-100x100.jpg 100w\" sizes=\"(max-width: 610px) 100vw, 610px\" \/><\/p>\n<div class=\"table_wrap\">\n<table>\n<tbody>\n<tr>\n<td colspan=\"1\" rowspan=\"1\">\n<div data-spm-anchor-id=\"a2700.details.0.i33.6e1f30beXZMBiu\">Nom du produit<\/div>\n<\/td>\n<td colspan=\"1\" rowspan=\"1\">\n<div>Boulons de cisaillement \u00e0 torsion pour structures en acier vendus \u00e0 chaud<\/div>\n<\/td>\n<\/tr>\n<tr>\n<td colspan=\"1\" rowspan=\"1\">\n<div>Standard<\/div>\n<\/td>\n<td colspan=\"1\" rowspan=\"1\">\n<div>JSS II09<\/div>\n<\/td>\n<\/tr>\n<tr>\n<td colspan=\"1\" rowspan=\"1\">\n<div>Grade<\/div>\n<\/td>\n<td colspan=\"1\" rowspan=\"1\">\n<div>S10T ou 10.9<\/div>\n<\/td>\n<\/tr>\n<tr>\n<td colspan=\"1\" rowspan=\"1\">\n<div>Dia.<\/div>\n<\/td>\n<td colspan=\"1\" rowspan=\"1\">\n<div>M12-M30<\/div>\n<\/td>\n<\/tr>\n<tr>\n<td colspan=\"1\" rowspan=\"1\">\n<div>Longueur<\/div>\n<\/td>\n<td colspan=\"1\" rowspan=\"1\">\n<div>40-300mm<\/div>\n<\/td>\n<\/tr>\n<tr>\n<td colspan=\"1\" rowspan=\"1\">\n<div>Mat\u00e9riaux<\/div>\n<\/td>\n<td colspan=\"1\" rowspan=\"1\">\n<div>Acier au carbone-ML20MnTiB Acier alli\u00e9-40Cr \/ 35VB<\/div>\n<\/td>\n<\/tr>\n<tr>\n<td colspan=\"1\" rowspan=\"1\">\n<div>Finition disponible<\/div>\n<\/td>\n<td colspan=\"1\" rowspan=\"1\">\n<div>Dacromet, oxyde noir, phosphatation, galvanisation \u00e9lectronique, etc.<\/div>\n<\/td>\n<\/tr>\n<tr>\n<td colspan=\"1\" rowspan=\"1\">\n<div>Jeu de boulons<\/div>\n<\/td>\n<td colspan=\"1\" rowspan=\"1\">\n<div>set= 1 boulon + 1 \u00e9crou + 1 rondelle<\/div>\n<\/td>\n<\/tr>\n<tr>\n<td colspan=\"1\" rowspan=\"1\">\n<div>Marquage de la t\u00eate<\/div>\n<\/td>\n<td colspan=\"1\" rowspan=\"1\">\n<div>HYZ+S10T ou marque du client + S10T<\/div>\n<\/td>\n<\/tr>\n<tr>\n<td colspan=\"1\" rowspan=\"1\">\n<div>Emballage<\/div>\n<\/td>\n<td colspan=\"1\" rowspan=\"1\">\n<div>Carton et palette en bois ou caisse en bois ; tonneau+palette en bois<\/div>\n<\/td>\n<\/tr>\n<tr>\n<td colspan=\"1\" rowspan=\"1\">\n<div>Certification<\/div>\n<\/td>\n<td colspan=\"1\" rowspan=\"1\">\n<div>FPC BC1, SGS, BV, ISO, rapport d'essai de l'usine.<\/div>\n<\/td>\n<\/tr>\n<\/tbody>\n<\/table>\n<\/div>\n<p><strong>Avantages du produit :<\/strong><\/p>\n<ol>\n<li><strong>Usinage de pr\u00e9cision<\/strong><\/li>\n<\/ol>\n<p align=\"justify\">\u2606 Mesurer et traiter \u00e0 l'aide de machines-outils de pr\u00e9cision et d'outils de mesure dans des conditions environnementales strictement contr\u00f4l\u00e9es.<\/p>\n<ol>\n<li><strong>Acier au carbone de haute qualit\u00e9 (35#\/45#)<\/strong><\/li>\n<\/ol>\n<p align=\"justify\">\u2606 Longue dur\u00e9e de vie, faible production de chaleur, grande duret\u00e9, grande rigidit\u00e9, faible bruit, grande r\u00e9sistance \u00e0 l'usure et autres caract\u00e9ristiques.<\/p>\n<ol>\n<li><strong>Rentabilit\u00e9<\/strong><\/li>\n<\/ol>\n<p align=\"justify\">\u2606 L'utilisation d'acier au carbone de haute qualit\u00e9, apr\u00e8s un traitement et un formage de pr\u00e9cision, am\u00e9liore consid\u00e9rablement l'exp\u00e9rience de l'utilisateur.<\/p>\n<p><strong>Param\u00e8tre du produit :<\/strong><\/p>\n<p><img loading=\"lazy\" decoding=\"async\" class=\"alignnone size-full wp-image-1473\" src=\"https:\/\/quantongfastener.com\/wp-content\/uploads\/2025\/07\/1019102c-df93-4960-987e-de112c1c9a7d.png\" alt=\"\" width=\"600\" height=\"216\" srcset=\"https:\/\/quantongfastener.com\/wp-content\/uploads\/2025\/07\/1019102c-df93-4960-987e-de112c1c9a7d.png 600w, https:\/\/quantongfastener.com\/wp-content\/uploads\/2025\/07\/1019102c-df93-4960-987e-de112c1c9a7d-300x108.png 300w, https:\/\/quantongfastener.com\/wp-content\/uploads\/2025\/07\/1019102c-df93-4960-987e-de112c1c9a7d-18x6.png 18w\" sizes=\"(max-width: 600px) 100vw, 600px\" \/><\/p>\n<p>&nbsp;<\/p>\n<div class=\"table_wrap\">\n<table border=\"0\" cellspacing=\"0\" cellpadding=\"0\">\n<colgroup>\n<col span=\"2\" width=\"64\" \/>\n<col span=\"6\" width=\"64\" \/><\/colgroup>\n<tbody>\n<tr>\n<td colspan=\"2\" width=\"128\" height=\"19\">Sp\u00e9cification du fil<\/td>\n<td rowspan=\"2\" width=\"64\">1\/2<\/td>\n<td rowspan=\"2\" width=\"64\">5\/8<\/td>\n<td rowspan=\"2\" width=\"64\">3\/4<\/td>\n<td rowspan=\"2\" width=\"64\">7\/8<\/td>\n<td rowspan=\"2\" width=\"64\">1<\/td>\n<td rowspan=\"2\" width=\"64\">1-1\/8<\/td>\n<\/tr>\n<tr>\n<td colspan=\"2\" width=\"128\" height=\"19\">d<\/td>\n<\/tr>\n<tr>\n<td height=\"19\">PP<\/td>\n<td>UNC<\/td>\n<td width=\"64\">13<\/td>\n<td width=\"64\">11<\/td>\n<td width=\"64\">10<\/td>\n<td width=\"64\">9<\/td>\n<td width=\"64\">8<\/td>\n<td width=\"64\">7<\/td>\n<\/tr>\n<tr>\n<td rowspan=\"2\" height=\"38\">k<\/td>\n<td id=\"id1\">Maximum<\/td>\n<td width=\"64\">0.323<\/td>\n<td width=\"64\">0.403<\/td>\n<td width=\"64\">0.483<\/td>\n<td width=\"64\">0.563<\/td>\n<td width=\"64\">0.627<\/td>\n<td width=\"64\">0.718<\/td>\n<\/tr>\n<tr>\n<td height=\"19\">valeur minimale<\/td>\n<td width=\"64\">0.302<\/td>\n<td width=\"64\">0.378<\/td>\n<td width=\"64\">0.455<\/td>\n<td width=\"64\">0.531<\/td>\n<td width=\"64\">0.591<\/td>\n<td width=\"64\">0.658<\/td>\n<\/tr>\n<tr>\n<td rowspan=\"2\" height=\"38\">d<sub>s<\/sub><\/td>\n<td id=\"id1\">Maximum<\/td>\n<td width=\"64\">0.515<\/td>\n<td width=\"64\">0.642<\/td>\n<td width=\"64\">0.768<\/td>\n<td width=\"64\">0.895<\/td>\n<td width=\"64\">1.022<\/td>\n<td width=\"64\">1.149<\/td>\n<\/tr>\n<tr>\n<td height=\"19\">valeur minimale<\/td>\n<td width=\"64\">0.482<\/td>\n<td width=\"64\">0.605<\/td>\n<td width=\"64\">0.729<\/td>\n<td width=\"64\">0.852<\/td>\n<td width=\"64\">0.976<\/td>\n<td width=\"64\">1.098<\/td>\n<\/tr>\n<tr>\n<td height=\"21\">d<sub>k<\/sub><\/td>\n<td id=\"id1\">Maximum<\/td>\n<td width=\"64\">1.126<\/td>\n<td width=\"64\">1.313<\/td>\n<td width=\"64\">1.58<\/td>\n<td width=\"64\">1.88<\/td>\n<td width=\"64\">2.158<\/td>\n<td width=\"64\">2.375<\/td>\n<\/tr>\n<tr>\n<td height=\"19\">b<\/td>\n<td id=\"id1\">Longueur du filet<\/td>\n<td width=\"64\">1<\/td>\n<td width=\"64\">1.25<\/td>\n<td width=\"64\">1.38<\/td>\n<td width=\"64\">1.5<\/td>\n<td width=\"64\">1.75<\/td>\n<td width=\"64\">2<\/td>\n<\/tr>\n<tr>\n<td height=\"19\">z<\/td>\n<td id=\"id1\">valeur de r\u00e9f\u00e9rence<\/td>\n<td width=\"64\">0.5<\/td>\n<td width=\"64\">0.6<\/td>\n<td width=\"64\">0.65<\/td>\n<td width=\"64\">0.72<\/td>\n<td width=\"64\">0.8<\/td>\n<td width=\"64\">0.9<\/td>\n<\/tr>\n<tr>\n<td height=\"22\">s<sub>1<\/sub><\/td>\n<td id=\"id1\">valeur de r\u00e9f\u00e9rence<\/td>\n<td width=\"64\">0.32<\/td>\n<td width=\"64\">0.43<\/td>\n<td width=\"64\">0.53<\/td>\n<td width=\"64\">0.61<\/td>\n<td width=\"64\">0.7<\/td>\n<td width=\"64\">0.8<\/td>\n<\/tr>\n<\/tbody>\n<\/table>\n<\/div>\n<p><strong>NOTRE PAQUET :<\/strong><\/p>\n<p align=\"justify\">1. Sacs de 25 kg ou de 50 kg.<br \/>\n2. sacs avec palette.<br \/>\n3. Cartons de 25 kg ou cartons avec palette.<br \/>\n4. Emballage selon la demande du client<\/p>","protected":false},"excerpt":{"rendered":"<p>PRIX EXW : 720USD-910USD\/TONNE<br \/>\nQuantit\u00e9 minimale de commande : 2 tonnes<br \/>\nEMBALLAGE : SAC\/BO\u00ceTE AVEC PALETTE<br \/>\nPORT:TIANJIN\/QINGDAO\/SHANGHAI\/NINGBO<br \/>\nLIVRAISON : 5-30 JOURS SUR QTY<br \/>\nPAIEMENT : T\/T\/LC<br \/>\nCapacit\u00e9 d'approvisionnement : 600 TONNES PAR MOIS<\/p>","protected":false},"featured_media":1469,"template":"","meta":{"_kad_post_transparent":"default","_kad_post_title":"","_kad_post_layout":"default","_kad_post_sidebar_id":"","_kad_post_content_style":"default","_kad_post_vertical_padding":"default","_kad_post_feature":"","_kad_post_feature_position":"","_kad_post_header":false,"_kad_post_footer":false},"product_brand":[],"product_cat":[19],"product_tag":[],"class_list":{"0":"post-1465","1":"product","2":"type-product","3":"status-publish","4":"has-post-thumbnail","6":"product_cat-other","8":"first","9":"instock","10":"shipping-taxable","11":"product-type-simple","12":"entry","13":"content-bg","14":"loop-entry"},"yoast_head":"<!-- This site is optimized with the Yoast SEO plugin v27.4 - https:\/\/yoast.com\/product\/yoast-seo-wordpress\/ -->\n<title>High Strength Torsional Shear Bolts for Steel Structures - Quantong Fastener<\/title>\n<meta name=\"robots\" content=\"index, follow, max-snippet:-1, max-image-preview:large, max-video-preview:-1\" \/>\n<link rel=\"canonical\" href=\"https:\/\/quantongfastener.com\/fr\/produit\/high-strength-torsional-shear-bolts-for-steel-structures\/\" \/>\n<meta property=\"og:locale\" content=\"fr_FR\" \/>\n<meta property=\"og:type\" content=\"article\" \/>\n<meta property=\"og:title\" content=\"High Strength Torsional Shear Bolts for Steel Structures - Quantong Fastener\" \/>\n<meta property=\"og:description\" content=\"EXW PRICE : 720USD-910USD\/TON Min.Order Quantity:2TONS PACKAGING:BAG\/BOX WITH PALLET PORT:TIANJIN\/QINGDAO\/SHANGHAI\/NINGBO DELIVERY:5-30DAYS ON QTY PAYMENT:T\/T\/LC Supply Ability:600 TON PER MONTH\" \/>\n<meta property=\"og:url\" content=\"https:\/\/quantongfastener.com\/fr\/produit\/high-strength-torsional-shear-bolts-for-steel-structures\/\" \/>\n<meta property=\"og:site_name\" content=\"Quantong Fastener\" \/>\n<meta property=\"og:image\" content=\"https:\/\/quantongfastener.com\/wp-content\/uploads\/2025\/07\/High-Strength-Torsional-Shear-Bolts-for-Steel-Structures-4.jpg\" \/>\n\t<meta property=\"og:image:width\" content=\"610\" \/>\n\t<meta property=\"og:image:height\" content=\"610\" \/>\n\t<meta property=\"og:image:type\" content=\"image\/jpeg\" \/>\n<meta name=\"twitter:card\" content=\"summary_large_image\" \/>\n<meta name=\"twitter:label1\" content=\"Dur\u00e9e de lecture estim\u00e9e\" \/>\n\t<meta name=\"twitter:data1\" content=\"3 minutes\" \/>\n<script type=\"application\/ld+json\" class=\"yoast-schema-graph\">{\"@context\":\"https:\\\/\\\/schema.org\",\"@graph\":[{\"@type\":\"WebPage\",\"@id\":\"https:\\\/\\\/quantongfastener.com\\\/product\\\/high-strength-torsional-shear-bolts-for-steel-structures\\\/\",\"url\":\"https:\\\/\\\/quantongfastener.com\\\/product\\\/high-strength-torsional-shear-bolts-for-steel-structures\\\/\",\"name\":\"High Strength Torsional Shear Bolts for Steel Structures - Quantong Fastener\",\"isPartOf\":{\"@id\":\"https:\\\/\\\/quantongfastener.com\\\/#website\"},\"primaryImageOfPage\":{\"@id\":\"https:\\\/\\\/quantongfastener.com\\\/product\\\/high-strength-torsional-shear-bolts-for-steel-structures\\\/#primaryimage\"},\"image\":{\"@id\":\"https:\\\/\\\/quantongfastener.com\\\/product\\\/high-strength-torsional-shear-bolts-for-steel-structures\\\/#primaryimage\"},\"thumbnailUrl\":\"https:\\\/\\\/quantongfastener.com\\\/wp-content\\\/uploads\\\/2025\\\/07\\\/High-Strength-Torsional-Shear-Bolts-for-Steel-Structures-4.jpg\",\"datePublished\":\"2025-07-29T14:58:34+00:00\",\"breadcrumb\":{\"@id\":\"https:\\\/\\\/quantongfastener.com\\\/product\\\/high-strength-torsional-shear-bolts-for-steel-structures\\\/#breadcrumb\"},\"inLanguage\":\"fr-FR\",\"potentialAction\":[{\"@type\":\"ReadAction\",\"target\":[\"https:\\\/\\\/quantongfastener.com\\\/product\\\/high-strength-torsional-shear-bolts-for-steel-structures\\\/\"]}]},{\"@type\":\"ImageObject\",\"inLanguage\":\"fr-FR\",\"@id\":\"https:\\\/\\\/quantongfastener.com\\\/product\\\/high-strength-torsional-shear-bolts-for-steel-structures\\\/#primaryimage\",\"url\":\"https:\\\/\\\/quantongfastener.com\\\/wp-content\\\/uploads\\\/2025\\\/07\\\/High-Strength-Torsional-Shear-Bolts-for-Steel-Structures-4.jpg\",\"contentUrl\":\"https:\\\/\\\/quantongfastener.com\\\/wp-content\\\/uploads\\\/2025\\\/07\\\/High-Strength-Torsional-Shear-Bolts-for-Steel-Structures-4.jpg\",\"width\":610,\"height\":610},{\"@type\":\"BreadcrumbList\",\"@id\":\"https:\\\/\\\/quantongfastener.com\\\/product\\\/high-strength-torsional-shear-bolts-for-steel-structures\\\/#breadcrumb\",\"itemListElement\":[{\"@type\":\"ListItem\",\"position\":1,\"name\":\"Home\",\"item\":\"https:\\\/\\\/quantongfastener.com\\\/\"},{\"@type\":\"ListItem\",\"position\":2,\"name\":\"Products\",\"item\":\"https:\\\/\\\/quantongfastener.com\\\/products\\\/\"},{\"@type\":\"ListItem\",\"position\":3,\"name\":\"High Strength Torsional Shear Bolts for Steel Structures\"}]},{\"@type\":\"WebSite\",\"@id\":\"https:\\\/\\\/quantongfastener.com\\\/#website\",\"url\":\"https:\\\/\\\/quantongfastener.com\\\/\",\"name\":\"Quantong Fastener\",\"description\":\"\",\"publisher\":{\"@id\":\"https:\\\/\\\/quantongfastener.com\\\/#organization\"},\"potentialAction\":[{\"@type\":\"SearchAction\",\"target\":{\"@type\":\"EntryPoint\",\"urlTemplate\":\"https:\\\/\\\/quantongfastener.com\\\/?s={search_term_string}\"},\"query-input\":{\"@type\":\"PropertyValueSpecification\",\"valueRequired\":true,\"valueName\":\"search_term_string\"}}],\"inLanguage\":\"fr-FR\"},{\"@type\":\"Organization\",\"@id\":\"https:\\\/\\\/quantongfastener.com\\\/#organization\",\"name\":\"Quantong Fastener\",\"url\":\"https:\\\/\\\/quantongfastener.com\\\/\",\"logo\":{\"@type\":\"ImageObject\",\"inLanguage\":\"fr-FR\",\"@id\":\"https:\\\/\\\/quantongfastener.com\\\/#\\\/schema\\\/logo\\\/image\\\/\",\"url\":\"https:\\\/\\\/quantongfastener.com\\\/wp-content\\\/uploads\\\/2025\\\/07\\\/logo.jpg\",\"contentUrl\":\"https:\\\/\\\/quantongfastener.com\\\/wp-content\\\/uploads\\\/2025\\\/07\\\/logo.jpg\",\"width\":425,\"height\":424,\"caption\":\"Quantong Fastener\"},\"image\":{\"@id\":\"https:\\\/\\\/quantongfastener.com\\\/#\\\/schema\\\/logo\\\/image\\\/\"}}]}<\/script>\n<!-- \/ Yoast SEO plugin. -->","yoast_head_json":{"title":"High Strength Torsional Shear Bolts for Steel Structures - Quantong Fastener","robots":{"index":"index","follow":"follow","max-snippet":"max-snippet:-1","max-image-preview":"max-image-preview:large","max-video-preview":"max-video-preview:-1"},"canonical":"https:\/\/quantongfastener.com\/fr\/produit\/high-strength-torsional-shear-bolts-for-steel-structures\/","og_locale":"fr_FR","og_type":"article","og_title":"High Strength Torsional Shear Bolts for Steel Structures - Quantong Fastener","og_description":"EXW PRICE : 720USD-910USD\/TON Min.Order Quantity:2TONS PACKAGING:BAG\/BOX WITH PALLET PORT:TIANJIN\/QINGDAO\/SHANGHAI\/NINGBO DELIVERY:5-30DAYS ON QTY PAYMENT:T\/T\/LC Supply Ability:600 TON PER MONTH","og_url":"https:\/\/quantongfastener.com\/fr\/produit\/high-strength-torsional-shear-bolts-for-steel-structures\/","og_site_name":"Quantong Fastener","og_image":[{"width":610,"height":610,"url":"https:\/\/quantongfastener.com\/wp-content\/uploads\/2025\/07\/High-Strength-Torsional-Shear-Bolts-for-Steel-Structures-4.jpg","type":"image\/jpeg"}],"twitter_card":"summary_large_image","twitter_misc":{"Dur\u00e9e de lecture estim\u00e9e":"3 minutes"},"schema":{"@context":"https:\/\/schema.org","@graph":[{"@type":"WebPage","@id":"https:\/\/quantongfastener.com\/product\/high-strength-torsional-shear-bolts-for-steel-structures\/","url":"https:\/\/quantongfastener.com\/product\/high-strength-torsional-shear-bolts-for-steel-structures\/","name":"High Strength Torsional Shear Bolts for Steel Structures - Quantong Fastener","isPartOf":{"@id":"https:\/\/quantongfastener.com\/#website"},"primaryImageOfPage":{"@id":"https:\/\/quantongfastener.com\/product\/high-strength-torsional-shear-bolts-for-steel-structures\/#primaryimage"},"image":{"@id":"https:\/\/quantongfastener.com\/product\/high-strength-torsional-shear-bolts-for-steel-structures\/#primaryimage"},"thumbnailUrl":"https:\/\/quantongfastener.com\/wp-content\/uploads\/2025\/07\/High-Strength-Torsional-Shear-Bolts-for-Steel-Structures-4.jpg","datePublished":"2025-07-29T14:58:34+00:00","breadcrumb":{"@id":"https:\/\/quantongfastener.com\/product\/high-strength-torsional-shear-bolts-for-steel-structures\/#breadcrumb"},"inLanguage":"fr-FR","potentialAction":[{"@type":"ReadAction","target":["https:\/\/quantongfastener.com\/product\/high-strength-torsional-shear-bolts-for-steel-structures\/"]}]},{"@type":"ImageObject","inLanguage":"fr-FR","@id":"https:\/\/quantongfastener.com\/product\/high-strength-torsional-shear-bolts-for-steel-structures\/#primaryimage","url":"https:\/\/quantongfastener.com\/wp-content\/uploads\/2025\/07\/High-Strength-Torsional-Shear-Bolts-for-Steel-Structures-4.jpg","contentUrl":"https:\/\/quantongfastener.com\/wp-content\/uploads\/2025\/07\/High-Strength-Torsional-Shear-Bolts-for-Steel-Structures-4.jpg","width":610,"height":610},{"@type":"BreadcrumbList","@id":"https:\/\/quantongfastener.com\/product\/high-strength-torsional-shear-bolts-for-steel-structures\/#breadcrumb","itemListElement":[{"@type":"ListItem","position":1,"name":"Home","item":"https:\/\/quantongfastener.com\/"},{"@type":"ListItem","position":2,"name":"Products","item":"https:\/\/quantongfastener.com\/products\/"},{"@type":"ListItem","position":3,"name":"High Strength Torsional Shear Bolts for Steel Structures"}]},{"@type":"WebSite","@id":"https:\/\/quantongfastener.com\/#website","url":"https:\/\/quantongfastener.com\/","name":"Attache Quantong","description":"","publisher":{"@id":"https:\/\/quantongfastener.com\/#organization"},"potentialAction":[{"@type":"SearchAction","target":{"@type":"EntryPoint","urlTemplate":"https:\/\/quantongfastener.com\/?s={search_term_string}"},"query-input":{"@type":"PropertyValueSpecification","valueRequired":true,"valueName":"search_term_string"}}],"inLanguage":"fr-FR"},{"@type":"Organization","@id":"https:\/\/quantongfastener.com\/#organization","name":"Attache Quantong","url":"https:\/\/quantongfastener.com\/","logo":{"@type":"ImageObject","inLanguage":"fr-FR","@id":"https:\/\/quantongfastener.com\/#\/schema\/logo\/image\/","url":"https:\/\/quantongfastener.com\/wp-content\/uploads\/2025\/07\/logo.jpg","contentUrl":"https:\/\/quantongfastener.com\/wp-content\/uploads\/2025\/07\/logo.jpg","width":425,"height":424,"caption":"Quantong Fastener"},"image":{"@id":"https:\/\/quantongfastener.com\/#\/schema\/logo\/image\/"}}]}},"_links":{"self":[{"href":"https:\/\/quantongfastener.com\/fr\/wp-json\/wp\/v2\/product\/1465","targetHints":{"allow":["GET"]}}],"collection":[{"href":"https:\/\/quantongfastener.com\/fr\/wp-json\/wp\/v2\/product"}],"about":[{"href":"https:\/\/quantongfastener.com\/fr\/wp-json\/wp\/v2\/types\/product"}],"wp:featuredmedia":[{"embeddable":true,"href":"https:\/\/quantongfastener.com\/fr\/wp-json\/wp\/v2\/media\/1469"}],"wp:attachment":[{"href":"https:\/\/quantongfastener.com\/fr\/wp-json\/wp\/v2\/media?parent=1465"}],"wp:term":[{"taxonomy":"product_brand","embeddable":true,"href":"https:\/\/quantongfastener.com\/fr\/wp-json\/wp\/v2\/product_brand?post=1465"},{"taxonomy":"product_cat","embeddable":true,"href":"https:\/\/quantongfastener.com\/fr\/wp-json\/wp\/v2\/product_cat?post=1465"},{"taxonomy":"product_tag","embeddable":true,"href":"https:\/\/quantongfastener.com\/fr\/wp-json\/wp\/v2\/product_tag?post=1465"}],"curies":[{"name":"wp","href":"https:\/\/api.w.org\/{rel}","templated":true}]}}