{"id":1070,"date":"2025-07-29T01:32:05","date_gmt":"2025-07-29T01:32:05","guid":{"rendered":"https:\/\/quantongfastener.com\/?post_type=product&#038;p=1070"},"modified":"2025-07-29T01:32:05","modified_gmt":"2025-07-29T01:32:05","slug":"en14399-din6914-high-strength-hexagon-structural-bolt","status":"publish","type":"product","link":"https:\/\/quantongfastener.com\/fr\/produit\/en14399-din6914-high-strength-hexagon-structural-bolt\/","title":{"rendered":"EN14399 DIN6914 Boulons de construction hexagonaux \u00e0 haute r\u00e9sistance"},"content":{"rendered":"<section class=\"tab-content-wrap product-detail\">\n<div class=\"tab-title-bar detail-tabs\">\n<h2 class=\"tab-title title\"><span style=\"font-family: inherit;\">DIN6914 Boulons de construction \u00e0 haute r\u00e9sistance : Un guide complet<\/span><\/h2>\n<\/div>\n<section class=\"tab-panel-wrap\">\n<section class=\"tab-panel entry\">\n<section class=\"tab-panel-content\"><img fetchpriority=\"high\" decoding=\"async\" class=\"alignnone size-full wp-image-1076\" src=\"https:\/\/quantongfastener.com\/wp-content\/uploads\/2025\/07\/EN14399-DIN6914-High-Strength-Hexagon-Structural-Bolt.jpg\" alt=\"\" width=\"610\" height=\"610\" srcset=\"https:\/\/quantongfastener.com\/wp-content\/uploads\/2025\/07\/EN14399-DIN6914-High-Strength-Hexagon-Structural-Bolt.jpg 610w, https:\/\/quantongfastener.com\/wp-content\/uploads\/2025\/07\/EN14399-DIN6914-High-Strength-Hexagon-Structural-Bolt-300x300.jpg 300w, https:\/\/quantongfastener.com\/wp-content\/uploads\/2025\/07\/EN14399-DIN6914-High-Strength-Hexagon-Structural-Bolt-150x150.jpg 150w, https:\/\/quantongfastener.com\/wp-content\/uploads\/2025\/07\/EN14399-DIN6914-High-Strength-Hexagon-Structural-Bolt-12x12.jpg 12w, https:\/\/quantongfastener.com\/wp-content\/uploads\/2025\/07\/EN14399-DIN6914-High-Strength-Hexagon-Structural-Bolt-600x600.jpg 600w, https:\/\/quantongfastener.com\/wp-content\/uploads\/2025\/07\/EN14399-DIN6914-High-Strength-Hexagon-Structural-Bolt-100x100.jpg 100w\" sizes=\"(max-width: 610px) 100vw, 610px\" \/><\/p>\n<h3 data-spm-anchor-id=\"a2700.details.0.i72.5d38687djKEN1e\">Attributs sp\u00e9cifiques \u00e0 l'industrie<\/h3>\n<div class=\"table_wrap\">\n<table border=\"0\" cellspacing=\"0\" cellpadding=\"0\">\n<colgroup>\n<col width=\"378\" \/>\n<col width=\"761\" \/><\/colgroup>\n<tbody>\n<tr>\n<td width=\"378\" height=\"36\">Finition<\/td>\n<td width=\"761\">ZINC, PLAQU\u00c9 ZINC, Noir<\/td>\n<\/tr>\n<tr>\n<td width=\"378\" height=\"36\">Mat\u00e9riau<\/td>\n<td width=\"761\">Acier<\/td>\n<\/tr>\n<tr>\n<td width=\"378\" height=\"36\">Syst\u00e8me de mesure<\/td>\n<td width=\"761\">POUCE, m\u00e9trique<\/td>\n<\/tr>\n<\/tbody>\n<\/table>\n<\/div>\n<h3 data-spm-anchor-id=\"a2700.details.0.i71.5d38687djKEN1e\">Autres caract\u00e9ristiques<\/h3>\n<div class=\"table_wrap\">\n<table border=\"0\" cellspacing=\"0\" cellpadding=\"0\">\n<colgroup>\n<col width=\"378\" \/>\n<col width=\"761\" \/><\/colgroup>\n<tbody>\n<tr>\n<td width=\"378\" height=\"36\">Lieu d'origine<\/td>\n<td width=\"761\">Hebei, Chine<\/td>\n<\/tr>\n<tr>\n<td width=\"378\" height=\"36\">Style de t\u00eate<\/td>\n<td width=\"761\">Plat, Pan, Ovale, HEX<\/td>\n<\/tr>\n<tr>\n<td width=\"378\" height=\"36\">Taille<\/td>\n<td width=\"761\">Taille personnalis\u00e9e<\/td>\n<\/tr>\n<tr>\n<td width=\"378\" height=\"36\">Traitement de surface<\/td>\n<td width=\"761\">Exigences du client<\/td>\n<\/tr>\n<tr>\n<td width=\"378\" height=\"36\">Emballage<\/td>\n<td width=\"761\">Carton+palette<\/td>\n<\/tr>\n<\/tbody>\n<\/table>\n<\/div>\n<p>&nbsp;<\/p>\n<p><span style=\"font-size: medium;\"><strong>Qu'est-ce qu'un boulon DIN6914 ?<\/strong><\/span><\/p>\n<p>La norme DIN6914 est une norme allemande qui d\u00e9finit les dimensions et les propri\u00e9t\u00e9s des boulons de construction \u00e0 haute r\u00e9sistance. Ces boulons sont sp\u00e9cialement con\u00e7us pour des applications n\u00e9cessitant une r\u00e9sistance et une fiabilit\u00e9 exceptionnelles, telles que les constructions en acier, les ponts et les machines lourdes. R\u00e9put\u00e9s pour leur capacit\u00e9 \u00e0 supporter des charges de traction \u00e9lev\u00e9es, les boulons DIN6914 assurent une connexion s\u00fbre et durable entre les composants.<\/p>\n<p><img decoding=\"async\" class=\"alignnone size-full wp-image-1073\" src=\"https:\/\/quantongfastener.com\/wp-content\/uploads\/2025\/07\/EN14399-DIN6914-High-Strength-Hexagon-Structural-Bolt-3.jpg\" alt=\"\" width=\"610\" height=\"610\" srcset=\"https:\/\/quantongfastener.com\/wp-content\/uploads\/2025\/07\/EN14399-DIN6914-High-Strength-Hexagon-Structural-Bolt-3.jpg 610w, https:\/\/quantongfastener.com\/wp-content\/uploads\/2025\/07\/EN14399-DIN6914-High-Strength-Hexagon-Structural-Bolt-3-300x300.jpg 300w, https:\/\/quantongfastener.com\/wp-content\/uploads\/2025\/07\/EN14399-DIN6914-High-Strength-Hexagon-Structural-Bolt-3-150x150.jpg 150w, https:\/\/quantongfastener.com\/wp-content\/uploads\/2025\/07\/EN14399-DIN6914-High-Strength-Hexagon-Structural-Bolt-3-12x12.jpg 12w, https:\/\/quantongfastener.com\/wp-content\/uploads\/2025\/07\/EN14399-DIN6914-High-Strength-Hexagon-Structural-Bolt-3-600x600.jpg 600w, https:\/\/quantongfastener.com\/wp-content\/uploads\/2025\/07\/EN14399-DIN6914-High-Strength-Hexagon-Structural-Bolt-3-100x100.jpg 100w\" sizes=\"(max-width: 610px) 100vw, 610px\" \/><br \/>\n<strong><span style=\"font-size: medium;\">Principales caract\u00e9ristiques et avantages<\/span><\/strong><\/p>\n<p><strong>1. r\u00e9sistance exceptionnelle \u00e0 la traction :<\/strong> Capable de supporter des charges importantes sans d\u00e9faillance.<br \/>\n<strong>2. dimensions pr\u00e9cises :<\/strong> Fabriqu\u00e9 avec des tol\u00e9rances serr\u00e9es pour un ajustement s\u00fbr.<br \/>\n<strong>3. r\u00e9sistance \u00e0 la corrosion :<\/strong> Disponible dans diff\u00e9rents rev\u00eatements pour prot\u00e9ger contre la rouille et d'autres \u00e9l\u00e9ments corrosifs.<br \/>\n<strong>4. large gamme de tailles :<\/strong> S'adapte \u00e0 diverses applications et exigences de connexion.<br \/>\n<strong>5.Am\u00e9lioration de l'int\u00e9grit\u00e9 structurelle :<\/strong> Assure une connexion solide et durable.<br \/>\n<strong>6. une s\u00e9curit\u00e9 accrue :<\/strong> R\u00e9duit le risque de d\u00e9faillance des composants.<br \/>\n<strong>7. rentable :<\/strong> Longue dur\u00e9e de vie et fiabilit\u00e9, minimisant les co\u00fbts de maintenance.<\/p>\n<p><img decoding=\"async\" class=\"alignnone size-full wp-image-1072\" src=\"https:\/\/quantongfastener.com\/wp-content\/uploads\/2025\/07\/EN14399-DIN6914-High-Strength-Hexagon-Structural-Bolt-2.jpg\" alt=\"\" width=\"610\" height=\"610\" srcset=\"https:\/\/quantongfastener.com\/wp-content\/uploads\/2025\/07\/EN14399-DIN6914-High-Strength-Hexagon-Structural-Bolt-2.jpg 610w, https:\/\/quantongfastener.com\/wp-content\/uploads\/2025\/07\/EN14399-DIN6914-High-Strength-Hexagon-Structural-Bolt-2-300x300.jpg 300w, https:\/\/quantongfastener.com\/wp-content\/uploads\/2025\/07\/EN14399-DIN6914-High-Strength-Hexagon-Structural-Bolt-2-150x150.jpg 150w, https:\/\/quantongfastener.com\/wp-content\/uploads\/2025\/07\/EN14399-DIN6914-High-Strength-Hexagon-Structural-Bolt-2-12x12.jpg 12w, https:\/\/quantongfastener.com\/wp-content\/uploads\/2025\/07\/EN14399-DIN6914-High-Strength-Hexagon-Structural-Bolt-2-600x600.jpg 600w, https:\/\/quantongfastener.com\/wp-content\/uploads\/2025\/07\/EN14399-DIN6914-High-Strength-Hexagon-Structural-Bolt-2-100x100.jpg 100w\" sizes=\"(max-width: 610px) 100vw, 610px\" \/><br \/>\n<span style=\"font-size: medium;\"><strong>Guide de s\u00e9lection<\/strong><\/span><\/p>\n<p>Le choix du bon boulon DIN6914 d\u00e9pend de plusieurs facteurs :<\/p>\n<p><strong>1.Charge :<\/strong> D\u00e9terminez les charges maximales de traction et de cisaillement auxquelles le boulon sera soumis.<br \/>\n<strong>2. mat\u00e9riau :<\/strong> S\u00e9lectionnez un mat\u00e9riau de boulon (par exemple, acier au carbone, acier inoxydable) compatible avec les mat\u00e9riaux environnants et l'environnement.<br \/>\n<strong>3.Environnement<\/strong> Tenez compte de facteurs tels que la temp\u00e9rature, l'humidit\u00e9 et l'exposition aux produits chimiques lors du choix d'un rev\u00eatement ou d'un placage.<br \/>\n<strong>4. type de connexion :<\/strong> Le type d'assemblage (par exemple, assemblage boulonn\u00e9, assemblage filet\u00e9) influencera la longueur et le pas de vis du boulon.<br \/>\n<span style=\"font-size: medium;\"><strong>Installation et pr\u00e9cautions<\/strong><\/span><\/p>\n<p>1. couple de serrage appropri\u00e9 : Veillez \u00e0 ce que les boulons soient serr\u00e9s au couple sp\u00e9cifi\u00e9 afin d'\u00e9viter un serrage excessif ou insuffisant.<br \/>\n2. mesures anti-desserrage : Utiliser des rondelles, des contre-\u00e9crous ou des produits de blocage de filets appropri\u00e9s pour emp\u00eacher le desserrage d\u00fb aux vibrations ou \u00e0 d'autres facteurs.<br \/>\n3. protection contre la corrosion : Appliquer des rev\u00eatements protecteurs ou des lubrifiants, en particulier dans les environnements corrosifs.<br \/>\n<span style=\"font-size: medium;\"><strong>O\u00f9 acheter des boulons DIN6914<\/strong><\/span><\/p>\n<p>Pour des boulons DIN6914 de haute qualit\u00e9, contactez Cyfastener \u00e0 l'adresse vikki@cyfastener.com. Nous proposons une large gamme de tailles et de qualit\u00e9s pour r\u00e9pondre \u00e0 vos besoins sp\u00e9cifiques. Notre \u00e9quipe exp\u00e9riment\u00e9e peut vous aider \u00e0 s\u00e9lectionner les bons boulons pour votre projet et vous fournir des conseils d'expert sur l'installation et l'utilisation.<\/p>\n<p><span style=\"font-size: medium;\"><strong>Conclusion<\/strong><\/span><\/p>\n<p>Les boulons de structure \u00e0 haute r\u00e9sistance DIN6914 sont des composants essentiels dans de nombreuses applications techniques. En comprenant leurs caract\u00e9ristiques, leurs avantages et en les s\u00e9lectionnant correctement, vous pouvez garantir la s\u00e9curit\u00e9 et la fiabilit\u00e9 de vos structures.<\/p>\n<p>Pr\u00eat \u00e0 commander vos boulons DIN6914 ? Contactez-nous d\u00e8s aujourd'hui \u00e0 l'adresse vikki@cyfastener.com pour obtenir un devis ou discuter des exigences de votre projet.<\/p>\n<p><span style=\"font-size: medium;\"><strong>Contactez-nous d\u00e8s maintenant pour obtenir des devis et des \u00e9chantillons\uff01<\/strong><\/span><\/p>\n<p>&nbsp;<\/p>\n<p>&nbsp;<\/p>\n<p><strong>NOTRE PAQUET :<\/strong><\/p>\n<p align=\"justify\">1. Sacs de 25 kg ou de 50 kg.<br \/>\n2. sacs avec palette.<br \/>\n3. Cartons de 25 kg ou cartons avec palette.<br \/>\n4. Emballage selon la demande du client<\/p>\n<p><!--\n\n\n<div id=\"downaspdf\">\n                    <a title=\"Download this Product as PDF\" href=\"\/downloadpdf.php?id=8883\" rel=\"external nofollow\"><span>Download as PDF<\/span><\/a><\/div>\n\n\n--><\/p>\n<div class=\"clear\"><\/div>\n<hr \/>\n<ul>\n<li><b>Pr\u00e9c\u00e9dent :<\/b><br \/>\n<a href=\"https:\/\/www.cyfastener.com\/open-end-eye-bolts-product\/\" rel=\"prev\">Boulons \u00e0 \u0153il \u00e0 extr\u00e9mit\u00e9 ouverte<\/a><\/li>\n<li><b>Suivant :<\/b><br \/>\n<a href=\"https:\/\/www.cyfastener.com\/din6915-high-strength-hex-nuts-product\/\" rel=\"next\">\u00c9crous hexagonaux \u00e0 haute r\u00e9sistance DIN6915 HV Head Mark<\/a><\/li>\n<\/ul>\n<hr \/>\n<\/section>\n<\/section>\n<section class=\"tab-panel disabled entry\">\n<section class=\"tab-panel-content\"><\/section>\n<\/section>\n<\/section>\n<\/section>","protected":false},"excerpt":{"rendered":"<p>Description succincte :<br \/>\nPRIX EXW : 720USD-910USD\/TONNE<\/p>\n<p>Quantit\u00e9 minimale de commande : 2 tonnes<\/p>\n<p>EMBALLAGE : SAC\/BO\u00ceTE AVEC PALETTE<\/p>\n<p>PORT:TIANJIN\/QINGDAO\/SHANGHAI\/NINGBO<\/p>\n<p>LIVRAISON : 5-30 JOURS SUR QTY<\/p>\n<p>PAIEMENT : T\/T\/LC<\/p>\n<p>Capacit\u00e9 d'approvisionnement : 500 TONNES PAR MOIS<\/p>\n<p>Prix FOB:US $0.5 - 9,999 \/ Pi\u00e8ce<br \/>\nQuantit\u00e9 min. par commande : 100 pi\u00e8ces\/pi\u00e8ces<br \/>\nCapacit\u00e9 de production : 10000 pi\u00e8ces par mois<\/p>","protected":false},"featured_media":1076,"template":"","meta":{"_kad_post_transparent":"default","_kad_post_title":"","_kad_post_layout":"default","_kad_post_sidebar_id":"","_kad_post_content_style":"default","_kad_post_vertical_padding":"default","_kad_post_feature":"","_kad_post_feature_position":"","_kad_post_header":false,"_kad_post_footer":false},"product_brand":[],"product_cat":[28],"product_tag":[],"class_list":{"0":"post-1070","1":"product","2":"type-product","3":"status-publish","4":"has-post-thumbnail","6":"product_cat-bolt","8":"first","9":"instock","10":"shipping-taxable","11":"product-type-simple","12":"entry","13":"content-bg","14":"loop-entry"},"yoast_head":"<!-- This site is optimized with the Yoast SEO plugin v27.4 - https:\/\/yoast.com\/product\/yoast-seo-wordpress\/ -->\n<title>EN14399 DIN6914 High Strength Hexagon Structural Bolt - Quantong Fastener<\/title>\n<meta name=\"robots\" content=\"index, follow, max-snippet:-1, max-image-preview:large, max-video-preview:-1\" \/>\n<link rel=\"canonical\" href=\"https:\/\/quantongfastener.com\/fr\/produit\/en14399-din6914-high-strength-hexagon-structural-bolt\/\" \/>\n<meta property=\"og:locale\" content=\"fr_FR\" \/>\n<meta property=\"og:type\" content=\"article\" \/>\n<meta property=\"og:title\" content=\"EN14399 DIN6914 High Strength Hexagon Structural Bolt - Quantong Fastener\" \/>\n<meta property=\"og:description\" content=\"Short Description: EXW PRICE : 720USD-910USD\/TON  Min.Order Quantity:2TONS  PACKAGING:BAG\/BOX WITH PALLET  PORT:TIANJIN\/QINGDAO\/SHANGHAI\/NINGBO  DELIVERY:5-30DAYS ON QTY  PAYMENT:T\/T\/LC  Supply Ability:500 TON PER MONTH  FOB Price:US $0.5 - 9,999 \/ Piece Min.Order Quantity:100 Piece\/Pieces Supply Ability:10000 Piece\/Pieces per Month\" \/>\n<meta property=\"og:url\" content=\"https:\/\/quantongfastener.com\/fr\/produit\/en14399-din6914-high-strength-hexagon-structural-bolt\/\" \/>\n<meta property=\"og:site_name\" content=\"Quantong Fastener\" \/>\n<meta property=\"og:image\" content=\"https:\/\/quantongfastener.com\/wp-content\/uploads\/2025\/07\/EN14399-DIN6914-High-Strength-Hexagon-Structural-Bolt.jpg\" \/>\n\t<meta property=\"og:image:width\" content=\"610\" \/>\n\t<meta property=\"og:image:height\" content=\"610\" \/>\n\t<meta property=\"og:image:type\" content=\"image\/jpeg\" \/>\n<meta name=\"twitter:card\" content=\"summary_large_image\" \/>\n<meta name=\"twitter:label1\" content=\"Dur\u00e9e de lecture estim\u00e9e\" \/>\n\t<meta name=\"twitter:data1\" content=\"3 minutes\" \/>\n<script type=\"application\/ld+json\" class=\"yoast-schema-graph\">{\"@context\":\"https:\\\/\\\/schema.org\",\"@graph\":[{\"@type\":\"WebPage\",\"@id\":\"https:\\\/\\\/quantongfastener.com\\\/product\\\/en14399-din6914-high-strength-hexagon-structural-bolt\\\/\",\"url\":\"https:\\\/\\\/quantongfastener.com\\\/product\\\/en14399-din6914-high-strength-hexagon-structural-bolt\\\/\",\"name\":\"EN14399 DIN6914 High Strength Hexagon Structural Bolt - Quantong Fastener\",\"isPartOf\":{\"@id\":\"https:\\\/\\\/quantongfastener.com\\\/#website\"},\"primaryImageOfPage\":{\"@id\":\"https:\\\/\\\/quantongfastener.com\\\/product\\\/en14399-din6914-high-strength-hexagon-structural-bolt\\\/#primaryimage\"},\"image\":{\"@id\":\"https:\\\/\\\/quantongfastener.com\\\/product\\\/en14399-din6914-high-strength-hexagon-structural-bolt\\\/#primaryimage\"},\"thumbnailUrl\":\"https:\\\/\\\/quantongfastener.com\\\/wp-content\\\/uploads\\\/2025\\\/07\\\/EN14399-DIN6914-High-Strength-Hexagon-Structural-Bolt.jpg\",\"datePublished\":\"2025-07-29T01:32:05+00:00\",\"breadcrumb\":{\"@id\":\"https:\\\/\\\/quantongfastener.com\\\/product\\\/en14399-din6914-high-strength-hexagon-structural-bolt\\\/#breadcrumb\"},\"inLanguage\":\"fr-FR\",\"potentialAction\":[{\"@type\":\"ReadAction\",\"target\":[\"https:\\\/\\\/quantongfastener.com\\\/product\\\/en14399-din6914-high-strength-hexagon-structural-bolt\\\/\"]}]},{\"@type\":\"ImageObject\",\"inLanguage\":\"fr-FR\",\"@id\":\"https:\\\/\\\/quantongfastener.com\\\/product\\\/en14399-din6914-high-strength-hexagon-structural-bolt\\\/#primaryimage\",\"url\":\"https:\\\/\\\/quantongfastener.com\\\/wp-content\\\/uploads\\\/2025\\\/07\\\/EN14399-DIN6914-High-Strength-Hexagon-Structural-Bolt.jpg\",\"contentUrl\":\"https:\\\/\\\/quantongfastener.com\\\/wp-content\\\/uploads\\\/2025\\\/07\\\/EN14399-DIN6914-High-Strength-Hexagon-Structural-Bolt.jpg\",\"width\":610,\"height\":610},{\"@type\":\"BreadcrumbList\",\"@id\":\"https:\\\/\\\/quantongfastener.com\\\/product\\\/en14399-din6914-high-strength-hexagon-structural-bolt\\\/#breadcrumb\",\"itemListElement\":[{\"@type\":\"ListItem\",\"position\":1,\"name\":\"Home\",\"item\":\"https:\\\/\\\/quantongfastener.com\\\/\"},{\"@type\":\"ListItem\",\"position\":2,\"name\":\"Products\",\"item\":\"https:\\\/\\\/quantongfastener.com\\\/products\\\/\"},{\"@type\":\"ListItem\",\"position\":3,\"name\":\"EN14399 DIN6914 High Strength Hexagon Structural Bolt\"}]},{\"@type\":\"WebSite\",\"@id\":\"https:\\\/\\\/quantongfastener.com\\\/#website\",\"url\":\"https:\\\/\\\/quantongfastener.com\\\/\",\"name\":\"Quantong Fastener\",\"description\":\"\",\"publisher\":{\"@id\":\"https:\\\/\\\/quantongfastener.com\\\/#organization\"},\"potentialAction\":[{\"@type\":\"SearchAction\",\"target\":{\"@type\":\"EntryPoint\",\"urlTemplate\":\"https:\\\/\\\/quantongfastener.com\\\/?s={search_term_string}\"},\"query-input\":{\"@type\":\"PropertyValueSpecification\",\"valueRequired\":true,\"valueName\":\"search_term_string\"}}],\"inLanguage\":\"fr-FR\"},{\"@type\":\"Organization\",\"@id\":\"https:\\\/\\\/quantongfastener.com\\\/#organization\",\"name\":\"Quantong Fastener\",\"url\":\"https:\\\/\\\/quantongfastener.com\\\/\",\"logo\":{\"@type\":\"ImageObject\",\"inLanguage\":\"fr-FR\",\"@id\":\"https:\\\/\\\/quantongfastener.com\\\/#\\\/schema\\\/logo\\\/image\\\/\",\"url\":\"https:\\\/\\\/quantongfastener.com\\\/wp-content\\\/uploads\\\/2025\\\/07\\\/logo.jpg\",\"contentUrl\":\"https:\\\/\\\/quantongfastener.com\\\/wp-content\\\/uploads\\\/2025\\\/07\\\/logo.jpg\",\"width\":425,\"height\":424,\"caption\":\"Quantong Fastener\"},\"image\":{\"@id\":\"https:\\\/\\\/quantongfastener.com\\\/#\\\/schema\\\/logo\\\/image\\\/\"}}]}<\/script>\n<!-- \/ Yoast SEO plugin. -->","yoast_head_json":{"title":"EN14399 DIN6914 High Strength Hexagon Structural Bolt - Quantong Fastener","robots":{"index":"index","follow":"follow","max-snippet":"max-snippet:-1","max-image-preview":"max-image-preview:large","max-video-preview":"max-video-preview:-1"},"canonical":"https:\/\/quantongfastener.com\/fr\/produit\/en14399-din6914-high-strength-hexagon-structural-bolt\/","og_locale":"fr_FR","og_type":"article","og_title":"EN14399 DIN6914 High Strength Hexagon Structural Bolt - Quantong Fastener","og_description":"Short Description: EXW PRICE : 720USD-910USD\/TON  Min.Order Quantity:2TONS  PACKAGING:BAG\/BOX WITH PALLET  PORT:TIANJIN\/QINGDAO\/SHANGHAI\/NINGBO  DELIVERY:5-30DAYS ON QTY  PAYMENT:T\/T\/LC  Supply Ability:500 TON PER MONTH  FOB Price:US $0.5 - 9,999 \/ Piece Min.Order Quantity:100 Piece\/Pieces Supply Ability:10000 Piece\/Pieces per Month","og_url":"https:\/\/quantongfastener.com\/fr\/produit\/en14399-din6914-high-strength-hexagon-structural-bolt\/","og_site_name":"Quantong Fastener","og_image":[{"width":610,"height":610,"url":"https:\/\/quantongfastener.com\/wp-content\/uploads\/2025\/07\/EN14399-DIN6914-High-Strength-Hexagon-Structural-Bolt.jpg","type":"image\/jpeg"}],"twitter_card":"summary_large_image","twitter_misc":{"Dur\u00e9e de lecture estim\u00e9e":"3 minutes"},"schema":{"@context":"https:\/\/schema.org","@graph":[{"@type":"WebPage","@id":"https:\/\/quantongfastener.com\/product\/en14399-din6914-high-strength-hexagon-structural-bolt\/","url":"https:\/\/quantongfastener.com\/product\/en14399-din6914-high-strength-hexagon-structural-bolt\/","name":"EN14399 DIN6914 High Strength Hexagon Structural Bolt - Quantong Fastener","isPartOf":{"@id":"https:\/\/quantongfastener.com\/#website"},"primaryImageOfPage":{"@id":"https:\/\/quantongfastener.com\/product\/en14399-din6914-high-strength-hexagon-structural-bolt\/#primaryimage"},"image":{"@id":"https:\/\/quantongfastener.com\/product\/en14399-din6914-high-strength-hexagon-structural-bolt\/#primaryimage"},"thumbnailUrl":"https:\/\/quantongfastener.com\/wp-content\/uploads\/2025\/07\/EN14399-DIN6914-High-Strength-Hexagon-Structural-Bolt.jpg","datePublished":"2025-07-29T01:32:05+00:00","breadcrumb":{"@id":"https:\/\/quantongfastener.com\/product\/en14399-din6914-high-strength-hexagon-structural-bolt\/#breadcrumb"},"inLanguage":"fr-FR","potentialAction":[{"@type":"ReadAction","target":["https:\/\/quantongfastener.com\/product\/en14399-din6914-high-strength-hexagon-structural-bolt\/"]}]},{"@type":"ImageObject","inLanguage":"fr-FR","@id":"https:\/\/quantongfastener.com\/product\/en14399-din6914-high-strength-hexagon-structural-bolt\/#primaryimage","url":"https:\/\/quantongfastener.com\/wp-content\/uploads\/2025\/07\/EN14399-DIN6914-High-Strength-Hexagon-Structural-Bolt.jpg","contentUrl":"https:\/\/quantongfastener.com\/wp-content\/uploads\/2025\/07\/EN14399-DIN6914-High-Strength-Hexagon-Structural-Bolt.jpg","width":610,"height":610},{"@type":"BreadcrumbList","@id":"https:\/\/quantongfastener.com\/product\/en14399-din6914-high-strength-hexagon-structural-bolt\/#breadcrumb","itemListElement":[{"@type":"ListItem","position":1,"name":"Home","item":"https:\/\/quantongfastener.com\/"},{"@type":"ListItem","position":2,"name":"Products","item":"https:\/\/quantongfastener.com\/products\/"},{"@type":"ListItem","position":3,"name":"EN14399 DIN6914 High Strength Hexagon Structural Bolt"}]},{"@type":"WebSite","@id":"https:\/\/quantongfastener.com\/#website","url":"https:\/\/quantongfastener.com\/","name":"Attache Quantong","description":"","publisher":{"@id":"https:\/\/quantongfastener.com\/#organization"},"potentialAction":[{"@type":"SearchAction","target":{"@type":"EntryPoint","urlTemplate":"https:\/\/quantongfastener.com\/?s={search_term_string}"},"query-input":{"@type":"PropertyValueSpecification","valueRequired":true,"valueName":"search_term_string"}}],"inLanguage":"fr-FR"},{"@type":"Organization","@id":"https:\/\/quantongfastener.com\/#organization","name":"Attache Quantong","url":"https:\/\/quantongfastener.com\/","logo":{"@type":"ImageObject","inLanguage":"fr-FR","@id":"https:\/\/quantongfastener.com\/#\/schema\/logo\/image\/","url":"https:\/\/quantongfastener.com\/wp-content\/uploads\/2025\/07\/logo.jpg","contentUrl":"https:\/\/quantongfastener.com\/wp-content\/uploads\/2025\/07\/logo.jpg","width":425,"height":424,"caption":"Quantong Fastener"},"image":{"@id":"https:\/\/quantongfastener.com\/#\/schema\/logo\/image\/"}}]}},"_links":{"self":[{"href":"https:\/\/quantongfastener.com\/fr\/wp-json\/wp\/v2\/product\/1070","targetHints":{"allow":["GET"]}}],"collection":[{"href":"https:\/\/quantongfastener.com\/fr\/wp-json\/wp\/v2\/product"}],"about":[{"href":"https:\/\/quantongfastener.com\/fr\/wp-json\/wp\/v2\/types\/product"}],"wp:featuredmedia":[{"embeddable":true,"href":"https:\/\/quantongfastener.com\/fr\/wp-json\/wp\/v2\/media\/1076"}],"wp:attachment":[{"href":"https:\/\/quantongfastener.com\/fr\/wp-json\/wp\/v2\/media?parent=1070"}],"wp:term":[{"taxonomy":"product_brand","embeddable":true,"href":"https:\/\/quantongfastener.com\/fr\/wp-json\/wp\/v2\/product_brand?post=1070"},{"taxonomy":"product_cat","embeddable":true,"href":"https:\/\/quantongfastener.com\/fr\/wp-json\/wp\/v2\/product_cat?post=1070"},{"taxonomy":"product_tag","embeddable":true,"href":"https:\/\/quantongfastener.com\/fr\/wp-json\/wp\/v2\/product_tag?post=1070"}],"curies":[{"name":"wp","href":"https:\/\/api.w.org\/{rel}","templated":true}]}}