{"id":1045,"date":"2025-07-15T05:32:45","date_gmt":"2025-07-15T05:32:45","guid":{"rendered":"https:\/\/quantongfastener.com\/?post_type=product&#038;p=1045"},"modified":"2025-08-21T03:29:05","modified_gmt":"2025-08-21T03:29:05","slug":"professional-hex-key-tools-meeting-your-industrial-application-needs-quality-assured","status":"publish","type":"product","link":"https:\/\/quantongfastener.com\/fr\/produit\/professional-hex-key-tools-meeting-your-industrial-application-needs-quality-assured\/","title":{"rendered":"Cl\u00e9 hexagonale professionnelle"},"content":{"rendered":"<section class=\"tab-content-wrap product-detail\">\n<div class=\"tab-title-bar detail-tabs\">\n<h2 class=\"tab-title title current\">D\u00e9tail du produit<\/h2>\n<h2 class=\"tab-title title\">\u00c9tiquettes du produit<\/h2>\n<\/div>\n<section class=\"tab-panel-wrap\">\n<section class=\"tab-panel entry\">\n<section class=\"tab-panel-content\">Outils professionnels \u00e0 cl\u00e9 hexagonale : R\u00e9pondre \u00e0 vos besoins en mati\u00e8re d'applications industrielles, qualit\u00e9 assur\u00e9e<a href=\"https:\/\/www.cyfastener.com\/uploads\/L-type-hex-key-1.jpg\"><img decoding=\"async\" class=\"alignnone size-full wp-image-9053\" src=\"https:\/\/www.cyfastener.com\/uploads\/L-type-hex-key-1.jpg\" alt=\"L-type-hex-key-1\" \/><\/a><\/p>\n<p data-sourcepos=\"19:1-19:290\">Chez Hebei ChengYi Engineering Materials Co, Ltd, nous comprenons le r\u00f4le critique des outils de haute qualit\u00e9 dans les applications industrielles. C'est pourquoi nous sommes heureux d'annoncer l'\u00e9largissement de notre gamme de cl\u00e9s hexagonales, offrant des solutions compl\u00e8tes pour les cl\u00e9s hexagonales standard et \u00e0 haute r\u00e9sistance.<\/p>\n<p data-sourcepos=\"21:1-21:51\"><strong>Une qualit\u00e9 sup\u00e9rieure pour r\u00e9pondre \u00e0 vos besoins les plus exigeants :<\/strong><\/p>\n<ul data-sourcepos=\"23:1-26:0\">\n<li data-sourcepos=\"23:1-23:136\">Fabriqu\u00e9es \u00e0 partir de mat\u00e9riaux de premi\u00e8re qualit\u00e9, nos cl\u00e9s hexagonales sont robustes et durables, et r\u00e9sistent aux rigueurs des environnements de travail \u00e0 haute intensit\u00e9.<\/li>\n<li data-sourcepos=\"24:1-24:148\">Que vous ayez besoin de tailles standard ou personnalis\u00e9es, nous pouvons adapter les solutions \u00e0 vos sp\u00e9cifications pr\u00e9cises, garantissant ainsi une adaptation parfaite \u00e0 votre application.<\/li>\n<li data-sourcepos=\"25:1-26:0\">Nous offrons une vari\u00e9t\u00e9 de finitions de surface, y compris l'\u00e9tat brut, le zingage et l'oxyde noir, afin d'am\u00e9liorer la r\u00e9sistance \u00e0 la corrosion et la durabilit\u00e9.<\/li>\n<\/ul>\n<p data-sourcepos=\"27:1-27:69\"><strong>Des performances de niveau industriel qui am\u00e9liorent l'efficacit\u00e9 de votre production :<\/strong><\/p>\n<ul data-sourcepos=\"29:1-32:0\">\n<li data-sourcepos=\"29:1-29:156\">Nos cl\u00e9s hexagonales conviennent \u00e0 un large \u00e9ventail d'applications industrielles, y compris la fabrication de machines, la r\u00e9paration automobile et l'ing\u00e9nierie de la construction.<\/li>\n<li data-sourcepos=\"30:1-30:103\">Les cl\u00e9s hexagonales \u00e0 haute r\u00e9sistance r\u00e9pondent facilement aux exigences de couple \u00e9lev\u00e9, augmentant ainsi votre efficacit\u00e9 op\u00e9rationnelle.<\/li>\n<li data-sourcepos=\"31:1-32:0\">La fabrication de pr\u00e9cision garantit des dimensions exactes, minimise les erreurs et am\u00e9liore la qualit\u00e9 de l'assemblage.<\/li>\n<\/ul>\n<p data-sourcepos=\"33:1-33:37\"><strong>Direct d'usine, valeur imbattable :<\/strong><\/p>\n<ul data-sourcepos=\"35:1-38:0\">\n<li data-sourcepos=\"35:1-35:138\">En tant que fabricant et n\u00e9gociant int\u00e9gr\u00e9 d'\u00e9l\u00e9ments de fixation, nous disposons de solides capacit\u00e9s de production et d'un syst\u00e8me complet de contr\u00f4le de la qualit\u00e9.<\/li>\n<li data-sourcepos=\"36:1-36:126\">Notre mod\u00e8le d'usine directe vous garantit les prix les plus comp\u00e9titifs tout en b\u00e9n\u00e9ficiant d'une qualit\u00e9 et d'un service exceptionnels.<\/li>\n<li data-sourcepos=\"37:1-38:0\">Nous maintenons des stocks importants, ce qui nous permet de r\u00e9pondre rapidement aux commandes et d'assurer une livraison rapide.<\/li>\n<\/ul>\n<p><a href=\"https:\/\/www.cyfastener.com\/uploads\/hex-key-application.jpg\"><img decoding=\"async\" class=\"alignnone size-full wp-image-9056\" src=\"https:\/\/www.cyfastener.com\/uploads\/hex-key-application.jpg\" alt=\"hex-key-application\" \/><\/a><\/p>\n<p data-sourcepos=\"41:1-41:85\"><strong>Choisir les cl\u00e9s hexagonales de Hebei ChengYi Engineering Materials Co, Ltd. Hex Keys signifie que vous obtiendrez :<\/strong><\/p>\n<ul data-sourcepos=\"43:1-47:0\">\n<li data-sourcepos=\"43:1-43:41\">Des produits de haute qualit\u00e9 et de haute performance<\/li>\n<li data-sourcepos=\"44:1-44:22\">Solutions personnalis\u00e9es<\/li>\n<li data-sourcepos=\"45:1-45:28\">Des prix tr\u00e8s comp\u00e9titifs<\/li>\n<li data-sourcepos=\"46:1-47:0\">Livraison rapide et fiable<\/li>\n<\/ul>\n<p data-sourcepos=\"48:1-48:150\">Contactez-nous d\u00e8s aujourd'hui pour en savoir plus sur nos produits hexagonaux et sur la fa\u00e7on dont nous pouvons soutenir vos applications industrielles avec plus d'efficacit\u00e9 et de fiabilit\u00e9 !<\/p>\n<\/section>\n<\/section>\n<section class=\"tab-panel disabled entry\">\n<section class=\"tab-panel-content\"><\/section>\n<\/section>\n<\/section>\n<\/section>","protected":false},"excerpt":{"rendered":"<h3>Description succincte :<\/h3>\n<p>Quantit\u00e9 minimale par commande : 20000PCS<\/p>\n<p>EMBALLAGE : SAC\/BO\u00ceTE AVEC PALETTE<\/p>\n<p>PORT:TIANJIN\/QINGDAO\/SHANGHAI\/NINGBO<\/p>\n<p>LIVRAISON : 5-30 JOURS SUR QTY<\/p>\n<p>PAIEMENT : T\/T\/LC<\/p>\n<p>Capacit\u00e9 d'approvisionnement : 60 TONNES PAR MOIS<\/p>\n<p>&nbsp;<\/p>\n<ul>\n<li><em>Prix FOB :<\/em>US $0.5 - 9 999 \/ Pi\u00e8ce<\/li>\n<li><em>Quantit\u00e9 minimale de commande :<\/em>100 pi\u00e8ces\/pi\u00e8ces<\/li>\n<li><em>Capacit\u00e9 d'approvisionnement :<\/em>10000 pi\u00e8ces par mois<\/li>\n<\/ul>","protected":false},"featured_media":1052,"template":"","meta":{"_kad_post_transparent":"default","_kad_post_title":"","_kad_post_layout":"default","_kad_post_sidebar_id":"","_kad_post_content_style":"default","_kad_post_vertical_padding":"default","_kad_post_feature":"","_kad_post_feature_position":"","_kad_post_header":false,"_kad_post_footer":false},"product_brand":[],"product_cat":[28,41,42],"product_tag":[],"class_list":{"0":"post-1045","1":"product","2":"type-product","3":"status-publish","4":"has-post-thumbnail","6":"product_cat-bolt","7":"product_cat-din-7984-hex-socket-head-cap-boit-with-low-head","8":"product_cat-dln-7991-hex-socket-countersunk-head-cap-bolt","10":"first","11":"instock","12":"shipping-taxable","13":"product-type-simple","14":"entry","15":"content-bg","16":"loop-entry"},"yoast_head":"<!-- This site is optimized with the Yoast SEO plugin v27.4 - https:\/\/yoast.com\/product\/yoast-seo-wordpress\/ -->\n<title>Professional Hex Key Tools - Quantong Fastener<\/title>\n<meta name=\"robots\" content=\"index, follow, max-snippet:-1, max-image-preview:large, max-video-preview:-1\" \/>\n<link rel=\"canonical\" href=\"https:\/\/quantongfastener.com\/fr\/produit\/professional-hex-key-tools-meeting-your-industrial-application-needs-quality-assured\/\" \/>\n<meta property=\"og:locale\" content=\"fr_FR\" \/>\n<meta property=\"og:type\" content=\"article\" \/>\n<meta property=\"og:title\" content=\"Professional Hex Key Tools - Quantong Fastener\" \/>\n<meta property=\"og:description\" content=\"Short Description: Min.Order Quantity:20000PCS  PACKAGING:BAG\/BOX WITH PALLET  PORT:TIANJIN\/QINGDAO\/SHANGHAI\/NINGBO  DELIVERY:5-30DAYS ON QTY  PAYMENT:T\/T\/LC  Supply Ability:60 TON PER MONTH  &nbsp;   FOB Price:US $0.5 - 9,999 \/ Piece  Min.Order Quantity:100 Piece\/Pieces  Supply Ability:10000 Piece\/Pieces per Month\" \/>\n<meta property=\"og:url\" content=\"https:\/\/quantongfastener.com\/fr\/produit\/professional-hex-key-tools-meeting-your-industrial-application-needs-quality-assured\/\" \/>\n<meta property=\"og:site_name\" content=\"Quantong Fastener\" \/>\n<meta property=\"article:modified_time\" content=\"2025-08-21T03:29:05+00:00\" \/>\n<meta property=\"og:image\" content=\"https:\/\/quantongfastener.com\/wp-content\/uploads\/2025\/07\/Professional-Hex-Key-Tools_-Meeting-Your-Industrial-Application-Needs-Quality-Assured.jpg\" \/>\n\t<meta property=\"og:image:width\" content=\"610\" \/>\n\t<meta property=\"og:image:height\" content=\"610\" \/>\n\t<meta property=\"og:image:type\" content=\"image\/jpeg\" \/>\n<meta name=\"twitter:card\" content=\"summary_large_image\" \/>\n<meta name=\"twitter:label1\" content=\"Dur\u00e9e de lecture estim\u00e9e\" \/>\n\t<meta name=\"twitter:data1\" content=\"2 minutes\" \/>\n<script type=\"application\/ld+json\" class=\"yoast-schema-graph\">{\"@context\":\"https:\\\/\\\/schema.org\",\"@graph\":[{\"@type\":\"WebPage\",\"@id\":\"https:\\\/\\\/quantongfastener.com\\\/product\\\/professional-hex-key-tools-meeting-your-industrial-application-needs-quality-assured\\\/\",\"url\":\"https:\\\/\\\/quantongfastener.com\\\/product\\\/professional-hex-key-tools-meeting-your-industrial-application-needs-quality-assured\\\/\",\"name\":\"Professional Hex Key Tools - Quantong Fastener\",\"isPartOf\":{\"@id\":\"https:\\\/\\\/quantongfastener.com\\\/#website\"},\"primaryImageOfPage\":{\"@id\":\"https:\\\/\\\/quantongfastener.com\\\/product\\\/professional-hex-key-tools-meeting-your-industrial-application-needs-quality-assured\\\/#primaryimage\"},\"image\":{\"@id\":\"https:\\\/\\\/quantongfastener.com\\\/product\\\/professional-hex-key-tools-meeting-your-industrial-application-needs-quality-assured\\\/#primaryimage\"},\"thumbnailUrl\":\"https:\\\/\\\/quantongfastener.com\\\/wp-content\\\/uploads\\\/2025\\\/07\\\/Professional-Hex-Key-Tools_-Meeting-Your-Industrial-Application-Needs-Quality-Assured.jpg\",\"datePublished\":\"2025-07-15T05:32:45+00:00\",\"dateModified\":\"2025-08-21T03:29:05+00:00\",\"breadcrumb\":{\"@id\":\"https:\\\/\\\/quantongfastener.com\\\/product\\\/professional-hex-key-tools-meeting-your-industrial-application-needs-quality-assured\\\/#breadcrumb\"},\"inLanguage\":\"fr-FR\",\"potentialAction\":[{\"@type\":\"ReadAction\",\"target\":[\"https:\\\/\\\/quantongfastener.com\\\/product\\\/professional-hex-key-tools-meeting-your-industrial-application-needs-quality-assured\\\/\"]}]},{\"@type\":\"ImageObject\",\"inLanguage\":\"fr-FR\",\"@id\":\"https:\\\/\\\/quantongfastener.com\\\/product\\\/professional-hex-key-tools-meeting-your-industrial-application-needs-quality-assured\\\/#primaryimage\",\"url\":\"https:\\\/\\\/quantongfastener.com\\\/wp-content\\\/uploads\\\/2025\\\/07\\\/Professional-Hex-Key-Tools_-Meeting-Your-Industrial-Application-Needs-Quality-Assured.jpg\",\"contentUrl\":\"https:\\\/\\\/quantongfastener.com\\\/wp-content\\\/uploads\\\/2025\\\/07\\\/Professional-Hex-Key-Tools_-Meeting-Your-Industrial-Application-Needs-Quality-Assured.jpg\",\"width\":610,\"height\":610},{\"@type\":\"BreadcrumbList\",\"@id\":\"https:\\\/\\\/quantongfastener.com\\\/product\\\/professional-hex-key-tools-meeting-your-industrial-application-needs-quality-assured\\\/#breadcrumb\",\"itemListElement\":[{\"@type\":\"ListItem\",\"position\":1,\"name\":\"Home\",\"item\":\"https:\\\/\\\/quantongfastener.com\\\/\"},{\"@type\":\"ListItem\",\"position\":2,\"name\":\"Products\",\"item\":\"https:\\\/\\\/quantongfastener.com\\\/products\\\/\"},{\"@type\":\"ListItem\",\"position\":3,\"name\":\"Professional Hex Key Tools\"}]},{\"@type\":\"WebSite\",\"@id\":\"https:\\\/\\\/quantongfastener.com\\\/#website\",\"url\":\"https:\\\/\\\/quantongfastener.com\\\/\",\"name\":\"Quantong Fastener\",\"description\":\"\",\"publisher\":{\"@id\":\"https:\\\/\\\/quantongfastener.com\\\/#organization\"},\"potentialAction\":[{\"@type\":\"SearchAction\",\"target\":{\"@type\":\"EntryPoint\",\"urlTemplate\":\"https:\\\/\\\/quantongfastener.com\\\/?s={search_term_string}\"},\"query-input\":{\"@type\":\"PropertyValueSpecification\",\"valueRequired\":true,\"valueName\":\"search_term_string\"}}],\"inLanguage\":\"fr-FR\"},{\"@type\":\"Organization\",\"@id\":\"https:\\\/\\\/quantongfastener.com\\\/#organization\",\"name\":\"Quantong Fastener\",\"url\":\"https:\\\/\\\/quantongfastener.com\\\/\",\"logo\":{\"@type\":\"ImageObject\",\"inLanguage\":\"fr-FR\",\"@id\":\"https:\\\/\\\/quantongfastener.com\\\/#\\\/schema\\\/logo\\\/image\\\/\",\"url\":\"https:\\\/\\\/quantongfastener.com\\\/wp-content\\\/uploads\\\/2025\\\/07\\\/logo.jpg\",\"contentUrl\":\"https:\\\/\\\/quantongfastener.com\\\/wp-content\\\/uploads\\\/2025\\\/07\\\/logo.jpg\",\"width\":425,\"height\":424,\"caption\":\"Quantong Fastener\"},\"image\":{\"@id\":\"https:\\\/\\\/quantongfastener.com\\\/#\\\/schema\\\/logo\\\/image\\\/\"}}]}<\/script>\n<!-- \/ Yoast SEO plugin. -->","yoast_head_json":{"title":"Professional Hex Key Tools - Quantong Fastener","robots":{"index":"index","follow":"follow","max-snippet":"max-snippet:-1","max-image-preview":"max-image-preview:large","max-video-preview":"max-video-preview:-1"},"canonical":"https:\/\/quantongfastener.com\/fr\/produit\/professional-hex-key-tools-meeting-your-industrial-application-needs-quality-assured\/","og_locale":"fr_FR","og_type":"article","og_title":"Professional Hex Key Tools - Quantong Fastener","og_description":"Short Description: Min.Order Quantity:20000PCS  PACKAGING:BAG\/BOX WITH PALLET  PORT:TIANJIN\/QINGDAO\/SHANGHAI\/NINGBO  DELIVERY:5-30DAYS ON QTY  PAYMENT:T\/T\/LC  Supply Ability:60 TON PER MONTH  &nbsp;   FOB Price:US $0.5 - 9,999 \/ Piece  Min.Order Quantity:100 Piece\/Pieces  Supply Ability:10000 Piece\/Pieces per Month","og_url":"https:\/\/quantongfastener.com\/fr\/produit\/professional-hex-key-tools-meeting-your-industrial-application-needs-quality-assured\/","og_site_name":"Quantong Fastener","article_modified_time":"2025-08-21T03:29:05+00:00","og_image":[{"width":610,"height":610,"url":"https:\/\/quantongfastener.com\/wp-content\/uploads\/2025\/07\/Professional-Hex-Key-Tools_-Meeting-Your-Industrial-Application-Needs-Quality-Assured.jpg","type":"image\/jpeg"}],"twitter_card":"summary_large_image","twitter_misc":{"Dur\u00e9e de lecture estim\u00e9e":"2 minutes"},"schema":{"@context":"https:\/\/schema.org","@graph":[{"@type":"WebPage","@id":"https:\/\/quantongfastener.com\/product\/professional-hex-key-tools-meeting-your-industrial-application-needs-quality-assured\/","url":"https:\/\/quantongfastener.com\/product\/professional-hex-key-tools-meeting-your-industrial-application-needs-quality-assured\/","name":"Professional Hex Key Tools - Quantong Fastener","isPartOf":{"@id":"https:\/\/quantongfastener.com\/#website"},"primaryImageOfPage":{"@id":"https:\/\/quantongfastener.com\/product\/professional-hex-key-tools-meeting-your-industrial-application-needs-quality-assured\/#primaryimage"},"image":{"@id":"https:\/\/quantongfastener.com\/product\/professional-hex-key-tools-meeting-your-industrial-application-needs-quality-assured\/#primaryimage"},"thumbnailUrl":"https:\/\/quantongfastener.com\/wp-content\/uploads\/2025\/07\/Professional-Hex-Key-Tools_-Meeting-Your-Industrial-Application-Needs-Quality-Assured.jpg","datePublished":"2025-07-15T05:32:45+00:00","dateModified":"2025-08-21T03:29:05+00:00","breadcrumb":{"@id":"https:\/\/quantongfastener.com\/product\/professional-hex-key-tools-meeting-your-industrial-application-needs-quality-assured\/#breadcrumb"},"inLanguage":"fr-FR","potentialAction":[{"@type":"ReadAction","target":["https:\/\/quantongfastener.com\/product\/professional-hex-key-tools-meeting-your-industrial-application-needs-quality-assured\/"]}]},{"@type":"ImageObject","inLanguage":"fr-FR","@id":"https:\/\/quantongfastener.com\/product\/professional-hex-key-tools-meeting-your-industrial-application-needs-quality-assured\/#primaryimage","url":"https:\/\/quantongfastener.com\/wp-content\/uploads\/2025\/07\/Professional-Hex-Key-Tools_-Meeting-Your-Industrial-Application-Needs-Quality-Assured.jpg","contentUrl":"https:\/\/quantongfastener.com\/wp-content\/uploads\/2025\/07\/Professional-Hex-Key-Tools_-Meeting-Your-Industrial-Application-Needs-Quality-Assured.jpg","width":610,"height":610},{"@type":"BreadcrumbList","@id":"https:\/\/quantongfastener.com\/product\/professional-hex-key-tools-meeting-your-industrial-application-needs-quality-assured\/#breadcrumb","itemListElement":[{"@type":"ListItem","position":1,"name":"Home","item":"https:\/\/quantongfastener.com\/"},{"@type":"ListItem","position":2,"name":"Products","item":"https:\/\/quantongfastener.com\/products\/"},{"@type":"ListItem","position":3,"name":"Professional Hex Key Tools"}]},{"@type":"WebSite","@id":"https:\/\/quantongfastener.com\/#website","url":"https:\/\/quantongfastener.com\/","name":"Attache Quantong","description":"","publisher":{"@id":"https:\/\/quantongfastener.com\/#organization"},"potentialAction":[{"@type":"SearchAction","target":{"@type":"EntryPoint","urlTemplate":"https:\/\/quantongfastener.com\/?s={search_term_string}"},"query-input":{"@type":"PropertyValueSpecification","valueRequired":true,"valueName":"search_term_string"}}],"inLanguage":"fr-FR"},{"@type":"Organization","@id":"https:\/\/quantongfastener.com\/#organization","name":"Attache Quantong","url":"https:\/\/quantongfastener.com\/","logo":{"@type":"ImageObject","inLanguage":"fr-FR","@id":"https:\/\/quantongfastener.com\/#\/schema\/logo\/image\/","url":"https:\/\/quantongfastener.com\/wp-content\/uploads\/2025\/07\/logo.jpg","contentUrl":"https:\/\/quantongfastener.com\/wp-content\/uploads\/2025\/07\/logo.jpg","width":425,"height":424,"caption":"Quantong Fastener"},"image":{"@id":"https:\/\/quantongfastener.com\/#\/schema\/logo\/image\/"}}]}},"_links":{"self":[{"href":"https:\/\/quantongfastener.com\/fr\/wp-json\/wp\/v2\/product\/1045","targetHints":{"allow":["GET"]}}],"collection":[{"href":"https:\/\/quantongfastener.com\/fr\/wp-json\/wp\/v2\/product"}],"about":[{"href":"https:\/\/quantongfastener.com\/fr\/wp-json\/wp\/v2\/types\/product"}],"wp:featuredmedia":[{"embeddable":true,"href":"https:\/\/quantongfastener.com\/fr\/wp-json\/wp\/v2\/media\/1052"}],"wp:attachment":[{"href":"https:\/\/quantongfastener.com\/fr\/wp-json\/wp\/v2\/media?parent=1045"}],"wp:term":[{"taxonomy":"product_brand","embeddable":true,"href":"https:\/\/quantongfastener.com\/fr\/wp-json\/wp\/v2\/product_brand?post=1045"},{"taxonomy":"product_cat","embeddable":true,"href":"https:\/\/quantongfastener.com\/fr\/wp-json\/wp\/v2\/product_cat?post=1045"},{"taxonomy":"product_tag","embeddable":true,"href":"https:\/\/quantongfastener.com\/fr\/wp-json\/wp\/v2\/product_tag?post=1045"}],"curies":[{"name":"wp","href":"https:\/\/api.w.org\/{rel}","templated":true}]}}