{"id":3257,"date":"2025-08-21T02:58:53","date_gmt":"2025-08-21T02:58:53","guid":{"rendered":"https:\/\/quantongfastener.com\/?post_type=product&#038;p=3257"},"modified":"2025-08-21T02:58:54","modified_gmt":"2025-08-21T02:58:54","slug":"din-1481-spring-type-straight-heavy-duty-pin","status":"publish","type":"product","link":"https:\/\/quantongfastener.com\/es\/producto\/din-1481-spring-type-straight-heavy-duty-pin\/","title":{"rendered":"DIN 1481 Pasador recto con muelle para cargas pesadas"},"content":{"rendered":"<div class=\"fl-row fl-row-full-width fl-row-bg-none fl-node-5e56359cee2d4\" data-node=\"5e56359cee2d4\">\n<div class=\"fl-row-content-wrap\">\n<div class=\"fl-row-content fl-row-full-width fl-node-content\">\n<div class=\"fl-col-group fl-node-5e56367893318\" data-node=\"5e56367893318\">\n<div class=\"fl-col fl-node-5e5636789354e\" data-node=\"5e5636789354e\">\n<div class=\"fl-col-content fl-node-content\">\n<div class=\"fl-module fl-module-rich-text fl-node-5e56367893150\" data-node=\"5e56367893150\" data-animation-delay=\"0.0\">\n<div class=\"fl-module-content fl-node-content\">\n<div class=\"fl-rich-text\">\n<div class=\"table_wrap\">\n<table border=\"1\" cellspacing=\"0\">\n<tbody>\n<tr>\n<td valign=\"top\" width=\"161\">Nombre del producto<\/td>\n<td valign=\"top\" width=\"406\">Pasador recto para cargas pesadas tipo muelle<\/td>\n<\/tr>\n<tr>\n<td valign=\"top\" width=\"161\">Talla<\/td>\n<td valign=\"top\" width=\"406\">M1-10<\/td>\n<\/tr>\n<tr>\n<td valign=\"top\" width=\"161\">Material<\/td>\n<td valign=\"top\" width=\"406\">50Mn\/65Mn<\/td>\n<\/tr>\n<tr>\n<td valign=\"top\" width=\"161\">Tratamiento de superficies<\/td>\n<td valign=\"top\" width=\"406\">Negro\/Cinc<\/td>\n<\/tr>\n<tr>\n<td valign=\"top\" width=\"161\">Est\u00e1ndar<\/td>\n<td valign=\"top\" width=\"406\">DIN<\/td>\n<\/tr>\n<tr>\n<td valign=\"top\" width=\"161\">Certificado<\/td>\n<td valign=\"top\" width=\"406\">ISO 9001<\/td>\n<\/tr>\n<tr>\n<td valign=\"top\" width=\"161\">Muestra<\/td>\n<td valign=\"top\" width=\"406\">Muestras gratuitas<\/td>\n<\/tr>\n<\/tbody>\n<\/table>\n<\/div>\n<\/div>\n<\/div>\n<\/div>\n<\/div>\n<\/div>\n<\/div>\n<\/div>\n<\/div>\n<\/div>\n<div class=\"fl-row fl-row-full-width fl-row-bg-none fl-node-5e56368f257ac\" data-node=\"5e56368f257ac\">\n<div class=\"fl-row-content-wrap\">\n<div class=\"fl-row-content fl-row-full-width fl-node-content\">\n<div class=\"fl-col-group fl-node-5e56368f28355\" data-node=\"5e56368f28355\">\n<div class=\"fl-col fl-node-5e56368f28606\" data-node=\"5e56368f28606\">\n<div class=\"fl-col-content fl-node-content\">\n<div class=\"fl-module fl-module-rich-text fl-node-5e56369d61d43\" data-node=\"5e56369d61d43\" data-animation-delay=\"0.0\">\n<div class=\"fl-module-content fl-node-content\">\n<div class=\"fl-rich-text\">\n<p><strong>Uso:<\/strong><\/p>\n<\/div>\n<\/div>\n<\/div>\n<\/div>\n<\/div>\n<\/div>\n<div class=\"fl-col-group fl-node-5e5636c139b97\" data-node=\"5e5636c139b97\">\n<div class=\"fl-col fl-node-5e5636c139e36 fl-col-has-cols\" data-node=\"5e5636c139e36\">\n<div class=\"fl-col-content fl-node-content\">\n<div class=\"fl-module fl-module-rich-text fl-node-5e5636c1399e6\" data-node=\"5e5636c1399e6\" data-animation-delay=\"0.0\">\n<div class=\"fl-module-content fl-node-content\">\n<div class=\"fl-rich-text\">\n<p>Fabricado en acero para muelles, tubo redondo cortado longitudinalmente y templado. Con su alta elasticidad, se aprieta uniformemente en el agujero del pasador, que es firme y fiable. Los requisitos de precisi\u00f3n y rugosidad superficial del orificio del pasador son bajos, y pueden montarse y desmontarse varias veces, pero la rigidez es escasa. Adecuados para ocasiones con golpes y vibraciones. No son adecuados para el posicionamiento con requisitos de alta precisi\u00f3n.<\/p>\n<\/div>\n<\/div>\n<\/div>\n<div class=\"fl-col-group fl-node-5e56371cdff56 fl-col-group-nested\" data-node=\"5e56371cdff56\">\n<div class=\"fl-col fl-node-5e56371ce0352 fl-col-small\" data-node=\"5e56371ce0352\">\n<div class=\"fl-col-content fl-node-content\">\n<div class=\"fl-module fl-module-rich-text fl-node-5e56372027562\" data-node=\"5e56372027562\" data-animation-delay=\"0.0\">\n<div class=\"fl-module-content fl-node-content\">\n<div class=\"fl-rich-text\">\n<p><img decoding=\"async\" class=\"alignnone size-full wp-image-1656\" src=\"https:\/\/www.cyfastener.com\/uploads\/0e5ee4b1.jpg\" alt=\"9d34b4338dee139b45da1510c740311\" \/><\/p>\n<\/div>\n<\/div>\n<\/div>\n<\/div>\n<\/div>\n<div class=\"fl-col fl-node-5e56371ce03ab fl-col-small\" data-node=\"5e56371ce03ab\">\n<div class=\"fl-col-content fl-node-content\">\n<div class=\"fl-module fl-module-rich-text fl-node-5e5637b6a5476\" data-node=\"5e5637b6a5476\" data-animation-delay=\"0.0\">\n<div class=\"fl-module-content fl-node-content\">\n<div class=\"fl-rich-text\">\n<p><img decoding=\"async\" class=\"alignnone size-full wp-image-1656\" src=\"https:\/\/www.cyfastener.com\/uploads\/a4e5661c.jpg\" alt=\"9d34b4338dee139b45da1510c740311\" \/><\/p>\n<\/div>\n<\/div>\n<\/div>\n<\/div>\n<\/div>\n<\/div>\n<div class=\"fl-module fl-module-rich-text fl-node-5e5637cc9da0c\" data-node=\"5e5637cc9da0c\" data-animation-delay=\"0.0\">\n<div class=\"fl-module-content fl-node-content\">\n<div class=\"fl-rich-text\">\n<p>El pasador cil\u00edndrico el\u00e1stico, tambi\u00e9n conocido como pasador el\u00e1stico, es un cuerpo cil\u00edndrico hueco sin cabeza. Est\u00e1 ranurado axialmente y achaflanado en los extremos de ambos extremos. Se utiliza para el posicionamiento, la conexi\u00f3n y la fijaci\u00f3n entre piezas. Fuerza de cizallamiento, el di\u00e1metro exterior de este pasador es ligeramente mayor que el di\u00e1metro del orificio de montaje.<\/p>\n<\/div>\n<\/div>\n<\/div>\n<\/div>\n<\/div>\n<\/div>\n<div class=\"fl-col-group fl-node-5e5637f2b2c1e\" data-node=\"5e5637f2b2c1e\">\n<div class=\"fl-col fl-node-5e5637f2b2fc0 fl-col-small\" data-node=\"5e5637f2b2fc0\">\n<div class=\"fl-col-content fl-node-content\">\n<div class=\"fl-module fl-module-rich-text fl-node-5e56382e47a70\" data-node=\"5e56382e47a70\" data-animation-delay=\"0.0\">\n<div class=\"fl-module-content fl-node-content\">\n<div class=\"fl-rich-text\">\n<p><img decoding=\"async\" class=\"alignnone size-full wp-image-1663\" src=\"https:\/\/www.cyfastener.com\/uploads\/145cdee5.jpg\" alt=\"HTB1jE3hdlKw3KVjSZTEq6AuRpXag.jpg_350x350\" \/><\/p>\n<\/div>\n<\/div>\n<\/div>\n<\/div>\n<\/div>\n<div class=\"fl-col fl-node-5e5637f2b3013 fl-col-small\" data-node=\"5e5637f2b3013\">\n<div class=\"fl-col-content fl-node-content\">\n<div class=\"fl-module fl-module-rich-text fl-node-5e56383f8e010\" data-node=\"5e56383f8e010\" data-animation-delay=\"0.0\">\n<div class=\"fl-module-content fl-node-content\">\n<div class=\"fl-rich-text\">\n<p><img decoding=\"async\" class=\"alignnone size-full wp-image-1663\" src=\"https:\/\/www.cyfastener.com\/uploads\/f49f3965.jpg\" alt=\"HTB1jE3hdlKw3KVjSZTEq6AuRpXag.jpg_350x350\" \/><\/p>\n<\/div>\n<\/div>\n<\/div>\n<\/div>\n<\/div>\n<div class=\"fl-col fl-node-5e5637f2b305d fl-col-small\" data-node=\"5e5637f2b305d\">\n<div class=\"fl-col-content fl-node-content\">\n<div class=\"fl-module fl-module-rich-text fl-node-5e563843421b5\" data-node=\"5e563843421b5\" data-animation-delay=\"0.0\">\n<div class=\"fl-module-content fl-node-content\">\n<div class=\"fl-rich-text\">\n<p><img decoding=\"async\" class=\"alignnone size-full wp-image-1663\" src=\"https:\/\/www.cyfastener.com\/uploads\/486c40df.jpg\" alt=\"HTB1jE3hdlKw3KVjSZTEq6AuRpXag.jpg_350x350\" \/><\/p>\n<\/div>\n<\/div>\n<\/div>\n<\/div>\n<\/div>\n<\/div>\n<\/div>\n<\/div>\n<\/div>\n<div class=\"fl-row fl-row-full-width fl-row-bg-none fl-node-5e5638e01ac04\" data-node=\"5e5638e01ac04\">\n<div class=\"fl-row-content-wrap\">\n<div class=\"fl-row-content fl-row-full-width fl-node-content\">\n<div class=\"fl-col-group fl-node-5e5638e01ea78\" data-node=\"5e5638e01ea78\">\n<div class=\"fl-col fl-node-5e5638e01ed90\" data-node=\"5e5638e01ed90\">\n<div class=\"fl-col-content fl-node-content\">\n<div class=\"fl-module fl-module-rich-text fl-node-5e5638ee8833a\" data-node=\"5e5638ee8833a\" data-animation-delay=\"0.0\">\n<div class=\"fl-module-content fl-node-content\">\n<div class=\"fl-rich-text\">\n<p><strong>Ventajas del producto:<\/strong><\/p>\n<\/div>\n<\/div>\n<\/div>\n<\/div>\n<\/div>\n<\/div>\n<div class=\"fl-col-group fl-node-5e56391701f11\" data-node=\"5e56391701f11\">\n<div class=\"fl-col fl-node-5e563917021d9\" data-node=\"5e563917021d9\">\n<div class=\"fl-col-content fl-node-content\">\n<div class=\"fl-module fl-module-rich-text fl-node-5e56391701cc0\" data-node=\"5e56391701cc0\" data-animation-delay=\"0.0\">\n<div class=\"fl-module-content fl-node-content\">\n<div class=\"fl-rich-text\">\n<ol>\n<li><strong>Mecanizado de precisi\u00f3n<\/strong><\/li>\n<\/ol>\n<p align=\"justify\">\u2606 Medir y procesar utilizando m\u00e1quinas herramienta de precisi\u00f3n y herramientas de medici\u00f3n en condiciones ambientales estrictamente controladas.<\/p>\n<ol>\n<li><strong>Acero al carbono de alta calidad (35#\/45#)<\/strong><\/li>\n<\/ol>\n<p align=\"justify\">\u2606 Con larga vida \u00fatil, baja generaci\u00f3n de calor, alta dureza, alta rigidez, bajo nivel de ruido, alta resistencia al desgaste y otras caracter\u00edsticas.<\/p>\n<ol>\n<li><strong>Rentable<\/strong><\/li>\n<\/ol>\n<p align=\"justify\">\u2606 El uso de acero al carbono de alta calidad, despu\u00e9s del procesamiento de precisi\u00f3n y la formaci\u00f3n, mejora en gran medida la experiencia del usuario.<\/p>\n<\/div>\n<\/div>\n<\/div>\n<\/div>\n<\/div>\n<\/div>\n<\/div>\n<\/div>\n<\/div>\n<div class=\"fl-row fl-row-full-width fl-row-bg-none fl-node-5e56392d52a0f\" data-node=\"5e56392d52a0f\">\n<div class=\"fl-row-content-wrap\">\n<div class=\"fl-row-content fl-row-full-width fl-node-content\">\n<div class=\"fl-col-group fl-node-5e56392d58044\" data-node=\"5e56392d58044\">\n<div class=\"fl-col fl-node-5e56392d58388\" data-node=\"5e56392d58388\">\n<div class=\"fl-col-content fl-node-content\">\n<div class=\"fl-module fl-module-rich-text fl-node-5e56393d45d3c\" data-node=\"5e56393d45d3c\" data-animation-delay=\"0.0\">\n<div class=\"fl-module-content fl-node-content\">\n<div class=\"fl-rich-text\">\n<p><strong>Tratamiento de la superficie:<\/strong><\/p>\n<\/div>\n<\/div>\n<\/div>\n<\/div>\n<\/div>\n<\/div>\n<div class=\"fl-col-group fl-node-5e56396572603\" data-node=\"5e56396572603\">\n<div class=\"fl-col fl-node-5e56396572973\" data-node=\"5e56396572973\">\n<div class=\"fl-col-content fl-node-content\">\n<div class=\"fl-module fl-module-rich-text fl-node-5e563965723f5\" data-node=\"5e563965723f5\" data-animation-delay=\"0.0\">\n<div class=\"fl-module-content fl-node-content\">\n<div class=\"fl-rich-text\">\n<ol>\n<li><strong>NEGRO<\/strong><\/li>\n<\/ol>\n<p align=\"justify\">El negro es un m\u00e9todo habitual para el tratamiento t\u00e9rmico de metales. El principio es hacer una pel\u00edcula de \u00f3xido en la superficie del metal para aislar el aire y lograr la prevenci\u00f3n de la oxidaci\u00f3n. El ennegrecimiento es un m\u00e9todo com\u00fan para el tratamiento t\u00e9rmico de metales. El principio es hacer una pel\u00edcula de \u00f3xido en la superficie del metal para aislar el aire y lograr la prevenci\u00f3n de la oxidaci\u00f3n.<\/p>\n<ol>\n<li><strong>ZINC<\/strong><\/li>\n<\/ol>\n<p align=\"justify\">\u2606 El electrogalvanizado es una tecnolog\u00eda tradicional de tratamiento de revestimientos met\u00e1licos que proporciona una resistencia b\u00e1sica a la corrosi\u00f3n a las superficies met\u00e1licas. Sus principales ventajas son una buena soldabilidad y una resistencia de contacto adecuada. Debido a sus buenas propiedades de lubricaci\u00f3n, el cadmiado se utiliza habitualmente en la aviaci\u00f3n, la industria aeroespacial, la marina y los productos de radio y electr\u00f3nica. La capa de chapado protege el sustrato de acero tanto mec\u00e1nica como qu\u00edmicamente, por lo que su resistencia a la corrosi\u00f3n es mucho mejor que la del chapado de zinc.<\/p>\n<\/div>\n<\/div>\n<\/div>\n<\/div>\n<\/div>\n<\/div>\n<\/div>\n<\/div>\n<\/div>\n<div class=\"fl-row fl-row-full-width fl-row-bg-none fl-node-5e5639a2a6a26\" data-node=\"5e5639a2a6a26\">\n<div class=\"fl-row-content-wrap\">\n<div class=\"fl-row-content fl-row-full-width fl-node-content\">\n<div class=\"fl-col-group fl-node-5e5639a2ac1ed\" data-node=\"5e5639a2ac1ed\">\n<div class=\"fl-col fl-node-5e5639a2ac4f0\" data-node=\"5e5639a2ac4f0\">\n<div class=\"fl-col-content fl-node-content\">\n<div class=\"fl-module fl-module-rich-text fl-node-5e5639b118cf4\" data-node=\"5e5639b118cf4\" data-animation-delay=\"0.0\">\n<div class=\"fl-module-content fl-node-content\">\n<div class=\"fl-rich-text\">\n<p><strong>Par\u00e1metros del producto:<\/strong><\/p>\n<\/div>\n<\/div>\n<\/div>\n<\/div>\n<\/div>\n<\/div>\n<div class=\"fl-col-group fl-node-5e5639c9c2b53\" data-node=\"5e5639c9c2b53\">\n<div class=\"fl-col fl-node-5e5639c9c2eb2\" data-node=\"5e5639c9c2eb2\">\n<div class=\"fl-col-content fl-node-content\">\n<div class=\"fl-module fl-module-rich-text fl-node-5e5639c9c2932\" data-node=\"5e5639c9c2932\" data-animation-delay=\"0.0\">\n<div class=\"fl-module-content fl-node-content\">\n<div class=\"fl-rich-text\">\n<p align=\"center\"><img decoding=\"async\" class=\"alignnone size-full wp-image-1203\" src=\"https:\/\/www.cyfastener.com\/uploads\/0cfaa9d02.png\" alt=\"xq01\" \/><\/p>\n<\/div>\n<\/div>\n<\/div>\n<\/div>\n<\/div>\n<\/div>\n<\/div>\n<\/div>\n<\/div>","protected":false},"excerpt":{"rendered":"<p>Pedido M\u00ednimo:1000PCS<\/p>\n<p>EMBALAJE:BOLSA\/CAJA CON PALET<\/p>\n<p>PUERTO:TIANJIN\/QINGDAO\/SHANGHAI\/NINGBO<\/p>\n<p>ENTREGA:5-30DAYS ON QTY<\/p>\n<p>PAGO:T\/T\/LC<\/p>\n<p>Capacidad de suministro:500 TON PER MONTH<\/p>\n<p>&nbsp;<\/p>\n<ul>\n<li><em>Precio FOB:<\/em>US $0.5 - 9,999 \/ Pieza<\/li>\n<li><em>Cantidad m\u00ednima de pedido:<\/em>100 unidades\/piezas<\/li>\n<li><em>Capacidad de suministro:<\/em>10000 Piezas\/Pieza por Mes<\/li>\n<\/ul>","protected":false},"featured_media":3260,"template":"","meta":{"_kad_post_transparent":"default","_kad_post_title":"","_kad_post_layout":"default","_kad_post_sidebar_id":"","_kad_post_content_style":"default","_kad_post_vertical_padding":"default","_kad_post_feature":"","_kad_post_feature_position":"","_kad_post_header":false,"_kad_post_footer":false},"product_brand":[],"product_cat":[37],"product_tag":[],"class_list":{"0":"post-3257","1":"product","2":"type-product","3":"status-publish","4":"has-post-thumbnail","6":"product_cat-din-1481","8":"first","9":"instock","10":"shipping-taxable","11":"product-type-simple","12":"entry","13":"content-bg","14":"loop-entry"},"yoast_head":"<!-- This site is optimized with the Yoast SEO plugin v27.4 - https:\/\/yoast.com\/product\/yoast-seo-wordpress\/ -->\n<title>DIN 1481 Spring Type Straight Heavy Duty Pin - Quantong Fastener<\/title>\n<meta name=\"robots\" content=\"index, follow, max-snippet:-1, max-image-preview:large, max-video-preview:-1\" \/>\n<link rel=\"canonical\" href=\"https:\/\/quantongfastener.com\/es\/producto\/din-1481-spring-type-straight-heavy-duty-pin\/\" \/>\n<meta property=\"og:locale\" content=\"es_ES\" \/>\n<meta property=\"og:type\" content=\"article\" \/>\n<meta property=\"og:title\" content=\"DIN 1481 Spring Type Straight Heavy Duty Pin - Quantong Fastener\" \/>\n<meta property=\"og:description\" content=\"Min.Order Quantity:1000PCS  PACKAGING:BAG\/BOX WITH PALLET  PORT:TIANJIN\/QINGDAO\/SHANGHAI\/NINGBO  DELIVERY:5-30DAYS ON QTY  PAYMENT:T\/T\/LC  Supply Ability:500 TON PER MONTH  &nbsp;   FOB Price:US $0.5 - 9,999 \/ Piece  Min.Order Quantity:100 Piece\/Pieces  Supply Ability:10000 Piece\/Pieces per Month\" \/>\n<meta property=\"og:url\" content=\"https:\/\/quantongfastener.com\/es\/producto\/din-1481-spring-type-straight-heavy-duty-pin\/\" \/>\n<meta property=\"og:site_name\" content=\"Quantong Fastener\" \/>\n<meta property=\"article:modified_time\" content=\"2025-08-21T02:58:54+00:00\" \/>\n<meta property=\"og:image\" content=\"https:\/\/quantongfastener.com\/wp-content\/uploads\/2025\/08\/DIN-1481-Spring-Type-Straight-Heavy-Duty-Pin-3.jpg\" \/>\n\t<meta property=\"og:image:width\" content=\"610\" \/>\n\t<meta property=\"og:image:height\" content=\"610\" \/>\n\t<meta property=\"og:image:type\" content=\"image\/jpeg\" \/>\n<meta name=\"twitter:card\" content=\"summary_large_image\" \/>\n<meta name=\"twitter:label1\" content=\"Tiempo de lectura\" \/>\n\t<meta name=\"twitter:data1\" content=\"3 minutos\" \/>\n<script type=\"application\/ld+json\" class=\"yoast-schema-graph\">{\"@context\":\"https:\\\/\\\/schema.org\",\"@graph\":[{\"@type\":\"WebPage\",\"@id\":\"https:\\\/\\\/quantongfastener.com\\\/product\\\/din-1481-spring-type-straight-heavy-duty-pin\\\/\",\"url\":\"https:\\\/\\\/quantongfastener.com\\\/product\\\/din-1481-spring-type-straight-heavy-duty-pin\\\/\",\"name\":\"DIN 1481 Spring Type Straight Heavy Duty Pin - Quantong Fastener\",\"isPartOf\":{\"@id\":\"https:\\\/\\\/quantongfastener.com\\\/#website\"},\"primaryImageOfPage\":{\"@id\":\"https:\\\/\\\/quantongfastener.com\\\/product\\\/din-1481-spring-type-straight-heavy-duty-pin\\\/#primaryimage\"},\"image\":{\"@id\":\"https:\\\/\\\/quantongfastener.com\\\/product\\\/din-1481-spring-type-straight-heavy-duty-pin\\\/#primaryimage\"},\"thumbnailUrl\":\"https:\\\/\\\/quantongfastener.com\\\/wp-content\\\/uploads\\\/2025\\\/08\\\/DIN-1481-Spring-Type-Straight-Heavy-Duty-Pin-3.jpg\",\"datePublished\":\"2025-08-21T02:58:53+00:00\",\"dateModified\":\"2025-08-21T02:58:54+00:00\",\"breadcrumb\":{\"@id\":\"https:\\\/\\\/quantongfastener.com\\\/product\\\/din-1481-spring-type-straight-heavy-duty-pin\\\/#breadcrumb\"},\"inLanguage\":\"es\",\"potentialAction\":[{\"@type\":\"ReadAction\",\"target\":[\"https:\\\/\\\/quantongfastener.com\\\/product\\\/din-1481-spring-type-straight-heavy-duty-pin\\\/\"]}]},{\"@type\":\"ImageObject\",\"inLanguage\":\"es\",\"@id\":\"https:\\\/\\\/quantongfastener.com\\\/product\\\/din-1481-spring-type-straight-heavy-duty-pin\\\/#primaryimage\",\"url\":\"https:\\\/\\\/quantongfastener.com\\\/wp-content\\\/uploads\\\/2025\\\/08\\\/DIN-1481-Spring-Type-Straight-Heavy-Duty-Pin-3.jpg\",\"contentUrl\":\"https:\\\/\\\/quantongfastener.com\\\/wp-content\\\/uploads\\\/2025\\\/08\\\/DIN-1481-Spring-Type-Straight-Heavy-Duty-Pin-3.jpg\",\"width\":610,\"height\":610},{\"@type\":\"BreadcrumbList\",\"@id\":\"https:\\\/\\\/quantongfastener.com\\\/product\\\/din-1481-spring-type-straight-heavy-duty-pin\\\/#breadcrumb\",\"itemListElement\":[{\"@type\":\"ListItem\",\"position\":1,\"name\":\"Home\",\"item\":\"https:\\\/\\\/quantongfastener.com\\\/\"},{\"@type\":\"ListItem\",\"position\":2,\"name\":\"Products\",\"item\":\"https:\\\/\\\/quantongfastener.com\\\/products\\\/\"},{\"@type\":\"ListItem\",\"position\":3,\"name\":\"DIN 1481 Spring Type Straight Heavy Duty Pin\"}]},{\"@type\":\"WebSite\",\"@id\":\"https:\\\/\\\/quantongfastener.com\\\/#website\",\"url\":\"https:\\\/\\\/quantongfastener.com\\\/\",\"name\":\"Quantong Fastener\",\"description\":\"\",\"publisher\":{\"@id\":\"https:\\\/\\\/quantongfastener.com\\\/#organization\"},\"potentialAction\":[{\"@type\":\"SearchAction\",\"target\":{\"@type\":\"EntryPoint\",\"urlTemplate\":\"https:\\\/\\\/quantongfastener.com\\\/?s={search_term_string}\"},\"query-input\":{\"@type\":\"PropertyValueSpecification\",\"valueRequired\":true,\"valueName\":\"search_term_string\"}}],\"inLanguage\":\"es\"},{\"@type\":\"Organization\",\"@id\":\"https:\\\/\\\/quantongfastener.com\\\/#organization\",\"name\":\"Quantong Fastener\",\"url\":\"https:\\\/\\\/quantongfastener.com\\\/\",\"logo\":{\"@type\":\"ImageObject\",\"inLanguage\":\"es\",\"@id\":\"https:\\\/\\\/quantongfastener.com\\\/#\\\/schema\\\/logo\\\/image\\\/\",\"url\":\"https:\\\/\\\/quantongfastener.com\\\/wp-content\\\/uploads\\\/2025\\\/07\\\/logo.jpg\",\"contentUrl\":\"https:\\\/\\\/quantongfastener.com\\\/wp-content\\\/uploads\\\/2025\\\/07\\\/logo.jpg\",\"width\":425,\"height\":424,\"caption\":\"Quantong Fastener\"},\"image\":{\"@id\":\"https:\\\/\\\/quantongfastener.com\\\/#\\\/schema\\\/logo\\\/image\\\/\"}}]}<\/script>\n<!-- \/ Yoast SEO plugin. -->","yoast_head_json":{"title":"DIN 1481 Spring Type Straight Heavy Duty Pin - Quantong Fastener","robots":{"index":"index","follow":"follow","max-snippet":"max-snippet:-1","max-image-preview":"max-image-preview:large","max-video-preview":"max-video-preview:-1"},"canonical":"https:\/\/quantongfastener.com\/es\/producto\/din-1481-spring-type-straight-heavy-duty-pin\/","og_locale":"es_ES","og_type":"article","og_title":"DIN 1481 Spring Type Straight Heavy Duty Pin - Quantong Fastener","og_description":"Min.Order Quantity:1000PCS  PACKAGING:BAG\/BOX WITH PALLET  PORT:TIANJIN\/QINGDAO\/SHANGHAI\/NINGBO  DELIVERY:5-30DAYS ON QTY  PAYMENT:T\/T\/LC  Supply Ability:500 TON PER MONTH  &nbsp;   FOB Price:US $0.5 - 9,999 \/ Piece  Min.Order Quantity:100 Piece\/Pieces  Supply Ability:10000 Piece\/Pieces per Month","og_url":"https:\/\/quantongfastener.com\/es\/producto\/din-1481-spring-type-straight-heavy-duty-pin\/","og_site_name":"Quantong Fastener","article_modified_time":"2025-08-21T02:58:54+00:00","og_image":[{"width":610,"height":610,"url":"https:\/\/quantongfastener.com\/wp-content\/uploads\/2025\/08\/DIN-1481-Spring-Type-Straight-Heavy-Duty-Pin-3.jpg","type":"image\/jpeg"}],"twitter_card":"summary_large_image","twitter_misc":{"Tiempo de lectura":"3 minutos"},"schema":{"@context":"https:\/\/schema.org","@graph":[{"@type":"WebPage","@id":"https:\/\/quantongfastener.com\/product\/din-1481-spring-type-straight-heavy-duty-pin\/","url":"https:\/\/quantongfastener.com\/product\/din-1481-spring-type-straight-heavy-duty-pin\/","name":"DIN 1481 Spring Type Straight Heavy Duty Pin - Quantong Fastener","isPartOf":{"@id":"https:\/\/quantongfastener.com\/#website"},"primaryImageOfPage":{"@id":"https:\/\/quantongfastener.com\/product\/din-1481-spring-type-straight-heavy-duty-pin\/#primaryimage"},"image":{"@id":"https:\/\/quantongfastener.com\/product\/din-1481-spring-type-straight-heavy-duty-pin\/#primaryimage"},"thumbnailUrl":"https:\/\/quantongfastener.com\/wp-content\/uploads\/2025\/08\/DIN-1481-Spring-Type-Straight-Heavy-Duty-Pin-3.jpg","datePublished":"2025-08-21T02:58:53+00:00","dateModified":"2025-08-21T02:58:54+00:00","breadcrumb":{"@id":"https:\/\/quantongfastener.com\/product\/din-1481-spring-type-straight-heavy-duty-pin\/#breadcrumb"},"inLanguage":"es","potentialAction":[{"@type":"ReadAction","target":["https:\/\/quantongfastener.com\/product\/din-1481-spring-type-straight-heavy-duty-pin\/"]}]},{"@type":"ImageObject","inLanguage":"es","@id":"https:\/\/quantongfastener.com\/product\/din-1481-spring-type-straight-heavy-duty-pin\/#primaryimage","url":"https:\/\/quantongfastener.com\/wp-content\/uploads\/2025\/08\/DIN-1481-Spring-Type-Straight-Heavy-Duty-Pin-3.jpg","contentUrl":"https:\/\/quantongfastener.com\/wp-content\/uploads\/2025\/08\/DIN-1481-Spring-Type-Straight-Heavy-Duty-Pin-3.jpg","width":610,"height":610},{"@type":"BreadcrumbList","@id":"https:\/\/quantongfastener.com\/product\/din-1481-spring-type-straight-heavy-duty-pin\/#breadcrumb","itemListElement":[{"@type":"ListItem","position":1,"name":"Home","item":"https:\/\/quantongfastener.com\/"},{"@type":"ListItem","position":2,"name":"Products","item":"https:\/\/quantongfastener.com\/products\/"},{"@type":"ListItem","position":3,"name":"DIN 1481 Spring Type Straight Heavy Duty Pin"}]},{"@type":"WebSite","@id":"https:\/\/quantongfastener.com\/#website","url":"https:\/\/quantongfastener.com\/","name":"Sujetador Quantong","description":"","publisher":{"@id":"https:\/\/quantongfastener.com\/#organization"},"potentialAction":[{"@type":"SearchAction","target":{"@type":"EntryPoint","urlTemplate":"https:\/\/quantongfastener.com\/?s={search_term_string}"},"query-input":{"@type":"PropertyValueSpecification","valueRequired":true,"valueName":"search_term_string"}}],"inLanguage":"es"},{"@type":"Organization","@id":"https:\/\/quantongfastener.com\/#organization","name":"Sujetador Quantong","url":"https:\/\/quantongfastener.com\/","logo":{"@type":"ImageObject","inLanguage":"es","@id":"https:\/\/quantongfastener.com\/#\/schema\/logo\/image\/","url":"https:\/\/quantongfastener.com\/wp-content\/uploads\/2025\/07\/logo.jpg","contentUrl":"https:\/\/quantongfastener.com\/wp-content\/uploads\/2025\/07\/logo.jpg","width":425,"height":424,"caption":"Quantong Fastener"},"image":{"@id":"https:\/\/quantongfastener.com\/#\/schema\/logo\/image\/"}}]}},"_links":{"self":[{"href":"https:\/\/quantongfastener.com\/es\/wp-json\/wp\/v2\/product\/3257","targetHints":{"allow":["GET"]}}],"collection":[{"href":"https:\/\/quantongfastener.com\/es\/wp-json\/wp\/v2\/product"}],"about":[{"href":"https:\/\/quantongfastener.com\/es\/wp-json\/wp\/v2\/types\/product"}],"wp:featuredmedia":[{"embeddable":true,"href":"https:\/\/quantongfastener.com\/es\/wp-json\/wp\/v2\/media\/3260"}],"wp:attachment":[{"href":"https:\/\/quantongfastener.com\/es\/wp-json\/wp\/v2\/media?parent=3257"}],"wp:term":[{"taxonomy":"product_brand","embeddable":true,"href":"https:\/\/quantongfastener.com\/es\/wp-json\/wp\/v2\/product_brand?post=3257"},{"taxonomy":"product_cat","embeddable":true,"href":"https:\/\/quantongfastener.com\/es\/wp-json\/wp\/v2\/product_cat?post=3257"},{"taxonomy":"product_tag","embeddable":true,"href":"https:\/\/quantongfastener.com\/es\/wp-json\/wp\/v2\/product_tag?post=3257"}],"curies":[{"name":"wp","href":"https:\/\/api.w.org\/{rel}","templated":true}]}}