{"id":2863,"date":"2025-08-10T15:03:28","date_gmt":"2025-08-10T15:03:28","guid":{"rendered":"https:\/\/quantongfastener.com\/?post_type=product&#038;p=2863"},"modified":"2025-08-10T15:03:28","modified_gmt":"2025-08-10T15:03:28","slug":"din82101-din82103-d-u-type-anchor-shackle-bow-shackle","status":"publish","type":"product","link":"https:\/\/quantongfastener.com\/es\/producto\/din82101-din82103-d-u-type-anchor-shackle-bow-shackle\/","title":{"rendered":"DIN82101 DIN82103 Grillete de ancla tipo D\/U Grillete de proa"},"content":{"rendered":"<p><strong>Descripci\u00f3n del producto:<\/strong><\/p>\n<div class=\"table_wrap\">\n<table>\n<tbody>\n<tr>\n<td colspan=\"1\" rowspan=\"1\">\n<div>Nombre del producto<\/div>\n<\/td>\n<td colspan=\"1\" rowspan=\"1\">\n<div>Grillete de anclaje tipo D\/U<\/div>\n<\/td>\n<\/tr>\n<tr>\n<td colspan=\"1\" rowspan=\"1\">\n<div>Material<\/div>\n<\/td>\n<td colspan=\"1\" rowspan=\"1\">\n<div>Acero al carbono<\/div>\n<\/td>\n<\/tr>\n<tr>\n<td colspan=\"1\" rowspan=\"1\">\n<div>Color<\/div>\n<\/td>\n<td colspan=\"1\" rowspan=\"1\">\n<div>Zinc blanco<\/div>\n<\/td>\n<\/tr>\n<tr>\n<td colspan=\"1\" rowspan=\"1\">\n<div>Est\u00e1ndar<\/div>\n<\/td>\n<td colspan=\"1\" rowspan=\"1\">\n<div>DIN<\/div>\n<\/td>\n<\/tr>\n<tr>\n<td colspan=\"1\" rowspan=\"1\">\n<div>Grado<\/div>\n<\/td>\n<td colspan=\"1\" rowspan=\"1\">\n<div>4.8<\/div>\n<\/td>\n<\/tr>\n<tr>\n<td colspan=\"1\" rowspan=\"1\">\n<div>Talla<\/div>\n<\/td>\n<td colspan=\"1\" rowspan=\"1\">\n<div>M5 - M40<\/div>\n<\/td>\n<\/tr>\n<tr>\n<td colspan=\"1\" rowspan=\"1\">\n<div>Usado<\/div>\n<\/td>\n<td colspan=\"1\" rowspan=\"1\">\n<div data-spm-anchor-id=\"a2700.details.0.i25.5b6f78498J3lZT\">maquinaria para la construcci\u00f3n<\/div>\n<\/td>\n<\/tr>\n<\/tbody>\n<\/table>\n<\/div>\n<p><strong>Ventajas del producto:<\/strong><\/p>\n<ol>\n<li><strong>Mecanizado de precisi\u00f3n<\/strong><\/li>\n<\/ol>\n<p align=\"justify\">\u2606 Medir y procesar utilizando m\u00e1quinas herramienta de precisi\u00f3n y herramientas de medici\u00f3n en condiciones ambientales estrictamente controladas.<\/p>\n<p align=\"justify\"><strong>\u00a0\u00a0<\/strong>\u00a0 \u00a0 \u00a0 2.<strong>Material met\u00e1lico de alta calidad<\/strong><\/p>\n<p align=\"justify\">\u2606 Con larga vida \u00fatil, baja generaci\u00f3n de calor, alta dureza, alta rigidez, bajo nivel de ruido, alta resistencia al desgaste y otras caracter\u00edsticas.<\/p>\n<p align=\"justify\"><strong>\u00a0 \u00a0 \u00a0 \u00a0\u00a0<\/strong>3.<strong>\u00a0Rentable<\/strong><\/p>\n<p align=\"justify\">\u2606 El uso de high-qualityMetal material, despu\u00e9s de la precisi\u00f3n de procesamiento y formaci\u00f3n, mejora en gran medida la experiencia del usuario.<\/p>\n<p><strong>Par\u00e1metros del producto:<\/strong><\/p>\n<p><strong>DIN82101<\/strong><\/p>\n<p><a href=\"https:\/\/www.cyfastener.com\/uploads\/1585190133440026693m.jpg\"><img decoding=\"async\" class=\"alignnone size-full wp-image-6977\" src=\"https:\/\/www.cyfastener.com\/uploads\/1585190133440026693m.jpg\" alt=\"1585190133440026693m\" \/><\/a><\/p>\n<div class=\"table_wrap\">\n<table border=\"0\" cellspacing=\"0\" cellpadding=\"0\">\n<colgroup>\n<col span=\"12\" width=\"64\" \/><\/colgroup>\n<tbody>\n<tr>\n<td id=\"id1\" colspan=\"2\" width=\"128\" height=\"19\">Especificaci\u00f3n<\/td>\n<td width=\"64\"><a>0.06<\/a><\/td>\n<td width=\"64\"><a>0.1<\/a><\/td>\n<td width=\"64\"><a>0.16<\/a><\/td>\n<td width=\"64\"><a>0.25<\/a><\/td>\n<td width=\"64\"><a>0.4<\/a><\/td>\n<td width=\"64\"><a>0.6<\/a><\/td>\n<td width=\"64\"><a>1<\/a><\/td>\n<td width=\"64\"><a>1.6<\/a><\/td>\n<td width=\"64\"><a>2<\/a><\/td>\n<td width=\"64\"><a>2.5<\/a><\/td>\n<\/tr>\n<tr>\n<td colspan=\"2\" height=\"19\">tipo<\/td>\n<td width=\"64\">A<\/td>\n<td width=\"64\">A<\/td>\n<td width=\"64\">A<\/td>\n<td width=\"64\">A<\/td>\n<td width=\"64\">A,B<\/td>\n<td width=\"64\">A,B<\/td>\n<td width=\"64\">A,B<\/td>\n<td width=\"64\">A,B<\/td>\n<td width=\"64\">A,B<\/td>\n<td width=\"64\">A,B<\/td>\n<\/tr>\n<tr>\n<td colspan=\"2\" height=\"21\">b<sub>1<\/sub><\/td>\n<td width=\"64\">6<\/td>\n<td width=\"64\">7<\/td>\n<td width=\"64\">8<\/td>\n<td width=\"64\">11<\/td>\n<td width=\"64\">14<\/td>\n<td width=\"64\">17<\/td>\n<td width=\"64\">21<\/td>\n<td width=\"64\">27<\/td>\n<td width=\"64\">30<\/td>\n<td width=\"64\">33<\/td>\n<\/tr>\n<tr>\n<td colspan=\"2\" height=\"21\">b<sub>2<\/sub><\/td>\n<td width=\"64\">13<\/td>\n<td width=\"64\">15<\/td>\n<td width=\"64\">18<\/td>\n<td width=\"64\">25<\/td>\n<td width=\"64\">30<\/td>\n<td width=\"64\">37<\/td>\n<td width=\"64\">47<\/td>\n<td width=\"64\">61<\/td>\n<td width=\"64\">68<\/td>\n<td width=\"64\">75<\/td>\n<\/tr>\n<tr>\n<td colspan=\"2\" height=\"21\">d<sub>1<\/sub><\/td>\n<td width=\"64\">3.5<\/td>\n<td width=\"64\">4<\/td>\n<td width=\"64\">5<\/td>\n<td width=\"64\">7<\/td>\n<td width=\"64\">8<\/td>\n<td width=\"64\">10<\/td>\n<td width=\"64\">13<\/td>\n<td width=\"64\">17<\/td>\n<td width=\"64\">19<\/td>\n<td width=\"64\">21<\/td>\n<\/tr>\n<tr>\n<td colspan=\"2\" height=\"21\">d<sub>2<\/sub><\/td>\n<td width=\"64\">8<\/td>\n<td width=\"64\">10<\/td>\n<td width=\"64\">12<\/td>\n<td width=\"64\">16<\/td>\n<td width=\"64\">20<\/td>\n<td width=\"64\">24<\/td>\n<td width=\"64\">32<\/td>\n<td width=\"64\">40<\/td>\n<td width=\"64\">44<\/td>\n<td width=\"64\">48<\/td>\n<\/tr>\n<tr>\n<td colspan=\"2\" height=\"21\">d<sub>3<\/sub><\/td>\n<td width=\"64\">M4<\/td>\n<td width=\"64\">M5<\/td>\n<td width=\"64\">M6<\/td>\n<td width=\"64\">M8<\/td>\n<td width=\"64\">M10<\/td>\n<td width=\"64\">M12<\/td>\n<td width=\"64\">M16<\/td>\n<td width=\"64\">M20<\/td>\n<td width=\"64\">M22<\/td>\n<td width=\"64\">M24<\/td>\n<\/tr>\n<tr>\n<td colspan=\"2\" height=\"21\">d<sub>4<\/sub><\/td>\n<td width=\"64\">4<\/td>\n<td width=\"64\">5<\/td>\n<td width=\"64\">6<\/td>\n<td width=\"64\">8<\/td>\n<td width=\"64\">10<\/td>\n<td width=\"64\">12<\/td>\n<td width=\"64\">16<\/td>\n<td width=\"64\">20<\/td>\n<td width=\"64\">22<\/td>\n<td width=\"64\">24<\/td>\n<\/tr>\n<tr>\n<td colspan=\"2\" height=\"21\">h<sub>1<\/sub><\/td>\n<td width=\"64\">12<\/td>\n<td width=\"64\">15.5<\/td>\n<td width=\"64\">18<\/td>\n<td width=\"64\">24<\/td>\n<td width=\"64\">30<\/td>\n<td width=\"64\">36<\/td>\n<td width=\"64\">49<\/td>\n<td width=\"64\">61<\/td>\n<td width=\"64\">67<\/td>\n<td width=\"64\">73<\/td>\n<\/tr>\n<tr>\n<td colspan=\"2\" height=\"21\">h<sub>2<\/sub><\/td>\n<td width=\"64\">18<\/td>\n<td width=\"64\">23<\/td>\n<td width=\"64\">27<\/td>\n<td width=\"64\">36<\/td>\n<td width=\"64\">45<\/td>\n<td width=\"64\">54<\/td>\n<td width=\"64\">72<\/td>\n<td width=\"64\">90<\/td>\n<td width=\"64\">99<\/td>\n<td width=\"64\">108<\/td>\n<\/tr>\n<tr>\n<td rowspan=\"2\" height=\"39\">Individual\u2248kg<\/td>\n<td>A<\/td>\n<td width=\"64\">0.007<\/td>\n<td width=\"64\">0.013<\/td>\n<td width=\"64\">0.024<\/td>\n<td width=\"64\">0.045<\/td>\n<td width=\"64\">0.09<\/td>\n<td width=\"64\">0.17<\/td>\n<td width=\"64\">0.36<\/td>\n<td width=\"64\">0.75<\/td>\n<td width=\"64\">1<\/td>\n<td width=\"64\">1.32<\/td>\n<\/tr>\n<tr>\n<td height=\"20\">B<\/td>\n<td width=\"64\">&#8211;<\/td>\n<td width=\"64\">&#8211;<\/td>\n<td width=\"64\">&#8211;<\/td>\n<td width=\"64\">&#8211;<\/td>\n<td width=\"64\">0.085<\/td>\n<td width=\"64\">0.16<\/td>\n<td width=\"64\">0.35<\/td>\n<td width=\"64\">0.73<\/td>\n<td width=\"64\">0.97<\/td>\n<td width=\"64\">1.28<\/td>\n<\/tr>\n<\/tbody>\n<\/table>\n<\/div>\n<p>&nbsp;<\/p>\n<div class=\"table_wrap\">\n<table border=\"0\" cellspacing=\"0\" cellpadding=\"0\">\n<colgroup>\n<col span=\"11\" width=\"64\" \/><\/colgroup>\n<tbody>\n<tr>\n<td colspan=\"2\" width=\"128\" height=\"19\">Especificaci\u00f3n<\/td>\n<td width=\"64\"><a>3<\/a><\/td>\n<td width=\"64\"><a>4<\/a><\/td>\n<td width=\"64\"><a>5<\/a><\/td>\n<td width=\"64\"><a>6<\/a><\/td>\n<td width=\"64\"><a>8<\/a><\/td>\n<td width=\"64\"><a>10<\/a><\/td>\n<td width=\"64\"><a>12<\/a><\/td>\n<td width=\"64\"><a>16<\/a><\/td>\n<td width=\"64\"><a>20<\/a><\/td>\n<\/tr>\n<tr>\n<td colspan=\"2\" height=\"19\">tipo<\/td>\n<td width=\"64\">A,B<\/td>\n<td width=\"64\">A,B<\/td>\n<td width=\"64\">A,B<\/td>\n<td width=\"64\">A,B<\/td>\n<td width=\"64\">A,B<\/td>\n<td width=\"64\">A,B<\/td>\n<td width=\"64\">A,B<\/td>\n<td width=\"64\">A,B<\/td>\n<td width=\"64\">A,B<\/td>\n<\/tr>\n<tr>\n<td colspan=\"2\" height=\"21\">b<sub>1<\/sub><\/td>\n<td width=\"64\">38<\/td>\n<td width=\"64\">42<\/td>\n<td width=\"64\">47<\/td>\n<td width=\"64\">53<\/td>\n<td width=\"64\">60<\/td>\n<td width=\"64\">66<\/td>\n<td width=\"64\">73<\/td>\n<td width=\"64\">81<\/td>\n<td width=\"64\">90<\/td>\n<\/tr>\n<tr>\n<td colspan=\"2\" height=\"21\">b<sub>2<\/sub><\/td>\n<td width=\"64\">86<\/td>\n<td width=\"64\">96<\/td>\n<td width=\"64\">107<\/td>\n<td width=\"64\">121<\/td>\n<td width=\"64\">136<\/td>\n<td width=\"64\">150<\/td>\n<td width=\"64\">167<\/td>\n<td width=\"64\">185<\/td>\n<td width=\"64\">206<\/td>\n<\/tr>\n<tr>\n<td colspan=\"2\" height=\"21\">d<sub>1<\/sub><\/td>\n<td width=\"64\">24<\/td>\n<td width=\"64\">27<\/td>\n<td width=\"64\">30<\/td>\n<td width=\"64\">34<\/td>\n<td width=\"64\">38<\/td>\n<td width=\"64\">42<\/td>\n<td width=\"64\">47<\/td>\n<td width=\"64\">52<\/td>\n<td width=\"64\">58<\/td>\n<\/tr>\n<tr>\n<td colspan=\"2\" height=\"21\">d<sub>2<\/sub><\/td>\n<td width=\"64\">54<\/td>\n<td width=\"64\">60<\/td>\n<td width=\"64\">72<\/td>\n<td width=\"64\">78<\/td>\n<td width=\"64\">90<\/td>\n<td width=\"64\">96<\/td>\n<td width=\"64\">104<\/td>\n<td width=\"64\">120<\/td>\n<td width=\"64\">136<\/td>\n<\/tr>\n<tr>\n<td colspan=\"2\" height=\"21\">d<sub>3<\/sub><\/td>\n<td width=\"64\">M27<\/td>\n<td width=\"64\">M30<\/td>\n<td width=\"64\">M36<\/td>\n<td width=\"64\">M39<\/td>\n<td width=\"64\">M45<\/td>\n<td width=\"64\">M48<\/td>\n<td width=\"64\">M52<\/td>\n<td width=\"64\">M60<\/td>\n<td width=\"64\">M68<\/td>\n<\/tr>\n<tr>\n<td colspan=\"2\" height=\"21\">d<sub>4<\/sub><\/td>\n<td width=\"64\">27<\/td>\n<td width=\"64\">30<\/td>\n<td width=\"64\">36<\/td>\n<td width=\"64\">39<\/td>\n<td width=\"64\">45<\/td>\n<td width=\"64\">48<\/td>\n<td width=\"64\">52<\/td>\n<td width=\"64\">60<\/td>\n<td width=\"64\">68<\/td>\n<\/tr>\n<tr>\n<td colspan=\"2\" height=\"21\">h<sub>1<\/sub><\/td>\n<td width=\"64\">83.5<\/td>\n<td width=\"64\">91<\/td>\n<td width=\"64\">111<\/td>\n<td width=\"64\">119.5<\/td>\n<td width=\"64\">139.5<\/td>\n<td width=\"64\">147<\/td>\n<td width=\"64\">158<\/td>\n<td width=\"64\">185<\/td>\n<td width=\"64\">211<\/td>\n<\/tr>\n<tr>\n<td colspan=\"2\" height=\"21\">h<sub>2<\/sub><\/td>\n<td width=\"64\">123<\/td>\n<td width=\"64\">135<\/td>\n<td width=\"64\">162<\/td>\n<td width=\"64\">176<\/td>\n<td width=\"64\">203<\/td>\n<td width=\"64\">216<\/td>\n<td width=\"64\">234<\/td>\n<td width=\"64\">270<\/td>\n<td width=\"64\">306<\/td>\n<\/tr>\n<tr>\n<td rowspan=\"2\" height=\"39\">Individual\u2248kg<\/td>\n<td>A<\/td>\n<td width=\"64\">1.8<\/td>\n<td width=\"64\">2.4<\/td>\n<td width=\"64\">3.9<\/td>\n<td width=\"64\">5.3<\/td>\n<td width=\"64\">7.9<\/td>\n<td width=\"64\">10<\/td>\n<td width=\"64\">13<\/td>\n<td width=\"64\">18.5<\/td>\n<td width=\"64\">27.2<\/td>\n<\/tr>\n<tr>\n<td height=\"20\">B<\/td>\n<td width=\"64\">1.7<\/td>\n<td width=\"64\">2.3<\/td>\n<td width=\"64\">3.7<\/td>\n<td width=\"64\">5.1<\/td>\n<td width=\"64\">7.6<\/td>\n<td width=\"64\">9.7<\/td>\n<td width=\"64\">12.7<\/td>\n<td width=\"64\">18.1<\/td>\n<td width=\"64\">26.8<\/td>\n<\/tr>\n<\/tbody>\n<\/table>\n<\/div>\n<p><strong>DIN82103<\/strong><\/p>\n<p><a href=\"https:\/\/www.cyfastener.com\/uploads\/1360031787833125145.gif\"><img decoding=\"async\" class=\"alignnone size-full wp-image-6978\" src=\"https:\/\/www.cyfastener.com\/uploads\/1360031787833125145.gif\" alt=\"1360031787833125145\" \/><\/a><\/p>\n<p><strong>NUESTRO PAQUETE:<\/strong><\/p>\n<p align=\"justify\">1. Sacos de 25 kg o de 50 kg.<br \/>\n2. bolsas con palet.<br \/>\n3. Cajas de cart\u00f3n de 25 kg o cajas de cart\u00f3n con pal\u00e9.<br \/>\n4. Embalaje a petici\u00f3n del cliente<\/p>","protected":false},"excerpt":{"rendered":"<p>PRECIO EXW : 720USD-910USD\/TONELADA<br \/>\nPedido m\u00ednimo:2TONS<br \/>\nEMBALAJE:BOLSA\/CAJA CON PALET<br \/>\nPUERTO:TIANJIN\/QINGDAO\/SHANGHAI\/NINGBO<br \/>\nENTREGA:5-30DAYS ON QTY<br \/>\nPAGO:T\/T\/LC<br \/>\nCapacidad de suministro:600 TON PER MONTH<\/p>\n<p>&nbsp;<\/p>\n<ul>\n<li><em>Precio FOB:<\/em>US $0.5 - 9,999 \/ Pieza<\/li>\n<li><em>Cantidad m\u00ednima de pedido:<\/em>100 unidades\/piezas<\/li>\n<li><em>Capacidad de suministro:<\/em>10000 Piezas\/Pieza por Mes<\/li>\n<\/ul>","protected":false},"featured_media":2868,"template":"","meta":{"_kad_post_transparent":"default","_kad_post_title":"","_kad_post_layout":"default","_kad_post_sidebar_id":"","_kad_post_content_style":"default","_kad_post_vertical_padding":"default","_kad_post_feature":"","_kad_post_feature_position":"","_kad_post_header":false,"_kad_post_footer":false},"product_brand":[],"product_cat":[33],"product_tag":[],"class_list":{"0":"post-2863","1":"product","2":"type-product","3":"status-publish","4":"has-post-thumbnail","6":"product_cat-anchor-bolt","8":"first","9":"instock","10":"shipping-taxable","11":"product-type-simple","12":"entry","13":"content-bg","14":"loop-entry"},"yoast_head":"<!-- This site is optimized with the Yoast SEO plugin v27.4 - https:\/\/yoast.com\/product\/yoast-seo-wordpress\/ -->\n<title>DIN82101 DIN82103 D\/U Type Anchor Shackle Bow Shackle - Quantong Fastener<\/title>\n<meta name=\"robots\" content=\"index, follow, max-snippet:-1, max-image-preview:large, max-video-preview:-1\" \/>\n<link rel=\"canonical\" href=\"https:\/\/quantongfastener.com\/es\/producto\/din82101-din82103-d-u-type-anchor-shackle-bow-shackle\/\" \/>\n<meta property=\"og:locale\" content=\"es_ES\" \/>\n<meta property=\"og:type\" content=\"article\" \/>\n<meta property=\"og:title\" content=\"DIN82101 DIN82103 D\/U Type Anchor Shackle Bow Shackle - Quantong Fastener\" \/>\n<meta property=\"og:description\" content=\"EXW PRICE : 720USD-910USD\/TON Min.Order Quantity:2TONS PACKAGING:BAG\/BOX WITH PALLET PORT:TIANJIN\/QINGDAO\/SHANGHAI\/NINGBO DELIVERY:5-30DAYS ON QTY PAYMENT:T\/T\/LC Supply Ability:600 TON PER MONTH  &nbsp;   FOB Price:US $0.5 - 9,999 \/ Piece  Min.Order Quantity:100 Piece\/Pieces  Supply Ability:10000 Piece\/Pieces per Month\" \/>\n<meta property=\"og:url\" content=\"https:\/\/quantongfastener.com\/es\/producto\/din82101-din82103-d-u-type-anchor-shackle-bow-shackle\/\" \/>\n<meta property=\"og:site_name\" content=\"Quantong Fastener\" \/>\n<meta property=\"og:image\" content=\"https:\/\/quantongfastener.com\/wp-content\/uploads\/2025\/08\/DIN82101-DIN82103-D_U-Type-Anchor-Shackle-Bow-Shackle-5.jpg\" \/>\n\t<meta property=\"og:image:width\" content=\"610\" \/>\n\t<meta property=\"og:image:height\" content=\"610\" \/>\n\t<meta property=\"og:image:type\" content=\"image\/jpeg\" \/>\n<meta name=\"twitter:card\" content=\"summary_large_image\" \/>\n<meta name=\"twitter:label1\" content=\"Tiempo de lectura\" \/>\n\t<meta name=\"twitter:data1\" content=\"3 minutos\" \/>\n<script type=\"application\/ld+json\" class=\"yoast-schema-graph\">{\"@context\":\"https:\\\/\\\/schema.org\",\"@graph\":[{\"@type\":\"WebPage\",\"@id\":\"https:\\\/\\\/quantongfastener.com\\\/product\\\/din82101-din82103-d-u-type-anchor-shackle-bow-shackle\\\/\",\"url\":\"https:\\\/\\\/quantongfastener.com\\\/product\\\/din82101-din82103-d-u-type-anchor-shackle-bow-shackle\\\/\",\"name\":\"DIN82101 DIN82103 D\\\/U Type Anchor Shackle Bow Shackle - Quantong Fastener\",\"isPartOf\":{\"@id\":\"https:\\\/\\\/quantongfastener.com\\\/#website\"},\"primaryImageOfPage\":{\"@id\":\"https:\\\/\\\/quantongfastener.com\\\/product\\\/din82101-din82103-d-u-type-anchor-shackle-bow-shackle\\\/#primaryimage\"},\"image\":{\"@id\":\"https:\\\/\\\/quantongfastener.com\\\/product\\\/din82101-din82103-d-u-type-anchor-shackle-bow-shackle\\\/#primaryimage\"},\"thumbnailUrl\":\"https:\\\/\\\/quantongfastener.com\\\/wp-content\\\/uploads\\\/2025\\\/08\\\/DIN82101-DIN82103-D_U-Type-Anchor-Shackle-Bow-Shackle-5.jpg\",\"datePublished\":\"2025-08-10T15:03:28+00:00\",\"breadcrumb\":{\"@id\":\"https:\\\/\\\/quantongfastener.com\\\/product\\\/din82101-din82103-d-u-type-anchor-shackle-bow-shackle\\\/#breadcrumb\"},\"inLanguage\":\"es\",\"potentialAction\":[{\"@type\":\"ReadAction\",\"target\":[\"https:\\\/\\\/quantongfastener.com\\\/product\\\/din82101-din82103-d-u-type-anchor-shackle-bow-shackle\\\/\"]}]},{\"@type\":\"ImageObject\",\"inLanguage\":\"es\",\"@id\":\"https:\\\/\\\/quantongfastener.com\\\/product\\\/din82101-din82103-d-u-type-anchor-shackle-bow-shackle\\\/#primaryimage\",\"url\":\"https:\\\/\\\/quantongfastener.com\\\/wp-content\\\/uploads\\\/2025\\\/08\\\/DIN82101-DIN82103-D_U-Type-Anchor-Shackle-Bow-Shackle-5.jpg\",\"contentUrl\":\"https:\\\/\\\/quantongfastener.com\\\/wp-content\\\/uploads\\\/2025\\\/08\\\/DIN82101-DIN82103-D_U-Type-Anchor-Shackle-Bow-Shackle-5.jpg\",\"width\":610,\"height\":610},{\"@type\":\"BreadcrumbList\",\"@id\":\"https:\\\/\\\/quantongfastener.com\\\/product\\\/din82101-din82103-d-u-type-anchor-shackle-bow-shackle\\\/#breadcrumb\",\"itemListElement\":[{\"@type\":\"ListItem\",\"position\":1,\"name\":\"Home\",\"item\":\"https:\\\/\\\/quantongfastener.com\\\/\"},{\"@type\":\"ListItem\",\"position\":2,\"name\":\"Products\",\"item\":\"https:\\\/\\\/quantongfastener.com\\\/products\\\/\"},{\"@type\":\"ListItem\",\"position\":3,\"name\":\"DIN82101 DIN82103 D\\\/U Type Anchor Shackle Bow Shackle\"}]},{\"@type\":\"WebSite\",\"@id\":\"https:\\\/\\\/quantongfastener.com\\\/#website\",\"url\":\"https:\\\/\\\/quantongfastener.com\\\/\",\"name\":\"Quantong Fastener\",\"description\":\"\",\"publisher\":{\"@id\":\"https:\\\/\\\/quantongfastener.com\\\/#organization\"},\"potentialAction\":[{\"@type\":\"SearchAction\",\"target\":{\"@type\":\"EntryPoint\",\"urlTemplate\":\"https:\\\/\\\/quantongfastener.com\\\/?s={search_term_string}\"},\"query-input\":{\"@type\":\"PropertyValueSpecification\",\"valueRequired\":true,\"valueName\":\"search_term_string\"}}],\"inLanguage\":\"es\"},{\"@type\":\"Organization\",\"@id\":\"https:\\\/\\\/quantongfastener.com\\\/#organization\",\"name\":\"Quantong Fastener\",\"url\":\"https:\\\/\\\/quantongfastener.com\\\/\",\"logo\":{\"@type\":\"ImageObject\",\"inLanguage\":\"es\",\"@id\":\"https:\\\/\\\/quantongfastener.com\\\/#\\\/schema\\\/logo\\\/image\\\/\",\"url\":\"https:\\\/\\\/quantongfastener.com\\\/wp-content\\\/uploads\\\/2025\\\/07\\\/logo.jpg\",\"contentUrl\":\"https:\\\/\\\/quantongfastener.com\\\/wp-content\\\/uploads\\\/2025\\\/07\\\/logo.jpg\",\"width\":425,\"height\":424,\"caption\":\"Quantong Fastener\"},\"image\":{\"@id\":\"https:\\\/\\\/quantongfastener.com\\\/#\\\/schema\\\/logo\\\/image\\\/\"}}]}<\/script>\n<!-- \/ Yoast SEO plugin. -->","yoast_head_json":{"title":"DIN82101 DIN82103 D\/U Type Anchor Shackle Bow Shackle - Quantong Fastener","robots":{"index":"index","follow":"follow","max-snippet":"max-snippet:-1","max-image-preview":"max-image-preview:large","max-video-preview":"max-video-preview:-1"},"canonical":"https:\/\/quantongfastener.com\/es\/producto\/din82101-din82103-d-u-type-anchor-shackle-bow-shackle\/","og_locale":"es_ES","og_type":"article","og_title":"DIN82101 DIN82103 D\/U Type Anchor Shackle Bow Shackle - Quantong Fastener","og_description":"EXW PRICE : 720USD-910USD\/TON Min.Order Quantity:2TONS PACKAGING:BAG\/BOX WITH PALLET PORT:TIANJIN\/QINGDAO\/SHANGHAI\/NINGBO DELIVERY:5-30DAYS ON QTY PAYMENT:T\/T\/LC Supply Ability:600 TON PER MONTH  &nbsp;   FOB Price:US $0.5 - 9,999 \/ Piece  Min.Order Quantity:100 Piece\/Pieces  Supply Ability:10000 Piece\/Pieces per Month","og_url":"https:\/\/quantongfastener.com\/es\/producto\/din82101-din82103-d-u-type-anchor-shackle-bow-shackle\/","og_site_name":"Quantong Fastener","og_image":[{"width":610,"height":610,"url":"https:\/\/quantongfastener.com\/wp-content\/uploads\/2025\/08\/DIN82101-DIN82103-D_U-Type-Anchor-Shackle-Bow-Shackle-5.jpg","type":"image\/jpeg"}],"twitter_card":"summary_large_image","twitter_misc":{"Tiempo de lectura":"3 minutos"},"schema":{"@context":"https:\/\/schema.org","@graph":[{"@type":"WebPage","@id":"https:\/\/quantongfastener.com\/product\/din82101-din82103-d-u-type-anchor-shackle-bow-shackle\/","url":"https:\/\/quantongfastener.com\/product\/din82101-din82103-d-u-type-anchor-shackle-bow-shackle\/","name":"DIN82101 DIN82103 D\/U Type Anchor Shackle Bow Shackle - Quantong Fastener","isPartOf":{"@id":"https:\/\/quantongfastener.com\/#website"},"primaryImageOfPage":{"@id":"https:\/\/quantongfastener.com\/product\/din82101-din82103-d-u-type-anchor-shackle-bow-shackle\/#primaryimage"},"image":{"@id":"https:\/\/quantongfastener.com\/product\/din82101-din82103-d-u-type-anchor-shackle-bow-shackle\/#primaryimage"},"thumbnailUrl":"https:\/\/quantongfastener.com\/wp-content\/uploads\/2025\/08\/DIN82101-DIN82103-D_U-Type-Anchor-Shackle-Bow-Shackle-5.jpg","datePublished":"2025-08-10T15:03:28+00:00","breadcrumb":{"@id":"https:\/\/quantongfastener.com\/product\/din82101-din82103-d-u-type-anchor-shackle-bow-shackle\/#breadcrumb"},"inLanguage":"es","potentialAction":[{"@type":"ReadAction","target":["https:\/\/quantongfastener.com\/product\/din82101-din82103-d-u-type-anchor-shackle-bow-shackle\/"]}]},{"@type":"ImageObject","inLanguage":"es","@id":"https:\/\/quantongfastener.com\/product\/din82101-din82103-d-u-type-anchor-shackle-bow-shackle\/#primaryimage","url":"https:\/\/quantongfastener.com\/wp-content\/uploads\/2025\/08\/DIN82101-DIN82103-D_U-Type-Anchor-Shackle-Bow-Shackle-5.jpg","contentUrl":"https:\/\/quantongfastener.com\/wp-content\/uploads\/2025\/08\/DIN82101-DIN82103-D_U-Type-Anchor-Shackle-Bow-Shackle-5.jpg","width":610,"height":610},{"@type":"BreadcrumbList","@id":"https:\/\/quantongfastener.com\/product\/din82101-din82103-d-u-type-anchor-shackle-bow-shackle\/#breadcrumb","itemListElement":[{"@type":"ListItem","position":1,"name":"Home","item":"https:\/\/quantongfastener.com\/"},{"@type":"ListItem","position":2,"name":"Products","item":"https:\/\/quantongfastener.com\/products\/"},{"@type":"ListItem","position":3,"name":"DIN82101 DIN82103 D\/U Type Anchor Shackle Bow Shackle"}]},{"@type":"WebSite","@id":"https:\/\/quantongfastener.com\/#website","url":"https:\/\/quantongfastener.com\/","name":"Sujetador Quantong","description":"","publisher":{"@id":"https:\/\/quantongfastener.com\/#organization"},"potentialAction":[{"@type":"SearchAction","target":{"@type":"EntryPoint","urlTemplate":"https:\/\/quantongfastener.com\/?s={search_term_string}"},"query-input":{"@type":"PropertyValueSpecification","valueRequired":true,"valueName":"search_term_string"}}],"inLanguage":"es"},{"@type":"Organization","@id":"https:\/\/quantongfastener.com\/#organization","name":"Sujetador Quantong","url":"https:\/\/quantongfastener.com\/","logo":{"@type":"ImageObject","inLanguage":"es","@id":"https:\/\/quantongfastener.com\/#\/schema\/logo\/image\/","url":"https:\/\/quantongfastener.com\/wp-content\/uploads\/2025\/07\/logo.jpg","contentUrl":"https:\/\/quantongfastener.com\/wp-content\/uploads\/2025\/07\/logo.jpg","width":425,"height":424,"caption":"Quantong Fastener"},"image":{"@id":"https:\/\/quantongfastener.com\/#\/schema\/logo\/image\/"}}]}},"_links":{"self":[{"href":"https:\/\/quantongfastener.com\/es\/wp-json\/wp\/v2\/product\/2863","targetHints":{"allow":["GET"]}}],"collection":[{"href":"https:\/\/quantongfastener.com\/es\/wp-json\/wp\/v2\/product"}],"about":[{"href":"https:\/\/quantongfastener.com\/es\/wp-json\/wp\/v2\/types\/product"}],"wp:featuredmedia":[{"embeddable":true,"href":"https:\/\/quantongfastener.com\/es\/wp-json\/wp\/v2\/media\/2868"}],"wp:attachment":[{"href":"https:\/\/quantongfastener.com\/es\/wp-json\/wp\/v2\/media?parent=2863"}],"wp:term":[{"taxonomy":"product_brand","embeddable":true,"href":"https:\/\/quantongfastener.com\/es\/wp-json\/wp\/v2\/product_brand?post=2863"},{"taxonomy":"product_cat","embeddable":true,"href":"https:\/\/quantongfastener.com\/es\/wp-json\/wp\/v2\/product_cat?post=2863"},{"taxonomy":"product_tag","embeddable":true,"href":"https:\/\/quantongfastener.com\/es\/wp-json\/wp\/v2\/product_tag?post=2863"}],"curies":[{"name":"wp","href":"https:\/\/api.w.org\/{rel}","templated":true}]}}