{"id":2754,"date":"2025-08-10T14:18:05","date_gmt":"2025-08-10T14:18:05","guid":{"rendered":"https:\/\/quantongfastener.com\/?post_type=product&#038;p=2754"},"modified":"2025-08-31T05:15:08","modified_gmt":"2025-08-31T05:15:08","slug":"stainless-steel-stud-bolt","status":"publish","type":"product","link":"https:\/\/quantongfastener.com\/es\/producto\/stainless-steel-stud-bolt\/","title":{"rendered":"Perno prisionero de acero inoxidable"},"content":{"rendered":"<div class=\"fl-row fl-row-full-width fl-row-bg-none fl-node-5e61a684da6de\" data-node=\"5e61a684da6de\">\n<div class=\"fl-row-content-wrap\">\n<div class=\"fl-row-content fl-row-full-width fl-node-content\">\n<div class=\"fl-col-group fl-node-5e61a684da734\" data-node=\"5e61a684da734\">\n<div class=\"fl-col fl-node-5e61a684da789 fl-col-has-cols\" data-node=\"5e61a684da789\">\n<div class=\"fl-col-content fl-node-content\">\n<div class=\"fl-module fl-module-rich-text fl-node-5e61a684da7de\" data-node=\"5e61a684da7de\" data-animation-delay=\"0.0\">\n<div class=\"fl-module-content fl-node-content\">\n<div class=\"fl-rich-text\">\n<div class=\"table_wrap\">\n<table border=\"1\" cellspacing=\"0\">\n<tbody>\n<tr>\n<td valign=\"top\" width=\"161\">Nombre del producto<\/td>\n<td valign=\"top\" width=\"406\">A2-70 Perno prisionero<\/td>\n<\/tr>\n<tr>\n<td valign=\"top\" width=\"161\">Talla<\/td>\n<td valign=\"top\" width=\"406\">M3-100<\/td>\n<\/tr>\n<tr>\n<td valign=\"top\" width=\"161\">Longitud<\/td>\n<td valign=\"top\" width=\"406\">10-3000 mm o seg\u00fan las necesidades<\/td>\n<\/tr>\n<tr>\n<td valign=\"top\" width=\"161\">Grado<\/td>\n<td valign=\"top\" width=\"406\">A2-70\/A4-70<\/td>\n<\/tr>\n<tr>\n<td valign=\"top\" width=\"161\">Material<\/td>\n<td valign=\"top\" width=\"406\">Acero inoxidable<\/td>\n<\/tr>\n<tr>\n<td valign=\"top\" width=\"161\">Tratamiento de superficies<\/td>\n<td valign=\"top\" width=\"406\">Llano<\/td>\n<\/tr>\n<tr>\n<td valign=\"top\" width=\"161\">Est\u00e1ndar<\/td>\n<td valign=\"top\" width=\"406\">DIN\/ISO<\/td>\n<\/tr>\n<tr>\n<td valign=\"top\" width=\"161\">Certificado<\/td>\n<td valign=\"top\" width=\"406\">ISO 9001<\/td>\n<\/tr>\n<tr>\n<td valign=\"top\" width=\"161\">Muestra<\/td>\n<td valign=\"top\" width=\"406\">Muestras gratuitas<\/td>\n<\/tr>\n<\/tbody>\n<\/table>\n<\/div>\n<\/div>\n<\/div>\n<\/div>\n<div class=\"fl-col-group fl-node-5e7c0bf1d3343 fl-col-group-nested\" data-node=\"5e7c0bf1d3343\">\n<div class=\"fl-col fl-node-5e7c0bf1d39ff fl-col-small\" data-node=\"5e7c0bf1d39ff\">\n<div class=\"fl-col-content fl-node-content\">\n<div class=\"fl-module fl-module-rich-text fl-node-5e61a97fc1666\" data-node=\"5e61a97fc1666\" data-animation-delay=\"0.0\">\n<div class=\"fl-module-content fl-node-content\">\n<div class=\"fl-rich-text\">\n<p><img decoding=\"async\" class=\"alignnone size-full wp-image-1197\" src=\"https:\/\/www.cyfastener.com\/uploads\/1c97a39b.jpg\" alt=\"pc05\" \/><\/p>\n<\/div>\n<\/div>\n<\/div>\n<\/div>\n<\/div>\n<div class=\"fl-col fl-node-5e7c0bf1d3a5b fl-col-small\" data-node=\"5e7c0bf1d3a5b\">\n<div class=\"fl-col-content fl-node-content\">\n<div class=\"fl-module fl-module-rich-text fl-node-5e61a984ad72e\" data-node=\"5e61a984ad72e\" data-animation-delay=\"0.0\">\n<div class=\"fl-module-content fl-node-content\">\n<div class=\"fl-rich-text\">\n<p><img decoding=\"async\" class=\"alignnone size-full wp-image-1197\" src=\"https:\/\/www.cyfastener.com\/uploads\/41f64d85.jpg\" alt=\"pc05\" \/><\/p>\n<\/div>\n<\/div>\n<\/div>\n<\/div>\n<\/div>\n<\/div>\n<div class=\"fl-col-group fl-node-5e61a96f7a324 fl-col-group-nested\" data-node=\"5e61a96f7a324\">\n<div class=\"fl-col fl-node-5e61a96f7a998 fl-col-small\" data-node=\"5e61a96f7a998\">\n<div class=\"fl-col-content fl-node-content\">\n<div class=\"fl-module fl-module-rich-text fl-node-5e61a9731c38f\" data-node=\"5e61a9731c38f\" data-animation-delay=\"0.0\">\n<div class=\"fl-module-content fl-node-content\">\n<div class=\"fl-rich-text\">\n<p><img decoding=\"async\" class=\"alignnone size-full wp-image-1197\" src=\"https:\/\/www.cyfastener.com\/uploads\/1b56e214.jpg\" alt=\"pc05\" \/><\/p>\n<\/div>\n<\/div>\n<\/div>\n<\/div>\n<\/div>\n<div class=\"fl-col fl-node-5e61a96f7aa00 fl-col-small\" data-node=\"5e61a96f7aa00\">\n<div class=\"fl-col-content fl-node-content\">\n<div class=\"fl-module fl-module-rich-text fl-node-5e61a979d1fd5\" data-node=\"5e61a979d1fd5\" data-animation-delay=\"0.0\">\n<div class=\"fl-module-content fl-node-content\">\n<div class=\"fl-rich-text\">\n<p><img decoding=\"async\" class=\"alignnone size-full wp-image-1197\" src=\"https:\/\/www.cyfastener.com\/uploads\/fe748fb9.jpg\" alt=\"pc05\" \/><\/p>\n<\/div>\n<\/div>\n<\/div>\n<\/div>\n<\/div>\n<\/div>\n<div class=\"fl-module fl-module-rich-text fl-node-5e61a6ddcabbd\" data-node=\"5e61a6ddcabbd\" data-animation-delay=\"0.0\">\n<div class=\"fl-module-content fl-node-content\">\n<div class=\"fl-rich-text\">\n<p>Se utiliza para conectar la funci\u00f3n de eslab\u00f3n fijo de la m\u00e1quina. Generalmente se utiliza en maquinaria de miner\u00eda, puentes, autom\u00f3viles, motocicletas, estructuras de acero de calderas, torres de suspensi\u00f3n, estructuras de acero de grandes luces y grandes edificios.<\/p>\n<\/div>\n<\/div>\n<\/div>\n<div class=\"fl-col-group fl-node-5e61a8900dbbe fl-col-group-nested\" data-node=\"5e61a8900dbbe\">\n<div class=\"fl-col fl-node-5e61a8900e3aa fl-col-small\" data-node=\"5e61a8900e3aa\">\n<div class=\"fl-col-content fl-node-content\">\n<div class=\"fl-module fl-module-rich-text fl-node-5e61a8938658a\" data-node=\"5e61a8938658a\" data-animation-delay=\"0.0\">\n<div class=\"fl-module-content fl-node-content\">\n<div class=\"fl-rich-text\">\n<p><img decoding=\"async\" class=\"alignnone size-full wp-image-1197\" src=\"https:\/\/www.cyfastener.com\/uploads\/23229b26.jpg\" alt=\"pc05\" \/><\/p>\n<\/div>\n<\/div>\n<\/div>\n<\/div>\n<\/div>\n<div class=\"fl-col fl-node-5e61a8900e3fd fl-col-small\" data-node=\"5e61a8900e3fd\">\n<div class=\"fl-col-content fl-node-content\">\n<div class=\"fl-module fl-module-rich-text fl-node-5e61a8990133c\" data-node=\"5e61a8990133c\" data-animation-delay=\"0.0\">\n<div class=\"fl-module-content fl-node-content\">\n<div class=\"fl-rich-text\">\n<p><img decoding=\"async\" class=\"alignnone size-full wp-image-1197\" src=\"https:\/\/www.cyfastener.com\/uploads\/cd76797b.jpg\" alt=\"pc05\" \/><\/p>\n<\/div>\n<\/div>\n<\/div>\n<\/div>\n<\/div>\n<div class=\"fl-col fl-node-5e61a8900e46d fl-col-small\" data-node=\"5e61a8900e46d\">\n<div class=\"fl-col-content fl-node-content\">\n<div class=\"fl-module fl-module-rich-text fl-node-5e61a89de970d\" data-node=\"5e61a89de970d\" data-animation-delay=\"0.0\">\n<div class=\"fl-module-content fl-node-content\">\n<div class=\"fl-rich-text\">\n<p><img decoding=\"async\" class=\"alignnone size-full wp-image-1197\" src=\"https:\/\/www.cyfastener.com\/uploads\/4fc54590.jpg\" alt=\"pc05\" \/><\/p>\n<\/div>\n<\/div>\n<\/div>\n<\/div>\n<\/div>\n<\/div>\n<div class=\"fl-col-group fl-node-5e7c0c0190d0f fl-col-group-nested\" data-node=\"5e7c0c0190d0f\">\n<div class=\"fl-col fl-node-5e7c0c019120d fl-col-small\" data-node=\"5e7c0c019120d\">\n<div class=\"fl-col-content fl-node-content\">\n<div class=\"fl-module fl-module-rich-text fl-node-5e61a822a50a2\" data-node=\"5e61a822a50a2\" data-animation-delay=\"0.0\">\n<div class=\"fl-module-content fl-node-content\">\n<div class=\"fl-rich-text\">\n<p><img decoding=\"async\" class=\"alignnone size-full wp-image-1197\" src=\"https:\/\/www.cyfastener.com\/uploads\/528b368e.jpg\" alt=\"pc05\" \/><\/p>\n<\/div>\n<\/div>\n<\/div>\n<\/div>\n<\/div>\n<div class=\"fl-col fl-node-5e7c0c019125c fl-col-small\" data-node=\"5e7c0c019125c\">\n<div class=\"fl-col-content fl-node-content\">\n<div class=\"fl-module fl-module-rich-text fl-node-5e61a829c600e\" data-node=\"5e61a829c600e\" data-animation-delay=\"0.0\">\n<div class=\"fl-module-content fl-node-content\">\n<div class=\"fl-rich-text\">\n<p><img decoding=\"async\" class=\"alignnone size-full wp-image-1197\" src=\"https:\/\/www.cyfastener.com\/uploads\/b9ce95ea.jpg\" alt=\"pc05\" \/><\/p>\n<\/div>\n<\/div>\n<\/div>\n<\/div>\n<\/div>\n<\/div>\n<div class=\"fl-col-group fl-node-5e61a81f473eb fl-col-group-nested\" data-node=\"5e61a81f473eb\">\n<div class=\"fl-col fl-node-5e61a81f47ef1 fl-col-small\" data-node=\"5e61a81f47ef1\">\n<div class=\"fl-col-content fl-node-content\">\n<div class=\"fl-module fl-module-rich-text fl-node-5e61a830186b5\" data-node=\"5e61a830186b5\" data-animation-delay=\"0.0\">\n<div class=\"fl-module-content fl-node-content\">\n<div class=\"fl-rich-text\">\n<p><img decoding=\"async\" class=\"alignnone size-full wp-image-1197\" src=\"https:\/\/www.cyfastener.com\/uploads\/2140d21d.jpg\" alt=\"pc05\" \/><\/p>\n<\/div>\n<\/div>\n<\/div>\n<\/div>\n<\/div>\n<div class=\"fl-col fl-node-5e61a81f47f48 fl-col-small\" data-node=\"5e61a81f47f48\">\n<div class=\"fl-col-content fl-node-content\">\n<div class=\"fl-module fl-module-rich-text fl-node-5e61a834e32ef\" data-node=\"5e61a834e32ef\" data-animation-delay=\"0.0\">\n<div class=\"fl-module-content fl-node-content\">\n<div class=\"fl-rich-text\">\n<p><img decoding=\"async\" class=\"alignnone size-full wp-image-1197\" src=\"https:\/\/www.cyfastener.com\/uploads\/b982862d.jpg\" alt=\"pc05\" \/><\/p>\n<\/div>\n<\/div>\n<\/div>\n<\/div>\n<\/div>\n<\/div>\n<div class=\"fl-module fl-module-rich-text fl-node-5e61a7e96e129\" data-node=\"5e61a7e96e129\" data-animation-delay=\"0.0\">\n<div class=\"fl-module-content fl-node-content\">\n<div class=\"fl-rich-text\">\n<p>Los esp\u00e1rragos suelen requerir un tratamiento de superficie. Hay muchos tipos de tratamientos superficiales para pernos. En general, se utilizan com\u00fanmente chapado, ennegrecimiento, oxidaci\u00f3n, fosfatado, y el recubrimiento de l\u00e1mina de zinc no electrol\u00edtico.Sin embargo, los pernos electrochapados ocupan una gran proporci\u00f3n en el uso real de los pernos.Es m\u00e1s ampliamente utilizado en industrias y campos tales como autom\u00f3viles, tractores, electrodom\u00e9sticos, instrumentaci\u00f3n, aeroespacial, y las comunicaciones.<\/p>\n<\/div>\n<\/div>\n<\/div>\n<\/div>\n<\/div>\n<\/div>\n<\/div>\n<\/div>\n<\/div>\n<div class=\"fl-row fl-row-full-width fl-row-bg-none fl-node-5e61a684db04d\" data-node=\"5e61a684db04d\">\n<div class=\"fl-row-content-wrap\">\n<div class=\"fl-row-content fl-row-full-width fl-node-content\">\n<div class=\"fl-col-group fl-node-5e61a684db0a1\" data-node=\"5e61a684db0a1\">\n<div class=\"fl-col fl-node-5e61a684db0f5\" data-node=\"5e61a684db0f5\">\n<div class=\"fl-col-content fl-node-content\">\n<div class=\"fl-module fl-module-rich-text fl-node-5e61a684db146\" data-node=\"5e61a684db146\" data-animation-delay=\"0.0\">\n<div class=\"fl-module-content fl-node-content\">\n<div class=\"fl-rich-text\">\n<p><strong>Preguntas frecuentes sobre el acero inoxidable:<\/strong><\/p>\n<\/div>\n<\/div>\n<\/div>\n<\/div>\n<\/div>\n<\/div>\n<div class=\"fl-col-group fl-node-5e61a9426c3e2\" data-node=\"5e61a9426c3e2\">\n<div class=\"fl-col fl-node-5e61a9426c8cc\" data-node=\"5e61a9426c8cc\">\n<div class=\"fl-col-content fl-node-content\">\n<div class=\"fl-module fl-module-rich-text fl-node-5e61a9426c112\" data-node=\"5e61a9426c112\" data-animation-delay=\"0.0\">\n<div class=\"fl-module-content fl-node-content\">\n<div class=\"fl-rich-text\">\n<p>P: \u00bfPor qu\u00e9 es magn\u00e9tico el acero inoxidable?<br \/>\nR: El acero inoxidable 304 pertenece a los aceros inoxidables austen\u00edticos. La austenita se transforma parcial o ligeramente en martensita durante el trabajo en fr\u00edo. La martensita es magn\u00e9tica, por lo que el acero inoxidable es no magn\u00e9tico o d\u00e9bilmente magn\u00e9tico.<br \/>\nP: \u00bfC\u00f3mo identificar los productos de acero inoxidable aut\u00e9nticos?<br \/>\nR: 1. Soporta la prueba de poci\u00f3n especial de acero inoxidable, si no cambia de color, es aut\u00e9ntico acero inoxidable.<br \/>\n2. Apoyar el an\u00e1lisis de la composici\u00f3n qu\u00edmica y el an\u00e1lisis espectral.<br \/>\n3. Apoyar la prueba de humo para simular el entorno de uso real.<br \/>\nP: \u00bfCu\u00e1les son los aceros inoxidables m\u00e1s utilizados?<br \/>\nA: 1.SS201, apto para uso en ambiente seco, f\u00e1cil de oxidar en agua.<br \/>\n2.SS304, ambiente exterior o h\u00famedo, fuerte resistencia a la corrosi\u00f3n y al \u00e1cido.<br \/>\n3.SS316, molibdeno a\u00f1adido, m\u00e1s resistencia a la corrosi\u00f3n, especialmente adecuado para agua de mar y medios qu\u00edmicos.<\/p>\n<\/div>\n<\/div>\n<\/div>\n<\/div>\n<\/div>\n<\/div>\n<\/div>\n<\/div>\n<\/div>\n<div class=\"fl-row fl-row-full-width fl-row-bg-none fl-node-5e61a684db238\" data-node=\"5e61a684db238\">\n<div class=\"fl-row-content-wrap\">\n<div class=\"fl-row-content fl-row-full-width fl-node-content\">\n<div class=\"fl-col-group fl-node-5e61a684db34d\" data-node=\"5e61a684db34d\">\n<div class=\"fl-col fl-node-5e61a684db670\" data-node=\"5e61a684db670\">\n<div class=\"fl-col-content fl-node-content\">\n<div class=\"fl-module fl-module-rich-text fl-node-5e61a684db6cd\" data-node=\"5e61a684db6cd\" data-animation-delay=\"0.0\">\n<div class=\"fl-module-content fl-node-content\">\n<div class=\"fl-rich-text\">\n<p><strong>Cinco ventajas del acero inoxidable:<\/strong><\/p>\n<\/div>\n<\/div>\n<\/div>\n<\/div>\n<\/div>\n<\/div>\n<\/div>\n<\/div>\n<\/div>\n<div class=\"fl-row fl-row-full-width fl-row-bg-none fl-node-5e61a684dc664\" data-node=\"5e61a684dc664\">\n<div class=\"fl-row-content-wrap\">\n<div class=\"fl-row-content fl-row-full-width fl-node-content\">\n<div class=\"fl-col-group fl-node-5e61a684dc6b5\" data-node=\"5e61a684dc6b5\">\n<div class=\"fl-col fl-node-5e61a684dc705\" data-node=\"5e61a684dc705\">\n<div class=\"fl-col-content fl-node-content\">\n<div class=\"fl-module fl-module-rich-text fl-node-5e61a684da989\" data-node=\"5e61a684da989\" data-animation-delay=\"0.0\">\n<div class=\"fl-module-content fl-node-content\">\n<div class=\"fl-rich-text\">\n<p>1. La dureza del acero inoxidable es m\u00e1s de 2 veces superior a la del cobre, m\u00e1s de 10 veces superior a la del aluminio, el procesamiento es dif\u00edcil, y el proceso de producci\u00f3n es complicado.<br \/>\n2.Durable y no oxidado -- hecho de acero inoxidable, la combinaci\u00f3n de cromo y n\u00edquel crea una capa de anti-oxidaci\u00f3n en la superficie del material, que desempe\u00f1a el papel de la oxidaci\u00f3n.<br \/>\n3.Respetuoso con el medio ambiente, no t\u00f3xico y no contaminante --- El material de acero inoxidable ha sido reconocido como sanitario, seguro, no t\u00f3xico y resistente a \u00e1cidos y \u00e1lcalis. No se libera al mar y no contamina el agua del grifo.<br \/>\n4. Los productos de acero inoxidable son populares en todo el mundo. La superficie es plateada y blanca. Despu\u00e9s de diez a\u00f1os de uso, nunca se oxida. Siempre y cuando se limpie con agua limpia, ser\u00e1 limpio y hermoso, tan brillante como nuevo.<\/p>\n<\/div>\n<\/div>\n<\/div>\n<\/div>\n<\/div>\n<\/div>\n<\/div>\n<\/div>\n<\/div>\n<div class=\"fl-row fl-row-full-width fl-row-bg-none fl-node-5e61a684db86f\" data-node=\"5e61a684db86f\">\n<div class=\"fl-row-content-wrap\">\n<div class=\"fl-row-content fl-row-full-width fl-node-content\">\n<div class=\"fl-col-group fl-node-5e61a684db8c5\" data-node=\"5e61a684db8c5\">\n<div class=\"fl-col fl-node-5e61a684db919\" data-node=\"5e61a684db919\">\n<div class=\"fl-col-content fl-node-content\">\n<div class=\"fl-module fl-module-rich-text fl-node-5e61a684db96f\" data-node=\"5e61a684db96f\" data-animation-delay=\"0.0\">\n<div class=\"fl-module-content fl-node-content\">\n<div class=\"fl-rich-text\">\n<p><strong>NUESTRO PAQUETE:<\/strong><\/p>\n<\/div>\n<\/div>\n<\/div>\n<\/div>\n<\/div>\n<\/div>\n<div class=\"fl-col-group fl-node-5e61a684dc326\" data-node=\"5e61a684dc326\">\n<div class=\"fl-col fl-node-5e61a684dc377 fl-col-has-cols\" data-node=\"5e61a684dc377\">\n<div class=\"fl-col-content fl-node-content\">\n<div class=\"fl-module fl-module-rich-text fl-node-5e61a684daa30\" data-node=\"5e61a684daa30\" data-animation-delay=\"0.0\">\n<div class=\"fl-module-content fl-node-content\">\n<div class=\"fl-rich-text\">\n<p align=\"justify\">1. Sacos de 25 kg o de 50 kg.<br \/>\n2. bolsas con palet.<br \/>\n3. Cajas de cart\u00f3n de 25 kg o cajas de cart\u00f3n con pal\u00e9.<br \/>\n4. Embalaje a petici\u00f3n del cliente<\/p>\n<\/div>\n<\/div>\n<\/div>\n<\/div>\n<\/div>\n<\/div>\n<\/div>\n<\/div>\n<\/div>","protected":false},"excerpt":{"rendered":"<p>Pedido M\u00ednimo:1000PCS<\/p>\n<p>EMBALAJE:BOLSA\/CAJA CON PALET<\/p>\n<p>PUERTO:TIANJIN\/QINGDAO\/SHANGHAI\/NINGBO<\/p>\n<p>ENTREGA:5-30DAYS ON QTY<\/p>\n<p>PAGO:T\/T\/LC<\/p>\n<p>Capacidad de suministro:500 TON PER MONTH<\/p>","protected":false},"featured_media":2759,"template":"","meta":{"_kad_post_transparent":"default","_kad_post_title":"","_kad_post_layout":"default","_kad_post_sidebar_id":"","_kad_post_content_style":"default","_kad_post_vertical_padding":"default","_kad_post_feature":"","_kad_post_feature_position":"","_kad_post_header":false,"_kad_post_footer":false},"product_brand":[],"product_cat":[64,31],"product_tag":[],"class_list":{"0":"post-2754","1":"product","2":"type-product","3":"status-publish","4":"has-post-thumbnail","6":"product_cat-stud","7":"product_cat-threaded-rod-studs","9":"first","10":"instock","11":"shipping-taxable","12":"product-type-simple","13":"entry","14":"content-bg","15":"loop-entry"},"yoast_head":"<!-- This site is optimized with the Yoast SEO plugin v27.4 - https:\/\/yoast.com\/product\/yoast-seo-wordpress\/ -->\n<title>Stainless steel Stud Bolt - Quantong Fastener<\/title>\n<meta name=\"robots\" content=\"index, follow, max-snippet:-1, max-image-preview:large, max-video-preview:-1\" \/>\n<link rel=\"canonical\" href=\"https:\/\/quantongfastener.com\/es\/producto\/stainless-steel-stud-bolt\/\" \/>\n<meta property=\"og:locale\" content=\"es_ES\" \/>\n<meta property=\"og:type\" content=\"article\" \/>\n<meta property=\"og:title\" content=\"Stainless steel Stud Bolt - Quantong Fastener\" \/>\n<meta property=\"og:description\" content=\"Min.Order Quantity:1000PCS  PACKAGING:BAG\/BOX WITH PALLET  PORT:TIANJIN\/QINGDAO\/SHANGHAI\/NINGBO  DELIVERY:5-30DAYS ON QTY  PAYMENT:T\/T\/LC  Supply Ability:500 TON PER MONTH\" \/>\n<meta property=\"og:url\" content=\"https:\/\/quantongfastener.com\/es\/producto\/stainless-steel-stud-bolt\/\" \/>\n<meta property=\"og:site_name\" content=\"Quantong Fastener\" \/>\n<meta property=\"article:modified_time\" content=\"2025-08-31T05:15:08+00:00\" \/>\n<meta property=\"og:image\" content=\"https:\/\/quantongfastener.com\/wp-content\/uploads\/2025\/08\/pc05-3.jpg\" \/>\n\t<meta property=\"og:image:width\" content=\"610\" \/>\n\t<meta property=\"og:image:height\" content=\"610\" \/>\n\t<meta property=\"og:image:type\" content=\"image\/jpeg\" \/>\n<meta name=\"twitter:card\" content=\"summary_large_image\" \/>\n<meta name=\"twitter:label1\" content=\"Tiempo de lectura\" \/>\n\t<meta name=\"twitter:data1\" content=\"5 minutos\" \/>\n<script type=\"application\/ld+json\" class=\"yoast-schema-graph\">{\"@context\":\"https:\\\/\\\/schema.org\",\"@graph\":[{\"@type\":\"WebPage\",\"@id\":\"https:\\\/\\\/quantongfastener.com\\\/product\\\/stainless-steel-stud-bolt\\\/\",\"url\":\"https:\\\/\\\/quantongfastener.com\\\/product\\\/stainless-steel-stud-bolt\\\/\",\"name\":\"Stainless steel Stud Bolt - Quantong Fastener\",\"isPartOf\":{\"@id\":\"https:\\\/\\\/quantongfastener.com\\\/#website\"},\"primaryImageOfPage\":{\"@id\":\"https:\\\/\\\/quantongfastener.com\\\/product\\\/stainless-steel-stud-bolt\\\/#primaryimage\"},\"image\":{\"@id\":\"https:\\\/\\\/quantongfastener.com\\\/product\\\/stainless-steel-stud-bolt\\\/#primaryimage\"},\"thumbnailUrl\":\"https:\\\/\\\/quantongfastener.com\\\/wp-content\\\/uploads\\\/2025\\\/08\\\/pc05-3.jpg\",\"datePublished\":\"2025-08-10T14:18:05+00:00\",\"dateModified\":\"2025-08-31T05:15:08+00:00\",\"breadcrumb\":{\"@id\":\"https:\\\/\\\/quantongfastener.com\\\/product\\\/stainless-steel-stud-bolt\\\/#breadcrumb\"},\"inLanguage\":\"es\",\"potentialAction\":[{\"@type\":\"ReadAction\",\"target\":[\"https:\\\/\\\/quantongfastener.com\\\/product\\\/stainless-steel-stud-bolt\\\/\"]}]},{\"@type\":\"ImageObject\",\"inLanguage\":\"es\",\"@id\":\"https:\\\/\\\/quantongfastener.com\\\/product\\\/stainless-steel-stud-bolt\\\/#primaryimage\",\"url\":\"https:\\\/\\\/quantongfastener.com\\\/wp-content\\\/uploads\\\/2025\\\/08\\\/pc05-3.jpg\",\"contentUrl\":\"https:\\\/\\\/quantongfastener.com\\\/wp-content\\\/uploads\\\/2025\\\/08\\\/pc05-3.jpg\",\"width\":610,\"height\":610},{\"@type\":\"BreadcrumbList\",\"@id\":\"https:\\\/\\\/quantongfastener.com\\\/product\\\/stainless-steel-stud-bolt\\\/#breadcrumb\",\"itemListElement\":[{\"@type\":\"ListItem\",\"position\":1,\"name\":\"Home\",\"item\":\"https:\\\/\\\/quantongfastener.com\\\/\"},{\"@type\":\"ListItem\",\"position\":2,\"name\":\"Products\",\"item\":\"https:\\\/\\\/quantongfastener.com\\\/products\\\/\"},{\"@type\":\"ListItem\",\"position\":3,\"name\":\"Stainless steel Stud Bolt\"}]},{\"@type\":\"WebSite\",\"@id\":\"https:\\\/\\\/quantongfastener.com\\\/#website\",\"url\":\"https:\\\/\\\/quantongfastener.com\\\/\",\"name\":\"Quantong Fastener\",\"description\":\"\",\"publisher\":{\"@id\":\"https:\\\/\\\/quantongfastener.com\\\/#organization\"},\"potentialAction\":[{\"@type\":\"SearchAction\",\"target\":{\"@type\":\"EntryPoint\",\"urlTemplate\":\"https:\\\/\\\/quantongfastener.com\\\/?s={search_term_string}\"},\"query-input\":{\"@type\":\"PropertyValueSpecification\",\"valueRequired\":true,\"valueName\":\"search_term_string\"}}],\"inLanguage\":\"es\"},{\"@type\":\"Organization\",\"@id\":\"https:\\\/\\\/quantongfastener.com\\\/#organization\",\"name\":\"Quantong Fastener\",\"url\":\"https:\\\/\\\/quantongfastener.com\\\/\",\"logo\":{\"@type\":\"ImageObject\",\"inLanguage\":\"es\",\"@id\":\"https:\\\/\\\/quantongfastener.com\\\/#\\\/schema\\\/logo\\\/image\\\/\",\"url\":\"https:\\\/\\\/quantongfastener.com\\\/wp-content\\\/uploads\\\/2025\\\/07\\\/logo.jpg\",\"contentUrl\":\"https:\\\/\\\/quantongfastener.com\\\/wp-content\\\/uploads\\\/2025\\\/07\\\/logo.jpg\",\"width\":425,\"height\":424,\"caption\":\"Quantong Fastener\"},\"image\":{\"@id\":\"https:\\\/\\\/quantongfastener.com\\\/#\\\/schema\\\/logo\\\/image\\\/\"}}]}<\/script>\n<!-- \/ Yoast SEO plugin. -->","yoast_head_json":{"title":"Stainless steel Stud Bolt - Quantong Fastener","robots":{"index":"index","follow":"follow","max-snippet":"max-snippet:-1","max-image-preview":"max-image-preview:large","max-video-preview":"max-video-preview:-1"},"canonical":"https:\/\/quantongfastener.com\/es\/producto\/stainless-steel-stud-bolt\/","og_locale":"es_ES","og_type":"article","og_title":"Stainless steel Stud Bolt - Quantong Fastener","og_description":"Min.Order Quantity:1000PCS  PACKAGING:BAG\/BOX WITH PALLET  PORT:TIANJIN\/QINGDAO\/SHANGHAI\/NINGBO  DELIVERY:5-30DAYS ON QTY  PAYMENT:T\/T\/LC  Supply Ability:500 TON PER MONTH","og_url":"https:\/\/quantongfastener.com\/es\/producto\/stainless-steel-stud-bolt\/","og_site_name":"Quantong Fastener","article_modified_time":"2025-08-31T05:15:08+00:00","og_image":[{"width":610,"height":610,"url":"https:\/\/quantongfastener.com\/wp-content\/uploads\/2025\/08\/pc05-3.jpg","type":"image\/jpeg"}],"twitter_card":"summary_large_image","twitter_misc":{"Tiempo de lectura":"5 minutos"},"schema":{"@context":"https:\/\/schema.org","@graph":[{"@type":"WebPage","@id":"https:\/\/quantongfastener.com\/product\/stainless-steel-stud-bolt\/","url":"https:\/\/quantongfastener.com\/product\/stainless-steel-stud-bolt\/","name":"Stainless steel Stud Bolt - Quantong Fastener","isPartOf":{"@id":"https:\/\/quantongfastener.com\/#website"},"primaryImageOfPage":{"@id":"https:\/\/quantongfastener.com\/product\/stainless-steel-stud-bolt\/#primaryimage"},"image":{"@id":"https:\/\/quantongfastener.com\/product\/stainless-steel-stud-bolt\/#primaryimage"},"thumbnailUrl":"https:\/\/quantongfastener.com\/wp-content\/uploads\/2025\/08\/pc05-3.jpg","datePublished":"2025-08-10T14:18:05+00:00","dateModified":"2025-08-31T05:15:08+00:00","breadcrumb":{"@id":"https:\/\/quantongfastener.com\/product\/stainless-steel-stud-bolt\/#breadcrumb"},"inLanguage":"es","potentialAction":[{"@type":"ReadAction","target":["https:\/\/quantongfastener.com\/product\/stainless-steel-stud-bolt\/"]}]},{"@type":"ImageObject","inLanguage":"es","@id":"https:\/\/quantongfastener.com\/product\/stainless-steel-stud-bolt\/#primaryimage","url":"https:\/\/quantongfastener.com\/wp-content\/uploads\/2025\/08\/pc05-3.jpg","contentUrl":"https:\/\/quantongfastener.com\/wp-content\/uploads\/2025\/08\/pc05-3.jpg","width":610,"height":610},{"@type":"BreadcrumbList","@id":"https:\/\/quantongfastener.com\/product\/stainless-steel-stud-bolt\/#breadcrumb","itemListElement":[{"@type":"ListItem","position":1,"name":"Home","item":"https:\/\/quantongfastener.com\/"},{"@type":"ListItem","position":2,"name":"Products","item":"https:\/\/quantongfastener.com\/products\/"},{"@type":"ListItem","position":3,"name":"Stainless steel Stud Bolt"}]},{"@type":"WebSite","@id":"https:\/\/quantongfastener.com\/#website","url":"https:\/\/quantongfastener.com\/","name":"Sujetador Quantong","description":"","publisher":{"@id":"https:\/\/quantongfastener.com\/#organization"},"potentialAction":[{"@type":"SearchAction","target":{"@type":"EntryPoint","urlTemplate":"https:\/\/quantongfastener.com\/?s={search_term_string}"},"query-input":{"@type":"PropertyValueSpecification","valueRequired":true,"valueName":"search_term_string"}}],"inLanguage":"es"},{"@type":"Organization","@id":"https:\/\/quantongfastener.com\/#organization","name":"Sujetador Quantong","url":"https:\/\/quantongfastener.com\/","logo":{"@type":"ImageObject","inLanguage":"es","@id":"https:\/\/quantongfastener.com\/#\/schema\/logo\/image\/","url":"https:\/\/quantongfastener.com\/wp-content\/uploads\/2025\/07\/logo.jpg","contentUrl":"https:\/\/quantongfastener.com\/wp-content\/uploads\/2025\/07\/logo.jpg","width":425,"height":424,"caption":"Quantong Fastener"},"image":{"@id":"https:\/\/quantongfastener.com\/#\/schema\/logo\/image\/"}}]}},"_links":{"self":[{"href":"https:\/\/quantongfastener.com\/es\/wp-json\/wp\/v2\/product\/2754","targetHints":{"allow":["GET"]}}],"collection":[{"href":"https:\/\/quantongfastener.com\/es\/wp-json\/wp\/v2\/product"}],"about":[{"href":"https:\/\/quantongfastener.com\/es\/wp-json\/wp\/v2\/types\/product"}],"wp:featuredmedia":[{"embeddable":true,"href":"https:\/\/quantongfastener.com\/es\/wp-json\/wp\/v2\/media\/2759"}],"wp:attachment":[{"href":"https:\/\/quantongfastener.com\/es\/wp-json\/wp\/v2\/media?parent=2754"}],"wp:term":[{"taxonomy":"product_brand","embeddable":true,"href":"https:\/\/quantongfastener.com\/es\/wp-json\/wp\/v2\/product_brand?post=2754"},{"taxonomy":"product_cat","embeddable":true,"href":"https:\/\/quantongfastener.com\/es\/wp-json\/wp\/v2\/product_cat?post=2754"},{"taxonomy":"product_tag","embeddable":true,"href":"https:\/\/quantongfastener.com\/es\/wp-json\/wp\/v2\/product_tag?post=2754"}],"curies":[{"name":"wp","href":"https:\/\/api.w.org\/{rel}","templated":true}]}}