{"id":2603,"date":"2025-08-10T01:49:33","date_gmt":"2025-08-10T01:49:33","guid":{"rendered":"https:\/\/quantongfastener.com\/?post_type=product&#038;p=2603"},"modified":"2025-08-10T13:14:21","modified_gmt":"2025-08-10T13:14:21","slug":"truss-head-self-drilling-screws","status":"publish","type":"product","link":"https:\/\/quantongfastener.com\/es\/producto\/truss-head-self-drilling-screws\/","title":{"rendered":"Tornillos autoperforantes con cabeza de cercha"},"content":{"rendered":"<div class=\"fl-row fl-row-full-width fl-row-bg-none fl-node-603ef1c1454d7\" data-node=\"603ef1c1454d7\">\n<div class=\"fl-row-content-wrap\">\n<div class=\"fl-row-content fl-row-full-width fl-node-content\">\n<div class=\"fl-col-group fl-node-603ef1c145511\" data-node=\"603ef1c145511\">\n<div class=\"fl-col fl-node-603ef1c145549\" data-node=\"603ef1c145549\">\n<div class=\"fl-col-content fl-node-content\">\n<div class=\"fl-module fl-module-rich-text fl-node-603ef1c145580\" data-node=\"603ef1c145580\" data-animation-delay=\"0.0\">\n<div class=\"fl-module-content fl-node-content\">\n<div class=\"fl-rich-text\">\n<div class=\"table_wrap\">\n<table border=\"1\" cellspacing=\"0\" cellpadding=\"0\">\n<tbody>\n<tr>\n<td valign=\"top\" width=\"162\">Nombre del producto<\/td>\n<td valign=\"top\" width=\"407\">Tornillos autoperforantes con cabeza de cercha<\/td>\n<\/tr>\n<tr>\n<td valign=\"top\" width=\"162\">Talla<\/td>\n<td valign=\"top\" width=\"407\">3.5mm\/4.2mm\/4.8mm\/5.5mm<\/td>\n<\/tr>\n<tr>\n<td valign=\"top\" width=\"162\">Longitud<\/td>\n<td valign=\"top\" width=\"407\">13mm\/16mm\/19mm\/25mm\/32mm\/38mm\/50mm\/75mm<\/td>\n<\/tr>\n<tr>\n<td valign=\"top\" width=\"162\">Grado<\/td>\n<td valign=\"top\" width=\"407\">8.8\/ A2-70\/ A4-70<\/td>\n<\/tr>\n<tr>\n<td valign=\"top\" width=\"162\">Material<\/td>\n<td valign=\"top\" width=\"407\">Acero\/SWCH22A,C1022A,\/acero inoxidable<\/td>\n<\/tr>\n<tr>\n<td valign=\"top\" width=\"162\">Tratamiento de superficies<\/td>\n<td valign=\"top\" width=\"407\">Zinc\/YZinc\/Plata<\/td>\n<\/tr>\n<tr>\n<td valign=\"top\" width=\"162\">Est\u00e1ndar<\/td>\n<td valign=\"top\" width=\"407\">DIN\/ISO\/UINZ<\/td>\n<\/tr>\n<tr>\n<td valign=\"top\" width=\"162\">Certificado<\/td>\n<td valign=\"top\" width=\"407\">ISO 9001<\/td>\n<\/tr>\n<tr>\n<td valign=\"top\" width=\"162\">Muestra<\/td>\n<td valign=\"top\" width=\"407\">Muestras gratuitas<\/td>\n<\/tr>\n<tr>\n<td valign=\"top\" width=\"162\">Utilizaci\u00f3n<\/td>\n<td valign=\"top\" width=\"407\">Edificio<\/td>\n<\/tr>\n<\/tbody>\n<\/table>\n<\/div>\n<\/div>\n<\/div>\n<\/div>\n<\/div>\n<\/div>\n<\/div>\n<\/div>\n<\/div>\n<\/div>\n<div class=\"fl-row fl-row-full-width fl-row-bg-none fl-node-603ef1c1457c6\" data-node=\"603ef1c1457c6\">\n<div class=\"fl-row-content-wrap\">\n<div class=\"fl-row-content fl-row-full-width fl-node-content\">\n<div class=\"fl-col-group fl-node-603ef1c1457fd\" data-node=\"603ef1c1457fd\">\n<div class=\"fl-col fl-node-603ef1c145835\" data-node=\"603ef1c145835\">\n<div class=\"fl-col-content fl-node-content\">\n<div class=\"fl-module fl-module-rich-text fl-node-603ef1c14586c\" data-node=\"603ef1c14586c\" data-animation-delay=\"0.0\">\n<div class=\"fl-module-content fl-node-content\">\n<div class=\"fl-rich-text\">\n<p><strong>Par\u00e1metros del producto:<\/strong><\/p>\n<\/div>\n<\/div>\n<\/div>\n<\/div>\n<\/div>\n<\/div>\n<\/div>\n<\/div>\n<\/div>\n<div class=\"fl-row fl-row-fixed-width fl-row-bg-none fl-node-603ef1c145e83\" data-node=\"603ef1c145e83\">\n<div class=\"fl-row-content-wrap\">\n<div class=\"fl-row-content fl-row-fixed-width fl-node-content\">\n<div class=\"fl-col-group fl-node-603ef1c145eba\" data-node=\"603ef1c145eba\">\n<div class=\"fl-col fl-node-603ef1c145ef2\" data-node=\"603ef1c145ef2\">\n<div class=\"fl-col-content fl-node-content\">\n<div class=\"fl-module fl-module-rich-text fl-node-603ef1c145f29\" data-node=\"603ef1c145f29\" data-animation-delay=\"0.0\">\n<div class=\"fl-module-content fl-node-content\">\n<div class=\"fl-rich-text\">\n<p><img decoding=\"async\" class=\"size-medium wp-image-5424 aligncenter\" src=\"https:\/\/www.cyfastener.com\/uploads\/image0058.jpg\" alt=\"image005\" \/><img decoding=\"async\" class=\"size-medium wp-image-5425 aligncenter\" src=\"https:\/\/www.cyfastener.com\/uploads\/image0068.jpg\" alt=\"image006\" \/><\/p>\n<\/div>\n<\/div>\n<\/div>\n<\/div>\n<\/div>\n<\/div>\n<div class=\"fl-col-group fl-node-603ef1c145f60\" data-node=\"603ef1c145f60\">\n<div class=\"fl-col fl-node-603ef1c145f98 fl-col-small\" data-node=\"603ef1c145f98\">\n<div class=\"fl-col-content fl-node-content\">\n<div class=\"fl-module fl-module-photo fl-node-603ef1c14611a\" data-node=\"603ef1c14611a\" data-animation-delay=\"0.0\">\n<div class=\"fl-module-content fl-node-content\">\n<div class=\"fl-photo fl-photo-align-center\">\n<div class=\"fl-photo-content fl-photo-img-jpg\"><img decoding=\"async\" class=\"fl-photo-img wp-image-5426\" src=\"https:\/\/www.cyfastener.com\/uploads\/image0078.jpg\" alt=\"image007\" \/><\/div>\n<\/div>\n<\/div>\n<\/div>\n<\/div>\n<\/div>\n<div class=\"fl-col fl-node-603ef1c145fcf fl-col-small\" data-node=\"603ef1c145fcf\">\n<div class=\"fl-col-content fl-node-content\">\n<div class=\"fl-module fl-module-photo fl-node-603ef1c146151\" data-node=\"603ef1c146151\" data-animation-delay=\"0.0\">\n<div class=\"fl-module-content fl-node-content\">\n<div class=\"fl-photo fl-photo-align-center\">\n<div class=\"fl-photo-content fl-photo-img-jpg\"><img decoding=\"async\" class=\"fl-photo-img wp-image-5427\" src=\"https:\/\/www.cyfastener.com\/uploads\/image0087.jpg\" alt=\"image008\" \/><\/div>\n<\/div>\n<\/div>\n<\/div>\n<\/div>\n<\/div>\n<div class=\"fl-col fl-node-603ef1c146006 fl-col-small\" data-node=\"603ef1c146006\">\n<div class=\"fl-col-content fl-node-content\">\n<div class=\"fl-module fl-module-photo fl-node-603ef1c146189\" data-node=\"603ef1c146189\" data-animation-delay=\"0.0\">\n<div class=\"fl-module-content fl-node-content\">\n<div class=\"fl-photo fl-photo-align-center\">\n<div class=\"fl-photo-content fl-photo-img-jpg\"><img decoding=\"async\" class=\"fl-photo-img wp-image-5428\" src=\"https:\/\/www.cyfastener.com\/uploads\/image0097.jpg\" alt=\"image009\" \/><\/div>\n<\/div>\n<\/div>\n<\/div>\n<\/div>\n<\/div>\n<\/div>\n<div class=\"fl-col-group fl-node-603ef1c14603d\" data-node=\"603ef1c14603d\">\n<div class=\"fl-col fl-node-603ef1c146075 fl-col-small\" data-node=\"603ef1c146075\">\n<div class=\"fl-col-content fl-node-content\">\n<div class=\"fl-module fl-module-photo fl-node-603ef1c1461c0\" data-node=\"603ef1c1461c0\" data-animation-delay=\"0.0\">\n<div class=\"fl-module-content fl-node-content\">\n<div class=\"fl-photo fl-photo-align-center\">\n<div class=\"fl-photo-content fl-photo-img-jpg\"><img decoding=\"async\" class=\"fl-photo-img wp-image-5429\" src=\"https:\/\/www.cyfastener.com\/uploads\/image0107.jpg\" alt=\"image010\" \/><\/div>\n<\/div>\n<\/div>\n<\/div>\n<\/div>\n<\/div>\n<div class=\"fl-col fl-node-603ef1c1460ac fl-col-small\" data-node=\"603ef1c1460ac\">\n<div class=\"fl-col-content fl-node-content\">\n<div class=\"fl-module fl-module-photo fl-node-603ef1c1461f7\" data-node=\"603ef1c1461f7\" data-animation-delay=\"0.0\">\n<div class=\"fl-module-content fl-node-content\">\n<div class=\"fl-photo fl-photo-align-center\">\n<div class=\"fl-photo-content fl-photo-img-jpg\"><img decoding=\"async\" class=\"fl-photo-img wp-image-5430\" src=\"https:\/\/www.cyfastener.com\/uploads\/image0116.jpg\" alt=\"image011\" \/><\/div>\n<\/div>\n<\/div>\n<\/div>\n<\/div>\n<\/div>\n<div class=\"fl-col fl-node-603ef1c1460e3 fl-col-small\" data-node=\"603ef1c1460e3\">\n<div class=\"fl-col-content fl-node-content\">\n<div class=\"fl-module fl-module-photo fl-node-603ef1c14622e\" data-node=\"603ef1c14622e\" data-animation-delay=\"0.0\">\n<div class=\"fl-module-content fl-node-content\">\n<div class=\"fl-photo fl-photo-align-center\">\n<div class=\"fl-photo-content fl-photo-img-jpg\"><img decoding=\"async\" class=\"fl-photo-img wp-image-5431\" src=\"https:\/\/www.cyfastener.com\/uploads\/image0121.jpg\" alt=\"image012\" \/><\/div>\n<\/div>\n<\/div>\n<\/div>\n<\/div>\n<\/div>\n<\/div>\n<\/div>\n<\/div>\n<\/div>\n<div class=\"fl-row fl-row-full-width fl-row-bg-none fl-node-603ef1c145daa\" data-node=\"603ef1c145daa\">\n<div class=\"fl-row-content-wrap\">\n<div class=\"fl-row-content fl-row-full-width fl-node-content\">\n<div class=\"fl-col-group fl-node-603ef1c145de2\" data-node=\"603ef1c145de2\">\n<div class=\"fl-col fl-node-603ef1c145e19\" data-node=\"603ef1c145e19\">\n<div class=\"fl-col-content fl-node-content\">\n<div class=\"fl-module fl-module-rich-text fl-node-603ef1c145e50\" data-node=\"603ef1c145e50\" data-animation-delay=\"0.0\">\n<div class=\"fl-module-content fl-node-content\">\n<div class=\"fl-rich-text\">\n<p><strong>Ventajas del producto:<\/strong><\/p>\n<\/div>\n<\/div>\n<\/div>\n<\/div>\n<\/div>\n<\/div>\n<\/div>\n<\/div>\n<\/div>\n<div class=\"fl-row fl-row-full-width fl-row-bg-none fl-node-603ef1c145b4a\" data-node=\"603ef1c145b4a\">\n<div class=\"fl-row-content-wrap\">\n<div class=\"fl-row-content fl-row-full-width fl-node-content\">\n<div class=\"fl-col-group fl-node-603ef1c145b81\" data-node=\"603ef1c145b81\">\n<div class=\"fl-col fl-node-603ef1c145bb9\" data-node=\"603ef1c145bb9\">\n<div class=\"fl-col-content fl-node-content\">\n<div class=\"fl-module fl-module-rich-text fl-node-603ef1c1455b7\" data-node=\"603ef1c1455b7\" data-animation-delay=\"0.0\">\n<div class=\"fl-module-content fl-node-content\">\n<div class=\"fl-rich-text\">\n<p>Proceso especial y ventajas caracter\u00edsticas:<br \/>\n1. Superficie galvanizada , alto brillo, fuerte resistencia a la corrosi\u00f3n.<br \/>\n2. Tratamiento de revenido de carburaci\u00f3n, alta dureza superficial.<br \/>\n3. Tecnolog\u00eda avanzada, alto rendimiento de bloqueo.<\/p>\n<\/div>\n<\/div>\n<\/div>\n<\/div>\n<\/div>\n<\/div>\n<\/div>\n<\/div>\n<\/div>\n<div class=\"fl-row fl-row-full-width fl-row-bg-none fl-node-603ef1c145bf0\" data-node=\"603ef1c145bf0\">\n<div class=\"fl-row-content-wrap\">\n<div class=\"fl-row-content fl-row-full-width fl-node-content\">\n<div class=\"fl-col-group fl-node-603ef1c145c28\" data-node=\"603ef1c145c28\">\n<div class=\"fl-col fl-node-603ef1c145c5f\" data-node=\"603ef1c145c5f\">\n<div class=\"fl-col-content fl-node-content\">\n<div class=\"fl-module fl-module-rich-text fl-node-603ef1c145c96\" data-node=\"603ef1c145c96\" data-animation-delay=\"0.0\">\n<div class=\"fl-module-content fl-node-content\">\n<div class=\"fl-rich-text\">\n<p><strong>Tratamiento de la superficie:<\/strong><\/p>\n<\/div>\n<\/div>\n<\/div>\n<\/div>\n<\/div>\n<\/div>\n<\/div>\n<\/div>\n<\/div>\n<div class=\"fl-row fl-row-full-width fl-row-bg-none fl-node-603ef1c145ccd\" data-node=\"603ef1c145ccd\">\n<div class=\"fl-row-content-wrap\">\n<div class=\"fl-row-content fl-row-full-width fl-node-content\">\n<div class=\"fl-col-group fl-node-603ef1c145d05\" data-node=\"603ef1c145d05\">\n<div class=\"fl-col fl-node-603ef1c145d3c\" data-node=\"603ef1c145d3c\">\n<div class=\"fl-col-content fl-node-content\">\n<div class=\"fl-module fl-module-rich-text fl-node-603ef1c145d73\" data-node=\"603ef1c145d73\" data-animation-delay=\"0.0\">\n<div class=\"fl-module-content fl-node-content\">\n<div class=\"fl-rich-text\">\n<ol>\n<li><strong>\u00a0YZINC\/ZINC<\/strong><\/li>\n<\/ol>\n<p>\u2606 El electrogalvanizado es una tecnolog\u00eda tradicional de tratamiento de revestimientos met\u00e1licos que proporciona una resistencia b\u00e1sica a la corrosi\u00f3n a las superficies met\u00e1licas. Sus principales ventajas son una buena soldabilidad y una resistencia de contacto adecuada. Debido a sus buenas propiedades de lubricaci\u00f3n, el cadmiado se utiliza habitualmente en la aviaci\u00f3n, la industria aeroespacial, la marina y los productos de radio y electr\u00f3nica. La capa de chapado protege el sustrato de acero tanto mec\u00e1nica como qu\u00edmicamente, por lo que su resistencia a la corrosi\u00f3n es mucho mejor que la del chapado de zinc.<\/p>\n<\/div>\n<\/div>\n<\/div>\n<\/div>\n<\/div>\n<\/div>\n<\/div>\n<\/div>\n<\/div>\n<div class=\"fl-row fl-row-full-width fl-row-bg-none fl-node-603ef1c1458a3\" data-node=\"603ef1c1458a3\">\n<div class=\"fl-row-content-wrap\">\n<div class=\"fl-row-content fl-row-full-width fl-node-content\">\n<div class=\"fl-col-group fl-node-603ef1c1458db\" data-node=\"603ef1c1458db\">\n<div class=\"fl-col fl-node-603ef1c145912\" data-node=\"603ef1c145912\">\n<div class=\"fl-col-content fl-node-content\">\n<div class=\"fl-module fl-module-rich-text fl-node-603ef1c145949\" data-node=\"603ef1c145949\" data-animation-delay=\"0.0\">\n<div class=\"fl-module-content fl-node-content\">\n<div class=\"fl-rich-text\">\n<p><strong>Nuestro paquete:<\/strong><\/p>\n<\/div>\n<\/div>\n<\/div>\n<\/div>\n<\/div>\n<\/div>\n<\/div>\n<\/div>\n<\/div>\n<div class=\"fl-row fl-row-full-width fl-row-bg-none fl-node-603ef1c146345\" data-node=\"603ef1c146345\">\n<div class=\"fl-row-content-wrap\">\n<div class=\"fl-row-content fl-row-full-width fl-node-content\">\n<div class=\"fl-col-group fl-node-603ef1c14637c\" data-node=\"603ef1c14637c\">\n<div class=\"fl-col fl-node-603ef1c1463b3\" data-node=\"603ef1c1463b3\">\n<div class=\"fl-col-content fl-node-content\">\n<div class=\"fl-module fl-module-rich-text fl-node-603ef1c1463eb\" data-node=\"603ef1c1463eb\" data-animation-delay=\"0.0\">\n<div class=\"fl-module-content fl-node-content\">\n<div class=\"fl-rich-text\">\n<p>1. Sacos de 25 kg o de 50 kg.<\/p>\n<p>2. bolsas con palet.<\/p>\n<p>3. Cajas de cart\u00f3n de 25 kg o cajas de cart\u00f3n con pal\u00e9.<\/p>\n<p>4. Embalaje a petici\u00f3n del cliente<\/p>\n<\/div>\n<\/div>\n<\/div>\n<\/div>\n<\/div>\n<\/div>\n<\/div>\n<\/div>\n<\/div>","protected":false},"excerpt":{"rendered":"<p>PRECIO EXW : COMO USTED PIDA<\/p>\n<p><em>Pedido M\u00ednimo<\/em>:2TONS<\/p>\n<p>EMBALAJE:BOLSA\/CAJA CON PALET<\/p>\n<p>PUERTO:TIANJIN\/QINGDAO\/SHANGHAI\/NINGBO<\/p>\n<p>ENTREGA:5-30DAYS ON QTY<\/p>\n<p>PAGO:T\/T\/LC<\/p>\n<p><em>Capacidad de suministro<\/em><em>:500 TONELADAS AL MES<\/em><\/p>\n<p>&nbsp;<\/p>\n<ul>\n<li><em>Precio FOB:<\/em>US $0.5 - 9,999 \/ Pieza<\/li>\n<li><em>Cantidad m\u00ednima de pedido:<\/em>100 unidades\/piezas<\/li>\n<li><em>Capacidad de suministro:<\/em>10000 Piezas\/Pieza por Mes<\/li>\n<\/ul>","protected":false},"featured_media":2635,"template":"","meta":{"_kad_post_transparent":"default","_kad_post_title":"","_kad_post_layout":"default","_kad_post_sidebar_id":"","_kad_post_content_style":"default","_kad_post_vertical_padding":"default","_kad_post_feature":"","_kad_post_feature_position":"","_kad_post_header":false,"_kad_post_footer":false},"product_brand":[],"product_cat":[30],"product_tag":[],"class_list":{"0":"post-2603","1":"product","2":"type-product","3":"status-publish","4":"has-post-thumbnail","6":"product_cat-screw","8":"first","9":"instock","10":"shipping-taxable","11":"product-type-simple","12":"entry","13":"content-bg","14":"loop-entry"},"yoast_head":"<!-- This site is optimized with the Yoast SEO plugin v27.4 - https:\/\/yoast.com\/product\/yoast-seo-wordpress\/ -->\n<title>Truss head self drilling screws - Quantong Fastener<\/title>\n<meta name=\"robots\" content=\"index, follow, max-snippet:-1, max-image-preview:large, max-video-preview:-1\" \/>\n<link rel=\"canonical\" href=\"https:\/\/quantongfastener.com\/es\/producto\/truss-head-self-drilling-screws\/\" \/>\n<meta property=\"og:locale\" content=\"es_ES\" \/>\n<meta property=\"og:type\" content=\"article\" \/>\n<meta property=\"og:title\" content=\"Truss head self drilling screws - Quantong Fastener\" \/>\n<meta property=\"og:description\" content=\"EXW PRICE : AS YOU ASK  Min.Order Quantity:2TONS  PACKAGING:BAG\/BOX WITH PALLET  PORT:TIANJIN\/QINGDAO\/SHANGHAI\/NINGBO  DELIVERY:5-30DAYS ON QTY  PAYMENT:T\/T\/LC  Supply Ability:500 TON PER MONTH  &nbsp;   FOB Price:US $0.5 - 9,999 \/ Piece  Min.Order Quantity:100 Piece\/Pieces  Supply Ability:10000 Piece\/Pieces per Month\" \/>\n<meta property=\"og:url\" content=\"https:\/\/quantongfastener.com\/es\/producto\/truss-head-self-drilling-screws\/\" \/>\n<meta property=\"og:site_name\" content=\"Quantong Fastener\" \/>\n<meta property=\"article:modified_time\" content=\"2025-08-10T13:14:21+00:00\" \/>\n<meta property=\"og:image\" content=\"https:\/\/quantongfastener.com\/wp-content\/uploads\/2025\/08\/3e0c597289bc5ff52b33059a6ad0179e.jpg\" \/>\n\t<meta property=\"og:image:width\" content=\"554\" \/>\n\t<meta property=\"og:image:height\" content=\"554\" \/>\n\t<meta property=\"og:image:type\" content=\"image\/jpeg\" \/>\n<meta name=\"twitter:card\" content=\"summary_large_image\" \/>\n<meta name=\"twitter:label1\" content=\"Tiempo de lectura\" \/>\n\t<meta name=\"twitter:data1\" content=\"3 minutos\" \/>\n<script type=\"application\/ld+json\" class=\"yoast-schema-graph\">{\"@context\":\"https:\\\/\\\/schema.org\",\"@graph\":[{\"@type\":\"WebPage\",\"@id\":\"https:\\\/\\\/quantongfastener.com\\\/product\\\/truss-head-self-drilling-screws\\\/\",\"url\":\"https:\\\/\\\/quantongfastener.com\\\/product\\\/truss-head-self-drilling-screws\\\/\",\"name\":\"Truss head self drilling screws - Quantong Fastener\",\"isPartOf\":{\"@id\":\"https:\\\/\\\/quantongfastener.com\\\/#website\"},\"primaryImageOfPage\":{\"@id\":\"https:\\\/\\\/quantongfastener.com\\\/product\\\/truss-head-self-drilling-screws\\\/#primaryimage\"},\"image\":{\"@id\":\"https:\\\/\\\/quantongfastener.com\\\/product\\\/truss-head-self-drilling-screws\\\/#primaryimage\"},\"thumbnailUrl\":\"https:\\\/\\\/quantongfastener.com\\\/wp-content\\\/uploads\\\/2025\\\/08\\\/3e0c597289bc5ff52b33059a6ad0179e.jpg\",\"datePublished\":\"2025-08-10T01:49:33+00:00\",\"dateModified\":\"2025-08-10T13:14:21+00:00\",\"breadcrumb\":{\"@id\":\"https:\\\/\\\/quantongfastener.com\\\/product\\\/truss-head-self-drilling-screws\\\/#breadcrumb\"},\"inLanguage\":\"es\",\"potentialAction\":[{\"@type\":\"ReadAction\",\"target\":[\"https:\\\/\\\/quantongfastener.com\\\/product\\\/truss-head-self-drilling-screws\\\/\"]}]},{\"@type\":\"ImageObject\",\"inLanguage\":\"es\",\"@id\":\"https:\\\/\\\/quantongfastener.com\\\/product\\\/truss-head-self-drilling-screws\\\/#primaryimage\",\"url\":\"https:\\\/\\\/quantongfastener.com\\\/wp-content\\\/uploads\\\/2025\\\/08\\\/3e0c597289bc5ff52b33059a6ad0179e.jpg\",\"contentUrl\":\"https:\\\/\\\/quantongfastener.com\\\/wp-content\\\/uploads\\\/2025\\\/08\\\/3e0c597289bc5ff52b33059a6ad0179e.jpg\",\"width\":554,\"height\":554},{\"@type\":\"BreadcrumbList\",\"@id\":\"https:\\\/\\\/quantongfastener.com\\\/product\\\/truss-head-self-drilling-screws\\\/#breadcrumb\",\"itemListElement\":[{\"@type\":\"ListItem\",\"position\":1,\"name\":\"Home\",\"item\":\"https:\\\/\\\/quantongfastener.com\\\/\"},{\"@type\":\"ListItem\",\"position\":2,\"name\":\"Products\",\"item\":\"https:\\\/\\\/quantongfastener.com\\\/products\\\/\"},{\"@type\":\"ListItem\",\"position\":3,\"name\":\"Truss head self drilling screws\"}]},{\"@type\":\"WebSite\",\"@id\":\"https:\\\/\\\/quantongfastener.com\\\/#website\",\"url\":\"https:\\\/\\\/quantongfastener.com\\\/\",\"name\":\"Quantong Fastener\",\"description\":\"\",\"publisher\":{\"@id\":\"https:\\\/\\\/quantongfastener.com\\\/#organization\"},\"potentialAction\":[{\"@type\":\"SearchAction\",\"target\":{\"@type\":\"EntryPoint\",\"urlTemplate\":\"https:\\\/\\\/quantongfastener.com\\\/?s={search_term_string}\"},\"query-input\":{\"@type\":\"PropertyValueSpecification\",\"valueRequired\":true,\"valueName\":\"search_term_string\"}}],\"inLanguage\":\"es\"},{\"@type\":\"Organization\",\"@id\":\"https:\\\/\\\/quantongfastener.com\\\/#organization\",\"name\":\"Quantong Fastener\",\"url\":\"https:\\\/\\\/quantongfastener.com\\\/\",\"logo\":{\"@type\":\"ImageObject\",\"inLanguage\":\"es\",\"@id\":\"https:\\\/\\\/quantongfastener.com\\\/#\\\/schema\\\/logo\\\/image\\\/\",\"url\":\"https:\\\/\\\/quantongfastener.com\\\/wp-content\\\/uploads\\\/2025\\\/07\\\/logo.jpg\",\"contentUrl\":\"https:\\\/\\\/quantongfastener.com\\\/wp-content\\\/uploads\\\/2025\\\/07\\\/logo.jpg\",\"width\":425,\"height\":424,\"caption\":\"Quantong Fastener\"},\"image\":{\"@id\":\"https:\\\/\\\/quantongfastener.com\\\/#\\\/schema\\\/logo\\\/image\\\/\"}}]}<\/script>\n<!-- \/ Yoast SEO plugin. -->","yoast_head_json":{"title":"Truss head self drilling screws - Quantong Fastener","robots":{"index":"index","follow":"follow","max-snippet":"max-snippet:-1","max-image-preview":"max-image-preview:large","max-video-preview":"max-video-preview:-1"},"canonical":"https:\/\/quantongfastener.com\/es\/producto\/truss-head-self-drilling-screws\/","og_locale":"es_ES","og_type":"article","og_title":"Truss head self drilling screws - Quantong Fastener","og_description":"EXW PRICE : AS YOU ASK  Min.Order Quantity:2TONS  PACKAGING:BAG\/BOX WITH PALLET  PORT:TIANJIN\/QINGDAO\/SHANGHAI\/NINGBO  DELIVERY:5-30DAYS ON QTY  PAYMENT:T\/T\/LC  Supply Ability:500 TON PER MONTH  &nbsp;   FOB Price:US $0.5 - 9,999 \/ Piece  Min.Order Quantity:100 Piece\/Pieces  Supply Ability:10000 Piece\/Pieces per Month","og_url":"https:\/\/quantongfastener.com\/es\/producto\/truss-head-self-drilling-screws\/","og_site_name":"Quantong Fastener","article_modified_time":"2025-08-10T13:14:21+00:00","og_image":[{"width":554,"height":554,"url":"https:\/\/quantongfastener.com\/wp-content\/uploads\/2025\/08\/3e0c597289bc5ff52b33059a6ad0179e.jpg","type":"image\/jpeg"}],"twitter_card":"summary_large_image","twitter_misc":{"Tiempo de lectura":"3 minutos"},"schema":{"@context":"https:\/\/schema.org","@graph":[{"@type":"WebPage","@id":"https:\/\/quantongfastener.com\/product\/truss-head-self-drilling-screws\/","url":"https:\/\/quantongfastener.com\/product\/truss-head-self-drilling-screws\/","name":"Truss head self drilling screws - Quantong Fastener","isPartOf":{"@id":"https:\/\/quantongfastener.com\/#website"},"primaryImageOfPage":{"@id":"https:\/\/quantongfastener.com\/product\/truss-head-self-drilling-screws\/#primaryimage"},"image":{"@id":"https:\/\/quantongfastener.com\/product\/truss-head-self-drilling-screws\/#primaryimage"},"thumbnailUrl":"https:\/\/quantongfastener.com\/wp-content\/uploads\/2025\/08\/3e0c597289bc5ff52b33059a6ad0179e.jpg","datePublished":"2025-08-10T01:49:33+00:00","dateModified":"2025-08-10T13:14:21+00:00","breadcrumb":{"@id":"https:\/\/quantongfastener.com\/product\/truss-head-self-drilling-screws\/#breadcrumb"},"inLanguage":"es","potentialAction":[{"@type":"ReadAction","target":["https:\/\/quantongfastener.com\/product\/truss-head-self-drilling-screws\/"]}]},{"@type":"ImageObject","inLanguage":"es","@id":"https:\/\/quantongfastener.com\/product\/truss-head-self-drilling-screws\/#primaryimage","url":"https:\/\/quantongfastener.com\/wp-content\/uploads\/2025\/08\/3e0c597289bc5ff52b33059a6ad0179e.jpg","contentUrl":"https:\/\/quantongfastener.com\/wp-content\/uploads\/2025\/08\/3e0c597289bc5ff52b33059a6ad0179e.jpg","width":554,"height":554},{"@type":"BreadcrumbList","@id":"https:\/\/quantongfastener.com\/product\/truss-head-self-drilling-screws\/#breadcrumb","itemListElement":[{"@type":"ListItem","position":1,"name":"Home","item":"https:\/\/quantongfastener.com\/"},{"@type":"ListItem","position":2,"name":"Products","item":"https:\/\/quantongfastener.com\/products\/"},{"@type":"ListItem","position":3,"name":"Truss head self drilling screws"}]},{"@type":"WebSite","@id":"https:\/\/quantongfastener.com\/#website","url":"https:\/\/quantongfastener.com\/","name":"Sujetador Quantong","description":"","publisher":{"@id":"https:\/\/quantongfastener.com\/#organization"},"potentialAction":[{"@type":"SearchAction","target":{"@type":"EntryPoint","urlTemplate":"https:\/\/quantongfastener.com\/?s={search_term_string}"},"query-input":{"@type":"PropertyValueSpecification","valueRequired":true,"valueName":"search_term_string"}}],"inLanguage":"es"},{"@type":"Organization","@id":"https:\/\/quantongfastener.com\/#organization","name":"Sujetador Quantong","url":"https:\/\/quantongfastener.com\/","logo":{"@type":"ImageObject","inLanguage":"es","@id":"https:\/\/quantongfastener.com\/#\/schema\/logo\/image\/","url":"https:\/\/quantongfastener.com\/wp-content\/uploads\/2025\/07\/logo.jpg","contentUrl":"https:\/\/quantongfastener.com\/wp-content\/uploads\/2025\/07\/logo.jpg","width":425,"height":424,"caption":"Quantong Fastener"},"image":{"@id":"https:\/\/quantongfastener.com\/#\/schema\/logo\/image\/"}}]}},"_links":{"self":[{"href":"https:\/\/quantongfastener.com\/es\/wp-json\/wp\/v2\/product\/2603","targetHints":{"allow":["GET"]}}],"collection":[{"href":"https:\/\/quantongfastener.com\/es\/wp-json\/wp\/v2\/product"}],"about":[{"href":"https:\/\/quantongfastener.com\/es\/wp-json\/wp\/v2\/types\/product"}],"wp:featuredmedia":[{"embeddable":true,"href":"https:\/\/quantongfastener.com\/es\/wp-json\/wp\/v2\/media\/2635"}],"wp:attachment":[{"href":"https:\/\/quantongfastener.com\/es\/wp-json\/wp\/v2\/media?parent=2603"}],"wp:term":[{"taxonomy":"product_brand","embeddable":true,"href":"https:\/\/quantongfastener.com\/es\/wp-json\/wp\/v2\/product_brand?post=2603"},{"taxonomy":"product_cat","embeddable":true,"href":"https:\/\/quantongfastener.com\/es\/wp-json\/wp\/v2\/product_cat?post=2603"},{"taxonomy":"product_tag","embeddable":true,"href":"https:\/\/quantongfastener.com\/es\/wp-json\/wp\/v2\/product_tag?post=2603"}],"curies":[{"name":"wp","href":"https:\/\/api.w.org\/{rel}","templated":true}]}}