{"id":2575,"date":"2025-08-10T01:36:48","date_gmt":"2025-08-10T01:36:48","guid":{"rendered":"https:\/\/quantongfastener.com\/?post_type=product&#038;p=2575"},"modified":"2025-08-10T13:15:02","modified_gmt":"2025-08-10T13:15:02","slug":"2575","status":"publish","type":"product","link":"https:\/\/quantongfastener.com\/es\/producto\/2575\/","title":{"rendered":"tornillos autoperforantes de cabeza hexagonal con arandela el\u00e1stica de EPDM"},"content":{"rendered":"<div class=\"fl-row fl-row-full-width fl-row-bg-none fl-node-603eea486553d\" data-node=\"603eea486553d\">\n<div class=\"fl-row-content-wrap\">\n<div class=\"fl-row-content fl-row-full-width fl-node-content\">\n<div class=\"fl-col-group fl-node-603eea4865577\" data-node=\"603eea4865577\">\n<div class=\"fl-col fl-node-603eea48655af\" data-node=\"603eea48655af\">\n<div class=\"fl-col-content fl-node-content\">\n<div class=\"fl-module fl-module-rich-text fl-node-603eea48655e6\" data-node=\"603eea48655e6\" data-animation-delay=\"0.0\">\n<div class=\"fl-module-content fl-node-content\">\n<div class=\"fl-rich-text\">\n<div class=\"table_wrap\">\n<table border=\"1\" cellspacing=\"0\" cellpadding=\"0\">\n<tbody>\n<tr>\n<td valign=\"top\" width=\"162\">Nombre del producto<\/td>\n<td valign=\"top\" width=\"407\">tornillos autoperforantes de cabeza hexagonal con arandela el\u00e1stica de EPDM<\/td>\n<\/tr>\n<tr>\n<td valign=\"top\" width=\"162\">Talla<\/td>\n<td valign=\"top\" width=\"407\">#8(4,2mm) \/ #10(4,8mm) \/ #12(5,5mm) \/ #14(6,3mm)<\/td>\n<\/tr>\n<tr>\n<td valign=\"top\" width=\"162\">Longitud<\/td>\n<td valign=\"top\" width=\"407\">1\/2\"~8\" (13mm-200mm) o seg\u00fan se requiera<\/td>\n<\/tr>\n<tr>\n<td valign=\"top\" width=\"162\">Grado<\/td>\n<td valign=\"top\" width=\"407\">8.8\/ A2-70\/ A4-70<\/td>\n<\/tr>\n<tr>\n<td valign=\"top\" width=\"162\">Material<\/td>\n<td valign=\"top\" width=\"407\">Acero\/SWCH22A,C1022A,\/acero inoxidable<\/td>\n<\/tr>\n<tr>\n<td valign=\"top\" width=\"162\">Tratamiento de superficies<\/td>\n<td valign=\"top\" width=\"407\">Zinc\/YZinc\/Plata<\/td>\n<\/tr>\n<tr>\n<td valign=\"top\" width=\"162\">Est\u00e1ndar<\/td>\n<td valign=\"top\" width=\"407\">DIN\/ISO\/UINZ<\/td>\n<\/tr>\n<tr>\n<td valign=\"top\" width=\"162\">Certificado<\/td>\n<td valign=\"top\" width=\"407\">ISO 9001<\/td>\n<\/tr>\n<tr>\n<td valign=\"top\" width=\"162\">Muestra<\/td>\n<td valign=\"top\" width=\"407\">Muestras gratuitas<\/td>\n<\/tr>\n<tr>\n<td valign=\"top\" width=\"162\">Utilizaci\u00f3n<\/td>\n<td valign=\"top\" width=\"407\">Edificio<\/td>\n<\/tr>\n<\/tbody>\n<\/table>\n<\/div>\n<\/div>\n<\/div>\n<\/div>\n<\/div>\n<\/div>\n<\/div>\n<div class=\"fl-col-group fl-node-603eea48662c7\" data-node=\"603eea48662c7\">\n<div class=\"fl-col fl-node-603eea48662fe\" data-node=\"603eea48662fe\">\n<div class=\"fl-col-content fl-node-content\">\n<div class=\"fl-module fl-module-photo fl-node-603eea4866336\" data-node=\"603eea4866336\" data-animation-delay=\"0.0\">\n<div class=\"fl-module-content fl-node-content\">\n<div class=\"fl-photo fl-photo-align-center\">\n<div class=\"fl-photo-content fl-photo-img-jpg\"><img decoding=\"async\" class=\"fl-photo-img wp-image-5368\" src=\"https:\/\/www.cyfastener.com\/uploads\/image0056.jpg\" alt=\"image005\" \/><\/div>\n<\/div>\n<\/div>\n<\/div>\n<\/div>\n<\/div>\n<\/div>\n<\/div>\n<\/div>\n<\/div>\n<div class=\"fl-row fl-row-full-width fl-row-bg-none fl-node-603eea4865af8\" data-node=\"603eea4865af8\">\n<div class=\"fl-row-content-wrap\">\n<div class=\"fl-row-content fl-row-full-width fl-node-content\">\n<div class=\"fl-col-group fl-node-603eea4865b2f\" data-node=\"603eea4865b2f\">\n<div class=\"fl-col fl-node-603eea4865b66\" data-node=\"603eea4865b66\">\n<div class=\"fl-col-content fl-node-content\">\n<div class=\"fl-module fl-module-rich-text fl-node-603eea4865b9e\" data-node=\"603eea4865b9e\" data-animation-delay=\"0.0\">\n<div class=\"fl-module-content fl-node-content\">\n<div class=\"fl-rich-text\">\n<p><strong>Ventajas del producto:<\/strong><\/p>\n<\/div>\n<\/div>\n<\/div>\n<\/div>\n<\/div>\n<\/div>\n<div class=\"fl-col-group fl-node-603eea48664f1\" data-node=\"603eea48664f1\">\n<div class=\"fl-col fl-node-603eea4866528\" data-node=\"603eea4866528\">\n<div class=\"fl-col-content fl-node-content\">\n<div class=\"fl-module fl-module-rich-text fl-node-603eea486561e\" data-node=\"603eea486561e\" data-animation-delay=\"0.0\">\n<div class=\"fl-module-content fl-node-content\">\n<div class=\"fl-rich-text\">\n<p>Proceso especial y ventajas caracter\u00edsticas:<br \/>\n1. Superficie galvanizada , alto brillo, fuerte resistencia a la corrosi\u00f3n.<br \/>\n2. Tratamiento de revenido de carburaci\u00f3n, alta dureza superficial.<br \/>\n3. Tecnolog\u00eda avanzada, alto rendimiento de bloqueo.<\/p>\n<\/div>\n<\/div>\n<\/div>\n<\/div>\n<\/div>\n<\/div>\n<\/div>\n<\/div>\n<\/div>\n<div class=\"fl-row fl-row-full-width fl-row-bg-none fl-node-603eea486636e\" data-node=\"603eea486636e\">\n<div class=\"fl-row-content-wrap\">\n<div class=\"fl-row-content fl-row-full-width fl-node-content\">\n<div class=\"fl-col-group fl-node-603eea48663a5\" data-node=\"603eea48663a5\">\n<div class=\"fl-col fl-node-603eea48663dd\" data-node=\"603eea48663dd\">\n<div class=\"fl-col-content fl-node-content\">\n<div class=\"fl-module fl-module-rich-text fl-node-603eea4866414\" data-node=\"603eea4866414\" data-animation-delay=\"0.0\">\n<div class=\"fl-module-content fl-node-content\">\n<div class=\"fl-rich-text\">\n<p><strong>Tratamiento de la superficie:<\/strong><\/p>\n<\/div>\n<\/div>\n<\/div>\n<\/div>\n<\/div>\n<\/div>\n<div class=\"fl-col-group fl-node-603eea4866482\" data-node=\"603eea4866482\">\n<div class=\"fl-col fl-node-603eea48664ba\" data-node=\"603eea48664ba\">\n<div class=\"fl-col-content fl-node-content\">\n<div class=\"fl-module fl-module-rich-text fl-node-603eea486644b\" data-node=\"603eea486644b\" data-animation-delay=\"0.0\">\n<div class=\"fl-module-content fl-node-content\">\n<div class=\"fl-rich-text\">\n<ol>\n<li>\u00a0YZINC\/ZINC<\/li>\n<\/ol>\n<p>-El electrogalvanizado es una tecnolog\u00eda tradicional de tratamiento de revestimientos met\u00e1licos que proporciona una resistencia b\u00e1sica a la corrosi\u00f3n a las superficies met\u00e1licas. Sus principales ventajas son una buena soldabilidad y una resistencia de contacto adecuada. Debido a sus buenas propiedades de lubricaci\u00f3n, el cadmiado se utiliza habitualmente en la aviaci\u00f3n, la industria aeroespacial, la marina y los productos electr\u00f3nicos y de radio. La capa de chapado protege el sustrato de acero tanto mec\u00e1nica como qu\u00edmicamente, por lo que su resistencia a la corrosi\u00f3n es mucho mejor que la del chapado de zinc.<\/p>\n<\/div>\n<\/div>\n<\/div>\n<\/div>\n<\/div>\n<\/div>\n<\/div>\n<\/div>\n<\/div>\n<div class=\"fl-row fl-row-full-width fl-row-bg-none fl-node-603eea486655f\" data-node=\"603eea486655f\">\n<div class=\"fl-row-content-wrap\">\n<div class=\"fl-row-content fl-row-full-width fl-node-content\">\n<div class=\"fl-col-group fl-node-603eea4866597\" data-node=\"603eea4866597\">\n<div class=\"fl-col fl-node-603eea48665ce\" data-node=\"603eea48665ce\">\n<div class=\"fl-col-content fl-node-content\">\n<div class=\"fl-module fl-module-rich-text fl-node-603eea4866606\" data-node=\"603eea4866606\" data-animation-delay=\"0.0\">\n<div class=\"fl-module-content fl-node-content\">\n<div class=\"fl-rich-text\">\n<p><strong>Par\u00e1metros del producto:<\/strong><\/p>\n<\/div>\n<\/div>\n<\/div>\n<\/div>\n<\/div>\n<\/div>\n<div class=\"fl-col-group fl-node-603eea486663e\" data-node=\"603eea486663e\">\n<div class=\"fl-col fl-node-603eea4866675\" data-node=\"603eea4866675\">\n<div class=\"fl-col-content fl-node-content\">\n<div class=\"fl-module fl-module-rich-text fl-node-603eea48666ac\" data-node=\"603eea48666ac\" data-animation-delay=\"0.0\">\n<div class=\"fl-module-content fl-node-content\">\n<div class=\"fl-rich-text\">\n<p align=\"center\">NORMA DIN7504K<\/p>\n<p align=\"center\"><img decoding=\"async\" class=\"size-medium wp-image-5369 aligncenter\" src=\"https:\/\/www.cyfastener.com\/uploads\/image0066.jpg\" alt=\"image006\" \/><img decoding=\"async\" class=\"size-medium wp-image-5370 aligncenter\" src=\"https:\/\/www.cyfastener.com\/uploads\/image0076.jpg\" alt=\"image007\" \/><\/p>\n<\/div>\n<\/div>\n<\/div>\n<\/div>\n<\/div>\n<\/div>\n<\/div>\n<\/div>\n<\/div>\n<div class=\"fl-row fl-row-full-width fl-row-bg-none fl-node-603eea4865825\" data-node=\"603eea4865825\">\n<div class=\"fl-row-content-wrap\">\n<div class=\"fl-row-content fl-row-full-width fl-node-content\">\n<div class=\"fl-col-group fl-node-603eea486585c\" data-node=\"603eea486585c\">\n<div class=\"fl-col fl-node-603eea4865893\" data-node=\"603eea4865893\">\n<div class=\"fl-col-content fl-node-content\">\n<div class=\"fl-module fl-module-rich-text fl-node-603eea48658cb\" data-node=\"603eea48658cb\" data-animation-delay=\"0.0\">\n<div class=\"fl-module-content fl-node-content\">\n<div class=\"fl-rich-text\">\n<p><strong>Nuestro paquete:<\/strong><\/p>\n<\/div>\n<\/div>\n<\/div>\n<\/div>\n<\/div>\n<\/div>\n<\/div>\n<\/div>\n<\/div>\n<div class=\"fl-row fl-row-full-width fl-row-bg-none fl-node-603eea4865cb3\" data-node=\"603eea4865cb3\">\n<div class=\"fl-row-content-wrap\">\n<div class=\"fl-row-content fl-row-full-width fl-node-content\">\n<div class=\"fl-col-group fl-node-603eea4865cea\" data-node=\"603eea4865cea\">\n<div class=\"fl-col fl-node-603eea4865d21\" data-node=\"603eea4865d21\">\n<div class=\"fl-col-content fl-node-content\">\n<div class=\"fl-module fl-module-rich-text fl-node-603eea4865d59\" data-node=\"603eea4865d59\" data-animation-delay=\"0.0\">\n<div class=\"fl-module-content fl-node-content\">\n<div class=\"fl-rich-text\">\n<p>1. Sacos de 25 kg o de 50 kg.<\/p>\n<p>2. bolsas con palet.<\/p>\n<p>3. Cajas de cart\u00f3n de 25 kg o cajas de cart\u00f3n con pal\u00e9.<\/p>\n<p>4. Embalaje a petici\u00f3n del cliente<\/p>\n<\/div>\n<\/div>\n<\/div>\n<\/div>\n<\/div>\n<\/div>\n<\/div>\n<\/div>\n<\/div>","protected":false},"excerpt":{"rendered":"<p>PRECIO EXW : COMO USTED PIDA<\/p>\n<p><em>Pedido M\u00ednimo<\/em>:2TONS<\/p>\n<p>EMBALAJE:BOLSA\/CAJA CON PALET<\/p>\n<p>PUERTO:TIANJIN\/QINGDAO\/SHANGHAI\/NINGBO<\/p>\n<p>ENTREGA:5-30DAYS ON QTY<\/p>\n<p>PAGO:T\/T\/LC<\/p>\n<p><em>Capacidad de suministro<\/em><em>:500 TONELADAS AL MES<\/em><\/p>\n<p>&nbsp;<\/p>\n<ul>\n<li><em>Precio FOB:<\/em>US $0.5 - 9,999 \/ Pieza<\/li>\n<li><em>Cantidad m\u00ednima de pedido:<\/em>100 unidades\/piezas<\/li>\n<li><em>Capacidad de suministro:<\/em>10000 Piezas\/Pieza por Mes<\/li>\n<\/ul>","protected":false},"featured_media":2576,"template":"","meta":{"_kad_post_transparent":"default","_kad_post_title":"","_kad_post_layout":"default","_kad_post_sidebar_id":"","_kad_post_content_style":"default","_kad_post_vertical_padding":"default","_kad_post_feature":"","_kad_post_feature_position":"","_kad_post_header":false,"_kad_post_footer":false},"product_brand":[],"product_cat":[30],"product_tag":[],"class_list":{"0":"post-2575","1":"product","2":"type-product","3":"status-publish","4":"has-post-thumbnail","6":"product_cat-screw","8":"first","9":"instock","10":"shipping-taxable","11":"product-type-simple","12":"entry","13":"content-bg","14":"loop-entry"},"yoast_head":"<!-- This site is optimized with the Yoast SEO plugin v27.4 - https:\/\/yoast.com\/product\/yoast-seo-wordpress\/ -->\n<title>hex head self drilling screws with EPDM bonded washer - Quantong Fastener<\/title>\n<meta name=\"robots\" content=\"index, follow, max-snippet:-1, max-image-preview:large, max-video-preview:-1\" \/>\n<link rel=\"canonical\" href=\"https:\/\/quantongfastener.com\/es\/producto\/2575\/\" \/>\n<meta property=\"og:locale\" content=\"es_ES\" \/>\n<meta property=\"og:type\" content=\"article\" \/>\n<meta property=\"og:title\" content=\"hex head self drilling screws with EPDM bonded washer - Quantong Fastener\" \/>\n<meta property=\"og:description\" content=\"EXW PRICE : AS YOU ASK  Min.Order Quantity:2TONS  PACKAGING:BAG\/BOX WITH PALLET  PORT:TIANJIN\/QINGDAO\/SHANGHAI\/NINGBO  DELIVERY:5-30DAYS ON QTY  PAYMENT:T\/T\/LC  Supply Ability:500 TON PER MONTH  &nbsp;   FOB Price:US $0.5 - 9,999 \/ Piece  Min.Order Quantity:100 Piece\/Pieces  Supply Ability:10000 Piece\/Pieces per Month\" \/>\n<meta property=\"og:url\" content=\"https:\/\/quantongfastener.com\/es\/producto\/2575\/\" \/>\n<meta property=\"og:site_name\" content=\"Quantong Fastener\" \/>\n<meta property=\"article:modified_time\" content=\"2025-08-10T13:15:02+00:00\" \/>\n<meta property=\"og:image\" content=\"https:\/\/quantongfastener.com\/wp-content\/uploads\/2025\/08\/RAL-screw-self-drilling-screw-1.jpg\" \/>\n\t<meta property=\"og:image:width\" content=\"610\" \/>\n\t<meta property=\"og:image:height\" content=\"610\" \/>\n\t<meta property=\"og:image:type\" content=\"image\/jpeg\" \/>\n<meta name=\"twitter:card\" content=\"summary_large_image\" \/>\n<meta name=\"twitter:label1\" content=\"Tiempo de lectura\" \/>\n\t<meta name=\"twitter:data1\" content=\"2 minutos\" \/>\n<script type=\"application\/ld+json\" class=\"yoast-schema-graph\">{\"@context\":\"https:\\\/\\\/schema.org\",\"@graph\":[{\"@type\":\"WebPage\",\"@id\":\"https:\\\/\\\/quantongfastener.com\\\/product\\\/2575\\\/\",\"url\":\"https:\\\/\\\/quantongfastener.com\\\/product\\\/2575\\\/\",\"name\":\"hex head self drilling screws with EPDM bonded washer - Quantong Fastener\",\"isPartOf\":{\"@id\":\"https:\\\/\\\/quantongfastener.com\\\/#website\"},\"primaryImageOfPage\":{\"@id\":\"https:\\\/\\\/quantongfastener.com\\\/product\\\/2575\\\/#primaryimage\"},\"image\":{\"@id\":\"https:\\\/\\\/quantongfastener.com\\\/product\\\/2575\\\/#primaryimage\"},\"thumbnailUrl\":\"https:\\\/\\\/quantongfastener.com\\\/wp-content\\\/uploads\\\/2025\\\/08\\\/RAL-screw-self-drilling-screw-1.jpg\",\"datePublished\":\"2025-08-10T01:36:48+00:00\",\"dateModified\":\"2025-08-10T13:15:02+00:00\",\"breadcrumb\":{\"@id\":\"https:\\\/\\\/quantongfastener.com\\\/product\\\/2575\\\/#breadcrumb\"},\"inLanguage\":\"es\",\"potentialAction\":[{\"@type\":\"ReadAction\",\"target\":[\"https:\\\/\\\/quantongfastener.com\\\/product\\\/2575\\\/\"]}]},{\"@type\":\"ImageObject\",\"inLanguage\":\"es\",\"@id\":\"https:\\\/\\\/quantongfastener.com\\\/product\\\/2575\\\/#primaryimage\",\"url\":\"https:\\\/\\\/quantongfastener.com\\\/wp-content\\\/uploads\\\/2025\\\/08\\\/RAL-screw-self-drilling-screw-1.jpg\",\"contentUrl\":\"https:\\\/\\\/quantongfastener.com\\\/wp-content\\\/uploads\\\/2025\\\/08\\\/RAL-screw-self-drilling-screw-1.jpg\",\"width\":610,\"height\":610},{\"@type\":\"BreadcrumbList\",\"@id\":\"https:\\\/\\\/quantongfastener.com\\\/product\\\/2575\\\/#breadcrumb\",\"itemListElement\":[{\"@type\":\"ListItem\",\"position\":1,\"name\":\"Home\",\"item\":\"https:\\\/\\\/quantongfastener.com\\\/\"},{\"@type\":\"ListItem\",\"position\":2,\"name\":\"Products\",\"item\":\"https:\\\/\\\/quantongfastener.com\\\/products\\\/\"},{\"@type\":\"ListItem\",\"position\":3,\"name\":\"hex head self drilling screws with EPDM bonded washer\"}]},{\"@type\":\"WebSite\",\"@id\":\"https:\\\/\\\/quantongfastener.com\\\/#website\",\"url\":\"https:\\\/\\\/quantongfastener.com\\\/\",\"name\":\"Quantong Fastener\",\"description\":\"\",\"publisher\":{\"@id\":\"https:\\\/\\\/quantongfastener.com\\\/#organization\"},\"potentialAction\":[{\"@type\":\"SearchAction\",\"target\":{\"@type\":\"EntryPoint\",\"urlTemplate\":\"https:\\\/\\\/quantongfastener.com\\\/?s={search_term_string}\"},\"query-input\":{\"@type\":\"PropertyValueSpecification\",\"valueRequired\":true,\"valueName\":\"search_term_string\"}}],\"inLanguage\":\"es\"},{\"@type\":\"Organization\",\"@id\":\"https:\\\/\\\/quantongfastener.com\\\/#organization\",\"name\":\"Quantong Fastener\",\"url\":\"https:\\\/\\\/quantongfastener.com\\\/\",\"logo\":{\"@type\":\"ImageObject\",\"inLanguage\":\"es\",\"@id\":\"https:\\\/\\\/quantongfastener.com\\\/#\\\/schema\\\/logo\\\/image\\\/\",\"url\":\"https:\\\/\\\/quantongfastener.com\\\/wp-content\\\/uploads\\\/2025\\\/07\\\/logo.jpg\",\"contentUrl\":\"https:\\\/\\\/quantongfastener.com\\\/wp-content\\\/uploads\\\/2025\\\/07\\\/logo.jpg\",\"width\":425,\"height\":424,\"caption\":\"Quantong Fastener\"},\"image\":{\"@id\":\"https:\\\/\\\/quantongfastener.com\\\/#\\\/schema\\\/logo\\\/image\\\/\"}}]}<\/script>\n<!-- \/ Yoast SEO plugin. -->","yoast_head_json":{"title":"hex head self drilling screws with EPDM bonded washer - Quantong Fastener","robots":{"index":"index","follow":"follow","max-snippet":"max-snippet:-1","max-image-preview":"max-image-preview:large","max-video-preview":"max-video-preview:-1"},"canonical":"https:\/\/quantongfastener.com\/es\/producto\/2575\/","og_locale":"es_ES","og_type":"article","og_title":"hex head self drilling screws with EPDM bonded washer - Quantong Fastener","og_description":"EXW PRICE : AS YOU ASK  Min.Order Quantity:2TONS  PACKAGING:BAG\/BOX WITH PALLET  PORT:TIANJIN\/QINGDAO\/SHANGHAI\/NINGBO  DELIVERY:5-30DAYS ON QTY  PAYMENT:T\/T\/LC  Supply Ability:500 TON PER MONTH  &nbsp;   FOB Price:US $0.5 - 9,999 \/ Piece  Min.Order Quantity:100 Piece\/Pieces  Supply Ability:10000 Piece\/Pieces per Month","og_url":"https:\/\/quantongfastener.com\/es\/producto\/2575\/","og_site_name":"Quantong Fastener","article_modified_time":"2025-08-10T13:15:02+00:00","og_image":[{"width":610,"height":610,"url":"https:\/\/quantongfastener.com\/wp-content\/uploads\/2025\/08\/RAL-screw-self-drilling-screw-1.jpg","type":"image\/jpeg"}],"twitter_card":"summary_large_image","twitter_misc":{"Tiempo de lectura":"2 minutos"},"schema":{"@context":"https:\/\/schema.org","@graph":[{"@type":"WebPage","@id":"https:\/\/quantongfastener.com\/product\/2575\/","url":"https:\/\/quantongfastener.com\/product\/2575\/","name":"hex head self drilling screws with EPDM bonded washer - Quantong Fastener","isPartOf":{"@id":"https:\/\/quantongfastener.com\/#website"},"primaryImageOfPage":{"@id":"https:\/\/quantongfastener.com\/product\/2575\/#primaryimage"},"image":{"@id":"https:\/\/quantongfastener.com\/product\/2575\/#primaryimage"},"thumbnailUrl":"https:\/\/quantongfastener.com\/wp-content\/uploads\/2025\/08\/RAL-screw-self-drilling-screw-1.jpg","datePublished":"2025-08-10T01:36:48+00:00","dateModified":"2025-08-10T13:15:02+00:00","breadcrumb":{"@id":"https:\/\/quantongfastener.com\/product\/2575\/#breadcrumb"},"inLanguage":"es","potentialAction":[{"@type":"ReadAction","target":["https:\/\/quantongfastener.com\/product\/2575\/"]}]},{"@type":"ImageObject","inLanguage":"es","@id":"https:\/\/quantongfastener.com\/product\/2575\/#primaryimage","url":"https:\/\/quantongfastener.com\/wp-content\/uploads\/2025\/08\/RAL-screw-self-drilling-screw-1.jpg","contentUrl":"https:\/\/quantongfastener.com\/wp-content\/uploads\/2025\/08\/RAL-screw-self-drilling-screw-1.jpg","width":610,"height":610},{"@type":"BreadcrumbList","@id":"https:\/\/quantongfastener.com\/product\/2575\/#breadcrumb","itemListElement":[{"@type":"ListItem","position":1,"name":"Home","item":"https:\/\/quantongfastener.com\/"},{"@type":"ListItem","position":2,"name":"Products","item":"https:\/\/quantongfastener.com\/products\/"},{"@type":"ListItem","position":3,"name":"hex head self drilling screws with EPDM bonded washer"}]},{"@type":"WebSite","@id":"https:\/\/quantongfastener.com\/#website","url":"https:\/\/quantongfastener.com\/","name":"Sujetador Quantong","description":"","publisher":{"@id":"https:\/\/quantongfastener.com\/#organization"},"potentialAction":[{"@type":"SearchAction","target":{"@type":"EntryPoint","urlTemplate":"https:\/\/quantongfastener.com\/?s={search_term_string}"},"query-input":{"@type":"PropertyValueSpecification","valueRequired":true,"valueName":"search_term_string"}}],"inLanguage":"es"},{"@type":"Organization","@id":"https:\/\/quantongfastener.com\/#organization","name":"Sujetador Quantong","url":"https:\/\/quantongfastener.com\/","logo":{"@type":"ImageObject","inLanguage":"es","@id":"https:\/\/quantongfastener.com\/#\/schema\/logo\/image\/","url":"https:\/\/quantongfastener.com\/wp-content\/uploads\/2025\/07\/logo.jpg","contentUrl":"https:\/\/quantongfastener.com\/wp-content\/uploads\/2025\/07\/logo.jpg","width":425,"height":424,"caption":"Quantong Fastener"},"image":{"@id":"https:\/\/quantongfastener.com\/#\/schema\/logo\/image\/"}}]}},"_links":{"self":[{"href":"https:\/\/quantongfastener.com\/es\/wp-json\/wp\/v2\/product\/2575","targetHints":{"allow":["GET"]}}],"collection":[{"href":"https:\/\/quantongfastener.com\/es\/wp-json\/wp\/v2\/product"}],"about":[{"href":"https:\/\/quantongfastener.com\/es\/wp-json\/wp\/v2\/types\/product"}],"wp:featuredmedia":[{"embeddable":true,"href":"https:\/\/quantongfastener.com\/es\/wp-json\/wp\/v2\/media\/2576"}],"wp:attachment":[{"href":"https:\/\/quantongfastener.com\/es\/wp-json\/wp\/v2\/media?parent=2575"}],"wp:term":[{"taxonomy":"product_brand","embeddable":true,"href":"https:\/\/quantongfastener.com\/es\/wp-json\/wp\/v2\/product_brand?post=2575"},{"taxonomy":"product_cat","embeddable":true,"href":"https:\/\/quantongfastener.com\/es\/wp-json\/wp\/v2\/product_cat?post=2575"},{"taxonomy":"product_tag","embeddable":true,"href":"https:\/\/quantongfastener.com\/es\/wp-json\/wp\/v2\/product_tag?post=2575"}],"curies":[{"name":"wp","href":"https:\/\/api.w.org\/{rel}","templated":true}]}}