{"id":2500,"date":"2025-08-10T00:58:57","date_gmt":"2025-08-10T00:58:57","guid":{"rendered":"https:\/\/quantongfastener.com\/?post_type=product&#038;p=2500"},"modified":"2025-08-10T00:58:57","modified_gmt":"2025-08-10T00:58:57","slug":"self-drilling-screws","status":"publish","type":"product","link":"https:\/\/quantongfastener.com\/es\/producto\/self-drilling-screws\/","title":{"rendered":"Tornillos autoperforantes"},"content":{"rendered":"<div class=\"fl-row fl-row-full-width fl-row-bg-none fl-node-603ef37b4ee00\" data-node=\"603ef37b4ee00\">\n<div class=\"fl-row-content-wrap\">\n<div class=\"fl-row-content fl-row-full-width fl-node-content\">\n<div class=\"fl-col-group fl-node-603ef37b4ee3a\" data-node=\"603ef37b4ee3a\">\n<div class=\"fl-col fl-node-603ef37b4ee71\" data-node=\"603ef37b4ee71\">\n<div class=\"fl-col-content fl-node-content\">\n<div class=\"fl-module fl-module-rich-text fl-node-603ef37b4eea9\" data-node=\"603ef37b4eea9\" data-animation-delay=\"0.0\">\n<div class=\"fl-module-content fl-node-content\">\n<div class=\"fl-rich-text\">\n<div class=\"table_wrap\">\n<table border=\"1\" cellspacing=\"0\" cellpadding=\"0\">\n<tbody>\n<tr>\n<td valign=\"top\" width=\"162\">Nombre del producto<\/td>\n<td valign=\"top\" width=\"407\">Tornillo para madera<\/td>\n<\/tr>\n<tr>\n<td valign=\"top\" width=\"162\">Talla<\/td>\n<td valign=\"top\" width=\"407\">4.2mm\/4.8mm\/5.5mm\/6.3mm<\/td>\n<\/tr>\n<tr>\n<td valign=\"top\" width=\"162\">Longitud<\/td>\n<td valign=\"top\" width=\"407\">10-300 mm<\/td>\n<\/tr>\n<tr>\n<td valign=\"top\" width=\"162\">Grado<\/td>\n<td valign=\"top\" width=\"407\">8.8\/ A2-70\/ A4-70<\/td>\n<\/tr>\n<tr>\n<td valign=\"top\" width=\"162\">Material<\/td>\n<td valign=\"top\" width=\"407\">Acero\/SWCH22A,C1022A,\/acero inoxidable<\/td>\n<\/tr>\n<tr>\n<td valign=\"top\" width=\"162\">Tratamiento de superficies<\/td>\n<td valign=\"top\" width=\"407\">Zinc\/YZinc\/Plata<\/td>\n<\/tr>\n<tr>\n<td valign=\"top\" width=\"162\">Est\u00e1ndar<\/td>\n<td valign=\"top\" width=\"407\">DIN\/ISO\/UINZ<\/td>\n<\/tr>\n<tr>\n<td valign=\"top\" width=\"162\">Certificado<\/td>\n<td valign=\"top\" width=\"407\">ISO 9001<\/td>\n<\/tr>\n<tr>\n<td valign=\"top\" width=\"162\">Muestra<\/td>\n<td valign=\"top\" width=\"407\">Muestras gratuitas<\/td>\n<\/tr>\n<tr>\n<td valign=\"top\" width=\"162\">Utilizaci\u00f3n<\/td>\n<td valign=\"top\" width=\"407\">Edificio<\/td>\n<\/tr>\n<\/tbody>\n<\/table>\n<\/div>\n<\/div>\n<\/div>\n<\/div>\n<\/div>\n<\/div>\n<\/div>\n<\/div>\n<\/div>\n<\/div>\n<div class=\"fl-row fl-row-full-width fl-row-bg-none fl-node-603ef37b4f100\" data-node=\"603ef37b4f100\">\n<div class=\"fl-row-content-wrap\">\n<div class=\"fl-row-content fl-row-full-width fl-node-content\">\n<div class=\"fl-col-group fl-node-603ef37b4f138\" data-node=\"603ef37b4f138\">\n<div class=\"fl-col fl-node-603ef37b4f16f\" data-node=\"603ef37b4f16f\">\n<div class=\"fl-col-content fl-node-content\">\n<div class=\"fl-module fl-module-rich-text fl-node-603ef37b4f1a7\" data-node=\"603ef37b4f1a7\" data-animation-delay=\"0.0\">\n<div class=\"fl-module-content fl-node-content\">\n<div class=\"fl-rich-text\">\n<p><strong>Par\u00e1metros del producto:<\/strong><\/p>\n<\/div>\n<\/div>\n<\/div>\n<\/div>\n<\/div>\n<\/div>\n<\/div>\n<\/div>\n<\/div>\n<div class=\"fl-row fl-row-fixed-width fl-row-bg-none fl-node-603ef37b4f7ee\" data-node=\"603ef37b4f7ee\">\n<div class=\"fl-row-content-wrap\">\n<div class=\"fl-row-content fl-row-fixed-width fl-node-content\">\n<div class=\"fl-col-group fl-node-603ef37b4f825\" data-node=\"603ef37b4f825\">\n<div class=\"fl-col fl-node-603ef37b4f85f\" data-node=\"603ef37b4f85f\">\n<div class=\"fl-col-content fl-node-content\">\n<div class=\"fl-module fl-module-rich-text fl-node-603ef37b4f896\" data-node=\"603ef37b4f896\" data-animation-delay=\"0.0\">\n<div class=\"fl-module-content fl-node-content\">\n<div class=\"fl-rich-text\">\n<p><img decoding=\"async\" class=\"size-medium wp-image-5441 aligncenter\" src=\"https:\/\/www.cyfastener.com\/uploads\/image0059.jpg\" alt=\"image005\" \/><img decoding=\"async\" class=\"size-medium wp-image-5442 aligncenter\" src=\"https:\/\/www.cyfastener.com\/uploads\/image0069.jpg\" alt=\"image006\" \/><\/p>\n<\/div>\n<\/div>\n<\/div>\n<\/div>\n<\/div>\n<\/div>\n<div class=\"fl-col-group fl-node-603ef37b4f8ce\" data-node=\"603ef37b4f8ce\">\n<div class=\"fl-col fl-node-603ef37b4f905 fl-col-small\" data-node=\"603ef37b4f905\">\n<div class=\"fl-col-content fl-node-content\">\n<div class=\"fl-module fl-module-photo fl-node-603ef37b4fa88\" data-node=\"603ef37b4fa88\" data-animation-delay=\"0.0\">\n<div class=\"fl-module-content fl-node-content\">\n<div class=\"fl-photo fl-photo-align-center\">\n<div class=\"fl-photo-content fl-photo-img-jpg\"><img decoding=\"async\" class=\"fl-photo-img wp-image-5443\" src=\"https:\/\/www.cyfastener.com\/uploads\/image0079.jpg\" alt=\"image007\" \/><\/div>\n<\/div>\n<\/div>\n<\/div>\n<\/div>\n<\/div>\n<div class=\"fl-col fl-node-603ef37b4f93c fl-col-small\" data-node=\"603ef37b4f93c\">\n<div class=\"fl-col-content fl-node-content\">\n<div class=\"fl-module fl-module-photo fl-node-603ef37b4fac2\" data-node=\"603ef37b4fac2\" data-animation-delay=\"0.0\">\n<div class=\"fl-module-content fl-node-content\">\n<div class=\"fl-photo fl-photo-align-center\">\n<div class=\"fl-photo-content fl-photo-img-jpg\"><img decoding=\"async\" class=\"fl-photo-img wp-image-5444\" src=\"https:\/\/www.cyfastener.com\/uploads\/image0088.jpg\" alt=\"image008\" \/><\/div>\n<\/div>\n<\/div>\n<\/div>\n<\/div>\n<\/div>\n<div class=\"fl-col fl-node-603ef37b4f973 fl-col-small\" data-node=\"603ef37b4f973\">\n<div class=\"fl-col-content fl-node-content\">\n<div class=\"fl-module fl-module-photo fl-node-603ef37b4fafa\" data-node=\"603ef37b4fafa\" data-animation-delay=\"0.0\">\n<div class=\"fl-module-content fl-node-content\">\n<div class=\"fl-photo fl-photo-align-center\">\n<div class=\"fl-photo-content fl-photo-img-jpg\"><img decoding=\"async\" class=\"fl-photo-img wp-image-5445\" src=\"https:\/\/www.cyfastener.com\/uploads\/image0098.jpg\" alt=\"image009\" \/><\/div>\n<\/div>\n<\/div>\n<\/div>\n<\/div>\n<\/div>\n<\/div>\n<div class=\"fl-col-group fl-node-603ef37b4f9ab\" data-node=\"603ef37b4f9ab\">\n<div class=\"fl-col fl-node-603ef37b4f9e2 fl-col-small\" data-node=\"603ef37b4f9e2\">\n<div class=\"fl-col-content fl-node-content\">\n<div class=\"fl-module fl-module-photo fl-node-603ef37b4fb31\" data-node=\"603ef37b4fb31\" data-animation-delay=\"0.0\">\n<div class=\"fl-module-content fl-node-content\">\n<div class=\"fl-photo fl-photo-align-center\">\n<div class=\"fl-photo-content fl-photo-img-jpg\"><img decoding=\"async\" class=\"fl-photo-img wp-image-5446\" src=\"https:\/\/www.cyfastener.com\/uploads\/image0108.jpg\" alt=\"image010\" \/><\/div>\n<\/div>\n<\/div>\n<\/div>\n<\/div>\n<\/div>\n<div class=\"fl-col fl-node-603ef37b4fa19 fl-col-small\" data-node=\"603ef37b4fa19\">\n<div class=\"fl-col-content fl-node-content\">\n<div class=\"fl-module fl-module-photo fl-node-603ef37b4fb68\" data-node=\"603ef37b4fb68\" data-animation-delay=\"0.0\">\n<div class=\"fl-module-content fl-node-content\">\n<div class=\"fl-photo fl-photo-align-center\">\n<div class=\"fl-photo-content fl-photo-img-jpg\"><img decoding=\"async\" class=\"fl-photo-img wp-image-5447\" src=\"https:\/\/www.cyfastener.com\/uploads\/image0117.jpg\" alt=\"image011\" \/><\/div>\n<\/div>\n<\/div>\n<\/div>\n<\/div>\n<\/div>\n<div class=\"fl-col fl-node-603ef37b4fa51 fl-col-small\" data-node=\"603ef37b4fa51\">\n<div class=\"fl-col-content fl-node-content\">\n<div class=\"fl-module fl-module-photo fl-node-603ef37b4fba0\" data-node=\"603ef37b4fba0\" data-animation-delay=\"0.0\">\n<div class=\"fl-module-content fl-node-content\">\n<div class=\"fl-photo fl-photo-align-center\">\n<div class=\"fl-photo-content fl-photo-img-jpg\"><img decoding=\"async\" class=\"fl-photo-img wp-image-5448\" src=\"https:\/\/www.cyfastener.com\/uploads\/image0122.jpg\" alt=\"image012\" \/><\/div>\n<\/div>\n<\/div>\n<\/div>\n<\/div>\n<\/div>\n<\/div>\n<\/div>\n<\/div>\n<\/div>\n<div class=\"fl-row fl-row-full-width fl-row-bg-none fl-node-603ef37b4f711\" data-node=\"603ef37b4f711\">\n<div class=\"fl-row-content-wrap\">\n<div class=\"fl-row-content fl-row-full-width fl-node-content\">\n<div class=\"fl-col-group fl-node-603ef37b4f748\" data-node=\"603ef37b4f748\">\n<div class=\"fl-col fl-node-603ef37b4f77f\" data-node=\"603ef37b4f77f\">\n<div class=\"fl-col-content fl-node-content\">\n<div class=\"fl-module fl-module-rich-text fl-node-603ef37b4f7b7\" data-node=\"603ef37b4f7b7\" data-animation-delay=\"0.0\">\n<div class=\"fl-module-content fl-node-content\">\n<div class=\"fl-rich-text\">\n<p><strong>Ventajas del producto:<\/strong><\/p>\n<\/div>\n<\/div>\n<\/div>\n<\/div>\n<\/div>\n<\/div>\n<\/div>\n<\/div>\n<\/div>\n<div class=\"fl-row fl-row-full-width fl-row-bg-none fl-node-603ef37b4f4b0\" data-node=\"603ef37b4f4b0\">\n<div class=\"fl-row-content-wrap\">\n<div class=\"fl-row-content fl-row-full-width fl-node-content\">\n<div class=\"fl-col-group fl-node-603ef37b4f4e7\" data-node=\"603ef37b4f4e7\">\n<div class=\"fl-col fl-node-603ef37b4f51f\" data-node=\"603ef37b4f51f\">\n<div class=\"fl-col-content fl-node-content\">\n<div class=\"fl-module fl-module-rich-text fl-node-603ef37b4eee0\" data-node=\"603ef37b4eee0\" data-animation-delay=\"0.0\">\n<div class=\"fl-module-content fl-node-content\">\n<div class=\"fl-rich-text\">\n<p>Proceso especial y ventajas caracter\u00edsticas:<br \/>\n1. Superficie galvanizada , alto brillo, fuerte resistencia a la corrosi\u00f3n.<br \/>\n2. Tratamiento de revenido de carburaci\u00f3n, alta dureza superficial.<br \/>\n3. Tecnolog\u00eda avanzada, alto rendimiento de bloqueo.<\/p>\n<\/div>\n<\/div>\n<\/div>\n<\/div>\n<\/div>\n<\/div>\n<\/div>\n<\/div>\n<\/div>\n<div class=\"fl-row fl-row-full-width fl-row-bg-none fl-node-603ef37b4f556\" data-node=\"603ef37b4f556\">\n<div class=\"fl-row-content-wrap\">\n<div class=\"fl-row-content fl-row-full-width fl-node-content\">\n<div class=\"fl-col-group fl-node-603ef37b4f58e\" data-node=\"603ef37b4f58e\">\n<div class=\"fl-col fl-node-603ef37b4f5c5\" data-node=\"603ef37b4f5c5\">\n<div class=\"fl-col-content fl-node-content\">\n<div class=\"fl-module fl-module-rich-text fl-node-603ef37b4f5fc\" data-node=\"603ef37b4f5fc\" data-animation-delay=\"0.0\">\n<div class=\"fl-module-content fl-node-content\">\n<div class=\"fl-rich-text\">\n<p><strong>Tratamiento de la superficie:<\/strong><\/p>\n<\/div>\n<\/div>\n<\/div>\n<\/div>\n<\/div>\n<\/div>\n<\/div>\n<\/div>\n<\/div>\n<div class=\"fl-row fl-row-full-width fl-row-bg-none fl-node-603ef37b4f633\" data-node=\"603ef37b4f633\">\n<div class=\"fl-row-content-wrap\">\n<div class=\"fl-row-content fl-row-full-width fl-node-content\">\n<div class=\"fl-col-group fl-node-603ef37b4f66b\" data-node=\"603ef37b4f66b\">\n<div class=\"fl-col fl-node-603ef37b4f6a2\" data-node=\"603ef37b4f6a2\">\n<div class=\"fl-col-content fl-node-content\">\n<div class=\"fl-module fl-module-rich-text fl-node-603ef37b4f6d9\" data-node=\"603ef37b4f6d9\" data-animation-delay=\"0.0\">\n<div class=\"fl-module-content fl-node-content\">\n<div class=\"fl-rich-text\">\n<ol>\n<li><strong>\u00a0YZINC\/ZINC<\/strong><\/li>\n<\/ol>\n<p>\u2606 El electrogalvanizado es una tecnolog\u00eda tradicional de tratamiento de revestimientos met\u00e1licos que proporciona una resistencia b\u00e1sica a la corrosi\u00f3n a las superficies met\u00e1licas. Sus principales ventajas son una buena soldabilidad y una resistencia de contacto adecuada. Debido a sus buenas propiedades de lubricaci\u00f3n, el cadmiado se utiliza habitualmente en la aviaci\u00f3n, la industria aeroespacial, la marina y los productos de radio y electr\u00f3nica. La capa de chapado protege el sustrato de acero tanto mec\u00e1nica como qu\u00edmicamente, por lo que su resistencia a la corrosi\u00f3n es mucho mejor que la del chapado de zinc.<\/p>\n<\/div>\n<\/div>\n<\/div>\n<\/div>\n<\/div>\n<\/div>\n<\/div>\n<\/div>\n<\/div>\n<div class=\"fl-row fl-row-full-width fl-row-bg-none fl-node-603ef37b4f1de\" data-node=\"603ef37b4f1de\">\n<div class=\"fl-row-content-wrap\">\n<div class=\"fl-row-content fl-row-full-width fl-node-content\">\n<div class=\"fl-col-group fl-node-603ef37b4f216\" data-node=\"603ef37b4f216\">\n<div class=\"fl-col fl-node-603ef37b4f24d\" data-node=\"603ef37b4f24d\">\n<div class=\"fl-col-content fl-node-content\">\n<div class=\"fl-module fl-module-rich-text fl-node-603ef37b4f284\" data-node=\"603ef37b4f284\" data-animation-delay=\"0.0\">\n<div class=\"fl-module-content fl-node-content\">\n<div class=\"fl-rich-text\">\n<p><strong>Nuestro paquete:<\/strong><\/p>\n<\/div>\n<\/div>\n<\/div>\n<\/div>\n<\/div>\n<\/div>\n<\/div>\n<\/div>\n<\/div>\n<div class=\"fl-row fl-row-full-width fl-row-bg-none fl-node-603ef37b4fcb6\" data-node=\"603ef37b4fcb6\">\n<div class=\"fl-row-content-wrap\">\n<div class=\"fl-row-content fl-row-full-width fl-node-content\">\n<div class=\"fl-col-group fl-node-603ef37b4fced\" data-node=\"603ef37b4fced\">\n<div class=\"fl-col fl-node-603ef37b4fd25\" data-node=\"603ef37b4fd25\">\n<div class=\"fl-col-content fl-node-content\">\n<div class=\"fl-module fl-module-rich-text fl-node-603ef37b4fd5c\" data-node=\"603ef37b4fd5c\" data-animation-delay=\"0.0\">\n<div class=\"fl-module-content fl-node-content\">\n<div class=\"fl-rich-text\">\n<p>1. Sacos de 25 kg o de 50 kg.<\/p>\n<p>2. bolsas con palet.<\/p>\n<p>3. Cajas de cart\u00f3n de 25 kg o cajas de cart\u00f3n con pal\u00e9.<\/p>\n<p>4. Embalaje a petici\u00f3n del cliente<\/p>\n<\/div>\n<\/div>\n<\/div>\n<\/div>\n<\/div>\n<\/div>\n<\/div>\n<\/div>\n<\/div>","protected":false},"excerpt":{"rendered":"<p>PRECIO EXW : COMO USTED PIDA<\/p>\n<p><em>Pedido M\u00ednimo<\/em>:2TONS<\/p>\n<p>EMBALAJE:BOLSA\/CAJA CON PALET<\/p>\n<p>PUERTO:TIANJIN\/QINGDAO\/SHANGHAI\/NINGBO<\/p>\n<p>ENTREGA:5-30DAYS ON QTY<\/p>\n<p>PAGO:T\/T\/LC<\/p>\n<p><em>Capacidad de suministro<\/em><em>:500 TONELADAS AL MES<\/em><\/p>\n<p>&nbsp;<\/p>\n<ul>\n<li><em>Precio FOB:<\/em>US $0.5 - 9,999 \/ Pieza<\/li>\n<li><em>Cantidad m\u00ednima de pedido:<\/em>100 unidades\/piezas<\/li>\n<li><em>Capacidad de suministro:<\/em>10000 Piezas\/Pieza por Mes<\/li>\n<\/ul>","protected":false},"featured_media":2505,"template":"","meta":{"_kad_post_transparent":"default","_kad_post_title":"","_kad_post_layout":"default","_kad_post_sidebar_id":"","_kad_post_content_style":"default","_kad_post_vertical_padding":"default","_kad_post_feature":"","_kad_post_feature_position":"","_kad_post_header":false,"_kad_post_footer":false},"product_brand":[],"product_cat":[30],"product_tag":[],"class_list":{"0":"post-2500","1":"product","2":"type-product","3":"status-publish","4":"has-post-thumbnail","6":"product_cat-screw","8":"first","9":"instock","10":"shipping-taxable","11":"product-type-simple","12":"entry","13":"content-bg","14":"loop-entry"},"yoast_head":"<!-- This site is optimized with the Yoast SEO plugin v27.4 - https:\/\/yoast.com\/product\/yoast-seo-wordpress\/ -->\n<title>Self Drilling Screws - Quantong Fastener<\/title>\n<meta name=\"robots\" content=\"index, follow, max-snippet:-1, max-image-preview:large, max-video-preview:-1\" \/>\n<link rel=\"canonical\" href=\"https:\/\/quantongfastener.com\/es\/producto\/self-drilling-screws\/\" \/>\n<meta property=\"og:locale\" content=\"es_ES\" \/>\n<meta property=\"og:type\" content=\"article\" \/>\n<meta property=\"og:title\" content=\"Self Drilling Screws - Quantong Fastener\" \/>\n<meta property=\"og:description\" content=\"EXW PRICE : AS YOU ASK  Min.Order Quantity:2TONS  PACKAGING:BAG\/BOX WITH PALLET  PORT:TIANJIN\/QINGDAO\/SHANGHAI\/NINGBO  DELIVERY:5-30DAYS ON QTY  PAYMENT:T\/T\/LC  Supply Ability:500 TON PER MONTH  &nbsp;   FOB Price:US $0.5 - 9,999 \/ Piece  Min.Order Quantity:100 Piece\/Pieces  Supply Ability:10000 Piece\/Pieces per Month\" \/>\n<meta property=\"og:url\" content=\"https:\/\/quantongfastener.com\/es\/producto\/self-drilling-screws\/\" \/>\n<meta property=\"og:site_name\" content=\"Quantong Fastener\" \/>\n<meta property=\"og:image\" content=\"https:\/\/quantongfastener.com\/wp-content\/uploads\/2025\/08\/image011-1.jpg\" \/>\n\t<meta property=\"og:image:width\" content=\"610\" \/>\n\t<meta property=\"og:image:height\" content=\"610\" \/>\n\t<meta property=\"og:image:type\" content=\"image\/jpeg\" \/>\n<meta name=\"twitter:card\" content=\"summary_large_image\" \/>\n<meta name=\"twitter:label1\" content=\"Tiempo de lectura\" \/>\n\t<meta name=\"twitter:data1\" content=\"3 minutos\" \/>\n<script type=\"application\/ld+json\" class=\"yoast-schema-graph\">{\"@context\":\"https:\\\/\\\/schema.org\",\"@graph\":[{\"@type\":\"WebPage\",\"@id\":\"https:\\\/\\\/quantongfastener.com\\\/product\\\/self-drilling-screws\\\/\",\"url\":\"https:\\\/\\\/quantongfastener.com\\\/product\\\/self-drilling-screws\\\/\",\"name\":\"Self Drilling Screws - Quantong Fastener\",\"isPartOf\":{\"@id\":\"https:\\\/\\\/quantongfastener.com\\\/#website\"},\"primaryImageOfPage\":{\"@id\":\"https:\\\/\\\/quantongfastener.com\\\/product\\\/self-drilling-screws\\\/#primaryimage\"},\"image\":{\"@id\":\"https:\\\/\\\/quantongfastener.com\\\/product\\\/self-drilling-screws\\\/#primaryimage\"},\"thumbnailUrl\":\"https:\\\/\\\/quantongfastener.com\\\/wp-content\\\/uploads\\\/2025\\\/08\\\/image011-1.jpg\",\"datePublished\":\"2025-08-10T00:58:57+00:00\",\"breadcrumb\":{\"@id\":\"https:\\\/\\\/quantongfastener.com\\\/product\\\/self-drilling-screws\\\/#breadcrumb\"},\"inLanguage\":\"es\",\"potentialAction\":[{\"@type\":\"ReadAction\",\"target\":[\"https:\\\/\\\/quantongfastener.com\\\/product\\\/self-drilling-screws\\\/\"]}]},{\"@type\":\"ImageObject\",\"inLanguage\":\"es\",\"@id\":\"https:\\\/\\\/quantongfastener.com\\\/product\\\/self-drilling-screws\\\/#primaryimage\",\"url\":\"https:\\\/\\\/quantongfastener.com\\\/wp-content\\\/uploads\\\/2025\\\/08\\\/image011-1.jpg\",\"contentUrl\":\"https:\\\/\\\/quantongfastener.com\\\/wp-content\\\/uploads\\\/2025\\\/08\\\/image011-1.jpg\",\"width\":610,\"height\":610},{\"@type\":\"BreadcrumbList\",\"@id\":\"https:\\\/\\\/quantongfastener.com\\\/product\\\/self-drilling-screws\\\/#breadcrumb\",\"itemListElement\":[{\"@type\":\"ListItem\",\"position\":1,\"name\":\"Home\",\"item\":\"https:\\\/\\\/quantongfastener.com\\\/\"},{\"@type\":\"ListItem\",\"position\":2,\"name\":\"Products\",\"item\":\"https:\\\/\\\/quantongfastener.com\\\/products\\\/\"},{\"@type\":\"ListItem\",\"position\":3,\"name\":\"Self Drilling Screws\"}]},{\"@type\":\"WebSite\",\"@id\":\"https:\\\/\\\/quantongfastener.com\\\/#website\",\"url\":\"https:\\\/\\\/quantongfastener.com\\\/\",\"name\":\"Quantong Fastener\",\"description\":\"\",\"publisher\":{\"@id\":\"https:\\\/\\\/quantongfastener.com\\\/#organization\"},\"potentialAction\":[{\"@type\":\"SearchAction\",\"target\":{\"@type\":\"EntryPoint\",\"urlTemplate\":\"https:\\\/\\\/quantongfastener.com\\\/?s={search_term_string}\"},\"query-input\":{\"@type\":\"PropertyValueSpecification\",\"valueRequired\":true,\"valueName\":\"search_term_string\"}}],\"inLanguage\":\"es\"},{\"@type\":\"Organization\",\"@id\":\"https:\\\/\\\/quantongfastener.com\\\/#organization\",\"name\":\"Quantong Fastener\",\"url\":\"https:\\\/\\\/quantongfastener.com\\\/\",\"logo\":{\"@type\":\"ImageObject\",\"inLanguage\":\"es\",\"@id\":\"https:\\\/\\\/quantongfastener.com\\\/#\\\/schema\\\/logo\\\/image\\\/\",\"url\":\"https:\\\/\\\/quantongfastener.com\\\/wp-content\\\/uploads\\\/2025\\\/07\\\/logo.jpg\",\"contentUrl\":\"https:\\\/\\\/quantongfastener.com\\\/wp-content\\\/uploads\\\/2025\\\/07\\\/logo.jpg\",\"width\":425,\"height\":424,\"caption\":\"Quantong Fastener\"},\"image\":{\"@id\":\"https:\\\/\\\/quantongfastener.com\\\/#\\\/schema\\\/logo\\\/image\\\/\"}}]}<\/script>\n<!-- \/ Yoast SEO plugin. -->","yoast_head_json":{"title":"Self Drilling Screws - Quantong Fastener","robots":{"index":"index","follow":"follow","max-snippet":"max-snippet:-1","max-image-preview":"max-image-preview:large","max-video-preview":"max-video-preview:-1"},"canonical":"https:\/\/quantongfastener.com\/es\/producto\/self-drilling-screws\/","og_locale":"es_ES","og_type":"article","og_title":"Self Drilling Screws - Quantong Fastener","og_description":"EXW PRICE : AS YOU ASK  Min.Order Quantity:2TONS  PACKAGING:BAG\/BOX WITH PALLET  PORT:TIANJIN\/QINGDAO\/SHANGHAI\/NINGBO  DELIVERY:5-30DAYS ON QTY  PAYMENT:T\/T\/LC  Supply Ability:500 TON PER MONTH  &nbsp;   FOB Price:US $0.5 - 9,999 \/ Piece  Min.Order Quantity:100 Piece\/Pieces  Supply Ability:10000 Piece\/Pieces per Month","og_url":"https:\/\/quantongfastener.com\/es\/producto\/self-drilling-screws\/","og_site_name":"Quantong Fastener","og_image":[{"width":610,"height":610,"url":"https:\/\/quantongfastener.com\/wp-content\/uploads\/2025\/08\/image011-1.jpg","type":"image\/jpeg"}],"twitter_card":"summary_large_image","twitter_misc":{"Tiempo de lectura":"3 minutos"},"schema":{"@context":"https:\/\/schema.org","@graph":[{"@type":"WebPage","@id":"https:\/\/quantongfastener.com\/product\/self-drilling-screws\/","url":"https:\/\/quantongfastener.com\/product\/self-drilling-screws\/","name":"Self Drilling Screws - Quantong Fastener","isPartOf":{"@id":"https:\/\/quantongfastener.com\/#website"},"primaryImageOfPage":{"@id":"https:\/\/quantongfastener.com\/product\/self-drilling-screws\/#primaryimage"},"image":{"@id":"https:\/\/quantongfastener.com\/product\/self-drilling-screws\/#primaryimage"},"thumbnailUrl":"https:\/\/quantongfastener.com\/wp-content\/uploads\/2025\/08\/image011-1.jpg","datePublished":"2025-08-10T00:58:57+00:00","breadcrumb":{"@id":"https:\/\/quantongfastener.com\/product\/self-drilling-screws\/#breadcrumb"},"inLanguage":"es","potentialAction":[{"@type":"ReadAction","target":["https:\/\/quantongfastener.com\/product\/self-drilling-screws\/"]}]},{"@type":"ImageObject","inLanguage":"es","@id":"https:\/\/quantongfastener.com\/product\/self-drilling-screws\/#primaryimage","url":"https:\/\/quantongfastener.com\/wp-content\/uploads\/2025\/08\/image011-1.jpg","contentUrl":"https:\/\/quantongfastener.com\/wp-content\/uploads\/2025\/08\/image011-1.jpg","width":610,"height":610},{"@type":"BreadcrumbList","@id":"https:\/\/quantongfastener.com\/product\/self-drilling-screws\/#breadcrumb","itemListElement":[{"@type":"ListItem","position":1,"name":"Home","item":"https:\/\/quantongfastener.com\/"},{"@type":"ListItem","position":2,"name":"Products","item":"https:\/\/quantongfastener.com\/products\/"},{"@type":"ListItem","position":3,"name":"Self Drilling Screws"}]},{"@type":"WebSite","@id":"https:\/\/quantongfastener.com\/#website","url":"https:\/\/quantongfastener.com\/","name":"Sujetador Quantong","description":"","publisher":{"@id":"https:\/\/quantongfastener.com\/#organization"},"potentialAction":[{"@type":"SearchAction","target":{"@type":"EntryPoint","urlTemplate":"https:\/\/quantongfastener.com\/?s={search_term_string}"},"query-input":{"@type":"PropertyValueSpecification","valueRequired":true,"valueName":"search_term_string"}}],"inLanguage":"es"},{"@type":"Organization","@id":"https:\/\/quantongfastener.com\/#organization","name":"Sujetador Quantong","url":"https:\/\/quantongfastener.com\/","logo":{"@type":"ImageObject","inLanguage":"es","@id":"https:\/\/quantongfastener.com\/#\/schema\/logo\/image\/","url":"https:\/\/quantongfastener.com\/wp-content\/uploads\/2025\/07\/logo.jpg","contentUrl":"https:\/\/quantongfastener.com\/wp-content\/uploads\/2025\/07\/logo.jpg","width":425,"height":424,"caption":"Quantong Fastener"},"image":{"@id":"https:\/\/quantongfastener.com\/#\/schema\/logo\/image\/"}}]}},"_links":{"self":[{"href":"https:\/\/quantongfastener.com\/es\/wp-json\/wp\/v2\/product\/2500","targetHints":{"allow":["GET"]}}],"collection":[{"href":"https:\/\/quantongfastener.com\/es\/wp-json\/wp\/v2\/product"}],"about":[{"href":"https:\/\/quantongfastener.com\/es\/wp-json\/wp\/v2\/types\/product"}],"wp:featuredmedia":[{"embeddable":true,"href":"https:\/\/quantongfastener.com\/es\/wp-json\/wp\/v2\/media\/2505"}],"wp:attachment":[{"href":"https:\/\/quantongfastener.com\/es\/wp-json\/wp\/v2\/media?parent=2500"}],"wp:term":[{"taxonomy":"product_brand","embeddable":true,"href":"https:\/\/quantongfastener.com\/es\/wp-json\/wp\/v2\/product_brand?post=2500"},{"taxonomy":"product_cat","embeddable":true,"href":"https:\/\/quantongfastener.com\/es\/wp-json\/wp\/v2\/product_cat?post=2500"},{"taxonomy":"product_tag","embeddable":true,"href":"https:\/\/quantongfastener.com\/es\/wp-json\/wp\/v2\/product_tag?post=2500"}],"curies":[{"name":"wp","href":"https:\/\/api.w.org\/{rel}","templated":true}]}}