{"id":2343,"date":"2025-08-09T15:33:08","date_gmt":"2025-08-09T15:33:08","guid":{"rendered":"https:\/\/quantongfastener.com\/?post_type=product&#038;p=2343"},"modified":"2025-08-26T02:44:00","modified_gmt":"2025-08-26T02:44:00","slug":"castle-nut-2","status":"publish","type":"product","link":"https:\/\/quantongfastener.com\/es\/producto\/castle-nut-2\/","title":{"rendered":"Tuerca de castillo"},"content":{"rendered":"<div class=\"fl-row fl-row-full-width fl-row-bg-none fl-node-5e5c7d0387826\" data-node=\"5e5c7d0387826\">\n<div class=\"fl-row-content-wrap\">\n<div class=\"fl-row-content fl-row-full-width fl-node-content\">\n<div class=\"fl-col-group fl-node-5e5c7d038787c\" data-node=\"5e5c7d038787c\">\n<div class=\"fl-col fl-node-5e5c7d03878c9\" data-node=\"5e5c7d03878c9\">\n<div class=\"fl-col-content fl-node-content\">\n<div class=\"fl-module fl-module-rich-text fl-node-5e5c7d038791e\" data-node=\"5e5c7d038791e\" data-animation-delay=\"0.0\">\n<div class=\"fl-module-content fl-node-content\">\n<div class=\"fl-rich-text\">\n<div class=\"table_wrap\">\n<table border=\"1\" cellspacing=\"0\">\n<tbody>\n<tr>\n<td valign=\"top\" width=\"161\">Nombre del producto<\/td>\n<td valign=\"top\" width=\"406\">Tuerca de castillo<\/td>\n<\/tr>\n<tr>\n<td valign=\"top\" width=\"161\">Talla<\/td>\n<td valign=\"top\" width=\"406\">M5-12<\/td>\n<\/tr>\n<tr>\n<td valign=\"top\" width=\"161\">Grado<\/td>\n<td valign=\"top\" width=\"406\">4.8<\/td>\n<\/tr>\n<tr>\n<td valign=\"top\" width=\"161\">Material<\/td>\n<td valign=\"top\" width=\"406\">Acero<\/td>\n<\/tr>\n<tr>\n<td valign=\"top\" width=\"161\">Tratamiento de superficies<\/td>\n<td valign=\"top\" width=\"406\">Zinc<\/td>\n<\/tr>\n<tr>\n<td valign=\"top\" width=\"161\">Est\u00e1ndar<\/td>\n<td valign=\"top\" width=\"406\">DIN\/ISO<\/td>\n<\/tr>\n<tr>\n<td valign=\"top\" width=\"161\">Certificado<\/td>\n<td valign=\"top\" width=\"406\">ISO 9001<\/td>\n<\/tr>\n<tr>\n<td valign=\"top\" width=\"161\">Muestra<\/td>\n<td valign=\"top\" width=\"406\">Muestras gratuitas<\/td>\n<\/tr>\n<\/tbody>\n<\/table>\n<\/div>\n<\/div>\n<\/div>\n<\/div>\n<\/div>\n<\/div>\n<\/div>\n<div class=\"fl-col-group fl-node-5e5c7e0462b5b\" data-node=\"5e5c7e0462b5b\">\n<div class=\"fl-col fl-node-5e5c7e0462f24\" data-node=\"5e5c7e0462f24\">\n<div class=\"fl-col-content fl-node-content\">\n<div class=\"fl-module fl-module-rich-text fl-node-5e5c7e04628dd\" data-node=\"5e5c7e04628dd\" data-animation-delay=\"0.0\">\n<div class=\"fl-module-content fl-node-content\">\n<div class=\"fl-rich-text\">\n<p>La tuerca enjaulada tiene un efecto de apriete de rosca de alta resistencia. Se coloca en un orificio cuadrado preperforado con una herramienta especial, y se tira de la herramienta hacia atr\u00e1s para fijarla en una placa met\u00e1lica o de otro tipo. La instalaci\u00f3n es r\u00e1pida y c\u00f3moda, y puede retirarse y reubicarse.Tambi\u00e9n puede fijarse en \u00e1ngulo. La tuerca enjaulada tambi\u00e9n se llama tuerca enjaulada de agujero cuadrado, y algunos la llaman tuerca flotante.Se llama de otra manera, pero es una tuerca especial.Su forma es una tuerca cuadrada en una caja cuadrada. La tuerca cuadrada es pasante y roscada.<\/p>\n<\/div>\n<\/div>\n<\/div>\n<\/div>\n<\/div>\n<\/div>\n<div class=\"fl-col-group fl-node-5e5c7df807dfe\" data-node=\"5e5c7df807dfe\">\n<div class=\"fl-col fl-node-5e5c7df8082a6 fl-col-small\" data-node=\"5e5c7df8082a6\">\n<div class=\"fl-col-content fl-node-content\">\n<div class=\"fl-module fl-module-rich-text fl-node-5e5c7e1f88172\" data-node=\"5e5c7e1f88172\" data-animation-delay=\"0.0\">\n<div class=\"fl-module-content fl-node-content\">\n<div class=\"fl-rich-text\">\n<p><img decoding=\"async\" class=\"alignnone size-full wp-image-1841\" src=\"https:\/\/www.cyfastener.com\/uploads\/cde268b6.jpg\" alt=\"a9344232b31309cea741b3157d599e0\" \/><\/p>\n<\/div>\n<\/div>\n<\/div>\n<\/div>\n<\/div>\n<div class=\"fl-col fl-node-5e5c7df8082f6 fl-col-small\" data-node=\"5e5c7df8082f6\">\n<div class=\"fl-col-content fl-node-content\">\n<div class=\"fl-module fl-module-rich-text fl-node-5e5c7e38241c4\" data-node=\"5e5c7e38241c4\" data-animation-delay=\"0.0\">\n<div class=\"fl-module-content fl-node-content\">\n<div class=\"fl-rich-text\">\n<p><img decoding=\"async\" class=\"alignnone size-full wp-image-1841\" src=\"https:\/\/www.cyfastener.com\/uploads\/be3b6f8a1.jpg\" alt=\"a9344232b31309cea741b3157d599e0\" \/><\/p>\n<\/div>\n<\/div>\n<\/div>\n<\/div>\n<\/div>\n<\/div>\n<div class=\"fl-col-group fl-node-5e5c7e9e16f09\" data-node=\"5e5c7e9e16f09\">\n<div class=\"fl-col fl-node-5e5c7e9e173a3\" data-node=\"5e5c7e9e173a3\">\n<div class=\"fl-col-content fl-node-content\">\n<div class=\"fl-module fl-module-rich-text fl-node-5e5c7e9e16c71\" data-node=\"5e5c7e9e16c71\" data-animation-delay=\"0.0\">\n<div class=\"fl-module-content fl-node-content\">\n<div class=\"fl-rich-text\">\n<p>Ventajas de la edici\u00f3n<br \/>\n1, s\u00f3lo un lado de la placa de montaje, y adaptado para guiar el lugar de montaje; y algunas empresas de la industria de productos de chapa, tales como bastidores, armarios y otros controladores.<br \/>\n2, tener una gran capacidad portante.<\/p>\n<\/div>\n<\/div>\n<\/div>\n<\/div>\n<\/div>\n<\/div>\n<div class=\"fl-col-group fl-node-5e5c7eb166e10\" data-node=\"5e5c7eb166e10\">\n<div class=\"fl-col fl-node-5e5c7eb167377 fl-col-small\" data-node=\"5e5c7eb167377\">\n<div class=\"fl-col-content fl-node-content\">\n<div class=\"fl-module fl-module-rich-text fl-node-5e5c7ec5eb582\" data-node=\"5e5c7ec5eb582\" data-animation-delay=\"0.0\">\n<div class=\"fl-module-content fl-node-content\">\n<div class=\"fl-rich-text\">\n<p><img decoding=\"async\" class=\"alignnone size-full wp-image-1841\" src=\"https:\/\/www.cyfastener.com\/uploads\/3c0e34db.jpg\" alt=\"a9344232b31309cea741b3157d599e0\" \/><\/p>\n<\/div>\n<\/div>\n<\/div>\n<\/div>\n<\/div>\n<div class=\"fl-col fl-node-5e5c7efca995d fl-col-small\" data-node=\"5e5c7efca995d\">\n<div class=\"fl-col-content fl-node-content\">\n<div class=\"fl-module fl-module-rich-text fl-node-5e5c7f0078ffd\" data-node=\"5e5c7f0078ffd\" data-animation-delay=\"0.0\">\n<div class=\"fl-module-content fl-node-content\">\n<div class=\"fl-rich-text\">\n<p><img decoding=\"async\" class=\"alignnone size-full wp-image-1841\" src=\"https:\/\/www.cyfastener.com\/uploads\/d6e77a3b.jpg\" alt=\"a9344232b31309cea741b3157d599e0\" \/><\/p>\n<\/div>\n<\/div>\n<\/div>\n<\/div>\n<\/div>\n<div class=\"fl-col fl-node-5e5c7eb1673cc fl-col-small\" data-node=\"5e5c7eb1673cc\">\n<div class=\"fl-col-content fl-node-content\">\n<div class=\"fl-module fl-module-rich-text fl-node-5e5c7ed23d25b\" data-node=\"5e5c7ed23d25b\" data-animation-delay=\"0.0\">\n<div class=\"fl-module-content fl-node-content\">\n<div class=\"fl-rich-text\">\n<p><img decoding=\"async\" class=\"alignnone size-full wp-image-1841\" src=\"https:\/\/www.cyfastener.com\/uploads\/d0e32835.jpg\" alt=\"a9344232b31309cea741b3157d599e0\" \/><\/p>\n<\/div>\n<\/div>\n<\/div>\n<\/div>\n<\/div>\n<\/div>\n<div class=\"fl-col-group fl-node-5e5c7f37bde73\" data-node=\"5e5c7f37bde73\">\n<div class=\"fl-col fl-node-5e5c7f37be31a fl-col-has-cols\" data-node=\"5e5c7f37be31a\">\n<div class=\"fl-col-content fl-node-content\">\n<div class=\"fl-module fl-module-rich-text fl-node-5e5c7f37bdbaa\" data-node=\"5e5c7f37bdbaa\" data-animation-delay=\"0.0\">\n<div class=\"fl-module-content fl-node-content\">\n<div class=\"fl-rich-text\">\n<p>Gu\u00eda tecnol\u00f3gica de aplicaciones<br \/>\n1. Hay dos tipos de materiales para la carcasa del producto: 65mn (CN) acero inoxidable (CNS). El material de la tuerca es acero al carbono medio. Color del tratamiento superficial: zinc azul y blanco, zinc de color, n\u00edquel brillante, para que los clientes elijan.<br \/>\n2. Seleccione el tama\u00f1o en funci\u00f3n del grosor de la chapa utilizada, correspondiente al tama\u00f1o de punzonado de la chapa. Especifique para especificaciones especiales.<\/p>\n<\/div>\n<\/div>\n<\/div>\n<div class=\"fl-col-group fl-node-5e5c7f530e609 fl-col-group-nested\" data-node=\"5e5c7f530e609\">\n<div class=\"fl-col fl-node-5e5c7f530ec5c fl-col-small\" data-node=\"5e5c7f530ec5c\">\n<div class=\"fl-col-content fl-node-content\">\n<div class=\"fl-module fl-module-rich-text fl-node-5e5c7f563bd5f\" data-node=\"5e5c7f563bd5f\" data-animation-delay=\"0.0\">\n<div class=\"fl-module-content fl-node-content\">\n<div class=\"fl-rich-text\">\n<p><img decoding=\"async\" class=\"alignnone size-full wp-image-1841\" src=\"https:\/\/www.cyfastener.com\/uploads\/d0e32835.jpg\" alt=\"a9344232b31309cea741b3157d599e0\" \/><\/p>\n<\/div>\n<\/div>\n<\/div>\n<\/div>\n<\/div>\n<div class=\"fl-col fl-node-5e5c7f530ed8f fl-col-small\" data-node=\"5e5c7f530ed8f\">\n<div class=\"fl-col-content fl-node-content\">\n<div class=\"fl-module fl-module-rich-text fl-node-5e5c7f5d0b38f\" data-node=\"5e5c7f5d0b38f\" data-animation-delay=\"0.0\">\n<div class=\"fl-module-content fl-node-content\">\n<div class=\"fl-rich-text\">\n<p><img decoding=\"async\" class=\"alignnone size-full wp-image-1841\" src=\"https:\/\/www.cyfastener.com\/uploads\/92fd98fa.jpg\" alt=\"a9344232b31309cea741b3157d599e0\" \/><\/p>\n<\/div>\n<\/div>\n<\/div>\n<\/div>\n<\/div>\n<\/div>\n<\/div>\n<\/div>\n<\/div>\n<\/div>\n<\/div>\n<\/div>\n<div class=\"fl-row fl-row-full-width fl-row-bg-none fl-node-5e5c7d0388255\" data-node=\"5e5c7d0388255\">\n<div class=\"fl-row-content-wrap\">\n<div class=\"fl-row-content fl-row-full-width fl-node-content\">\n<div class=\"fl-col-group fl-node-5e5c7d038829b\" data-node=\"5e5c7d038829b\">\n<div class=\"fl-col fl-node-5e5c7d03882ca\" data-node=\"5e5c7d03882ca\">\n<div class=\"fl-col-content fl-node-content\">\n<div class=\"fl-module fl-module-rich-text fl-node-5e5c7d0388316\" data-node=\"5e5c7d0388316\" data-animation-delay=\"0.0\">\n<div class=\"fl-module-content fl-node-content\">\n<div class=\"fl-rich-text\">\n<p><strong>Ventajas del producto:<\/strong><\/p>\n<\/div>\n<\/div>\n<\/div>\n<\/div>\n<\/div>\n<\/div>\n<\/div>\n<\/div>\n<\/div>\n<div class=\"fl-row fl-row-full-width fl-row-bg-none fl-node-5e5c7d0388fe0\" data-node=\"5e5c7d0388fe0\">\n<div class=\"fl-row-content-wrap\">\n<div class=\"fl-row-content fl-row-full-width fl-node-content\">\n<div class=\"fl-col-group fl-node-5e5c7d0389030\" data-node=\"5e5c7d0389030\">\n<div class=\"fl-col fl-node-5e5c7d0389077\" data-node=\"5e5c7d0389077\">\n<div class=\"fl-col-content fl-node-content\">\n<div class=\"fl-module fl-module-rich-text fl-node-5e5c7d0387a51\" data-node=\"5e5c7d0387a51\" data-animation-delay=\"0.0\">\n<div class=\"fl-module-content fl-node-content\">\n<div class=\"fl-rich-text\">\n<ol>\n<li><strong>Mecanizado de precisi\u00f3n<\/strong><\/li>\n<\/ol>\n<p align=\"justify\">\u2606 Medir y procesar utilizando m\u00e1quinas herramienta de precisi\u00f3n y herramientas de medici\u00f3n en condiciones ambientales estrictamente controladas.<\/p>\n<ol>\n<li><strong>Material de alta calidad<\/strong><\/li>\n<\/ol>\n<p align=\"justify\">\u2606 Con larga vida \u00fatil, baja generaci\u00f3n de calor, alta dureza, alta rigidez, bajo nivel de ruido, alta resistencia al desgaste y otras caracter\u00edsticas.<\/p>\n<ol>\n<li><strong>Rentable<\/strong><\/li>\n<\/ol>\n<p align=\"justify\">\u2606 El uso de acero al carbono de alta calidad, despu\u00e9s del procesamiento de precisi\u00f3n y la formaci\u00f3n, mejora en gran medida la experiencia del usuario.<\/p>\n<\/div>\n<\/div>\n<\/div>\n<\/div>\n<\/div>\n<\/div>\n<\/div>\n<\/div>\n<\/div>\n<div class=\"fl-row fl-row-full-width fl-row-bg-none fl-node-5e5c7d03894c4\" data-node=\"5e5c7d03894c4\">\n<div class=\"fl-row-content-wrap\">\n<div class=\"fl-row-content fl-row-full-width fl-node-content\">\n<div class=\"fl-col-group fl-node-5e5c7d0389507\" data-node=\"5e5c7d0389507\">\n<div class=\"fl-col fl-node-5e5c7d038954a\" data-node=\"5e5c7d038954a\">\n<div class=\"fl-col-content fl-node-content\">\n<div class=\"fl-module fl-module-rich-text fl-node-5e5c7d038958c\" data-node=\"5e5c7d038958c\" data-animation-delay=\"0.0\">\n<div class=\"fl-module-content fl-node-content\">\n<div class=\"fl-rich-text\">\n<p><strong>Tratamiento de la superficie:<\/strong><\/p>\n<\/div>\n<\/div>\n<\/div>\n<\/div>\n<\/div>\n<\/div>\n<\/div>\n<\/div>\n<\/div>\n<div class=\"fl-row fl-row-full-width fl-row-bg-none fl-node-5e5c7d03895d0\" data-node=\"5e5c7d03895d0\">\n<div class=\"fl-row-content-wrap\">\n<div class=\"fl-row-content fl-row-full-width fl-node-content\">\n<div class=\"fl-col-group fl-node-5e5c7d038961e\" data-node=\"5e5c7d038961e\">\n<div class=\"fl-col fl-node-5e5c7d0389653\" data-node=\"5e5c7d0389653\">\n<div class=\"fl-col-content fl-node-content\">\n<div class=\"fl-module fl-module-rich-text fl-node-5e5c7d038969f\" data-node=\"5e5c7d038969f\" data-animation-delay=\"0.0\">\n<div class=\"fl-module-content fl-node-content\">\n<div class=\"fl-rich-text\">\n<ol>\n<li><strong>ZINC<\/strong><\/li>\n<\/ol>\n<p align=\"justify\">\u2606 El electrogalvanizado es una tecnolog\u00eda tradicional de tratamiento de revestimientos met\u00e1licos que proporciona una resistencia b\u00e1sica a la corrosi\u00f3n a las superficies met\u00e1licas. Sus principales ventajas son una buena soldabilidad y una resistencia de contacto adecuada. Debido a sus buenas propiedades de lubricaci\u00f3n, el cadmiado se utiliza habitualmente en la aviaci\u00f3n, la industria aeroespacial, la marina y los productos de radio y electr\u00f3nica. La capa de chapado protege el sustrato de acero tanto mec\u00e1nica como qu\u00edmicamente, por lo que su resistencia a la corrosi\u00f3n es mucho mejor que la del chapado de zinc.<\/p>\n<\/div>\n<\/div>\n<\/div>\n<\/div>\n<\/div>\n<\/div>\n<\/div>\n<\/div>\n<\/div>\n<div class=\"fl-row fl-row-full-width fl-row-bg-none fl-node-5e5c7d0388466\" data-node=\"5e5c7d0388466\">\n<div class=\"fl-row-content-wrap\">\n<div class=\"fl-row-content fl-row-full-width fl-node-content\">\n<div class=\"fl-col-group fl-node-5e5c7d03884a9\" data-node=\"5e5c7d03884a9\">\n<div class=\"fl-col fl-node-5e5c7d03884ec\" data-node=\"5e5c7d03884ec\">\n<div class=\"fl-col-content fl-node-content\">\n<div class=\"fl-module fl-module-rich-text fl-node-5e5c7d038852e\" data-node=\"5e5c7d038852e\" data-animation-delay=\"0.0\">\n<div class=\"fl-module-content fl-node-content\">\n<div class=\"fl-rich-text\">\n<p><strong>NUESTRO PAQUETE:<\/strong><\/p>\n<\/div>\n<\/div>\n<\/div>\n<\/div>\n<\/div>\n<\/div>\n<div class=\"fl-col-group fl-node-5e5c7d0388d48\" data-node=\"5e5c7d0388d48\">\n<div class=\"fl-col fl-node-5e5c7d0388d8b fl-col-has-cols\" data-node=\"5e5c7d0388d8b\">\n<div class=\"fl-col-content fl-node-content\">\n<div class=\"fl-module fl-module-rich-text fl-node-5e5c7d0387b01\" data-node=\"5e5c7d0387b01\" data-animation-delay=\"0.0\">\n<div class=\"fl-module-content fl-node-content\">\n<div class=\"fl-rich-text\">\n<p align=\"justify\">1. Sacos de 25 kg o de 50 kg.<br \/>\n2. bolsas con palet.<br \/>\n3. Cajas de cart\u00f3n de 25 kg o cajas de cart\u00f3n con pal\u00e9.<br \/>\n4. Embalaje a petici\u00f3n del cliente<\/p>\n<\/div>\n<\/div>\n<\/div>\n<\/div>\n<\/div>\n<\/div>\n<\/div>\n<\/div>\n<\/div>","protected":false},"excerpt":{"rendered":"<p>Pedido M\u00ednimo:1000PCS<\/p>\n<p>EMBALAJE:BOLSA\/CAJA CON PALET<\/p>\n<p>PUERTO:TIANJIN\/QINGDAO\/SHANGHAI\/NINGBO<\/p>\n<p>ENTREGA:5-30DAYS ON QTY<\/p>\n<p>PAGO:T\/T\/LC<\/p>\n<p>Capacidad de suministro:500 TON PER MONTH<\/p>\n<p>&nbsp;<\/p>\n<ul>\n<li><em>Precio FOB:<\/em>US $0.5 - 9,999 \/ Pieza<\/li>\n<li><em>Cantidad m\u00ednima de pedido:<\/em>100 unidades\/piezas<\/li>\n<li><em>Capacidad de suministro:<\/em>10000 Piezas\/Pieza por Mes<\/li>\n<\/ul>","protected":false},"featured_media":2349,"template":"","meta":{"_kad_post_transparent":"default","_kad_post_title":"","_kad_post_layout":"default","_kad_post_sidebar_id":"","_kad_post_content_style":"default","_kad_post_vertical_padding":"default","_kad_post_feature":"","_kad_post_feature_position":"","_kad_post_header":false,"_kad_post_footer":false},"product_brand":[],"product_cat":[51,29],"product_tag":[],"class_list":{"0":"post-2343","1":"product","2":"type-product","3":"status-publish","4":"has-post-thumbnail","6":"product_cat-castle-nut","7":"product_cat-nut","9":"first","10":"instock","11":"shipping-taxable","12":"product-type-simple","13":"entry","14":"content-bg","15":"loop-entry"},"yoast_head":"<!-- This site is optimized with the Yoast SEO plugin v27.4 - https:\/\/yoast.com\/product\/yoast-seo-wordpress\/ -->\n<title>Castle Nut - Quantong Fastener<\/title>\n<meta name=\"robots\" content=\"index, follow, max-snippet:-1, max-image-preview:large, max-video-preview:-1\" \/>\n<link rel=\"canonical\" href=\"https:\/\/quantongfastener.com\/es\/producto\/castle-nut-2\/\" \/>\n<meta property=\"og:locale\" content=\"es_ES\" \/>\n<meta property=\"og:type\" content=\"article\" \/>\n<meta property=\"og:title\" content=\"Castle Nut - Quantong Fastener\" \/>\n<meta property=\"og:description\" content=\"Min.Order Quantity:1000PCS  PACKAGING:BAG\/BOX WITH PALLET  PORT:TIANJIN\/QINGDAO\/SHANGHAI\/NINGBO  DELIVERY:5-30DAYS ON QTY  PAYMENT:T\/T\/LC  Supply Ability:500 TON PER MONTH  &nbsp;   FOB Price:US $0.5 - 9,999 \/ Piece  Min.Order Quantity:100 Piece\/Pieces  Supply Ability:10000 Piece\/Pieces per Month\" \/>\n<meta property=\"og:url\" content=\"https:\/\/quantongfastener.com\/es\/producto\/castle-nut-2\/\" \/>\n<meta property=\"og:site_name\" content=\"Quantong Fastener\" \/>\n<meta property=\"article:modified_time\" content=\"2025-08-26T02:44:00+00:00\" \/>\n<meta property=\"og:image\" content=\"https:\/\/quantongfastener.com\/wp-content\/uploads\/2025\/08\/a9344232b31309cea741b3157d599e0.jpg\" \/>\n\t<meta property=\"og:image:width\" content=\"610\" \/>\n\t<meta property=\"og:image:height\" content=\"610\" \/>\n\t<meta property=\"og:image:type\" content=\"image\/jpeg\" \/>\n<meta name=\"twitter:card\" content=\"summary_large_image\" \/>\n<meta name=\"twitter:label1\" content=\"Tiempo de lectura\" \/>\n\t<meta name=\"twitter:data1\" content=\"4 minutos\" \/>\n<script type=\"application\/ld+json\" class=\"yoast-schema-graph\">{\"@context\":\"https:\\\/\\\/schema.org\",\"@graph\":[{\"@type\":\"WebPage\",\"@id\":\"https:\\\/\\\/quantongfastener.com\\\/product\\\/castle-nut-2\\\/\",\"url\":\"https:\\\/\\\/quantongfastener.com\\\/product\\\/castle-nut-2\\\/\",\"name\":\"Castle Nut - Quantong Fastener\",\"isPartOf\":{\"@id\":\"https:\\\/\\\/quantongfastener.com\\\/#website\"},\"primaryImageOfPage\":{\"@id\":\"https:\\\/\\\/quantongfastener.com\\\/product\\\/castle-nut-2\\\/#primaryimage\"},\"image\":{\"@id\":\"https:\\\/\\\/quantongfastener.com\\\/product\\\/castle-nut-2\\\/#primaryimage\"},\"thumbnailUrl\":\"https:\\\/\\\/quantongfastener.com\\\/wp-content\\\/uploads\\\/2025\\\/08\\\/a9344232b31309cea741b3157d599e0.jpg\",\"datePublished\":\"2025-08-09T15:33:08+00:00\",\"dateModified\":\"2025-08-26T02:44:00+00:00\",\"breadcrumb\":{\"@id\":\"https:\\\/\\\/quantongfastener.com\\\/product\\\/castle-nut-2\\\/#breadcrumb\"},\"inLanguage\":\"es\",\"potentialAction\":[{\"@type\":\"ReadAction\",\"target\":[\"https:\\\/\\\/quantongfastener.com\\\/product\\\/castle-nut-2\\\/\"]}]},{\"@type\":\"ImageObject\",\"inLanguage\":\"es\",\"@id\":\"https:\\\/\\\/quantongfastener.com\\\/product\\\/castle-nut-2\\\/#primaryimage\",\"url\":\"https:\\\/\\\/quantongfastener.com\\\/wp-content\\\/uploads\\\/2025\\\/08\\\/a9344232b31309cea741b3157d599e0.jpg\",\"contentUrl\":\"https:\\\/\\\/quantongfastener.com\\\/wp-content\\\/uploads\\\/2025\\\/08\\\/a9344232b31309cea741b3157d599e0.jpg\",\"width\":610,\"height\":610},{\"@type\":\"BreadcrumbList\",\"@id\":\"https:\\\/\\\/quantongfastener.com\\\/product\\\/castle-nut-2\\\/#breadcrumb\",\"itemListElement\":[{\"@type\":\"ListItem\",\"position\":1,\"name\":\"Home\",\"item\":\"https:\\\/\\\/quantongfastener.com\\\/\"},{\"@type\":\"ListItem\",\"position\":2,\"name\":\"Products\",\"item\":\"https:\\\/\\\/quantongfastener.com\\\/products\\\/\"},{\"@type\":\"ListItem\",\"position\":3,\"name\":\"Castle Nut\"}]},{\"@type\":\"WebSite\",\"@id\":\"https:\\\/\\\/quantongfastener.com\\\/#website\",\"url\":\"https:\\\/\\\/quantongfastener.com\\\/\",\"name\":\"Quantong Fastener\",\"description\":\"\",\"publisher\":{\"@id\":\"https:\\\/\\\/quantongfastener.com\\\/#organization\"},\"potentialAction\":[{\"@type\":\"SearchAction\",\"target\":{\"@type\":\"EntryPoint\",\"urlTemplate\":\"https:\\\/\\\/quantongfastener.com\\\/?s={search_term_string}\"},\"query-input\":{\"@type\":\"PropertyValueSpecification\",\"valueRequired\":true,\"valueName\":\"search_term_string\"}}],\"inLanguage\":\"es\"},{\"@type\":\"Organization\",\"@id\":\"https:\\\/\\\/quantongfastener.com\\\/#organization\",\"name\":\"Quantong Fastener\",\"url\":\"https:\\\/\\\/quantongfastener.com\\\/\",\"logo\":{\"@type\":\"ImageObject\",\"inLanguage\":\"es\",\"@id\":\"https:\\\/\\\/quantongfastener.com\\\/#\\\/schema\\\/logo\\\/image\\\/\",\"url\":\"https:\\\/\\\/quantongfastener.com\\\/wp-content\\\/uploads\\\/2025\\\/07\\\/logo.jpg\",\"contentUrl\":\"https:\\\/\\\/quantongfastener.com\\\/wp-content\\\/uploads\\\/2025\\\/07\\\/logo.jpg\",\"width\":425,\"height\":424,\"caption\":\"Quantong Fastener\"},\"image\":{\"@id\":\"https:\\\/\\\/quantongfastener.com\\\/#\\\/schema\\\/logo\\\/image\\\/\"}}]}<\/script>\n<!-- \/ Yoast SEO plugin. -->","yoast_head_json":{"title":"Castle Nut - Quantong Fastener","robots":{"index":"index","follow":"follow","max-snippet":"max-snippet:-1","max-image-preview":"max-image-preview:large","max-video-preview":"max-video-preview:-1"},"canonical":"https:\/\/quantongfastener.com\/es\/producto\/castle-nut-2\/","og_locale":"es_ES","og_type":"article","og_title":"Castle Nut - Quantong Fastener","og_description":"Min.Order Quantity:1000PCS  PACKAGING:BAG\/BOX WITH PALLET  PORT:TIANJIN\/QINGDAO\/SHANGHAI\/NINGBO  DELIVERY:5-30DAYS ON QTY  PAYMENT:T\/T\/LC  Supply Ability:500 TON PER MONTH  &nbsp;   FOB Price:US $0.5 - 9,999 \/ Piece  Min.Order Quantity:100 Piece\/Pieces  Supply Ability:10000 Piece\/Pieces per Month","og_url":"https:\/\/quantongfastener.com\/es\/producto\/castle-nut-2\/","og_site_name":"Quantong Fastener","article_modified_time":"2025-08-26T02:44:00+00:00","og_image":[{"width":610,"height":610,"url":"https:\/\/quantongfastener.com\/wp-content\/uploads\/2025\/08\/a9344232b31309cea741b3157d599e0.jpg","type":"image\/jpeg"}],"twitter_card":"summary_large_image","twitter_misc":{"Tiempo de lectura":"4 minutos"},"schema":{"@context":"https:\/\/schema.org","@graph":[{"@type":"WebPage","@id":"https:\/\/quantongfastener.com\/product\/castle-nut-2\/","url":"https:\/\/quantongfastener.com\/product\/castle-nut-2\/","name":"Castle Nut - Quantong Fastener","isPartOf":{"@id":"https:\/\/quantongfastener.com\/#website"},"primaryImageOfPage":{"@id":"https:\/\/quantongfastener.com\/product\/castle-nut-2\/#primaryimage"},"image":{"@id":"https:\/\/quantongfastener.com\/product\/castle-nut-2\/#primaryimage"},"thumbnailUrl":"https:\/\/quantongfastener.com\/wp-content\/uploads\/2025\/08\/a9344232b31309cea741b3157d599e0.jpg","datePublished":"2025-08-09T15:33:08+00:00","dateModified":"2025-08-26T02:44:00+00:00","breadcrumb":{"@id":"https:\/\/quantongfastener.com\/product\/castle-nut-2\/#breadcrumb"},"inLanguage":"es","potentialAction":[{"@type":"ReadAction","target":["https:\/\/quantongfastener.com\/product\/castle-nut-2\/"]}]},{"@type":"ImageObject","inLanguage":"es","@id":"https:\/\/quantongfastener.com\/product\/castle-nut-2\/#primaryimage","url":"https:\/\/quantongfastener.com\/wp-content\/uploads\/2025\/08\/a9344232b31309cea741b3157d599e0.jpg","contentUrl":"https:\/\/quantongfastener.com\/wp-content\/uploads\/2025\/08\/a9344232b31309cea741b3157d599e0.jpg","width":610,"height":610},{"@type":"BreadcrumbList","@id":"https:\/\/quantongfastener.com\/product\/castle-nut-2\/#breadcrumb","itemListElement":[{"@type":"ListItem","position":1,"name":"Home","item":"https:\/\/quantongfastener.com\/"},{"@type":"ListItem","position":2,"name":"Products","item":"https:\/\/quantongfastener.com\/products\/"},{"@type":"ListItem","position":3,"name":"Castle Nut"}]},{"@type":"WebSite","@id":"https:\/\/quantongfastener.com\/#website","url":"https:\/\/quantongfastener.com\/","name":"Sujetador Quantong","description":"","publisher":{"@id":"https:\/\/quantongfastener.com\/#organization"},"potentialAction":[{"@type":"SearchAction","target":{"@type":"EntryPoint","urlTemplate":"https:\/\/quantongfastener.com\/?s={search_term_string}"},"query-input":{"@type":"PropertyValueSpecification","valueRequired":true,"valueName":"search_term_string"}}],"inLanguage":"es"},{"@type":"Organization","@id":"https:\/\/quantongfastener.com\/#organization","name":"Sujetador Quantong","url":"https:\/\/quantongfastener.com\/","logo":{"@type":"ImageObject","inLanguage":"es","@id":"https:\/\/quantongfastener.com\/#\/schema\/logo\/image\/","url":"https:\/\/quantongfastener.com\/wp-content\/uploads\/2025\/07\/logo.jpg","contentUrl":"https:\/\/quantongfastener.com\/wp-content\/uploads\/2025\/07\/logo.jpg","width":425,"height":424,"caption":"Quantong Fastener"},"image":{"@id":"https:\/\/quantongfastener.com\/#\/schema\/logo\/image\/"}}]}},"_links":{"self":[{"href":"https:\/\/quantongfastener.com\/es\/wp-json\/wp\/v2\/product\/2343","targetHints":{"allow":["GET"]}}],"collection":[{"href":"https:\/\/quantongfastener.com\/es\/wp-json\/wp\/v2\/product"}],"about":[{"href":"https:\/\/quantongfastener.com\/es\/wp-json\/wp\/v2\/types\/product"}],"wp:featuredmedia":[{"embeddable":true,"href":"https:\/\/quantongfastener.com\/es\/wp-json\/wp\/v2\/media\/2349"}],"wp:attachment":[{"href":"https:\/\/quantongfastener.com\/es\/wp-json\/wp\/v2\/media?parent=2343"}],"wp:term":[{"taxonomy":"product_brand","embeddable":true,"href":"https:\/\/quantongfastener.com\/es\/wp-json\/wp\/v2\/product_brand?post=2343"},{"taxonomy":"product_cat","embeddable":true,"href":"https:\/\/quantongfastener.com\/es\/wp-json\/wp\/v2\/product_cat?post=2343"},{"taxonomy":"product_tag","embeddable":true,"href":"https:\/\/quantongfastener.com\/es\/wp-json\/wp\/v2\/product_tag?post=2343"}],"curies":[{"name":"wp","href":"https:\/\/api.w.org\/{rel}","templated":true}]}}