{"id":2310,"date":"2025-08-09T15:12:05","date_gmt":"2025-08-09T15:12:05","guid":{"rendered":"https:\/\/quantongfastener.com\/?post_type=product&#038;p=2310"},"modified":"2025-08-09T15:12:05","modified_gmt":"2025-08-09T15:12:05","slug":"din582-round-nut-lifting-eye-nuts","status":"publish","type":"product","link":"https:\/\/quantongfastener.com\/es\/producto\/din582-round-nut-lifting-eye-nuts\/","title":{"rendered":"Tuerca redonda DIN582 Tuercas de ojo elevadoras"},"content":{"rendered":"<p><strong>Descripci\u00f3n del producto:<\/strong><\/p>\n<div class=\"table_wrap\">\n<table border=\"1\" cellspacing=\"0\" cellpadding=\"0\">\n<tbody>\n<tr align=\"left\">\n<td>\n<p align=\"left\">Art\u00edculo<\/p>\n<\/td>\n<td>\n<p align=\"left\">Tuercas de ojo de elevaci\u00f3n de acero inoxidable DIN582<\/p>\n<\/td>\n<\/tr>\n<tr align=\"left\">\n<td>\n<p align=\"left\">Certificaci\u00f3n<\/p>\n<\/td>\n<td>\n<p align=\"left\">SGS,ISO<\/p>\n<\/td>\n<\/tr>\n<tr align=\"left\">\n<td rowspan=\"3\">\n<p align=\"left\">Material<\/p>\n<\/td>\n<td>\n<p align=\"left\">Carbon steel(,Q235,C1010,C1020,C1040.C1045,10b21,etc)<\/p>\n<\/td>\n<\/tr>\n<tr align=\"left\">\n<td>\n<p align=\"left\">Lat\u00f3n\/cobre(H62,H65,H68,etc)<\/p>\n<\/td>\n<\/tr>\n<tr align=\"left\">\n<td>\n<p align=\"left\">acero inoxidable (SUS304 SUS316,SUS410)<\/p>\n<\/td>\n<\/tr>\n<tr align=\"left\">\n<td rowspan=\"2\">\n<p align=\"left\">Grado<\/p>\n<\/td>\n<td>\n<p align=\"left\">4.8,6.8,8.8,9.8,10.9,12.9,A2-70,A4-80<\/p>\n<\/td>\n<\/tr>\n<tr align=\"left\">\n<td>\n<p align=\"left\">ANSI,ASTM:2, 5 8 10<\/p>\n<\/td>\n<\/tr>\n<tr align=\"left\">\n<td rowspan=\"3\">\n<p align=\"left\">Tratamiento de superficies<\/p>\n<\/td>\n<td>\n<p align=\"left\">Zincado en color (galvanizado, puede ser blanco, azul, amarillo, verde) Galvanizado en caliente (HDG)<\/p>\n<\/td>\n<\/tr>\n<tr align=\"left\">\n<td>\n<p align=\"left\">Niquelado, Cromado, Esta\u00f1ado, Dacromet<\/p>\n<\/td>\n<\/tr>\n<tr align=\"left\">\n<td>\n<p align=\"left\">Cadmio, Geomet, Pulido, Electroforesis<\/p>\n<\/td>\n<\/tr>\n<tr align=\"left\">\n<td>\n<p align=\"left\">Talla<\/p>\n<\/td>\n<td>\n<p align=\"left\">M3-M100(Tama\u00f1o normal)<\/p>\n<\/td>\n<\/tr>\n<tr align=\"left\">\n<td>\n<p align=\"left\">Puerto<\/p>\n<\/td>\n<td>\n<p align=\"left\">Ningbo o Shanghai<\/p>\n<\/td>\n<\/tr>\n<tr align=\"left\">\n<td>\n<p align=\"left\">Embalaje<\/p>\n<\/td>\n<td>\n<p align=\"left\" data-spm-anchor-id=\"a2700.details.0.i25.7df12081seSF98\">25Kg\/Cart\u00f3n,bulking,36Cart\u00f3n\/Palet<\/p>\n<\/td>\n<\/tr>\n<\/tbody>\n<\/table>\n<\/div>\n<p><strong>Ventajas del producto:<\/strong><\/p>\n<ol>\n<li><strong>Mecanizado de precisi\u00f3n<\/strong><\/li>\n<\/ol>\n<p align=\"justify\">\u2606 Medir y procesar utilizando m\u00e1quinas herramienta de precisi\u00f3n y herramientas de medici\u00f3n en condiciones ambientales estrictamente controladas.<\/p>\n<p align=\"justify\"><strong>\u00a0\u00a0<\/strong>\u00a0 \u00a0 \u00a0 2.<strong>Material met\u00e1lico de alta calidad<\/strong><\/p>\n<p align=\"justify\">\u2606 Con larga vida \u00fatil, baja generaci\u00f3n de calor, alta dureza, alta rigidez, bajo nivel de ruido, alta resistencia al desgaste y otras caracter\u00edsticas.<\/p>\n<p align=\"justify\"><strong>\u00a0 \u00a0 \u00a0 \u00a0\u00a0<\/strong>3.<strong>\u00a0Rentable<\/strong><\/p>\n<p align=\"justify\">\u2606 El uso de high-qualityMetal material, despu\u00e9s de la precisi\u00f3n de procesamiento y formaci\u00f3n, mejora en gran medida la experiencia del usuario.<\/p>\n<p><strong>Par\u00e1metros del producto:<\/strong><\/p>\n<p><a href=\"https:\/\/www.cyfastener.com\/uploads\/1582090751448017377m.jpg\"><img decoding=\"async\" class=\"alignnone size-full wp-image-6900\" src=\"https:\/\/www.cyfastener.com\/uploads\/1582090751448017377m.jpg\" alt=\"1582090751448017377m\" \/><\/a><\/p>\n<div class=\"table_wrap\">\n<table border=\"0\" cellspacing=\"0\" cellpadding=\"0\">\n<colgroup>\n<col span=\"17\" width=\"64\" \/><\/colgroup>\n<tbody>\n<tr>\n<td colspan=\"2\" width=\"128\" height=\"19\">Tama\u00f1o de rosca<\/td>\n<td rowspan=\"2\" width=\"64\"><a>M8<\/a><\/td>\n<td rowspan=\"2\" width=\"64\"><a>M10<\/a><\/td>\n<td rowspan=\"2\" width=\"64\"><a>M12<\/a><\/td>\n<td rowspan=\"2\" width=\"64\"><a>M16<\/a><\/td>\n<td rowspan=\"2\" width=\"64\"><a>M20<\/a><\/td>\n<td rowspan=\"2\" width=\"64\"><a>M24<\/a><\/td>\n<td rowspan=\"2\" width=\"64\"><a>M30<\/a><\/td>\n<td rowspan=\"2\" width=\"64\"><a>M36<\/a><\/td>\n<td rowspan=\"2\" width=\"64\"><a>M42<\/a><\/td>\n<td rowspan=\"2\" width=\"64\"><a>M48<\/a><\/td>\n<td rowspan=\"2\" width=\"64\"><a>M56<\/a><\/td>\n<td rowspan=\"2\" width=\"64\"><a>M64<\/a><\/td>\n<td rowspan=\"2\" width=\"64\"><a>M72\u00d76<\/a><\/td>\n<td rowspan=\"2\" width=\"64\"><a>M80\u00d76<\/a><\/td>\n<td rowspan=\"2\" width=\"64\"><a>M100\u00d76<\/a><\/td>\n<\/tr>\n<tr>\n<td colspan=\"2\" width=\"128\" height=\"19\">d<\/td>\n<\/tr>\n<tr>\n<td rowspan=\"3\" height=\"57\">d<sub>k<\/sub><\/td>\n<td>Nominal<\/td>\n<td width=\"64\">20<\/td>\n<td width=\"64\">25<\/td>\n<td width=\"64\">30<\/td>\n<td width=\"64\">35<\/td>\n<td width=\"64\">40<\/td>\n<td width=\"64\">50<\/td>\n<td width=\"64\">65<\/td>\n<td width=\"64\">75<\/td>\n<td width=\"64\">85<\/td>\n<td width=\"64\">100<\/td>\n<td width=\"64\">110<\/td>\n<td width=\"64\">120<\/td>\n<td width=\"64\">150<\/td>\n<td width=\"64\">170<\/td>\n<td width=\"64\">190<\/td>\n<\/tr>\n<tr>\n<td height=\"19\">m\u00ednimo<\/td>\n<td width=\"64\">19.5<\/td>\n<td width=\"64\">24.5<\/td>\n<td width=\"64\">29.5<\/td>\n<td width=\"64\">34.4<\/td>\n<td width=\"64\">39.4<\/td>\n<td width=\"64\">49.3<\/td>\n<td width=\"64\">64.3<\/td>\n<td width=\"64\">74.3<\/td>\n<td width=\"64\">84.3<\/td>\n<td width=\"64\">99.2<\/td>\n<td width=\"64\">108.9<\/td>\n<td width=\"64\">118.9<\/td>\n<td width=\"64\">148.8<\/td>\n<td width=\"64\">168.5<\/td>\n<td width=\"64\">188.5<\/td>\n<\/tr>\n<tr>\n<td height=\"19\">valor m\u00e1ximo<\/td>\n<td width=\"64\">20.9<\/td>\n<td width=\"64\">26.1<\/td>\n<td width=\"64\">30.9<\/td>\n<td width=\"64\">36.2<\/td>\n<td width=\"64\">41.2<\/td>\n<td width=\"64\">51.3<\/td>\n<td width=\"64\">66.3<\/td>\n<td width=\"64\">76.5<\/td>\n<td width=\"64\">86.5<\/td>\n<td width=\"64\">101.7<\/td>\n<td width=\"64\">112.1<\/td>\n<td width=\"64\">122.1<\/td>\n<td width=\"64\">152.4<\/td>\n<td width=\"64\">173<\/td>\n<td width=\"64\">193<\/td>\n<\/tr>\n<tr>\n<td rowspan=\"3\" height=\"57\">d<sub>2<\/sub><\/td>\n<td id=\"id1\">Nominal<\/td>\n<td width=\"64\">36<\/td>\n<td width=\"64\">45<\/td>\n<td width=\"64\">54<\/td>\n<td width=\"64\">63<\/td>\n<td width=\"64\">72<\/td>\n<td width=\"64\">90<\/td>\n<td width=\"64\">108<\/td>\n<td width=\"64\">126<\/td>\n<td width=\"64\">144<\/td>\n<td width=\"64\">166<\/td>\n<td width=\"64\">184<\/td>\n<td width=\"64\">206<\/td>\n<td width=\"64\">260<\/td>\n<td width=\"64\">296<\/td>\n<td width=\"64\">330<\/td>\n<\/tr>\n<tr>\n<td height=\"19\">m\u00ednimo<\/td>\n<td width=\"64\">35.5<\/td>\n<td width=\"64\">44.4<\/td>\n<td width=\"64\">53.5<\/td>\n<td width=\"64\">62.4<\/td>\n<td width=\"64\">71.4<\/td>\n<td width=\"64\">89.3<\/td>\n<td width=\"64\">107.3<\/td>\n<td width=\"64\">125.2<\/td>\n<td width=\"64\">143.2<\/td>\n<td width=\"64\">164.9<\/td>\n<td width=\"64\">182.8<\/td>\n<td width=\"64\">204.8<\/td>\n<td width=\"64\">258.5<\/td>\n<td width=\"64\">294.3<\/td>\n<td width=\"64\">328.3<\/td>\n<\/tr>\n<tr>\n<td height=\"19\">valor m\u00e1ximo<\/td>\n<td width=\"64\">37.1<\/td>\n<td width=\"64\">46.2<\/td>\n<td width=\"64\">55.1<\/td>\n<td width=\"64\">64.2<\/td>\n<td width=\"64\">73.2<\/td>\n<td width=\"64\">91.3<\/td>\n<td width=\"64\">109.5<\/td>\n<td width=\"64\">127.7<\/td>\n<td width=\"64\">145.7<\/td>\n<td width=\"64\">168.1<\/td>\n<td width=\"64\">186.4<\/td>\n<td width=\"64\">208.4<\/td>\n<td width=\"64\">263<\/td>\n<td width=\"64\">299.3<\/td>\n<td width=\"64\">333.3<\/td>\n<\/tr>\n<tr>\n<td rowspan=\"3\" height=\"57\">d<sub>1<\/sub><\/td>\n<td id=\"id1\">Nominal<\/td>\n<td width=\"64\">20<\/td>\n<td width=\"64\">25<\/td>\n<td width=\"64\">30<\/td>\n<td width=\"64\">35<\/td>\n<td width=\"64\">40<\/td>\n<td width=\"64\">50<\/td>\n<td width=\"64\">60<\/td>\n<td width=\"64\">70<\/td>\n<td width=\"64\">80<\/td>\n<td width=\"64\">90<\/td>\n<td width=\"64\">100<\/td>\n<td width=\"64\">110<\/td>\n<td width=\"64\">140<\/td>\n<td width=\"64\">160<\/td>\n<td width=\"64\">180<\/td>\n<\/tr>\n<tr>\n<td height=\"19\">m\u00ednimo<\/td>\n<td width=\"64\">19.1<\/td>\n<td width=\"64\">23.9<\/td>\n<td width=\"64\">29.1<\/td>\n<td width=\"64\">33.8<\/td>\n<td width=\"64\">38.8<\/td>\n<td width=\"64\">48.7<\/td>\n<td width=\"64\">58.7<\/td>\n<td width=\"64\">68.5<\/td>\n<td width=\"64\">78.5<\/td>\n<td width=\"64\">88.3<\/td>\n<td width=\"64\">98.1<\/td>\n<td width=\"64\">107.9<\/td>\n<td width=\"64\">137.6<\/td>\n<td width=\"64\">157.3<\/td>\n<td width=\"64\">177<\/td>\n<\/tr>\n<tr>\n<td height=\"19\">valor m\u00e1ximo<\/td>\n<td width=\"64\">20.5<\/td>\n<td width=\"64\">25.5<\/td>\n<td width=\"64\">30.5<\/td>\n<td width=\"64\">35.6<\/td>\n<td width=\"64\">40.6<\/td>\n<td width=\"64\">50.7<\/td>\n<td width=\"64\">60.7<\/td>\n<td width=\"64\">70.7<\/td>\n<td width=\"64\">80.7<\/td>\n<td width=\"64\">90.8<\/td>\n<td width=\"64\">100.9<\/td>\n<td width=\"64\">111.1<\/td>\n<td width=\"64\">141.2<\/td>\n<td width=\"64\">161.3<\/td>\n<td width=\"64\">181.5<\/td>\n<\/tr>\n<tr>\n<td rowspan=\"3\" height=\"57\">k<\/td>\n<td id=\"id1\">Nominal<\/td>\n<td width=\"64\">8.5<\/td>\n<td width=\"64\">10<\/td>\n<td width=\"64\">11<\/td>\n<td width=\"64\">13<\/td>\n<td width=\"64\">16<\/td>\n<td width=\"64\">20<\/td>\n<td width=\"64\">25<\/td>\n<td width=\"64\">30<\/td>\n<td width=\"64\">35<\/td>\n<td width=\"64\">40<\/td>\n<td width=\"64\">45<\/td>\n<td width=\"64\">50<\/td>\n<td width=\"64\">60<\/td>\n<td width=\"64\">70<\/td>\n<td width=\"64\">80<\/td>\n<\/tr>\n<tr>\n<td height=\"19\">m\u00ednimo<\/td>\n<td width=\"64\">8<\/td>\n<td width=\"64\">9.5<\/td>\n<td width=\"64\">10.5<\/td>\n<td width=\"64\">12.5<\/td>\n<td width=\"64\">15.5<\/td>\n<td width=\"64\">19.5<\/td>\n<td width=\"64\">24.4<\/td>\n<td width=\"64\">29.3<\/td>\n<td width=\"64\">34.3<\/td>\n<td width=\"64\">39.2<\/td>\n<td width=\"64\">44.1<\/td>\n<td width=\"64\">49.1<\/td>\n<td width=\"64\">58.9<\/td>\n<td width=\"64\">68.8<\/td>\n<td width=\"64\">78.8<\/td>\n<\/tr>\n<tr>\n<td height=\"19\">valor m\u00e1ximo<\/td>\n<td width=\"64\">9.4<\/td>\n<td width=\"64\">10.9<\/td>\n<td width=\"64\">11.9<\/td>\n<td width=\"64\">13.9<\/td>\n<td width=\"64\">16.9<\/td>\n<td width=\"64\">21.1<\/td>\n<td width=\"64\">26.2<\/td>\n<td width=\"64\">31.3<\/td>\n<td width=\"64\">36.5<\/td>\n<td width=\"64\">41.7<\/td>\n<td width=\"64\">46.9<\/td>\n<td width=\"64\">51.9<\/td>\n<td width=\"64\">62.1<\/td>\n<td width=\"64\">72.4<\/td>\n<td width=\"64\">82.4<\/td>\n<\/tr>\n<tr>\n<td rowspan=\"3\" height=\"57\">h<\/td>\n<td id=\"id1\">Nominal<\/td>\n<td width=\"64\">36<\/td>\n<td width=\"64\">45<\/td>\n<td width=\"64\">53<\/td>\n<td width=\"64\">62<\/td>\n<td width=\"64\">71<\/td>\n<td width=\"64\">90<\/td>\n<td width=\"64\">109<\/td>\n<td width=\"64\">128<\/td>\n<td width=\"64\">147<\/td>\n<td width=\"64\">168<\/td>\n<td width=\"64\">187<\/td>\n<td width=\"64\">208<\/td>\n<td width=\"64\">260<\/td>\n<td width=\"64\">298<\/td>\n<td width=\"64\">330<\/td>\n<\/tr>\n<tr>\n<td height=\"19\">m\u00ednimo<\/td>\n<td width=\"64\">35.5<\/td>\n<td width=\"64\">44.4<\/td>\n<td width=\"64\">52.5<\/td>\n<td width=\"64\">61.4<\/td>\n<td width=\"64\">70.4<\/td>\n<td width=\"64\">89.3<\/td>\n<td width=\"64\">108.3<\/td>\n<td width=\"64\">127.2<\/td>\n<td width=\"64\">146.2<\/td>\n<td width=\"64\">166.9<\/td>\n<td width=\"64\">185.8<\/td>\n<td width=\"64\">206.8<\/td>\n<td width=\"64\">258.5<\/td>\n<td width=\"64\">296.3<\/td>\n<td width=\"64\">328.3<\/td>\n<\/tr>\n<tr>\n<td height=\"19\">valor m\u00e1ximo<\/td>\n<td width=\"64\">37.1<\/td>\n<td width=\"64\">46.2<\/td>\n<td width=\"64\">54.1<\/td>\n<td width=\"64\">63.2<\/td>\n<td width=\"64\">72.2<\/td>\n<td width=\"64\">91.3<\/td>\n<td width=\"64\">110.5<\/td>\n<td width=\"64\">129.7<\/td>\n<td width=\"64\">148.7<\/td>\n<td width=\"64\">170.1<\/td>\n<td width=\"64\">189.4<\/td>\n<td width=\"64\">210.4<\/td>\n<td width=\"64\">263<\/td>\n<td width=\"64\">301.3<\/td>\n<td width=\"64\">333.3<\/td>\n<\/tr>\n<tr>\n<td rowspan=\"3\" height=\"57\">d<sub>0<\/sub><\/td>\n<td id=\"id1\">Nominal<\/td>\n<td width=\"64\">8<\/td>\n<td width=\"64\">10<\/td>\n<td width=\"64\">12<\/td>\n<td width=\"64\">14<\/td>\n<td width=\"64\">16<\/td>\n<td width=\"64\">20<\/td>\n<td width=\"64\">24<\/td>\n<td width=\"64\">28<\/td>\n<td width=\"64\">32<\/td>\n<td width=\"64\">38<\/td>\n<td width=\"64\">42<\/td>\n<td width=\"64\">48<\/td>\n<td width=\"64\">60<\/td>\n<td width=\"64\">68<\/td>\n<td width=\"64\">75<\/td>\n<\/tr>\n<tr>\n<td height=\"19\">m\u00ednimo<\/td>\n<td width=\"64\">7.5<\/td>\n<td width=\"64\">9.5<\/td>\n<td width=\"64\">11.5<\/td>\n<td width=\"64\">13.5<\/td>\n<td width=\"64\">15.5<\/td>\n<td width=\"64\">19.4<\/td>\n<td width=\"64\">23.4<\/td>\n<td width=\"64\">27.3<\/td>\n<td width=\"64\">31.3<\/td>\n<td width=\"64\">37.2<\/td>\n<td width=\"64\">41.1<\/td>\n<td width=\"64\">47.1<\/td>\n<td width=\"64\">58.9<\/td>\n<td width=\"64\">66.8<\/td>\n<td width=\"64\">73.8<\/td>\n<\/tr>\n<tr>\n<td height=\"19\">valor m\u00e1ximo<\/td>\n<td width=\"64\">8.9<\/td>\n<td width=\"64\">11.1<\/td>\n<td width=\"64\">12.9<\/td>\n<td width=\"64\">15.1<\/td>\n<td width=\"64\">17.1<\/td>\n<td width=\"64\">21.2<\/td>\n<td width=\"64\">25.2<\/td>\n<td width=\"64\">29.3<\/td>\n<td width=\"64\">33.3<\/td>\n<td width=\"64\">39.7<\/td>\n<td width=\"64\">43.9<\/td>\n<td width=\"64\">49.9<\/td>\n<td width=\"64\">62.1<\/td>\n<td width=\"64\">70.4<\/td>\n<td width=\"64\">77.4<\/td>\n<\/tr>\n<tr>\n<td rowspan=\"3\" height=\"57\">d<sub>3<\/sub><\/td>\n<td id=\"id1\">Nominal<\/td>\n<td width=\"64\">10<\/td>\n<td width=\"64\">12<\/td>\n<td width=\"64\">14<\/td>\n<td width=\"64\">16<\/td>\n<td width=\"64\">19<\/td>\n<td width=\"64\">24<\/td>\n<td width=\"64\">28<\/td>\n<td width=\"64\">32<\/td>\n<td width=\"64\">38<\/td>\n<td width=\"64\">46<\/td>\n<td width=\"64\">50<\/td>\n<td width=\"64\">58<\/td>\n<td width=\"64\">72<\/td>\n<td width=\"64\">80<\/td>\n<td width=\"64\">88<\/td>\n<\/tr>\n<tr>\n<td height=\"19\">m\u00ednimo<\/td>\n<td width=\"64\">9.5<\/td>\n<td width=\"64\">11.5<\/td>\n<td width=\"64\">13.5<\/td>\n<td width=\"64\">15.5<\/td>\n<td width=\"64\">18.5<\/td>\n<td width=\"64\">23.4<\/td>\n<td width=\"64\">27.4<\/td>\n<td width=\"64\">31.3<\/td>\n<td width=\"64\">37.3<\/td>\n<td width=\"64\">45.2<\/td>\n<td width=\"64\">49.1<\/td>\n<td width=\"64\">57.1<\/td>\n<td width=\"64\">70.9<\/td>\n<td width=\"64\">78.8<\/td>\n<td width=\"64\">86.8<\/td>\n<\/tr>\n<tr>\n<td height=\"19\">valor m\u00e1ximo<\/td>\n<td width=\"64\">10.9<\/td>\n<td width=\"64\">13.1<\/td>\n<td width=\"64\">14.9<\/td>\n<td width=\"64\">17.1<\/td>\n<td width=\"64\">20.1<\/td>\n<td width=\"64\">25.2<\/td>\n<td width=\"64\">29.2<\/td>\n<td width=\"64\">33.3<\/td>\n<td width=\"64\">39.5<\/td>\n<td width=\"64\">47.7<\/td>\n<td width=\"64\">51.9<\/td>\n<td width=\"64\">59.9<\/td>\n<td width=\"64\">74.1<\/td>\n<td width=\"64\">82.4<\/td>\n<td width=\"64\">90.4<\/td>\n<\/tr>\n<tr>\n<td colspan=\"2\" height=\"20\">Peso individual (acero)\u2248kg<\/td>\n<td width=\"64\">0.05<\/td>\n<td width=\"64\">0.09<\/td>\n<td width=\"64\">0.16<\/td>\n<td width=\"64\">0.24<\/td>\n<td width=\"64\">0.36<\/td>\n<td width=\"64\">0.72<\/td>\n<td width=\"64\">1.32<\/td>\n<td width=\"64\">2.08<\/td>\n<td width=\"64\">3.11<\/td>\n<td width=\"64\">5.02<\/td>\n<td width=\"64\">6.69<\/td>\n<td width=\"64\">9.3<\/td>\n<td width=\"64\">18.5<\/td>\n<td width=\"64\">27.3<\/td>\n<td width=\"64\">36.4<\/td>\n<\/tr>\n<\/tbody>\n<\/table>\n<\/div>\n<p><strong>NUESTRO PAQUETE:<\/strong><\/p>\n<p align=\"justify\">1. Sacos de 25 kg o de 50 kg.<br \/>\n2. bolsas con palet.<br \/>\n3. Cajas de cart\u00f3n de 25 kg o cajas de cart\u00f3n con pal\u00e9.<br \/>\n4. Embalaje a petici\u00f3n del cliente<\/p>","protected":false},"excerpt":{"rendered":"<p>PRECIO EXW : 720USD-910USD\/TONELADA<br \/>\nPedido m\u00ednimo:2TONS<br \/>\nEMBALAJE:BOLSA\/CAJA CON PALET<br \/>\nPUERTO:TIANJIN\/QINGDAO\/SHANGHAI\/NINGBO<br \/>\nENTREGA:5-30DAYS ON QTY<br \/>\nPAGO:T\/T\/LC<br \/>\nCapacidad de suministro:600 TON PER MONTH<\/p>\n<p>&nbsp;<\/p>\n<ul>\n<li><em>Precio FOB:<\/em>US $0.5 - 9,999 \/ Pieza<\/li>\n<li><em>Cantidad m\u00ednima de pedido:<\/em>100 unidades\/piezas<\/li>\n<li><em>Capacidad de suministro:<\/em>10000 Piezas\/Pieza por Mes<\/li>\n<\/ul>","protected":false},"featured_media":2312,"template":"","meta":{"_kad_post_transparent":"default","_kad_post_title":"","_kad_post_layout":"default","_kad_post_sidebar_id":"","_kad_post_content_style":"default","_kad_post_vertical_padding":"default","_kad_post_feature":"","_kad_post_feature_position":"","_kad_post_header":false,"_kad_post_footer":false},"product_brand":[],"product_cat":[29],"product_tag":[],"class_list":{"0":"post-2310","1":"product","2":"type-product","3":"status-publish","4":"has-post-thumbnail","6":"product_cat-nut","8":"first","9":"instock","10":"shipping-taxable","11":"product-type-simple","12":"entry","13":"content-bg","14":"loop-entry"},"yoast_head":"<!-- This site is optimized with the Yoast SEO plugin v27.4 - https:\/\/yoast.com\/product\/yoast-seo-wordpress\/ -->\n<title>DIN582 Round Nut Lifting Eye Nuts - Quantong Fastener<\/title>\n<meta name=\"robots\" content=\"index, follow, max-snippet:-1, max-image-preview:large, max-video-preview:-1\" \/>\n<link rel=\"canonical\" href=\"https:\/\/quantongfastener.com\/es\/producto\/din582-round-nut-lifting-eye-nuts\/\" \/>\n<meta property=\"og:locale\" content=\"es_ES\" \/>\n<meta property=\"og:type\" content=\"article\" \/>\n<meta property=\"og:title\" content=\"DIN582 Round Nut Lifting Eye Nuts - Quantong Fastener\" \/>\n<meta property=\"og:description\" content=\"EXW PRICE : 720USD-910USD\/TON Min.Order Quantity:2TONS PACKAGING:BAG\/BOX WITH PALLET PORT:TIANJIN\/QINGDAO\/SHANGHAI\/NINGBO DELIVERY:5-30DAYS ON QTY PAYMENT:T\/T\/LC Supply Ability:600 TON PER MONTH  &nbsp;   FOB Price:US $0.5 - 9,999 \/ Piece  Min.Order Quantity:100 Piece\/Pieces  Supply Ability:10000 Piece\/Pieces per Month\" \/>\n<meta property=\"og:url\" content=\"https:\/\/quantongfastener.com\/es\/producto\/din582-round-nut-lifting-eye-nuts\/\" \/>\n<meta property=\"og:site_name\" content=\"Quantong Fastener\" \/>\n<meta property=\"og:image\" content=\"https:\/\/quantongfastener.com\/wp-content\/uploads\/2025\/08\/DIN582-Round-Nut-Lifting-Eye-Nuts-2.jpg\" \/>\n\t<meta property=\"og:image:width\" content=\"610\" \/>\n\t<meta property=\"og:image:height\" content=\"610\" \/>\n\t<meta property=\"og:image:type\" content=\"image\/jpeg\" \/>\n<meta name=\"twitter:card\" content=\"summary_large_image\" \/>\n<meta name=\"twitter:label1\" content=\"Tiempo de lectura\" \/>\n\t<meta name=\"twitter:data1\" content=\"3 minutos\" \/>\n<script type=\"application\/ld+json\" class=\"yoast-schema-graph\">{\"@context\":\"https:\\\/\\\/schema.org\",\"@graph\":[{\"@type\":\"WebPage\",\"@id\":\"https:\\\/\\\/quantongfastener.com\\\/product\\\/din582-round-nut-lifting-eye-nuts\\\/\",\"url\":\"https:\\\/\\\/quantongfastener.com\\\/product\\\/din582-round-nut-lifting-eye-nuts\\\/\",\"name\":\"DIN582 Round Nut Lifting Eye Nuts - Quantong Fastener\",\"isPartOf\":{\"@id\":\"https:\\\/\\\/quantongfastener.com\\\/#website\"},\"primaryImageOfPage\":{\"@id\":\"https:\\\/\\\/quantongfastener.com\\\/product\\\/din582-round-nut-lifting-eye-nuts\\\/#primaryimage\"},\"image\":{\"@id\":\"https:\\\/\\\/quantongfastener.com\\\/product\\\/din582-round-nut-lifting-eye-nuts\\\/#primaryimage\"},\"thumbnailUrl\":\"https:\\\/\\\/quantongfastener.com\\\/wp-content\\\/uploads\\\/2025\\\/08\\\/DIN582-Round-Nut-Lifting-Eye-Nuts-2.jpg\",\"datePublished\":\"2025-08-09T15:12:05+00:00\",\"breadcrumb\":{\"@id\":\"https:\\\/\\\/quantongfastener.com\\\/product\\\/din582-round-nut-lifting-eye-nuts\\\/#breadcrumb\"},\"inLanguage\":\"es\",\"potentialAction\":[{\"@type\":\"ReadAction\",\"target\":[\"https:\\\/\\\/quantongfastener.com\\\/product\\\/din582-round-nut-lifting-eye-nuts\\\/\"]}]},{\"@type\":\"ImageObject\",\"inLanguage\":\"es\",\"@id\":\"https:\\\/\\\/quantongfastener.com\\\/product\\\/din582-round-nut-lifting-eye-nuts\\\/#primaryimage\",\"url\":\"https:\\\/\\\/quantongfastener.com\\\/wp-content\\\/uploads\\\/2025\\\/08\\\/DIN582-Round-Nut-Lifting-Eye-Nuts-2.jpg\",\"contentUrl\":\"https:\\\/\\\/quantongfastener.com\\\/wp-content\\\/uploads\\\/2025\\\/08\\\/DIN582-Round-Nut-Lifting-Eye-Nuts-2.jpg\",\"width\":610,\"height\":610},{\"@type\":\"BreadcrumbList\",\"@id\":\"https:\\\/\\\/quantongfastener.com\\\/product\\\/din582-round-nut-lifting-eye-nuts\\\/#breadcrumb\",\"itemListElement\":[{\"@type\":\"ListItem\",\"position\":1,\"name\":\"Home\",\"item\":\"https:\\\/\\\/quantongfastener.com\\\/\"},{\"@type\":\"ListItem\",\"position\":2,\"name\":\"Products\",\"item\":\"https:\\\/\\\/quantongfastener.com\\\/products\\\/\"},{\"@type\":\"ListItem\",\"position\":3,\"name\":\"DIN582 Round Nut Lifting Eye Nuts\"}]},{\"@type\":\"WebSite\",\"@id\":\"https:\\\/\\\/quantongfastener.com\\\/#website\",\"url\":\"https:\\\/\\\/quantongfastener.com\\\/\",\"name\":\"Quantong Fastener\",\"description\":\"\",\"publisher\":{\"@id\":\"https:\\\/\\\/quantongfastener.com\\\/#organization\"},\"potentialAction\":[{\"@type\":\"SearchAction\",\"target\":{\"@type\":\"EntryPoint\",\"urlTemplate\":\"https:\\\/\\\/quantongfastener.com\\\/?s={search_term_string}\"},\"query-input\":{\"@type\":\"PropertyValueSpecification\",\"valueRequired\":true,\"valueName\":\"search_term_string\"}}],\"inLanguage\":\"es\"},{\"@type\":\"Organization\",\"@id\":\"https:\\\/\\\/quantongfastener.com\\\/#organization\",\"name\":\"Quantong Fastener\",\"url\":\"https:\\\/\\\/quantongfastener.com\\\/\",\"logo\":{\"@type\":\"ImageObject\",\"inLanguage\":\"es\",\"@id\":\"https:\\\/\\\/quantongfastener.com\\\/#\\\/schema\\\/logo\\\/image\\\/\",\"url\":\"https:\\\/\\\/quantongfastener.com\\\/wp-content\\\/uploads\\\/2025\\\/07\\\/logo.jpg\",\"contentUrl\":\"https:\\\/\\\/quantongfastener.com\\\/wp-content\\\/uploads\\\/2025\\\/07\\\/logo.jpg\",\"width\":425,\"height\":424,\"caption\":\"Quantong Fastener\"},\"image\":{\"@id\":\"https:\\\/\\\/quantongfastener.com\\\/#\\\/schema\\\/logo\\\/image\\\/\"}}]}<\/script>\n<!-- \/ Yoast SEO plugin. -->","yoast_head_json":{"title":"DIN582 Round Nut Lifting Eye Nuts - Quantong Fastener","robots":{"index":"index","follow":"follow","max-snippet":"max-snippet:-1","max-image-preview":"max-image-preview:large","max-video-preview":"max-video-preview:-1"},"canonical":"https:\/\/quantongfastener.com\/es\/producto\/din582-round-nut-lifting-eye-nuts\/","og_locale":"es_ES","og_type":"article","og_title":"DIN582 Round Nut Lifting Eye Nuts - Quantong Fastener","og_description":"EXW PRICE : 720USD-910USD\/TON Min.Order Quantity:2TONS PACKAGING:BAG\/BOX WITH PALLET PORT:TIANJIN\/QINGDAO\/SHANGHAI\/NINGBO DELIVERY:5-30DAYS ON QTY PAYMENT:T\/T\/LC Supply Ability:600 TON PER MONTH  &nbsp;   FOB Price:US $0.5 - 9,999 \/ Piece  Min.Order Quantity:100 Piece\/Pieces  Supply Ability:10000 Piece\/Pieces per Month","og_url":"https:\/\/quantongfastener.com\/es\/producto\/din582-round-nut-lifting-eye-nuts\/","og_site_name":"Quantong Fastener","og_image":[{"width":610,"height":610,"url":"https:\/\/quantongfastener.com\/wp-content\/uploads\/2025\/08\/DIN582-Round-Nut-Lifting-Eye-Nuts-2.jpg","type":"image\/jpeg"}],"twitter_card":"summary_large_image","twitter_misc":{"Tiempo de lectura":"3 minutos"},"schema":{"@context":"https:\/\/schema.org","@graph":[{"@type":"WebPage","@id":"https:\/\/quantongfastener.com\/product\/din582-round-nut-lifting-eye-nuts\/","url":"https:\/\/quantongfastener.com\/product\/din582-round-nut-lifting-eye-nuts\/","name":"DIN582 Round Nut Lifting Eye Nuts - Quantong Fastener","isPartOf":{"@id":"https:\/\/quantongfastener.com\/#website"},"primaryImageOfPage":{"@id":"https:\/\/quantongfastener.com\/product\/din582-round-nut-lifting-eye-nuts\/#primaryimage"},"image":{"@id":"https:\/\/quantongfastener.com\/product\/din582-round-nut-lifting-eye-nuts\/#primaryimage"},"thumbnailUrl":"https:\/\/quantongfastener.com\/wp-content\/uploads\/2025\/08\/DIN582-Round-Nut-Lifting-Eye-Nuts-2.jpg","datePublished":"2025-08-09T15:12:05+00:00","breadcrumb":{"@id":"https:\/\/quantongfastener.com\/product\/din582-round-nut-lifting-eye-nuts\/#breadcrumb"},"inLanguage":"es","potentialAction":[{"@type":"ReadAction","target":["https:\/\/quantongfastener.com\/product\/din582-round-nut-lifting-eye-nuts\/"]}]},{"@type":"ImageObject","inLanguage":"es","@id":"https:\/\/quantongfastener.com\/product\/din582-round-nut-lifting-eye-nuts\/#primaryimage","url":"https:\/\/quantongfastener.com\/wp-content\/uploads\/2025\/08\/DIN582-Round-Nut-Lifting-Eye-Nuts-2.jpg","contentUrl":"https:\/\/quantongfastener.com\/wp-content\/uploads\/2025\/08\/DIN582-Round-Nut-Lifting-Eye-Nuts-2.jpg","width":610,"height":610},{"@type":"BreadcrumbList","@id":"https:\/\/quantongfastener.com\/product\/din582-round-nut-lifting-eye-nuts\/#breadcrumb","itemListElement":[{"@type":"ListItem","position":1,"name":"Home","item":"https:\/\/quantongfastener.com\/"},{"@type":"ListItem","position":2,"name":"Products","item":"https:\/\/quantongfastener.com\/products\/"},{"@type":"ListItem","position":3,"name":"DIN582 Round Nut Lifting Eye Nuts"}]},{"@type":"WebSite","@id":"https:\/\/quantongfastener.com\/#website","url":"https:\/\/quantongfastener.com\/","name":"Sujetador Quantong","description":"","publisher":{"@id":"https:\/\/quantongfastener.com\/#organization"},"potentialAction":[{"@type":"SearchAction","target":{"@type":"EntryPoint","urlTemplate":"https:\/\/quantongfastener.com\/?s={search_term_string}"},"query-input":{"@type":"PropertyValueSpecification","valueRequired":true,"valueName":"search_term_string"}}],"inLanguage":"es"},{"@type":"Organization","@id":"https:\/\/quantongfastener.com\/#organization","name":"Sujetador Quantong","url":"https:\/\/quantongfastener.com\/","logo":{"@type":"ImageObject","inLanguage":"es","@id":"https:\/\/quantongfastener.com\/#\/schema\/logo\/image\/","url":"https:\/\/quantongfastener.com\/wp-content\/uploads\/2025\/07\/logo.jpg","contentUrl":"https:\/\/quantongfastener.com\/wp-content\/uploads\/2025\/07\/logo.jpg","width":425,"height":424,"caption":"Quantong Fastener"},"image":{"@id":"https:\/\/quantongfastener.com\/#\/schema\/logo\/image\/"}}]}},"_links":{"self":[{"href":"https:\/\/quantongfastener.com\/es\/wp-json\/wp\/v2\/product\/2310","targetHints":{"allow":["GET"]}}],"collection":[{"href":"https:\/\/quantongfastener.com\/es\/wp-json\/wp\/v2\/product"}],"about":[{"href":"https:\/\/quantongfastener.com\/es\/wp-json\/wp\/v2\/types\/product"}],"wp:featuredmedia":[{"embeddable":true,"href":"https:\/\/quantongfastener.com\/es\/wp-json\/wp\/v2\/media\/2312"}],"wp:attachment":[{"href":"https:\/\/quantongfastener.com\/es\/wp-json\/wp\/v2\/media?parent=2310"}],"wp:term":[{"taxonomy":"product_brand","embeddable":true,"href":"https:\/\/quantongfastener.com\/es\/wp-json\/wp\/v2\/product_brand?post=2310"},{"taxonomy":"product_cat","embeddable":true,"href":"https:\/\/quantongfastener.com\/es\/wp-json\/wp\/v2\/product_cat?post=2310"},{"taxonomy":"product_tag","embeddable":true,"href":"https:\/\/quantongfastener.com\/es\/wp-json\/wp\/v2\/product_tag?post=2310"}],"curies":[{"name":"wp","href":"https:\/\/api.w.org\/{rel}","templated":true}]}}