{"id":2285,"date":"2025-08-09T15:03:30","date_gmt":"2025-08-09T15:03:30","guid":{"rendered":"https:\/\/quantongfastener.com\/?post_type=product&#038;p=2285"},"modified":"2025-08-09T15:03:30","modified_gmt":"2025-08-09T15:03:30","slug":"din-16903-brass-knurled-insert-nut","status":"publish","type":"product","link":"https:\/\/quantongfastener.com\/es\/producto\/din-16903-brass-knurled-insert-nut\/","title":{"rendered":"Tuerca moleteada de lat\u00f3n DIN 16903"},"content":{"rendered":"<p><strong>Descripci\u00f3n del producto:<\/strong><\/p>\n<div class=\"table_wrap\">\n<table>\n<tbody>\n<tr>\n<td colspan=\"1\" rowspan=\"1\">\n<div data-spm-anchor-id=\"a2700.details.0.i25.4f1c3502RyPx78\">Nombre del producto<\/div>\n<\/td>\n<td colspan=\"1\" rowspan=\"1\">\n<div>Tuercas moleteadas de lat\u00f3n de calidad<\/div>\n<\/td>\n<\/tr>\n<tr>\n<td colspan=\"1\" rowspan=\"1\">\n<div>Material<\/div>\n<\/td>\n<td colspan=\"1\" rowspan=\"1\">\n<div>H59 Lat\u00f3n, lat\u00f3n de corte libre IS 319 Tipo (I) o BS 249 Tipo (I) o de alto grado<br \/>\nCualquier composici\u00f3n especial del material de lat\u00f3n seg\u00fan el requisito de los clientes<\/div>\n<\/td>\n<\/tr>\n<tr>\n<td colspan=\"1\" rowspan=\"1\">\n<div>Tecnolog\u00eda de superficie<\/div>\n<\/td>\n<td colspan=\"1\" rowspan=\"1\">\n<div data-spm-anchor-id=\"a2700.details.0.i26.4f1c3502RyPx78\">Insertos de lat\u00f3n al natural, niquelados, esta\u00f1ados o con cualquier revestimiento seg\u00fan especificaci\u00f3n del cliente.<\/div>\n<\/td>\n<\/tr>\n<tr>\n<td colspan=\"1\" rowspan=\"1\">\n<div>\u00c1mbito de aplicaci\u00f3n<\/div>\n<\/td>\n<td colspan=\"1\" rowspan=\"1\">\n<div>Carcasa de pl\u00e1stico para port\u00e1tiles, carcasa de pl\u00e1stico para ordenadores de sobremesa, carcasa de pl\u00e1stico para GPS, carcasa de pl\u00e1stico para routers, ABS, aluminio, fibra de vidrio, caucho, termopl\u00e1sticos, moldeo por inyecci\u00f3n<\/div>\n<\/td>\n<\/tr>\n<tr>\n<td colspan=\"1\" rowspan=\"1\">\n<div>Equipo principal<\/div>\n<\/td>\n<td colspan=\"1\" rowspan=\"1\">\n<div>Torneado y fresado CNC,Taladradora CNC,Rectificadora interior y exterior,Dobladora CNC<\/div>\n<\/td>\n<\/tr>\n<tr>\n<td colspan=\"1\" rowspan=\"1\">\n<div>Capacidad de producci\u00f3n<\/div>\n<\/td>\n<td colspan=\"1\" rowspan=\"1\">\n<div>200000 Piezas\/Piezas por semana<\/div>\n<\/td>\n<\/tr>\n<tr>\n<td colspan=\"1\" rowspan=\"1\">\n<div>Muestras<\/div>\n<\/td>\n<td colspan=\"1\" rowspan=\"1\">\n<div>Las muestras son gratuitas si las tenemos en stock, s\u00f3lo tiene que pagar el flete.<\/div>\n<\/td>\n<\/tr>\n<tr>\n<td colspan=\"1\" rowspan=\"1\">\n<div>Paquete<\/div>\n<\/td>\n<td colspan=\"1\" rowspan=\"1\">\n<div>Bolsa PE +Caja de cart\u00f3n+Palet<\/div>\n<\/td>\n<\/tr>\n<tr>\n<td colspan=\"1\" rowspan=\"1\">\n<div>Cantidad de envases<\/div>\n<\/td>\n<td colspan=\"1\" rowspan=\"1\">\n<div>MIN1000PCS\/Bolsa<\/div>\n<\/td>\n<\/tr>\n<tr>\n<td colspan=\"1\" rowspan=\"1\">\n<div>Ventaja<\/div>\n<\/td>\n<td colspan=\"1\" rowspan=\"1\">\n<div data-spm-anchor-id=\"a2700.details.0.i24.4f1c3502RyPx78\">1.good precio y calidad 2.drawing aprecian 3.OEM servicio<\/div>\n<\/td>\n<\/tr>\n<\/tbody>\n<\/table>\n<\/div>\n<p><strong>Ventajas del producto:<\/strong><\/p>\n<ol>\n<li><strong>Mecanizado de precisi\u00f3n<\/strong><\/li>\n<\/ol>\n<p align=\"justify\">\u2606 Medir y procesar utilizando m\u00e1quinas herramienta de precisi\u00f3n y herramientas de medici\u00f3n en condiciones ambientales estrictamente controladas.<\/p>\n<p align=\"justify\"><strong>\u00a0\u00a0<\/strong>\u00a0 \u00a0 \u00a0 2.<strong>Material met\u00e1lico de alta calidad<\/strong><\/p>\n<p align=\"justify\">\u2606 Con larga vida \u00fatil, baja generaci\u00f3n de calor, alta dureza, alta rigidez, bajo nivel de ruido, alta resistencia al desgaste y otras caracter\u00edsticas.<\/p>\n<p align=\"justify\"><strong>\u00a0 \u00a0 \u00a0 \u00a0\u00a0<\/strong>3.<strong>\u00a0Rentable<\/strong><\/p>\n<p align=\"justify\">\u2606 El uso de high-qualityMetal material, despu\u00e9s de la precisi\u00f3n de procesamiento y formaci\u00f3n, mejora en gran medida la experiencia del usuario.<\/p>\n<p><strong>Par\u00e1metros del producto:<\/strong><\/p>\n<p><a href=\"https:\/\/www.cyfastener.com\/uploads\/1548145767615086034m.jpg\"><img decoding=\"async\" class=\"alignnone size-full wp-image-6868\" src=\"https:\/\/www.cyfastener.com\/uploads\/1548145767615086034m.jpg\" alt=\"1548145767615086034m\" \/><\/a><\/p>\n<div class=\"table_wrap\">\n<table border=\"0\" cellspacing=\"0\" cellpadding=\"0\">\n<colgroup>\n<col span=\"9\" width=\"64\" \/><\/colgroup>\n<tbody>\n<tr>\n<td colspan=\"2\" width=\"128\" height=\"19\">Especificaci\u00f3n del hilo<\/td>\n<td rowspan=\"2\" width=\"64\"><a>M2<\/a><\/td>\n<td rowspan=\"2\" width=\"64\"><a>M2.5<\/a><\/td>\n<td rowspan=\"2\" width=\"64\"><a>M3<\/a><\/td>\n<td rowspan=\"2\" width=\"64\"><a>(M3.5)<\/a><\/td>\n<td rowspan=\"2\" width=\"64\"><a>M4<\/a><\/td>\n<td rowspan=\"2\" width=\"64\"><a>M5<\/a><\/td>\n<td rowspan=\"2\" width=\"64\"><a>M6<\/a><\/td>\n<\/tr>\n<tr>\n<td colspan=\"2\" width=\"128\" height=\"19\">d<\/td>\n<\/tr>\n<tr>\n<td colspan=\"2\" height=\"19\">k<\/td>\n<td width=\"64\">0.9<\/td>\n<td width=\"64\">1<\/td>\n<td width=\"64\">1.2<\/td>\n<td width=\"64\">1.6<\/td>\n<td width=\"64\">1.8<\/td>\n<td width=\"64\">2<\/td>\n<td width=\"64\">2.5<\/td>\n<\/tr>\n<tr>\n<td colspan=\"2\" height=\"21\">h<sub>1<\/sub><\/td>\n<td width=\"64\">0.8<\/td>\n<td width=\"64\">0.8<\/td>\n<td width=\"64\">1<\/td>\n<td width=\"64\">1<\/td>\n<td width=\"64\">1<\/td>\n<td width=\"64\">1<\/td>\n<td width=\"64\">1<\/td>\n<\/tr>\n<tr>\n<td colspan=\"2\" height=\"19\">n<\/td>\n<td width=\"64\">0.8<\/td>\n<td width=\"64\">1<\/td>\n<td width=\"64\">1.2<\/td>\n<td width=\"64\">1.4<\/td>\n<td width=\"64\">1.4<\/td>\n<td width=\"64\">2.5<\/td>\n<td width=\"64\">3<\/td>\n<\/tr>\n<tr>\n<td height=\"21\">d<sub>1<\/sub><\/td>\n<td>(h12)<\/td>\n<td width=\"64\">3.2<\/td>\n<td width=\"64\">3.4<\/td>\n<td width=\"64\">3.8<\/td>\n<td width=\"64\">4.5<\/td>\n<td width=\"64\">5<\/td>\n<td width=\"64\">6.4<\/td>\n<td width=\"64\">7.4<\/td>\n<\/tr>\n<tr>\n<td height=\"21\">d<sub>k<\/sub><\/td>\n<td>\uff08Antes del moleteado\uff09<\/td>\n<td width=\"64\">3.5<\/td>\n<td width=\"64\">3.8<\/td>\n<td width=\"64\">4.2<\/td>\n<td width=\"64\">5<\/td>\n<td width=\"64\">5.5<\/td>\n<td width=\"64\">7<\/td>\n<td width=\"64\">8<\/td>\n<\/tr>\n<tr>\n<td height=\"21\">d<sub>2<\/sub><\/td>\n<td>(h11)<\/td>\n<td width=\"64\">3.5<\/td>\n<td width=\"64\">3.8<\/td>\n<td width=\"64\">4.2<\/td>\n<td width=\"64\">5<\/td>\n<td width=\"64\">5.5<\/td>\n<td width=\"64\">7<\/td>\n<td width=\"64\">8<\/td>\n<\/tr>\n<tr>\n<td height=\"20\">h<\/td>\n<td>(h12)<\/td>\n<td width=\"64\">3.5<\/td>\n<td width=\"64\">4<\/td>\n<td width=\"64\">4.5<\/td>\n<td width=\"64\">5.5<\/td>\n<td width=\"64\">6<\/td>\n<td width=\"64\">7.5<\/td>\n<td width=\"64\">9<\/td>\n<\/tr>\n<\/tbody>\n<\/table>\n<\/div>\n<p><strong>NUESTRO PAQUETE:<\/strong><\/p>\n<p align=\"justify\">1. Sacos de 25 kg o de 50 kg.<br \/>\n2. bolsas con palet.<br \/>\n3. Cajas de cart\u00f3n de 25 kg o cajas de cart\u00f3n con pal\u00e9.<br \/>\n4. Embalaje a petici\u00f3n del cliente<\/p>","protected":false},"excerpt":{"rendered":"<p>PRECIO EXW : 720USD-910USD\/TONELADA<br \/>\nPedido m\u00ednimo:2TONS<br \/>\nEMBALAJE:BOLSA\/CAJA CON PALET<br \/>\nPUERTO:TIANJIN\/QINGDAO\/SHANGHAI\/NINGBO<br \/>\nENTREGA:5-30DAYS ON QTY<br \/>\nPAGO:T\/T\/LC<br \/>\nCapacidad de suministro:600 TON PER MONTH<\/p>\n<p>&nbsp;<\/p>\n<ul>\n<li><em>Precio FOB:<\/em>US $0.5 - 9,999 \/ Pieza<\/li>\n<li><em>Cantidad m\u00ednima de pedido:<\/em>100 unidades\/piezas<\/li>\n<li><em>Capacidad de suministro:<\/em>10000 Piezas\/Pieza por Mes<\/li>\n<\/ul>","protected":false},"featured_media":2288,"template":"","meta":{"_kad_post_transparent":"default","_kad_post_title":"","_kad_post_layout":"default","_kad_post_sidebar_id":"","_kad_post_content_style":"default","_kad_post_vertical_padding":"default","_kad_post_feature":"","_kad_post_feature_position":"","_kad_post_header":false,"_kad_post_footer":false},"product_brand":[],"product_cat":[29],"product_tag":[],"class_list":{"0":"post-2285","1":"product","2":"type-product","3":"status-publish","4":"has-post-thumbnail","6":"product_cat-nut","8":"first","9":"instock","10":"shipping-taxable","11":"product-type-simple","12":"entry","13":"content-bg","14":"loop-entry"},"yoast_head":"<!-- This site is optimized with the Yoast SEO plugin v27.4 - https:\/\/yoast.com\/product\/yoast-seo-wordpress\/ -->\n<title>DIN 16903 Brass Knurled Insert Nut - Quantong Fastener<\/title>\n<meta name=\"robots\" content=\"index, follow, max-snippet:-1, max-image-preview:large, max-video-preview:-1\" \/>\n<link rel=\"canonical\" href=\"https:\/\/quantongfastener.com\/es\/producto\/din-16903-brass-knurled-insert-nut\/\" \/>\n<meta property=\"og:locale\" content=\"es_ES\" \/>\n<meta property=\"og:type\" content=\"article\" \/>\n<meta property=\"og:title\" content=\"DIN 16903 Brass Knurled Insert Nut - Quantong Fastener\" \/>\n<meta property=\"og:description\" content=\"EXW PRICE : 720USD-910USD\/TON Min.Order Quantity:2TONS PACKAGING:BAG\/BOX WITH PALLET PORT:TIANJIN\/QINGDAO\/SHANGHAI\/NINGBO DELIVERY:5-30DAYS ON QTY PAYMENT:T\/T\/LC Supply Ability:600 TON PER MONTH  &nbsp;   FOB Price:US $0.5 - 9,999 \/ Piece  Min.Order Quantity:100 Piece\/Pieces  Supply Ability:10000 Piece\/Pieces per Month\" \/>\n<meta property=\"og:url\" content=\"https:\/\/quantongfastener.com\/es\/producto\/din-16903-brass-knurled-insert-nut\/\" \/>\n<meta property=\"og:site_name\" content=\"Quantong Fastener\" \/>\n<meta property=\"og:image\" content=\"https:\/\/quantongfastener.com\/wp-content\/uploads\/2025\/08\/DIN-16903-Brass-Knurled-Insert-Nut-1.jpg\" \/>\n\t<meta property=\"og:image:width\" content=\"610\" \/>\n\t<meta property=\"og:image:height\" content=\"610\" \/>\n\t<meta property=\"og:image:type\" content=\"image\/jpeg\" \/>\n<meta name=\"twitter:card\" content=\"summary_large_image\" \/>\n<meta name=\"twitter:label1\" content=\"Tiempo de lectura\" \/>\n\t<meta name=\"twitter:data1\" content=\"2 minutos\" \/>\n<script type=\"application\/ld+json\" class=\"yoast-schema-graph\">{\"@context\":\"https:\\\/\\\/schema.org\",\"@graph\":[{\"@type\":\"WebPage\",\"@id\":\"https:\\\/\\\/quantongfastener.com\\\/product\\\/din-16903-brass-knurled-insert-nut\\\/\",\"url\":\"https:\\\/\\\/quantongfastener.com\\\/product\\\/din-16903-brass-knurled-insert-nut\\\/\",\"name\":\"DIN 16903 Brass Knurled Insert Nut - Quantong Fastener\",\"isPartOf\":{\"@id\":\"https:\\\/\\\/quantongfastener.com\\\/#website\"},\"primaryImageOfPage\":{\"@id\":\"https:\\\/\\\/quantongfastener.com\\\/product\\\/din-16903-brass-knurled-insert-nut\\\/#primaryimage\"},\"image\":{\"@id\":\"https:\\\/\\\/quantongfastener.com\\\/product\\\/din-16903-brass-knurled-insert-nut\\\/#primaryimage\"},\"thumbnailUrl\":\"https:\\\/\\\/quantongfastener.com\\\/wp-content\\\/uploads\\\/2025\\\/08\\\/DIN-16903-Brass-Knurled-Insert-Nut-1.jpg\",\"datePublished\":\"2025-08-09T15:03:30+00:00\",\"breadcrumb\":{\"@id\":\"https:\\\/\\\/quantongfastener.com\\\/product\\\/din-16903-brass-knurled-insert-nut\\\/#breadcrumb\"},\"inLanguage\":\"es\",\"potentialAction\":[{\"@type\":\"ReadAction\",\"target\":[\"https:\\\/\\\/quantongfastener.com\\\/product\\\/din-16903-brass-knurled-insert-nut\\\/\"]}]},{\"@type\":\"ImageObject\",\"inLanguage\":\"es\",\"@id\":\"https:\\\/\\\/quantongfastener.com\\\/product\\\/din-16903-brass-knurled-insert-nut\\\/#primaryimage\",\"url\":\"https:\\\/\\\/quantongfastener.com\\\/wp-content\\\/uploads\\\/2025\\\/08\\\/DIN-16903-Brass-Knurled-Insert-Nut-1.jpg\",\"contentUrl\":\"https:\\\/\\\/quantongfastener.com\\\/wp-content\\\/uploads\\\/2025\\\/08\\\/DIN-16903-Brass-Knurled-Insert-Nut-1.jpg\",\"width\":610,\"height\":610},{\"@type\":\"BreadcrumbList\",\"@id\":\"https:\\\/\\\/quantongfastener.com\\\/product\\\/din-16903-brass-knurled-insert-nut\\\/#breadcrumb\",\"itemListElement\":[{\"@type\":\"ListItem\",\"position\":1,\"name\":\"Home\",\"item\":\"https:\\\/\\\/quantongfastener.com\\\/\"},{\"@type\":\"ListItem\",\"position\":2,\"name\":\"Products\",\"item\":\"https:\\\/\\\/quantongfastener.com\\\/products\\\/\"},{\"@type\":\"ListItem\",\"position\":3,\"name\":\"DIN 16903 Brass Knurled Insert Nut\"}]},{\"@type\":\"WebSite\",\"@id\":\"https:\\\/\\\/quantongfastener.com\\\/#website\",\"url\":\"https:\\\/\\\/quantongfastener.com\\\/\",\"name\":\"Quantong Fastener\",\"description\":\"\",\"publisher\":{\"@id\":\"https:\\\/\\\/quantongfastener.com\\\/#organization\"},\"potentialAction\":[{\"@type\":\"SearchAction\",\"target\":{\"@type\":\"EntryPoint\",\"urlTemplate\":\"https:\\\/\\\/quantongfastener.com\\\/?s={search_term_string}\"},\"query-input\":{\"@type\":\"PropertyValueSpecification\",\"valueRequired\":true,\"valueName\":\"search_term_string\"}}],\"inLanguage\":\"es\"},{\"@type\":\"Organization\",\"@id\":\"https:\\\/\\\/quantongfastener.com\\\/#organization\",\"name\":\"Quantong Fastener\",\"url\":\"https:\\\/\\\/quantongfastener.com\\\/\",\"logo\":{\"@type\":\"ImageObject\",\"inLanguage\":\"es\",\"@id\":\"https:\\\/\\\/quantongfastener.com\\\/#\\\/schema\\\/logo\\\/image\\\/\",\"url\":\"https:\\\/\\\/quantongfastener.com\\\/wp-content\\\/uploads\\\/2025\\\/07\\\/logo.jpg\",\"contentUrl\":\"https:\\\/\\\/quantongfastener.com\\\/wp-content\\\/uploads\\\/2025\\\/07\\\/logo.jpg\",\"width\":425,\"height\":424,\"caption\":\"Quantong Fastener\"},\"image\":{\"@id\":\"https:\\\/\\\/quantongfastener.com\\\/#\\\/schema\\\/logo\\\/image\\\/\"}}]}<\/script>\n<!-- \/ Yoast SEO plugin. -->","yoast_head_json":{"title":"DIN 16903 Brass Knurled Insert Nut - Quantong Fastener","robots":{"index":"index","follow":"follow","max-snippet":"max-snippet:-1","max-image-preview":"max-image-preview:large","max-video-preview":"max-video-preview:-1"},"canonical":"https:\/\/quantongfastener.com\/es\/producto\/din-16903-brass-knurled-insert-nut\/","og_locale":"es_ES","og_type":"article","og_title":"DIN 16903 Brass Knurled Insert Nut - Quantong Fastener","og_description":"EXW PRICE : 720USD-910USD\/TON Min.Order Quantity:2TONS PACKAGING:BAG\/BOX WITH PALLET PORT:TIANJIN\/QINGDAO\/SHANGHAI\/NINGBO DELIVERY:5-30DAYS ON QTY PAYMENT:T\/T\/LC Supply Ability:600 TON PER MONTH  &nbsp;   FOB Price:US $0.5 - 9,999 \/ Piece  Min.Order Quantity:100 Piece\/Pieces  Supply Ability:10000 Piece\/Pieces per Month","og_url":"https:\/\/quantongfastener.com\/es\/producto\/din-16903-brass-knurled-insert-nut\/","og_site_name":"Quantong Fastener","og_image":[{"width":610,"height":610,"url":"https:\/\/quantongfastener.com\/wp-content\/uploads\/2025\/08\/DIN-16903-Brass-Knurled-Insert-Nut-1.jpg","type":"image\/jpeg"}],"twitter_card":"summary_large_image","twitter_misc":{"Tiempo de lectura":"2 minutos"},"schema":{"@context":"https:\/\/schema.org","@graph":[{"@type":"WebPage","@id":"https:\/\/quantongfastener.com\/product\/din-16903-brass-knurled-insert-nut\/","url":"https:\/\/quantongfastener.com\/product\/din-16903-brass-knurled-insert-nut\/","name":"DIN 16903 Brass Knurled Insert Nut - Quantong Fastener","isPartOf":{"@id":"https:\/\/quantongfastener.com\/#website"},"primaryImageOfPage":{"@id":"https:\/\/quantongfastener.com\/product\/din-16903-brass-knurled-insert-nut\/#primaryimage"},"image":{"@id":"https:\/\/quantongfastener.com\/product\/din-16903-brass-knurled-insert-nut\/#primaryimage"},"thumbnailUrl":"https:\/\/quantongfastener.com\/wp-content\/uploads\/2025\/08\/DIN-16903-Brass-Knurled-Insert-Nut-1.jpg","datePublished":"2025-08-09T15:03:30+00:00","breadcrumb":{"@id":"https:\/\/quantongfastener.com\/product\/din-16903-brass-knurled-insert-nut\/#breadcrumb"},"inLanguage":"es","potentialAction":[{"@type":"ReadAction","target":["https:\/\/quantongfastener.com\/product\/din-16903-brass-knurled-insert-nut\/"]}]},{"@type":"ImageObject","inLanguage":"es","@id":"https:\/\/quantongfastener.com\/product\/din-16903-brass-knurled-insert-nut\/#primaryimage","url":"https:\/\/quantongfastener.com\/wp-content\/uploads\/2025\/08\/DIN-16903-Brass-Knurled-Insert-Nut-1.jpg","contentUrl":"https:\/\/quantongfastener.com\/wp-content\/uploads\/2025\/08\/DIN-16903-Brass-Knurled-Insert-Nut-1.jpg","width":610,"height":610},{"@type":"BreadcrumbList","@id":"https:\/\/quantongfastener.com\/product\/din-16903-brass-knurled-insert-nut\/#breadcrumb","itemListElement":[{"@type":"ListItem","position":1,"name":"Home","item":"https:\/\/quantongfastener.com\/"},{"@type":"ListItem","position":2,"name":"Products","item":"https:\/\/quantongfastener.com\/products\/"},{"@type":"ListItem","position":3,"name":"DIN 16903 Brass Knurled Insert Nut"}]},{"@type":"WebSite","@id":"https:\/\/quantongfastener.com\/#website","url":"https:\/\/quantongfastener.com\/","name":"Sujetador Quantong","description":"","publisher":{"@id":"https:\/\/quantongfastener.com\/#organization"},"potentialAction":[{"@type":"SearchAction","target":{"@type":"EntryPoint","urlTemplate":"https:\/\/quantongfastener.com\/?s={search_term_string}"},"query-input":{"@type":"PropertyValueSpecification","valueRequired":true,"valueName":"search_term_string"}}],"inLanguage":"es"},{"@type":"Organization","@id":"https:\/\/quantongfastener.com\/#organization","name":"Sujetador Quantong","url":"https:\/\/quantongfastener.com\/","logo":{"@type":"ImageObject","inLanguage":"es","@id":"https:\/\/quantongfastener.com\/#\/schema\/logo\/image\/","url":"https:\/\/quantongfastener.com\/wp-content\/uploads\/2025\/07\/logo.jpg","contentUrl":"https:\/\/quantongfastener.com\/wp-content\/uploads\/2025\/07\/logo.jpg","width":425,"height":424,"caption":"Quantong Fastener"},"image":{"@id":"https:\/\/quantongfastener.com\/#\/schema\/logo\/image\/"}}]}},"_links":{"self":[{"href":"https:\/\/quantongfastener.com\/es\/wp-json\/wp\/v2\/product\/2285","targetHints":{"allow":["GET"]}}],"collection":[{"href":"https:\/\/quantongfastener.com\/es\/wp-json\/wp\/v2\/product"}],"about":[{"href":"https:\/\/quantongfastener.com\/es\/wp-json\/wp\/v2\/types\/product"}],"wp:featuredmedia":[{"embeddable":true,"href":"https:\/\/quantongfastener.com\/es\/wp-json\/wp\/v2\/media\/2288"}],"wp:attachment":[{"href":"https:\/\/quantongfastener.com\/es\/wp-json\/wp\/v2\/media?parent=2285"}],"wp:term":[{"taxonomy":"product_brand","embeddable":true,"href":"https:\/\/quantongfastener.com\/es\/wp-json\/wp\/v2\/product_brand?post=2285"},{"taxonomy":"product_cat","embeddable":true,"href":"https:\/\/quantongfastener.com\/es\/wp-json\/wp\/v2\/product_cat?post=2285"},{"taxonomy":"product_tag","embeddable":true,"href":"https:\/\/quantongfastener.com\/es\/wp-json\/wp\/v2\/product_tag?post=2285"}],"curies":[{"name":"wp","href":"https:\/\/api.w.org\/{rel}","templated":true}]}}