{"id":2240,"date":"2025-08-09T14:51:44","date_gmt":"2025-08-09T14:51:44","guid":{"rendered":"https:\/\/quantongfastener.com\/?post_type=product&#038;p=2240"},"modified":"2025-08-26T02:42:21","modified_gmt":"2025-08-26T02:42:21","slug":"carbon-steel-stainless-steel-butterfly-nut","status":"publish","type":"product","link":"https:\/\/quantongfastener.com\/es\/producto\/carbon-steel-stainless-steel-butterfly-nut\/","title":{"rendered":"Acero al carbono\/Acero inoxidable Tuerca de mariposa"},"content":{"rendered":"<div class=\"fl-col-group fl-node-5e5c78ae0878d\" data-node=\"5e5c78ae0878d\">\n<div class=\"fl-col fl-node-5e5c78ae087dd\" data-node=\"5e5c78ae087dd\">\n<div class=\"fl-col-content fl-node-content\">\n<div class=\"fl-module fl-module-rich-text fl-node-5e5c78ae08825\" data-node=\"5e5c78ae08825\" data-animation-delay=\"0.0\">\n<div class=\"fl-module-content fl-node-content\">\n<div class=\"fl-rich-text\">\n<div class=\"table_wrap\">\n<table border=\"1\" cellspacing=\"0\">\n<tbody>\n<tr>\n<td valign=\"top\" width=\"161\">Nombre del producto<\/td>\n<td valign=\"top\" width=\"406\">Tuerca mariposa<\/td>\n<\/tr>\n<tr>\n<td valign=\"top\" width=\"161\">Talla<\/td>\n<td valign=\"top\" width=\"406\">M3-100<\/td>\n<\/tr>\n<tr>\n<td valign=\"top\" width=\"161\">Material<\/td>\n<td valign=\"top\" width=\"406\">Acero\/acero inoxidable\/lat\u00f3n<\/td>\n<\/tr>\n<tr>\n<td valign=\"top\" width=\"161\">Tratamiento de superficies<\/td>\n<td valign=\"top\" width=\"406\">Zinc<\/td>\n<\/tr>\n<tr>\n<td valign=\"top\" width=\"161\">Est\u00e1ndar<\/td>\n<td valign=\"top\" width=\"406\">DIN\/ISO<\/td>\n<\/tr>\n<tr>\n<td valign=\"top\" width=\"161\">Certificado<\/td>\n<td valign=\"top\" width=\"406\">ISO 9001<\/td>\n<\/tr>\n<tr>\n<td valign=\"top\" width=\"161\">Muestra<\/td>\n<td valign=\"top\" width=\"406\">Muestras gratuitas<\/td>\n<\/tr>\n<\/tbody>\n<\/table>\n<\/div>\n<\/div>\n<\/div>\n<\/div>\n<\/div>\n<\/div>\n<\/div>\n<div class=\"fl-col-group fl-node-5e5c7a094e774\" data-node=\"5e5c7a094e774\">\n<div class=\"fl-col fl-node-5e5c7a094eb4f fl-col-has-cols\" data-node=\"5e5c7a094eb4f\">\n<div class=\"fl-col-content fl-node-content\">\n<div class=\"fl-module fl-module-rich-text fl-node-5e5c7a094e50e\" data-node=\"5e5c7a094e50e\" data-animation-delay=\"0.0\">\n<div class=\"fl-module-content fl-node-content\">\n<div class=\"fl-rich-text\">\n<p>La tuerca mariposa desempe\u00f1a un gran papel en diversas industrias. En comparaci\u00f3n con muchas nueces, la nuez mariposa es m\u00e1s compacta y m\u00e1s bella en apariencia. Debido a su forma \u00fanica, el tipo de nuez mariposa es muy beautiful.Butterfly, as\u00ed llamada nuez mariposa.<\/p>\n<\/div>\n<\/div>\n<\/div>\n<div class=\"fl-col-group fl-node-5e5c7a4e11f28 fl-col-group-nested\" data-node=\"5e5c7a4e11f28\">\n<div class=\"fl-col fl-node-5e5c7a4e1255c fl-col-small\" data-node=\"5e5c7a4e1255c\">\n<div class=\"fl-col-content fl-node-content\">\n<div class=\"fl-module fl-module-rich-text fl-node-5e5c7a53246ea\" data-node=\"5e5c7a53246ea\" data-animation-delay=\"0.0\">\n<div class=\"fl-module-content fl-node-content\">\n<div class=\"fl-rich-text\">\n<p><img decoding=\"async\" class=\"alignnone size-full wp-image-1831\" src=\"https:\/\/www.cyfastener.com\/uploads\/6bea680b.jpg\" alt=\"f981513a8520900506f610c579da1ec\" \/><\/p>\n<\/div>\n<\/div>\n<\/div>\n<\/div>\n<\/div>\n<div class=\"fl-col fl-node-5e5c7a4e125c3 fl-col-small\" data-node=\"5e5c7a4e125c3\">\n<div class=\"fl-col-content fl-node-content\">\n<div class=\"fl-module fl-module-rich-text fl-node-5e5c7a872ab10\" data-node=\"5e5c7a872ab10\" data-animation-delay=\"0.0\">\n<div class=\"fl-module-content fl-node-content\">\n<div class=\"fl-rich-text\">\n<p><img decoding=\"async\" class=\"alignnone size-full wp-image-1831\" src=\"https:\/\/www.cyfastener.com\/uploads\/77dee7ed.jpg\" alt=\"f981513a8520900506f610c579da1ec\" \/><\/p>\n<\/div>\n<\/div>\n<\/div>\n<\/div>\n<\/div>\n<\/div>\n<div class=\"fl-module fl-module-rich-text fl-node-5e5c7ab59ba12\" data-node=\"5e5c7ab59ba12\" data-animation-delay=\"0.0\">\n<div class=\"fl-module-content fl-node-content\">\n<div class=\"fl-rich-text\">\n<p>El perno mariposa est\u00e1 aislado y no es magn\u00e9tico, y es muy resistente a la corrosi\u00f3n. Muchos equipos m\u00e9dicos utilizan tuercas mariposa y esp\u00e1rragos mariposa porque es resistente a la corrosi\u00f3n y m\u00e1s hermoso que el hardware ordinario. Tambi\u00e9n es de acero inoxidable, por lo que se puede utilizar con confidence.The excelentes caracter\u00edsticas de la tuerca de mariposa, por supuesto, tambi\u00e9n se utilizan en pl\u00e1sticos de ingenier\u00eda, su uso resistencia y durabilidad tambi\u00e9n se puede comparar con las tuercas de mariposa de acero inoxidable.<\/p>\n<\/div>\n<\/div>\n<\/div>\n<div class=\"fl-col-group fl-node-5e5c7ae4b2dfa fl-col-group-nested\" data-node=\"5e5c7ae4b2dfa\">\n<div class=\"fl-col fl-node-5e5c7ae4b36c5 fl-col-small\" data-node=\"5e5c7ae4b36c5\">\n<div class=\"fl-col-content fl-node-content\">\n<div class=\"fl-module fl-module-rich-text fl-node-5e5c7b1e7f86c\" data-node=\"5e5c7b1e7f86c\" data-animation-delay=\"0.0\">\n<div class=\"fl-module-content fl-node-content\">\n<div class=\"fl-rich-text\">\n<p><img decoding=\"async\" class=\"alignnone size-full wp-image-1831\" src=\"https:\/\/www.cyfastener.com\/uploads\/8121b0b3.jpg\" alt=\"f981513a8520900506f610c579da1ec\" \/><\/p>\n<\/div>\n<\/div>\n<\/div>\n<\/div>\n<\/div>\n<div class=\"fl-col fl-node-5e5c7ae4b376c fl-col-small\" data-node=\"5e5c7ae4b376c\">\n<div class=\"fl-col-content fl-node-content\">\n<div class=\"fl-module fl-module-rich-text fl-node-5e5c7b296b32e\" data-node=\"5e5c7b296b32e\" data-animation-delay=\"0.0\">\n<div class=\"fl-module-content fl-node-content\">\n<div class=\"fl-rich-text\">\n<p><img decoding=\"async\" class=\"alignnone size-full wp-image-1831\" src=\"https:\/\/www.cyfastener.com\/uploads\/76f9631f.jpg\" alt=\"f981513a8520900506f610c579da1ec\" \/><\/p>\n<\/div>\n<\/div>\n<\/div>\n<\/div>\n<\/div>\n<\/div>\n<div class=\"fl-module fl-module-rich-text fl-node-5e5c7b681d726\" data-node=\"5e5c7b681d726\" data-animation-delay=\"0.0\">\n<div class=\"fl-module-content fl-node-content\">\n<div class=\"fl-rich-text\">\n<p>El material de los tornillos de mariposa de pl\u00e1stico se diversifica cada vez m\u00e1s, el rendimiento se mejora constantemente y los campos de aplicaci\u00f3n son cada vez m\u00e1s amplios, concentr\u00e1ndose principalmente en los ocho campos siguientes:<br \/>\n1.Industria de equipos m\u00e9dicos (aislamiento, no magn\u00e9tico, protecci\u00f3n del medio ambiente, antiinterferencias, que hace m\u00e1s seguro el uso de maquinaria y equipos m\u00e9dicos).<br \/>\n2.Industria de la energ\u00eda e\u00f3lica (Aislamiento y aislamiento de la placa de circuito impreso del chasis)<br \/>\n3.Industria aeroespacial (aislamiento, n\u00famero antiinterferencias en equipos electr\u00f3nicos)<br \/>\n4.Industria de equipos de oficina (nunca se oxidan, son bonitos y pr\u00e1cticos)<br \/>\n5.Industria petroqu\u00edmica (resistencia a altas temperaturas, resistencia qu\u00edmica, resistencia a la corrosi\u00f3n, prolongaci\u00f3n de la vida \u00fatil de los equipos)<br \/>\n6.Industria electr\u00f3nica (aislamiento, antiinterferencias, peso ligero)<br \/>\n7.Industria de la comunicaci\u00f3n (aislamiento, no magn\u00e9tico, seguridad)<br \/>\n8. Industria naval (resistente a los \u00e1cidos, resistente a los \u00e1lcalis, resistente a la corrosi\u00f3n, tornillo de mariposa de larga duraci\u00f3n especificaciones, tama\u00f1o completo para satisfacer las necesidades de diferentes ocasiones.<\/p>\n<\/div>\n<\/div>\n<\/div>\n<div class=\"fl-col-group fl-node-5e5c7b8d9b3f9 fl-col-group-nested\" data-node=\"5e5c7b8d9b3f9\">\n<div class=\"fl-col fl-node-5e5c7b8d9ba27 fl-col-small\" data-node=\"5e5c7b8d9ba27\">\n<div class=\"fl-col-content fl-node-content\">\n<div class=\"fl-module fl-module-rich-text fl-node-5e5c7b9ec54c5\" data-node=\"5e5c7b9ec54c5\" data-animation-delay=\"0.0\">\n<div class=\"fl-module-content fl-node-content\">\n<div class=\"fl-rich-text\">\n<p><img decoding=\"async\" class=\"alignnone size-full wp-image-1831\" src=\"https:\/\/www.cyfastener.com\/uploads\/40e53cee.jpg\" alt=\"f981513a8520900506f610c579da1ec\" \/><\/p>\n<\/div>\n<\/div>\n<\/div>\n<\/div>\n<\/div>\n<div class=\"fl-col fl-node-5e5c7b8d9ba78 fl-col-small\" data-node=\"5e5c7b8d9ba78\">\n<div class=\"fl-col-content fl-node-content\">\n<div class=\"fl-module fl-module-rich-text fl-node-5e5c7baa859e3\" data-node=\"5e5c7baa859e3\" data-animation-delay=\"0.0\">\n<div class=\"fl-module-content fl-node-content\">\n<div class=\"fl-rich-text\">\n<p><img decoding=\"async\" class=\"alignnone size-full wp-image-1831\" src=\"https:\/\/www.cyfastener.com\/uploads\/4d76852a.jpg\" alt=\"f981513a8520900506f610c579da1ec\" \/><\/p>\n<\/div>\n<\/div>\n<\/div>\n<\/div>\n<\/div>\n<\/div>\n<div class=\"fl-col-group fl-node-5e7c120635206 fl-col-group-nested\" data-node=\"5e7c120635206\">\n<div class=\"fl-col fl-node-5e7c120635748 fl-col-small\" data-node=\"5e7c120635748\">\n<div class=\"fl-col-content fl-node-content\">\n<div class=\"fl-module fl-module-rich-text fl-node-5e5c7baebb60f\" data-node=\"5e5c7baebb60f\" data-animation-delay=\"0.0\">\n<div class=\"fl-module-content fl-node-content\">\n<div class=\"fl-rich-text\">\n<p><img decoding=\"async\" class=\"alignnone size-full wp-image-1831\" src=\"https:\/\/www.cyfastener.com\/uploads\/c9f2fa41.jpg\" alt=\"f981513a8520900506f610c579da1ec\" \/><\/p>\n<\/div>\n<\/div>\n<\/div>\n<\/div>\n<\/div>\n<div class=\"fl-col fl-node-5e7c12063579f fl-col-small\" data-node=\"5e7c12063579f\">\n<div class=\"fl-col-content fl-node-content\">\n<div class=\"fl-module fl-module-rich-text fl-node-5e5c7bb29b545\" data-node=\"5e5c7bb29b545\" data-animation-delay=\"0.0\">\n<div class=\"fl-module-content fl-node-content\">\n<div class=\"fl-rich-text\">\n<p><img decoding=\"async\" class=\"alignnone size-full wp-image-1831\" src=\"https:\/\/www.cyfastener.com\/uploads\/5d0a3c01.jpg\" alt=\"f981513a8520900506f610c579da1ec\" \/><\/p>\n<\/div>\n<\/div>\n<\/div>\n<\/div>\n<\/div>\n<\/div>\n<\/div>\n<\/div>\n<\/div>","protected":false},"excerpt":{"rendered":"<p>Pedido M\u00ednimo:1000PCS<\/p>\n<p>EMBALAJE:BOLSA\/CAJA CON PALET<\/p>\n<p>PUERTO:TIANJIN\/QINGDAO\/SHANGHAI\/NINGBO<\/p>\n<p>ENTREGA:5-30DAYS ON QTY<\/p>\n<p>PAGO:T\/T\/LC<\/p>\n<p>Capacidad de suministro:500 TON PER MONTH<\/p>\n<p>&nbsp;<\/p>\n<ul>\n<li><em>Precio FOB:<\/em>US $0.5 - 9,999 \/ Pieza<\/li>\n<li><em>Cantidad m\u00ednima de pedido:<\/em>100 unidades\/piezas<\/li>\n<li><em>Capacidad de suministro:<\/em>10000 Piezas\/Pieza por Mes<\/li>\n<\/ul>","protected":false},"featured_media":2247,"template":"","meta":{"_kad_post_transparent":"default","_kad_post_title":"","_kad_post_layout":"default","_kad_post_sidebar_id":"","_kad_post_content_style":"default","_kad_post_vertical_padding":"default","_kad_post_feature":"","_kad_post_feature_position":"","_kad_post_header":false,"_kad_post_footer":false},"product_brand":[],"product_cat":[50,29],"product_tag":[],"class_list":{"0":"post-2240","1":"product","2":"type-product","3":"status-publish","4":"has-post-thumbnail","6":"product_cat-butterly-nut","7":"product_cat-nut","9":"first","10":"instock","11":"shipping-taxable","12":"product-type-simple","13":"entry","14":"content-bg","15":"loop-entry"},"yoast_head":"<!-- This site is optimized with the Yoast SEO plugin v27.4 - https:\/\/yoast.com\/product\/yoast-seo-wordpress\/ -->\n<title>Carbon steel\/Stainless steel Butterfly Nut - Quantong Fastener<\/title>\n<meta name=\"robots\" content=\"index, follow, max-snippet:-1, max-image-preview:large, max-video-preview:-1\" \/>\n<link rel=\"canonical\" href=\"https:\/\/quantongfastener.com\/es\/producto\/carbon-steel-stainless-steel-butterfly-nut\/\" \/>\n<meta property=\"og:locale\" content=\"es_ES\" \/>\n<meta property=\"og:type\" content=\"article\" \/>\n<meta property=\"og:title\" content=\"Carbon steel\/Stainless steel Butterfly Nut - Quantong Fastener\" \/>\n<meta property=\"og:description\" content=\"Min.Order Quantity:1000PCS  PACKAGING:BAG\/BOX WITH PALLET  PORT:TIANJIN\/QINGDAO\/SHANGHAI\/NINGBO  DELIVERY:5-30DAYS ON QTY  PAYMENT:T\/T\/LC  Supply Ability:500 TON PER MONTH  &nbsp;   FOB Price:US $0.5 - 9,999 \/ Piece  Min.Order Quantity:100 Piece\/Pieces  Supply Ability:10000 Piece\/Pieces per Month\" \/>\n<meta property=\"og:url\" content=\"https:\/\/quantongfastener.com\/es\/producto\/carbon-steel-stainless-steel-butterfly-nut\/\" \/>\n<meta property=\"og:site_name\" content=\"Quantong Fastener\" \/>\n<meta property=\"article:modified_time\" content=\"2025-08-26T02:42:21+00:00\" \/>\n<meta property=\"og:image\" content=\"https:\/\/quantongfastener.com\/wp-content\/uploads\/2025\/08\/Carbon-steel_Stainless-steel-Butterfly-Nut-7.jpg\" \/>\n\t<meta property=\"og:image:width\" content=\"610\" \/>\n\t<meta property=\"og:image:height\" content=\"610\" \/>\n\t<meta property=\"og:image:type\" content=\"image\/jpeg\" \/>\n<meta name=\"twitter:card\" content=\"summary_large_image\" \/>\n<meta name=\"twitter:label1\" content=\"Tiempo de lectura\" \/>\n\t<meta name=\"twitter:data1\" content=\"3 minutos\" \/>\n<script type=\"application\/ld+json\" class=\"yoast-schema-graph\">{\"@context\":\"https:\\\/\\\/schema.org\",\"@graph\":[{\"@type\":\"WebPage\",\"@id\":\"https:\\\/\\\/quantongfastener.com\\\/product\\\/carbon-steel-stainless-steel-butterfly-nut\\\/\",\"url\":\"https:\\\/\\\/quantongfastener.com\\\/product\\\/carbon-steel-stainless-steel-butterfly-nut\\\/\",\"name\":\"Carbon steel\\\/Stainless steel Butterfly Nut - Quantong Fastener\",\"isPartOf\":{\"@id\":\"https:\\\/\\\/quantongfastener.com\\\/#website\"},\"primaryImageOfPage\":{\"@id\":\"https:\\\/\\\/quantongfastener.com\\\/product\\\/carbon-steel-stainless-steel-butterfly-nut\\\/#primaryimage\"},\"image\":{\"@id\":\"https:\\\/\\\/quantongfastener.com\\\/product\\\/carbon-steel-stainless-steel-butterfly-nut\\\/#primaryimage\"},\"thumbnailUrl\":\"https:\\\/\\\/quantongfastener.com\\\/wp-content\\\/uploads\\\/2025\\\/08\\\/Carbon-steel_Stainless-steel-Butterfly-Nut-7.jpg\",\"datePublished\":\"2025-08-09T14:51:44+00:00\",\"dateModified\":\"2025-08-26T02:42:21+00:00\",\"breadcrumb\":{\"@id\":\"https:\\\/\\\/quantongfastener.com\\\/product\\\/carbon-steel-stainless-steel-butterfly-nut\\\/#breadcrumb\"},\"inLanguage\":\"es\",\"potentialAction\":[{\"@type\":\"ReadAction\",\"target\":[\"https:\\\/\\\/quantongfastener.com\\\/product\\\/carbon-steel-stainless-steel-butterfly-nut\\\/\"]}]},{\"@type\":\"ImageObject\",\"inLanguage\":\"es\",\"@id\":\"https:\\\/\\\/quantongfastener.com\\\/product\\\/carbon-steel-stainless-steel-butterfly-nut\\\/#primaryimage\",\"url\":\"https:\\\/\\\/quantongfastener.com\\\/wp-content\\\/uploads\\\/2025\\\/08\\\/Carbon-steel_Stainless-steel-Butterfly-Nut-7.jpg\",\"contentUrl\":\"https:\\\/\\\/quantongfastener.com\\\/wp-content\\\/uploads\\\/2025\\\/08\\\/Carbon-steel_Stainless-steel-Butterfly-Nut-7.jpg\",\"width\":610,\"height\":610},{\"@type\":\"BreadcrumbList\",\"@id\":\"https:\\\/\\\/quantongfastener.com\\\/product\\\/carbon-steel-stainless-steel-butterfly-nut\\\/#breadcrumb\",\"itemListElement\":[{\"@type\":\"ListItem\",\"position\":1,\"name\":\"Home\",\"item\":\"https:\\\/\\\/quantongfastener.com\\\/\"},{\"@type\":\"ListItem\",\"position\":2,\"name\":\"Products\",\"item\":\"https:\\\/\\\/quantongfastener.com\\\/products\\\/\"},{\"@type\":\"ListItem\",\"position\":3,\"name\":\"Carbon steel\\\/Stainless steel Butterfly Nut\"}]},{\"@type\":\"WebSite\",\"@id\":\"https:\\\/\\\/quantongfastener.com\\\/#website\",\"url\":\"https:\\\/\\\/quantongfastener.com\\\/\",\"name\":\"Quantong Fastener\",\"description\":\"\",\"publisher\":{\"@id\":\"https:\\\/\\\/quantongfastener.com\\\/#organization\"},\"potentialAction\":[{\"@type\":\"SearchAction\",\"target\":{\"@type\":\"EntryPoint\",\"urlTemplate\":\"https:\\\/\\\/quantongfastener.com\\\/?s={search_term_string}\"},\"query-input\":{\"@type\":\"PropertyValueSpecification\",\"valueRequired\":true,\"valueName\":\"search_term_string\"}}],\"inLanguage\":\"es\"},{\"@type\":\"Organization\",\"@id\":\"https:\\\/\\\/quantongfastener.com\\\/#organization\",\"name\":\"Quantong Fastener\",\"url\":\"https:\\\/\\\/quantongfastener.com\\\/\",\"logo\":{\"@type\":\"ImageObject\",\"inLanguage\":\"es\",\"@id\":\"https:\\\/\\\/quantongfastener.com\\\/#\\\/schema\\\/logo\\\/image\\\/\",\"url\":\"https:\\\/\\\/quantongfastener.com\\\/wp-content\\\/uploads\\\/2025\\\/07\\\/logo.jpg\",\"contentUrl\":\"https:\\\/\\\/quantongfastener.com\\\/wp-content\\\/uploads\\\/2025\\\/07\\\/logo.jpg\",\"width\":425,\"height\":424,\"caption\":\"Quantong Fastener\"},\"image\":{\"@id\":\"https:\\\/\\\/quantongfastener.com\\\/#\\\/schema\\\/logo\\\/image\\\/\"}}]}<\/script>\n<!-- \/ Yoast SEO plugin. -->","yoast_head_json":{"title":"Carbon steel\/Stainless steel Butterfly Nut - Quantong Fastener","robots":{"index":"index","follow":"follow","max-snippet":"max-snippet:-1","max-image-preview":"max-image-preview:large","max-video-preview":"max-video-preview:-1"},"canonical":"https:\/\/quantongfastener.com\/es\/producto\/carbon-steel-stainless-steel-butterfly-nut\/","og_locale":"es_ES","og_type":"article","og_title":"Carbon steel\/Stainless steel Butterfly Nut - Quantong Fastener","og_description":"Min.Order Quantity:1000PCS  PACKAGING:BAG\/BOX WITH PALLET  PORT:TIANJIN\/QINGDAO\/SHANGHAI\/NINGBO  DELIVERY:5-30DAYS ON QTY  PAYMENT:T\/T\/LC  Supply Ability:500 TON PER MONTH  &nbsp;   FOB Price:US $0.5 - 9,999 \/ Piece  Min.Order Quantity:100 Piece\/Pieces  Supply Ability:10000 Piece\/Pieces per Month","og_url":"https:\/\/quantongfastener.com\/es\/producto\/carbon-steel-stainless-steel-butterfly-nut\/","og_site_name":"Quantong Fastener","article_modified_time":"2025-08-26T02:42:21+00:00","og_image":[{"width":610,"height":610,"url":"https:\/\/quantongfastener.com\/wp-content\/uploads\/2025\/08\/Carbon-steel_Stainless-steel-Butterfly-Nut-7.jpg","type":"image\/jpeg"}],"twitter_card":"summary_large_image","twitter_misc":{"Tiempo de lectura":"3 minutos"},"schema":{"@context":"https:\/\/schema.org","@graph":[{"@type":"WebPage","@id":"https:\/\/quantongfastener.com\/product\/carbon-steel-stainless-steel-butterfly-nut\/","url":"https:\/\/quantongfastener.com\/product\/carbon-steel-stainless-steel-butterfly-nut\/","name":"Carbon steel\/Stainless steel Butterfly Nut - Quantong Fastener","isPartOf":{"@id":"https:\/\/quantongfastener.com\/#website"},"primaryImageOfPage":{"@id":"https:\/\/quantongfastener.com\/product\/carbon-steel-stainless-steel-butterfly-nut\/#primaryimage"},"image":{"@id":"https:\/\/quantongfastener.com\/product\/carbon-steel-stainless-steel-butterfly-nut\/#primaryimage"},"thumbnailUrl":"https:\/\/quantongfastener.com\/wp-content\/uploads\/2025\/08\/Carbon-steel_Stainless-steel-Butterfly-Nut-7.jpg","datePublished":"2025-08-09T14:51:44+00:00","dateModified":"2025-08-26T02:42:21+00:00","breadcrumb":{"@id":"https:\/\/quantongfastener.com\/product\/carbon-steel-stainless-steel-butterfly-nut\/#breadcrumb"},"inLanguage":"es","potentialAction":[{"@type":"ReadAction","target":["https:\/\/quantongfastener.com\/product\/carbon-steel-stainless-steel-butterfly-nut\/"]}]},{"@type":"ImageObject","inLanguage":"es","@id":"https:\/\/quantongfastener.com\/product\/carbon-steel-stainless-steel-butterfly-nut\/#primaryimage","url":"https:\/\/quantongfastener.com\/wp-content\/uploads\/2025\/08\/Carbon-steel_Stainless-steel-Butterfly-Nut-7.jpg","contentUrl":"https:\/\/quantongfastener.com\/wp-content\/uploads\/2025\/08\/Carbon-steel_Stainless-steel-Butterfly-Nut-7.jpg","width":610,"height":610},{"@type":"BreadcrumbList","@id":"https:\/\/quantongfastener.com\/product\/carbon-steel-stainless-steel-butterfly-nut\/#breadcrumb","itemListElement":[{"@type":"ListItem","position":1,"name":"Home","item":"https:\/\/quantongfastener.com\/"},{"@type":"ListItem","position":2,"name":"Products","item":"https:\/\/quantongfastener.com\/products\/"},{"@type":"ListItem","position":3,"name":"Carbon steel\/Stainless steel Butterfly Nut"}]},{"@type":"WebSite","@id":"https:\/\/quantongfastener.com\/#website","url":"https:\/\/quantongfastener.com\/","name":"Sujetador Quantong","description":"","publisher":{"@id":"https:\/\/quantongfastener.com\/#organization"},"potentialAction":[{"@type":"SearchAction","target":{"@type":"EntryPoint","urlTemplate":"https:\/\/quantongfastener.com\/?s={search_term_string}"},"query-input":{"@type":"PropertyValueSpecification","valueRequired":true,"valueName":"search_term_string"}}],"inLanguage":"es"},{"@type":"Organization","@id":"https:\/\/quantongfastener.com\/#organization","name":"Sujetador Quantong","url":"https:\/\/quantongfastener.com\/","logo":{"@type":"ImageObject","inLanguage":"es","@id":"https:\/\/quantongfastener.com\/#\/schema\/logo\/image\/","url":"https:\/\/quantongfastener.com\/wp-content\/uploads\/2025\/07\/logo.jpg","contentUrl":"https:\/\/quantongfastener.com\/wp-content\/uploads\/2025\/07\/logo.jpg","width":425,"height":424,"caption":"Quantong Fastener"},"image":{"@id":"https:\/\/quantongfastener.com\/#\/schema\/logo\/image\/"}}]}},"_links":{"self":[{"href":"https:\/\/quantongfastener.com\/es\/wp-json\/wp\/v2\/product\/2240","targetHints":{"allow":["GET"]}}],"collection":[{"href":"https:\/\/quantongfastener.com\/es\/wp-json\/wp\/v2\/product"}],"about":[{"href":"https:\/\/quantongfastener.com\/es\/wp-json\/wp\/v2\/types\/product"}],"wp:featuredmedia":[{"embeddable":true,"href":"https:\/\/quantongfastener.com\/es\/wp-json\/wp\/v2\/media\/2247"}],"wp:attachment":[{"href":"https:\/\/quantongfastener.com\/es\/wp-json\/wp\/v2\/media?parent=2240"}],"wp:term":[{"taxonomy":"product_brand","embeddable":true,"href":"https:\/\/quantongfastener.com\/es\/wp-json\/wp\/v2\/product_brand?post=2240"},{"taxonomy":"product_cat","embeddable":true,"href":"https:\/\/quantongfastener.com\/es\/wp-json\/wp\/v2\/product_cat?post=2240"},{"taxonomy":"product_tag","embeddable":true,"href":"https:\/\/quantongfastener.com\/es\/wp-json\/wp\/v2\/product_tag?post=2240"}],"curies":[{"name":"wp","href":"https:\/\/api.w.org\/{rel}","templated":true}]}}