{"id":1590,"date":"2025-07-29T16:08:08","date_gmt":"2025-07-29T16:08:08","guid":{"rendered":"https:\/\/quantongfastener.com\/?post_type=product&#038;p=1590"},"modified":"2025-07-29T16:08:08","modified_gmt":"2025-07-29T16:08:08","slug":"double-threaded-self-tapping-wood-screw-double-end-screws-hanger-bolt","status":"publish","type":"product","link":"https:\/\/quantongfastener.com\/es\/producto\/double-threaded-self-tapping-wood-screw-double-end-screws-hanger-bolt\/","title":{"rendered":"Tornillo autorroscante para madera de doble rosca Tornillo de doble punta Perno de suspensi\u00f3n"},"content":{"rendered":"<p><strong>Descripci\u00f3n del producto:<\/strong><\/p>\n<p><img fetchpriority=\"high\" decoding=\"async\" class=\"alignnone size-full wp-image-1596\" src=\"https:\/\/quantongfastener.com\/wp-content\/uploads\/2025\/07\/Double-Threaded-Self-Tapping-Wood-Screw-Double-End-Screws-Hanger-Bolt.jpg\" alt=\"\" width=\"610\" height=\"610\" srcset=\"https:\/\/quantongfastener.com\/wp-content\/uploads\/2025\/07\/Double-Threaded-Self-Tapping-Wood-Screw-Double-End-Screws-Hanger-Bolt.jpg 610w, https:\/\/quantongfastener.com\/wp-content\/uploads\/2025\/07\/Double-Threaded-Self-Tapping-Wood-Screw-Double-End-Screws-Hanger-Bolt-300x300.jpg 300w, https:\/\/quantongfastener.com\/wp-content\/uploads\/2025\/07\/Double-Threaded-Self-Tapping-Wood-Screw-Double-End-Screws-Hanger-Bolt-150x150.jpg 150w, https:\/\/quantongfastener.com\/wp-content\/uploads\/2025\/07\/Double-Threaded-Self-Tapping-Wood-Screw-Double-End-Screws-Hanger-Bolt-12x12.jpg 12w, https:\/\/quantongfastener.com\/wp-content\/uploads\/2025\/07\/Double-Threaded-Self-Tapping-Wood-Screw-Double-End-Screws-Hanger-Bolt-600x600.jpg 600w, https:\/\/quantongfastener.com\/wp-content\/uploads\/2025\/07\/Double-Threaded-Self-Tapping-Wood-Screw-Double-End-Screws-Hanger-Bolt-100x100.jpg 100w\" sizes=\"(max-width: 610px) 100vw, 610px\" \/><\/p>\n<p><img decoding=\"async\" class=\"alignnone size-full wp-image-1595\" src=\"https:\/\/quantongfastener.com\/wp-content\/uploads\/2025\/07\/Double-Threaded-Self-Tapping-Wood-Screw-Double-End-Screws-Hanger-Bolt-5.jpg\" alt=\"\" width=\"610\" height=\"610\" srcset=\"https:\/\/quantongfastener.com\/wp-content\/uploads\/2025\/07\/Double-Threaded-Self-Tapping-Wood-Screw-Double-End-Screws-Hanger-Bolt-5.jpg 610w, https:\/\/quantongfastener.com\/wp-content\/uploads\/2025\/07\/Double-Threaded-Self-Tapping-Wood-Screw-Double-End-Screws-Hanger-Bolt-5-300x300.jpg 300w, https:\/\/quantongfastener.com\/wp-content\/uploads\/2025\/07\/Double-Threaded-Self-Tapping-Wood-Screw-Double-End-Screws-Hanger-Bolt-5-150x150.jpg 150w, https:\/\/quantongfastener.com\/wp-content\/uploads\/2025\/07\/Double-Threaded-Self-Tapping-Wood-Screw-Double-End-Screws-Hanger-Bolt-5-12x12.jpg 12w, https:\/\/quantongfastener.com\/wp-content\/uploads\/2025\/07\/Double-Threaded-Self-Tapping-Wood-Screw-Double-End-Screws-Hanger-Bolt-5-600x600.jpg 600w, https:\/\/quantongfastener.com\/wp-content\/uploads\/2025\/07\/Double-Threaded-Self-Tapping-Wood-Screw-Double-End-Screws-Hanger-Bolt-5-100x100.jpg 100w\" sizes=\"(max-width: 610px) 100vw, 610px\" \/><\/p>\n<p><img decoding=\"async\" class=\"alignnone size-full wp-image-1594\" src=\"https:\/\/quantongfastener.com\/wp-content\/uploads\/2025\/07\/Double-Threaded-Self-Tapping-Wood-Screw-Double-End-Screws-Hanger-Bolt-4.jpg\" alt=\"\" width=\"610\" height=\"610\" srcset=\"https:\/\/quantongfastener.com\/wp-content\/uploads\/2025\/07\/Double-Threaded-Self-Tapping-Wood-Screw-Double-End-Screws-Hanger-Bolt-4.jpg 610w, https:\/\/quantongfastener.com\/wp-content\/uploads\/2025\/07\/Double-Threaded-Self-Tapping-Wood-Screw-Double-End-Screws-Hanger-Bolt-4-300x300.jpg 300w, https:\/\/quantongfastener.com\/wp-content\/uploads\/2025\/07\/Double-Threaded-Self-Tapping-Wood-Screw-Double-End-Screws-Hanger-Bolt-4-150x150.jpg 150w, https:\/\/quantongfastener.com\/wp-content\/uploads\/2025\/07\/Double-Threaded-Self-Tapping-Wood-Screw-Double-End-Screws-Hanger-Bolt-4-12x12.jpg 12w, https:\/\/quantongfastener.com\/wp-content\/uploads\/2025\/07\/Double-Threaded-Self-Tapping-Wood-Screw-Double-End-Screws-Hanger-Bolt-4-600x600.jpg 600w, https:\/\/quantongfastener.com\/wp-content\/uploads\/2025\/07\/Double-Threaded-Self-Tapping-Wood-Screw-Double-End-Screws-Hanger-Bolt-4-100x100.jpg 100w\" sizes=\"(max-width: 610px) 100vw, 610px\" \/><\/p>\n<p><img loading=\"lazy\" decoding=\"async\" class=\"alignnone size-full wp-image-1593\" src=\"https:\/\/quantongfastener.com\/wp-content\/uploads\/2025\/07\/Double-Threaded-Self-Tapping-Wood-Screw-Double-End-Screws-Hanger-Bolt-3.jpg\" alt=\"\" width=\"610\" height=\"610\" srcset=\"https:\/\/quantongfastener.com\/wp-content\/uploads\/2025\/07\/Double-Threaded-Self-Tapping-Wood-Screw-Double-End-Screws-Hanger-Bolt-3.jpg 610w, https:\/\/quantongfastener.com\/wp-content\/uploads\/2025\/07\/Double-Threaded-Self-Tapping-Wood-Screw-Double-End-Screws-Hanger-Bolt-3-300x300.jpg 300w, https:\/\/quantongfastener.com\/wp-content\/uploads\/2025\/07\/Double-Threaded-Self-Tapping-Wood-Screw-Double-End-Screws-Hanger-Bolt-3-150x150.jpg 150w, https:\/\/quantongfastener.com\/wp-content\/uploads\/2025\/07\/Double-Threaded-Self-Tapping-Wood-Screw-Double-End-Screws-Hanger-Bolt-3-12x12.jpg 12w, https:\/\/quantongfastener.com\/wp-content\/uploads\/2025\/07\/Double-Threaded-Self-Tapping-Wood-Screw-Double-End-Screws-Hanger-Bolt-3-600x600.jpg 600w, https:\/\/quantongfastener.com\/wp-content\/uploads\/2025\/07\/Double-Threaded-Self-Tapping-Wood-Screw-Double-End-Screws-Hanger-Bolt-3-100x100.jpg 100w\" sizes=\"(max-width: 610px) 100vw, 610px\" \/><\/p>\n<p><img loading=\"lazy\" decoding=\"async\" class=\"alignnone size-full wp-image-1592\" src=\"https:\/\/quantongfastener.com\/wp-content\/uploads\/2025\/07\/Double-Threaded-Self-Tapping-Wood-Screw-Double-End-Screws-Hanger-Bolt-2.jpg\" alt=\"\" width=\"610\" height=\"610\" srcset=\"https:\/\/quantongfastener.com\/wp-content\/uploads\/2025\/07\/Double-Threaded-Self-Tapping-Wood-Screw-Double-End-Screws-Hanger-Bolt-2.jpg 610w, https:\/\/quantongfastener.com\/wp-content\/uploads\/2025\/07\/Double-Threaded-Self-Tapping-Wood-Screw-Double-End-Screws-Hanger-Bolt-2-300x300.jpg 300w, https:\/\/quantongfastener.com\/wp-content\/uploads\/2025\/07\/Double-Threaded-Self-Tapping-Wood-Screw-Double-End-Screws-Hanger-Bolt-2-150x150.jpg 150w, https:\/\/quantongfastener.com\/wp-content\/uploads\/2025\/07\/Double-Threaded-Self-Tapping-Wood-Screw-Double-End-Screws-Hanger-Bolt-2-12x12.jpg 12w, https:\/\/quantongfastener.com\/wp-content\/uploads\/2025\/07\/Double-Threaded-Self-Tapping-Wood-Screw-Double-End-Screws-Hanger-Bolt-2-600x600.jpg 600w, https:\/\/quantongfastener.com\/wp-content\/uploads\/2025\/07\/Double-Threaded-Self-Tapping-Wood-Screw-Double-End-Screws-Hanger-Bolt-2-100x100.jpg 100w\" sizes=\"(max-width: 610px) 100vw, 610px\" \/><\/p>\n<div class=\"table_wrap\">\n<table>\n<tbody>\n<tr align=\"left\">\n<td valign=\"bottom\">Nombre<\/td>\n<td valign=\"bottom\">Hecho en China buen precio Zinc plateado pernos de suspensi\u00f3n Tornillo de doble cabeza<\/td>\n<\/tr>\n<tr align=\"left\">\n<td valign=\"bottom\">Materiales disponibles<\/td>\n<td valign=\"bottom\">Acero,Acero inoxidable<\/td>\n<\/tr>\n<tr align=\"left\">\n<td valign=\"bottom\">Muestra<\/td>\n<td valign=\"bottom\">Podemos suministrar la muestra libre, si la muestra que tenemos en stock<\/td>\n<\/tr>\n<tr align=\"left\">\n<td valign=\"bottom\">Tolerancia:<\/td>\n<td valign=\"bottom\">\u00a0\u00b10,1 mm<\/td>\n<\/tr>\n<tr align=\"left\">\n<td valign=\"bottom\">Talla<\/td>\n<td valign=\"bottom\">M3 a M10 o personalizado.<\/td>\n<\/tr>\n<tr align=\"left\">\n<td valign=\"bottom\">Formato del dibujo<\/td>\n<td valign=\"bottom\">PDF\/JPG\/DWG\/IGES\/STP\/Solidworks\/UG\/ etc.<\/td>\n<\/tr>\n<tr align=\"left\">\n<td valign=\"middle\">Equipamiento<\/td>\n<td valign=\"bottom\">Certer mecanizado CNC, torno CNC, punzonadora, rectificadora, corte de alambre, EDM, m\u00e1quina de tornillo, proyector, CMM, etc.<\/td>\n<\/tr>\n<tr align=\"left\">\n<td valign=\"bottom\">Capacidad:<\/td>\n<td valign=\"bottom\">300.000 piezas por semana<\/td>\n<\/tr>\n<tr align=\"left\">\n<td valign=\"bottom\">MOQ:<\/td>\n<td valign=\"bottom\">1 unidad<\/td>\n<\/tr>\n<tr align=\"left\">\n<td valign=\"bottom\">Sistema de control de calidad:<\/td>\n<td valign=\"bottom\">100% inspecci\u00f3n antes del env\u00edo<\/td>\n<\/tr>\n<tr align=\"left\">\n<td valign=\"bottom\">Plazo de pago<\/td>\n<td valign=\"bottom\">T\/T , Western Union, PayPal<\/td>\n<\/tr>\n<tr align=\"left\">\n<td valign=\"center\">Tratamiento de superficies<\/td>\n<td valign=\"center\">Anodizado, zinc\/cromo\/n\u00edquel\/plata\/oro, etc.<\/td>\n<\/tr>\n<tr align=\"left\" valign=\"middle\">\n<td rowspan=\"4\" valign=\"middle\">Condiciones de env\u00edo:<\/td>\n<td valign=\"bottom\">1) Por expreso (DHL, UPS, TNT, FedEx)<\/td>\n<\/tr>\n<tr align=\"left\">\n<td valign=\"bottom\">2) Por avi\u00f3n<\/td>\n<\/tr>\n<tr align=\"left\">\n<td valign=\"bottom\">3) Por mar<\/td>\n<\/tr>\n<tr align=\"left\">\n<td valign=\"bottom\">\n<p data-spm-anchor-id=\"a2700.details.0.i25.63453d33fS3YDm\">4) Seg\u00fan especificaciones personalizadas<\/p>\n<\/td>\n<\/tr>\n<\/tbody>\n<\/table>\n<\/div>\n<p><strong>Ventajas del producto:<\/strong><\/p>\n<ol>\n<li><strong>Mecanizado de precisi\u00f3n<\/strong><\/li>\n<\/ol>\n<p align=\"justify\">\u2606 Medir y procesar utilizando m\u00e1quinas herramienta de precisi\u00f3n y herramientas de medici\u00f3n en condiciones ambientales estrictamente controladas.<\/p>\n<ol>\n<li><strong>Acero al carbono de alta calidad (35#\/45#)<\/strong><\/li>\n<\/ol>\n<p align=\"justify\">\u2606 Con larga vida \u00fatil, baja generaci\u00f3n de calor, alta dureza, alta rigidez, bajo nivel de ruido, alta resistencia al desgaste y otras caracter\u00edsticas.<\/p>\n<ol>\n<li><strong>Rentable<\/strong><\/li>\n<\/ol>\n<p align=\"justify\">\u2606 El uso de acero al carbono de alta calidad, despu\u00e9s del procesamiento de precisi\u00f3n y la formaci\u00f3n, mejora en gran medida la experiencia del usuario.<\/p>\n<p><strong>NUESTRO PAQUETE:<\/strong><\/p>\n<p align=\"justify\">1. Sacos de 25 kg o de 50 kg.<br \/>\n2. bolsas con palet.<br \/>\n3. Cajas de cart\u00f3n de 25 kg o cajas de cart\u00f3n con pal\u00e9.<br \/>\n4. Embalaje a petici\u00f3n del cliente<\/p>","protected":false},"excerpt":{"rendered":"<p>PRECIO EXW : 720USD-910USD\/TONELADA<br \/>\nPedido m\u00ednimo:2TONS<br \/>\nEMBALAJE:BOLSA\/CAJA CON PALET<br \/>\nPUERTO:TIANJIN\/QINGDAO\/SHANGHAI\/NINGBO<br \/>\nENTREGA:5-30DAYS ON QTY<br \/>\nPAGO:T\/T\/LC<br \/>\nCapacidad de suministro:600 TON PER MONTH<\/p>\n<p>&nbsp;<\/p>\n<ul>\n<li><em>Precio FOB:<\/em>US $0.5 - 9,999 \/ Pieza<\/li>\n<li><em>Cantidad m\u00ednima de pedido:<\/em>100 unidades\/piezas<\/li>\n<li><em>Capacidad de suministro:<\/em>10000 Piezas\/Pieza por Mes<\/li>\n<\/ul>","protected":false},"featured_media":1593,"template":"","meta":{"_kad_post_transparent":"default","_kad_post_title":"","_kad_post_layout":"default","_kad_post_sidebar_id":"","_kad_post_content_style":"default","_kad_post_vertical_padding":"default","_kad_post_feature":"","_kad_post_feature_position":"","_kad_post_header":false,"_kad_post_footer":false},"product_brand":[],"product_cat":[28],"product_tag":[],"class_list":{"0":"post-1590","1":"product","2":"type-product","3":"status-publish","4":"has-post-thumbnail","6":"product_cat-bolt","8":"first","9":"instock","10":"shipping-taxable","11":"product-type-simple","12":"entry","13":"content-bg","14":"loop-entry"},"yoast_head":"<!-- This site is optimized with the Yoast SEO plugin v27.4 - https:\/\/yoast.com\/product\/yoast-seo-wordpress\/ -->\n<title>Double Threaded Self Tapping Wood Screw Double End Screws Hanger Bolt - Quantong Fastener<\/title>\n<meta name=\"robots\" content=\"index, follow, max-snippet:-1, max-image-preview:large, max-video-preview:-1\" \/>\n<link rel=\"canonical\" href=\"https:\/\/quantongfastener.com\/es\/producto\/double-threaded-self-tapping-wood-screw-double-end-screws-hanger-bolt\/\" \/>\n<meta property=\"og:locale\" content=\"es_ES\" \/>\n<meta property=\"og:type\" content=\"article\" \/>\n<meta property=\"og:title\" content=\"Double Threaded Self Tapping Wood Screw Double End Screws Hanger Bolt - Quantong Fastener\" \/>\n<meta property=\"og:description\" content=\"EXW PRICE : 720USD-910USD\/TON Min.Order Quantity:2TONS PACKAGING:BAG\/BOX WITH PALLET PORT:TIANJIN\/QINGDAO\/SHANGHAI\/NINGBO DELIVERY:5-30DAYS ON QTY PAYMENT:T\/T\/LC Supply Ability:600 TON PER MONTH  &nbsp;   FOB Price:US $0.5 - 9,999 \/ Piece  Min.Order Quantity:100 Piece\/Pieces  Supply Ability:10000 Piece\/Pieces per Month\" \/>\n<meta property=\"og:url\" content=\"https:\/\/quantongfastener.com\/es\/producto\/double-threaded-self-tapping-wood-screw-double-end-screws-hanger-bolt\/\" \/>\n<meta property=\"og:site_name\" content=\"Quantong Fastener\" \/>\n<meta property=\"og:image\" content=\"https:\/\/quantongfastener.com\/wp-content\/uploads\/2025\/07\/Double-Threaded-Self-Tapping-Wood-Screw-Double-End-Screws-Hanger-Bolt-3.jpg\" \/>\n\t<meta property=\"og:image:width\" content=\"610\" \/>\n\t<meta property=\"og:image:height\" content=\"610\" \/>\n\t<meta property=\"og:image:type\" content=\"image\/jpeg\" \/>\n<meta name=\"twitter:card\" content=\"summary_large_image\" \/>\n<meta name=\"twitter:label1\" content=\"Tiempo de lectura\" \/>\n\t<meta name=\"twitter:data1\" content=\"2 minutos\" \/>\n<script type=\"application\/ld+json\" class=\"yoast-schema-graph\">{\"@context\":\"https:\\\/\\\/schema.org\",\"@graph\":[{\"@type\":\"WebPage\",\"@id\":\"https:\\\/\\\/quantongfastener.com\\\/product\\\/double-threaded-self-tapping-wood-screw-double-end-screws-hanger-bolt\\\/\",\"url\":\"https:\\\/\\\/quantongfastener.com\\\/product\\\/double-threaded-self-tapping-wood-screw-double-end-screws-hanger-bolt\\\/\",\"name\":\"Double Threaded Self Tapping Wood Screw Double End Screws Hanger Bolt - Quantong Fastener\",\"isPartOf\":{\"@id\":\"https:\\\/\\\/quantongfastener.com\\\/#website\"},\"primaryImageOfPage\":{\"@id\":\"https:\\\/\\\/quantongfastener.com\\\/product\\\/double-threaded-self-tapping-wood-screw-double-end-screws-hanger-bolt\\\/#primaryimage\"},\"image\":{\"@id\":\"https:\\\/\\\/quantongfastener.com\\\/product\\\/double-threaded-self-tapping-wood-screw-double-end-screws-hanger-bolt\\\/#primaryimage\"},\"thumbnailUrl\":\"https:\\\/\\\/quantongfastener.com\\\/wp-content\\\/uploads\\\/2025\\\/07\\\/Double-Threaded-Self-Tapping-Wood-Screw-Double-End-Screws-Hanger-Bolt-3.jpg\",\"datePublished\":\"2025-07-29T16:08:08+00:00\",\"breadcrumb\":{\"@id\":\"https:\\\/\\\/quantongfastener.com\\\/product\\\/double-threaded-self-tapping-wood-screw-double-end-screws-hanger-bolt\\\/#breadcrumb\"},\"inLanguage\":\"es\",\"potentialAction\":[{\"@type\":\"ReadAction\",\"target\":[\"https:\\\/\\\/quantongfastener.com\\\/product\\\/double-threaded-self-tapping-wood-screw-double-end-screws-hanger-bolt\\\/\"]}]},{\"@type\":\"ImageObject\",\"inLanguage\":\"es\",\"@id\":\"https:\\\/\\\/quantongfastener.com\\\/product\\\/double-threaded-self-tapping-wood-screw-double-end-screws-hanger-bolt\\\/#primaryimage\",\"url\":\"https:\\\/\\\/quantongfastener.com\\\/wp-content\\\/uploads\\\/2025\\\/07\\\/Double-Threaded-Self-Tapping-Wood-Screw-Double-End-Screws-Hanger-Bolt-3.jpg\",\"contentUrl\":\"https:\\\/\\\/quantongfastener.com\\\/wp-content\\\/uploads\\\/2025\\\/07\\\/Double-Threaded-Self-Tapping-Wood-Screw-Double-End-Screws-Hanger-Bolt-3.jpg\",\"width\":610,\"height\":610},{\"@type\":\"BreadcrumbList\",\"@id\":\"https:\\\/\\\/quantongfastener.com\\\/product\\\/double-threaded-self-tapping-wood-screw-double-end-screws-hanger-bolt\\\/#breadcrumb\",\"itemListElement\":[{\"@type\":\"ListItem\",\"position\":1,\"name\":\"Home\",\"item\":\"https:\\\/\\\/quantongfastener.com\\\/\"},{\"@type\":\"ListItem\",\"position\":2,\"name\":\"Products\",\"item\":\"https:\\\/\\\/quantongfastener.com\\\/products\\\/\"},{\"@type\":\"ListItem\",\"position\":3,\"name\":\"Double Threaded Self Tapping Wood Screw Double End Screws Hanger Bolt\"}]},{\"@type\":\"WebSite\",\"@id\":\"https:\\\/\\\/quantongfastener.com\\\/#website\",\"url\":\"https:\\\/\\\/quantongfastener.com\\\/\",\"name\":\"Quantong Fastener\",\"description\":\"\",\"publisher\":{\"@id\":\"https:\\\/\\\/quantongfastener.com\\\/#organization\"},\"potentialAction\":[{\"@type\":\"SearchAction\",\"target\":{\"@type\":\"EntryPoint\",\"urlTemplate\":\"https:\\\/\\\/quantongfastener.com\\\/?s={search_term_string}\"},\"query-input\":{\"@type\":\"PropertyValueSpecification\",\"valueRequired\":true,\"valueName\":\"search_term_string\"}}],\"inLanguage\":\"es\"},{\"@type\":\"Organization\",\"@id\":\"https:\\\/\\\/quantongfastener.com\\\/#organization\",\"name\":\"Quantong Fastener\",\"url\":\"https:\\\/\\\/quantongfastener.com\\\/\",\"logo\":{\"@type\":\"ImageObject\",\"inLanguage\":\"es\",\"@id\":\"https:\\\/\\\/quantongfastener.com\\\/#\\\/schema\\\/logo\\\/image\\\/\",\"url\":\"https:\\\/\\\/quantongfastener.com\\\/wp-content\\\/uploads\\\/2025\\\/07\\\/logo.jpg\",\"contentUrl\":\"https:\\\/\\\/quantongfastener.com\\\/wp-content\\\/uploads\\\/2025\\\/07\\\/logo.jpg\",\"width\":425,\"height\":424,\"caption\":\"Quantong Fastener\"},\"image\":{\"@id\":\"https:\\\/\\\/quantongfastener.com\\\/#\\\/schema\\\/logo\\\/image\\\/\"}}]}<\/script>\n<!-- \/ Yoast SEO plugin. -->","yoast_head_json":{"title":"Double Threaded Self Tapping Wood Screw Double End Screws Hanger Bolt - Quantong Fastener","robots":{"index":"index","follow":"follow","max-snippet":"max-snippet:-1","max-image-preview":"max-image-preview:large","max-video-preview":"max-video-preview:-1"},"canonical":"https:\/\/quantongfastener.com\/es\/producto\/double-threaded-self-tapping-wood-screw-double-end-screws-hanger-bolt\/","og_locale":"es_ES","og_type":"article","og_title":"Double Threaded Self Tapping Wood Screw Double End Screws Hanger Bolt - Quantong Fastener","og_description":"EXW PRICE : 720USD-910USD\/TON Min.Order Quantity:2TONS PACKAGING:BAG\/BOX WITH PALLET PORT:TIANJIN\/QINGDAO\/SHANGHAI\/NINGBO DELIVERY:5-30DAYS ON QTY PAYMENT:T\/T\/LC Supply Ability:600 TON PER MONTH  &nbsp;   FOB Price:US $0.5 - 9,999 \/ Piece  Min.Order Quantity:100 Piece\/Pieces  Supply Ability:10000 Piece\/Pieces per Month","og_url":"https:\/\/quantongfastener.com\/es\/producto\/double-threaded-self-tapping-wood-screw-double-end-screws-hanger-bolt\/","og_site_name":"Quantong Fastener","og_image":[{"width":610,"height":610,"url":"https:\/\/quantongfastener.com\/wp-content\/uploads\/2025\/07\/Double-Threaded-Self-Tapping-Wood-Screw-Double-End-Screws-Hanger-Bolt-3.jpg","type":"image\/jpeg"}],"twitter_card":"summary_large_image","twitter_misc":{"Tiempo de lectura":"2 minutos"},"schema":{"@context":"https:\/\/schema.org","@graph":[{"@type":"WebPage","@id":"https:\/\/quantongfastener.com\/product\/double-threaded-self-tapping-wood-screw-double-end-screws-hanger-bolt\/","url":"https:\/\/quantongfastener.com\/product\/double-threaded-self-tapping-wood-screw-double-end-screws-hanger-bolt\/","name":"Double Threaded Self Tapping Wood Screw Double End Screws Hanger Bolt - Quantong Fastener","isPartOf":{"@id":"https:\/\/quantongfastener.com\/#website"},"primaryImageOfPage":{"@id":"https:\/\/quantongfastener.com\/product\/double-threaded-self-tapping-wood-screw-double-end-screws-hanger-bolt\/#primaryimage"},"image":{"@id":"https:\/\/quantongfastener.com\/product\/double-threaded-self-tapping-wood-screw-double-end-screws-hanger-bolt\/#primaryimage"},"thumbnailUrl":"https:\/\/quantongfastener.com\/wp-content\/uploads\/2025\/07\/Double-Threaded-Self-Tapping-Wood-Screw-Double-End-Screws-Hanger-Bolt-3.jpg","datePublished":"2025-07-29T16:08:08+00:00","breadcrumb":{"@id":"https:\/\/quantongfastener.com\/product\/double-threaded-self-tapping-wood-screw-double-end-screws-hanger-bolt\/#breadcrumb"},"inLanguage":"es","potentialAction":[{"@type":"ReadAction","target":["https:\/\/quantongfastener.com\/product\/double-threaded-self-tapping-wood-screw-double-end-screws-hanger-bolt\/"]}]},{"@type":"ImageObject","inLanguage":"es","@id":"https:\/\/quantongfastener.com\/product\/double-threaded-self-tapping-wood-screw-double-end-screws-hanger-bolt\/#primaryimage","url":"https:\/\/quantongfastener.com\/wp-content\/uploads\/2025\/07\/Double-Threaded-Self-Tapping-Wood-Screw-Double-End-Screws-Hanger-Bolt-3.jpg","contentUrl":"https:\/\/quantongfastener.com\/wp-content\/uploads\/2025\/07\/Double-Threaded-Self-Tapping-Wood-Screw-Double-End-Screws-Hanger-Bolt-3.jpg","width":610,"height":610},{"@type":"BreadcrumbList","@id":"https:\/\/quantongfastener.com\/product\/double-threaded-self-tapping-wood-screw-double-end-screws-hanger-bolt\/#breadcrumb","itemListElement":[{"@type":"ListItem","position":1,"name":"Home","item":"https:\/\/quantongfastener.com\/"},{"@type":"ListItem","position":2,"name":"Products","item":"https:\/\/quantongfastener.com\/products\/"},{"@type":"ListItem","position":3,"name":"Double Threaded Self Tapping Wood Screw Double End Screws Hanger Bolt"}]},{"@type":"WebSite","@id":"https:\/\/quantongfastener.com\/#website","url":"https:\/\/quantongfastener.com\/","name":"Sujetador Quantong","description":"","publisher":{"@id":"https:\/\/quantongfastener.com\/#organization"},"potentialAction":[{"@type":"SearchAction","target":{"@type":"EntryPoint","urlTemplate":"https:\/\/quantongfastener.com\/?s={search_term_string}"},"query-input":{"@type":"PropertyValueSpecification","valueRequired":true,"valueName":"search_term_string"}}],"inLanguage":"es"},{"@type":"Organization","@id":"https:\/\/quantongfastener.com\/#organization","name":"Sujetador Quantong","url":"https:\/\/quantongfastener.com\/","logo":{"@type":"ImageObject","inLanguage":"es","@id":"https:\/\/quantongfastener.com\/#\/schema\/logo\/image\/","url":"https:\/\/quantongfastener.com\/wp-content\/uploads\/2025\/07\/logo.jpg","contentUrl":"https:\/\/quantongfastener.com\/wp-content\/uploads\/2025\/07\/logo.jpg","width":425,"height":424,"caption":"Quantong Fastener"},"image":{"@id":"https:\/\/quantongfastener.com\/#\/schema\/logo\/image\/"}}]}},"_links":{"self":[{"href":"https:\/\/quantongfastener.com\/es\/wp-json\/wp\/v2\/product\/1590","targetHints":{"allow":["GET"]}}],"collection":[{"href":"https:\/\/quantongfastener.com\/es\/wp-json\/wp\/v2\/product"}],"about":[{"href":"https:\/\/quantongfastener.com\/es\/wp-json\/wp\/v2\/types\/product"}],"wp:featuredmedia":[{"embeddable":true,"href":"https:\/\/quantongfastener.com\/es\/wp-json\/wp\/v2\/media\/1593"}],"wp:attachment":[{"href":"https:\/\/quantongfastener.com\/es\/wp-json\/wp\/v2\/media?parent=1590"}],"wp:term":[{"taxonomy":"product_brand","embeddable":true,"href":"https:\/\/quantongfastener.com\/es\/wp-json\/wp\/v2\/product_brand?post=1590"},{"taxonomy":"product_cat","embeddable":true,"href":"https:\/\/quantongfastener.com\/es\/wp-json\/wp\/v2\/product_cat?post=1590"},{"taxonomy":"product_tag","embeddable":true,"href":"https:\/\/quantongfastener.com\/es\/wp-json\/wp\/v2\/product_tag?post=1590"}],"curies":[{"name":"wp","href":"https:\/\/api.w.org\/{rel}","templated":true}]}}