{"id":1556,"date":"2025-07-29T15:50:22","date_gmt":"2025-07-29T15:50:22","guid":{"rendered":"https:\/\/quantongfastener.com\/?post_type=product&#038;p=1556"},"modified":"2025-08-21T03:11:58","modified_gmt":"2025-08-21T03:11:58","slug":"stainless-steel-eye-bolt-din-444","status":"publish","type":"product","link":"https:\/\/quantongfastener.com\/es\/producto\/stainless-steel-eye-bolt-din-444\/","title":{"rendered":"C\u00e1ncamo de acero inoxidable DIN 444"},"content":{"rendered":"<p><img fetchpriority=\"high\" decoding=\"async\" class=\"alignnone size-full wp-image-1563\" src=\"https:\/\/quantongfastener.com\/wp-content\/uploads\/2025\/07\/Stainless-steel-Eye-Bolt-DIN-444.jpg\" alt=\"\" width=\"610\" height=\"610\" srcset=\"https:\/\/quantongfastener.com\/wp-content\/uploads\/2025\/07\/Stainless-steel-Eye-Bolt-DIN-444.jpg 610w, https:\/\/quantongfastener.com\/wp-content\/uploads\/2025\/07\/Stainless-steel-Eye-Bolt-DIN-444-300x300.jpg 300w, https:\/\/quantongfastener.com\/wp-content\/uploads\/2025\/07\/Stainless-steel-Eye-Bolt-DIN-444-150x150.jpg 150w, https:\/\/quantongfastener.com\/wp-content\/uploads\/2025\/07\/Stainless-steel-Eye-Bolt-DIN-444-12x12.jpg 12w, https:\/\/quantongfastener.com\/wp-content\/uploads\/2025\/07\/Stainless-steel-Eye-Bolt-DIN-444-600x600.jpg 600w, https:\/\/quantongfastener.com\/wp-content\/uploads\/2025\/07\/Stainless-steel-Eye-Bolt-DIN-444-100x100.jpg 100w\" sizes=\"(max-width: 610px) 100vw, 610px\" \/><\/p>\n<table border=\"1\" cellspacing=\"0\">\n<tbody>\n<tr>\n<td valign=\"top\" width=\"161\">Nombre del producto<\/td>\n<td valign=\"top\" width=\"406\">A2-70 A4-70 Tornillo de ojo<\/td>\n<\/tr>\n<tr>\n<td valign=\"top\" width=\"161\">Talla<\/td>\n<td valign=\"top\" width=\"406\">M6-64<\/td>\n<\/tr>\n<tr>\n<td valign=\"top\" width=\"161\">Longitud<\/td>\n<td valign=\"top\" width=\"406\">20-300 mm o seg\u00fan sea necesario<\/td>\n<\/tr>\n<tr>\n<td valign=\"top\" width=\"161\">Grado<\/td>\n<td valign=\"top\" width=\"406\">SS304\/SS316<\/td>\n<\/tr>\n<tr>\n<td valign=\"top\" width=\"161\">Material<\/td>\n<td valign=\"top\" width=\"406\">Acero inoxidable<\/td>\n<\/tr>\n<tr>\n<td valign=\"top\" width=\"161\">Tratamiento de superficies<\/td>\n<td valign=\"top\" width=\"406\">Llano<\/td>\n<\/tr>\n<tr>\n<td valign=\"top\" width=\"161\">Est\u00e1ndar<\/td>\n<td valign=\"top\" width=\"406\">DIN\/ISO<\/td>\n<\/tr>\n<tr>\n<td valign=\"top\" width=\"161\">Certificado<\/td>\n<td valign=\"top\" width=\"406\">ISO 9001<\/td>\n<\/tr>\n<tr>\n<td valign=\"top\" width=\"161\">Muestra<\/td>\n<td valign=\"top\" width=\"406\">Muestras gratuitas<\/td>\n<\/tr>\n<\/tbody>\n<\/table>\n<p>Art\u00edculos de aplicaci\u00f3n: tipo de filtro auto-rescatador, instrumento de detecci\u00f3n de gas, m\u00e1scara contra el polvo, impermeable de miner\u00eda, mina blaster, detalles de la aplicaci\u00f3n: pernos de uni\u00f3n son ampliamente utilizados: baja temperatura y v\u00e1lvulas de alta presi\u00f3n, tuber\u00edas de presi\u00f3n, ingenier\u00eda de fluidos, equipos de perforaci\u00f3n y producci\u00f3n de petr\u00f3leo, equipos Oilfield y otros campos se utilizan a menudo en el desmontaje y la conexi\u00f3n ocasiones o herramientas tales como la industria de la v\u00e1lvula, bicicletas plegables, cochecitos de beb\u00e9. Debido al uso conveniente y r\u00e1pido de pernos vivos, el uso de pernos de soporte juega un papel de conexi\u00f3n y fijaci\u00f3n. Amplio y ancho.<\/p>\n<div class=\"fl-row fl-row-full-width fl-row-bg-none fl-node-5e0ea9493a935\" data-node=\"5e0ea9493a935\">\n<div class=\"fl-row-content-wrap\">\n<div class=\"fl-row-content fl-row-full-width fl-node-content\">\n<div class=\"fl-col-group fl-node-5e0ea949452c6\" data-node=\"5e0ea949452c6\">\n<div class=\"fl-col fl-node-5e0ea94945770\" data-node=\"5e0ea94945770\">\n<div class=\"fl-col-content fl-node-content\">\n<div class=\"fl-module fl-module-rich-text fl-node-5e0462f895f7f\" data-node=\"5e0462f895f7f\" data-animation-delay=\"0.0\">\n<div class=\"fl-module-content fl-node-content\">\n<div class=\"fl-rich-text\">\n<p><strong>P: \u00bfPor qu\u00e9 es magn\u00e9tico el acero inoxidable?<\/strong><\/p>\n<p>R: El acero inoxidable 304 pertenece a los aceros inoxidables austen\u00edticos. La austenita se transforma parcial o ligeramente en martensita durante el trabajo en fr\u00edo. La martensita es magn\u00e9tica, por lo que el acero inoxidable es no magn\u00e9tico o d\u00e9bilmente magn\u00e9tico.<\/p>\n<p><strong>P: \u00bfC\u00f3mo identificar los productos de acero inoxidable aut\u00e9nticos?<\/strong><\/p>\n<p>A:1. Apoye la prueba especial de la poci\u00f3n del acero inoxidable, si no cambia de color, es acero inoxidable aut\u00e9ntico.<\/p>\n<p>2.Apoyar el an\u00e1lisis de la composici\u00f3n qu\u00edmica y el an\u00e1lisis espectral.<\/p>\n<p>3. Apoyar la prueba de humo para simular el entorno de uso real.<\/p>\n<p><strong>P: \u00bfCu\u00e1les son los aceros inoxidables m\u00e1s utilizados?<\/strong><\/p>\n<p>A:1.SS201, apto para uso en ambiente seco, f\u00e1cil de oxidar en agua.<\/p>\n<p>2.SS304, ambiente exterior o h\u00famedo, fuerte resistencia a la corrosi\u00f3n y al \u00e1cido.<\/p>\n<p>3.SS316, molibdeno a\u00f1adido, m\u00e1s resistencia a la corrosi\u00f3n, especialmente adecuado para agua de mar y medios qu\u00edmicos.<\/p>\n<\/div>\n<\/div>\n<\/div>\n<\/div>\n<\/div>\n<\/div>\n<\/div>\n<\/div>\n<\/div>\n<div class=\"fl-row fl-row-full-width fl-row-bg-none fl-node-5e12a09f94dc1\" data-node=\"5e12a09f94dc1\">\n<div class=\"fl-row-content-wrap\">\n<div class=\"fl-row-content fl-row-full-width fl-node-content\">\n<div class=\"fl-col-group fl-node-5e12a09f95371\" data-node=\"5e12a09f95371\">\n<div class=\"fl-col fl-node-5e12a09f953d2\" data-node=\"5e12a09f953d2\">\n<div class=\"fl-col-content fl-node-content\">\n<div class=\"fl-module fl-module-rich-text fl-node-5e12a09f95423\" data-node=\"5e12a09f95423\" data-animation-delay=\"0.0\">\n<div class=\"fl-module-content fl-node-content\">\n<div class=\"fl-rich-text\">\n<p><strong>Cinco ventajas del acero inoxidable:<\/strong><\/p>\n<\/div>\n<\/div>\n<\/div>\n<\/div>\n<\/div>\n<\/div>\n<\/div>\n<\/div>\n<\/div>\n<div class=\"fl-row fl-row-full-width fl-row-bg-none fl-node-5e12a0fe10164\" data-node=\"5e12a0fe10164\">\n<div class=\"fl-row-content-wrap\">\n<div class=\"fl-row-content fl-row-full-width fl-node-content\">\n<div class=\"fl-col-group fl-node-5e12a0fe1ca64\" data-node=\"5e12a0fe1ca64\">\n<div class=\"fl-col fl-node-5e12a0fe1d072\" data-node=\"5e12a0fe1d072\">\n<div class=\"fl-col-content fl-node-content\">\n<div class=\"fl-module fl-module-rich-text fl-node-5e12a0fe0f62a\" data-node=\"5e12a0fe0f62a\" data-animation-delay=\"0.0\">\n<div class=\"fl-module-content fl-node-content\">\n<div class=\"fl-rich-text\">\n<p>\u2606 1. Alta dureza, ninguna deformaci\u00f3n -- La dureza del acero inoxidable es m\u00e1s de 2 veces m\u00e1s alta que la del cobre, m\u00e1s de 10 veces m\u00e1s alta que la del aluminio, el proceso es dif\u00edcil, y el proceso de producci\u00f3n es complicado.<\/p>\n<p align=\"justify\">\n<p>\u2606 2.Durable y no oxidado -- hecho de acero inoxidable, la combinaci\u00f3n de cromo y n\u00edquel crea una capa de anti-oxidaci\u00f3n en la superficie del material, que desempe\u00f1a el papel de la oxidaci\u00f3n.<\/p>\n<p align=\"justify\">\n<p>\u2606 3.Respetuoso con el medio ambiente, no t\u00f3xico y no contaminante --- El material de acero inoxidable ha sido reconocido como sanitario, seguro, no t\u00f3xico y resistente a \u00e1cidos y \u00e1lcalis. No se libera al mar y no contamina el agua del grifo.<\/p>\n<p align=\"justify\">\n<p>\u2606 4. Hermoso, de alta calidad, pr\u00e1ctico --- Los productos de acero inoxidable son populares en todo el mundo. La superficie es de plata y blanco. Despu\u00e9s de diez a\u00f1os de uso, nunca se oxidar\u00e1. Siempre y cuando lo limpie con agua limpia, ser\u00e1 limpio y hermoso, tan brillante como nuevo.<\/p>\n<p align=\"justify\">\n<\/div>\n<\/div>\n<\/div>\n<\/div>\n<\/div>\n<\/div>\n<\/div>\n<\/div>\n<\/div>\n<div class=\"fl-row fl-row-full-width fl-row-bg-none fl-node-5e0ea6f070ee5\" data-node=\"5e0ea6f070ee5\">\n<div class=\"fl-row-content-wrap\">\n<div class=\"fl-row-content fl-row-full-width fl-node-content\">\n<div class=\"fl-col-group fl-node-5e0ea6f07142f\" data-node=\"5e0ea6f07142f\">\n<div class=\"fl-col fl-node-5e0ea6f07147c\" data-node=\"5e0ea6f07147c\">\n<div class=\"fl-col-content fl-node-content\">\n<div class=\"fl-module fl-module-rich-text fl-node-5e0ea6f0714c0\" data-node=\"5e0ea6f0714c0\" data-animation-delay=\"0.0\">\n<div class=\"fl-module-content fl-node-content\">\n<div class=\"fl-rich-text\">\n<p><strong>Par\u00e1metros del producto:<\/strong><\/p>\n<\/div>\n<\/div>\n<\/div>\n<\/div>\n<\/div>\n<\/div>\n<\/div>\n<\/div>\n<\/div>\n<div class=\"fl-row fl-row-full-width fl-row-bg-none fl-node-5e0ea8f468763\" data-node=\"5e0ea8f468763\">\n<div class=\"fl-row-content-wrap\">\n<div class=\"fl-row-content fl-row-full-width fl-node-content\">\n<div class=\"fl-col-group fl-node-5e0ea8f473dc2\" data-node=\"5e0ea8f473dc2\">\n<div class=\"fl-col fl-node-5e0ea8f47427f\" data-node=\"5e0ea8f47427f\">\n<div class=\"fl-col-content fl-node-content\">\n<div class=\"fl-module fl-module-rich-text fl-node-5e046382236f8\" data-node=\"5e046382236f8\" data-animation-delay=\"0.0\">\n<div class=\"fl-module-content fl-node-content\">\n<div class=\"fl-rich-text\">\n<p align=\"center\"><img decoding=\"async\" class=\"alignnone size-full wp-image-1203\" src=\"https:\/\/www.cyfastener.com\/uploads\/09caed32.png\" alt=\"xq01\" \/><\/p>\n<\/div>\n<\/div>\n<\/div>\n<\/div>\n<\/div>\n<\/div>\n<\/div>\n<\/div>\n<\/div>","protected":false},"excerpt":{"rendered":"<p>Pedido M\u00ednimo:1000PCS<\/p>\n<p>EMBALAJE:BOLSA\/CAJA CON PALET<\/p>\n<p>PUERTO:TIANJIN\/QINGDAO\/SHANGHAI\/NINGBO<\/p>\n<p>ENTREGA:5-30DAYS ON QTY<\/p>\n<p>PAGO:T\/T\/LC<\/p>\n<p>Capacidad de suministro:500 TON PER MONTH<\/p>","protected":false},"featured_media":1563,"template":"","meta":{"_kad_post_transparent":"default","_kad_post_title":"","_kad_post_layout":"default","_kad_post_sidebar_id":"","_kad_post_content_style":"default","_kad_post_vertical_padding":"default","_kad_post_feature":"","_kad_post_feature_position":"","_kad_post_header":false,"_kad_post_footer":false},"product_brand":[],"product_cat":[28,38],"product_tag":[],"class_list":{"0":"post-1556","1":"product","2":"type-product","3":"status-publish","4":"has-post-thumbnail","6":"product_cat-bolt","7":"product_cat-din-444-eye-bolt","9":"first","10":"instock","11":"shipping-taxable","12":"product-type-simple","13":"entry","14":"content-bg","15":"loop-entry"},"yoast_head":"<!-- This site is optimized with the Yoast SEO plugin v27.4 - https:\/\/yoast.com\/product\/yoast-seo-wordpress\/ -->\n<title>Stainless steel Eye Bolt DIN 444 - Quantong Fastener<\/title>\n<meta name=\"robots\" content=\"index, follow, max-snippet:-1, max-image-preview:large, max-video-preview:-1\" \/>\n<link rel=\"canonical\" href=\"https:\/\/quantongfastener.com\/es\/producto\/stainless-steel-eye-bolt-din-444\/\" \/>\n<meta property=\"og:locale\" content=\"es_ES\" \/>\n<meta property=\"og:type\" content=\"article\" \/>\n<meta property=\"og:title\" content=\"Stainless steel Eye Bolt DIN 444 - Quantong Fastener\" \/>\n<meta property=\"og:description\" content=\"Min.Order Quantity:1000PCS  PACKAGING:BAG\/BOX WITH PALLET  PORT:TIANJIN\/QINGDAO\/SHANGHAI\/NINGBO  DELIVERY:5-30DAYS ON QTY  PAYMENT:T\/T\/LC  Supply Ability:500 TON PER MONTH\" \/>\n<meta property=\"og:url\" content=\"https:\/\/quantongfastener.com\/es\/producto\/stainless-steel-eye-bolt-din-444\/\" \/>\n<meta property=\"og:site_name\" content=\"Quantong Fastener\" \/>\n<meta property=\"article:modified_time\" content=\"2025-08-21T03:11:58+00:00\" \/>\n<meta property=\"og:image\" content=\"https:\/\/quantongfastener.com\/wp-content\/uploads\/2025\/07\/Stainless-steel-Eye-Bolt-DIN-444.jpg\" \/>\n\t<meta property=\"og:image:width\" content=\"610\" \/>\n\t<meta property=\"og:image:height\" content=\"610\" \/>\n\t<meta property=\"og:image:type\" content=\"image\/jpeg\" \/>\n<meta name=\"twitter:card\" content=\"summary_large_image\" \/>\n<meta name=\"twitter:label1\" content=\"Tiempo de lectura\" \/>\n\t<meta name=\"twitter:data1\" content=\"3 minutos\" \/>\n<script type=\"application\/ld+json\" class=\"yoast-schema-graph\">{\"@context\":\"https:\\\/\\\/schema.org\",\"@graph\":[{\"@type\":\"WebPage\",\"@id\":\"https:\\\/\\\/quantongfastener.com\\\/product\\\/stainless-steel-eye-bolt-din-444\\\/\",\"url\":\"https:\\\/\\\/quantongfastener.com\\\/product\\\/stainless-steel-eye-bolt-din-444\\\/\",\"name\":\"Stainless steel Eye Bolt DIN 444 - Quantong Fastener\",\"isPartOf\":{\"@id\":\"https:\\\/\\\/quantongfastener.com\\\/#website\"},\"primaryImageOfPage\":{\"@id\":\"https:\\\/\\\/quantongfastener.com\\\/product\\\/stainless-steel-eye-bolt-din-444\\\/#primaryimage\"},\"image\":{\"@id\":\"https:\\\/\\\/quantongfastener.com\\\/product\\\/stainless-steel-eye-bolt-din-444\\\/#primaryimage\"},\"thumbnailUrl\":\"https:\\\/\\\/quantongfastener.com\\\/wp-content\\\/uploads\\\/2025\\\/07\\\/Stainless-steel-Eye-Bolt-DIN-444.jpg\",\"datePublished\":\"2025-07-29T15:50:22+00:00\",\"dateModified\":\"2025-08-21T03:11:58+00:00\",\"breadcrumb\":{\"@id\":\"https:\\\/\\\/quantongfastener.com\\\/product\\\/stainless-steel-eye-bolt-din-444\\\/#breadcrumb\"},\"inLanguage\":\"es\",\"potentialAction\":[{\"@type\":\"ReadAction\",\"target\":[\"https:\\\/\\\/quantongfastener.com\\\/product\\\/stainless-steel-eye-bolt-din-444\\\/\"]}]},{\"@type\":\"ImageObject\",\"inLanguage\":\"es\",\"@id\":\"https:\\\/\\\/quantongfastener.com\\\/product\\\/stainless-steel-eye-bolt-din-444\\\/#primaryimage\",\"url\":\"https:\\\/\\\/quantongfastener.com\\\/wp-content\\\/uploads\\\/2025\\\/07\\\/Stainless-steel-Eye-Bolt-DIN-444.jpg\",\"contentUrl\":\"https:\\\/\\\/quantongfastener.com\\\/wp-content\\\/uploads\\\/2025\\\/07\\\/Stainless-steel-Eye-Bolt-DIN-444.jpg\",\"width\":610,\"height\":610},{\"@type\":\"BreadcrumbList\",\"@id\":\"https:\\\/\\\/quantongfastener.com\\\/product\\\/stainless-steel-eye-bolt-din-444\\\/#breadcrumb\",\"itemListElement\":[{\"@type\":\"ListItem\",\"position\":1,\"name\":\"Home\",\"item\":\"https:\\\/\\\/quantongfastener.com\\\/\"},{\"@type\":\"ListItem\",\"position\":2,\"name\":\"Products\",\"item\":\"https:\\\/\\\/quantongfastener.com\\\/products\\\/\"},{\"@type\":\"ListItem\",\"position\":3,\"name\":\"Stainless steel Eye Bolt DIN 444\"}]},{\"@type\":\"WebSite\",\"@id\":\"https:\\\/\\\/quantongfastener.com\\\/#website\",\"url\":\"https:\\\/\\\/quantongfastener.com\\\/\",\"name\":\"Quantong Fastener\",\"description\":\"\",\"publisher\":{\"@id\":\"https:\\\/\\\/quantongfastener.com\\\/#organization\"},\"potentialAction\":[{\"@type\":\"SearchAction\",\"target\":{\"@type\":\"EntryPoint\",\"urlTemplate\":\"https:\\\/\\\/quantongfastener.com\\\/?s={search_term_string}\"},\"query-input\":{\"@type\":\"PropertyValueSpecification\",\"valueRequired\":true,\"valueName\":\"search_term_string\"}}],\"inLanguage\":\"es\"},{\"@type\":\"Organization\",\"@id\":\"https:\\\/\\\/quantongfastener.com\\\/#organization\",\"name\":\"Quantong Fastener\",\"url\":\"https:\\\/\\\/quantongfastener.com\\\/\",\"logo\":{\"@type\":\"ImageObject\",\"inLanguage\":\"es\",\"@id\":\"https:\\\/\\\/quantongfastener.com\\\/#\\\/schema\\\/logo\\\/image\\\/\",\"url\":\"https:\\\/\\\/quantongfastener.com\\\/wp-content\\\/uploads\\\/2025\\\/07\\\/logo.jpg\",\"contentUrl\":\"https:\\\/\\\/quantongfastener.com\\\/wp-content\\\/uploads\\\/2025\\\/07\\\/logo.jpg\",\"width\":425,\"height\":424,\"caption\":\"Quantong Fastener\"},\"image\":{\"@id\":\"https:\\\/\\\/quantongfastener.com\\\/#\\\/schema\\\/logo\\\/image\\\/\"}}]}<\/script>\n<!-- \/ Yoast SEO plugin. -->","yoast_head_json":{"title":"Stainless steel Eye Bolt DIN 444 - Quantong Fastener","robots":{"index":"index","follow":"follow","max-snippet":"max-snippet:-1","max-image-preview":"max-image-preview:large","max-video-preview":"max-video-preview:-1"},"canonical":"https:\/\/quantongfastener.com\/es\/producto\/stainless-steel-eye-bolt-din-444\/","og_locale":"es_ES","og_type":"article","og_title":"Stainless steel Eye Bolt DIN 444 - Quantong Fastener","og_description":"Min.Order Quantity:1000PCS  PACKAGING:BAG\/BOX WITH PALLET  PORT:TIANJIN\/QINGDAO\/SHANGHAI\/NINGBO  DELIVERY:5-30DAYS ON QTY  PAYMENT:T\/T\/LC  Supply Ability:500 TON PER MONTH","og_url":"https:\/\/quantongfastener.com\/es\/producto\/stainless-steel-eye-bolt-din-444\/","og_site_name":"Quantong Fastener","article_modified_time":"2025-08-21T03:11:58+00:00","og_image":[{"width":610,"height":610,"url":"https:\/\/quantongfastener.com\/wp-content\/uploads\/2025\/07\/Stainless-steel-Eye-Bolt-DIN-444.jpg","type":"image\/jpeg"}],"twitter_card":"summary_large_image","twitter_misc":{"Tiempo de lectura":"3 minutos"},"schema":{"@context":"https:\/\/schema.org","@graph":[{"@type":"WebPage","@id":"https:\/\/quantongfastener.com\/product\/stainless-steel-eye-bolt-din-444\/","url":"https:\/\/quantongfastener.com\/product\/stainless-steel-eye-bolt-din-444\/","name":"Stainless steel Eye Bolt DIN 444 - Quantong Fastener","isPartOf":{"@id":"https:\/\/quantongfastener.com\/#website"},"primaryImageOfPage":{"@id":"https:\/\/quantongfastener.com\/product\/stainless-steel-eye-bolt-din-444\/#primaryimage"},"image":{"@id":"https:\/\/quantongfastener.com\/product\/stainless-steel-eye-bolt-din-444\/#primaryimage"},"thumbnailUrl":"https:\/\/quantongfastener.com\/wp-content\/uploads\/2025\/07\/Stainless-steel-Eye-Bolt-DIN-444.jpg","datePublished":"2025-07-29T15:50:22+00:00","dateModified":"2025-08-21T03:11:58+00:00","breadcrumb":{"@id":"https:\/\/quantongfastener.com\/product\/stainless-steel-eye-bolt-din-444\/#breadcrumb"},"inLanguage":"es","potentialAction":[{"@type":"ReadAction","target":["https:\/\/quantongfastener.com\/product\/stainless-steel-eye-bolt-din-444\/"]}]},{"@type":"ImageObject","inLanguage":"es","@id":"https:\/\/quantongfastener.com\/product\/stainless-steel-eye-bolt-din-444\/#primaryimage","url":"https:\/\/quantongfastener.com\/wp-content\/uploads\/2025\/07\/Stainless-steel-Eye-Bolt-DIN-444.jpg","contentUrl":"https:\/\/quantongfastener.com\/wp-content\/uploads\/2025\/07\/Stainless-steel-Eye-Bolt-DIN-444.jpg","width":610,"height":610},{"@type":"BreadcrumbList","@id":"https:\/\/quantongfastener.com\/product\/stainless-steel-eye-bolt-din-444\/#breadcrumb","itemListElement":[{"@type":"ListItem","position":1,"name":"Home","item":"https:\/\/quantongfastener.com\/"},{"@type":"ListItem","position":2,"name":"Products","item":"https:\/\/quantongfastener.com\/products\/"},{"@type":"ListItem","position":3,"name":"Stainless steel Eye Bolt DIN 444"}]},{"@type":"WebSite","@id":"https:\/\/quantongfastener.com\/#website","url":"https:\/\/quantongfastener.com\/","name":"Sujetador Quantong","description":"","publisher":{"@id":"https:\/\/quantongfastener.com\/#organization"},"potentialAction":[{"@type":"SearchAction","target":{"@type":"EntryPoint","urlTemplate":"https:\/\/quantongfastener.com\/?s={search_term_string}"},"query-input":{"@type":"PropertyValueSpecification","valueRequired":true,"valueName":"search_term_string"}}],"inLanguage":"es"},{"@type":"Organization","@id":"https:\/\/quantongfastener.com\/#organization","name":"Sujetador Quantong","url":"https:\/\/quantongfastener.com\/","logo":{"@type":"ImageObject","inLanguage":"es","@id":"https:\/\/quantongfastener.com\/#\/schema\/logo\/image\/","url":"https:\/\/quantongfastener.com\/wp-content\/uploads\/2025\/07\/logo.jpg","contentUrl":"https:\/\/quantongfastener.com\/wp-content\/uploads\/2025\/07\/logo.jpg","width":425,"height":424,"caption":"Quantong Fastener"},"image":{"@id":"https:\/\/quantongfastener.com\/#\/schema\/logo\/image\/"}}]}},"_links":{"self":[{"href":"https:\/\/quantongfastener.com\/es\/wp-json\/wp\/v2\/product\/1556","targetHints":{"allow":["GET"]}}],"collection":[{"href":"https:\/\/quantongfastener.com\/es\/wp-json\/wp\/v2\/product"}],"about":[{"href":"https:\/\/quantongfastener.com\/es\/wp-json\/wp\/v2\/types\/product"}],"wp:featuredmedia":[{"embeddable":true,"href":"https:\/\/quantongfastener.com\/es\/wp-json\/wp\/v2\/media\/1563"}],"wp:attachment":[{"href":"https:\/\/quantongfastener.com\/es\/wp-json\/wp\/v2\/media?parent=1556"}],"wp:term":[{"taxonomy":"product_brand","embeddable":true,"href":"https:\/\/quantongfastener.com\/es\/wp-json\/wp\/v2\/product_brand?post=1556"},{"taxonomy":"product_cat","embeddable":true,"href":"https:\/\/quantongfastener.com\/es\/wp-json\/wp\/v2\/product_cat?post=1556"},{"taxonomy":"product_tag","embeddable":true,"href":"https:\/\/quantongfastener.com\/es\/wp-json\/wp\/v2\/product_tag?post=1556"}],"curies":[{"name":"wp","href":"https:\/\/api.w.org\/{rel}","templated":true}]}}