{"id":1545,"date":"2025-07-29T15:46:40","date_gmt":"2025-07-29T15:46:40","guid":{"rendered":"https:\/\/quantongfastener.com\/?post_type=product&#038;p=1545"},"modified":"2025-08-31T04:56:01","modified_gmt":"2025-08-31T04:56:01","slug":"iso-7380-hexagon-socket-button-head-bolt","status":"publish","type":"product","link":"https:\/\/quantongfastener.com\/es\/producto\/iso-7380-hexagon-socket-button-head-bolt\/","title":{"rendered":"ISO 7380 Tornillo hexagonal con cabeza de bot\u00f3n"},"content":{"rendered":"<p><img fetchpriority=\"high\" decoding=\"async\" class=\"alignnone size-full wp-image-1555\" src=\"https:\/\/quantongfastener.com\/wp-content\/uploads\/2025\/07\/34f05f2d-a4a9-41a7-9777-fc57d837238b.png\" alt=\"\" width=\"787\" height=\"709\" srcset=\"https:\/\/quantongfastener.com\/wp-content\/uploads\/2025\/07\/34f05f2d-a4a9-41a7-9777-fc57d837238b.png 787w, https:\/\/quantongfastener.com\/wp-content\/uploads\/2025\/07\/34f05f2d-a4a9-41a7-9777-fc57d837238b-300x270.png 300w, https:\/\/quantongfastener.com\/wp-content\/uploads\/2025\/07\/34f05f2d-a4a9-41a7-9777-fc57d837238b-768x692.png 768w, https:\/\/quantongfastener.com\/wp-content\/uploads\/2025\/07\/34f05f2d-a4a9-41a7-9777-fc57d837238b-13x12.png 13w, https:\/\/quantongfastener.com\/wp-content\/uploads\/2025\/07\/34f05f2d-a4a9-41a7-9777-fc57d837238b-600x541.png 600w\" sizes=\"(max-width: 787px) 100vw, 787px\" \/><\/p>\n<div class=\"fl-row fl-row-full-width fl-row-bg-none fl-node-5e5c60686c313\" data-node=\"5e5c60686c313\">\n<div class=\"fl-row-content-wrap\">\n<div class=\"fl-row-content fl-row-full-width fl-node-content\">\n<div class=\"fl-col-group fl-node-5e5c60686c354\" data-node=\"5e5c60686c354\">\n<div class=\"fl-col fl-node-5e5c60686c3a4\" data-node=\"5e5c60686c3a4\">\n<div class=\"fl-col-content fl-node-content\">\n<div class=\"fl-module fl-module-rich-text fl-node-5e5c60686ae92\" data-node=\"5e5c60686ae92\" data-animation-delay=\"0.0\">\n<div class=\"fl-module-content fl-node-content\">\n<div class=\"fl-rich-text\">\n<ol>\n<li><strong>Mecanizado de precisi\u00f3n<\/strong><\/li>\n<\/ol>\n<p align=\"justify\">\u2606 Medir y procesar utilizando m\u00e1quinas herramienta de precisi\u00f3n y herramientas de medici\u00f3n en condiciones ambientales estrictamente controladas.<\/p>\n<ol>\n<li><strong>Acero al carbono de alta calidad (35#\/45#)<\/strong><\/li>\n<\/ol>\n<p align=\"justify\">\u2606 Con larga vida \u00fatil, baja generaci\u00f3n de calor, alta dureza, alta rigidez, bajo nivel de ruido, alta resistencia al desgaste y otras caracter\u00edsticas.<\/p>\n<ol>\n<li><strong>Rentable<\/strong><\/li>\n<\/ol>\n<p align=\"justify\">\u2606 El uso de acero al carbono de alta calidad, despu\u00e9s del procesamiento de precisi\u00f3n y la formaci\u00f3n, mejora en gran medida la experiencia del usuario.<\/p>\n<\/div>\n<\/div>\n<\/div>\n<\/div>\n<\/div>\n<\/div>\n<\/div>\n<\/div>\n<\/div>\n<div class=\"fl-row fl-row-full-width fl-row-bg-none fl-node-5e5c60686caf2\" data-node=\"5e5c60686caf2\">\n<div class=\"fl-row-content-wrap\">\n<div class=\"fl-row-content fl-row-full-width fl-node-content\">\n<div class=\"fl-col-group fl-node-5e5c60686cb3e\" data-node=\"5e5c60686cb3e\">\n<div class=\"fl-col fl-node-5e5c60686cb85\" data-node=\"5e5c60686cb85\">\n<div class=\"fl-col-content fl-node-content\">\n<div class=\"fl-module fl-module-rich-text fl-node-5e5c60686cbc9\" data-node=\"5e5c60686cbc9\" data-animation-delay=\"0.0\">\n<div class=\"fl-module-content fl-node-content\">\n<div class=\"fl-rich-text\">\n<p><strong>Tratamiento de la superficie:<\/strong><\/p>\n<\/div>\n<\/div>\n<\/div>\n<\/div>\n<\/div>\n<\/div>\n<\/div>\n<\/div>\n<\/div>\n<div class=\"fl-row fl-row-full-width fl-row-bg-none fl-node-5e5c60686cc0c\" data-node=\"5e5c60686cc0c\">\n<div class=\"fl-row-content-wrap\">\n<div class=\"fl-row-content fl-row-full-width fl-node-content\">\n<div class=\"fl-col-group fl-node-5e5c60686cc5a\" data-node=\"5e5c60686cc5a\">\n<div class=\"fl-col fl-node-5e5c60686cca5\" data-node=\"5e5c60686cca5\">\n<div class=\"fl-col-content fl-node-content\">\n<div class=\"fl-module fl-module-rich-text fl-node-5e5c60686ccf5\" data-node=\"5e5c60686ccf5\" data-animation-delay=\"0.0\">\n<div class=\"fl-module-content fl-node-content\">\n<div class=\"fl-rich-text\">\n<ol>\n<li><strong>NEGRO<\/strong><\/li>\n<\/ol>\n<p align=\"justify\">El negro es un m\u00e9todo habitual para el tratamiento t\u00e9rmico de metales. El principio es hacer una pel\u00edcula de \u00f3xido en la superficie del metal para aislar el aire y lograr la prevenci\u00f3n de la oxidaci\u00f3n. El ennegrecimiento es un m\u00e9todo com\u00fan para el tratamiento t\u00e9rmico de metales. El principio es hacer una pel\u00edcula de \u00f3xido en la superficie del metal para aislar el aire y lograr la prevenci\u00f3n de la oxidaci\u00f3n.<\/p>\n<ol>\n<li><strong>ZINC<\/strong><\/li>\n<\/ol>\n<p align=\"justify\">\u2606 El electrogalvanizado es una tecnolog\u00eda tradicional de tratamiento de revestimientos met\u00e1licos que proporciona una resistencia b\u00e1sica a la corrosi\u00f3n a las superficies met\u00e1licas. Sus principales ventajas son una buena soldabilidad y una resistencia de contacto adecuada. Debido a sus buenas propiedades de lubricaci\u00f3n, el cadmiado se utiliza habitualmente en la aviaci\u00f3n, la industria aeroespacial, la marina y los productos de radio y electr\u00f3nica. La capa de chapado protege el sustrato de acero tanto mec\u00e1nica como qu\u00edmicamente, por lo que su resistencia a la corrosi\u00f3n es mucho mejor que la del chapado de zinc.<\/p>\n<ol>\n<li><strong>HDG<\/strong><\/li>\n<\/ol>\n<p align=\"justify\">\u2606 Las principales ventajas son una buena soldabilidad y una resistencia de contacto adecuada. Debido a sus buenas propiedades de lubricaci\u00f3n, el cadmiado se utiliza habitualmente en la aviaci\u00f3n, la industria aeroespacial, la marina y los productos de radio y electr\u00f3nica. La capa de chapado protege el sustrato de acero tanto mec\u00e1nica como qu\u00edmicamente, por lo que su resistencia a la corrosi\u00f3n es mucho mejor que la del chapado de zinc. El zincado en caliente tiene buena resistencia a la corrosi\u00f3n, protecci\u00f3n sacrificial para sustratos de acero, alta resistencia a la intemperie y resistencia a la erosi\u00f3n del agua salada. Es adecuado para plantas qu\u00edmicas, refiner\u00edas y plataformas costeras y marinas.<\/p>\n<\/div>\n<\/div>\n<\/div>\n<\/div>\n<\/div>\n<\/div>\n<\/div>\n<\/div>\n<\/div>\n<div class=\"fl-row fl-row-full-width fl-row-bg-none fl-node-5e5c60686b61f\" data-node=\"5e5c60686b61f\">\n<div class=\"fl-row-content-wrap\">\n<div class=\"fl-row-content fl-row-full-width fl-node-content\">\n<div class=\"fl-col-group fl-node-5e5c60686b661\" data-node=\"5e5c60686b661\">\n<div class=\"fl-col fl-node-5e5c60686b6a3\" data-node=\"5e5c60686b6a3\">\n<div class=\"fl-col-content fl-node-content\">\n<div class=\"fl-module fl-module-rich-text fl-node-5e5c60686b6e5\" data-node=\"5e5c60686b6e5\" data-animation-delay=\"0.0\">\n<div class=\"fl-module-content fl-node-content\">\n<div class=\"fl-rich-text\">\n<p><strong>Par\u00e1metros del producto:<\/strong><\/p>\n<\/div>\n<\/div>\n<\/div>\n<\/div>\n<\/div>\n<\/div>\n<\/div>\n<\/div>\n<\/div>\n<div class=\"fl-row fl-row-full-width fl-row-bg-none fl-node-5e5c60686c250\" data-node=\"5e5c60686c250\">\n<div class=\"fl-row-content-wrap\">\n<div class=\"fl-row-content fl-row-full-width fl-node-content\">\n<div class=\"fl-col-group fl-node-5e5c60686c291\" data-node=\"5e5c60686c291\">\n<div class=\"fl-col fl-node-5e5c60686c2d2\" data-node=\"5e5c60686c2d2\">\n<div class=\"fl-col-content fl-node-content\">\n<div class=\"fl-module fl-module-rich-text fl-node-5e5c60686aed4\" data-node=\"5e5c60686aed4\" data-animation-delay=\"0.0\">\n<div class=\"fl-module-content fl-node-content\">\n<div class=\"fl-rich-text\">\n<p align=\"center\">NORMA ISO 7380<\/p>\n<p align=\"center\"><img decoding=\"async\" class=\"alignnone size-full wp-image-1203\" src=\"https:\/\/www.cyfastener.com\/uploads\/0cfaa9d08.png\" alt=\"xq01\" \/><\/p>\n<p align=\"center\"><a href=\"http:\/\/k1688.quanqiusou.cn\/uploads\/c8769e5a.png\"><img decoding=\"async\" class=\"alignnone size-full wp-image-1768\" src=\"http:\/\/k1688.quanqiusou.cn\/uploads\/c8769e5a.png\" alt=\"cp_2\" \/><\/a><\/p>\n<\/div>\n<\/div>\n<\/div>\n<\/div>\n<\/div>\n<\/div>\n<\/div>\n<\/div>\n<\/div>","protected":false},"excerpt":{"rendered":"<p>Pedido M\u00ednimo:1000PCS<\/p>\n<p>EMBALAJE:BOLSA\/CAJA CON PALET<\/p>\n<p>PUERTO:TIANJIN\/QINGDAO\/SHANGHAI\/NINGBO<\/p>\n<p>ENTREGA:5-30DAYS ON QTY<\/p>\n<p>PAGO:T\/T\/LC<\/p>\n<p>Capacidad de suministro:500 TON PER MONTH<\/p>\n<ul>\n<li><em>Precio FOB:<\/em>US $0.5 - 9,999 \/ Pieza<\/li>\n<li><em>Cantidad m\u00ednima de pedido:<\/em>100 unidades\/piezas<\/li>\n<li><em>Capacidad de suministro:<\/em>10000 Piezas\/Pieza por Mes<\/li>\n<\/ul>","protected":false},"featured_media":1552,"template":"","meta":{"_kad_post_transparent":"default","_kad_post_title":"","_kad_post_layout":"default","_kad_post_sidebar_id":"","_kad_post_content_style":"default","_kad_post_vertical_padding":"default","_kad_post_feature":"","_kad_post_feature_position":"","_kad_post_header":false,"_kad_post_footer":false},"product_brand":[],"product_cat":[28,46],"product_tag":[],"class_list":{"0":"post-1545","1":"product","2":"type-product","3":"status-publish","4":"has-post-thumbnail","6":"product_cat-bolt","7":"product_cat-iso-7380-hex-socket-button-head-bolt","9":"first","10":"instock","11":"shipping-taxable","12":"product-type-simple","13":"entry","14":"content-bg","15":"loop-entry"},"yoast_head":"<!-- This site is optimized with the Yoast SEO plugin v27.4 - https:\/\/yoast.com\/product\/yoast-seo-wordpress\/ -->\n<title>ISO 7380 Hexagon Socket Button Head Bolt - Quantong Fastener<\/title>\n<meta name=\"robots\" content=\"index, follow, max-snippet:-1, max-image-preview:large, max-video-preview:-1\" \/>\n<link rel=\"canonical\" href=\"https:\/\/quantongfastener.com\/es\/producto\/iso-7380-hexagon-socket-button-head-bolt\/\" \/>\n<meta property=\"og:locale\" content=\"es_ES\" \/>\n<meta property=\"og:type\" content=\"article\" \/>\n<meta property=\"og:title\" content=\"ISO 7380 Hexagon Socket Button Head Bolt - Quantong Fastener\" \/>\n<meta property=\"og:description\" content=\"Min.Order Quantity:1000PCS  PACKAGING:BAG\/BOX WITH PALLET  PORT:TIANJIN\/QINGDAO\/SHANGHAI\/NINGBO  DELIVERY:5-30DAYS ON QTY  PAYMENT:T\/T\/LC  Supply Ability:500 TON PER MONTH   FOB Price:US $0.5 - 9,999 \/ Piece  Min.Order Quantity:100 Piece\/Pieces  Supply Ability:10000 Piece\/Pieces per Month\" \/>\n<meta property=\"og:url\" content=\"https:\/\/quantongfastener.com\/es\/producto\/iso-7380-hexagon-socket-button-head-bolt\/\" \/>\n<meta property=\"og:site_name\" content=\"Quantong Fastener\" \/>\n<meta property=\"article:modified_time\" content=\"2025-08-31T04:56:01+00:00\" \/>\n<meta property=\"og:image\" content=\"https:\/\/quantongfastener.com\/wp-content\/uploads\/2025\/07\/ISO-7380-Hexagon-Socket-Button-Head-Bolt-10.jpg\" \/>\n\t<meta property=\"og:image:width\" content=\"610\" \/>\n\t<meta property=\"og:image:height\" content=\"610\" \/>\n\t<meta property=\"og:image:type\" content=\"image\/jpeg\" \/>\n<meta name=\"twitter:card\" content=\"summary_large_image\" \/>\n<meta name=\"twitter:label1\" content=\"Tiempo de lectura\" \/>\n\t<meta name=\"twitter:data1\" content=\"3 minutos\" \/>\n<script type=\"application\/ld+json\" class=\"yoast-schema-graph\">{\"@context\":\"https:\\\/\\\/schema.org\",\"@graph\":[{\"@type\":\"WebPage\",\"@id\":\"https:\\\/\\\/quantongfastener.com\\\/product\\\/iso-7380-hexagon-socket-button-head-bolt\\\/\",\"url\":\"https:\\\/\\\/quantongfastener.com\\\/product\\\/iso-7380-hexagon-socket-button-head-bolt\\\/\",\"name\":\"ISO 7380 Hexagon Socket Button Head Bolt - Quantong Fastener\",\"isPartOf\":{\"@id\":\"https:\\\/\\\/quantongfastener.com\\\/#website\"},\"primaryImageOfPage\":{\"@id\":\"https:\\\/\\\/quantongfastener.com\\\/product\\\/iso-7380-hexagon-socket-button-head-bolt\\\/#primaryimage\"},\"image\":{\"@id\":\"https:\\\/\\\/quantongfastener.com\\\/product\\\/iso-7380-hexagon-socket-button-head-bolt\\\/#primaryimage\"},\"thumbnailUrl\":\"https:\\\/\\\/quantongfastener.com\\\/wp-content\\\/uploads\\\/2025\\\/07\\\/ISO-7380-Hexagon-Socket-Button-Head-Bolt-10.jpg\",\"datePublished\":\"2025-07-29T15:46:40+00:00\",\"dateModified\":\"2025-08-31T04:56:01+00:00\",\"breadcrumb\":{\"@id\":\"https:\\\/\\\/quantongfastener.com\\\/product\\\/iso-7380-hexagon-socket-button-head-bolt\\\/#breadcrumb\"},\"inLanguage\":\"es\",\"potentialAction\":[{\"@type\":\"ReadAction\",\"target\":[\"https:\\\/\\\/quantongfastener.com\\\/product\\\/iso-7380-hexagon-socket-button-head-bolt\\\/\"]}]},{\"@type\":\"ImageObject\",\"inLanguage\":\"es\",\"@id\":\"https:\\\/\\\/quantongfastener.com\\\/product\\\/iso-7380-hexagon-socket-button-head-bolt\\\/#primaryimage\",\"url\":\"https:\\\/\\\/quantongfastener.com\\\/wp-content\\\/uploads\\\/2025\\\/07\\\/ISO-7380-Hexagon-Socket-Button-Head-Bolt-10.jpg\",\"contentUrl\":\"https:\\\/\\\/quantongfastener.com\\\/wp-content\\\/uploads\\\/2025\\\/07\\\/ISO-7380-Hexagon-Socket-Button-Head-Bolt-10.jpg\",\"width\":610,\"height\":610},{\"@type\":\"BreadcrumbList\",\"@id\":\"https:\\\/\\\/quantongfastener.com\\\/product\\\/iso-7380-hexagon-socket-button-head-bolt\\\/#breadcrumb\",\"itemListElement\":[{\"@type\":\"ListItem\",\"position\":1,\"name\":\"Home\",\"item\":\"https:\\\/\\\/quantongfastener.com\\\/\"},{\"@type\":\"ListItem\",\"position\":2,\"name\":\"Products\",\"item\":\"https:\\\/\\\/quantongfastener.com\\\/products\\\/\"},{\"@type\":\"ListItem\",\"position\":3,\"name\":\"ISO 7380 Hexagon Socket Button Head Bolt\"}]},{\"@type\":\"WebSite\",\"@id\":\"https:\\\/\\\/quantongfastener.com\\\/#website\",\"url\":\"https:\\\/\\\/quantongfastener.com\\\/\",\"name\":\"Quantong Fastener\",\"description\":\"\",\"publisher\":{\"@id\":\"https:\\\/\\\/quantongfastener.com\\\/#organization\"},\"potentialAction\":[{\"@type\":\"SearchAction\",\"target\":{\"@type\":\"EntryPoint\",\"urlTemplate\":\"https:\\\/\\\/quantongfastener.com\\\/?s={search_term_string}\"},\"query-input\":{\"@type\":\"PropertyValueSpecification\",\"valueRequired\":true,\"valueName\":\"search_term_string\"}}],\"inLanguage\":\"es\"},{\"@type\":\"Organization\",\"@id\":\"https:\\\/\\\/quantongfastener.com\\\/#organization\",\"name\":\"Quantong Fastener\",\"url\":\"https:\\\/\\\/quantongfastener.com\\\/\",\"logo\":{\"@type\":\"ImageObject\",\"inLanguage\":\"es\",\"@id\":\"https:\\\/\\\/quantongfastener.com\\\/#\\\/schema\\\/logo\\\/image\\\/\",\"url\":\"https:\\\/\\\/quantongfastener.com\\\/wp-content\\\/uploads\\\/2025\\\/07\\\/logo.jpg\",\"contentUrl\":\"https:\\\/\\\/quantongfastener.com\\\/wp-content\\\/uploads\\\/2025\\\/07\\\/logo.jpg\",\"width\":425,\"height\":424,\"caption\":\"Quantong Fastener\"},\"image\":{\"@id\":\"https:\\\/\\\/quantongfastener.com\\\/#\\\/schema\\\/logo\\\/image\\\/\"}}]}<\/script>\n<!-- \/ Yoast SEO plugin. -->","yoast_head_json":{"title":"ISO 7380 Hexagon Socket Button Head Bolt - Quantong Fastener","robots":{"index":"index","follow":"follow","max-snippet":"max-snippet:-1","max-image-preview":"max-image-preview:large","max-video-preview":"max-video-preview:-1"},"canonical":"https:\/\/quantongfastener.com\/es\/producto\/iso-7380-hexagon-socket-button-head-bolt\/","og_locale":"es_ES","og_type":"article","og_title":"ISO 7380 Hexagon Socket Button Head Bolt - Quantong Fastener","og_description":"Min.Order Quantity:1000PCS  PACKAGING:BAG\/BOX WITH PALLET  PORT:TIANJIN\/QINGDAO\/SHANGHAI\/NINGBO  DELIVERY:5-30DAYS ON QTY  PAYMENT:T\/T\/LC  Supply Ability:500 TON PER MONTH   FOB Price:US $0.5 - 9,999 \/ Piece  Min.Order Quantity:100 Piece\/Pieces  Supply Ability:10000 Piece\/Pieces per Month","og_url":"https:\/\/quantongfastener.com\/es\/producto\/iso-7380-hexagon-socket-button-head-bolt\/","og_site_name":"Quantong Fastener","article_modified_time":"2025-08-31T04:56:01+00:00","og_image":[{"width":610,"height":610,"url":"https:\/\/quantongfastener.com\/wp-content\/uploads\/2025\/07\/ISO-7380-Hexagon-Socket-Button-Head-Bolt-10.jpg","type":"image\/jpeg"}],"twitter_card":"summary_large_image","twitter_misc":{"Tiempo de lectura":"3 minutos"},"schema":{"@context":"https:\/\/schema.org","@graph":[{"@type":"WebPage","@id":"https:\/\/quantongfastener.com\/product\/iso-7380-hexagon-socket-button-head-bolt\/","url":"https:\/\/quantongfastener.com\/product\/iso-7380-hexagon-socket-button-head-bolt\/","name":"ISO 7380 Hexagon Socket Button Head Bolt - Quantong Fastener","isPartOf":{"@id":"https:\/\/quantongfastener.com\/#website"},"primaryImageOfPage":{"@id":"https:\/\/quantongfastener.com\/product\/iso-7380-hexagon-socket-button-head-bolt\/#primaryimage"},"image":{"@id":"https:\/\/quantongfastener.com\/product\/iso-7380-hexagon-socket-button-head-bolt\/#primaryimage"},"thumbnailUrl":"https:\/\/quantongfastener.com\/wp-content\/uploads\/2025\/07\/ISO-7380-Hexagon-Socket-Button-Head-Bolt-10.jpg","datePublished":"2025-07-29T15:46:40+00:00","dateModified":"2025-08-31T04:56:01+00:00","breadcrumb":{"@id":"https:\/\/quantongfastener.com\/product\/iso-7380-hexagon-socket-button-head-bolt\/#breadcrumb"},"inLanguage":"es","potentialAction":[{"@type":"ReadAction","target":["https:\/\/quantongfastener.com\/product\/iso-7380-hexagon-socket-button-head-bolt\/"]}]},{"@type":"ImageObject","inLanguage":"es","@id":"https:\/\/quantongfastener.com\/product\/iso-7380-hexagon-socket-button-head-bolt\/#primaryimage","url":"https:\/\/quantongfastener.com\/wp-content\/uploads\/2025\/07\/ISO-7380-Hexagon-Socket-Button-Head-Bolt-10.jpg","contentUrl":"https:\/\/quantongfastener.com\/wp-content\/uploads\/2025\/07\/ISO-7380-Hexagon-Socket-Button-Head-Bolt-10.jpg","width":610,"height":610},{"@type":"BreadcrumbList","@id":"https:\/\/quantongfastener.com\/product\/iso-7380-hexagon-socket-button-head-bolt\/#breadcrumb","itemListElement":[{"@type":"ListItem","position":1,"name":"Home","item":"https:\/\/quantongfastener.com\/"},{"@type":"ListItem","position":2,"name":"Products","item":"https:\/\/quantongfastener.com\/products\/"},{"@type":"ListItem","position":3,"name":"ISO 7380 Hexagon Socket Button Head Bolt"}]},{"@type":"WebSite","@id":"https:\/\/quantongfastener.com\/#website","url":"https:\/\/quantongfastener.com\/","name":"Sujetador Quantong","description":"","publisher":{"@id":"https:\/\/quantongfastener.com\/#organization"},"potentialAction":[{"@type":"SearchAction","target":{"@type":"EntryPoint","urlTemplate":"https:\/\/quantongfastener.com\/?s={search_term_string}"},"query-input":{"@type":"PropertyValueSpecification","valueRequired":true,"valueName":"search_term_string"}}],"inLanguage":"es"},{"@type":"Organization","@id":"https:\/\/quantongfastener.com\/#organization","name":"Sujetador Quantong","url":"https:\/\/quantongfastener.com\/","logo":{"@type":"ImageObject","inLanguage":"es","@id":"https:\/\/quantongfastener.com\/#\/schema\/logo\/image\/","url":"https:\/\/quantongfastener.com\/wp-content\/uploads\/2025\/07\/logo.jpg","contentUrl":"https:\/\/quantongfastener.com\/wp-content\/uploads\/2025\/07\/logo.jpg","width":425,"height":424,"caption":"Quantong Fastener"},"image":{"@id":"https:\/\/quantongfastener.com\/#\/schema\/logo\/image\/"}}]}},"_links":{"self":[{"href":"https:\/\/quantongfastener.com\/es\/wp-json\/wp\/v2\/product\/1545","targetHints":{"allow":["GET"]}}],"collection":[{"href":"https:\/\/quantongfastener.com\/es\/wp-json\/wp\/v2\/product"}],"about":[{"href":"https:\/\/quantongfastener.com\/es\/wp-json\/wp\/v2\/types\/product"}],"wp:featuredmedia":[{"embeddable":true,"href":"https:\/\/quantongfastener.com\/es\/wp-json\/wp\/v2\/media\/1552"}],"wp:attachment":[{"href":"https:\/\/quantongfastener.com\/es\/wp-json\/wp\/v2\/media?parent=1545"}],"wp:term":[{"taxonomy":"product_brand","embeddable":true,"href":"https:\/\/quantongfastener.com\/es\/wp-json\/wp\/v2\/product_brand?post=1545"},{"taxonomy":"product_cat","embeddable":true,"href":"https:\/\/quantongfastener.com\/es\/wp-json\/wp\/v2\/product_cat?post=1545"},{"taxonomy":"product_tag","embeddable":true,"href":"https:\/\/quantongfastener.com\/es\/wp-json\/wp\/v2\/product_tag?post=1545"}],"curies":[{"name":"wp","href":"https:\/\/api.w.org\/{rel}","templated":true}]}}