{"id":1516,"date":"2025-07-29T15:32:53","date_gmt":"2025-07-29T15:32:53","guid":{"rendered":"https:\/\/quantongfastener.com\/?post_type=product&#038;p=1516"},"modified":"2025-07-29T15:32:53","modified_gmt":"2025-07-29T15:32:53","slug":"stainless-steel-a2-70-a4-70-hex-bolts-din-931-din-933","status":"publish","type":"product","link":"https:\/\/quantongfastener.com\/es\/producto\/stainless-steel-a2-70-a4-70-hex-bolts-din-931-din-933\/","title":{"rendered":"Acero inoxidable A2-70 A4-70 Tornillos hexagonales DIN 931 DIN 933"},"content":{"rendered":"<p><img fetchpriority=\"high\" decoding=\"async\" class=\"alignnone size-full wp-image-1517\" src=\"https:\/\/quantongfastener.com\/wp-content\/uploads\/2025\/07\/Hot-dip-Galvanized-Hex-Bolt-DIN-933_DIN-931-1-1.jpg\" alt=\"\" width=\"610\" height=\"610\" srcset=\"https:\/\/quantongfastener.com\/wp-content\/uploads\/2025\/07\/Hot-dip-Galvanized-Hex-Bolt-DIN-933_DIN-931-1-1.jpg 610w, https:\/\/quantongfastener.com\/wp-content\/uploads\/2025\/07\/Hot-dip-Galvanized-Hex-Bolt-DIN-933_DIN-931-1-1-300x300.jpg 300w, https:\/\/quantongfastener.com\/wp-content\/uploads\/2025\/07\/Hot-dip-Galvanized-Hex-Bolt-DIN-933_DIN-931-1-1-150x150.jpg 150w, https:\/\/quantongfastener.com\/wp-content\/uploads\/2025\/07\/Hot-dip-Galvanized-Hex-Bolt-DIN-933_DIN-931-1-1-12x12.jpg 12w, https:\/\/quantongfastener.com\/wp-content\/uploads\/2025\/07\/Hot-dip-Galvanized-Hex-Bolt-DIN-933_DIN-931-1-1-600x600.jpg 600w, https:\/\/quantongfastener.com\/wp-content\/uploads\/2025\/07\/Hot-dip-Galvanized-Hex-Bolt-DIN-933_DIN-931-1-1-100x100.jpg 100w\" sizes=\"(max-width: 610px) 100vw, 610px\" \/><\/p>\n<div class=\"table_wrap\">\n<table border=\"1\" cellspacing=\"0\">\n<tbody>\n<tr>\n<td valign=\"top\" width=\"161\">Nombre del producto<\/td>\n<td valign=\"top\" width=\"406\">Tornillo hexagonal<\/td>\n<\/tr>\n<tr>\n<td valign=\"top\" width=\"161\">Talla<\/td>\n<td valign=\"top\" width=\"406\">M3-100<\/td>\n<\/tr>\n<tr>\n<td valign=\"top\" width=\"161\">Longitud<\/td>\n<td valign=\"top\" width=\"406\">10-3000 mm o seg\u00fan las necesidades<\/td>\n<\/tr>\n<tr>\n<td valign=\"top\" width=\"161\">Grado<\/td>\n<td valign=\"top\" width=\"406\">SS304\/SS316<\/td>\n<\/tr>\n<tr>\n<td valign=\"top\" width=\"161\">Material<\/td>\n<td valign=\"top\" width=\"406\">Acero Stanless<\/td>\n<\/tr>\n<tr>\n<td valign=\"top\" width=\"161\">Tratamiento de superficies<\/td>\n<td valign=\"top\" width=\"406\">Llano<\/td>\n<\/tr>\n<tr>\n<td valign=\"top\" width=\"161\">Est\u00e1ndar<\/td>\n<td valign=\"top\" width=\"406\">DIN\/ISO<\/td>\n<\/tr>\n<tr>\n<td valign=\"top\" width=\"161\">Certificado<\/td>\n<td valign=\"top\" width=\"406\">ISO 9001<\/td>\n<\/tr>\n<tr>\n<td valign=\"top\" width=\"161\">Muestra<\/td>\n<td valign=\"top\" width=\"406\">Muestras gratuitas<\/td>\n<\/tr>\n<tr>\n<td valign=\"top\" width=\"161\">Utilizaci\u00f3n<\/td>\n<td valign=\"top\" width=\"406\">Estructuras de acero, multi-piso, estructura de acero de gran altura, edificios, edificios industriales, carretera, ferrocarril, vapor de acero, torre, central el\u00e9ctrica y otros marcos de taller de estructura.<\/td>\n<\/tr>\n<\/tbody>\n<\/table>\n<\/div>\n<p>&nbsp;<\/p>\n<p>&nbsp;<\/p>\n<div class=\"fl-row fl-row-full-width fl-row-bg-none fl-node-5e61ee819301a\" data-node=\"5e61ee819301a\">\n<div class=\"fl-row-content-wrap\">\n<div class=\"fl-row-content fl-row-full-width fl-node-content\">\n<div class=\"fl-col-group fl-node-5e61ee819306c\" data-node=\"5e61ee819306c\">\n<div class=\"fl-col fl-node-5e61ee81930ba\" data-node=\"5e61ee81930ba\">\n<div class=\"fl-col-content fl-node-content\">\n<div class=\"fl-module fl-module-rich-text fl-node-5e61ee819161e\" data-node=\"5e61ee819161e\" data-animation-delay=\"0.0\">\n<div class=\"fl-module-content fl-node-content\">\n<div class=\"fl-rich-text\">\n<ol>\n<li>\n<div class=\"fl-row fl-row-full-width fl-row-bg-none fl-node-5e562bb17fb41\" data-node=\"5e562bb17fb41\">\n<div class=\"fl-row-content-wrap\">\n<div class=\"fl-row-content fl-row-full-width fl-node-content\">\n<div class=\"fl-col-group fl-node-5e562bf5bbc60\" data-node=\"5e562bf5bbc60\">\n<div class=\"fl-col fl-node-5e562bf5bbf50\" data-node=\"5e562bf5bbf50\">\n<div class=\"fl-col-content fl-node-content\">\n<div class=\"fl-module fl-module-rich-text fl-node-5e562bf5bb9f0\" data-node=\"5e562bf5bb9f0\" data-animation-delay=\"0.0\">\n<div class=\"fl-module-content fl-node-content\">\n<div class=\"fl-rich-text\">\n<p>P: \u00bfPor qu\u00e9 es magn\u00e9tico el acero inoxidable?<br \/>\nR: El acero inoxidable 304 pertenece a los aceros inoxidables austen\u00edticos. La austenita se transforma parcial o ligeramente en martensita durante el trabajo en fr\u00edo. La martensita es magn\u00e9tica, por lo que el acero inoxidable es no magn\u00e9tico o d\u00e9bilmente magn\u00e9tico.<br \/>\nP: \u00bfC\u00f3mo identificar los productos de acero inoxidable aut\u00e9nticos?<br \/>\nR: 1. Soporta la prueba de poci\u00f3n especial de acero inoxidable, si no cambia de color, es aut\u00e9ntico acero inoxidable.<br \/>\n2. Apoyar el an\u00e1lisis de la composici\u00f3n qu\u00edmica y el an\u00e1lisis espectral.<br \/>\n3. Apoyar la prueba de humo para simular el entorno de uso real.<br \/>\nP: \u00bfCu\u00e1les son los aceros inoxidables m\u00e1s utilizados?<br \/>\nA: 1.SS201, apto para uso en ambiente seco, f\u00e1cil de oxidar en agua.<br \/>\n2.SS304, ambiente exterior o h\u00famedo, fuerte resistencia a la corrosi\u00f3n y al \u00e1cido.<br \/>\n3.SS316, molibdeno a\u00f1adido, m\u00e1s resistencia a la corrosi\u00f3n, especialmente adecuado para agua de mar y medios qu\u00edmicos.<\/p>\n<\/div>\n<\/div>\n<\/div>\n<\/div>\n<\/div>\n<\/div>\n<\/div>\n<\/div>\n<\/div>\n<div class=\"fl-row fl-row-full-width fl-row-bg-none fl-node-5e562c4f0550c\" data-node=\"5e562c4f0550c\">\n<div class=\"fl-row-content-wrap\">\n<div class=\"fl-row-content fl-row-full-width fl-node-content\">\n<div class=\"fl-col-group fl-node-5e562c4f09eca\" data-node=\"5e562c4f09eca\">\n<div class=\"fl-col fl-node-5e562c4f0a235\" data-node=\"5e562c4f0a235\">\n<div class=\"fl-col-content fl-node-content\">\n<div class=\"fl-module fl-module-rich-text fl-node-5e562c601b7eb\" data-node=\"5e562c601b7eb\" data-animation-delay=\"0.0\">\n<div class=\"fl-module-content fl-node-content\">\n<div class=\"fl-rich-text\">\n<p><strong>Cinco ventajas del acero inoxidable:<\/strong><\/p>\n<\/div>\n<\/div>\n<\/div>\n<\/div>\n<\/div>\n<\/div>\n<div class=\"fl-col-group fl-node-5e562c7e83bbb\" data-node=\"5e562c7e83bbb\">\n<div class=\"fl-col fl-node-5e562c7e83ed1\" data-node=\"5e562c7e83ed1\">\n<div class=\"fl-col-content fl-node-content\">\n<div class=\"fl-module fl-module-rich-text fl-node-5e562c7e839ba\" data-node=\"5e562c7e839ba\" data-animation-delay=\"0.0\">\n<div class=\"fl-module-content fl-node-content\">\n<div class=\"fl-rich-text\">\n<p>1. La dureza del acero inoxidable es m\u00e1s de 2 veces superior a la del cobre, m\u00e1s de 10 veces superior a la del aluminio, el procesamiento es dif\u00edcil, y el proceso de producci\u00f3n es complicado.<br \/>\n2.Durable y no oxidado -- hecho de acero inoxidable, la combinaci\u00f3n de cromo y n\u00edquel crea una capa de anti-oxidaci\u00f3n en la superficie del material, que desempe\u00f1a el papel de la oxidaci\u00f3n.<br \/>\n3.Respetuoso con el medio ambiente, no t\u00f3xico y no contaminante --- El material de acero inoxidable ha sido reconocido como sanitario, seguro, no t\u00f3xico y resistente a \u00e1cidos y \u00e1lcalis. No se libera al mar y no contamina el agua del grifo.<br \/>\n4. Los productos de acero inoxidable son populares en todo el mundo. La superficie es plateada y blanca. Despu\u00e9s de diez a\u00f1os de uso, nunca se oxida. Siempre y cuando se limpie con agua limpia, ser\u00e1 limpio y hermoso, tan brillante como nuevo.<\/p>\n<\/div>\n<\/div>\n<\/div>\n<\/div>\n<\/div>\n<\/div>\n<\/div>\n<\/div>\n<\/div>\n<\/li>\n<\/ol>\n<\/div>\n<\/div>\n<\/div>\n<\/div>\n<\/div>\n<\/div>\n<\/div>\n<\/div>\n<\/div>\n<div class=\"fl-row fl-row-full-width fl-row-bg-none fl-node-5e61ee819381a\" data-node=\"5e61ee819381a\">\n<div class=\"fl-row-content-wrap\">\n<div class=\"fl-row-content fl-row-full-width fl-node-content\">\n<div class=\"fl-col-group fl-node-5e61ee819387e\" data-node=\"5e61ee819387e\">\n<div class=\"fl-col fl-node-5e61ee81938fb\" data-node=\"5e61ee81938fb\">\n<div class=\"fl-col-content fl-node-content\">\n<div class=\"fl-module fl-module-rich-text fl-node-5e61ee8193952\" data-node=\"5e61ee8193952\" data-animation-delay=\"0.0\">\n<div class=\"fl-module-content fl-node-content\">\n<div class=\"fl-rich-text\">\n<p><img decoding=\"async\" class=\"alignnone size-full wp-image-1505\" src=\"https:\/\/quantongfastener.com\/wp-content\/uploads\/2025\/07\/7b058a7a-b73e-4ad8-8816-335adf5b537d.png\" alt=\"\" width=\"1037\" height=\"618\" srcset=\"https:\/\/quantongfastener.com\/wp-content\/uploads\/2025\/07\/7b058a7a-b73e-4ad8-8816-335adf5b537d.png 1037w, https:\/\/quantongfastener.com\/wp-content\/uploads\/2025\/07\/7b058a7a-b73e-4ad8-8816-335adf5b537d-300x179.png 300w, https:\/\/quantongfastener.com\/wp-content\/uploads\/2025\/07\/7b058a7a-b73e-4ad8-8816-335adf5b537d-1024x610.png 1024w, https:\/\/quantongfastener.com\/wp-content\/uploads\/2025\/07\/7b058a7a-b73e-4ad8-8816-335adf5b537d-768x458.png 768w, https:\/\/quantongfastener.com\/wp-content\/uploads\/2025\/07\/7b058a7a-b73e-4ad8-8816-335adf5b537d-18x12.png 18w, https:\/\/quantongfastener.com\/wp-content\/uploads\/2025\/07\/7b058a7a-b73e-4ad8-8816-335adf5b537d-600x358.png 600w\" sizes=\"(max-width: 1037px) 100vw, 1037px\" \/><\/p>\n<p><img decoding=\"async\" class=\"alignnone size-full wp-image-1506\" src=\"https:\/\/quantongfastener.com\/wp-content\/uploads\/2025\/07\/0c66bfd9-d538-424f-a05f-2fb33dc82204.png\" alt=\"\" width=\"1046\" height=\"654\" srcset=\"https:\/\/quantongfastener.com\/wp-content\/uploads\/2025\/07\/0c66bfd9-d538-424f-a05f-2fb33dc82204.png 1046w, https:\/\/quantongfastener.com\/wp-content\/uploads\/2025\/07\/0c66bfd9-d538-424f-a05f-2fb33dc82204-300x188.png 300w, https:\/\/quantongfastener.com\/wp-content\/uploads\/2025\/07\/0c66bfd9-d538-424f-a05f-2fb33dc82204-1024x640.png 1024w, https:\/\/quantongfastener.com\/wp-content\/uploads\/2025\/07\/0c66bfd9-d538-424f-a05f-2fb33dc82204-768x480.png 768w, https:\/\/quantongfastener.com\/wp-content\/uploads\/2025\/07\/0c66bfd9-d538-424f-a05f-2fb33dc82204-18x12.png 18w, https:\/\/quantongfastener.com\/wp-content\/uploads\/2025\/07\/0c66bfd9-d538-424f-a05f-2fb33dc82204-600x375.png 600w\" sizes=\"(max-width: 1046px) 100vw, 1046px\" \/><\/p>\n<p><img loading=\"lazy\" decoding=\"async\" class=\"alignnone size-full wp-image-1507\" src=\"https:\/\/quantongfastener.com\/wp-content\/uploads\/2025\/07\/84e83c4a-c29c-4bf1-9006-0091983dfb41.png\" alt=\"\" width=\"1037\" height=\"660\" srcset=\"https:\/\/quantongfastener.com\/wp-content\/uploads\/2025\/07\/84e83c4a-c29c-4bf1-9006-0091983dfb41.png 1037w, https:\/\/quantongfastener.com\/wp-content\/uploads\/2025\/07\/84e83c4a-c29c-4bf1-9006-0091983dfb41-300x191.png 300w, https:\/\/quantongfastener.com\/wp-content\/uploads\/2025\/07\/84e83c4a-c29c-4bf1-9006-0091983dfb41-1024x652.png 1024w, https:\/\/quantongfastener.com\/wp-content\/uploads\/2025\/07\/84e83c4a-c29c-4bf1-9006-0091983dfb41-768x489.png 768w, https:\/\/quantongfastener.com\/wp-content\/uploads\/2025\/07\/84e83c4a-c29c-4bf1-9006-0091983dfb41-18x12.png 18w, https:\/\/quantongfastener.com\/wp-content\/uploads\/2025\/07\/84e83c4a-c29c-4bf1-9006-0091983dfb41-600x382.png 600w\" sizes=\"(max-width: 1037px) 100vw, 1037px\" \/><\/p>\n<p><img loading=\"lazy\" decoding=\"async\" class=\"alignnone size-full wp-image-1508\" src=\"https:\/\/quantongfastener.com\/wp-content\/uploads\/2025\/07\/b8ca4fa03-1.png\" alt=\"\" width=\"780\" height=\"286\" srcset=\"https:\/\/quantongfastener.com\/wp-content\/uploads\/2025\/07\/b8ca4fa03-1.png 780w, https:\/\/quantongfastener.com\/wp-content\/uploads\/2025\/07\/b8ca4fa03-1-300x110.png 300w, https:\/\/quantongfastener.com\/wp-content\/uploads\/2025\/07\/b8ca4fa03-1-768x282.png 768w, https:\/\/quantongfastener.com\/wp-content\/uploads\/2025\/07\/b8ca4fa03-1-18x7.png 18w, https:\/\/quantongfastener.com\/wp-content\/uploads\/2025\/07\/b8ca4fa03-1-600x220.png 600w\" sizes=\"(max-width: 780px) 100vw, 780px\" \/><\/p>\n<p><img loading=\"lazy\" decoding=\"async\" class=\"alignnone size-full wp-image-1509\" src=\"https:\/\/quantongfastener.com\/wp-content\/uploads\/2025\/07\/381cabaf-c5ba-4e8a-bcae-2dc92893ede8.png\" alt=\"\" width=\"779\" height=\"749\" srcset=\"https:\/\/quantongfastener.com\/wp-content\/uploads\/2025\/07\/381cabaf-c5ba-4e8a-bcae-2dc92893ede8.png 779w, https:\/\/quantongfastener.com\/wp-content\/uploads\/2025\/07\/381cabaf-c5ba-4e8a-bcae-2dc92893ede8-300x288.png 300w, https:\/\/quantongfastener.com\/wp-content\/uploads\/2025\/07\/381cabaf-c5ba-4e8a-bcae-2dc92893ede8-768x738.png 768w, https:\/\/quantongfastener.com\/wp-content\/uploads\/2025\/07\/381cabaf-c5ba-4e8a-bcae-2dc92893ede8-12x12.png 12w, https:\/\/quantongfastener.com\/wp-content\/uploads\/2025\/07\/381cabaf-c5ba-4e8a-bcae-2dc92893ede8-600x577.png 600w\" sizes=\"(max-width: 779px) 100vw, 779px\" \/><\/p>\n<\/div>\n<\/div>\n<\/div>\n<\/div>\n<\/div>\n<\/div>\n<\/div>\n<\/div>\n<\/div>","protected":false},"excerpt":{"rendered":"<p>Pedido M\u00ednimo:1000PCS<\/p>\n<p>EMBALAJE:BOLSA\/CAJA CON PALET<\/p>\n<p>PUERTO:TIANJIN\/QINGDAO\/SHANGHAI\/NINGBO<\/p>\n<p>ENTREGA:5-30DAYS ON QTY<\/p>\n<p>PAGO:T\/T\/LC<\/p>\n<p>Capacidad de suministro:500 TON PER MONTH<\/p>\n<p>&nbsp;<\/p>\n<ul>\n<li><em>Precio FOB:<\/em>US $0.5 - 9,999 \/ Pieza<\/li>\n<li><em>Cantidad m\u00ednima de pedido:<\/em>100 unidades\/piezas<\/li>\n<li><em>Capacidad de suministro:<\/em>10000 Piezas\/Pieza por Mes<\/li>\n<\/ul>","protected":false},"featured_media":1535,"template":"","meta":{"_kad_post_transparent":"default","_kad_post_title":"","_kad_post_layout":"default","_kad_post_sidebar_id":"","_kad_post_content_style":"default","_kad_post_vertical_padding":"default","_kad_post_feature":"","_kad_post_feature_position":"","_kad_post_header":false,"_kad_post_footer":false},"product_brand":[],"product_cat":[28],"product_tag":[],"class_list":{"0":"post-1516","1":"product","2":"type-product","3":"status-publish","4":"has-post-thumbnail","6":"product_cat-bolt","8":"first","9":"instock","10":"shipping-taxable","11":"product-type-simple","12":"entry","13":"content-bg","14":"loop-entry"},"yoast_head":"<!-- This site is optimized with the Yoast SEO plugin v27.4 - https:\/\/yoast.com\/product\/yoast-seo-wordpress\/ -->\n<title>Stainless steel A2-70 A4-70 Hex bolts DIN 931 DIN 933 - Quantong Fastener<\/title>\n<meta name=\"robots\" content=\"index, follow, max-snippet:-1, max-image-preview:large, max-video-preview:-1\" \/>\n<link rel=\"canonical\" href=\"https:\/\/quantongfastener.com\/es\/producto\/stainless-steel-a2-70-a4-70-hex-bolts-din-931-din-933\/\" \/>\n<meta property=\"og:locale\" content=\"es_ES\" \/>\n<meta property=\"og:type\" content=\"article\" \/>\n<meta property=\"og:title\" content=\"Stainless steel A2-70 A4-70 Hex bolts DIN 931 DIN 933 - Quantong Fastener\" \/>\n<meta property=\"og:description\" content=\"Min.Order Quantity:1000PCS  PACKAGING:BAG\/BOX WITH PALLET  PORT:TIANJIN\/QINGDAO\/SHANGHAI\/NINGBO  DELIVERY:5-30DAYS ON QTY  PAYMENT:T\/T\/LC  Supply Ability:500 TON PER MONTH  &nbsp;   FOB Price:US $0.5 - 9,999 \/ Piece  Min.Order Quantity:100 Piece\/Pieces  Supply Ability:10000 Piece\/Pieces per Month\" \/>\n<meta property=\"og:url\" content=\"https:\/\/quantongfastener.com\/es\/producto\/stainless-steel-a2-70-a4-70-hex-bolts-din-931-din-933\/\" \/>\n<meta property=\"og:site_name\" content=\"Quantong Fastener\" \/>\n<meta property=\"og:image\" content=\"https:\/\/quantongfastener.com\/wp-content\/uploads\/2025\/07\/Stainless-steel-A2-70-A4-70-Hex-bolts-DIN-931-DIN-933.jpg\" \/>\n\t<meta property=\"og:image:width\" content=\"610\" \/>\n\t<meta property=\"og:image:height\" content=\"610\" \/>\n\t<meta property=\"og:image:type\" content=\"image\/jpeg\" \/>\n<meta name=\"twitter:card\" content=\"summary_large_image\" \/>\n<meta name=\"twitter:label1\" content=\"Tiempo de lectura\" \/>\n\t<meta name=\"twitter:data1\" content=\"3 minutos\" \/>\n<script type=\"application\/ld+json\" class=\"yoast-schema-graph\">{\"@context\":\"https:\\\/\\\/schema.org\",\"@graph\":[{\"@type\":\"WebPage\",\"@id\":\"https:\\\/\\\/quantongfastener.com\\\/product\\\/stainless-steel-a2-70-a4-70-hex-bolts-din-931-din-933\\\/\",\"url\":\"https:\\\/\\\/quantongfastener.com\\\/product\\\/stainless-steel-a2-70-a4-70-hex-bolts-din-931-din-933\\\/\",\"name\":\"Stainless steel A2-70 A4-70 Hex bolts DIN 931 DIN 933 - Quantong Fastener\",\"isPartOf\":{\"@id\":\"https:\\\/\\\/quantongfastener.com\\\/#website\"},\"primaryImageOfPage\":{\"@id\":\"https:\\\/\\\/quantongfastener.com\\\/product\\\/stainless-steel-a2-70-a4-70-hex-bolts-din-931-din-933\\\/#primaryimage\"},\"image\":{\"@id\":\"https:\\\/\\\/quantongfastener.com\\\/product\\\/stainless-steel-a2-70-a4-70-hex-bolts-din-931-din-933\\\/#primaryimage\"},\"thumbnailUrl\":\"https:\\\/\\\/quantongfastener.com\\\/wp-content\\\/uploads\\\/2025\\\/07\\\/Stainless-steel-A2-70-A4-70-Hex-bolts-DIN-931-DIN-933.jpg\",\"datePublished\":\"2025-07-29T15:32:53+00:00\",\"breadcrumb\":{\"@id\":\"https:\\\/\\\/quantongfastener.com\\\/product\\\/stainless-steel-a2-70-a4-70-hex-bolts-din-931-din-933\\\/#breadcrumb\"},\"inLanguage\":\"es\",\"potentialAction\":[{\"@type\":\"ReadAction\",\"target\":[\"https:\\\/\\\/quantongfastener.com\\\/product\\\/stainless-steel-a2-70-a4-70-hex-bolts-din-931-din-933\\\/\"]}]},{\"@type\":\"ImageObject\",\"inLanguage\":\"es\",\"@id\":\"https:\\\/\\\/quantongfastener.com\\\/product\\\/stainless-steel-a2-70-a4-70-hex-bolts-din-931-din-933\\\/#primaryimage\",\"url\":\"https:\\\/\\\/quantongfastener.com\\\/wp-content\\\/uploads\\\/2025\\\/07\\\/Stainless-steel-A2-70-A4-70-Hex-bolts-DIN-931-DIN-933.jpg\",\"contentUrl\":\"https:\\\/\\\/quantongfastener.com\\\/wp-content\\\/uploads\\\/2025\\\/07\\\/Stainless-steel-A2-70-A4-70-Hex-bolts-DIN-931-DIN-933.jpg\",\"width\":610,\"height\":610},{\"@type\":\"BreadcrumbList\",\"@id\":\"https:\\\/\\\/quantongfastener.com\\\/product\\\/stainless-steel-a2-70-a4-70-hex-bolts-din-931-din-933\\\/#breadcrumb\",\"itemListElement\":[{\"@type\":\"ListItem\",\"position\":1,\"name\":\"Home\",\"item\":\"https:\\\/\\\/quantongfastener.com\\\/\"},{\"@type\":\"ListItem\",\"position\":2,\"name\":\"Products\",\"item\":\"https:\\\/\\\/quantongfastener.com\\\/products\\\/\"},{\"@type\":\"ListItem\",\"position\":3,\"name\":\"Stainless steel A2-70 A4-70 Hex bolts DIN 931 DIN 933\"}]},{\"@type\":\"WebSite\",\"@id\":\"https:\\\/\\\/quantongfastener.com\\\/#website\",\"url\":\"https:\\\/\\\/quantongfastener.com\\\/\",\"name\":\"Quantong Fastener\",\"description\":\"\",\"publisher\":{\"@id\":\"https:\\\/\\\/quantongfastener.com\\\/#organization\"},\"potentialAction\":[{\"@type\":\"SearchAction\",\"target\":{\"@type\":\"EntryPoint\",\"urlTemplate\":\"https:\\\/\\\/quantongfastener.com\\\/?s={search_term_string}\"},\"query-input\":{\"@type\":\"PropertyValueSpecification\",\"valueRequired\":true,\"valueName\":\"search_term_string\"}}],\"inLanguage\":\"es\"},{\"@type\":\"Organization\",\"@id\":\"https:\\\/\\\/quantongfastener.com\\\/#organization\",\"name\":\"Quantong Fastener\",\"url\":\"https:\\\/\\\/quantongfastener.com\\\/\",\"logo\":{\"@type\":\"ImageObject\",\"inLanguage\":\"es\",\"@id\":\"https:\\\/\\\/quantongfastener.com\\\/#\\\/schema\\\/logo\\\/image\\\/\",\"url\":\"https:\\\/\\\/quantongfastener.com\\\/wp-content\\\/uploads\\\/2025\\\/07\\\/logo.jpg\",\"contentUrl\":\"https:\\\/\\\/quantongfastener.com\\\/wp-content\\\/uploads\\\/2025\\\/07\\\/logo.jpg\",\"width\":425,\"height\":424,\"caption\":\"Quantong Fastener\"},\"image\":{\"@id\":\"https:\\\/\\\/quantongfastener.com\\\/#\\\/schema\\\/logo\\\/image\\\/\"}}]}<\/script>\n<!-- \/ Yoast SEO plugin. -->","yoast_head_json":{"title":"Stainless steel A2-70 A4-70 Hex bolts DIN 931 DIN 933 - Quantong Fastener","robots":{"index":"index","follow":"follow","max-snippet":"max-snippet:-1","max-image-preview":"max-image-preview:large","max-video-preview":"max-video-preview:-1"},"canonical":"https:\/\/quantongfastener.com\/es\/producto\/stainless-steel-a2-70-a4-70-hex-bolts-din-931-din-933\/","og_locale":"es_ES","og_type":"article","og_title":"Stainless steel A2-70 A4-70 Hex bolts DIN 931 DIN 933 - Quantong Fastener","og_description":"Min.Order Quantity:1000PCS  PACKAGING:BAG\/BOX WITH PALLET  PORT:TIANJIN\/QINGDAO\/SHANGHAI\/NINGBO  DELIVERY:5-30DAYS ON QTY  PAYMENT:T\/T\/LC  Supply Ability:500 TON PER MONTH  &nbsp;   FOB Price:US $0.5 - 9,999 \/ Piece  Min.Order Quantity:100 Piece\/Pieces  Supply Ability:10000 Piece\/Pieces per Month","og_url":"https:\/\/quantongfastener.com\/es\/producto\/stainless-steel-a2-70-a4-70-hex-bolts-din-931-din-933\/","og_site_name":"Quantong Fastener","og_image":[{"width":610,"height":610,"url":"https:\/\/quantongfastener.com\/wp-content\/uploads\/2025\/07\/Stainless-steel-A2-70-A4-70-Hex-bolts-DIN-931-DIN-933.jpg","type":"image\/jpeg"}],"twitter_card":"summary_large_image","twitter_misc":{"Tiempo de lectura":"3 minutos"},"schema":{"@context":"https:\/\/schema.org","@graph":[{"@type":"WebPage","@id":"https:\/\/quantongfastener.com\/product\/stainless-steel-a2-70-a4-70-hex-bolts-din-931-din-933\/","url":"https:\/\/quantongfastener.com\/product\/stainless-steel-a2-70-a4-70-hex-bolts-din-931-din-933\/","name":"Stainless steel A2-70 A4-70 Hex bolts DIN 931 DIN 933 - Quantong Fastener","isPartOf":{"@id":"https:\/\/quantongfastener.com\/#website"},"primaryImageOfPage":{"@id":"https:\/\/quantongfastener.com\/product\/stainless-steel-a2-70-a4-70-hex-bolts-din-931-din-933\/#primaryimage"},"image":{"@id":"https:\/\/quantongfastener.com\/product\/stainless-steel-a2-70-a4-70-hex-bolts-din-931-din-933\/#primaryimage"},"thumbnailUrl":"https:\/\/quantongfastener.com\/wp-content\/uploads\/2025\/07\/Stainless-steel-A2-70-A4-70-Hex-bolts-DIN-931-DIN-933.jpg","datePublished":"2025-07-29T15:32:53+00:00","breadcrumb":{"@id":"https:\/\/quantongfastener.com\/product\/stainless-steel-a2-70-a4-70-hex-bolts-din-931-din-933\/#breadcrumb"},"inLanguage":"es","potentialAction":[{"@type":"ReadAction","target":["https:\/\/quantongfastener.com\/product\/stainless-steel-a2-70-a4-70-hex-bolts-din-931-din-933\/"]}]},{"@type":"ImageObject","inLanguage":"es","@id":"https:\/\/quantongfastener.com\/product\/stainless-steel-a2-70-a4-70-hex-bolts-din-931-din-933\/#primaryimage","url":"https:\/\/quantongfastener.com\/wp-content\/uploads\/2025\/07\/Stainless-steel-A2-70-A4-70-Hex-bolts-DIN-931-DIN-933.jpg","contentUrl":"https:\/\/quantongfastener.com\/wp-content\/uploads\/2025\/07\/Stainless-steel-A2-70-A4-70-Hex-bolts-DIN-931-DIN-933.jpg","width":610,"height":610},{"@type":"BreadcrumbList","@id":"https:\/\/quantongfastener.com\/product\/stainless-steel-a2-70-a4-70-hex-bolts-din-931-din-933\/#breadcrumb","itemListElement":[{"@type":"ListItem","position":1,"name":"Home","item":"https:\/\/quantongfastener.com\/"},{"@type":"ListItem","position":2,"name":"Products","item":"https:\/\/quantongfastener.com\/products\/"},{"@type":"ListItem","position":3,"name":"Stainless steel A2-70 A4-70 Hex bolts DIN 931 DIN 933"}]},{"@type":"WebSite","@id":"https:\/\/quantongfastener.com\/#website","url":"https:\/\/quantongfastener.com\/","name":"Sujetador Quantong","description":"","publisher":{"@id":"https:\/\/quantongfastener.com\/#organization"},"potentialAction":[{"@type":"SearchAction","target":{"@type":"EntryPoint","urlTemplate":"https:\/\/quantongfastener.com\/?s={search_term_string}"},"query-input":{"@type":"PropertyValueSpecification","valueRequired":true,"valueName":"search_term_string"}}],"inLanguage":"es"},{"@type":"Organization","@id":"https:\/\/quantongfastener.com\/#organization","name":"Sujetador Quantong","url":"https:\/\/quantongfastener.com\/","logo":{"@type":"ImageObject","inLanguage":"es","@id":"https:\/\/quantongfastener.com\/#\/schema\/logo\/image\/","url":"https:\/\/quantongfastener.com\/wp-content\/uploads\/2025\/07\/logo.jpg","contentUrl":"https:\/\/quantongfastener.com\/wp-content\/uploads\/2025\/07\/logo.jpg","width":425,"height":424,"caption":"Quantong Fastener"},"image":{"@id":"https:\/\/quantongfastener.com\/#\/schema\/logo\/image\/"}}]}},"_links":{"self":[{"href":"https:\/\/quantongfastener.com\/es\/wp-json\/wp\/v2\/product\/1516","targetHints":{"allow":["GET"]}}],"collection":[{"href":"https:\/\/quantongfastener.com\/es\/wp-json\/wp\/v2\/product"}],"about":[{"href":"https:\/\/quantongfastener.com\/es\/wp-json\/wp\/v2\/types\/product"}],"wp:featuredmedia":[{"embeddable":true,"href":"https:\/\/quantongfastener.com\/es\/wp-json\/wp\/v2\/media\/1535"}],"wp:attachment":[{"href":"https:\/\/quantongfastener.com\/es\/wp-json\/wp\/v2\/media?parent=1516"}],"wp:term":[{"taxonomy":"product_brand","embeddable":true,"href":"https:\/\/quantongfastener.com\/es\/wp-json\/wp\/v2\/product_brand?post=1516"},{"taxonomy":"product_cat","embeddable":true,"href":"https:\/\/quantongfastener.com\/es\/wp-json\/wp\/v2\/product_cat?post=1516"},{"taxonomy":"product_tag","embeddable":true,"href":"https:\/\/quantongfastener.com\/es\/wp-json\/wp\/v2\/product_tag?post=1516"}],"curies":[{"name":"wp","href":"https:\/\/api.w.org\/{rel}","templated":true}]}}