{"id":1474,"date":"2025-07-29T15:04:30","date_gmt":"2025-07-29T15:04:30","guid":{"rendered":"https:\/\/quantongfastener.com\/?post_type=product&#038;p=1474"},"modified":"2025-07-29T15:04:30","modified_gmt":"2025-07-29T15:04:30","slug":"din-931-933-brass-copper-hex-bolt","status":"publish","type":"product","link":"https:\/\/quantongfastener.com\/es\/producto\/din-931-933-brass-copper-hex-bolt\/","title":{"rendered":"DIN 931 933 Lat\u00f3n Cobre Perno hexagonal"},"content":{"rendered":"<p><strong>Descripci\u00f3n del producto:<\/strong><\/p>\n<p><img fetchpriority=\"high\" decoding=\"async\" class=\"alignnone size-full wp-image-1482\" src=\"https:\/\/quantongfastener.com\/wp-content\/uploads\/2025\/07\/DIN-931-933-Brass-Copper-Hex-Bolt.jpg\" alt=\"\" width=\"610\" height=\"610\" srcset=\"https:\/\/quantongfastener.com\/wp-content\/uploads\/2025\/07\/DIN-931-933-Brass-Copper-Hex-Bolt.jpg 610w, https:\/\/quantongfastener.com\/wp-content\/uploads\/2025\/07\/DIN-931-933-Brass-Copper-Hex-Bolt-300x300.jpg 300w, https:\/\/quantongfastener.com\/wp-content\/uploads\/2025\/07\/DIN-931-933-Brass-Copper-Hex-Bolt-150x150.jpg 150w, https:\/\/quantongfastener.com\/wp-content\/uploads\/2025\/07\/DIN-931-933-Brass-Copper-Hex-Bolt-12x12.jpg 12w, https:\/\/quantongfastener.com\/wp-content\/uploads\/2025\/07\/DIN-931-933-Brass-Copper-Hex-Bolt-600x600.jpg 600w, https:\/\/quantongfastener.com\/wp-content\/uploads\/2025\/07\/DIN-931-933-Brass-Copper-Hex-Bolt-100x100.jpg 100w\" sizes=\"(max-width: 610px) 100vw, 610px\" \/> <img decoding=\"async\" class=\"alignnone size-full wp-image-1481\" src=\"https:\/\/quantongfastener.com\/wp-content\/uploads\/2025\/07\/DIN-931-933-Brass-Copper-Hex-Bolt-7.jpg\" alt=\"\" width=\"610\" height=\"610\" srcset=\"https:\/\/quantongfastener.com\/wp-content\/uploads\/2025\/07\/DIN-931-933-Brass-Copper-Hex-Bolt-7.jpg 610w, https:\/\/quantongfastener.com\/wp-content\/uploads\/2025\/07\/DIN-931-933-Brass-Copper-Hex-Bolt-7-300x300.jpg 300w, https:\/\/quantongfastener.com\/wp-content\/uploads\/2025\/07\/DIN-931-933-Brass-Copper-Hex-Bolt-7-150x150.jpg 150w, https:\/\/quantongfastener.com\/wp-content\/uploads\/2025\/07\/DIN-931-933-Brass-Copper-Hex-Bolt-7-12x12.jpg 12w, https:\/\/quantongfastener.com\/wp-content\/uploads\/2025\/07\/DIN-931-933-Brass-Copper-Hex-Bolt-7-600x600.jpg 600w, https:\/\/quantongfastener.com\/wp-content\/uploads\/2025\/07\/DIN-931-933-Brass-Copper-Hex-Bolt-7-100x100.jpg 100w\" sizes=\"(max-width: 610px) 100vw, 610px\" \/> <img decoding=\"async\" class=\"alignnone size-full wp-image-1480\" src=\"https:\/\/quantongfastener.com\/wp-content\/uploads\/2025\/07\/DIN-931-933-Brass-Copper-Hex-Bolt-6.jpg\" alt=\"\" width=\"610\" height=\"610\" srcset=\"https:\/\/quantongfastener.com\/wp-content\/uploads\/2025\/07\/DIN-931-933-Brass-Copper-Hex-Bolt-6.jpg 610w, https:\/\/quantongfastener.com\/wp-content\/uploads\/2025\/07\/DIN-931-933-Brass-Copper-Hex-Bolt-6-300x300.jpg 300w, https:\/\/quantongfastener.com\/wp-content\/uploads\/2025\/07\/DIN-931-933-Brass-Copper-Hex-Bolt-6-150x150.jpg 150w, https:\/\/quantongfastener.com\/wp-content\/uploads\/2025\/07\/DIN-931-933-Brass-Copper-Hex-Bolt-6-12x12.jpg 12w, https:\/\/quantongfastener.com\/wp-content\/uploads\/2025\/07\/DIN-931-933-Brass-Copper-Hex-Bolt-6-600x600.jpg 600w, https:\/\/quantongfastener.com\/wp-content\/uploads\/2025\/07\/DIN-931-933-Brass-Copper-Hex-Bolt-6-100x100.jpg 100w\" sizes=\"(max-width: 610px) 100vw, 610px\" \/><\/p>\n<div class=\"table_wrap\">\n<table>\n<tbody>\n<tr>\n<td colspan=\"1\" rowspan=\"1\">\n<div>art\u00edculo<\/div>\n<\/td>\n<td colspan=\"1\" rowspan=\"1\">\n<div>Tornillo hexagonal de lat\u00f3n<\/div>\n<\/td>\n<\/tr>\n<tr>\n<td colspan=\"1\" rowspan=\"1\">\n<div>Acabado<\/div>\n<\/td>\n<td colspan=\"1\" rowspan=\"1\">\n<div>Liso, etc.<\/div>\n<\/td>\n<\/tr>\n<tr>\n<td colspan=\"1\" rowspan=\"1\">\n<div>Sistema de medici\u00f3n<\/div>\n<\/td>\n<td colspan=\"1\" rowspan=\"1\">\n<div>Sistema m\u00e9trico, sistema imperial (pulgadas)<\/div>\n<\/td>\n<\/tr>\n<tr>\n<td colspan=\"1\" rowspan=\"1\">\n<div>Aplicaci\u00f3n<\/div>\n<\/td>\n<td colspan=\"1\" rowspan=\"1\">\n<div>Industria pesada, Industria minorista, Industria general, Industria del autom\u00f3vil<\/div>\n<\/td>\n<\/tr>\n<tr>\n<td colspan=\"1\" rowspan=\"1\">\n<div>Lugar de origen<\/div>\n<\/td>\n<td colspan=\"1\" rowspan=\"1\">\n<div>China<\/div>\n<\/td>\n<\/tr>\n<tr>\n<td colspan=\"1\" rowspan=\"1\">\n<div>Nombre del producto<\/div>\n<\/td>\n<td colspan=\"1\" rowspan=\"1\">\n<div>Tornillo hexagonal DIN933<\/div>\n<\/td>\n<\/tr>\n<tr>\n<td colspan=\"1\" rowspan=\"1\">\n<div>Material<\/div>\n<\/td>\n<td colspan=\"1\" rowspan=\"1\">\n<div>Lat\u00f3n; Acero al carbono; Acero inoxidable<\/div>\n<\/td>\n<\/tr>\n<tr>\n<td colspan=\"1\" rowspan=\"1\">\n<div>Tratamiento de superficies<\/div>\n<\/td>\n<td colspan=\"1\" rowspan=\"1\">\n<div>Placa.lisa.de.zinc.negro. HDG<\/div>\n<\/td>\n<\/tr>\n<tr>\n<td colspan=\"1\" rowspan=\"1\">\n<div>Talla<\/div>\n<\/td>\n<td colspan=\"1\" rowspan=\"1\">\n<div>Demanda del cliente<\/div>\n<\/td>\n<\/tr>\n<tr>\n<td colspan=\"1\" rowspan=\"1\">\n<div>Embalaje<\/div>\n<\/td>\n<td colspan=\"1\" rowspan=\"1\">\n<div>Cajas de cart\u00f3n+bolsas de pl\u00e1stico<\/div>\n<\/td>\n<\/tr>\n<tr>\n<td colspan=\"1\" rowspan=\"1\">\n<div>MOQ<\/div>\n<\/td>\n<td colspan=\"1\" rowspan=\"1\">\n<div>1 unidad<\/div>\n<\/td>\n<\/tr>\n<tr>\n<td colspan=\"1\" rowspan=\"1\">\n<div>Color<\/div>\n<\/td>\n<td colspan=\"1\" rowspan=\"1\">\n<div>Blanco, azul, etc.<\/div>\n<\/td>\n<\/tr>\n<tr>\n<td colspan=\"1\" rowspan=\"1\">\n<div>Condiciones de pago<\/div>\n<\/td>\n<td colspan=\"1\" rowspan=\"1\">\n<div>T\/T, Garant\u00eda Comercial, Western Union<\/div>\n<\/td>\n<\/tr>\n<tr>\n<td colspan=\"1\" rowspan=\"1\">\n<div>Plazo de entrega<\/div>\n<\/td>\n<td colspan=\"1\" rowspan=\"1\">\n<div>25-35 d\u00edas<\/div>\n<\/td>\n<\/tr>\n<tr>\n<td colspan=\"1\" rowspan=\"1\">\n<div>Certificado<\/div>\n<\/td>\n<td colspan=\"1\" rowspan=\"1\">\n<div data-spm-anchor-id=\"a2700.details.0.i30.20cd366eTQp9Hs\">ISO9001<\/div>\n<\/td>\n<\/tr>\n<\/tbody>\n<\/table>\n<\/div>\n<p><strong>Ventajas del producto:<\/strong><\/p>\n<ol>\n<li><strong>Mecanizado de precisi\u00f3n<\/strong><\/li>\n<\/ol>\n<p align=\"justify\">\u2606 Medir y procesar utilizando m\u00e1quinas herramienta de precisi\u00f3n y herramientas de medici\u00f3n en condiciones ambientales estrictamente controladas.<\/p>\n<p align=\"justify\"><strong>\u00a0\u00a0<\/strong>\u00a0 \u00a0 \u00a0 2.<strong>Material met\u00e1lico de alta calidad<\/strong><\/p>\n<p align=\"justify\">\u2606 Con larga vida \u00fatil, baja generaci\u00f3n de calor, alta dureza, alta rigidez, bajo nivel de ruido, alta resistencia al desgaste y otras caracter\u00edsticas.<\/p>\n<p align=\"justify\"><strong>\u00a0 \u00a0 \u00a0 \u00a0\u00a0<\/strong>3.<strong>\u00a0Rentable<\/strong><\/p>\n<p align=\"justify\">\u2606 El uso de high-qualityMetal material, despu\u00e9s de la precisi\u00f3n de procesamiento y formaci\u00f3n, mejora en gran medida la experiencia del usuario.<\/p>\n<p><strong>Par\u00e1metros del producto:<\/strong><\/p>\n<p><img loading=\"lazy\" decoding=\"async\" class=\"alignnone size-full wp-image-1483\" src=\"https:\/\/quantongfastener.com\/wp-content\/uploads\/2025\/07\/74_zh.png\" alt=\"\" width=\"750\" height=\"600\" srcset=\"https:\/\/quantongfastener.com\/wp-content\/uploads\/2025\/07\/74_zh.png 750w, https:\/\/quantongfastener.com\/wp-content\/uploads\/2025\/07\/74_zh-300x240.png 300w, https:\/\/quantongfastener.com\/wp-content\/uploads\/2025\/07\/74_zh-15x12.png 15w, https:\/\/quantongfastener.com\/wp-content\/uploads\/2025\/07\/74_zh-600x480.png 600w\" sizes=\"(max-width: 750px) 100vw, 750px\" \/><\/p>\n<p><img loading=\"lazy\" decoding=\"async\" class=\"alignnone size-full wp-image-1484\" src=\"https:\/\/quantongfastener.com\/wp-content\/uploads\/2025\/07\/a76ec525-10d6-40c5-9f4e-c8ac9f44bc91.png\" alt=\"\" width=\"1046\" height=\"654\" srcset=\"https:\/\/quantongfastener.com\/wp-content\/uploads\/2025\/07\/a76ec525-10d6-40c5-9f4e-c8ac9f44bc91.png 1046w, https:\/\/quantongfastener.com\/wp-content\/uploads\/2025\/07\/a76ec525-10d6-40c5-9f4e-c8ac9f44bc91-300x188.png 300w, https:\/\/quantongfastener.com\/wp-content\/uploads\/2025\/07\/a76ec525-10d6-40c5-9f4e-c8ac9f44bc91-1024x640.png 1024w, https:\/\/quantongfastener.com\/wp-content\/uploads\/2025\/07\/a76ec525-10d6-40c5-9f4e-c8ac9f44bc91-768x480.png 768w, https:\/\/quantongfastener.com\/wp-content\/uploads\/2025\/07\/a76ec525-10d6-40c5-9f4e-c8ac9f44bc91-18x12.png 18w, https:\/\/quantongfastener.com\/wp-content\/uploads\/2025\/07\/a76ec525-10d6-40c5-9f4e-c8ac9f44bc91-600x375.png 600w\" sizes=\"(max-width: 1046px) 100vw, 1046px\" \/><\/p>\n<p><img loading=\"lazy\" decoding=\"async\" class=\"alignnone size-full wp-image-1485\" src=\"https:\/\/quantongfastener.com\/wp-content\/uploads\/2025\/07\/d66a0807-4cb5-4377-b8bc-3cfb53aa8c4d.png\" alt=\"\" width=\"779\" height=\"749\" srcset=\"https:\/\/quantongfastener.com\/wp-content\/uploads\/2025\/07\/d66a0807-4cb5-4377-b8bc-3cfb53aa8c4d.png 779w, https:\/\/quantongfastener.com\/wp-content\/uploads\/2025\/07\/d66a0807-4cb5-4377-b8bc-3cfb53aa8c4d-300x288.png 300w, https:\/\/quantongfastener.com\/wp-content\/uploads\/2025\/07\/d66a0807-4cb5-4377-b8bc-3cfb53aa8c4d-768x738.png 768w, https:\/\/quantongfastener.com\/wp-content\/uploads\/2025\/07\/d66a0807-4cb5-4377-b8bc-3cfb53aa8c4d-12x12.png 12w, https:\/\/quantongfastener.com\/wp-content\/uploads\/2025\/07\/d66a0807-4cb5-4377-b8bc-3cfb53aa8c4d-600x577.png 600w\" sizes=\"(max-width: 779px) 100vw, 779px\" \/> <img loading=\"lazy\" decoding=\"async\" class=\"alignnone size-full wp-image-1486\" src=\"https:\/\/quantongfastener.com\/wp-content\/uploads\/2025\/07\/b8ca4fa03.png\" alt=\"\" width=\"780\" height=\"286\" srcset=\"https:\/\/quantongfastener.com\/wp-content\/uploads\/2025\/07\/b8ca4fa03.png 780w, https:\/\/quantongfastener.com\/wp-content\/uploads\/2025\/07\/b8ca4fa03-300x110.png 300w, https:\/\/quantongfastener.com\/wp-content\/uploads\/2025\/07\/b8ca4fa03-768x282.png 768w, https:\/\/quantongfastener.com\/wp-content\/uploads\/2025\/07\/b8ca4fa03-18x7.png 18w, https:\/\/quantongfastener.com\/wp-content\/uploads\/2025\/07\/b8ca4fa03-600x220.png 600w\" sizes=\"(max-width: 780px) 100vw, 780px\" \/><\/p>","protected":false},"excerpt":{"rendered":"<p>PRECIO EXW : 720USD-910USD\/TONELADA<br \/>\nPedido m\u00ednimo:2TONS<br \/>\nEMBALAJE:BOLSA\/CAJA CON PALET<br \/>\nPUERTO:TIANJIN\/QINGDAO\/SHANGHAI\/NINGBO<br \/>\nENTREGA:5-30DAYS ON QTY<br \/>\nPAGO:T\/T\/LC<br \/>\nCapacidad de suministro:600 TON PER MONTH<\/p>\n<p>&nbsp;<\/p>\n<ul>\n<li><em>Precio FOB:<\/em>US $0.5 - 9,999 \/ Pieza<\/li>\n<li><em>Cantidad m\u00ednima de pedido:<\/em>100 unidades\/piezas<\/li>\n<li><em>Capacidad de suministro:<\/em>10000 Piezas\/Pieza por Mes<\/li>\n<\/ul>","protected":false},"featured_media":1481,"template":"","meta":{"_kad_post_transparent":"default","_kad_post_title":"","_kad_post_layout":"default","_kad_post_sidebar_id":"","_kad_post_content_style":"default","_kad_post_vertical_padding":"default","_kad_post_feature":"","_kad_post_feature_position":"","_kad_post_header":false,"_kad_post_footer":false},"product_brand":[],"product_cat":[19],"product_tag":[],"class_list":{"0":"post-1474","1":"product","2":"type-product","3":"status-publish","4":"has-post-thumbnail","6":"product_cat-other","8":"first","9":"instock","10":"shipping-taxable","11":"product-type-simple","12":"entry","13":"content-bg","14":"loop-entry"},"yoast_head":"<!-- This site is optimized with the Yoast SEO plugin v27.4 - https:\/\/yoast.com\/product\/yoast-seo-wordpress\/ -->\n<title>DIN 931 933 Brass Copper Hex Bolt - Quantong Fastener<\/title>\n<meta name=\"robots\" content=\"index, follow, max-snippet:-1, max-image-preview:large, max-video-preview:-1\" \/>\n<link rel=\"canonical\" href=\"https:\/\/quantongfastener.com\/es\/producto\/din-931-933-brass-copper-hex-bolt\/\" \/>\n<meta property=\"og:locale\" content=\"es_ES\" \/>\n<meta property=\"og:type\" content=\"article\" \/>\n<meta property=\"og:title\" content=\"DIN 931 933 Brass Copper Hex Bolt - Quantong Fastener\" \/>\n<meta property=\"og:description\" content=\"EXW PRICE : 720USD-910USD\/TON Min.Order Quantity:2TONS PACKAGING:BAG\/BOX WITH PALLET PORT:TIANJIN\/QINGDAO\/SHANGHAI\/NINGBO DELIVERY:5-30DAYS ON QTY PAYMENT:T\/T\/LC Supply Ability:600 TON PER MONTH  &nbsp;   FOB Price:US $0.5 - 9,999 \/ Piece  Min.Order Quantity:100 Piece\/Pieces  Supply Ability:10000 Piece\/Pieces per Month\" \/>\n<meta property=\"og:url\" content=\"https:\/\/quantongfastener.com\/es\/producto\/din-931-933-brass-copper-hex-bolt\/\" \/>\n<meta property=\"og:site_name\" content=\"Quantong Fastener\" \/>\n<meta property=\"og:image\" content=\"https:\/\/quantongfastener.com\/wp-content\/uploads\/2025\/07\/DIN-931-933-Brass-Copper-Hex-Bolt-7.jpg\" \/>\n\t<meta property=\"og:image:width\" content=\"610\" \/>\n\t<meta property=\"og:image:height\" content=\"610\" \/>\n\t<meta property=\"og:image:type\" content=\"image\/jpeg\" \/>\n<meta name=\"twitter:card\" content=\"summary_large_image\" \/>\n<meta name=\"twitter:label1\" content=\"Tiempo de lectura\" \/>\n\t<meta name=\"twitter:data1\" content=\"3 minutos\" \/>\n<script type=\"application\/ld+json\" class=\"yoast-schema-graph\">{\"@context\":\"https:\\\/\\\/schema.org\",\"@graph\":[{\"@type\":\"WebPage\",\"@id\":\"https:\\\/\\\/quantongfastener.com\\\/product\\\/din-931-933-brass-copper-hex-bolt\\\/\",\"url\":\"https:\\\/\\\/quantongfastener.com\\\/product\\\/din-931-933-brass-copper-hex-bolt\\\/\",\"name\":\"DIN 931 933 Brass Copper Hex Bolt - Quantong Fastener\",\"isPartOf\":{\"@id\":\"https:\\\/\\\/quantongfastener.com\\\/#website\"},\"primaryImageOfPage\":{\"@id\":\"https:\\\/\\\/quantongfastener.com\\\/product\\\/din-931-933-brass-copper-hex-bolt\\\/#primaryimage\"},\"image\":{\"@id\":\"https:\\\/\\\/quantongfastener.com\\\/product\\\/din-931-933-brass-copper-hex-bolt\\\/#primaryimage\"},\"thumbnailUrl\":\"https:\\\/\\\/quantongfastener.com\\\/wp-content\\\/uploads\\\/2025\\\/07\\\/DIN-931-933-Brass-Copper-Hex-Bolt-7.jpg\",\"datePublished\":\"2025-07-29T15:04:30+00:00\",\"breadcrumb\":{\"@id\":\"https:\\\/\\\/quantongfastener.com\\\/product\\\/din-931-933-brass-copper-hex-bolt\\\/#breadcrumb\"},\"inLanguage\":\"es\",\"potentialAction\":[{\"@type\":\"ReadAction\",\"target\":[\"https:\\\/\\\/quantongfastener.com\\\/product\\\/din-931-933-brass-copper-hex-bolt\\\/\"]}]},{\"@type\":\"ImageObject\",\"inLanguage\":\"es\",\"@id\":\"https:\\\/\\\/quantongfastener.com\\\/product\\\/din-931-933-brass-copper-hex-bolt\\\/#primaryimage\",\"url\":\"https:\\\/\\\/quantongfastener.com\\\/wp-content\\\/uploads\\\/2025\\\/07\\\/DIN-931-933-Brass-Copper-Hex-Bolt-7.jpg\",\"contentUrl\":\"https:\\\/\\\/quantongfastener.com\\\/wp-content\\\/uploads\\\/2025\\\/07\\\/DIN-931-933-Brass-Copper-Hex-Bolt-7.jpg\",\"width\":610,\"height\":610},{\"@type\":\"BreadcrumbList\",\"@id\":\"https:\\\/\\\/quantongfastener.com\\\/product\\\/din-931-933-brass-copper-hex-bolt\\\/#breadcrumb\",\"itemListElement\":[{\"@type\":\"ListItem\",\"position\":1,\"name\":\"Home\",\"item\":\"https:\\\/\\\/quantongfastener.com\\\/\"},{\"@type\":\"ListItem\",\"position\":2,\"name\":\"Products\",\"item\":\"https:\\\/\\\/quantongfastener.com\\\/products\\\/\"},{\"@type\":\"ListItem\",\"position\":3,\"name\":\"DIN 931 933 Brass Copper Hex Bolt\"}]},{\"@type\":\"WebSite\",\"@id\":\"https:\\\/\\\/quantongfastener.com\\\/#website\",\"url\":\"https:\\\/\\\/quantongfastener.com\\\/\",\"name\":\"Quantong Fastener\",\"description\":\"\",\"publisher\":{\"@id\":\"https:\\\/\\\/quantongfastener.com\\\/#organization\"},\"potentialAction\":[{\"@type\":\"SearchAction\",\"target\":{\"@type\":\"EntryPoint\",\"urlTemplate\":\"https:\\\/\\\/quantongfastener.com\\\/?s={search_term_string}\"},\"query-input\":{\"@type\":\"PropertyValueSpecification\",\"valueRequired\":true,\"valueName\":\"search_term_string\"}}],\"inLanguage\":\"es\"},{\"@type\":\"Organization\",\"@id\":\"https:\\\/\\\/quantongfastener.com\\\/#organization\",\"name\":\"Quantong Fastener\",\"url\":\"https:\\\/\\\/quantongfastener.com\\\/\",\"logo\":{\"@type\":\"ImageObject\",\"inLanguage\":\"es\",\"@id\":\"https:\\\/\\\/quantongfastener.com\\\/#\\\/schema\\\/logo\\\/image\\\/\",\"url\":\"https:\\\/\\\/quantongfastener.com\\\/wp-content\\\/uploads\\\/2025\\\/07\\\/logo.jpg\",\"contentUrl\":\"https:\\\/\\\/quantongfastener.com\\\/wp-content\\\/uploads\\\/2025\\\/07\\\/logo.jpg\",\"width\":425,\"height\":424,\"caption\":\"Quantong Fastener\"},\"image\":{\"@id\":\"https:\\\/\\\/quantongfastener.com\\\/#\\\/schema\\\/logo\\\/image\\\/\"}}]}<\/script>\n<!-- \/ Yoast SEO plugin. -->","yoast_head_json":{"title":"DIN 931 933 Brass Copper Hex Bolt - Quantong Fastener","robots":{"index":"index","follow":"follow","max-snippet":"max-snippet:-1","max-image-preview":"max-image-preview:large","max-video-preview":"max-video-preview:-1"},"canonical":"https:\/\/quantongfastener.com\/es\/producto\/din-931-933-brass-copper-hex-bolt\/","og_locale":"es_ES","og_type":"article","og_title":"DIN 931 933 Brass Copper Hex Bolt - Quantong Fastener","og_description":"EXW PRICE : 720USD-910USD\/TON Min.Order Quantity:2TONS PACKAGING:BAG\/BOX WITH PALLET PORT:TIANJIN\/QINGDAO\/SHANGHAI\/NINGBO DELIVERY:5-30DAYS ON QTY PAYMENT:T\/T\/LC Supply Ability:600 TON PER MONTH  &nbsp;   FOB Price:US $0.5 - 9,999 \/ Piece  Min.Order Quantity:100 Piece\/Pieces  Supply Ability:10000 Piece\/Pieces per Month","og_url":"https:\/\/quantongfastener.com\/es\/producto\/din-931-933-brass-copper-hex-bolt\/","og_site_name":"Quantong Fastener","og_image":[{"width":610,"height":610,"url":"https:\/\/quantongfastener.com\/wp-content\/uploads\/2025\/07\/DIN-931-933-Brass-Copper-Hex-Bolt-7.jpg","type":"image\/jpeg"}],"twitter_card":"summary_large_image","twitter_misc":{"Tiempo de lectura":"3 minutos"},"schema":{"@context":"https:\/\/schema.org","@graph":[{"@type":"WebPage","@id":"https:\/\/quantongfastener.com\/product\/din-931-933-brass-copper-hex-bolt\/","url":"https:\/\/quantongfastener.com\/product\/din-931-933-brass-copper-hex-bolt\/","name":"DIN 931 933 Brass Copper Hex Bolt - Quantong Fastener","isPartOf":{"@id":"https:\/\/quantongfastener.com\/#website"},"primaryImageOfPage":{"@id":"https:\/\/quantongfastener.com\/product\/din-931-933-brass-copper-hex-bolt\/#primaryimage"},"image":{"@id":"https:\/\/quantongfastener.com\/product\/din-931-933-brass-copper-hex-bolt\/#primaryimage"},"thumbnailUrl":"https:\/\/quantongfastener.com\/wp-content\/uploads\/2025\/07\/DIN-931-933-Brass-Copper-Hex-Bolt-7.jpg","datePublished":"2025-07-29T15:04:30+00:00","breadcrumb":{"@id":"https:\/\/quantongfastener.com\/product\/din-931-933-brass-copper-hex-bolt\/#breadcrumb"},"inLanguage":"es","potentialAction":[{"@type":"ReadAction","target":["https:\/\/quantongfastener.com\/product\/din-931-933-brass-copper-hex-bolt\/"]}]},{"@type":"ImageObject","inLanguage":"es","@id":"https:\/\/quantongfastener.com\/product\/din-931-933-brass-copper-hex-bolt\/#primaryimage","url":"https:\/\/quantongfastener.com\/wp-content\/uploads\/2025\/07\/DIN-931-933-Brass-Copper-Hex-Bolt-7.jpg","contentUrl":"https:\/\/quantongfastener.com\/wp-content\/uploads\/2025\/07\/DIN-931-933-Brass-Copper-Hex-Bolt-7.jpg","width":610,"height":610},{"@type":"BreadcrumbList","@id":"https:\/\/quantongfastener.com\/product\/din-931-933-brass-copper-hex-bolt\/#breadcrumb","itemListElement":[{"@type":"ListItem","position":1,"name":"Home","item":"https:\/\/quantongfastener.com\/"},{"@type":"ListItem","position":2,"name":"Products","item":"https:\/\/quantongfastener.com\/products\/"},{"@type":"ListItem","position":3,"name":"DIN 931 933 Brass Copper Hex Bolt"}]},{"@type":"WebSite","@id":"https:\/\/quantongfastener.com\/#website","url":"https:\/\/quantongfastener.com\/","name":"Sujetador Quantong","description":"","publisher":{"@id":"https:\/\/quantongfastener.com\/#organization"},"potentialAction":[{"@type":"SearchAction","target":{"@type":"EntryPoint","urlTemplate":"https:\/\/quantongfastener.com\/?s={search_term_string}"},"query-input":{"@type":"PropertyValueSpecification","valueRequired":true,"valueName":"search_term_string"}}],"inLanguage":"es"},{"@type":"Organization","@id":"https:\/\/quantongfastener.com\/#organization","name":"Sujetador Quantong","url":"https:\/\/quantongfastener.com\/","logo":{"@type":"ImageObject","inLanguage":"es","@id":"https:\/\/quantongfastener.com\/#\/schema\/logo\/image\/","url":"https:\/\/quantongfastener.com\/wp-content\/uploads\/2025\/07\/logo.jpg","contentUrl":"https:\/\/quantongfastener.com\/wp-content\/uploads\/2025\/07\/logo.jpg","width":425,"height":424,"caption":"Quantong Fastener"},"image":{"@id":"https:\/\/quantongfastener.com\/#\/schema\/logo\/image\/"}}]}},"_links":{"self":[{"href":"https:\/\/quantongfastener.com\/es\/wp-json\/wp\/v2\/product\/1474","targetHints":{"allow":["GET"]}}],"collection":[{"href":"https:\/\/quantongfastener.com\/es\/wp-json\/wp\/v2\/product"}],"about":[{"href":"https:\/\/quantongfastener.com\/es\/wp-json\/wp\/v2\/types\/product"}],"wp:featuredmedia":[{"embeddable":true,"href":"https:\/\/quantongfastener.com\/es\/wp-json\/wp\/v2\/media\/1481"}],"wp:attachment":[{"href":"https:\/\/quantongfastener.com\/es\/wp-json\/wp\/v2\/media?parent=1474"}],"wp:term":[{"taxonomy":"product_brand","embeddable":true,"href":"https:\/\/quantongfastener.com\/es\/wp-json\/wp\/v2\/product_brand?post=1474"},{"taxonomy":"product_cat","embeddable":true,"href":"https:\/\/quantongfastener.com\/es\/wp-json\/wp\/v2\/product_cat?post=1474"},{"taxonomy":"product_tag","embeddable":true,"href":"https:\/\/quantongfastener.com\/es\/wp-json\/wp\/v2\/product_tag?post=1474"}],"curies":[{"name":"wp","href":"https:\/\/api.w.org\/{rel}","templated":true}]}}