{"id":1070,"date":"2025-07-29T01:32:05","date_gmt":"2025-07-29T01:32:05","guid":{"rendered":"https:\/\/quantongfastener.com\/?post_type=product&#038;p=1070"},"modified":"2025-07-29T01:32:05","modified_gmt":"2025-07-29T01:32:05","slug":"en14399-din6914-high-strength-hexagon-structural-bolt","status":"publish","type":"product","link":"https:\/\/quantongfastener.com\/es\/producto\/en14399-din6914-high-strength-hexagon-structural-bolt\/","title":{"rendered":"Tornillo estructural hexagonal de alta resistencia EN14399 DIN6914"},"content":{"rendered":"<section class=\"tab-content-wrap product-detail\">\n<div class=\"tab-title-bar detail-tabs\">\n<h2 class=\"tab-title title\"><span style=\"font-family: inherit;\">DIN6914 Pernos estructurales de alta resistencia: Una gu\u00eda completa<\/span><\/h2>\n<\/div>\n<section class=\"tab-panel-wrap\">\n<section class=\"tab-panel entry\">\n<section class=\"tab-panel-content\"><img fetchpriority=\"high\" decoding=\"async\" class=\"alignnone size-full wp-image-1076\" src=\"https:\/\/quantongfastener.com\/wp-content\/uploads\/2025\/07\/EN14399-DIN6914-High-Strength-Hexagon-Structural-Bolt.jpg\" alt=\"\" width=\"610\" height=\"610\" srcset=\"https:\/\/quantongfastener.com\/wp-content\/uploads\/2025\/07\/EN14399-DIN6914-High-Strength-Hexagon-Structural-Bolt.jpg 610w, https:\/\/quantongfastener.com\/wp-content\/uploads\/2025\/07\/EN14399-DIN6914-High-Strength-Hexagon-Structural-Bolt-300x300.jpg 300w, https:\/\/quantongfastener.com\/wp-content\/uploads\/2025\/07\/EN14399-DIN6914-High-Strength-Hexagon-Structural-Bolt-150x150.jpg 150w, https:\/\/quantongfastener.com\/wp-content\/uploads\/2025\/07\/EN14399-DIN6914-High-Strength-Hexagon-Structural-Bolt-12x12.jpg 12w, https:\/\/quantongfastener.com\/wp-content\/uploads\/2025\/07\/EN14399-DIN6914-High-Strength-Hexagon-Structural-Bolt-600x600.jpg 600w, https:\/\/quantongfastener.com\/wp-content\/uploads\/2025\/07\/EN14399-DIN6914-High-Strength-Hexagon-Structural-Bolt-100x100.jpg 100w\" sizes=\"(max-width: 610px) 100vw, 610px\" \/><\/p>\n<h3 data-spm-anchor-id=\"a2700.details.0.i72.5d38687djKEN1e\">Atributos espec\u00edficos del sector<\/h3>\n<div class=\"table_wrap\">\n<table border=\"0\" cellspacing=\"0\" cellpadding=\"0\">\n<colgroup>\n<col width=\"378\" \/>\n<col width=\"761\" \/><\/colgroup>\n<tbody>\n<tr>\n<td width=\"378\" height=\"36\">Acabado<\/td>\n<td width=\"761\">ZINC, ZINCADO, Negro<\/td>\n<\/tr>\n<tr>\n<td width=\"378\" height=\"36\">Material<\/td>\n<td width=\"761\">Acero<\/td>\n<\/tr>\n<tr>\n<td width=\"378\" height=\"36\">Sistema de medici\u00f3n<\/td>\n<td width=\"761\">PULGADAS, sistema m\u00e9trico<\/td>\n<\/tr>\n<\/tbody>\n<\/table>\n<\/div>\n<h3 data-spm-anchor-id=\"a2700.details.0.i71.5d38687djKEN1e\">Otros atributos<\/h3>\n<div class=\"table_wrap\">\n<table border=\"0\" cellspacing=\"0\" cellpadding=\"0\">\n<colgroup>\n<col width=\"378\" \/>\n<col width=\"761\" \/><\/colgroup>\n<tbody>\n<tr>\n<td width=\"378\" height=\"36\">Lugar de origen<\/td>\n<td width=\"761\">Hebei, China<\/td>\n<\/tr>\n<tr>\n<td width=\"378\" height=\"36\">Estilo de cabeza<\/td>\n<td width=\"761\">Plana, Cacerola, Ovalada, HEX<\/td>\n<\/tr>\n<tr>\n<td width=\"378\" height=\"36\">Talla<\/td>\n<td width=\"761\">Tama\u00f1o personalizado<\/td>\n<\/tr>\n<tr>\n<td width=\"378\" height=\"36\">Tratamiento de superficies<\/td>\n<td width=\"761\">Requisitos del cliente<\/td>\n<\/tr>\n<tr>\n<td width=\"378\" height=\"36\">Embalaje<\/td>\n<td width=\"761\">Cart\u00f3n+pal\u00e9<\/td>\n<\/tr>\n<\/tbody>\n<\/table>\n<\/div>\n<p>&nbsp;<\/p>\n<p><span style=\"font-size: medium;\"><strong>\u00bfQu\u00e9 es un perno DIN6914?<\/strong><\/span><\/p>\n<p>DIN6914 es una norma alemana que define las dimensiones y propiedades de los pernos estructurales de alta resistencia. Estos pernos est\u00e1n dise\u00f1ados espec\u00edficamente para aplicaciones que requieren una resistencia y fiabilidad excepcionales, como construcciones de acero, puentes y maquinaria pesada. Reconocidos por su capacidad para soportar grandes cargas de tracci\u00f3n, los pernos DIN6914 proporcionan una conexi\u00f3n segura y duradera entre componentes.<\/p>\n<p><img decoding=\"async\" class=\"alignnone size-full wp-image-1073\" src=\"https:\/\/quantongfastener.com\/wp-content\/uploads\/2025\/07\/EN14399-DIN6914-High-Strength-Hexagon-Structural-Bolt-3.jpg\" alt=\"\" width=\"610\" height=\"610\" srcset=\"https:\/\/quantongfastener.com\/wp-content\/uploads\/2025\/07\/EN14399-DIN6914-High-Strength-Hexagon-Structural-Bolt-3.jpg 610w, https:\/\/quantongfastener.com\/wp-content\/uploads\/2025\/07\/EN14399-DIN6914-High-Strength-Hexagon-Structural-Bolt-3-300x300.jpg 300w, https:\/\/quantongfastener.com\/wp-content\/uploads\/2025\/07\/EN14399-DIN6914-High-Strength-Hexagon-Structural-Bolt-3-150x150.jpg 150w, https:\/\/quantongfastener.com\/wp-content\/uploads\/2025\/07\/EN14399-DIN6914-High-Strength-Hexagon-Structural-Bolt-3-12x12.jpg 12w, https:\/\/quantongfastener.com\/wp-content\/uploads\/2025\/07\/EN14399-DIN6914-High-Strength-Hexagon-Structural-Bolt-3-600x600.jpg 600w, https:\/\/quantongfastener.com\/wp-content\/uploads\/2025\/07\/EN14399-DIN6914-High-Strength-Hexagon-Structural-Bolt-3-100x100.jpg 100w\" sizes=\"(max-width: 610px) 100vw, 610px\" \/><br \/>\n<strong><span style=\"font-size: medium;\">Principales caracter\u00edsticas y ventajas<\/span><\/strong><\/p>\n<p><strong>1.Excepcional resistencia a la tracci\u00f3n:<\/strong> Capaz de soportar cargas importantes sin fallar.<br \/>\n<strong>2.Dimensiones precisas:<\/strong> Fabricado con tolerancias estrictas para un ajuste seguro.<br \/>\n<strong>3.Resistencia a la corrosi\u00f3n:<\/strong> Disponible en varios revestimientos para proteger contra el \u00f3xido y otros elementos corrosivos.<br \/>\n<strong>4.Amplia gama de tama\u00f1os:<\/strong> Se adapta a diversas aplicaciones y requisitos de conexi\u00f3n.<br \/>\n<strong>5. Integridad estructural mejorada:<\/strong> Proporciona una conexi\u00f3n fuerte y duradera.<br \/>\n<strong>6.Mayor seguridad:<\/strong> Reduce el riesgo de aver\u00eda de los componentes.<br \/>\n<strong>7.Rentable:<\/strong> Duraderos y fiables, minimizan los costes de mantenimiento.<\/p>\n<p><img decoding=\"async\" class=\"alignnone size-full wp-image-1072\" src=\"https:\/\/quantongfastener.com\/wp-content\/uploads\/2025\/07\/EN14399-DIN6914-High-Strength-Hexagon-Structural-Bolt-2.jpg\" alt=\"\" width=\"610\" height=\"610\" srcset=\"https:\/\/quantongfastener.com\/wp-content\/uploads\/2025\/07\/EN14399-DIN6914-High-Strength-Hexagon-Structural-Bolt-2.jpg 610w, https:\/\/quantongfastener.com\/wp-content\/uploads\/2025\/07\/EN14399-DIN6914-High-Strength-Hexagon-Structural-Bolt-2-300x300.jpg 300w, https:\/\/quantongfastener.com\/wp-content\/uploads\/2025\/07\/EN14399-DIN6914-High-Strength-Hexagon-Structural-Bolt-2-150x150.jpg 150w, https:\/\/quantongfastener.com\/wp-content\/uploads\/2025\/07\/EN14399-DIN6914-High-Strength-Hexagon-Structural-Bolt-2-12x12.jpg 12w, https:\/\/quantongfastener.com\/wp-content\/uploads\/2025\/07\/EN14399-DIN6914-High-Strength-Hexagon-Structural-Bolt-2-600x600.jpg 600w, https:\/\/quantongfastener.com\/wp-content\/uploads\/2025\/07\/EN14399-DIN6914-High-Strength-Hexagon-Structural-Bolt-2-100x100.jpg 100w\" sizes=\"(max-width: 610px) 100vw, 610px\" \/><br \/>\n<span style=\"font-size: medium;\"><strong>Gu\u00eda de selecci\u00f3n<\/strong><\/span><\/p>\n<p>La elecci\u00f3n del tornillo DIN6914 adecuado depende de varios factores:<\/p>\n<p><strong>1.Carga:<\/strong> Determine las cargas m\u00e1ximas de tracci\u00f3n y cizallamiento a las que estar\u00e1 sometido el perno.<br \/>\n<strong>2.Material:<\/strong> Seleccione un material para los pernos (por ejemplo, acero al carbono, acero inoxidable) que sea compatible con los materiales y el entorno circundantes.<br \/>\n<strong>3. Medio ambiente:<\/strong> Tenga en cuenta factores como la temperatura, la humedad y la exposici\u00f3n a productos qu\u00edmicos a la hora de elegir un revestimiento o chapado.<br \/>\n<strong>4.Tipo de conexi\u00f3n:<\/strong> El tipo de uni\u00f3n (por ejemplo, uni\u00f3n atornillada, uni\u00f3n roscada) influir\u00e1 en la longitud del tornillo y el paso de rosca.<br \/>\n<span style=\"font-size: medium;\"><strong>Instalaci\u00f3n y precauciones<\/strong><\/span><\/p>\n<p>1.Par de apriete adecuado: Aseg\u00farese de que los pernos se aprietan al par especificado para evitar un apriete excesivo o insuficiente.<br \/>\n2.Medidas antiaflojamiento: Utilice arandelas, contratuercas o compuestos de bloqueo de roscas adecuados para evitar que se aflojen debido a vibraciones u otros factores.<br \/>\n3.Protecci\u00f3n contra la corrosi\u00f3n: Aplique revestimientos o lubricantes protectores, especialmente en entornos corrosivos.<br \/>\n<span style=\"font-size: medium;\"><strong>D\u00f3nde comprar pernos DIN6914<\/strong><\/span><\/p>\n<p>Si desea tornillos DIN6914 de alta calidad, p\u00f3ngase en contacto con Cyfastener en vikki@cyfastener.com. Ofrecemos una amplia gama de tama\u00f1os y calidades para satisfacer sus necesidades espec\u00edficas. Nuestro experimentado equipo puede ayudarle a seleccionar los pernos adecuados para su proyecto y proporcionarle asesoramiento experto sobre su instalaci\u00f3n y uso.<\/p>\n<p><span style=\"font-size: medium;\"><strong>Conclusi\u00f3n<\/strong><\/span><\/p>\n<p>Los pernos estructurales de alta resistencia DIN6914 son componentes esenciales en muchas aplicaciones de ingenier\u00eda. Si conoce sus caracter\u00edsticas, ventajas y selecci\u00f3n adecuada, podr\u00e1 garantizar la seguridad y fiabilidad de sus estructuras.<\/p>\n<p>\u00bfEst\u00e1 listo para pedir sus tornillos DIN6914? P\u00f3ngase en contacto con nosotros hoy mismo en vikki@cyfastener.com para solicitar un presupuesto o comentar los requisitos de su proyecto.<\/p>\n<p><span style=\"font-size: medium;\"><strong>P\u00f3ngase en contacto con nosotros para solicitar presupuestos y muestras\uff01.<\/strong><\/span><\/p>\n<p>&nbsp;<\/p>\n<p>&nbsp;<\/p>\n<p><strong>NUESTRO PAQUETE:<\/strong><\/p>\n<p align=\"justify\">1. Sacos de 25 kg o de 50 kg.<br \/>\n2. bolsas con palet.<br \/>\n3. Cajas de cart\u00f3n de 25 kg o cajas de cart\u00f3n con pal\u00e9.<br \/>\n4. Embalaje a petici\u00f3n del cliente<\/p>\n<p><!--\n\n\n<div id=\"downaspdf\">\n                    <a title=\"Download this Product as PDF\" href=\"\/downloadpdf.php?id=8883\" rel=\"external nofollow\"><span>Download as PDF<\/span><\/a><\/div>\n\n\n--><\/p>\n<div class=\"clear\"><\/div>\n<hr \/>\n<ul>\n<li><b>Anterior:<\/b><br \/>\n<a href=\"https:\/\/www.cyfastener.com\/open-end-eye-bolts-product\/\" rel=\"prev\">Tornillos de ojo de extremo abierto<\/a><\/li>\n<li><b>Siguiente:<\/b><br \/>\n<a href=\"https:\/\/www.cyfastener.com\/din6915-high-strength-hex-nuts-product\/\" rel=\"next\">DIN6915 Tuercas hexagonales de alta resistencia con marca de cabeza HV<\/a><\/li>\n<\/ul>\n<hr \/>\n<\/section>\n<\/section>\n<section class=\"tab-panel disabled entry\">\n<section class=\"tab-panel-content\"><\/section>\n<\/section>\n<\/section>\n<\/section>","protected":false},"excerpt":{"rendered":"<p>Breve descripci\u00f3n:<br \/>\nPRECIO EXW : 720USD-910USD\/TONELADA<\/p>\n<p>Pedido m\u00ednimo:2TONS<\/p>\n<p>EMBALAJE:BOLSA\/CAJA CON PALET<\/p>\n<p>PUERTO:TIANJIN\/QINGDAO\/SHANGHAI\/NINGBO<\/p>\n<p>ENTREGA:5-30DAYS ON QTY<\/p>\n<p>PAGO:T\/T\/LC<\/p>\n<p>Capacidad de suministro:500 TON PER MONTH<\/p>\n<p>Precio FOB:US $0.5 - 9,999 \/ Piece<br \/>\nCantidad m\u00ednima de pedido: 100 unidades\/piezas<br \/>\nCapacidad de suministro:10000 piezas\/mes<\/p>","protected":false},"featured_media":1076,"template":"","meta":{"_kad_post_transparent":"default","_kad_post_title":"","_kad_post_layout":"default","_kad_post_sidebar_id":"","_kad_post_content_style":"default","_kad_post_vertical_padding":"default","_kad_post_feature":"","_kad_post_feature_position":"","_kad_post_header":false,"_kad_post_footer":false},"product_brand":[],"product_cat":[28],"product_tag":[],"class_list":{"0":"post-1070","1":"product","2":"type-product","3":"status-publish","4":"has-post-thumbnail","6":"product_cat-bolt","8":"first","9":"instock","10":"shipping-taxable","11":"product-type-simple","12":"entry","13":"content-bg","14":"loop-entry"},"yoast_head":"<!-- This site is optimized with the Yoast SEO plugin v27.4 - https:\/\/yoast.com\/product\/yoast-seo-wordpress\/ -->\n<title>EN14399 DIN6914 High Strength Hexagon Structural Bolt - Quantong Fastener<\/title>\n<meta name=\"robots\" content=\"index, follow, max-snippet:-1, max-image-preview:large, max-video-preview:-1\" \/>\n<link rel=\"canonical\" href=\"https:\/\/quantongfastener.com\/es\/producto\/en14399-din6914-high-strength-hexagon-structural-bolt\/\" \/>\n<meta property=\"og:locale\" content=\"es_ES\" \/>\n<meta property=\"og:type\" content=\"article\" \/>\n<meta property=\"og:title\" content=\"EN14399 DIN6914 High Strength Hexagon Structural Bolt - Quantong Fastener\" \/>\n<meta property=\"og:description\" content=\"Short Description: EXW PRICE : 720USD-910USD\/TON  Min.Order Quantity:2TONS  PACKAGING:BAG\/BOX WITH PALLET  PORT:TIANJIN\/QINGDAO\/SHANGHAI\/NINGBO  DELIVERY:5-30DAYS ON QTY  PAYMENT:T\/T\/LC  Supply Ability:500 TON PER MONTH  FOB Price:US $0.5 - 9,999 \/ Piece Min.Order Quantity:100 Piece\/Pieces Supply Ability:10000 Piece\/Pieces per Month\" \/>\n<meta property=\"og:url\" content=\"https:\/\/quantongfastener.com\/es\/producto\/en14399-din6914-high-strength-hexagon-structural-bolt\/\" \/>\n<meta property=\"og:site_name\" content=\"Quantong Fastener\" \/>\n<meta property=\"og:image\" content=\"https:\/\/quantongfastener.com\/wp-content\/uploads\/2025\/07\/EN14399-DIN6914-High-Strength-Hexagon-Structural-Bolt.jpg\" \/>\n\t<meta property=\"og:image:width\" content=\"610\" \/>\n\t<meta property=\"og:image:height\" content=\"610\" \/>\n\t<meta property=\"og:image:type\" content=\"image\/jpeg\" \/>\n<meta name=\"twitter:card\" content=\"summary_large_image\" \/>\n<meta name=\"twitter:label1\" content=\"Tiempo de lectura\" \/>\n\t<meta name=\"twitter:data1\" content=\"3 minutos\" \/>\n<script type=\"application\/ld+json\" class=\"yoast-schema-graph\">{\"@context\":\"https:\\\/\\\/schema.org\",\"@graph\":[{\"@type\":\"WebPage\",\"@id\":\"https:\\\/\\\/quantongfastener.com\\\/product\\\/en14399-din6914-high-strength-hexagon-structural-bolt\\\/\",\"url\":\"https:\\\/\\\/quantongfastener.com\\\/product\\\/en14399-din6914-high-strength-hexagon-structural-bolt\\\/\",\"name\":\"EN14399 DIN6914 High Strength Hexagon Structural Bolt - Quantong Fastener\",\"isPartOf\":{\"@id\":\"https:\\\/\\\/quantongfastener.com\\\/#website\"},\"primaryImageOfPage\":{\"@id\":\"https:\\\/\\\/quantongfastener.com\\\/product\\\/en14399-din6914-high-strength-hexagon-structural-bolt\\\/#primaryimage\"},\"image\":{\"@id\":\"https:\\\/\\\/quantongfastener.com\\\/product\\\/en14399-din6914-high-strength-hexagon-structural-bolt\\\/#primaryimage\"},\"thumbnailUrl\":\"https:\\\/\\\/quantongfastener.com\\\/wp-content\\\/uploads\\\/2025\\\/07\\\/EN14399-DIN6914-High-Strength-Hexagon-Structural-Bolt.jpg\",\"datePublished\":\"2025-07-29T01:32:05+00:00\",\"breadcrumb\":{\"@id\":\"https:\\\/\\\/quantongfastener.com\\\/product\\\/en14399-din6914-high-strength-hexagon-structural-bolt\\\/#breadcrumb\"},\"inLanguage\":\"es\",\"potentialAction\":[{\"@type\":\"ReadAction\",\"target\":[\"https:\\\/\\\/quantongfastener.com\\\/product\\\/en14399-din6914-high-strength-hexagon-structural-bolt\\\/\"]}]},{\"@type\":\"ImageObject\",\"inLanguage\":\"es\",\"@id\":\"https:\\\/\\\/quantongfastener.com\\\/product\\\/en14399-din6914-high-strength-hexagon-structural-bolt\\\/#primaryimage\",\"url\":\"https:\\\/\\\/quantongfastener.com\\\/wp-content\\\/uploads\\\/2025\\\/07\\\/EN14399-DIN6914-High-Strength-Hexagon-Structural-Bolt.jpg\",\"contentUrl\":\"https:\\\/\\\/quantongfastener.com\\\/wp-content\\\/uploads\\\/2025\\\/07\\\/EN14399-DIN6914-High-Strength-Hexagon-Structural-Bolt.jpg\",\"width\":610,\"height\":610},{\"@type\":\"BreadcrumbList\",\"@id\":\"https:\\\/\\\/quantongfastener.com\\\/product\\\/en14399-din6914-high-strength-hexagon-structural-bolt\\\/#breadcrumb\",\"itemListElement\":[{\"@type\":\"ListItem\",\"position\":1,\"name\":\"Home\",\"item\":\"https:\\\/\\\/quantongfastener.com\\\/\"},{\"@type\":\"ListItem\",\"position\":2,\"name\":\"Products\",\"item\":\"https:\\\/\\\/quantongfastener.com\\\/products\\\/\"},{\"@type\":\"ListItem\",\"position\":3,\"name\":\"EN14399 DIN6914 High Strength Hexagon Structural Bolt\"}]},{\"@type\":\"WebSite\",\"@id\":\"https:\\\/\\\/quantongfastener.com\\\/#website\",\"url\":\"https:\\\/\\\/quantongfastener.com\\\/\",\"name\":\"Quantong Fastener\",\"description\":\"\",\"publisher\":{\"@id\":\"https:\\\/\\\/quantongfastener.com\\\/#organization\"},\"potentialAction\":[{\"@type\":\"SearchAction\",\"target\":{\"@type\":\"EntryPoint\",\"urlTemplate\":\"https:\\\/\\\/quantongfastener.com\\\/?s={search_term_string}\"},\"query-input\":{\"@type\":\"PropertyValueSpecification\",\"valueRequired\":true,\"valueName\":\"search_term_string\"}}],\"inLanguage\":\"es\"},{\"@type\":\"Organization\",\"@id\":\"https:\\\/\\\/quantongfastener.com\\\/#organization\",\"name\":\"Quantong Fastener\",\"url\":\"https:\\\/\\\/quantongfastener.com\\\/\",\"logo\":{\"@type\":\"ImageObject\",\"inLanguage\":\"es\",\"@id\":\"https:\\\/\\\/quantongfastener.com\\\/#\\\/schema\\\/logo\\\/image\\\/\",\"url\":\"https:\\\/\\\/quantongfastener.com\\\/wp-content\\\/uploads\\\/2025\\\/07\\\/logo.jpg\",\"contentUrl\":\"https:\\\/\\\/quantongfastener.com\\\/wp-content\\\/uploads\\\/2025\\\/07\\\/logo.jpg\",\"width\":425,\"height\":424,\"caption\":\"Quantong Fastener\"},\"image\":{\"@id\":\"https:\\\/\\\/quantongfastener.com\\\/#\\\/schema\\\/logo\\\/image\\\/\"}}]}<\/script>\n<!-- \/ Yoast SEO plugin. -->","yoast_head_json":{"title":"EN14399 DIN6914 High Strength Hexagon Structural Bolt - Quantong Fastener","robots":{"index":"index","follow":"follow","max-snippet":"max-snippet:-1","max-image-preview":"max-image-preview:large","max-video-preview":"max-video-preview:-1"},"canonical":"https:\/\/quantongfastener.com\/es\/producto\/en14399-din6914-high-strength-hexagon-structural-bolt\/","og_locale":"es_ES","og_type":"article","og_title":"EN14399 DIN6914 High Strength Hexagon Structural Bolt - Quantong Fastener","og_description":"Short Description: EXW PRICE : 720USD-910USD\/TON  Min.Order Quantity:2TONS  PACKAGING:BAG\/BOX WITH PALLET  PORT:TIANJIN\/QINGDAO\/SHANGHAI\/NINGBO  DELIVERY:5-30DAYS ON QTY  PAYMENT:T\/T\/LC  Supply Ability:500 TON PER MONTH  FOB Price:US $0.5 - 9,999 \/ Piece Min.Order Quantity:100 Piece\/Pieces Supply Ability:10000 Piece\/Pieces per Month","og_url":"https:\/\/quantongfastener.com\/es\/producto\/en14399-din6914-high-strength-hexagon-structural-bolt\/","og_site_name":"Quantong Fastener","og_image":[{"width":610,"height":610,"url":"https:\/\/quantongfastener.com\/wp-content\/uploads\/2025\/07\/EN14399-DIN6914-High-Strength-Hexagon-Structural-Bolt.jpg","type":"image\/jpeg"}],"twitter_card":"summary_large_image","twitter_misc":{"Tiempo de lectura":"3 minutos"},"schema":{"@context":"https:\/\/schema.org","@graph":[{"@type":"WebPage","@id":"https:\/\/quantongfastener.com\/product\/en14399-din6914-high-strength-hexagon-structural-bolt\/","url":"https:\/\/quantongfastener.com\/product\/en14399-din6914-high-strength-hexagon-structural-bolt\/","name":"EN14399 DIN6914 High Strength Hexagon Structural Bolt - Quantong Fastener","isPartOf":{"@id":"https:\/\/quantongfastener.com\/#website"},"primaryImageOfPage":{"@id":"https:\/\/quantongfastener.com\/product\/en14399-din6914-high-strength-hexagon-structural-bolt\/#primaryimage"},"image":{"@id":"https:\/\/quantongfastener.com\/product\/en14399-din6914-high-strength-hexagon-structural-bolt\/#primaryimage"},"thumbnailUrl":"https:\/\/quantongfastener.com\/wp-content\/uploads\/2025\/07\/EN14399-DIN6914-High-Strength-Hexagon-Structural-Bolt.jpg","datePublished":"2025-07-29T01:32:05+00:00","breadcrumb":{"@id":"https:\/\/quantongfastener.com\/product\/en14399-din6914-high-strength-hexagon-structural-bolt\/#breadcrumb"},"inLanguage":"es","potentialAction":[{"@type":"ReadAction","target":["https:\/\/quantongfastener.com\/product\/en14399-din6914-high-strength-hexagon-structural-bolt\/"]}]},{"@type":"ImageObject","inLanguage":"es","@id":"https:\/\/quantongfastener.com\/product\/en14399-din6914-high-strength-hexagon-structural-bolt\/#primaryimage","url":"https:\/\/quantongfastener.com\/wp-content\/uploads\/2025\/07\/EN14399-DIN6914-High-Strength-Hexagon-Structural-Bolt.jpg","contentUrl":"https:\/\/quantongfastener.com\/wp-content\/uploads\/2025\/07\/EN14399-DIN6914-High-Strength-Hexagon-Structural-Bolt.jpg","width":610,"height":610},{"@type":"BreadcrumbList","@id":"https:\/\/quantongfastener.com\/product\/en14399-din6914-high-strength-hexagon-structural-bolt\/#breadcrumb","itemListElement":[{"@type":"ListItem","position":1,"name":"Home","item":"https:\/\/quantongfastener.com\/"},{"@type":"ListItem","position":2,"name":"Products","item":"https:\/\/quantongfastener.com\/products\/"},{"@type":"ListItem","position":3,"name":"EN14399 DIN6914 High Strength Hexagon Structural Bolt"}]},{"@type":"WebSite","@id":"https:\/\/quantongfastener.com\/#website","url":"https:\/\/quantongfastener.com\/","name":"Sujetador Quantong","description":"","publisher":{"@id":"https:\/\/quantongfastener.com\/#organization"},"potentialAction":[{"@type":"SearchAction","target":{"@type":"EntryPoint","urlTemplate":"https:\/\/quantongfastener.com\/?s={search_term_string}"},"query-input":{"@type":"PropertyValueSpecification","valueRequired":true,"valueName":"search_term_string"}}],"inLanguage":"es"},{"@type":"Organization","@id":"https:\/\/quantongfastener.com\/#organization","name":"Sujetador Quantong","url":"https:\/\/quantongfastener.com\/","logo":{"@type":"ImageObject","inLanguage":"es","@id":"https:\/\/quantongfastener.com\/#\/schema\/logo\/image\/","url":"https:\/\/quantongfastener.com\/wp-content\/uploads\/2025\/07\/logo.jpg","contentUrl":"https:\/\/quantongfastener.com\/wp-content\/uploads\/2025\/07\/logo.jpg","width":425,"height":424,"caption":"Quantong Fastener"},"image":{"@id":"https:\/\/quantongfastener.com\/#\/schema\/logo\/image\/"}}]}},"_links":{"self":[{"href":"https:\/\/quantongfastener.com\/es\/wp-json\/wp\/v2\/product\/1070","targetHints":{"allow":["GET"]}}],"collection":[{"href":"https:\/\/quantongfastener.com\/es\/wp-json\/wp\/v2\/product"}],"about":[{"href":"https:\/\/quantongfastener.com\/es\/wp-json\/wp\/v2\/types\/product"}],"wp:featuredmedia":[{"embeddable":true,"href":"https:\/\/quantongfastener.com\/es\/wp-json\/wp\/v2\/media\/1076"}],"wp:attachment":[{"href":"https:\/\/quantongfastener.com\/es\/wp-json\/wp\/v2\/media?parent=1070"}],"wp:term":[{"taxonomy":"product_brand","embeddable":true,"href":"https:\/\/quantongfastener.com\/es\/wp-json\/wp\/v2\/product_brand?post=1070"},{"taxonomy":"product_cat","embeddable":true,"href":"https:\/\/quantongfastener.com\/es\/wp-json\/wp\/v2\/product_cat?post=1070"},{"taxonomy":"product_tag","embeddable":true,"href":"https:\/\/quantongfastener.com\/es\/wp-json\/wp\/v2\/product_tag?post=1070"}],"curies":[{"name":"wp","href":"https:\/\/api.w.org\/{rel}","templated":true}]}}