{"id":984,"date":"2025-07-04T07:07:06","date_gmt":"2025-07-04T07:07:06","guid":{"rendered":"https:\/\/quantongfastener.com\/?post_type=product&#038;p=984"},"modified":"2025-07-04T07:07:06","modified_gmt":"2025-07-04T07:07:06","slug":"hexagon-socket-head-cap-bolt-din-912","status":"publish","type":"product","link":"https:\/\/quantongfastener.com\/de\/produkt\/hexagon-socket-head-cap-bolt-din-912\/","title":{"rendered":"Sechskantschraube mit Innensechskant DIN 912"},"content":{"rendered":"<p><img fetchpriority=\"high\" decoding=\"async\" class=\"alignnone size-full wp-image-991\" src=\"https:\/\/quantongfastener.com\/wp-content\/uploads\/2025\/07\/Hexagon-Socket-Head-Cap-Bolt-DIN-912-6.jpg\" alt=\"\" width=\"610\" height=\"610\" srcset=\"https:\/\/quantongfastener.com\/wp-content\/uploads\/2025\/07\/Hexagon-Socket-Head-Cap-Bolt-DIN-912-6.jpg 610w, https:\/\/quantongfastener.com\/wp-content\/uploads\/2025\/07\/Hexagon-Socket-Head-Cap-Bolt-DIN-912-6-300x300.jpg 300w, https:\/\/quantongfastener.com\/wp-content\/uploads\/2025\/07\/Hexagon-Socket-Head-Cap-Bolt-DIN-912-6-150x150.jpg 150w, https:\/\/quantongfastener.com\/wp-content\/uploads\/2025\/07\/Hexagon-Socket-Head-Cap-Bolt-DIN-912-6-12x12.jpg 12w, https:\/\/quantongfastener.com\/wp-content\/uploads\/2025\/07\/Hexagon-Socket-Head-Cap-Bolt-DIN-912-6-600x600.jpg 600w, https:\/\/quantongfastener.com\/wp-content\/uploads\/2025\/07\/Hexagon-Socket-Head-Cap-Bolt-DIN-912-6-100x100.jpg 100w\" sizes=\"(max-width: 610px) 100vw, 610px\" \/><\/p>\n<table border=\"1\" cellspacing=\"0\" cellpadding=\"0\">\n<tbody>\n<tr>\n<td valign=\"top\" width=\"162\">Name des Produkts<\/td>\n<td valign=\"top\" width=\"407\">Ankerbolzen<\/td>\n<\/tr>\n<tr>\n<td valign=\"top\" width=\"162\">Gr\u00f6\u00dfe<\/td>\n<td valign=\"top\" width=\"407\">M6\/M8\/M10\/M12<\/td>\n<\/tr>\n<tr>\n<td valign=\"top\" width=\"162\">Klasse<\/td>\n<td valign=\"top\" width=\"407\">4.8\/8.8\/10.9\/12.9<\/td>\n<\/tr>\n<tr>\n<td valign=\"top\" width=\"162\">Material<\/td>\n<td valign=\"top\" width=\"407\">Stahl\/Edelstahl<\/td>\n<\/tr>\n<tr>\n<td valign=\"top\" width=\"162\">Oberfl\u00e4chenbehandlung<\/td>\n<td valign=\"top\" width=\"407\">YZP<\/td>\n<\/tr>\n<tr>\n<td valign=\"top\" width=\"162\">Standard<\/td>\n<td valign=\"top\" width=\"407\">DIN\/ISO<\/td>\n<\/tr>\n<tr>\n<td valign=\"top\" width=\"162\">Zertifikat<\/td>\n<td valign=\"top\" width=\"407\">ISO 9001<\/td>\n<\/tr>\n<tr>\n<td valign=\"top\" width=\"162\">Muster<\/td>\n<td valign=\"top\" width=\"407\">Kostenlose Proben<\/td>\n<\/tr>\n<\/tbody>\n<\/table>\n<p><img decoding=\"async\" class=\"alignnone size-full wp-image-986\" src=\"https:\/\/quantongfastener.com\/wp-content\/uploads\/2025\/07\/Hexagon-Socket-Head-Cap-Bolt-DIN-912-1.jpg\" alt=\"\" width=\"610\" height=\"610\" srcset=\"https:\/\/quantongfastener.com\/wp-content\/uploads\/2025\/07\/Hexagon-Socket-Head-Cap-Bolt-DIN-912-1.jpg 610w, https:\/\/quantongfastener.com\/wp-content\/uploads\/2025\/07\/Hexagon-Socket-Head-Cap-Bolt-DIN-912-1-300x300.jpg 300w, https:\/\/quantongfastener.com\/wp-content\/uploads\/2025\/07\/Hexagon-Socket-Head-Cap-Bolt-DIN-912-1-150x150.jpg 150w, https:\/\/quantongfastener.com\/wp-content\/uploads\/2025\/07\/Hexagon-Socket-Head-Cap-Bolt-DIN-912-1-12x12.jpg 12w, https:\/\/quantongfastener.com\/wp-content\/uploads\/2025\/07\/Hexagon-Socket-Head-Cap-Bolt-DIN-912-1-600x600.jpg 600w, https:\/\/quantongfastener.com\/wp-content\/uploads\/2025\/07\/Hexagon-Socket-Head-Cap-Bolt-DIN-912-1-100x100.jpg 100w\" sizes=\"(max-width: 610px) 100vw, 610px\" \/> <img decoding=\"async\" class=\"alignnone size-full wp-image-987\" src=\"https:\/\/quantongfastener.com\/wp-content\/uploads\/2025\/07\/Hexagon-Socket-Head-Cap-Bolt-DIN-912-2-1.jpg\" alt=\"\" width=\"610\" height=\"610\" srcset=\"https:\/\/quantongfastener.com\/wp-content\/uploads\/2025\/07\/Hexagon-Socket-Head-Cap-Bolt-DIN-912-2-1.jpg 610w, https:\/\/quantongfastener.com\/wp-content\/uploads\/2025\/07\/Hexagon-Socket-Head-Cap-Bolt-DIN-912-2-1-300x300.jpg 300w, https:\/\/quantongfastener.com\/wp-content\/uploads\/2025\/07\/Hexagon-Socket-Head-Cap-Bolt-DIN-912-2-1-150x150.jpg 150w, https:\/\/quantongfastener.com\/wp-content\/uploads\/2025\/07\/Hexagon-Socket-Head-Cap-Bolt-DIN-912-2-1-12x12.jpg 12w, https:\/\/quantongfastener.com\/wp-content\/uploads\/2025\/07\/Hexagon-Socket-Head-Cap-Bolt-DIN-912-2-1-600x600.jpg 600w, https:\/\/quantongfastener.com\/wp-content\/uploads\/2025\/07\/Hexagon-Socket-Head-Cap-Bolt-DIN-912-2-1-100x100.jpg 100w\" sizes=\"(max-width: 610px) 100vw, 610px\" \/><\/p>\n<p>Innensechskantschrauben und Senkkopfschrauben sind sich sehr \u00e4hnlich. Wenn der Nagelkopf in die Maschine eindringt, ist seine Verbindungskraft sehr hoch, so dass der entsprechende Innensechskantschl\u00fcssel beim Installieren und Entfernen von Schrauben verwendet werden muss. Im Allgemeinen wird er bei verschiedenen Werkzeugmaschinen und deren Zubeh\u00f6r verwendet.<\/p>\n<p><img loading=\"lazy\" decoding=\"async\" class=\"alignnone size-full wp-image-992\" src=\"https:\/\/quantongfastener.com\/wp-content\/uploads\/2025\/07\/Hexagon-Socket-Head-Cap-Bolt-DIN-912-Featured-Image.jpg\" alt=\"\" width=\"610\" height=\"610\" srcset=\"https:\/\/quantongfastener.com\/wp-content\/uploads\/2025\/07\/Hexagon-Socket-Head-Cap-Bolt-DIN-912-Featured-Image.jpg 610w, https:\/\/quantongfastener.com\/wp-content\/uploads\/2025\/07\/Hexagon-Socket-Head-Cap-Bolt-DIN-912-Featured-Image-300x300.jpg 300w, https:\/\/quantongfastener.com\/wp-content\/uploads\/2025\/07\/Hexagon-Socket-Head-Cap-Bolt-DIN-912-Featured-Image-150x150.jpg 150w, https:\/\/quantongfastener.com\/wp-content\/uploads\/2025\/07\/Hexagon-Socket-Head-Cap-Bolt-DIN-912-Featured-Image-12x12.jpg 12w, https:\/\/quantongfastener.com\/wp-content\/uploads\/2025\/07\/Hexagon-Socket-Head-Cap-Bolt-DIN-912-Featured-Image-600x600.jpg 600w, https:\/\/quantongfastener.com\/wp-content\/uploads\/2025\/07\/Hexagon-Socket-Head-Cap-Bolt-DIN-912-Featured-Image-100x100.jpg 100w\" sizes=\"(max-width: 610px) 100vw, 610px\" \/><\/p>\n<div class=\"fl-col-group fl-node-5e129fced28ee fl-col-group-nested\" data-node=\"5e129fced28ee\">\n<div class=\"fl-col fl-node-5e129fced2f9b\" data-node=\"5e129fced2f9b\">\n<div class=\"fl-col-content fl-node-content\">\n<div class=\"fl-module fl-module-rich-text fl-node-5e129fd86e0dd\" data-node=\"5e129fd86e0dd\" data-animation-delay=\"0.0\">\n<div class=\"fl-module-content fl-node-content\">\n<div class=\"fl-rich-text\">\n<p style=\"text-align: center;\">G\u00fcteklasse12.9 DIN 912 SCHRAUBE<\/p>\n<\/div>\n<\/div>\n<\/div>\n<\/div>\n<\/div>\n<\/div>\n<div class=\"fl-module fl-module-rich-text fl-node-5e3a8188170ca\" data-node=\"5e3a8188170ca\" data-animation-delay=\"0.0\">\n<div class=\"fl-module-content fl-node-content\">\n<div class=\"fl-rich-text\">\n<p>Sechskantschrauben werden nach ihrer Festigkeit in normal und hochfest eingeteilt. Gew\u00f6hnliche Innensechskantschrauben entsprechen der G\u00fcteklasse 4.8, hochfeste Innensechskantschrauben entsprechen der G\u00fcteklasse 8.8 oder h\u00f6her, einschlie\u00dflich der G\u00fcteklassen 10.9 und 12.9. Bei Innensechskantschrauben der G\u00fcteklasse 12.9 handelt es sich im Allgemeinen um ger\u00e4ndelte, \u00f6lfarbene schwarze Innensechskantschrauben.<\/p>\n<p><img loading=\"lazy\" decoding=\"async\" class=\"alignnone size-full wp-image-990\" src=\"https:\/\/quantongfastener.com\/wp-content\/uploads\/2025\/07\/Hexagon-Socket-Head-Cap-Bolt-DIN-912-5.jpg\" alt=\"\" width=\"610\" height=\"610\" srcset=\"https:\/\/quantongfastener.com\/wp-content\/uploads\/2025\/07\/Hexagon-Socket-Head-Cap-Bolt-DIN-912-5.jpg 610w, https:\/\/quantongfastener.com\/wp-content\/uploads\/2025\/07\/Hexagon-Socket-Head-Cap-Bolt-DIN-912-5-300x300.jpg 300w, https:\/\/quantongfastener.com\/wp-content\/uploads\/2025\/07\/Hexagon-Socket-Head-Cap-Bolt-DIN-912-5-150x150.jpg 150w, https:\/\/quantongfastener.com\/wp-content\/uploads\/2025\/07\/Hexagon-Socket-Head-Cap-Bolt-DIN-912-5-12x12.jpg 12w, https:\/\/quantongfastener.com\/wp-content\/uploads\/2025\/07\/Hexagon-Socket-Head-Cap-Bolt-DIN-912-5-600x600.jpg 600w, https:\/\/quantongfastener.com\/wp-content\/uploads\/2025\/07\/Hexagon-Socket-Head-Cap-Bolt-DIN-912-5-100x100.jpg 100w\" sizes=\"(max-width: 610px) 100vw, 610px\" \/><\/p>\n<p>Sechskantschrauben sind weit verbreitet, von kleinen Eisenwaren bis hin zu kleinen elektronischen und elektrischen Produkten. Mechanische Ausr\u00fcstung Produkte, von Autos, Schiffe, Flugzeuge Kanonen. Kurz gesagt, Sechskantschrauben sind vor allem in den Bereichen Elektronik, Elektroger\u00e4te, Elektro-, Strom-, Chemie-, Wasser Conservancy, Maschinen und Anlagen, M\u00f6bel, und anderen Bereichen eingesetzt.<\/p>\n<div class=\"fl-row fl-row-full-width fl-row-bg-none fl-node-5e0ea67699aed\" data-node=\"5e0ea67699aed\">\n<div class=\"fl-row-content-wrap\">\n<div class=\"fl-row-content fl-row-full-width fl-node-content\">\n<div class=\"fl-col-group fl-node-5e0ea6769a03a\" data-node=\"5e0ea6769a03a\">\n<div class=\"fl-col fl-node-5e0ea6769a081\" data-node=\"5e0ea6769a081\">\n<div class=\"fl-col-content fl-node-content\">\n<div class=\"fl-module fl-module-rich-text fl-node-5e0ea6769a0c4\" data-node=\"5e0ea6769a0c4\" data-animation-delay=\"0.0\">\n<div class=\"fl-module-content fl-node-content\">\n<div class=\"fl-rich-text\">\n<p><span style=\"color: #000000;\"><strong>Produktvorteile:<\/strong><\/span><\/p>\n<\/div>\n<\/div>\n<\/div>\n<\/div>\n<\/div>\n<\/div>\n<\/div>\n<\/div>\n<\/div>\n<div class=\"fl-row fl-row-full-width fl-row-bg-none fl-node-5e0ea9493a935\" data-node=\"5e0ea9493a935\">\n<div class=\"fl-row-content-wrap\">\n<div class=\"fl-row-content fl-row-full-width fl-node-content\">\n<div class=\"fl-col-group fl-node-5e0ea949452c6\" data-node=\"5e0ea949452c6\">\n<div class=\"fl-col fl-node-5e0ea94945770\" data-node=\"5e0ea94945770\">\n<div class=\"fl-col-content fl-node-content\">\n<div class=\"fl-module fl-module-rich-text fl-node-5e0462f895f7f\" data-node=\"5e0462f895f7f\" data-animation-delay=\"0.0\">\n<div class=\"fl-module-content fl-node-content\">\n<div class=\"fl-rich-text\">\n<ol>\n<li><strong>Feinmechanische Bearbeitung<\/strong><\/li>\n<\/ol>\n<p align=\"justify\">\u2606 Messen und Bearbeiten mit Pr\u00e4zisionswerkzeugmaschinen und Messwerkzeugen unter streng kontrollierten Umweltbedingungen.<\/p>\n<ol>\n<li><strong>Hochwertiger Kohlenstoffstahl (35#\/45#)<\/strong><\/li>\n<\/ol>\n<p align=\"justify\">\u2606 Mit langer Lebensdauer, geringer W\u00e4rmeentwicklung, hoher H\u00e4rte, hoher Steifigkeit, geringem L\u00e4rm, hoher Verschlei\u00dffestigkeit und anderen Eigenschaften.<\/p>\n<ol>\n<li><strong>Kosteng\u00fcnstig<\/strong><\/li>\n<\/ol>\n<p align=\"justify\">\u2606 Die Verwendung von hochwertigem Kohlenstoffstahl, nach der Pr\u00e4zisionsverarbeitung und Formgebung, verbessert die Benutzererfahrung erheblich.<\/p>\n<p>Oberfl\u00e4chenbehandlung:<br \/>\nSCHWARZ<br \/>\n\u2606 Schwarz ist eine g\u00e4ngige Methode zur W\u00e4rmebehandlung von Metallen. Das Prinzip besteht darin, eine Oxidschicht auf der Metalloberfl\u00e4che zu bilden, um die Luft zu isolieren und Rost zu verhindern. Schw\u00e4rzen ist eine g\u00e4ngige Methode f\u00fcr die W\u00e4rmebehandlung von Metallen. Das Prinzip besteht darin, eine Oxidschicht auf der Metalloberfl\u00e4che zu bilden, um die Luft zu isolieren und Rost zu verhindern.<\/p>\n<p>ZINZ<br \/>\n\u2606 Die galvanische Verzinkung ist eine traditionelle Technologie zur Behandlung von Metallbeschichtungen, die Metalloberfl\u00e4chen eine grundlegende Korrosionsbest\u00e4ndigkeit verleiht. Die wichtigsten Vorteile sind eine gute L\u00f6tbarkeit und ein geeigneter Kontaktwiderstand. Aufgrund ihrer guten Schmiereigenschaften wird die Cadmiumbeschichtung h\u00e4ufig in der Luft- und Raumfahrt, der Schifffahrt sowie bei Radio- und Elektronikprodukten eingesetzt. Die Beschichtung sch\u00fctzt das Stahlsubstrat sowohl vor mechanischen als auch vor chemischen Einfl\u00fcssen, so dass die Korrosionsbest\u00e4ndigkeit wesentlich besser ist als bei der Verzinkung.<\/p>\n<p>HDG<br \/>\nDie Hauptvorteile sind die gute L\u00f6tbarkeit und der geeignete Kontaktwiderstand. Aufgrund seiner guten Schmiereigenschaften wird die Cadmiumbeschichtung h\u00e4ufig in der Luft- und Raumfahrt, der Schifffahrt sowie bei Radio- und Elektronikprodukten verwendet. Die Beschichtung sch\u00fctzt das Stahlsubstrat sowohl vor mechanischen als auch vor chemischen Einfl\u00fcssen, so dass die Korrosionsbest\u00e4ndigkeit wesentlich besser ist als bei der Verzinkung. Schmelztauchverzinkung hat eine gute Korrosionsbest\u00e4ndigkeit, einen Opferschutz f\u00fcr Stahlsubstrate, eine hohe Witterungsbest\u00e4ndigkeit und ist resistent gegen Salzwassererosion. Es eignet sich f\u00fcr Chemieanlagen, Raffinerien und Betriebsplattformen an der K\u00fcste und auf See.<\/p>\n<p>Parameter des Produkts:<\/p>\n<p><img loading=\"lazy\" decoding=\"async\" class=\"alignnone size-full wp-image-981\" src=\"https:\/\/quantongfastener.com\/wp-content\/uploads\/2025\/07\/xq01.png\" alt=\"\" width=\"663\" height=\"789\" srcset=\"https:\/\/quantongfastener.com\/wp-content\/uploads\/2025\/07\/xq01.png 663w, https:\/\/quantongfastener.com\/wp-content\/uploads\/2025\/07\/xq01-252x300.png 252w, https:\/\/quantongfastener.com\/wp-content\/uploads\/2025\/07\/xq01-10x12.png 10w, https:\/\/quantongfastener.com\/wp-content\/uploads\/2025\/07\/xq01-600x714.png 600w\" sizes=\"(max-width: 663px) 100vw, 663px\" \/><\/p>\n<p>UNSER PAKET:<br \/>\n1. 25-kg-S\u00e4cke oder 50-kg-S\u00e4cke.<br \/>\n2. S\u00e4cke mit Palette.<br \/>\n3. 25-kg-Kartons oder Kartons mit Palette.<br \/>\n4. Verpackung nach Kundenwunsch<\/p>\n<p><img loading=\"lazy\" decoding=\"async\" class=\"alignnone size-full wp-image-982\" src=\"https:\/\/quantongfastener.com\/wp-content\/uploads\/2025\/07\/1751611855653.png\" alt=\"\" width=\"1001\" height=\"227\" srcset=\"https:\/\/quantongfastener.com\/wp-content\/uploads\/2025\/07\/1751611855653.png 1001w, https:\/\/quantongfastener.com\/wp-content\/uploads\/2025\/07\/1751611855653-300x68.png 300w, https:\/\/quantongfastener.com\/wp-content\/uploads\/2025\/07\/1751611855653-768x174.png 768w, https:\/\/quantongfastener.com\/wp-content\/uploads\/2025\/07\/1751611855653-18x4.png 18w, https:\/\/quantongfastener.com\/wp-content\/uploads\/2025\/07\/1751611855653-600x136.png 600w\" sizes=\"(max-width: 1001px) 100vw, 1001px\" \/><\/p>\n<\/div>\n<\/div>\n<\/div>\n<\/div>\n<\/div>\n<\/div>\n<\/div>\n<\/div>\n<\/div>\n<\/div>\n<\/div>\n<\/div>","protected":false},"excerpt":{"rendered":"<p>ABW-PREIS: 720USD-910USD\/TONNE<\/p>\n<p>Min.Bestellmenge:2Tonnen<\/p>\n<p>VERPACKUNG: BEUTEL\/KARTON MIT PALETTE<\/p>\n<p>HAFEN:TIANJIN\/QINGDAO\/SHANGHAI\/NINGBO<\/p>\n<p>LIEFERUNG:5-30 TAGE JE NACH MENGE<\/p>\n<p>BEZAHLUNG:T\/T\/LC<\/p>\n<p>Lieferf\u00e4higkeit:500 TONNEN PRO MONAT<\/p>","protected":false},"featured_media":985,"template":"","meta":{"_kad_post_transparent":"default","_kad_post_title":"","_kad_post_layout":"default","_kad_post_sidebar_id":"","_kad_post_content_style":"default","_kad_post_vertical_padding":"default","_kad_post_feature":"","_kad_post_feature_position":"","_kad_post_header":false,"_kad_post_footer":false},"product_brand":[],"product_cat":[34],"product_tag":[],"class_list":{"0":"post-984","1":"product","2":"type-product","3":"status-publish","4":"has-post-thumbnail","6":"product_cat-hexagon-socket-bolts","8":"first","9":"instock","10":"shipping-taxable","11":"product-type-simple","12":"entry","13":"content-bg","14":"loop-entry"},"yoast_head":"<!-- This site is optimized with the Yoast SEO plugin v27.4 - https:\/\/yoast.com\/product\/yoast-seo-wordpress\/ -->\n<title>Hexagon Socket Head Cap Bolt DIN 912 - Quantong Fastener<\/title>\n<meta name=\"robots\" content=\"index, follow, max-snippet:-1, max-image-preview:large, max-video-preview:-1\" \/>\n<link rel=\"canonical\" href=\"https:\/\/quantongfastener.com\/de\/produkt\/hexagon-socket-head-cap-bolt-din-912\/\" \/>\n<meta property=\"og:locale\" content=\"de_DE\" \/>\n<meta property=\"og:type\" content=\"article\" \/>\n<meta property=\"og:title\" content=\"Hexagon Socket Head Cap Bolt DIN 912 - Quantong Fastener\" \/>\n<meta property=\"og:description\" content=\"EXW PRICE : 720USD-910USD\/TON  Min.Order Quantity:2TONS  PACKAGING:BAG\/BOX WITH PALLET  PORT:TIANJIN\/QINGDAO\/SHANGHAI\/NINGBO  DELIVERY:5-30DAYS ON QTY  PAYMENT:T\/T\/LC  Supply Ability:500 TON PER MONTH\" \/>\n<meta property=\"og:url\" content=\"https:\/\/quantongfastener.com\/de\/produkt\/hexagon-socket-head-cap-bolt-din-912\/\" \/>\n<meta property=\"og:site_name\" content=\"Quantong Fastener\" \/>\n<meta property=\"og:image\" content=\"https:\/\/quantongfastener.com\/wp-content\/uploads\/2025\/07\/Hexagon-Socket-Head-Cap-Bolt-DIN-912-2.jpg\" \/>\n\t<meta property=\"og:image:width\" content=\"610\" \/>\n\t<meta property=\"og:image:height\" content=\"610\" \/>\n\t<meta property=\"og:image:type\" content=\"image\/jpeg\" \/>\n<meta name=\"twitter:card\" content=\"summary_large_image\" \/>\n<meta name=\"twitter:label1\" content=\"Gesch\u00e4tzte Lesezeit\" \/>\n\t<meta name=\"twitter:data1\" content=\"4\u00a0Minuten\" \/>\n<script type=\"application\/ld+json\" class=\"yoast-schema-graph\">{\"@context\":\"https:\\\/\\\/schema.org\",\"@graph\":[{\"@type\":\"WebPage\",\"@id\":\"https:\\\/\\\/quantongfastener.com\\\/product\\\/hexagon-socket-head-cap-bolt-din-912\\\/\",\"url\":\"https:\\\/\\\/quantongfastener.com\\\/product\\\/hexagon-socket-head-cap-bolt-din-912\\\/\",\"name\":\"Hexagon Socket Head Cap Bolt DIN 912 - Quantong Fastener\",\"isPartOf\":{\"@id\":\"https:\\\/\\\/quantongfastener.com\\\/#website\"},\"primaryImageOfPage\":{\"@id\":\"https:\\\/\\\/quantongfastener.com\\\/product\\\/hexagon-socket-head-cap-bolt-din-912\\\/#primaryimage\"},\"image\":{\"@id\":\"https:\\\/\\\/quantongfastener.com\\\/product\\\/hexagon-socket-head-cap-bolt-din-912\\\/#primaryimage\"},\"thumbnailUrl\":\"https:\\\/\\\/quantongfastener.com\\\/wp-content\\\/uploads\\\/2025\\\/07\\\/Hexagon-Socket-Head-Cap-Bolt-DIN-912-2.jpg\",\"datePublished\":\"2025-07-04T07:07:06+00:00\",\"breadcrumb\":{\"@id\":\"https:\\\/\\\/quantongfastener.com\\\/product\\\/hexagon-socket-head-cap-bolt-din-912\\\/#breadcrumb\"},\"inLanguage\":\"de\",\"potentialAction\":[{\"@type\":\"ReadAction\",\"target\":[\"https:\\\/\\\/quantongfastener.com\\\/product\\\/hexagon-socket-head-cap-bolt-din-912\\\/\"]}]},{\"@type\":\"ImageObject\",\"inLanguage\":\"de\",\"@id\":\"https:\\\/\\\/quantongfastener.com\\\/product\\\/hexagon-socket-head-cap-bolt-din-912\\\/#primaryimage\",\"url\":\"https:\\\/\\\/quantongfastener.com\\\/wp-content\\\/uploads\\\/2025\\\/07\\\/Hexagon-Socket-Head-Cap-Bolt-DIN-912-2.jpg\",\"contentUrl\":\"https:\\\/\\\/quantongfastener.com\\\/wp-content\\\/uploads\\\/2025\\\/07\\\/Hexagon-Socket-Head-Cap-Bolt-DIN-912-2.jpg\",\"width\":610,\"height\":610},{\"@type\":\"BreadcrumbList\",\"@id\":\"https:\\\/\\\/quantongfastener.com\\\/product\\\/hexagon-socket-head-cap-bolt-din-912\\\/#breadcrumb\",\"itemListElement\":[{\"@type\":\"ListItem\",\"position\":1,\"name\":\"Home\",\"item\":\"https:\\\/\\\/quantongfastener.com\\\/\"},{\"@type\":\"ListItem\",\"position\":2,\"name\":\"Products\",\"item\":\"https:\\\/\\\/quantongfastener.com\\\/products\\\/\"},{\"@type\":\"ListItem\",\"position\":3,\"name\":\"Hexagon Socket Head Cap Bolt DIN 912\"}]},{\"@type\":\"WebSite\",\"@id\":\"https:\\\/\\\/quantongfastener.com\\\/#website\",\"url\":\"https:\\\/\\\/quantongfastener.com\\\/\",\"name\":\"Quantong Fastener\",\"description\":\"\",\"publisher\":{\"@id\":\"https:\\\/\\\/quantongfastener.com\\\/#organization\"},\"potentialAction\":[{\"@type\":\"SearchAction\",\"target\":{\"@type\":\"EntryPoint\",\"urlTemplate\":\"https:\\\/\\\/quantongfastener.com\\\/?s={search_term_string}\"},\"query-input\":{\"@type\":\"PropertyValueSpecification\",\"valueRequired\":true,\"valueName\":\"search_term_string\"}}],\"inLanguage\":\"de\"},{\"@type\":\"Organization\",\"@id\":\"https:\\\/\\\/quantongfastener.com\\\/#organization\",\"name\":\"Quantong Fastener\",\"url\":\"https:\\\/\\\/quantongfastener.com\\\/\",\"logo\":{\"@type\":\"ImageObject\",\"inLanguage\":\"de\",\"@id\":\"https:\\\/\\\/quantongfastener.com\\\/#\\\/schema\\\/logo\\\/image\\\/\",\"url\":\"https:\\\/\\\/quantongfastener.com\\\/wp-content\\\/uploads\\\/2025\\\/07\\\/logo.jpg\",\"contentUrl\":\"https:\\\/\\\/quantongfastener.com\\\/wp-content\\\/uploads\\\/2025\\\/07\\\/logo.jpg\",\"width\":425,\"height\":424,\"caption\":\"Quantong Fastener\"},\"image\":{\"@id\":\"https:\\\/\\\/quantongfastener.com\\\/#\\\/schema\\\/logo\\\/image\\\/\"}}]}<\/script>\n<!-- \/ Yoast SEO plugin. -->","yoast_head_json":{"title":"Hexagon Socket Head Cap Bolt DIN 912 - Quantong Fastener","robots":{"index":"index","follow":"follow","max-snippet":"max-snippet:-1","max-image-preview":"max-image-preview:large","max-video-preview":"max-video-preview:-1"},"canonical":"https:\/\/quantongfastener.com\/de\/produkt\/hexagon-socket-head-cap-bolt-din-912\/","og_locale":"de_DE","og_type":"article","og_title":"Hexagon Socket Head Cap Bolt DIN 912 - Quantong Fastener","og_description":"EXW PRICE : 720USD-910USD\/TON  Min.Order Quantity:2TONS  PACKAGING:BAG\/BOX WITH PALLET  PORT:TIANJIN\/QINGDAO\/SHANGHAI\/NINGBO  DELIVERY:5-30DAYS ON QTY  PAYMENT:T\/T\/LC  Supply Ability:500 TON PER MONTH","og_url":"https:\/\/quantongfastener.com\/de\/produkt\/hexagon-socket-head-cap-bolt-din-912\/","og_site_name":"Quantong Fastener","og_image":[{"width":610,"height":610,"url":"https:\/\/quantongfastener.com\/wp-content\/uploads\/2025\/07\/Hexagon-Socket-Head-Cap-Bolt-DIN-912-2.jpg","type":"image\/jpeg"}],"twitter_card":"summary_large_image","twitter_misc":{"Gesch\u00e4tzte Lesezeit":"4\u00a0Minuten"},"schema":{"@context":"https:\/\/schema.org","@graph":[{"@type":"WebPage","@id":"https:\/\/quantongfastener.com\/product\/hexagon-socket-head-cap-bolt-din-912\/","url":"https:\/\/quantongfastener.com\/product\/hexagon-socket-head-cap-bolt-din-912\/","name":"Hexagon Socket Head Cap Bolt DIN 912 - Quantong Fastener","isPartOf":{"@id":"https:\/\/quantongfastener.com\/#website"},"primaryImageOfPage":{"@id":"https:\/\/quantongfastener.com\/product\/hexagon-socket-head-cap-bolt-din-912\/#primaryimage"},"image":{"@id":"https:\/\/quantongfastener.com\/product\/hexagon-socket-head-cap-bolt-din-912\/#primaryimage"},"thumbnailUrl":"https:\/\/quantongfastener.com\/wp-content\/uploads\/2025\/07\/Hexagon-Socket-Head-Cap-Bolt-DIN-912-2.jpg","datePublished":"2025-07-04T07:07:06+00:00","breadcrumb":{"@id":"https:\/\/quantongfastener.com\/product\/hexagon-socket-head-cap-bolt-din-912\/#breadcrumb"},"inLanguage":"de","potentialAction":[{"@type":"ReadAction","target":["https:\/\/quantongfastener.com\/product\/hexagon-socket-head-cap-bolt-din-912\/"]}]},{"@type":"ImageObject","inLanguage":"de","@id":"https:\/\/quantongfastener.com\/product\/hexagon-socket-head-cap-bolt-din-912\/#primaryimage","url":"https:\/\/quantongfastener.com\/wp-content\/uploads\/2025\/07\/Hexagon-Socket-Head-Cap-Bolt-DIN-912-2.jpg","contentUrl":"https:\/\/quantongfastener.com\/wp-content\/uploads\/2025\/07\/Hexagon-Socket-Head-Cap-Bolt-DIN-912-2.jpg","width":610,"height":610},{"@type":"BreadcrumbList","@id":"https:\/\/quantongfastener.com\/product\/hexagon-socket-head-cap-bolt-din-912\/#breadcrumb","itemListElement":[{"@type":"ListItem","position":1,"name":"Home","item":"https:\/\/quantongfastener.com\/"},{"@type":"ListItem","position":2,"name":"Products","item":"https:\/\/quantongfastener.com\/products\/"},{"@type":"ListItem","position":3,"name":"Hexagon Socket Head Cap Bolt DIN 912"}]},{"@type":"WebSite","@id":"https:\/\/quantongfastener.com\/#website","url":"https:\/\/quantongfastener.com\/","name":"Quantong-Verschluss","description":"","publisher":{"@id":"https:\/\/quantongfastener.com\/#organization"},"potentialAction":[{"@type":"SearchAction","target":{"@type":"EntryPoint","urlTemplate":"https:\/\/quantongfastener.com\/?s={search_term_string}"},"query-input":{"@type":"PropertyValueSpecification","valueRequired":true,"valueName":"search_term_string"}}],"inLanguage":"de"},{"@type":"Organization","@id":"https:\/\/quantongfastener.com\/#organization","name":"Quantong-Verschluss","url":"https:\/\/quantongfastener.com\/","logo":{"@type":"ImageObject","inLanguage":"de","@id":"https:\/\/quantongfastener.com\/#\/schema\/logo\/image\/","url":"https:\/\/quantongfastener.com\/wp-content\/uploads\/2025\/07\/logo.jpg","contentUrl":"https:\/\/quantongfastener.com\/wp-content\/uploads\/2025\/07\/logo.jpg","width":425,"height":424,"caption":"Quantong Fastener"},"image":{"@id":"https:\/\/quantongfastener.com\/#\/schema\/logo\/image\/"}}]}},"_links":{"self":[{"href":"https:\/\/quantongfastener.com\/de\/wp-json\/wp\/v2\/product\/984","targetHints":{"allow":["GET"]}}],"collection":[{"href":"https:\/\/quantongfastener.com\/de\/wp-json\/wp\/v2\/product"}],"about":[{"href":"https:\/\/quantongfastener.com\/de\/wp-json\/wp\/v2\/types\/product"}],"wp:featuredmedia":[{"embeddable":true,"href":"https:\/\/quantongfastener.com\/de\/wp-json\/wp\/v2\/media\/985"}],"wp:attachment":[{"href":"https:\/\/quantongfastener.com\/de\/wp-json\/wp\/v2\/media?parent=984"}],"wp:term":[{"taxonomy":"product_brand","embeddable":true,"href":"https:\/\/quantongfastener.com\/de\/wp-json\/wp\/v2\/product_brand?post=984"},{"taxonomy":"product_cat","embeddable":true,"href":"https:\/\/quantongfastener.com\/de\/wp-json\/wp\/v2\/product_cat?post=984"},{"taxonomy":"product_tag","embeddable":true,"href":"https:\/\/quantongfastener.com\/de\/wp-json\/wp\/v2\/product_tag?post=984"}],"curies":[{"name":"wp","href":"https:\/\/api.w.org\/{rel}","templated":true}]}}