{"id":3257,"date":"2025-08-21T02:58:53","date_gmt":"2025-08-21T02:58:53","guid":{"rendered":"https:\/\/quantongfastener.com\/?post_type=product&#038;p=3257"},"modified":"2025-08-21T02:58:54","modified_gmt":"2025-08-21T02:58:54","slug":"din-1481-spring-type-straight-heavy-duty-pin","status":"publish","type":"product","link":"https:\/\/quantongfastener.com\/de\/produkt\/din-1481-spring-type-straight-heavy-duty-pin\/","title":{"rendered":"DIN 1481 Federartiger gerader Hochleistungsstift"},"content":{"rendered":"<div class=\"fl-row fl-row-full-width fl-row-bg-none fl-node-5e56359cee2d4\" data-node=\"5e56359cee2d4\">\n<div class=\"fl-row-content-wrap\">\n<div class=\"fl-row-content fl-row-full-width fl-node-content\">\n<div class=\"fl-col-group fl-node-5e56367893318\" data-node=\"5e56367893318\">\n<div class=\"fl-col fl-node-5e5636789354e\" data-node=\"5e5636789354e\">\n<div class=\"fl-col-content fl-node-content\">\n<div class=\"fl-module fl-module-rich-text fl-node-5e56367893150\" data-node=\"5e56367893150\" data-animation-delay=\"0.0\">\n<div class=\"fl-module-content fl-node-content\">\n<div class=\"fl-rich-text\">\n<div class=\"table_wrap\">\n<table border=\"1\" cellspacing=\"0\">\n<tbody>\n<tr>\n<td valign=\"top\" width=\"161\">Name des Produkts<\/td>\n<td valign=\"top\" width=\"406\">Feder-Typ Gerader Hochlast-Stift<\/td>\n<\/tr>\n<tr>\n<td valign=\"top\" width=\"161\">Gr\u00f6\u00dfe<\/td>\n<td valign=\"top\" width=\"406\">M1-10<\/td>\n<\/tr>\n<tr>\n<td valign=\"top\" width=\"161\">Material<\/td>\n<td valign=\"top\" width=\"406\">50Mn\/65Mn<\/td>\n<\/tr>\n<tr>\n<td valign=\"top\" width=\"161\">Oberfl\u00e4chenbehandlung<\/td>\n<td valign=\"top\" width=\"406\">Schwarz\/Zink<\/td>\n<\/tr>\n<tr>\n<td valign=\"top\" width=\"161\">Standard<\/td>\n<td valign=\"top\" width=\"406\">DIN<\/td>\n<\/tr>\n<tr>\n<td valign=\"top\" width=\"161\">Zertifikat<\/td>\n<td valign=\"top\" width=\"406\">ISO 9001<\/td>\n<\/tr>\n<tr>\n<td valign=\"top\" width=\"161\">Muster<\/td>\n<td valign=\"top\" width=\"406\">Kostenlose Proben<\/td>\n<\/tr>\n<\/tbody>\n<\/table>\n<\/div>\n<\/div>\n<\/div>\n<\/div>\n<\/div>\n<\/div>\n<\/div>\n<\/div>\n<\/div>\n<\/div>\n<div class=\"fl-row fl-row-full-width fl-row-bg-none fl-node-5e56368f257ac\" data-node=\"5e56368f257ac\">\n<div class=\"fl-row-content-wrap\">\n<div class=\"fl-row-content fl-row-full-width fl-node-content\">\n<div class=\"fl-col-group fl-node-5e56368f28355\" data-node=\"5e56368f28355\">\n<div class=\"fl-col fl-node-5e56368f28606\" data-node=\"5e56368f28606\">\n<div class=\"fl-col-content fl-node-content\">\n<div class=\"fl-module fl-module-rich-text fl-node-5e56369d61d43\" data-node=\"5e56369d61d43\" data-animation-delay=\"0.0\">\n<div class=\"fl-module-content fl-node-content\">\n<div class=\"fl-rich-text\">\n<p><strong>Verwendung:<\/strong><\/p>\n<\/div>\n<\/div>\n<\/div>\n<\/div>\n<\/div>\n<\/div>\n<div class=\"fl-col-group fl-node-5e5636c139b97\" data-node=\"5e5636c139b97\">\n<div class=\"fl-col fl-node-5e5636c139e36 fl-col-has-cols\" data-node=\"5e5636c139e36\">\n<div class=\"fl-col-content fl-node-content\">\n<div class=\"fl-module fl-module-rich-text fl-node-5e5636c1399e6\" data-node=\"5e5636c1399e6\" data-animation-delay=\"0.0\">\n<div class=\"fl-module-content fl-node-content\">\n<div class=\"fl-rich-text\">\n<p>Hergestellt aus Federstahl, l\u00e4ngsgeschnitten und abgeschrecktes Rundrohr. Durch seine hohe Elastizit\u00e4t wird es gleichm\u00e4\u00dfig in das Stiftloch gepresst, was fest und zuverl\u00e4ssig ist. Die Anforderungen an die Genauigkeit und die Oberfl\u00e4chenrauhigkeit des Stiftlochs sind gering, und sie k\u00f6nnen mehrfach montiert und demontiert werden, aber die Steifigkeit ist gering. Geeignet f\u00fcr Situationen mit St\u00f6\u00dfen und Vibrationen. Nicht geeignet f\u00fcr Positionierungen mit hohen Genauigkeitsanforderungen.<\/p>\n<\/div>\n<\/div>\n<\/div>\n<div class=\"fl-col-group fl-node-5e56371cdff56 fl-col-group-nested\" data-node=\"5e56371cdff56\">\n<div class=\"fl-col fl-node-5e56371ce0352 fl-col-small\" data-node=\"5e56371ce0352\">\n<div class=\"fl-col-content fl-node-content\">\n<div class=\"fl-module fl-module-rich-text fl-node-5e56372027562\" data-node=\"5e56372027562\" data-animation-delay=\"0.0\">\n<div class=\"fl-module-content fl-node-content\">\n<div class=\"fl-rich-text\">\n<p><img decoding=\"async\" class=\"alignnone size-full wp-image-1656\" src=\"https:\/\/www.cyfastener.com\/uploads\/0e5ee4b1.jpg\" alt=\"9d34b4338dee139b45da1510c740311\" \/><\/p>\n<\/div>\n<\/div>\n<\/div>\n<\/div>\n<\/div>\n<div class=\"fl-col fl-node-5e56371ce03ab fl-col-small\" data-node=\"5e56371ce03ab\">\n<div class=\"fl-col-content fl-node-content\">\n<div class=\"fl-module fl-module-rich-text fl-node-5e5637b6a5476\" data-node=\"5e5637b6a5476\" data-animation-delay=\"0.0\">\n<div class=\"fl-module-content fl-node-content\">\n<div class=\"fl-rich-text\">\n<p><img decoding=\"async\" class=\"alignnone size-full wp-image-1656\" src=\"https:\/\/www.cyfastener.com\/uploads\/a4e5661c.jpg\" alt=\"9d34b4338dee139b45da1510c740311\" \/><\/p>\n<\/div>\n<\/div>\n<\/div>\n<\/div>\n<\/div>\n<\/div>\n<div class=\"fl-module fl-module-rich-text fl-node-5e5637cc9da0c\" data-node=\"5e5637cc9da0c\" data-animation-delay=\"0.0\">\n<div class=\"fl-module-content fl-node-content\">\n<div class=\"fl-rich-text\">\n<p>Der elastische Zylinderstift, auch Federstift genannt, ist ein zylindrischer Hohlk\u00f6rper ohne Kopf. Er ist axial geschlitzt und an den beiden Enden abgeschr\u00e4gt. Er wird zum Positionieren, Verbinden und Befestigen zwischen Teilen verwendet. Scherkraft, der Au\u00dfendurchmesser dieses Stifts ist etwas gr\u00f6\u00dfer als der Durchmesser der Montagebohrung<\/p>\n<\/div>\n<\/div>\n<\/div>\n<\/div>\n<\/div>\n<\/div>\n<div class=\"fl-col-group fl-node-5e5637f2b2c1e\" data-node=\"5e5637f2b2c1e\">\n<div class=\"fl-col fl-node-5e5637f2b2fc0 fl-col-small\" data-node=\"5e5637f2b2fc0\">\n<div class=\"fl-col-content fl-node-content\">\n<div class=\"fl-module fl-module-rich-text fl-node-5e56382e47a70\" data-node=\"5e56382e47a70\" data-animation-delay=\"0.0\">\n<div class=\"fl-module-content fl-node-content\">\n<div class=\"fl-rich-text\">\n<p><img decoding=\"async\" class=\"alignnone size-full wp-image-1663\" src=\"https:\/\/www.cyfastener.com\/uploads\/145cdee5.jpg\" alt=\"HTB1jE3hdlKw3KVjSZTEq6AuRpXag.jpg_350x350\" \/><\/p>\n<\/div>\n<\/div>\n<\/div>\n<\/div>\n<\/div>\n<div class=\"fl-col fl-node-5e5637f2b3013 fl-col-small\" data-node=\"5e5637f2b3013\">\n<div class=\"fl-col-content fl-node-content\">\n<div class=\"fl-module fl-module-rich-text fl-node-5e56383f8e010\" data-node=\"5e56383f8e010\" data-animation-delay=\"0.0\">\n<div class=\"fl-module-content fl-node-content\">\n<div class=\"fl-rich-text\">\n<p><img decoding=\"async\" class=\"alignnone size-full wp-image-1663\" src=\"https:\/\/www.cyfastener.com\/uploads\/f49f3965.jpg\" alt=\"HTB1jE3hdlKw3KVjSZTEq6AuRpXag.jpg_350x350\" \/><\/p>\n<\/div>\n<\/div>\n<\/div>\n<\/div>\n<\/div>\n<div class=\"fl-col fl-node-5e5637f2b305d fl-col-small\" data-node=\"5e5637f2b305d\">\n<div class=\"fl-col-content fl-node-content\">\n<div class=\"fl-module fl-module-rich-text fl-node-5e563843421b5\" data-node=\"5e563843421b5\" data-animation-delay=\"0.0\">\n<div class=\"fl-module-content fl-node-content\">\n<div class=\"fl-rich-text\">\n<p><img decoding=\"async\" class=\"alignnone size-full wp-image-1663\" src=\"https:\/\/www.cyfastener.com\/uploads\/486c40df.jpg\" alt=\"HTB1jE3hdlKw3KVjSZTEq6AuRpXag.jpg_350x350\" \/><\/p>\n<\/div>\n<\/div>\n<\/div>\n<\/div>\n<\/div>\n<\/div>\n<\/div>\n<\/div>\n<\/div>\n<div class=\"fl-row fl-row-full-width fl-row-bg-none fl-node-5e5638e01ac04\" data-node=\"5e5638e01ac04\">\n<div class=\"fl-row-content-wrap\">\n<div class=\"fl-row-content fl-row-full-width fl-node-content\">\n<div class=\"fl-col-group fl-node-5e5638e01ea78\" data-node=\"5e5638e01ea78\">\n<div class=\"fl-col fl-node-5e5638e01ed90\" data-node=\"5e5638e01ed90\">\n<div class=\"fl-col-content fl-node-content\">\n<div class=\"fl-module fl-module-rich-text fl-node-5e5638ee8833a\" data-node=\"5e5638ee8833a\" data-animation-delay=\"0.0\">\n<div class=\"fl-module-content fl-node-content\">\n<div class=\"fl-rich-text\">\n<p><strong>Produktvorteile:<\/strong><\/p>\n<\/div>\n<\/div>\n<\/div>\n<\/div>\n<\/div>\n<\/div>\n<div class=\"fl-col-group fl-node-5e56391701f11\" data-node=\"5e56391701f11\">\n<div class=\"fl-col fl-node-5e563917021d9\" data-node=\"5e563917021d9\">\n<div class=\"fl-col-content fl-node-content\">\n<div class=\"fl-module fl-module-rich-text fl-node-5e56391701cc0\" data-node=\"5e56391701cc0\" data-animation-delay=\"0.0\">\n<div class=\"fl-module-content fl-node-content\">\n<div class=\"fl-rich-text\">\n<ol>\n<li><strong>Feinmechanische Bearbeitung<\/strong><\/li>\n<\/ol>\n<p align=\"justify\">\u2606 Messen und Bearbeiten mit Pr\u00e4zisionswerkzeugmaschinen und Messwerkzeugen unter streng kontrollierten Umweltbedingungen.<\/p>\n<ol>\n<li><strong>Hochwertiger Kohlenstoffstahl (35#\/45#)<\/strong><\/li>\n<\/ol>\n<p align=\"justify\">\u2606 Mit langer Lebensdauer, geringer W\u00e4rmeentwicklung, hoher H\u00e4rte, hoher Steifigkeit, geringem L\u00e4rm, hoher Verschlei\u00dffestigkeit und anderen Eigenschaften.<\/p>\n<ol>\n<li><strong>Kosteng\u00fcnstig<\/strong><\/li>\n<\/ol>\n<p align=\"justify\">\u2606 Die Verwendung von hochwertigem Kohlenstoffstahl, nach der Pr\u00e4zisionsverarbeitung und Formgebung, verbessert die Benutzererfahrung erheblich.<\/p>\n<\/div>\n<\/div>\n<\/div>\n<\/div>\n<\/div>\n<\/div>\n<\/div>\n<\/div>\n<\/div>\n<div class=\"fl-row fl-row-full-width fl-row-bg-none fl-node-5e56392d52a0f\" data-node=\"5e56392d52a0f\">\n<div class=\"fl-row-content-wrap\">\n<div class=\"fl-row-content fl-row-full-width fl-node-content\">\n<div class=\"fl-col-group fl-node-5e56392d58044\" data-node=\"5e56392d58044\">\n<div class=\"fl-col fl-node-5e56392d58388\" data-node=\"5e56392d58388\">\n<div class=\"fl-col-content fl-node-content\">\n<div class=\"fl-module fl-module-rich-text fl-node-5e56393d45d3c\" data-node=\"5e56393d45d3c\" data-animation-delay=\"0.0\">\n<div class=\"fl-module-content fl-node-content\">\n<div class=\"fl-rich-text\">\n<p><strong>Oberfl\u00e4chenbehandlung:<\/strong><\/p>\n<\/div>\n<\/div>\n<\/div>\n<\/div>\n<\/div>\n<\/div>\n<div class=\"fl-col-group fl-node-5e56396572603\" data-node=\"5e56396572603\">\n<div class=\"fl-col fl-node-5e56396572973\" data-node=\"5e56396572973\">\n<div class=\"fl-col-content fl-node-content\">\n<div class=\"fl-module fl-module-rich-text fl-node-5e563965723f5\" data-node=\"5e563965723f5\" data-animation-delay=\"0.0\">\n<div class=\"fl-module-content fl-node-content\">\n<div class=\"fl-rich-text\">\n<ol>\n<li><strong>SCHWARZ<\/strong><\/li>\n<\/ol>\n<p align=\"justify\">\u2606 Schwarz ist eine g\u00e4ngige Methode zur W\u00e4rmebehandlung von Metallen. Das Prinzip besteht darin, eine Oxidschicht auf der Metalloberfl\u00e4che zu bilden, um die Luft zu isolieren und Rost zu verhindern. Schw\u00e4rzen ist eine g\u00e4ngige Methode f\u00fcr die W\u00e4rmebehandlung von Metallen. Das Prinzip besteht darin, eine Oxidschicht auf der Metalloberfl\u00e4che zu bilden, um die Luft zu isolieren und Rost zu verhindern.<\/p>\n<ol>\n<li><strong>ZINZ<\/strong><\/li>\n<\/ol>\n<p align=\"justify\">\u2606 Die galvanische Verzinkung ist eine traditionelle Technologie zur Behandlung von Metallbeschichtungen, die Metalloberfl\u00e4chen eine grundlegende Korrosionsbest\u00e4ndigkeit verleiht. Die wichtigsten Vorteile sind eine gute L\u00f6tbarkeit und ein geeigneter Kontaktwiderstand. Aufgrund ihrer guten Schmiereigenschaften wird die Cadmiumbeschichtung h\u00e4ufig in der Luft- und Raumfahrt, der Schifffahrt sowie bei Radio- und Elektronikprodukten eingesetzt. Die Beschichtung sch\u00fctzt das Stahlsubstrat sowohl vor mechanischen als auch vor chemischen Einfl\u00fcssen, so dass die Korrosionsbest\u00e4ndigkeit wesentlich besser ist als bei der Verzinkung.<\/p>\n<\/div>\n<\/div>\n<\/div>\n<\/div>\n<\/div>\n<\/div>\n<\/div>\n<\/div>\n<\/div>\n<div class=\"fl-row fl-row-full-width fl-row-bg-none fl-node-5e5639a2a6a26\" data-node=\"5e5639a2a6a26\">\n<div class=\"fl-row-content-wrap\">\n<div class=\"fl-row-content fl-row-full-width fl-node-content\">\n<div class=\"fl-col-group fl-node-5e5639a2ac1ed\" data-node=\"5e5639a2ac1ed\">\n<div class=\"fl-col fl-node-5e5639a2ac4f0\" data-node=\"5e5639a2ac4f0\">\n<div class=\"fl-col-content fl-node-content\">\n<div class=\"fl-module fl-module-rich-text fl-node-5e5639b118cf4\" data-node=\"5e5639b118cf4\" data-animation-delay=\"0.0\">\n<div class=\"fl-module-content fl-node-content\">\n<div class=\"fl-rich-text\">\n<p><strong>Parameter des Produkts:<\/strong><\/p>\n<\/div>\n<\/div>\n<\/div>\n<\/div>\n<\/div>\n<\/div>\n<div class=\"fl-col-group fl-node-5e5639c9c2b53\" data-node=\"5e5639c9c2b53\">\n<div class=\"fl-col fl-node-5e5639c9c2eb2\" data-node=\"5e5639c9c2eb2\">\n<div class=\"fl-col-content fl-node-content\">\n<div class=\"fl-module fl-module-rich-text fl-node-5e5639c9c2932\" data-node=\"5e5639c9c2932\" data-animation-delay=\"0.0\">\n<div class=\"fl-module-content fl-node-content\">\n<div class=\"fl-rich-text\">\n<p align=\"center\"><img decoding=\"async\" class=\"alignnone size-full wp-image-1203\" src=\"https:\/\/www.cyfastener.com\/uploads\/0cfaa9d02.png\" alt=\"xq01\" \/><\/p>\n<\/div>\n<\/div>\n<\/div>\n<\/div>\n<\/div>\n<\/div>\n<\/div>\n<\/div>\n<\/div>","protected":false},"excerpt":{"rendered":"<p>Min.Bestellmenge:1000PCS<\/p>\n<p>VERPACKUNG: BEUTEL\/KARTON MIT PALETTE<\/p>\n<p>HAFEN:TIANJIN\/QINGDAO\/SHANGHAI\/NINGBO<\/p>\n<p>LIEFERUNG:5-30 TAGE JE NACH MENGE<\/p>\n<p>BEZAHLUNG:T\/T\/LC<\/p>\n<p>Lieferf\u00e4higkeit:500 TONNEN PRO MONAT<\/p>\n<p>&nbsp;<\/p>\n<ul>\n<li><em>FOB-Preis:<\/em>US $0.5 - 9,999 \/ St\u00fcck<\/li>\n<li><em>Mindestbestellmenge:<\/em>100 St\u00fcck\/St\u00fcck<\/li>\n<li><em>Lieferf\u00e4higkeit:<\/em>10000 St\u00fcck\/St\u00fcck pro Monat<\/li>\n<\/ul>","protected":false},"featured_media":3260,"template":"","meta":{"_kad_post_transparent":"default","_kad_post_title":"","_kad_post_layout":"default","_kad_post_sidebar_id":"","_kad_post_content_style":"default","_kad_post_vertical_padding":"default","_kad_post_feature":"","_kad_post_feature_position":"","_kad_post_header":false,"_kad_post_footer":false},"product_brand":[],"product_cat":[37],"product_tag":[],"class_list":{"0":"post-3257","1":"product","2":"type-product","3":"status-publish","4":"has-post-thumbnail","6":"product_cat-din-1481","8":"first","9":"instock","10":"shipping-taxable","11":"product-type-simple","12":"entry","13":"content-bg","14":"loop-entry"},"yoast_head":"<!-- This site is optimized with the Yoast SEO plugin v25.3.1 - https:\/\/yoast.com\/wordpress\/plugins\/seo\/ -->\n<title>DIN 1481 Spring Type Straight Heavy Duty Pin - Quantong Fastener<\/title>\n<meta name=\"robots\" content=\"index, follow, max-snippet:-1, max-image-preview:large, max-video-preview:-1\" \/>\n<link rel=\"canonical\" href=\"https:\/\/quantongfastener.com\/de\/produkt\/din-1481-spring-type-straight-heavy-duty-pin\/\" \/>\n<meta property=\"og:locale\" content=\"de_DE\" \/>\n<meta property=\"og:type\" content=\"article\" \/>\n<meta property=\"og:title\" content=\"DIN 1481 Spring Type Straight Heavy Duty Pin - Quantong Fastener\" \/>\n<meta property=\"og:description\" content=\"Min.Order Quantity:1000PCS  PACKAGING:BAG\/BOX WITH PALLET  PORT:TIANJIN\/QINGDAO\/SHANGHAI\/NINGBO  DELIVERY:5-30DAYS ON QTY  PAYMENT:T\/T\/LC  Supply Ability:500 TON PER MONTH  &nbsp;   FOB Price:US $0.5 - 9,999 \/ Piece  Min.Order Quantity:100 Piece\/Pieces  Supply Ability:10000 Piece\/Pieces per Month\" \/>\n<meta property=\"og:url\" content=\"https:\/\/quantongfastener.com\/de\/produkt\/din-1481-spring-type-straight-heavy-duty-pin\/\" \/>\n<meta property=\"og:site_name\" content=\"Quantong Fastener\" \/>\n<meta property=\"article:modified_time\" content=\"2025-08-21T02:58:54+00:00\" \/>\n<meta property=\"og:image\" content=\"https:\/\/quantongfastener.com\/wp-content\/uploads\/2025\/08\/DIN-1481-Spring-Type-Straight-Heavy-Duty-Pin-3.jpg\" \/>\n\t<meta property=\"og:image:width\" content=\"610\" \/>\n\t<meta property=\"og:image:height\" content=\"610\" \/>\n\t<meta property=\"og:image:type\" content=\"image\/jpeg\" \/>\n<meta name=\"twitter:card\" content=\"summary_large_image\" \/>\n<meta name=\"twitter:label1\" content=\"Gesch\u00e4tzte Lesezeit\" \/>\n\t<meta name=\"twitter:data1\" content=\"3\u00a0Minuten\" \/>\n<script type=\"application\/ld+json\" class=\"yoast-schema-graph\">{\"@context\":\"https:\/\/schema.org\",\"@graph\":[{\"@type\":\"WebPage\",\"@id\":\"https:\/\/quantongfastener.com\/product\/din-1481-spring-type-straight-heavy-duty-pin\/\",\"url\":\"https:\/\/quantongfastener.com\/product\/din-1481-spring-type-straight-heavy-duty-pin\/\",\"name\":\"DIN 1481 Spring Type Straight Heavy Duty Pin - Quantong Fastener\",\"isPartOf\":{\"@id\":\"https:\/\/quantongfastener.com\/#website\"},\"primaryImageOfPage\":{\"@id\":\"https:\/\/quantongfastener.com\/product\/din-1481-spring-type-straight-heavy-duty-pin\/#primaryimage\"},\"image\":{\"@id\":\"https:\/\/quantongfastener.com\/product\/din-1481-spring-type-straight-heavy-duty-pin\/#primaryimage\"},\"thumbnailUrl\":\"https:\/\/quantongfastener.com\/wp-content\/uploads\/2025\/08\/DIN-1481-Spring-Type-Straight-Heavy-Duty-Pin-3.jpg\",\"datePublished\":\"2025-08-21T02:58:53+00:00\",\"dateModified\":\"2025-08-21T02:58:54+00:00\",\"breadcrumb\":{\"@id\":\"https:\/\/quantongfastener.com\/product\/din-1481-spring-type-straight-heavy-duty-pin\/#breadcrumb\"},\"inLanguage\":\"de\",\"potentialAction\":[{\"@type\":\"ReadAction\",\"target\":[\"https:\/\/quantongfastener.com\/product\/din-1481-spring-type-straight-heavy-duty-pin\/\"]}]},{\"@type\":\"ImageObject\",\"inLanguage\":\"de\",\"@id\":\"https:\/\/quantongfastener.com\/product\/din-1481-spring-type-straight-heavy-duty-pin\/#primaryimage\",\"url\":\"https:\/\/quantongfastener.com\/wp-content\/uploads\/2025\/08\/DIN-1481-Spring-Type-Straight-Heavy-Duty-Pin-3.jpg\",\"contentUrl\":\"https:\/\/quantongfastener.com\/wp-content\/uploads\/2025\/08\/DIN-1481-Spring-Type-Straight-Heavy-Duty-Pin-3.jpg\",\"width\":610,\"height\":610},{\"@type\":\"BreadcrumbList\",\"@id\":\"https:\/\/quantongfastener.com\/product\/din-1481-spring-type-straight-heavy-duty-pin\/#breadcrumb\",\"itemListElement\":[{\"@type\":\"ListItem\",\"position\":1,\"name\":\"Home\",\"item\":\"https:\/\/quantongfastener.com\/\"},{\"@type\":\"ListItem\",\"position\":2,\"name\":\"Products\",\"item\":\"https:\/\/quantongfastener.com\/products\/\"},{\"@type\":\"ListItem\",\"position\":3,\"name\":\"DIN 1481 Spring Type Straight Heavy Duty Pin\"}]},{\"@type\":\"WebSite\",\"@id\":\"https:\/\/quantongfastener.com\/#website\",\"url\":\"https:\/\/quantongfastener.com\/\",\"name\":\"Quantong Fastener\",\"description\":\"\",\"publisher\":{\"@id\":\"https:\/\/quantongfastener.com\/#organization\"},\"potentialAction\":[{\"@type\":\"SearchAction\",\"target\":{\"@type\":\"EntryPoint\",\"urlTemplate\":\"https:\/\/quantongfastener.com\/?s={search_term_string}\"},\"query-input\":{\"@type\":\"PropertyValueSpecification\",\"valueRequired\":true,\"valueName\":\"search_term_string\"}}],\"inLanguage\":\"de\"},{\"@type\":\"Organization\",\"@id\":\"https:\/\/quantongfastener.com\/#organization\",\"name\":\"Quantong Fastener\",\"url\":\"https:\/\/quantongfastener.com\/\",\"logo\":{\"@type\":\"ImageObject\",\"inLanguage\":\"de\",\"@id\":\"https:\/\/quantongfastener.com\/#\/schema\/logo\/image\/\",\"url\":\"https:\/\/quantongfastener.com\/wp-content\/uploads\/2025\/07\/logo.jpg\",\"contentUrl\":\"https:\/\/quantongfastener.com\/wp-content\/uploads\/2025\/07\/logo.jpg\",\"width\":425,\"height\":424,\"caption\":\"Quantong Fastener\"},\"image\":{\"@id\":\"https:\/\/quantongfastener.com\/#\/schema\/logo\/image\/\"}}]}<\/script>\n<!-- \/ Yoast SEO plugin. -->","yoast_head_json":{"title":"DIN 1481 Spring Type Straight Heavy Duty Pin - Quantong Fastener","robots":{"index":"index","follow":"follow","max-snippet":"max-snippet:-1","max-image-preview":"max-image-preview:large","max-video-preview":"max-video-preview:-1"},"canonical":"https:\/\/quantongfastener.com\/de\/produkt\/din-1481-spring-type-straight-heavy-duty-pin\/","og_locale":"de_DE","og_type":"article","og_title":"DIN 1481 Spring Type Straight Heavy Duty Pin - Quantong Fastener","og_description":"Min.Order Quantity:1000PCS  PACKAGING:BAG\/BOX WITH PALLET  PORT:TIANJIN\/QINGDAO\/SHANGHAI\/NINGBO  DELIVERY:5-30DAYS ON QTY  PAYMENT:T\/T\/LC  Supply Ability:500 TON PER MONTH  &nbsp;   FOB Price:US $0.5 - 9,999 \/ Piece  Min.Order Quantity:100 Piece\/Pieces  Supply Ability:10000 Piece\/Pieces per Month","og_url":"https:\/\/quantongfastener.com\/de\/produkt\/din-1481-spring-type-straight-heavy-duty-pin\/","og_site_name":"Quantong Fastener","article_modified_time":"2025-08-21T02:58:54+00:00","og_image":[{"width":610,"height":610,"url":"https:\/\/quantongfastener.com\/wp-content\/uploads\/2025\/08\/DIN-1481-Spring-Type-Straight-Heavy-Duty-Pin-3.jpg","type":"image\/jpeg"}],"twitter_card":"summary_large_image","twitter_misc":{"Gesch\u00e4tzte Lesezeit":"3\u00a0Minuten"},"schema":{"@context":"https:\/\/schema.org","@graph":[{"@type":"WebPage","@id":"https:\/\/quantongfastener.com\/product\/din-1481-spring-type-straight-heavy-duty-pin\/","url":"https:\/\/quantongfastener.com\/product\/din-1481-spring-type-straight-heavy-duty-pin\/","name":"DIN 1481 Spring Type Straight Heavy Duty Pin - Quantong Fastener","isPartOf":{"@id":"https:\/\/quantongfastener.com\/#website"},"primaryImageOfPage":{"@id":"https:\/\/quantongfastener.com\/product\/din-1481-spring-type-straight-heavy-duty-pin\/#primaryimage"},"image":{"@id":"https:\/\/quantongfastener.com\/product\/din-1481-spring-type-straight-heavy-duty-pin\/#primaryimage"},"thumbnailUrl":"https:\/\/quantongfastener.com\/wp-content\/uploads\/2025\/08\/DIN-1481-Spring-Type-Straight-Heavy-Duty-Pin-3.jpg","datePublished":"2025-08-21T02:58:53+00:00","dateModified":"2025-08-21T02:58:54+00:00","breadcrumb":{"@id":"https:\/\/quantongfastener.com\/product\/din-1481-spring-type-straight-heavy-duty-pin\/#breadcrumb"},"inLanguage":"de","potentialAction":[{"@type":"ReadAction","target":["https:\/\/quantongfastener.com\/product\/din-1481-spring-type-straight-heavy-duty-pin\/"]}]},{"@type":"ImageObject","inLanguage":"de","@id":"https:\/\/quantongfastener.com\/product\/din-1481-spring-type-straight-heavy-duty-pin\/#primaryimage","url":"https:\/\/quantongfastener.com\/wp-content\/uploads\/2025\/08\/DIN-1481-Spring-Type-Straight-Heavy-Duty-Pin-3.jpg","contentUrl":"https:\/\/quantongfastener.com\/wp-content\/uploads\/2025\/08\/DIN-1481-Spring-Type-Straight-Heavy-Duty-Pin-3.jpg","width":610,"height":610},{"@type":"BreadcrumbList","@id":"https:\/\/quantongfastener.com\/product\/din-1481-spring-type-straight-heavy-duty-pin\/#breadcrumb","itemListElement":[{"@type":"ListItem","position":1,"name":"Home","item":"https:\/\/quantongfastener.com\/"},{"@type":"ListItem","position":2,"name":"Products","item":"https:\/\/quantongfastener.com\/products\/"},{"@type":"ListItem","position":3,"name":"DIN 1481 Spring Type Straight Heavy Duty Pin"}]},{"@type":"WebSite","@id":"https:\/\/quantongfastener.com\/#website","url":"https:\/\/quantongfastener.com\/","name":"Quantong-Verschluss","description":"","publisher":{"@id":"https:\/\/quantongfastener.com\/#organization"},"potentialAction":[{"@type":"SearchAction","target":{"@type":"EntryPoint","urlTemplate":"https:\/\/quantongfastener.com\/?s={search_term_string}"},"query-input":{"@type":"PropertyValueSpecification","valueRequired":true,"valueName":"search_term_string"}}],"inLanguage":"de"},{"@type":"Organization","@id":"https:\/\/quantongfastener.com\/#organization","name":"Quantong-Verschluss","url":"https:\/\/quantongfastener.com\/","logo":{"@type":"ImageObject","inLanguage":"de","@id":"https:\/\/quantongfastener.com\/#\/schema\/logo\/image\/","url":"https:\/\/quantongfastener.com\/wp-content\/uploads\/2025\/07\/logo.jpg","contentUrl":"https:\/\/quantongfastener.com\/wp-content\/uploads\/2025\/07\/logo.jpg","width":425,"height":424,"caption":"Quantong Fastener"},"image":{"@id":"https:\/\/quantongfastener.com\/#\/schema\/logo\/image\/"}}]}},"_links":{"self":[{"href":"https:\/\/quantongfastener.com\/de\/wp-json\/wp\/v2\/product\/3257","targetHints":{"allow":["GET"]}}],"collection":[{"href":"https:\/\/quantongfastener.com\/de\/wp-json\/wp\/v2\/product"}],"about":[{"href":"https:\/\/quantongfastener.com\/de\/wp-json\/wp\/v2\/types\/product"}],"wp:featuredmedia":[{"embeddable":true,"href":"https:\/\/quantongfastener.com\/de\/wp-json\/wp\/v2\/media\/3260"}],"wp:attachment":[{"href":"https:\/\/quantongfastener.com\/de\/wp-json\/wp\/v2\/media?parent=3257"}],"wp:term":[{"taxonomy":"product_brand","embeddable":true,"href":"https:\/\/quantongfastener.com\/de\/wp-json\/wp\/v2\/product_brand?post=3257"},{"taxonomy":"product_cat","embeddable":true,"href":"https:\/\/quantongfastener.com\/de\/wp-json\/wp\/v2\/product_cat?post=3257"},{"taxonomy":"product_tag","embeddable":true,"href":"https:\/\/quantongfastener.com\/de\/wp-json\/wp\/v2\/product_tag?post=3257"}],"curies":[{"name":"wp","href":"https:\/\/api.w.org\/{rel}","templated":true}]}}