{"id":2940,"date":"2025-08-10T15:30:00","date_gmt":"2025-08-10T15:30:00","guid":{"rendered":"https:\/\/quantongfastener.com\/?post_type=product&#038;p=2940"},"modified":"2025-08-31T04:29:47","modified_gmt":"2025-08-31T04:29:47","slug":"zinc-expansion-screw-fasteners-drop-in-anchor","status":"publish","type":"product","link":"https:\/\/quantongfastener.com\/de\/produkt\/zinc-expansion-screw-fasteners-drop-in-anchor\/","title":{"rendered":"Zink-Spreizschrauben-Befestigungselemente Drop-In-Anker"},"content":{"rendered":"<div class=\"fl-row fl-row-full-width fl-row-bg-none fl-node-5e7c16f70b79a\" data-node=\"5e7c16f70b79a\">\n<div class=\"fl-row-content-wrap\">\n<div class=\"fl-row-content fl-row-full-width fl-node-content\">\n<div class=\"fl-col-group fl-node-5e7c16f70b7eb\" data-node=\"5e7c16f70b7eb\">\n<div class=\"fl-col fl-node-5e7c16f70b853\" data-node=\"5e7c16f70b853\">\n<div class=\"fl-col-content fl-node-content\">\n<div class=\"fl-module fl-module-rich-text fl-node-5e7c16f70b898\" data-node=\"5e7c16f70b898\" data-animation-delay=\"0.0\">\n<div class=\"fl-module-content fl-node-content\">\n<div class=\"fl-rich-text\">\n<div class=\"table_wrap\">\n<table border=\"1\" cellspacing=\"0\">\n<tbody>\n<tr>\n<td valign=\"top\" width=\"161\">Name des Produkts<\/td>\n<td valign=\"top\" width=\"406\">Ankerbolzen<\/td>\n<\/tr>\n<tr>\n<td valign=\"top\" width=\"161\">Gr\u00f6\u00dfe<\/td>\n<td valign=\"top\" width=\"406\">M6\/M8\/M10\/M16<\/td>\n<\/tr>\n<tr>\n<td valign=\"top\" width=\"161\">Material<\/td>\n<td valign=\"top\" width=\"406\">Stahl\/Edelstahl<\/td>\n<\/tr>\n<tr>\n<td valign=\"top\" width=\"161\">Oberfl\u00e4chenbehandlung<\/td>\n<td valign=\"top\" width=\"406\">WZP<\/td>\n<\/tr>\n<tr>\n<td valign=\"top\" width=\"161\">Standard<\/td>\n<td valign=\"top\" width=\"406\">DIN\/ISO<\/td>\n<\/tr>\n<tr>\n<td valign=\"top\" width=\"161\">Zertifikat<\/td>\n<td valign=\"top\" width=\"406\">ISO 9001<\/td>\n<\/tr>\n<tr>\n<td valign=\"top\" width=\"161\">Muster<\/td>\n<td valign=\"top\" width=\"406\">Kostenlose Proben<\/td>\n<\/tr>\n<\/tbody>\n<\/table>\n<\/div>\n<\/div>\n<\/div>\n<\/div>\n<\/div>\n<\/div>\n<\/div>\n<\/div>\n<\/div>\n<\/div>\n<div class=\"fl-row fl-row-full-width fl-row-bg-none fl-node-5e7c16f70d671\" data-node=\"5e7c16f70d671\">\n<div class=\"fl-row-content-wrap\">\n<div class=\"fl-row-content fl-row-full-width fl-node-content\">\n<div class=\"fl-col-group fl-node-5e7c16f70d6b8\" data-node=\"5e7c16f70d6b8\">\n<div class=\"fl-col fl-node-5e7c16f70d6fe fl-col-has-cols\" data-node=\"5e7c16f70d6fe\">\n<div class=\"fl-col-content fl-node-content\">\n<div class=\"fl-col-group fl-node-5e7c16f70d793 fl-col-group-nested\" data-node=\"5e7c16f70d793\">\n<div class=\"fl-col fl-node-5e7c16f70d7db fl-col-small\" data-node=\"5e7c16f70d7db\">\n<div class=\"fl-col-content fl-node-content\">\n<div class=\"fl-module fl-module-rich-text fl-node-5e7c16f70b995\" data-node=\"5e7c16f70b995\" data-animation-delay=\"0.0\">\n<div class=\"fl-module-content fl-node-content\">\n<div class=\"fl-rich-text\">\n<p><img decoding=\"async\" class=\"alignnone size-full wp-image-1197\" src=\"https:\/\/www.cyfastener.com\/uploads\/07b1897b1.jpg\" alt=\"pc05\" \/><\/p>\n<\/div>\n<\/div>\n<\/div>\n<\/div>\n<\/div>\n<div class=\"fl-col fl-node-5e7c16f70d82c fl-col-small\" data-node=\"5e7c16f70d82c\">\n<div class=\"fl-col-content fl-node-content\">\n<div class=\"fl-module fl-module-rich-text fl-node-5e7c16f70b8e5\" data-node=\"5e7c16f70b8e5\" data-animation-delay=\"0.0\">\n<div class=\"fl-module-content fl-node-content\">\n<div class=\"fl-rich-text\">\n<p><img decoding=\"async\" class=\"alignnone size-full wp-image-1197\" src=\"https:\/\/www.cyfastener.com\/uploads\/3cd5e5cc1.jpg\" alt=\"pc05\" \/><\/p>\n<\/div>\n<\/div>\n<\/div>\n<\/div>\n<\/div>\n<\/div>\n<div class=\"fl-col-group fl-node-5e7c17a44276d fl-col-group-nested\" data-node=\"5e7c17a44276d\">\n<div class=\"fl-col fl-node-5e7c17a442cbc fl-col-small\" data-node=\"5e7c17a442cbc\">\n<div class=\"fl-col-content fl-node-content\">\n<div class=\"fl-module fl-module-rich-text fl-node-5e7c182d96bc1\" data-node=\"5e7c182d96bc1\" data-animation-delay=\"0.0\">\n<div class=\"fl-module-content fl-node-content\">\n<div class=\"fl-rich-text\">\n<p><img decoding=\"async\" class=\"alignnone size-full wp-image-1197\" src=\"https:\/\/www.cyfastener.com\/uploads\/7e4649471.jpg\" alt=\"pc05\" \/><\/p>\n<\/div>\n<\/div>\n<\/div>\n<\/div>\n<\/div>\n<div class=\"fl-col fl-node-5e7c17a442d11 fl-col-small\" data-node=\"5e7c17a442d11\">\n<div class=\"fl-col-content fl-node-content\">\n<div class=\"fl-module fl-module-rich-text fl-node-5e7c18324726e\" data-node=\"5e7c18324726e\" data-animation-delay=\"0.0\">\n<div class=\"fl-module-content fl-node-content\">\n<div class=\"fl-rich-text\">\n<p><img decoding=\"async\" class=\"alignnone size-full wp-image-1197\" src=\"https:\/\/www.cyfastener.com\/uploads\/8eea54011.jpg\" alt=\"pc05\" \/><\/p>\n<\/div>\n<\/div>\n<\/div>\n<\/div>\n<\/div>\n<div class=\"fl-col fl-node-5e7c17a442d59 fl-col-small\" data-node=\"5e7c17a442d59\">\n<div class=\"fl-col-content fl-node-content\">\n<div class=\"fl-module fl-module-rich-text fl-node-5e7c1836461c9\" data-node=\"5e7c1836461c9\" data-animation-delay=\"0.0\">\n<div class=\"fl-module-content fl-node-content\">\n<div class=\"fl-rich-text\">\n<p><img decoding=\"async\" class=\"alignnone size-full wp-image-1197\" src=\"https:\/\/www.cyfastener.com\/uploads\/ce3598181.jpg\" alt=\"pc05\" \/><\/p>\n<\/div>\n<\/div>\n<\/div>\n<\/div>\n<\/div>\n<\/div>\n<div class=\"fl-module fl-module-rich-text fl-node-5e7c16f70d74b\" data-node=\"5e7c16f70d74b\" data-animation-delay=\"0.0\">\n<div class=\"fl-module-content fl-node-content\">\n<div class=\"fl-rich-text\">\n<p><strong>Installationsmethode<\/strong><br \/>\n1: Die Gr\u00f6\u00dfe der L\u00f6cher muss angemessen sein. W\u00e4hlen Sie den richtigen Bohrer (die Gr\u00f6\u00dfen der Bohrer, die in verschiedenen Spezifikationen verwendet werden, werden in der nachstehenden Gr\u00f6\u00dfentabelle erl\u00e4utert). Halten Sie den Bohrer beim Stanzen senkrecht, um zu verhindern, dass er beim Vergr\u00f6\u00dfern des Lochs schwingt.<br \/>\n2: Verwenden Sie Bambussp\u00e4ne oder andere \u00e4hnliche Dinge und schrauben Sie sie in die L\u00f6cher. Niemals verrutschen. Allerdings ist es besser, den ersten Schritt zu tun, ist diese Methode unvermeidlich.<br \/>\n3: Halten Sie den Schraubenkopf mit einer Zange fest und drehen Sie die Mutter, um die Schraube herauszuziehen und die Aufblash\u00fclse zu erweitern.<\/p>\n<\/div>\n<\/div>\n<\/div>\n<div class=\"fl-col-group fl-node-5e7c1894d5b0c fl-col-group-nested\" data-node=\"5e7c1894d5b0c\">\n<div class=\"fl-col fl-node-5e7c1894d7a98 fl-col-small\" data-node=\"5e7c1894d7a98\">\n<div class=\"fl-col-content fl-node-content\">\n<div class=\"fl-module fl-module-rich-text fl-node-5e7c18980b423\" data-node=\"5e7c18980b423\" data-animation-delay=\"0.0\">\n<div class=\"fl-module-content fl-node-content\">\n<div class=\"fl-rich-text\">\n<p><img decoding=\"async\" class=\"alignnone size-full wp-image-1197\" src=\"https:\/\/www.cyfastener.com\/uploads\/5405caa41.jpg\" alt=\"pc05\" \/><\/p>\n<\/div>\n<\/div>\n<\/div>\n<\/div>\n<\/div>\n<div class=\"fl-col fl-node-5e7c1894d7bb0 fl-col-small\" data-node=\"5e7c1894d7bb0\">\n<div class=\"fl-col-content fl-node-content\">\n<div class=\"fl-module fl-module-rich-text fl-node-5e7c189a1b9d5\" data-node=\"5e7c189a1b9d5\" data-animation-delay=\"0.0\">\n<div class=\"fl-module-content fl-node-content\">\n<div class=\"fl-rich-text\">\n<p><img decoding=\"async\" class=\"alignnone size-full wp-image-1197\" src=\"https:\/\/www.cyfastener.com\/uploads\/994125591.jpg\" alt=\"pc05\" \/><\/p>\n<\/div>\n<\/div>\n<\/div>\n<\/div>\n<\/div>\n<div class=\"fl-col fl-node-5e7c1894dbcb8 fl-col-small\" data-node=\"5e7c1894dbcb8\">\n<div class=\"fl-col-content fl-node-content\">\n<div class=\"fl-module fl-module-rich-text fl-node-5e7c189c60d67\" data-node=\"5e7c189c60d67\" data-animation-delay=\"0.0\">\n<div class=\"fl-module-content fl-node-content\">\n<div class=\"fl-rich-text\">\n<p><img decoding=\"async\" class=\"alignnone size-full wp-image-1197\" src=\"https:\/\/www.cyfastener.com\/uploads\/fd931649.png\" alt=\"pc05\" \/><\/p>\n<\/div>\n<\/div>\n<\/div>\n<\/div>\n<\/div>\n<\/div>\n<\/div>\n<\/div>\n<\/div>\n<\/div>\n<\/div>\n<\/div>\n<div class=\"fl-row fl-row-full-width fl-row-bg-none fl-node-5e7c16f70c56b\" data-node=\"5e7c16f70c56b\">\n<div class=\"fl-row-content-wrap\">\n<div class=\"fl-row-content fl-row-full-width fl-node-content\">\n<div class=\"fl-col-group fl-node-5e7c16f70c5bd\" data-node=\"5e7c16f70c5bd\">\n<div class=\"fl-col fl-node-5e7c16f70c608\" data-node=\"5e7c16f70c608\">\n<div class=\"fl-col-content fl-node-content\">\n<div class=\"fl-module fl-module-rich-text fl-node-5e7c16f70c653\" data-node=\"5e7c16f70c653\" data-animation-delay=\"0.0\">\n<div class=\"fl-module-content fl-node-content\">\n<div class=\"fl-rich-text\">\n<p><strong>Produktvorteile:<\/strong><\/p>\n<\/div>\n<\/div>\n<\/div>\n<\/div>\n<\/div>\n<\/div>\n<\/div>\n<\/div>\n<\/div>\n<div class=\"fl-row fl-row-full-width fl-row-bg-none fl-node-5e7c16f70d57f\" data-node=\"5e7c16f70d57f\">\n<div class=\"fl-row-content-wrap\">\n<div class=\"fl-row-content fl-row-full-width fl-node-content\">\n<div class=\"fl-col-group fl-node-5e7c16f70d5c5\" data-node=\"5e7c16f70d5c5\">\n<div class=\"fl-col fl-node-5e7c16f70d60c\" data-node=\"5e7c16f70d60c\">\n<div class=\"fl-col-content fl-node-content\">\n<div class=\"fl-module fl-module-rich-text fl-node-5e7c16f70ba35\" data-node=\"5e7c16f70ba35\" data-animation-delay=\"0.0\">\n<div class=\"fl-module-content fl-node-content\">\n<div class=\"fl-rich-text\">\n<ol>\n<li><strong>Feinmechanische Bearbeitung<\/strong><\/li>\n<\/ol>\n<p align=\"justify\">\u2606 Messen und Bearbeiten mit Pr\u00e4zisionswerkzeugmaschinen und Messwerkzeugen unter streng kontrollierten Umweltbedingungen.<\/p>\n<ol>\n<li><strong>Hochwertiger Kohlenstoffstahl<\/strong><\/li>\n<\/ol>\n<p align=\"justify\">\u2606 Mit langer Lebensdauer, geringer W\u00e4rmeentwicklung, hoher H\u00e4rte, hoher Steifigkeit, geringem L\u00e4rm, hoher Verschlei\u00dffestigkeit und anderen Eigenschaften.<\/p>\n<ol>\n<li><strong>Kosteng\u00fcnstig<\/strong><\/li>\n<\/ol>\n<p align=\"justify\">\u2606 Die Verwendung von hochwertigem Kohlenstoffstahl, nach der Pr\u00e4zisionsverarbeitung und Formgebung, verbessert die Benutzererfahrung erheblich.<\/p>\n<\/div>\n<\/div>\n<\/div>\n<\/div>\n<\/div>\n<\/div>\n<\/div>\n<\/div>\n<\/div>\n<div class=\"fl-row fl-row-full-width fl-row-bg-none fl-node-5e7c16f70c6f3\" data-node=\"5e7c16f70c6f3\">\n<div class=\"fl-row-content-wrap\">\n<div class=\"fl-row-content fl-row-full-width fl-node-content\">\n<div class=\"fl-col-group fl-node-5e7c16f70c789\" data-node=\"5e7c16f70c789\">\n<div class=\"fl-col fl-node-5e7c16f70c7db\" data-node=\"5e7c16f70c7db\">\n<div class=\"fl-col-content fl-node-content\">\n<div class=\"fl-module fl-module-rich-text fl-node-5e7c16f70c82a\" data-node=\"5e7c16f70c82a\" data-animation-delay=\"0.0\">\n<div class=\"fl-module-content fl-node-content\">\n<div class=\"fl-rich-text\">\n<p><strong>Parameter des Produkts:<\/strong><\/p>\n<\/div>\n<\/div>\n<\/div>\n<\/div>\n<\/div>\n<\/div>\n<\/div>\n<\/div>\n<\/div>\n<div class=\"fl-row fl-row-full-width fl-row-bg-none fl-node-5e7c16f70d49f\" data-node=\"5e7c16f70d49f\">\n<div class=\"fl-row-content-wrap\">\n<div class=\"fl-row-content fl-row-full-width fl-node-content\">\n<div class=\"fl-col-group fl-node-5e7c16f70d4ec\" data-node=\"5e7c16f70d4ec\">\n<div class=\"fl-col fl-node-5e7c16f70d532\" data-node=\"5e7c16f70d532\">\n<div class=\"fl-col-content fl-node-content\">\n<div class=\"fl-module fl-module-rich-text fl-node-5e7c16f70baba\" data-node=\"5e7c16f70baba\" data-animation-delay=\"0.0\">\n<div class=\"fl-module-content fl-node-content\">\n<div class=\"fl-rich-text\">\n<p align=\"center\"><img decoding=\"async\" class=\"alignnone size-full wp-image-1203\" src=\"https:\/\/www.cyfastener.com\/uploads\/84020075.png\" alt=\"xq01\" \/><\/p>\n<\/div>\n<\/div>\n<\/div>\n<\/div>\n<\/div>\n<\/div>\n<\/div>\n<\/div>\n<\/div>\n<div class=\"fl-row fl-row-full-width fl-row-bg-none fl-node-5e7c16f70c84f\" data-node=\"5e7c16f70c84f\">\n<div class=\"fl-row-content-wrap\">\n<div class=\"fl-row-content fl-row-full-width fl-node-content\">\n<div class=\"fl-col-group fl-node-5e7c16f70c89a\" data-node=\"5e7c16f70c89a\">\n<div class=\"fl-col fl-node-5e7c16f70c8e6\" data-node=\"5e7c16f70c8e6\">\n<div class=\"fl-col-content fl-node-content\">\n<div class=\"fl-module fl-module-rich-text fl-node-5e7c16f70c934\" data-node=\"5e7c16f70c934\" data-animation-delay=\"0.0\">\n<div class=\"fl-module-content fl-node-content\">\n<div class=\"fl-rich-text\">\n<p><strong>UNSER PAKET:<\/strong><\/p>\n<\/div>\n<\/div>\n<\/div>\n<\/div>\n<\/div>\n<\/div>\n<div class=\"fl-col-group fl-node-5e7c16f70d2b7\" data-node=\"5e7c16f70d2b7\">\n<div class=\"fl-col fl-node-5e7c16f70d2fc fl-col-has-cols\" data-node=\"5e7c16f70d2fc\">\n<div class=\"fl-col-content fl-node-content\">\n<div class=\"fl-module fl-module-rich-text fl-node-5e7c16f70bb44\" data-node=\"5e7c16f70bb44\" data-animation-delay=\"0.0\">\n<div class=\"fl-module-content fl-node-content\">\n<div class=\"fl-rich-text\">\n<p align=\"justify\">1. 25-kg-S\u00e4cke oder 50-kg-S\u00e4cke.<br \/>\n2. S\u00e4cke mit Palette.<br \/>\n3. 25-kg-Kartons oder Kartons mit Palette.<br \/>\n4. Verpackung nach Kundenwunsch<\/p>\n<\/div>\n<\/div>\n<\/div>\n<\/div>\n<\/div>\n<\/div>\n<\/div>\n<\/div>\n<\/div>","protected":false},"excerpt":{"rendered":"<p>Min.Bestellmenge:1000PCS<\/p>\n<p>VERPACKUNG: BEUTEL\/KARTON MIT PALETTE<\/p>\n<p>HAFEN:TIANJIN\/QINGDAO\/SHANGHAI\/NINGBO<\/p>\n<p>LIEFERUNG:5-30 TAGE JE NACH MENGE<\/p>\n<p>BEZAHLUNG:T\/T\/LC<\/p>\n<p>Lieferf\u00e4higkeit:500 TONNEN PRO MONAT<\/p>\n<p>&nbsp;<\/p>\n<ul>\n<li><em>FOB-Preis:<\/em>US $0.5 - 9,999 \/ St\u00fcck<\/li>\n<li><em>Mindestbestellmenge:<\/em>100 St\u00fcck\/St\u00fcck<\/li>\n<li><em>Lieferf\u00e4higkeit:<\/em>10000 St\u00fcck\/St\u00fcck pro Monat<\/li>\n<\/ul>","protected":false},"featured_media":2944,"template":"","meta":{"_kad_post_transparent":"default","_kad_post_title":"","_kad_post_layout":"default","_kad_post_sidebar_id":"","_kad_post_content_style":"default","_kad_post_vertical_padding":"default","_kad_post_feature":"","_kad_post_feature_position":"","_kad_post_header":false,"_kad_post_footer":false},"product_brand":[],"product_cat":[33,78],"product_tag":[],"class_list":{"0":"post-2940","1":"product","2":"type-product","3":"status-publish","4":"has-post-thumbnail","6":"product_cat-anchor-bolt","7":"product_cat-drop-in-anchor","9":"first","10":"instock","11":"shipping-taxable","12":"product-type-simple","13":"entry","14":"content-bg","15":"loop-entry"},"yoast_head":"<!-- This site is optimized with the Yoast SEO plugin v27.4 - https:\/\/yoast.com\/product\/yoast-seo-wordpress\/ -->\n<title>Zinc Expansion Screw Fasteners Drop In Anchor - Quantong Fastener<\/title>\n<meta name=\"robots\" content=\"index, follow, max-snippet:-1, max-image-preview:large, max-video-preview:-1\" \/>\n<link rel=\"canonical\" href=\"https:\/\/quantongfastener.com\/de\/produkt\/zinc-expansion-screw-fasteners-drop-in-anchor\/\" \/>\n<meta property=\"og:locale\" content=\"de_DE\" \/>\n<meta property=\"og:type\" content=\"article\" \/>\n<meta property=\"og:title\" content=\"Zinc Expansion Screw Fasteners Drop In Anchor - Quantong Fastener\" \/>\n<meta property=\"og:description\" content=\"Min.Order Quantity:1000PCS  PACKAGING:BAG\/BOX WITH PALLET  PORT:TIANJIN\/QINGDAO\/SHANGHAI\/NINGBO  DELIVERY:5-30DAYS ON QTY  PAYMENT:T\/T\/LC  Supply Ability:500 TON PER MONTH  &nbsp;   FOB Price:US $0.5 - 9,999 \/ Piece  Min.Order Quantity:100 Piece\/Pieces  Supply Ability:10000 Piece\/Pieces per Month\" \/>\n<meta property=\"og:url\" content=\"https:\/\/quantongfastener.com\/de\/produkt\/zinc-expansion-screw-fasteners-drop-in-anchor\/\" \/>\n<meta property=\"og:site_name\" content=\"Quantong Fastener\" \/>\n<meta property=\"article:modified_time\" content=\"2025-08-31T04:29:47+00:00\" \/>\n<meta property=\"og:image\" content=\"https:\/\/quantongfastener.com\/wp-content\/uploads\/2025\/08\/Zinc-Expansion-Screw-Fasteners-Drop-In-Anchor-4.jpg\" \/>\n\t<meta property=\"og:image:width\" content=\"610\" \/>\n\t<meta property=\"og:image:height\" content=\"610\" \/>\n\t<meta property=\"og:image:type\" content=\"image\/jpeg\" \/>\n<meta name=\"twitter:card\" content=\"summary_large_image\" \/>\n<meta name=\"twitter:label1\" content=\"Gesch\u00e4tzte Lesezeit\" \/>\n\t<meta name=\"twitter:data1\" content=\"3\u00a0Minuten\" \/>\n<script type=\"application\/ld+json\" class=\"yoast-schema-graph\">{\"@context\":\"https:\\\/\\\/schema.org\",\"@graph\":[{\"@type\":\"WebPage\",\"@id\":\"https:\\\/\\\/quantongfastener.com\\\/product\\\/zinc-expansion-screw-fasteners-drop-in-anchor\\\/\",\"url\":\"https:\\\/\\\/quantongfastener.com\\\/product\\\/zinc-expansion-screw-fasteners-drop-in-anchor\\\/\",\"name\":\"Zinc Expansion Screw Fasteners Drop In Anchor - Quantong Fastener\",\"isPartOf\":{\"@id\":\"https:\\\/\\\/quantongfastener.com\\\/#website\"},\"primaryImageOfPage\":{\"@id\":\"https:\\\/\\\/quantongfastener.com\\\/product\\\/zinc-expansion-screw-fasteners-drop-in-anchor\\\/#primaryimage\"},\"image\":{\"@id\":\"https:\\\/\\\/quantongfastener.com\\\/product\\\/zinc-expansion-screw-fasteners-drop-in-anchor\\\/#primaryimage\"},\"thumbnailUrl\":\"https:\\\/\\\/quantongfastener.com\\\/wp-content\\\/uploads\\\/2025\\\/08\\\/Zinc-Expansion-Screw-Fasteners-Drop-In-Anchor-4.jpg\",\"datePublished\":\"2025-08-10T15:30:00+00:00\",\"dateModified\":\"2025-08-31T04:29:47+00:00\",\"breadcrumb\":{\"@id\":\"https:\\\/\\\/quantongfastener.com\\\/product\\\/zinc-expansion-screw-fasteners-drop-in-anchor\\\/#breadcrumb\"},\"inLanguage\":\"de\",\"potentialAction\":[{\"@type\":\"ReadAction\",\"target\":[\"https:\\\/\\\/quantongfastener.com\\\/product\\\/zinc-expansion-screw-fasteners-drop-in-anchor\\\/\"]}]},{\"@type\":\"ImageObject\",\"inLanguage\":\"de\",\"@id\":\"https:\\\/\\\/quantongfastener.com\\\/product\\\/zinc-expansion-screw-fasteners-drop-in-anchor\\\/#primaryimage\",\"url\":\"https:\\\/\\\/quantongfastener.com\\\/wp-content\\\/uploads\\\/2025\\\/08\\\/Zinc-Expansion-Screw-Fasteners-Drop-In-Anchor-4.jpg\",\"contentUrl\":\"https:\\\/\\\/quantongfastener.com\\\/wp-content\\\/uploads\\\/2025\\\/08\\\/Zinc-Expansion-Screw-Fasteners-Drop-In-Anchor-4.jpg\",\"width\":610,\"height\":610},{\"@type\":\"BreadcrumbList\",\"@id\":\"https:\\\/\\\/quantongfastener.com\\\/product\\\/zinc-expansion-screw-fasteners-drop-in-anchor\\\/#breadcrumb\",\"itemListElement\":[{\"@type\":\"ListItem\",\"position\":1,\"name\":\"Home\",\"item\":\"https:\\\/\\\/quantongfastener.com\\\/\"},{\"@type\":\"ListItem\",\"position\":2,\"name\":\"Products\",\"item\":\"https:\\\/\\\/quantongfastener.com\\\/products\\\/\"},{\"@type\":\"ListItem\",\"position\":3,\"name\":\"Zinc Expansion Screw Fasteners Drop In Anchor\"}]},{\"@type\":\"WebSite\",\"@id\":\"https:\\\/\\\/quantongfastener.com\\\/#website\",\"url\":\"https:\\\/\\\/quantongfastener.com\\\/\",\"name\":\"Quantong Fastener\",\"description\":\"\",\"publisher\":{\"@id\":\"https:\\\/\\\/quantongfastener.com\\\/#organization\"},\"potentialAction\":[{\"@type\":\"SearchAction\",\"target\":{\"@type\":\"EntryPoint\",\"urlTemplate\":\"https:\\\/\\\/quantongfastener.com\\\/?s={search_term_string}\"},\"query-input\":{\"@type\":\"PropertyValueSpecification\",\"valueRequired\":true,\"valueName\":\"search_term_string\"}}],\"inLanguage\":\"de\"},{\"@type\":\"Organization\",\"@id\":\"https:\\\/\\\/quantongfastener.com\\\/#organization\",\"name\":\"Quantong Fastener\",\"url\":\"https:\\\/\\\/quantongfastener.com\\\/\",\"logo\":{\"@type\":\"ImageObject\",\"inLanguage\":\"de\",\"@id\":\"https:\\\/\\\/quantongfastener.com\\\/#\\\/schema\\\/logo\\\/image\\\/\",\"url\":\"https:\\\/\\\/quantongfastener.com\\\/wp-content\\\/uploads\\\/2025\\\/07\\\/logo.jpg\",\"contentUrl\":\"https:\\\/\\\/quantongfastener.com\\\/wp-content\\\/uploads\\\/2025\\\/07\\\/logo.jpg\",\"width\":425,\"height\":424,\"caption\":\"Quantong Fastener\"},\"image\":{\"@id\":\"https:\\\/\\\/quantongfastener.com\\\/#\\\/schema\\\/logo\\\/image\\\/\"}}]}<\/script>\n<!-- \/ Yoast SEO plugin. -->","yoast_head_json":{"title":"Zinc Expansion Screw Fasteners Drop In Anchor - Quantong Fastener","robots":{"index":"index","follow":"follow","max-snippet":"max-snippet:-1","max-image-preview":"max-image-preview:large","max-video-preview":"max-video-preview:-1"},"canonical":"https:\/\/quantongfastener.com\/de\/produkt\/zinc-expansion-screw-fasteners-drop-in-anchor\/","og_locale":"de_DE","og_type":"article","og_title":"Zinc Expansion Screw Fasteners Drop In Anchor - Quantong Fastener","og_description":"Min.Order Quantity:1000PCS  PACKAGING:BAG\/BOX WITH PALLET  PORT:TIANJIN\/QINGDAO\/SHANGHAI\/NINGBO  DELIVERY:5-30DAYS ON QTY  PAYMENT:T\/T\/LC  Supply Ability:500 TON PER MONTH  &nbsp;   FOB Price:US $0.5 - 9,999 \/ Piece  Min.Order Quantity:100 Piece\/Pieces  Supply Ability:10000 Piece\/Pieces per Month","og_url":"https:\/\/quantongfastener.com\/de\/produkt\/zinc-expansion-screw-fasteners-drop-in-anchor\/","og_site_name":"Quantong Fastener","article_modified_time":"2025-08-31T04:29:47+00:00","og_image":[{"width":610,"height":610,"url":"https:\/\/quantongfastener.com\/wp-content\/uploads\/2025\/08\/Zinc-Expansion-Screw-Fasteners-Drop-In-Anchor-4.jpg","type":"image\/jpeg"}],"twitter_card":"summary_large_image","twitter_misc":{"Gesch\u00e4tzte Lesezeit":"3\u00a0Minuten"},"schema":{"@context":"https:\/\/schema.org","@graph":[{"@type":"WebPage","@id":"https:\/\/quantongfastener.com\/product\/zinc-expansion-screw-fasteners-drop-in-anchor\/","url":"https:\/\/quantongfastener.com\/product\/zinc-expansion-screw-fasteners-drop-in-anchor\/","name":"Zinc Expansion Screw Fasteners Drop In Anchor - Quantong Fastener","isPartOf":{"@id":"https:\/\/quantongfastener.com\/#website"},"primaryImageOfPage":{"@id":"https:\/\/quantongfastener.com\/product\/zinc-expansion-screw-fasteners-drop-in-anchor\/#primaryimage"},"image":{"@id":"https:\/\/quantongfastener.com\/product\/zinc-expansion-screw-fasteners-drop-in-anchor\/#primaryimage"},"thumbnailUrl":"https:\/\/quantongfastener.com\/wp-content\/uploads\/2025\/08\/Zinc-Expansion-Screw-Fasteners-Drop-In-Anchor-4.jpg","datePublished":"2025-08-10T15:30:00+00:00","dateModified":"2025-08-31T04:29:47+00:00","breadcrumb":{"@id":"https:\/\/quantongfastener.com\/product\/zinc-expansion-screw-fasteners-drop-in-anchor\/#breadcrumb"},"inLanguage":"de","potentialAction":[{"@type":"ReadAction","target":["https:\/\/quantongfastener.com\/product\/zinc-expansion-screw-fasteners-drop-in-anchor\/"]}]},{"@type":"ImageObject","inLanguage":"de","@id":"https:\/\/quantongfastener.com\/product\/zinc-expansion-screw-fasteners-drop-in-anchor\/#primaryimage","url":"https:\/\/quantongfastener.com\/wp-content\/uploads\/2025\/08\/Zinc-Expansion-Screw-Fasteners-Drop-In-Anchor-4.jpg","contentUrl":"https:\/\/quantongfastener.com\/wp-content\/uploads\/2025\/08\/Zinc-Expansion-Screw-Fasteners-Drop-In-Anchor-4.jpg","width":610,"height":610},{"@type":"BreadcrumbList","@id":"https:\/\/quantongfastener.com\/product\/zinc-expansion-screw-fasteners-drop-in-anchor\/#breadcrumb","itemListElement":[{"@type":"ListItem","position":1,"name":"Home","item":"https:\/\/quantongfastener.com\/"},{"@type":"ListItem","position":2,"name":"Products","item":"https:\/\/quantongfastener.com\/products\/"},{"@type":"ListItem","position":3,"name":"Zinc Expansion Screw Fasteners Drop In Anchor"}]},{"@type":"WebSite","@id":"https:\/\/quantongfastener.com\/#website","url":"https:\/\/quantongfastener.com\/","name":"Quantong-Verschluss","description":"","publisher":{"@id":"https:\/\/quantongfastener.com\/#organization"},"potentialAction":[{"@type":"SearchAction","target":{"@type":"EntryPoint","urlTemplate":"https:\/\/quantongfastener.com\/?s={search_term_string}"},"query-input":{"@type":"PropertyValueSpecification","valueRequired":true,"valueName":"search_term_string"}}],"inLanguage":"de"},{"@type":"Organization","@id":"https:\/\/quantongfastener.com\/#organization","name":"Quantong-Verschluss","url":"https:\/\/quantongfastener.com\/","logo":{"@type":"ImageObject","inLanguage":"de","@id":"https:\/\/quantongfastener.com\/#\/schema\/logo\/image\/","url":"https:\/\/quantongfastener.com\/wp-content\/uploads\/2025\/07\/logo.jpg","contentUrl":"https:\/\/quantongfastener.com\/wp-content\/uploads\/2025\/07\/logo.jpg","width":425,"height":424,"caption":"Quantong Fastener"},"image":{"@id":"https:\/\/quantongfastener.com\/#\/schema\/logo\/image\/"}}]}},"_links":{"self":[{"href":"https:\/\/quantongfastener.com\/de\/wp-json\/wp\/v2\/product\/2940","targetHints":{"allow":["GET"]}}],"collection":[{"href":"https:\/\/quantongfastener.com\/de\/wp-json\/wp\/v2\/product"}],"about":[{"href":"https:\/\/quantongfastener.com\/de\/wp-json\/wp\/v2\/types\/product"}],"wp:featuredmedia":[{"embeddable":true,"href":"https:\/\/quantongfastener.com\/de\/wp-json\/wp\/v2\/media\/2944"}],"wp:attachment":[{"href":"https:\/\/quantongfastener.com\/de\/wp-json\/wp\/v2\/media?parent=2940"}],"wp:term":[{"taxonomy":"product_brand","embeddable":true,"href":"https:\/\/quantongfastener.com\/de\/wp-json\/wp\/v2\/product_brand?post=2940"},{"taxonomy":"product_cat","embeddable":true,"href":"https:\/\/quantongfastener.com\/de\/wp-json\/wp\/v2\/product_cat?post=2940"},{"taxonomy":"product_tag","embeddable":true,"href":"https:\/\/quantongfastener.com\/de\/wp-json\/wp\/v2\/product_tag?post=2940"}],"curies":[{"name":"wp","href":"https:\/\/api.w.org\/{rel}","templated":true}]}}