{"id":2899,"date":"2025-08-10T15:18:59","date_gmt":"2025-08-10T15:18:59","guid":{"rendered":"https:\/\/quantongfastener.com\/?post_type=product&#038;p=2899"},"modified":"2025-08-31T04:28:48","modified_gmt":"2025-08-31T04:28:48","slug":"ceiling-anchor-expansion-clip-suspended-ceiling-concrete-hammer-drive-anchor","status":"publish","type":"product","link":"https:\/\/quantongfastener.com\/de\/produkt\/ceiling-anchor-expansion-clip-suspended-ceiling-concrete-hammer-drive-anchor\/","title":{"rendered":"Deckenanker\/Spannclip Abgeh\u00e4ngte Decke Beton\/HAMMER DRIVE ANCHOR"},"content":{"rendered":"<table border=\"1\" cellspacing=\"0\" cellpadding=\"0\">\n<tbody>\n<tr>\n<td valign=\"top\" width=\"162\">Name des Produkts<\/td>\n<td valign=\"top\" width=\"407\">4PCS Ankerbolzen<\/td>\n<\/tr>\n<tr>\n<td valign=\"top\" width=\"162\">Gr\u00f6\u00dfe<\/td>\n<td valign=\"top\" width=\"407\">M3\/M8\/M10\/M16<\/td>\n<\/tr>\n<tr>\n<td valign=\"top\" width=\"162\">Klasse<\/td>\n<td valign=\"top\" width=\"407\">4.8\/8.8\/10.9\/12.9<\/td>\n<\/tr>\n<tr>\n<td valign=\"top\" width=\"162\">Oberfl\u00e4chenbehandlung<\/td>\n<td valign=\"top\" width=\"407\">YZP<\/td>\n<\/tr>\n<tr>\n<td valign=\"top\" width=\"162\">Standard<\/td>\n<td valign=\"top\" width=\"407\">DIN\/ISO<\/td>\n<\/tr>\n<tr>\n<td valign=\"top\" width=\"162\">Zertifikat<\/td>\n<td valign=\"top\" width=\"407\">ISO 9001<\/td>\n<\/tr>\n<tr>\n<td valign=\"top\" width=\"162\">Muster<\/td>\n<td valign=\"top\" width=\"407\">Kostenlose Proben<\/td>\n<\/tr>\n<\/tbody>\n<\/table>\n<div class=\"fl-col-group fl-node-5e47a71f98c54\" data-node=\"5e47a71f98c54\">\n<div class=\"fl-col fl-node-5e47a71f99054\" data-node=\"5e47a71f99054\">\n<div class=\"fl-col-content fl-node-content\">\n<div class=\"fl-module fl-module-rich-text fl-node-5e47a723aa8b0\" data-node=\"5e47a723aa8b0\" data-animation-delay=\"0.0\">\n<div class=\"fl-module-content fl-node-content\">\n<div class=\"fl-rich-text\">\n<p><strong>Produktvorteile:<\/strong><\/p>\n<\/div>\n<\/div>\n<\/div>\n<\/div>\n<\/div>\n<\/div>\n<div class=\"fl-col-group fl-node-5e47a7653e47a\" data-node=\"5e47a7653e47a\">\n<div class=\"fl-col fl-node-5e47a7653e8b2\" data-node=\"5e47a7653e8b2\">\n<div class=\"fl-col-content fl-node-content\">\n<div class=\"fl-module fl-module-rich-text fl-node-5e47a76a38b7f\" data-node=\"5e47a76a38b7f\" data-animation-delay=\"0.0\">\n<div class=\"fl-module-content fl-node-content\">\n<div class=\"fl-rich-text\">\n<ol>\n<li><strong>Feinmechanische Bearbeitung<\/strong><\/li>\n<\/ol>\n<p align=\"justify\">\u2606 Messen und Bearbeiten mit Pr\u00e4zisionswerkzeugmaschinen und Messwerkzeugen unter streng kontrollierten Umweltbedingungen.<\/p>\n<ol>\n<li><strong>Hochwertiger Kohlenstoffstahl (35#\/45#)<\/strong><\/li>\n<\/ol>\n<p align=\"justify\">\u2606 Mit langer Lebensdauer, geringer W\u00e4rmeentwicklung, hoher H\u00e4rte, hoher Steifigkeit, geringem L\u00e4rm, hoher Verschlei\u00dffestigkeit und anderen Eigenschaften.<\/p>\n<ol>\n<li><strong>Kosteng\u00fcnstig<\/strong><\/li>\n<\/ol>\n<p align=\"justify\">\u2606 Die Verwendung von hochwertigem Kohlenstoffstahl, nach der Pr\u00e4zisionsverarbeitung und Formgebung, verbessert die Benutzererfahrung erheblich.<\/p>\n<p align=\"justify\"><img fetchpriority=\"high\" decoding=\"async\" class=\"alignnone size-full wp-image-2908\" src=\"https:\/\/quantongfastener.com\/wp-content\/uploads\/2025\/08\/Ceiling-anchor_Expansion-Clip-Suspended-Ceiling-Concrete_HAMMER-DRIVE-ANCHOR.jpg\" alt=\"\" width=\"610\" height=\"610\" srcset=\"https:\/\/quantongfastener.com\/wp-content\/uploads\/2025\/08\/Ceiling-anchor_Expansion-Clip-Suspended-Ceiling-Concrete_HAMMER-DRIVE-ANCHOR.jpg 610w, https:\/\/quantongfastener.com\/wp-content\/uploads\/2025\/08\/Ceiling-anchor_Expansion-Clip-Suspended-Ceiling-Concrete_HAMMER-DRIVE-ANCHOR-300x300.jpg 300w, https:\/\/quantongfastener.com\/wp-content\/uploads\/2025\/08\/Ceiling-anchor_Expansion-Clip-Suspended-Ceiling-Concrete_HAMMER-DRIVE-ANCHOR-150x150.jpg 150w, https:\/\/quantongfastener.com\/wp-content\/uploads\/2025\/08\/Ceiling-anchor_Expansion-Clip-Suspended-Ceiling-Concrete_HAMMER-DRIVE-ANCHOR-12x12.jpg 12w, https:\/\/quantongfastener.com\/wp-content\/uploads\/2025\/08\/Ceiling-anchor_Expansion-Clip-Suspended-Ceiling-Concrete_HAMMER-DRIVE-ANCHOR-600x600.jpg 600w, https:\/\/quantongfastener.com\/wp-content\/uploads\/2025\/08\/Ceiling-anchor_Expansion-Clip-Suspended-Ceiling-Concrete_HAMMER-DRIVE-ANCHOR-100x100.jpg 100w\" sizes=\"(max-width: 610px) 100vw, 610px\" \/> <img decoding=\"async\" class=\"alignnone size-full wp-image-2907\" src=\"https:\/\/quantongfastener.com\/wp-content\/uploads\/2025\/08\/Ceiling-anchor_Expansion-Clip-Suspended-Ceiling-Concrete_HAMMER-DRIVE-ANCHOR-8.jpg\" alt=\"\" width=\"610\" height=\"610\" srcset=\"https:\/\/quantongfastener.com\/wp-content\/uploads\/2025\/08\/Ceiling-anchor_Expansion-Clip-Suspended-Ceiling-Concrete_HAMMER-DRIVE-ANCHOR-8.jpg 610w, https:\/\/quantongfastener.com\/wp-content\/uploads\/2025\/08\/Ceiling-anchor_Expansion-Clip-Suspended-Ceiling-Concrete_HAMMER-DRIVE-ANCHOR-8-300x300.jpg 300w, https:\/\/quantongfastener.com\/wp-content\/uploads\/2025\/08\/Ceiling-anchor_Expansion-Clip-Suspended-Ceiling-Concrete_HAMMER-DRIVE-ANCHOR-8-150x150.jpg 150w, https:\/\/quantongfastener.com\/wp-content\/uploads\/2025\/08\/Ceiling-anchor_Expansion-Clip-Suspended-Ceiling-Concrete_HAMMER-DRIVE-ANCHOR-8-12x12.jpg 12w, https:\/\/quantongfastener.com\/wp-content\/uploads\/2025\/08\/Ceiling-anchor_Expansion-Clip-Suspended-Ceiling-Concrete_HAMMER-DRIVE-ANCHOR-8-600x600.jpg 600w, https:\/\/quantongfastener.com\/wp-content\/uploads\/2025\/08\/Ceiling-anchor_Expansion-Clip-Suspended-Ceiling-Concrete_HAMMER-DRIVE-ANCHOR-8-100x100.jpg 100w\" sizes=\"(max-width: 610px) 100vw, 610px\" \/> <img decoding=\"async\" class=\"alignnone size-full wp-image-2906\" src=\"https:\/\/quantongfastener.com\/wp-content\/uploads\/2025\/08\/Ceiling-anchor_Expansion-Clip-Suspended-Ceiling-Concrete_HAMMER-DRIVE-ANCHOR-7.jpg\" alt=\"\" width=\"610\" height=\"610\" srcset=\"https:\/\/quantongfastener.com\/wp-content\/uploads\/2025\/08\/Ceiling-anchor_Expansion-Clip-Suspended-Ceiling-Concrete_HAMMER-DRIVE-ANCHOR-7.jpg 610w, https:\/\/quantongfastener.com\/wp-content\/uploads\/2025\/08\/Ceiling-anchor_Expansion-Clip-Suspended-Ceiling-Concrete_HAMMER-DRIVE-ANCHOR-7-300x300.jpg 300w, https:\/\/quantongfastener.com\/wp-content\/uploads\/2025\/08\/Ceiling-anchor_Expansion-Clip-Suspended-Ceiling-Concrete_HAMMER-DRIVE-ANCHOR-7-150x150.jpg 150w, https:\/\/quantongfastener.com\/wp-content\/uploads\/2025\/08\/Ceiling-anchor_Expansion-Clip-Suspended-Ceiling-Concrete_HAMMER-DRIVE-ANCHOR-7-12x12.jpg 12w, https:\/\/quantongfastener.com\/wp-content\/uploads\/2025\/08\/Ceiling-anchor_Expansion-Clip-Suspended-Ceiling-Concrete_HAMMER-DRIVE-ANCHOR-7-600x600.jpg 600w, https:\/\/quantongfastener.com\/wp-content\/uploads\/2025\/08\/Ceiling-anchor_Expansion-Clip-Suspended-Ceiling-Concrete_HAMMER-DRIVE-ANCHOR-7-100x100.jpg 100w\" sizes=\"(max-width: 610px) 100vw, 610px\" \/><\/p>\n<\/div>\n<\/div>\n<\/div>\n<\/div>\n<\/div>\n<\/div>","protected":false},"excerpt":{"rendered":"<p>Min.Bestellmenge:1000PCS<\/p>\n<p>VERPACKUNG: BEUTEL\/KARTON MIT PALETTE<\/p>\n<p>HAFEN:TIANJIN\/QINGDAO\/SHANGHAI\/NINGBO<\/p>\n<p>LIEFERUNG:5-30 TAGE JE NACH MENGE<\/p>\n<p>BEZAHLUNG:T\/T\/LC<\/p>\n<p>Lieferf\u00e4higkeit:500 TONNEN PRO MONAT<\/p>\n<p>&nbsp;<\/p>\n<ul>\n<li><em>FOB-Preis:<\/em>US $0.5 - 9,999 \/ St\u00fcck<\/li>\n<li><em>Mindestbestellmenge:<\/em>100 St\u00fcck\/St\u00fcck<\/li>\n<li><em>Lieferf\u00e4higkeit:<\/em>10000 St\u00fcck\/St\u00fcck pro Monat<\/li>\n<\/ul>","protected":false},"featured_media":2905,"template":"","meta":{"_kad_post_transparent":"default","_kad_post_title":"","_kad_post_layout":"default","_kad_post_sidebar_id":"","_kad_post_content_style":"default","_kad_post_vertical_padding":"default","_kad_post_feature":"","_kad_post_feature_position":"","_kad_post_header":false,"_kad_post_footer":false},"product_brand":[],"product_cat":[33,77],"product_tag":[],"class_list":{"0":"post-2899","1":"product","2":"type-product","3":"status-publish","4":"has-post-thumbnail","6":"product_cat-anchor-bolt","7":"product_cat-ceiling-anchor","9":"first","10":"instock","11":"shipping-taxable","12":"product-type-simple","13":"entry","14":"content-bg","15":"loop-entry"},"yoast_head":"<!-- This site is optimized with the Yoast SEO plugin v27.4 - https:\/\/yoast.com\/product\/yoast-seo-wordpress\/ -->\n<title>Ceiling anchor\/Expansion Clip Suspended Ceiling Concrete\/HAMMER DRIVE ANCHOR - Quantong Fastener<\/title>\n<meta name=\"robots\" content=\"index, follow, max-snippet:-1, max-image-preview:large, max-video-preview:-1\" \/>\n<link rel=\"canonical\" href=\"https:\/\/quantongfastener.com\/de\/produkt\/ceiling-anchor-expansion-clip-suspended-ceiling-concrete-hammer-drive-anchor\/\" \/>\n<meta property=\"og:locale\" content=\"de_DE\" \/>\n<meta property=\"og:type\" content=\"article\" \/>\n<meta property=\"og:title\" content=\"Ceiling anchor\/Expansion Clip Suspended Ceiling Concrete\/HAMMER DRIVE ANCHOR - Quantong Fastener\" \/>\n<meta property=\"og:description\" content=\"Min.Order Quantity:1000PCS  PACKAGING:BAG\/BOX WITH PALLET  PORT:TIANJIN\/QINGDAO\/SHANGHAI\/NINGBO  DELIVERY:5-30DAYS ON QTY  PAYMENT:T\/T\/LC  Supply Ability:500 TON PER MONTH  &nbsp;   FOB Price:US $0.5 - 9,999 \/ Piece  Min.Order Quantity:100 Piece\/Pieces  Supply Ability:10000 Piece\/Pieces per Month\" \/>\n<meta property=\"og:url\" content=\"https:\/\/quantongfastener.com\/de\/produkt\/ceiling-anchor-expansion-clip-suspended-ceiling-concrete-hammer-drive-anchor\/\" \/>\n<meta property=\"og:site_name\" content=\"Quantong Fastener\" \/>\n<meta property=\"article:modified_time\" content=\"2025-08-31T04:28:48+00:00\" \/>\n<meta property=\"og:image\" content=\"https:\/\/quantongfastener.com\/wp-content\/uploads\/2025\/08\/Ceiling-anchor_Expansion-Clip-Suspended-Ceiling-Concrete_HAMMER-DRIVE-ANCHOR-6.jpg\" \/>\n\t<meta property=\"og:image:width\" content=\"610\" \/>\n\t<meta property=\"og:image:height\" content=\"610\" \/>\n\t<meta property=\"og:image:type\" content=\"image\/jpeg\" \/>\n<meta name=\"twitter:card\" content=\"summary_large_image\" \/>\n<meta name=\"twitter:label1\" content=\"Gesch\u00e4tzte Lesezeit\" \/>\n\t<meta name=\"twitter:data1\" content=\"2\u00a0Minuten\" \/>\n<script type=\"application\/ld+json\" class=\"yoast-schema-graph\">{\"@context\":\"https:\\\/\\\/schema.org\",\"@graph\":[{\"@type\":\"WebPage\",\"@id\":\"https:\\\/\\\/quantongfastener.com\\\/product\\\/ceiling-anchor-expansion-clip-suspended-ceiling-concrete-hammer-drive-anchor\\\/\",\"url\":\"https:\\\/\\\/quantongfastener.com\\\/product\\\/ceiling-anchor-expansion-clip-suspended-ceiling-concrete-hammer-drive-anchor\\\/\",\"name\":\"Ceiling anchor\\\/Expansion Clip Suspended Ceiling Concrete\\\/HAMMER DRIVE ANCHOR - Quantong Fastener\",\"isPartOf\":{\"@id\":\"https:\\\/\\\/quantongfastener.com\\\/#website\"},\"primaryImageOfPage\":{\"@id\":\"https:\\\/\\\/quantongfastener.com\\\/product\\\/ceiling-anchor-expansion-clip-suspended-ceiling-concrete-hammer-drive-anchor\\\/#primaryimage\"},\"image\":{\"@id\":\"https:\\\/\\\/quantongfastener.com\\\/product\\\/ceiling-anchor-expansion-clip-suspended-ceiling-concrete-hammer-drive-anchor\\\/#primaryimage\"},\"thumbnailUrl\":\"https:\\\/\\\/quantongfastener.com\\\/wp-content\\\/uploads\\\/2025\\\/08\\\/Ceiling-anchor_Expansion-Clip-Suspended-Ceiling-Concrete_HAMMER-DRIVE-ANCHOR-6.jpg\",\"datePublished\":\"2025-08-10T15:18:59+00:00\",\"dateModified\":\"2025-08-31T04:28:48+00:00\",\"breadcrumb\":{\"@id\":\"https:\\\/\\\/quantongfastener.com\\\/product\\\/ceiling-anchor-expansion-clip-suspended-ceiling-concrete-hammer-drive-anchor\\\/#breadcrumb\"},\"inLanguage\":\"de\",\"potentialAction\":[{\"@type\":\"ReadAction\",\"target\":[\"https:\\\/\\\/quantongfastener.com\\\/product\\\/ceiling-anchor-expansion-clip-suspended-ceiling-concrete-hammer-drive-anchor\\\/\"]}]},{\"@type\":\"ImageObject\",\"inLanguage\":\"de\",\"@id\":\"https:\\\/\\\/quantongfastener.com\\\/product\\\/ceiling-anchor-expansion-clip-suspended-ceiling-concrete-hammer-drive-anchor\\\/#primaryimage\",\"url\":\"https:\\\/\\\/quantongfastener.com\\\/wp-content\\\/uploads\\\/2025\\\/08\\\/Ceiling-anchor_Expansion-Clip-Suspended-Ceiling-Concrete_HAMMER-DRIVE-ANCHOR-6.jpg\",\"contentUrl\":\"https:\\\/\\\/quantongfastener.com\\\/wp-content\\\/uploads\\\/2025\\\/08\\\/Ceiling-anchor_Expansion-Clip-Suspended-Ceiling-Concrete_HAMMER-DRIVE-ANCHOR-6.jpg\",\"width\":610,\"height\":610},{\"@type\":\"BreadcrumbList\",\"@id\":\"https:\\\/\\\/quantongfastener.com\\\/product\\\/ceiling-anchor-expansion-clip-suspended-ceiling-concrete-hammer-drive-anchor\\\/#breadcrumb\",\"itemListElement\":[{\"@type\":\"ListItem\",\"position\":1,\"name\":\"Home\",\"item\":\"https:\\\/\\\/quantongfastener.com\\\/\"},{\"@type\":\"ListItem\",\"position\":2,\"name\":\"Products\",\"item\":\"https:\\\/\\\/quantongfastener.com\\\/products\\\/\"},{\"@type\":\"ListItem\",\"position\":3,\"name\":\"Ceiling anchor\\\/Expansion Clip Suspended Ceiling Concrete\\\/HAMMER DRIVE ANCHOR\"}]},{\"@type\":\"WebSite\",\"@id\":\"https:\\\/\\\/quantongfastener.com\\\/#website\",\"url\":\"https:\\\/\\\/quantongfastener.com\\\/\",\"name\":\"Quantong Fastener\",\"description\":\"\",\"publisher\":{\"@id\":\"https:\\\/\\\/quantongfastener.com\\\/#organization\"},\"potentialAction\":[{\"@type\":\"SearchAction\",\"target\":{\"@type\":\"EntryPoint\",\"urlTemplate\":\"https:\\\/\\\/quantongfastener.com\\\/?s={search_term_string}\"},\"query-input\":{\"@type\":\"PropertyValueSpecification\",\"valueRequired\":true,\"valueName\":\"search_term_string\"}}],\"inLanguage\":\"de\"},{\"@type\":\"Organization\",\"@id\":\"https:\\\/\\\/quantongfastener.com\\\/#organization\",\"name\":\"Quantong Fastener\",\"url\":\"https:\\\/\\\/quantongfastener.com\\\/\",\"logo\":{\"@type\":\"ImageObject\",\"inLanguage\":\"de\",\"@id\":\"https:\\\/\\\/quantongfastener.com\\\/#\\\/schema\\\/logo\\\/image\\\/\",\"url\":\"https:\\\/\\\/quantongfastener.com\\\/wp-content\\\/uploads\\\/2025\\\/07\\\/logo.jpg\",\"contentUrl\":\"https:\\\/\\\/quantongfastener.com\\\/wp-content\\\/uploads\\\/2025\\\/07\\\/logo.jpg\",\"width\":425,\"height\":424,\"caption\":\"Quantong Fastener\"},\"image\":{\"@id\":\"https:\\\/\\\/quantongfastener.com\\\/#\\\/schema\\\/logo\\\/image\\\/\"}}]}<\/script>\n<!-- \/ Yoast SEO plugin. -->","yoast_head_json":{"title":"Ceiling anchor\/Expansion Clip Suspended Ceiling Concrete\/HAMMER DRIVE ANCHOR - Quantong Fastener","robots":{"index":"index","follow":"follow","max-snippet":"max-snippet:-1","max-image-preview":"max-image-preview:large","max-video-preview":"max-video-preview:-1"},"canonical":"https:\/\/quantongfastener.com\/de\/produkt\/ceiling-anchor-expansion-clip-suspended-ceiling-concrete-hammer-drive-anchor\/","og_locale":"de_DE","og_type":"article","og_title":"Ceiling anchor\/Expansion Clip Suspended Ceiling Concrete\/HAMMER DRIVE ANCHOR - Quantong Fastener","og_description":"Min.Order Quantity:1000PCS  PACKAGING:BAG\/BOX WITH PALLET  PORT:TIANJIN\/QINGDAO\/SHANGHAI\/NINGBO  DELIVERY:5-30DAYS ON QTY  PAYMENT:T\/T\/LC  Supply Ability:500 TON PER MONTH  &nbsp;   FOB Price:US $0.5 - 9,999 \/ Piece  Min.Order Quantity:100 Piece\/Pieces  Supply Ability:10000 Piece\/Pieces per Month","og_url":"https:\/\/quantongfastener.com\/de\/produkt\/ceiling-anchor-expansion-clip-suspended-ceiling-concrete-hammer-drive-anchor\/","og_site_name":"Quantong Fastener","article_modified_time":"2025-08-31T04:28:48+00:00","og_image":[{"width":610,"height":610,"url":"https:\/\/quantongfastener.com\/wp-content\/uploads\/2025\/08\/Ceiling-anchor_Expansion-Clip-Suspended-Ceiling-Concrete_HAMMER-DRIVE-ANCHOR-6.jpg","type":"image\/jpeg"}],"twitter_card":"summary_large_image","twitter_misc":{"Gesch\u00e4tzte Lesezeit":"2\u00a0Minuten"},"schema":{"@context":"https:\/\/schema.org","@graph":[{"@type":"WebPage","@id":"https:\/\/quantongfastener.com\/product\/ceiling-anchor-expansion-clip-suspended-ceiling-concrete-hammer-drive-anchor\/","url":"https:\/\/quantongfastener.com\/product\/ceiling-anchor-expansion-clip-suspended-ceiling-concrete-hammer-drive-anchor\/","name":"Ceiling anchor\/Expansion Clip Suspended Ceiling Concrete\/HAMMER DRIVE ANCHOR - Quantong Fastener","isPartOf":{"@id":"https:\/\/quantongfastener.com\/#website"},"primaryImageOfPage":{"@id":"https:\/\/quantongfastener.com\/product\/ceiling-anchor-expansion-clip-suspended-ceiling-concrete-hammer-drive-anchor\/#primaryimage"},"image":{"@id":"https:\/\/quantongfastener.com\/product\/ceiling-anchor-expansion-clip-suspended-ceiling-concrete-hammer-drive-anchor\/#primaryimage"},"thumbnailUrl":"https:\/\/quantongfastener.com\/wp-content\/uploads\/2025\/08\/Ceiling-anchor_Expansion-Clip-Suspended-Ceiling-Concrete_HAMMER-DRIVE-ANCHOR-6.jpg","datePublished":"2025-08-10T15:18:59+00:00","dateModified":"2025-08-31T04:28:48+00:00","breadcrumb":{"@id":"https:\/\/quantongfastener.com\/product\/ceiling-anchor-expansion-clip-suspended-ceiling-concrete-hammer-drive-anchor\/#breadcrumb"},"inLanguage":"de","potentialAction":[{"@type":"ReadAction","target":["https:\/\/quantongfastener.com\/product\/ceiling-anchor-expansion-clip-suspended-ceiling-concrete-hammer-drive-anchor\/"]}]},{"@type":"ImageObject","inLanguage":"de","@id":"https:\/\/quantongfastener.com\/product\/ceiling-anchor-expansion-clip-suspended-ceiling-concrete-hammer-drive-anchor\/#primaryimage","url":"https:\/\/quantongfastener.com\/wp-content\/uploads\/2025\/08\/Ceiling-anchor_Expansion-Clip-Suspended-Ceiling-Concrete_HAMMER-DRIVE-ANCHOR-6.jpg","contentUrl":"https:\/\/quantongfastener.com\/wp-content\/uploads\/2025\/08\/Ceiling-anchor_Expansion-Clip-Suspended-Ceiling-Concrete_HAMMER-DRIVE-ANCHOR-6.jpg","width":610,"height":610},{"@type":"BreadcrumbList","@id":"https:\/\/quantongfastener.com\/product\/ceiling-anchor-expansion-clip-suspended-ceiling-concrete-hammer-drive-anchor\/#breadcrumb","itemListElement":[{"@type":"ListItem","position":1,"name":"Home","item":"https:\/\/quantongfastener.com\/"},{"@type":"ListItem","position":2,"name":"Products","item":"https:\/\/quantongfastener.com\/products\/"},{"@type":"ListItem","position":3,"name":"Ceiling anchor\/Expansion Clip Suspended Ceiling Concrete\/HAMMER DRIVE ANCHOR"}]},{"@type":"WebSite","@id":"https:\/\/quantongfastener.com\/#website","url":"https:\/\/quantongfastener.com\/","name":"Quantong-Verschluss","description":"","publisher":{"@id":"https:\/\/quantongfastener.com\/#organization"},"potentialAction":[{"@type":"SearchAction","target":{"@type":"EntryPoint","urlTemplate":"https:\/\/quantongfastener.com\/?s={search_term_string}"},"query-input":{"@type":"PropertyValueSpecification","valueRequired":true,"valueName":"search_term_string"}}],"inLanguage":"de"},{"@type":"Organization","@id":"https:\/\/quantongfastener.com\/#organization","name":"Quantong-Verschluss","url":"https:\/\/quantongfastener.com\/","logo":{"@type":"ImageObject","inLanguage":"de","@id":"https:\/\/quantongfastener.com\/#\/schema\/logo\/image\/","url":"https:\/\/quantongfastener.com\/wp-content\/uploads\/2025\/07\/logo.jpg","contentUrl":"https:\/\/quantongfastener.com\/wp-content\/uploads\/2025\/07\/logo.jpg","width":425,"height":424,"caption":"Quantong Fastener"},"image":{"@id":"https:\/\/quantongfastener.com\/#\/schema\/logo\/image\/"}}]}},"_links":{"self":[{"href":"https:\/\/quantongfastener.com\/de\/wp-json\/wp\/v2\/product\/2899","targetHints":{"allow":["GET"]}}],"collection":[{"href":"https:\/\/quantongfastener.com\/de\/wp-json\/wp\/v2\/product"}],"about":[{"href":"https:\/\/quantongfastener.com\/de\/wp-json\/wp\/v2\/types\/product"}],"wp:featuredmedia":[{"embeddable":true,"href":"https:\/\/quantongfastener.com\/de\/wp-json\/wp\/v2\/media\/2905"}],"wp:attachment":[{"href":"https:\/\/quantongfastener.com\/de\/wp-json\/wp\/v2\/media?parent=2899"}],"wp:term":[{"taxonomy":"product_brand","embeddable":true,"href":"https:\/\/quantongfastener.com\/de\/wp-json\/wp\/v2\/product_brand?post=2899"},{"taxonomy":"product_cat","embeddable":true,"href":"https:\/\/quantongfastener.com\/de\/wp-json\/wp\/v2\/product_cat?post=2899"},{"taxonomy":"product_tag","embeddable":true,"href":"https:\/\/quantongfastener.com\/de\/wp-json\/wp\/v2\/product_tag?post=2899"}],"curies":[{"name":"wp","href":"https:\/\/api.w.org\/{rel}","templated":true}]}}