{"id":2854,"date":"2025-08-10T15:01:17","date_gmt":"2025-08-10T15:01:17","guid":{"rendered":"https:\/\/quantongfastener.com\/?post_type=product&#038;p=2854"},"modified":"2025-08-10T15:01:17","modified_gmt":"2025-08-10T15:01:17","slug":"chemical-anchor-bolt-with-nut-and-washer","status":"publish","type":"product","link":"https:\/\/quantongfastener.com\/de\/produkt\/chemical-anchor-bolt-with-nut-and-washer\/","title":{"rendered":"Chemische Ankerschraube mit Mutter und Unterlegscheibe"},"content":{"rendered":"<p><strong>Produktvorteile:<\/strong><\/p>\n<ol>\n<li><strong>Feinmechanische Bearbeitung<\/strong><\/li>\n<\/ol>\n<p align=\"justify\">\u2606 Messen und Bearbeiten mit Pr\u00e4zisionswerkzeugmaschinen und Messwerkzeugen unter streng kontrollierten Umweltbedingungen.<\/p>\n<p align=\"justify\"><strong>\u00a0\u00a0<\/strong>\u00a0 \u00a0 \u00a0 2.<strong>Hochwertiges Metallmaterial<\/strong><\/p>\n<p align=\"justify\">\u2606 Mit langer Lebensdauer, geringer W\u00e4rmeentwicklung, hoher H\u00e4rte, hoher Steifigkeit, geringem L\u00e4rm, hoher Verschlei\u00dffestigkeit und anderen Eigenschaften.<\/p>\n<p align=\"justify\"><strong>\u00a0 \u00a0 \u00a0 \u00a0\u00a0<\/strong>3.<strong>\u00a0Kosteng\u00fcnstig<\/strong><\/p>\n<p align=\"justify\">\u2606 Die Verwendung von hochwertigem Metallmaterial, nach der Pr\u00e4zisionsverarbeitung und Formgebung, verbessert die Benutzererfahrung erheblich.<\/p>\n<p><strong>Parameter des Produkts:<\/strong><\/p>\n<p><a href=\"https:\/\/www.cyfastener.com\/uploads\/278_zh.png\"><img decoding=\"async\" class=\"alignnone size-full wp-image-6951\" src=\"https:\/\/www.cyfastener.com\/uploads\/278_zh.png\" alt=\"278_zh\" \/><\/a><\/p>\n<div class=\"table_wrap\">\n<table border=\"0\" cellspacing=\"0\" cellpadding=\"0\">\n<colgroup>\n<col span=\"12\" width=\"64\" \/><\/colgroup>\n<tbody>\n<tr>\n<td colspan=\"2\" width=\"128\" height=\"19\">Gewindegr\u00f6\u00dfe<\/td>\n<td rowspan=\"2\" width=\"64\"><a>M12<\/a><\/td>\n<td rowspan=\"2\" width=\"64\"><a>M16<\/a><\/td>\n<td rowspan=\"2\" width=\"64\"><a>M20<\/a><\/td>\n<td rowspan=\"2\" width=\"64\"><a>M24<\/a><\/td>\n<td rowspan=\"2\" width=\"64\"><a>M30<\/a><\/td>\n<td rowspan=\"2\" width=\"64\"><a>M36<\/a><\/td>\n<td rowspan=\"2\" width=\"64\"><a>M42<\/a><\/td>\n<td rowspan=\"2\" width=\"64\"><a>M48<\/a><\/td>\n<td rowspan=\"2\" width=\"64\"><a>M56<\/a><\/td>\n<td rowspan=\"2\" width=\"64\"><a>M64<\/a><\/td>\n<\/tr>\n<tr>\n<td colspan=\"2\" width=\"128\" height=\"19\">d<\/td>\n<\/tr>\n<tr>\n<td height=\"19\">D<\/td>\n<td>Durchmesser der Bohrung<\/td>\n<td width=\"64\">15<\/td>\n<td width=\"64\">20<\/td>\n<td width=\"64\">25<\/td>\n<td width=\"64\">30<\/td>\n<td width=\"64\">36<\/td>\n<td width=\"64\">42<\/td>\n<td width=\"64\">48<\/td>\n<td width=\"64\">55<\/td>\n<td width=\"64\">62<\/td>\n<td width=\"64\">72<\/td>\n<\/tr>\n<tr>\n<td height=\"19\">t<\/td>\n<td id=\"id1\">Einbautiefe<\/td>\n<td width=\"64\">110<\/td>\n<td width=\"64\">125<\/td>\n<td width=\"64\">170<\/td>\n<td width=\"64\">210<\/td>\n<td width=\"64\">280<\/td>\n<td width=\"64\">300<\/td>\n<td width=\"64\">350<\/td>\n<td width=\"64\">400<\/td>\n<td width=\"64\">500<\/td>\n<td width=\"64\">600<\/td>\n<\/tr>\n<tr>\n<td height=\"19\">h<\/td>\n<td id=\"id1\">L\u00e4nge der freiliegenden Bolzen<\/td>\n<td width=\"64\">30<\/td>\n<td width=\"64\">35<\/td>\n<td width=\"64\">40<\/td>\n<td width=\"64\">50<\/td>\n<td width=\"64\">60<\/td>\n<td width=\"64\">80<\/td>\n<td width=\"64\">90<\/td>\n<td width=\"64\">100<\/td>\n<td width=\"64\">120<\/td>\n<td width=\"64\">130<\/td>\n<\/tr>\n<tr>\n<td height=\"19\">Einzeln\u2248kg<\/td>\n<td id=\"id1\">Mit Mutter und Unterlegscheibe (L=100mm)<\/td>\n<td width=\"64\">0.113<\/td>\n<td width=\"64\">0.205<\/td>\n<td width=\"64\">0.336<\/td>\n<td width=\"64\">0.505<\/td>\n<td width=\"64\">0.857<\/td>\n<td width=\"64\">1.32<\/td>\n<td width=\"64\">1.94<\/td>\n<td width=\"64\">2.76<\/td>\n<td width=\"64\">3.87<\/td>\n<td width=\"64\">5.1<\/td>\n<\/tr>\n<tr>\n<td colspan=\"2\" height=\"20\">pro Erh\u00f6hung 10mm<\/td>\n<td width=\"64\">0.009<\/td>\n<td width=\"64\">0.016<\/td>\n<td width=\"64\">0.025<\/td>\n<td width=\"64\">0.036<\/td>\n<td width=\"64\">0.055<\/td>\n<td width=\"64\">0.08<\/td>\n<td width=\"64\">0.109<\/td>\n<td width=\"64\">0.142<\/td>\n<td width=\"64\">0.193<\/td>\n<td width=\"64\">0.252<\/td>\n<\/tr>\n<\/tbody>\n<\/table>\n<\/div>\n<p><strong>UNSER PAKET:<\/strong><\/p>\n<p align=\"justify\">1. 25-kg-S\u00e4cke oder 50-kg-S\u00e4cke.<br \/>\n2. S\u00e4cke mit Palette.<br \/>\n3. 25-kg-Kartons oder Kartons mit Palette.<br \/>\n4. Verpackung nach Kundenwunsch<\/p>","protected":false},"excerpt":{"rendered":"<p>ABW-PREIS: 720USD-910USD\/TONNE<br \/>\nMin.Bestellmenge:2Tonnen<br \/>\nVERPACKUNG: BEUTEL\/KARTON MIT PALETTE<br \/>\nHAFEN:TIANJIN\/QINGDAO\/SHANGHAI\/NINGBO<br \/>\nLIEFERUNG:5-30 TAGE JE NACH MENGE<br \/>\nBEZAHLUNG:T\/T\/LC<br \/>\nLieferf\u00e4higkeit:600 TONNEN PRO MONAT<\/p>\n<p>&nbsp;<\/p>\n<ul>\n<li><em>FOB-Preis:<\/em>US $0.5 - 9,999 \/ St\u00fcck<\/li>\n<li><em>Mindestbestellmenge:<\/em>100 St\u00fcck\/St\u00fcck<\/li>\n<li><em>Lieferf\u00e4higkeit:<\/em>10000 St\u00fcck\/St\u00fcck pro Monat<\/li>\n<\/ul>","protected":false},"featured_media":2856,"template":"","meta":{"_kad_post_transparent":"default","_kad_post_title":"","_kad_post_layout":"default","_kad_post_sidebar_id":"","_kad_post_content_style":"default","_kad_post_vertical_padding":"default","_kad_post_feature":"","_kad_post_feature_position":"","_kad_post_header":false,"_kad_post_footer":false},"product_brand":[],"product_cat":[33],"product_tag":[],"class_list":{"0":"post-2854","1":"product","2":"type-product","3":"status-publish","4":"has-post-thumbnail","6":"product_cat-anchor-bolt","8":"first","9":"instock","10":"shipping-taxable","11":"product-type-simple","12":"entry","13":"content-bg","14":"loop-entry"},"yoast_head":"<!-- This site is optimized with the Yoast SEO plugin v27.4 - https:\/\/yoast.com\/product\/yoast-seo-wordpress\/ -->\n<title>Chemical Anchor Bolt With Nut And Washer - Quantong Fastener<\/title>\n<meta name=\"robots\" content=\"index, follow, max-snippet:-1, max-image-preview:large, max-video-preview:-1\" \/>\n<link rel=\"canonical\" href=\"https:\/\/quantongfastener.com\/de\/produkt\/chemical-anchor-bolt-with-nut-and-washer\/\" \/>\n<meta property=\"og:locale\" content=\"de_DE\" \/>\n<meta property=\"og:type\" content=\"article\" \/>\n<meta property=\"og:title\" content=\"Chemical Anchor Bolt With Nut And Washer - Quantong Fastener\" \/>\n<meta property=\"og:description\" content=\"EXW PRICE : 720USD-910USD\/TON Min.Order Quantity:2TONS PACKAGING:BAG\/BOX WITH PALLET PORT:TIANJIN\/QINGDAO\/SHANGHAI\/NINGBO DELIVERY:5-30DAYS ON QTY PAYMENT:T\/T\/LC Supply Ability:600 TON PER MONTH  &nbsp;   FOB Price:US $0.5 - 9,999 \/ Piece  Min.Order Quantity:100 Piece\/Pieces  Supply Ability:10000 Piece\/Pieces per Month\" \/>\n<meta property=\"og:url\" content=\"https:\/\/quantongfastener.com\/de\/produkt\/chemical-anchor-bolt-with-nut-and-washer\/\" \/>\n<meta property=\"og:site_name\" content=\"Quantong Fastener\" \/>\n<meta property=\"og:image\" content=\"https:\/\/quantongfastener.com\/wp-content\/uploads\/2025\/08\/Chemical-Anchor-Bolt-With-Nut-And-Washer-2.jpg\" \/>\n\t<meta property=\"og:image:width\" content=\"610\" \/>\n\t<meta property=\"og:image:height\" content=\"610\" \/>\n\t<meta property=\"og:image:type\" content=\"image\/jpeg\" \/>\n<meta name=\"twitter:card\" content=\"summary_large_image\" \/>\n<meta name=\"twitter:label1\" content=\"Gesch\u00e4tzte Lesezeit\" \/>\n\t<meta name=\"twitter:data1\" content=\"2\u00a0Minuten\" \/>\n<script type=\"application\/ld+json\" class=\"yoast-schema-graph\">{\"@context\":\"https:\\\/\\\/schema.org\",\"@graph\":[{\"@type\":\"WebPage\",\"@id\":\"https:\\\/\\\/quantongfastener.com\\\/product\\\/chemical-anchor-bolt-with-nut-and-washer\\\/\",\"url\":\"https:\\\/\\\/quantongfastener.com\\\/product\\\/chemical-anchor-bolt-with-nut-and-washer\\\/\",\"name\":\"Chemical Anchor Bolt With Nut And Washer - Quantong Fastener\",\"isPartOf\":{\"@id\":\"https:\\\/\\\/quantongfastener.com\\\/#website\"},\"primaryImageOfPage\":{\"@id\":\"https:\\\/\\\/quantongfastener.com\\\/product\\\/chemical-anchor-bolt-with-nut-and-washer\\\/#primaryimage\"},\"image\":{\"@id\":\"https:\\\/\\\/quantongfastener.com\\\/product\\\/chemical-anchor-bolt-with-nut-and-washer\\\/#primaryimage\"},\"thumbnailUrl\":\"https:\\\/\\\/quantongfastener.com\\\/wp-content\\\/uploads\\\/2025\\\/08\\\/Chemical-Anchor-Bolt-With-Nut-And-Washer-2.jpg\",\"datePublished\":\"2025-08-10T15:01:17+00:00\",\"breadcrumb\":{\"@id\":\"https:\\\/\\\/quantongfastener.com\\\/product\\\/chemical-anchor-bolt-with-nut-and-washer\\\/#breadcrumb\"},\"inLanguage\":\"de\",\"potentialAction\":[{\"@type\":\"ReadAction\",\"target\":[\"https:\\\/\\\/quantongfastener.com\\\/product\\\/chemical-anchor-bolt-with-nut-and-washer\\\/\"]}]},{\"@type\":\"ImageObject\",\"inLanguage\":\"de\",\"@id\":\"https:\\\/\\\/quantongfastener.com\\\/product\\\/chemical-anchor-bolt-with-nut-and-washer\\\/#primaryimage\",\"url\":\"https:\\\/\\\/quantongfastener.com\\\/wp-content\\\/uploads\\\/2025\\\/08\\\/Chemical-Anchor-Bolt-With-Nut-And-Washer-2.jpg\",\"contentUrl\":\"https:\\\/\\\/quantongfastener.com\\\/wp-content\\\/uploads\\\/2025\\\/08\\\/Chemical-Anchor-Bolt-With-Nut-And-Washer-2.jpg\",\"width\":610,\"height\":610},{\"@type\":\"BreadcrumbList\",\"@id\":\"https:\\\/\\\/quantongfastener.com\\\/product\\\/chemical-anchor-bolt-with-nut-and-washer\\\/#breadcrumb\",\"itemListElement\":[{\"@type\":\"ListItem\",\"position\":1,\"name\":\"Home\",\"item\":\"https:\\\/\\\/quantongfastener.com\\\/\"},{\"@type\":\"ListItem\",\"position\":2,\"name\":\"Products\",\"item\":\"https:\\\/\\\/quantongfastener.com\\\/products\\\/\"},{\"@type\":\"ListItem\",\"position\":3,\"name\":\"Chemical Anchor Bolt With Nut And Washer\"}]},{\"@type\":\"WebSite\",\"@id\":\"https:\\\/\\\/quantongfastener.com\\\/#website\",\"url\":\"https:\\\/\\\/quantongfastener.com\\\/\",\"name\":\"Quantong Fastener\",\"description\":\"\",\"publisher\":{\"@id\":\"https:\\\/\\\/quantongfastener.com\\\/#organization\"},\"potentialAction\":[{\"@type\":\"SearchAction\",\"target\":{\"@type\":\"EntryPoint\",\"urlTemplate\":\"https:\\\/\\\/quantongfastener.com\\\/?s={search_term_string}\"},\"query-input\":{\"@type\":\"PropertyValueSpecification\",\"valueRequired\":true,\"valueName\":\"search_term_string\"}}],\"inLanguage\":\"de\"},{\"@type\":\"Organization\",\"@id\":\"https:\\\/\\\/quantongfastener.com\\\/#organization\",\"name\":\"Quantong Fastener\",\"url\":\"https:\\\/\\\/quantongfastener.com\\\/\",\"logo\":{\"@type\":\"ImageObject\",\"inLanguage\":\"de\",\"@id\":\"https:\\\/\\\/quantongfastener.com\\\/#\\\/schema\\\/logo\\\/image\\\/\",\"url\":\"https:\\\/\\\/quantongfastener.com\\\/wp-content\\\/uploads\\\/2025\\\/07\\\/logo.jpg\",\"contentUrl\":\"https:\\\/\\\/quantongfastener.com\\\/wp-content\\\/uploads\\\/2025\\\/07\\\/logo.jpg\",\"width\":425,\"height\":424,\"caption\":\"Quantong Fastener\"},\"image\":{\"@id\":\"https:\\\/\\\/quantongfastener.com\\\/#\\\/schema\\\/logo\\\/image\\\/\"}}]}<\/script>\n<!-- \/ Yoast SEO plugin. -->","yoast_head_json":{"title":"Chemical Anchor Bolt With Nut And Washer - Quantong Fastener","robots":{"index":"index","follow":"follow","max-snippet":"max-snippet:-1","max-image-preview":"max-image-preview:large","max-video-preview":"max-video-preview:-1"},"canonical":"https:\/\/quantongfastener.com\/de\/produkt\/chemical-anchor-bolt-with-nut-and-washer\/","og_locale":"de_DE","og_type":"article","og_title":"Chemical Anchor Bolt With Nut And Washer - Quantong Fastener","og_description":"EXW PRICE : 720USD-910USD\/TON Min.Order Quantity:2TONS PACKAGING:BAG\/BOX WITH PALLET PORT:TIANJIN\/QINGDAO\/SHANGHAI\/NINGBO DELIVERY:5-30DAYS ON QTY PAYMENT:T\/T\/LC Supply Ability:600 TON PER MONTH  &nbsp;   FOB Price:US $0.5 - 9,999 \/ Piece  Min.Order Quantity:100 Piece\/Pieces  Supply Ability:10000 Piece\/Pieces per Month","og_url":"https:\/\/quantongfastener.com\/de\/produkt\/chemical-anchor-bolt-with-nut-and-washer\/","og_site_name":"Quantong Fastener","og_image":[{"width":610,"height":610,"url":"https:\/\/quantongfastener.com\/wp-content\/uploads\/2025\/08\/Chemical-Anchor-Bolt-With-Nut-And-Washer-2.jpg","type":"image\/jpeg"}],"twitter_card":"summary_large_image","twitter_misc":{"Gesch\u00e4tzte Lesezeit":"2\u00a0Minuten"},"schema":{"@context":"https:\/\/schema.org","@graph":[{"@type":"WebPage","@id":"https:\/\/quantongfastener.com\/product\/chemical-anchor-bolt-with-nut-and-washer\/","url":"https:\/\/quantongfastener.com\/product\/chemical-anchor-bolt-with-nut-and-washer\/","name":"Chemical Anchor Bolt With Nut And Washer - Quantong Fastener","isPartOf":{"@id":"https:\/\/quantongfastener.com\/#website"},"primaryImageOfPage":{"@id":"https:\/\/quantongfastener.com\/product\/chemical-anchor-bolt-with-nut-and-washer\/#primaryimage"},"image":{"@id":"https:\/\/quantongfastener.com\/product\/chemical-anchor-bolt-with-nut-and-washer\/#primaryimage"},"thumbnailUrl":"https:\/\/quantongfastener.com\/wp-content\/uploads\/2025\/08\/Chemical-Anchor-Bolt-With-Nut-And-Washer-2.jpg","datePublished":"2025-08-10T15:01:17+00:00","breadcrumb":{"@id":"https:\/\/quantongfastener.com\/product\/chemical-anchor-bolt-with-nut-and-washer\/#breadcrumb"},"inLanguage":"de","potentialAction":[{"@type":"ReadAction","target":["https:\/\/quantongfastener.com\/product\/chemical-anchor-bolt-with-nut-and-washer\/"]}]},{"@type":"ImageObject","inLanguage":"de","@id":"https:\/\/quantongfastener.com\/product\/chemical-anchor-bolt-with-nut-and-washer\/#primaryimage","url":"https:\/\/quantongfastener.com\/wp-content\/uploads\/2025\/08\/Chemical-Anchor-Bolt-With-Nut-And-Washer-2.jpg","contentUrl":"https:\/\/quantongfastener.com\/wp-content\/uploads\/2025\/08\/Chemical-Anchor-Bolt-With-Nut-And-Washer-2.jpg","width":610,"height":610},{"@type":"BreadcrumbList","@id":"https:\/\/quantongfastener.com\/product\/chemical-anchor-bolt-with-nut-and-washer\/#breadcrumb","itemListElement":[{"@type":"ListItem","position":1,"name":"Home","item":"https:\/\/quantongfastener.com\/"},{"@type":"ListItem","position":2,"name":"Products","item":"https:\/\/quantongfastener.com\/products\/"},{"@type":"ListItem","position":3,"name":"Chemical Anchor Bolt With Nut And Washer"}]},{"@type":"WebSite","@id":"https:\/\/quantongfastener.com\/#website","url":"https:\/\/quantongfastener.com\/","name":"Quantong-Verschluss","description":"","publisher":{"@id":"https:\/\/quantongfastener.com\/#organization"},"potentialAction":[{"@type":"SearchAction","target":{"@type":"EntryPoint","urlTemplate":"https:\/\/quantongfastener.com\/?s={search_term_string}"},"query-input":{"@type":"PropertyValueSpecification","valueRequired":true,"valueName":"search_term_string"}}],"inLanguage":"de"},{"@type":"Organization","@id":"https:\/\/quantongfastener.com\/#organization","name":"Quantong-Verschluss","url":"https:\/\/quantongfastener.com\/","logo":{"@type":"ImageObject","inLanguage":"de","@id":"https:\/\/quantongfastener.com\/#\/schema\/logo\/image\/","url":"https:\/\/quantongfastener.com\/wp-content\/uploads\/2025\/07\/logo.jpg","contentUrl":"https:\/\/quantongfastener.com\/wp-content\/uploads\/2025\/07\/logo.jpg","width":425,"height":424,"caption":"Quantong Fastener"},"image":{"@id":"https:\/\/quantongfastener.com\/#\/schema\/logo\/image\/"}}]}},"_links":{"self":[{"href":"https:\/\/quantongfastener.com\/de\/wp-json\/wp\/v2\/product\/2854","targetHints":{"allow":["GET"]}}],"collection":[{"href":"https:\/\/quantongfastener.com\/de\/wp-json\/wp\/v2\/product"}],"about":[{"href":"https:\/\/quantongfastener.com\/de\/wp-json\/wp\/v2\/types\/product"}],"wp:featuredmedia":[{"embeddable":true,"href":"https:\/\/quantongfastener.com\/de\/wp-json\/wp\/v2\/media\/2856"}],"wp:attachment":[{"href":"https:\/\/quantongfastener.com\/de\/wp-json\/wp\/v2\/media?parent=2854"}],"wp:term":[{"taxonomy":"product_brand","embeddable":true,"href":"https:\/\/quantongfastener.com\/de\/wp-json\/wp\/v2\/product_brand?post=2854"},{"taxonomy":"product_cat","embeddable":true,"href":"https:\/\/quantongfastener.com\/de\/wp-json\/wp\/v2\/product_cat?post=2854"},{"taxonomy":"product_tag","embeddable":true,"href":"https:\/\/quantongfastener.com\/de\/wp-json\/wp\/v2\/product_tag?post=2854"}],"curies":[{"name":"wp","href":"https:\/\/api.w.org\/{rel}","templated":true}]}}