{"id":2847,"date":"2025-08-10T14:57:06","date_gmt":"2025-08-10T14:57:06","guid":{"rendered":"https:\/\/quantongfastener.com\/?post_type=product&#038;p=2847"},"modified":"2025-08-31T04:26:46","modified_gmt":"2025-08-31T04:26:46","slug":"3pcs-fix-bolt-expansion-anchor-bolt","status":"publish","type":"product","link":"https:\/\/quantongfastener.com\/de\/produkt\/3pcs-fix-bolt-expansion-anchor-bolt\/","title":{"rendered":"3pcs Fix Bolt Spreizanker Bolzen"},"content":{"rendered":"<div class=\"fl-col-group fl-node-5e479eee0bbe6\" data-node=\"5e479eee0bbe6\">\n<div class=\"fl-col fl-node-5e479eee0bf20\" data-node=\"5e479eee0bf20\">\n<div class=\"fl-col-content fl-node-content\">\n<div class=\"fl-module fl-module-rich-text fl-node-5e479f00b2747\" data-node=\"5e479f00b2747\" data-animation-delay=\"0.0\">\n<div class=\"fl-module-content fl-node-content\">\n<div class=\"fl-rich-text\">\n<div class=\"table_wrap\">\n<table border=\"1\" cellspacing=\"0\" cellpadding=\"0\">\n<tbody>\n<tr>\n<td valign=\"top\" width=\"162\">Name des Produkts<\/td>\n<td valign=\"top\" width=\"407\">3PCS Ankerbolzen<\/td>\n<\/tr>\n<tr>\n<td valign=\"top\" width=\"162\">Gr\u00f6\u00dfe<\/td>\n<td valign=\"top\" width=\"407\">M3\/M8\/M10\/M16<\/td>\n<\/tr>\n<tr>\n<td valign=\"top\" width=\"162\">Klasse<\/td>\n<td valign=\"top\" width=\"407\">4.8\/8.8\/10.9\/12.9<\/td>\n<\/tr>\n<tr>\n<td valign=\"top\" width=\"162\">Oberfl\u00e4chenbehandlung<\/td>\n<td valign=\"top\" width=\"407\">YZP<\/td>\n<\/tr>\n<tr>\n<td valign=\"top\" width=\"162\">Standard<\/td>\n<td valign=\"top\" width=\"407\">DIN\/ISO<\/td>\n<\/tr>\n<tr>\n<td valign=\"top\" width=\"162\">Zertifikat<\/td>\n<td valign=\"top\" width=\"407\">ISO 9001<\/td>\n<\/tr>\n<tr>\n<td valign=\"top\" width=\"162\">Muster<\/td>\n<td valign=\"top\" width=\"407\">Kostenlose Proben<\/td>\n<\/tr>\n<\/tbody>\n<\/table>\n<\/div>\n<\/div>\n<\/div>\n<\/div>\n<\/div>\n<\/div>\n<\/div>\n<div class=\"fl-col-group fl-node-5e47a5472358c\" data-node=\"5e47a5472358c\">\n<div class=\"fl-col fl-node-5e47a54723974 fl-col-small\" data-node=\"5e47a54723974\">\n<div class=\"fl-col-content fl-node-content\">\n<div class=\"fl-module fl-module-rich-text fl-node-5e47a5ca1b0af\" data-node=\"5e47a5ca1b0af\" data-animation-delay=\"0.0\">\n<div class=\"fl-module-content fl-node-content\">\n<div class=\"fl-rich-text\">\n<p><img decoding=\"async\" class=\"alignnone size-full wp-image-1444\" src=\"https:\/\/www.cyfastener.com\/uploads\/5ae38455.jpg\" alt=\"fb0f252b7f0608af8a999098be8dcf3\" \/><\/p>\n<\/div>\n<\/div>\n<\/div>\n<\/div>\n<\/div>\n<div class=\"fl-col fl-node-5e47a547239d7 fl-col-small\" data-node=\"5e47a547239d7\">\n<div class=\"fl-col-content fl-node-content\">\n<div class=\"fl-module fl-module-rich-text fl-node-5e47a5e0aa7d3\" data-node=\"5e47a5e0aa7d3\" data-animation-delay=\"0.0\">\n<div class=\"fl-module-content fl-node-content\">\n<div class=\"fl-rich-text\">\n<p><img decoding=\"async\" class=\"alignnone size-full wp-image-1444\" src=\"https:\/\/www.cyfastener.com\/uploads\/42bc2eb4.jpg\" alt=\"fb0f252b7f0608af8a999098be8dcf3\" \/><\/p>\n<\/div>\n<\/div>\n<\/div>\n<\/div>\n<\/div>\n<div class=\"fl-col fl-node-5e47a54723a2b fl-col-small\" data-node=\"5e47a54723a2b\">\n<div class=\"fl-col-content fl-node-content\">\n<div class=\"fl-module fl-module-rich-text fl-node-5e47a5e58b720\" data-node=\"5e47a5e58b720\" data-animation-delay=\"0.0\">\n<div class=\"fl-module-content fl-node-content\">\n<div class=\"fl-rich-text\">\n<p><img decoding=\"async\" class=\"alignnone size-full wp-image-1444\" src=\"https:\/\/www.cyfastener.com\/uploads\/999d80cf.jpg\" alt=\"fb0f252b7f0608af8a999098be8dcf3\" \/><\/p>\n<\/div>\n<\/div>\n<\/div>\n<\/div>\n<\/div>\n<\/div>\n<div class=\"fl-col-group fl-node-5e47a54b6d0c9\" data-node=\"5e47a54b6d0c9\">\n<div class=\"fl-col fl-node-5e47a54b6d498 fl-col-small\" data-node=\"5e47a54b6d498\">\n<div class=\"fl-col-content fl-node-content\">\n<div class=\"fl-module fl-module-rich-text fl-node-5e47a5f027ed9\" data-node=\"5e47a5f027ed9\" data-animation-delay=\"0.0\">\n<div class=\"fl-module-content fl-node-content\">\n<div class=\"fl-rich-text\">\n<p><img decoding=\"async\" class=\"alignnone size-full wp-image-1444\" src=\"https:\/\/www.cyfastener.com\/uploads\/e07c4a52.jpg\" alt=\"fb0f252b7f0608af8a999098be8dcf3\" \/><\/p>\n<\/div>\n<\/div>\n<\/div>\n<\/div>\n<\/div>\n<div class=\"fl-col fl-node-5e47a54b6d4e9 fl-col-small\" data-node=\"5e47a54b6d4e9\">\n<div class=\"fl-col-content fl-node-content\">\n<div class=\"fl-module fl-module-rich-text fl-node-5e47a5ebc74d0\" data-node=\"5e47a5ebc74d0\" data-animation-delay=\"0.0\">\n<div class=\"fl-module-content fl-node-content\">\n<div class=\"fl-rich-text\">\n<p><img decoding=\"async\" class=\"alignnone size-full wp-image-1444\" src=\"https:\/\/www.cyfastener.com\/uploads\/21080b85.jpg\" alt=\"fb0f252b7f0608af8a999098be8dcf3\" \/><\/p>\n<\/div>\n<\/div>\n<\/div>\n<\/div>\n<\/div>\n<div class=\"fl-col fl-node-5e47a54b6d51c fl-col-small\" data-node=\"5e47a54b6d51c\">\n<div class=\"fl-col-content fl-node-content\">\n<div class=\"fl-module fl-module-rich-text fl-node-5e47a5f3b4177\" data-node=\"5e47a5f3b4177\" data-animation-delay=\"0.0\">\n<div class=\"fl-module-content fl-node-content\">\n<div class=\"fl-rich-text\">\n<p><img decoding=\"async\" class=\"alignnone size-full wp-image-1444\" src=\"https:\/\/www.cyfastener.com\/uploads\/0dce84a0.jpg\" alt=\"fb0f252b7f0608af8a999098be8dcf3\" \/><\/p>\n<\/div>\n<\/div>\n<\/div>\n<\/div>\n<\/div>\n<\/div>\n<div class=\"fl-col-group fl-node-5e47a5511f967\" data-node=\"5e47a5511f967\">\n<div class=\"fl-col fl-node-5e47a5511fd91 fl-col-small\" data-node=\"5e47a5511fd91\">\n<div class=\"fl-col-content fl-node-content\">\n<div class=\"fl-module fl-module-rich-text fl-node-5e47a6016c47d\" data-node=\"5e47a6016c47d\" data-animation-delay=\"0.0\">\n<div class=\"fl-module-content fl-node-content\">\n<div class=\"fl-rich-text\">\n<p><img decoding=\"async\" class=\"alignnone size-full wp-image-1444\" src=\"https:\/\/www.cyfastener.com\/uploads\/ff6118be.jpg\" alt=\"fb0f252b7f0608af8a999098be8dcf3\" \/><\/p>\n<\/div>\n<\/div>\n<\/div>\n<\/div>\n<\/div>\n<div class=\"fl-col fl-node-5e47a5511fde2 fl-col-small\" data-node=\"5e47a5511fde2\">\n<div class=\"fl-col-content fl-node-content\">\n<div class=\"fl-module fl-module-rich-text fl-node-5e47a5fd9f727\" data-node=\"5e47a5fd9f727\" data-animation-delay=\"0.0\">\n<div class=\"fl-module-content fl-node-content\">\n<div class=\"fl-rich-text\">\n<p><img decoding=\"async\" class=\"alignnone size-full wp-image-1444\" src=\"https:\/\/www.cyfastener.com\/uploads\/15f42997.jpg\" alt=\"fb0f252b7f0608af8a999098be8dcf3\" \/><\/p>\n<\/div>\n<\/div>\n<\/div>\n<\/div>\n<\/div>\n<div class=\"fl-col fl-node-5e47a5511fe2d fl-col-small\" data-node=\"5e47a5511fe2d\">\n<div class=\"fl-col-content fl-node-content\">\n<div class=\"fl-module fl-module-rich-text fl-node-5e47a5f825fad\" data-node=\"5e47a5f825fad\" data-animation-delay=\"0.0\">\n<div class=\"fl-module-content fl-node-content\">\n<div class=\"fl-rich-text\">\n<p><img decoding=\"async\" class=\"alignnone size-full wp-image-1444\" src=\"https:\/\/www.cyfastener.com\/uploads\/ccb739b2.jpg\" alt=\"fb0f252b7f0608af8a999098be8dcf3\" \/><\/p>\n<\/div>\n<\/div>\n<\/div>\n<\/div>\n<\/div>\n<\/div>\n<div class=\"fl-col-group fl-node-5e47a71f98c54\" data-node=\"5e47a71f98c54\">\n<div class=\"fl-col fl-node-5e47a71f99054\" data-node=\"5e47a71f99054\">\n<div class=\"fl-col-content fl-node-content\">\n<div class=\"fl-module fl-module-rich-text fl-node-5e47a723aa8b0\" data-node=\"5e47a723aa8b0\" data-animation-delay=\"0.0\">\n<div class=\"fl-module-content fl-node-content\">\n<div class=\"fl-rich-text\">\n<p><strong>Produktvorteile:<\/strong><\/p>\n<\/div>\n<\/div>\n<\/div>\n<\/div>\n<\/div>\n<\/div>\n<div class=\"fl-col-group fl-node-5e47a7653e47a\" data-node=\"5e47a7653e47a\">\n<div class=\"fl-col fl-node-5e47a7653e8b2\" data-node=\"5e47a7653e8b2\">\n<div class=\"fl-col-content fl-node-content\">\n<div class=\"fl-module fl-module-rich-text fl-node-5e47a76a38b7f\" data-node=\"5e47a76a38b7f\" data-animation-delay=\"0.0\">\n<div class=\"fl-module-content fl-node-content\">\n<div class=\"fl-rich-text\">\n<ol>\n<li><strong>Feinmechanische Bearbeitung<\/strong><\/li>\n<\/ol>\n<p align=\"justify\">\u2606 Messen und Bearbeiten mit Pr\u00e4zisionswerkzeugmaschinen und Messwerkzeugen unter streng kontrollierten Umweltbedingungen.<\/p>\n<ol>\n<li><strong>Hochwertiger Kohlenstoffstahl<\/strong><\/li>\n<\/ol>\n<p align=\"justify\">\u2606 Mit langer Lebensdauer, geringer W\u00e4rmeentwicklung, hoher H\u00e4rte, hoher Steifigkeit, geringem L\u00e4rm, hoher Verschlei\u00dffestigkeit und anderen Eigenschaften.<\/p>\n<ol>\n<li><strong>Kosteng\u00fcnstig<\/strong><\/li>\n<\/ol>\n<p align=\"justify\">\u2606 Die Verwendung von hochwertigem Kohlenstoffstahl, nach der Pr\u00e4zisionsverarbeitung und Formgebung, verbessert die Benutzererfahrung erheblich.<\/p>\n<\/div>\n<\/div>\n<\/div>\n<\/div>\n<\/div>\n<\/div>\n<div class=\"fl-col-group fl-node-5e47a7c11bb44\" data-node=\"5e47a7c11bb44\">\n<div class=\"fl-col fl-node-5e47a7c11bf3e\" data-node=\"5e47a7c11bf3e\">\n<div class=\"fl-col-content fl-node-content\">\n<div class=\"fl-module fl-module-rich-text fl-node-5e47a7c5e53b6\" data-node=\"5e47a7c5e53b6\" data-animation-delay=\"0.0\">\n<div class=\"fl-module-content fl-node-content\">\n<div class=\"fl-rich-text\">\n<p><strong>UNSER PAKET:<\/strong><\/p>\n<\/div>\n<\/div>\n<\/div>\n<\/div>\n<\/div>\n<\/div>\n<div class=\"fl-col-group fl-node-5e47a878bf20f\" data-node=\"5e47a878bf20f\">\n<div class=\"fl-col fl-node-5e47a878bf6a0\" data-node=\"5e47a878bf6a0\">\n<div class=\"fl-col-content fl-node-content\">\n<div class=\"fl-module fl-module-rich-text fl-node-5e47a87d83656\" data-node=\"5e47a87d83656\" data-animation-delay=\"0.0\">\n<div class=\"fl-module-content fl-node-content\">\n<div class=\"fl-rich-text\">\n<p align=\"justify\">1. 25-kg-S\u00e4cke oder 50-kg-S\u00e4cke.<br \/>\n2. S\u00e4cke mit Palette.<br \/>\n3. 25-kg-Kartons oder Kartons mit Palette.<br \/>\n4. Verpackung nach Kundenwunsch<\/p>\n<\/div>\n<\/div>\n<\/div>\n<\/div>\n<\/div>\n<\/div>","protected":false},"excerpt":{"rendered":"<p style=\"box-sizing: border-box; outline: 0px; margin-right: 0px; margin-bottom: 0px; margin-left: 0px; padding: 0px; color: #666666; font-family: Arial, Helvetica, sans-serif; font-size: 13px;\"><span style=\"box-sizing: border-box; outline: 0px; font-size: medium; font-family: arial, helvetica, sans-serif;\">Min.Bestellmenge:1000PCS<\/span><\/p>\n<p style=\"box-sizing: border-box; outline: 0px; margin-right: 0px; margin-bottom: 0px; margin-left: 0px; padding: 0px; color: #666666; font-family: Arial, Helvetica, sans-serif; font-size: 13px;\"><span style=\"box-sizing: border-box; outline: 0px; font-size: medium; font-family: arial, helvetica, sans-serif;\">VERPACKUNG: BEUTEL\/KARTON MIT PALETTE<\/span><\/p>\n<p style=\"box-sizing: border-box; outline: 0px; margin-right: 0px; margin-bottom: 0px; margin-left: 0px; padding: 0px; color: #666666; font-family: Arial, Helvetica, sans-serif; font-size: 13px;\"><span style=\"box-sizing: border-box; outline: 0px; font-size: medium; font-family: arial, helvetica, sans-serif;\">HAFEN:TIANJIN\/QINGDAO\/SHANGHAI\/NINGBO<\/span><\/p>\n<p style=\"box-sizing: border-box; outline: 0px; margin-right: 0px; margin-bottom: 0px; margin-left: 0px; padding: 0px; color: #666666; font-family: Arial, Helvetica, sans-serif; font-size: 13px;\"><span style=\"box-sizing: border-box; outline: 0px; font-size: medium; font-family: arial, helvetica, sans-serif;\">LIEFERUNG:5-30 TAGE JE NACH MENGE<\/span><\/p>\n<p style=\"box-sizing: border-box; outline: 0px; margin-right: 0px; margin-bottom: 0px; margin-left: 0px; padding: 0px; color: #666666; font-family: Arial, Helvetica, sans-serif; font-size: 13px;\"><span style=\"box-sizing: border-box; outline: 0px; font-size: medium; font-family: arial, helvetica, sans-serif;\">BEZAHLUNG:T\/T\/LC<\/span><\/p>\n<p style=\"box-sizing: border-box; outline: 0px; margin-right: 0px; margin-bottom: 0px; margin-left: 0px; padding: 0px; color: #666666; font-family: Arial, Helvetica, sans-serif; font-size: 13px;\"><span style=\"box-sizing: border-box; outline: 0px; font-size: medium; font-family: arial, helvetica, sans-serif;\">Lieferf\u00e4higkeit:500 TONNEN PRO MONAT<\/span><\/p>\n<p>&nbsp;<\/p>\n<ul>\n<li style=\"box-sizing: border-box; outline: 0px; margin: 0px; padding: 2px 0px; list-style: none; width: 535.797px; display: table; color: #666666; font-family: Arial, Helvetica, sans-serif; font-size: 13px;\"><span style=\"box-sizing: border-box; outline: 0px; display: table-cell; width: 214.312px; color: #aaaaaa;\">FOB-Preis:<\/span>US $0.5 - 9,999 \/ St\u00fcck<\/li>\n<li style=\"box-sizing: border-box; outline: 0px; margin: 0px; padding: 2px 0px; list-style: none; width: 535.797px; display: table; color: #666666; font-family: Arial, Helvetica, sans-serif; font-size: 13px;\"><span style=\"box-sizing: border-box; outline: 0px; display: table-cell; width: 214.312px; color: #aaaaaa;\">Mindestbestellmenge:<\/span>100 St\u00fcck\/St\u00fcck<\/li>\n<li style=\"box-sizing: border-box; outline: 0px; margin: 0px; padding: 2px 0px; list-style: none; width: 535.797px; display: table; color: #666666; font-family: Arial, Helvetica, sans-serif; font-size: 13px;\"><span style=\"box-sizing: border-box; outline: 0px; display: table-cell; width: 214.312px; color: #aaaaaa;\">Lieferf\u00e4higkeit:<\/span>10000 St\u00fcck\/St\u00fcck pro Monat<\/li>\n<\/ul>","protected":false},"featured_media":2850,"template":"","meta":{"_kad_post_transparent":"default","_kad_post_title":"","_kad_post_layout":"default","_kad_post_sidebar_id":"","_kad_post_content_style":"default","_kad_post_vertical_padding":"default","_kad_post_feature":"","_kad_post_feature_position":"","_kad_post_header":false,"_kad_post_footer":false},"product_brand":[],"product_cat":[75,33],"product_tag":[],"class_list":{"0":"post-2847","1":"product","2":"type-product","3":"status-publish","4":"has-post-thumbnail","6":"product_cat-3pcs-fix-bolt","7":"product_cat-anchor-bolt","9":"first","10":"instock","11":"shipping-taxable","12":"product-type-simple","13":"entry","14":"content-bg","15":"loop-entry"},"yoast_head":"<!-- This site is optimized with the Yoast SEO plugin v27.4 - https:\/\/yoast.com\/product\/yoast-seo-wordpress\/ -->\n<title>3pcs Fix Bolt Expansion Anchor Bolt - Quantong Fastener<\/title>\n<meta name=\"robots\" content=\"index, follow, max-snippet:-1, max-image-preview:large, max-video-preview:-1\" \/>\n<link rel=\"canonical\" href=\"https:\/\/quantongfastener.com\/de\/produkt\/3pcs-fix-bolt-expansion-anchor-bolt\/\" \/>\n<meta property=\"og:locale\" content=\"de_DE\" \/>\n<meta property=\"og:type\" content=\"article\" \/>\n<meta property=\"og:title\" content=\"3pcs Fix Bolt Expansion Anchor Bolt - Quantong Fastener\" \/>\n<meta property=\"og:description\" content=\"Min.Order Quantity:1000PCS PACKAGING:BAG\/BOX WITH PALLET PORT:TIANJIN\/QINGDAO\/SHANGHAI\/NINGBO DELIVERY:5-30DAYS ON QTY PAYMENT:T\/T\/LC Supply Ability:500 TON PER MONTH &nbsp;   FOB Price:US $0.5 - 9,999 \/ Piece  Min.Order Quantity:100 Piece\/Pieces  Supply Ability:10000 Piece\/Pieces per Month\" \/>\n<meta property=\"og:url\" content=\"https:\/\/quantongfastener.com\/de\/produkt\/3pcs-fix-bolt-expansion-anchor-bolt\/\" \/>\n<meta property=\"og:site_name\" content=\"Quantong Fastener\" \/>\n<meta property=\"article:modified_time\" content=\"2025-08-31T04:26:46+00:00\" \/>\n<meta property=\"og:image\" content=\"https:\/\/quantongfastener.com\/wp-content\/uploads\/2025\/08\/3pcs-Fix-Bolt-Expansion-Anchor-Bolt-3.jpg\" \/>\n\t<meta property=\"og:image:width\" content=\"610\" \/>\n\t<meta property=\"og:image:height\" content=\"610\" \/>\n\t<meta property=\"og:image:type\" content=\"image\/jpeg\" \/>\n<meta name=\"twitter:card\" content=\"summary_large_image\" \/>\n<meta name=\"twitter:label1\" content=\"Gesch\u00e4tzte Lesezeit\" \/>\n\t<meta name=\"twitter:data1\" content=\"3\u00a0Minuten\" \/>\n<script type=\"application\/ld+json\" class=\"yoast-schema-graph\">{\"@context\":\"https:\\\/\\\/schema.org\",\"@graph\":[{\"@type\":\"WebPage\",\"@id\":\"https:\\\/\\\/quantongfastener.com\\\/product\\\/3pcs-fix-bolt-expansion-anchor-bolt\\\/\",\"url\":\"https:\\\/\\\/quantongfastener.com\\\/product\\\/3pcs-fix-bolt-expansion-anchor-bolt\\\/\",\"name\":\"3pcs Fix Bolt Expansion Anchor Bolt - Quantong Fastener\",\"isPartOf\":{\"@id\":\"https:\\\/\\\/quantongfastener.com\\\/#website\"},\"primaryImageOfPage\":{\"@id\":\"https:\\\/\\\/quantongfastener.com\\\/product\\\/3pcs-fix-bolt-expansion-anchor-bolt\\\/#primaryimage\"},\"image\":{\"@id\":\"https:\\\/\\\/quantongfastener.com\\\/product\\\/3pcs-fix-bolt-expansion-anchor-bolt\\\/#primaryimage\"},\"thumbnailUrl\":\"https:\\\/\\\/quantongfastener.com\\\/wp-content\\\/uploads\\\/2025\\\/08\\\/3pcs-Fix-Bolt-Expansion-Anchor-Bolt-3.jpg\",\"datePublished\":\"2025-08-10T14:57:06+00:00\",\"dateModified\":\"2025-08-31T04:26:46+00:00\",\"breadcrumb\":{\"@id\":\"https:\\\/\\\/quantongfastener.com\\\/product\\\/3pcs-fix-bolt-expansion-anchor-bolt\\\/#breadcrumb\"},\"inLanguage\":\"de\",\"potentialAction\":[{\"@type\":\"ReadAction\",\"target\":[\"https:\\\/\\\/quantongfastener.com\\\/product\\\/3pcs-fix-bolt-expansion-anchor-bolt\\\/\"]}]},{\"@type\":\"ImageObject\",\"inLanguage\":\"de\",\"@id\":\"https:\\\/\\\/quantongfastener.com\\\/product\\\/3pcs-fix-bolt-expansion-anchor-bolt\\\/#primaryimage\",\"url\":\"https:\\\/\\\/quantongfastener.com\\\/wp-content\\\/uploads\\\/2025\\\/08\\\/3pcs-Fix-Bolt-Expansion-Anchor-Bolt-3.jpg\",\"contentUrl\":\"https:\\\/\\\/quantongfastener.com\\\/wp-content\\\/uploads\\\/2025\\\/08\\\/3pcs-Fix-Bolt-Expansion-Anchor-Bolt-3.jpg\",\"width\":610,\"height\":610},{\"@type\":\"BreadcrumbList\",\"@id\":\"https:\\\/\\\/quantongfastener.com\\\/product\\\/3pcs-fix-bolt-expansion-anchor-bolt\\\/#breadcrumb\",\"itemListElement\":[{\"@type\":\"ListItem\",\"position\":1,\"name\":\"Home\",\"item\":\"https:\\\/\\\/quantongfastener.com\\\/\"},{\"@type\":\"ListItem\",\"position\":2,\"name\":\"Products\",\"item\":\"https:\\\/\\\/quantongfastener.com\\\/products\\\/\"},{\"@type\":\"ListItem\",\"position\":3,\"name\":\"3pcs Fix Bolt Expansion Anchor Bolt\"}]},{\"@type\":\"WebSite\",\"@id\":\"https:\\\/\\\/quantongfastener.com\\\/#website\",\"url\":\"https:\\\/\\\/quantongfastener.com\\\/\",\"name\":\"Quantong Fastener\",\"description\":\"\",\"publisher\":{\"@id\":\"https:\\\/\\\/quantongfastener.com\\\/#organization\"},\"potentialAction\":[{\"@type\":\"SearchAction\",\"target\":{\"@type\":\"EntryPoint\",\"urlTemplate\":\"https:\\\/\\\/quantongfastener.com\\\/?s={search_term_string}\"},\"query-input\":{\"@type\":\"PropertyValueSpecification\",\"valueRequired\":true,\"valueName\":\"search_term_string\"}}],\"inLanguage\":\"de\"},{\"@type\":\"Organization\",\"@id\":\"https:\\\/\\\/quantongfastener.com\\\/#organization\",\"name\":\"Quantong Fastener\",\"url\":\"https:\\\/\\\/quantongfastener.com\\\/\",\"logo\":{\"@type\":\"ImageObject\",\"inLanguage\":\"de\",\"@id\":\"https:\\\/\\\/quantongfastener.com\\\/#\\\/schema\\\/logo\\\/image\\\/\",\"url\":\"https:\\\/\\\/quantongfastener.com\\\/wp-content\\\/uploads\\\/2025\\\/07\\\/logo.jpg\",\"contentUrl\":\"https:\\\/\\\/quantongfastener.com\\\/wp-content\\\/uploads\\\/2025\\\/07\\\/logo.jpg\",\"width\":425,\"height\":424,\"caption\":\"Quantong Fastener\"},\"image\":{\"@id\":\"https:\\\/\\\/quantongfastener.com\\\/#\\\/schema\\\/logo\\\/image\\\/\"}}]}<\/script>\n<!-- \/ Yoast SEO plugin. -->","yoast_head_json":{"title":"3pcs Fix Bolt Expansion Anchor Bolt - Quantong Fastener","robots":{"index":"index","follow":"follow","max-snippet":"max-snippet:-1","max-image-preview":"max-image-preview:large","max-video-preview":"max-video-preview:-1"},"canonical":"https:\/\/quantongfastener.com\/de\/produkt\/3pcs-fix-bolt-expansion-anchor-bolt\/","og_locale":"de_DE","og_type":"article","og_title":"3pcs Fix Bolt Expansion Anchor Bolt - Quantong Fastener","og_description":"Min.Order Quantity:1000PCS PACKAGING:BAG\/BOX WITH PALLET PORT:TIANJIN\/QINGDAO\/SHANGHAI\/NINGBO DELIVERY:5-30DAYS ON QTY PAYMENT:T\/T\/LC Supply Ability:500 TON PER MONTH &nbsp;   FOB Price:US $0.5 - 9,999 \/ Piece  Min.Order Quantity:100 Piece\/Pieces  Supply Ability:10000 Piece\/Pieces per Month","og_url":"https:\/\/quantongfastener.com\/de\/produkt\/3pcs-fix-bolt-expansion-anchor-bolt\/","og_site_name":"Quantong Fastener","article_modified_time":"2025-08-31T04:26:46+00:00","og_image":[{"width":610,"height":610,"url":"https:\/\/quantongfastener.com\/wp-content\/uploads\/2025\/08\/3pcs-Fix-Bolt-Expansion-Anchor-Bolt-3.jpg","type":"image\/jpeg"}],"twitter_card":"summary_large_image","twitter_misc":{"Gesch\u00e4tzte Lesezeit":"3\u00a0Minuten"},"schema":{"@context":"https:\/\/schema.org","@graph":[{"@type":"WebPage","@id":"https:\/\/quantongfastener.com\/product\/3pcs-fix-bolt-expansion-anchor-bolt\/","url":"https:\/\/quantongfastener.com\/product\/3pcs-fix-bolt-expansion-anchor-bolt\/","name":"3pcs Fix Bolt Expansion Anchor Bolt - Quantong Fastener","isPartOf":{"@id":"https:\/\/quantongfastener.com\/#website"},"primaryImageOfPage":{"@id":"https:\/\/quantongfastener.com\/product\/3pcs-fix-bolt-expansion-anchor-bolt\/#primaryimage"},"image":{"@id":"https:\/\/quantongfastener.com\/product\/3pcs-fix-bolt-expansion-anchor-bolt\/#primaryimage"},"thumbnailUrl":"https:\/\/quantongfastener.com\/wp-content\/uploads\/2025\/08\/3pcs-Fix-Bolt-Expansion-Anchor-Bolt-3.jpg","datePublished":"2025-08-10T14:57:06+00:00","dateModified":"2025-08-31T04:26:46+00:00","breadcrumb":{"@id":"https:\/\/quantongfastener.com\/product\/3pcs-fix-bolt-expansion-anchor-bolt\/#breadcrumb"},"inLanguage":"de","potentialAction":[{"@type":"ReadAction","target":["https:\/\/quantongfastener.com\/product\/3pcs-fix-bolt-expansion-anchor-bolt\/"]}]},{"@type":"ImageObject","inLanguage":"de","@id":"https:\/\/quantongfastener.com\/product\/3pcs-fix-bolt-expansion-anchor-bolt\/#primaryimage","url":"https:\/\/quantongfastener.com\/wp-content\/uploads\/2025\/08\/3pcs-Fix-Bolt-Expansion-Anchor-Bolt-3.jpg","contentUrl":"https:\/\/quantongfastener.com\/wp-content\/uploads\/2025\/08\/3pcs-Fix-Bolt-Expansion-Anchor-Bolt-3.jpg","width":610,"height":610},{"@type":"BreadcrumbList","@id":"https:\/\/quantongfastener.com\/product\/3pcs-fix-bolt-expansion-anchor-bolt\/#breadcrumb","itemListElement":[{"@type":"ListItem","position":1,"name":"Home","item":"https:\/\/quantongfastener.com\/"},{"@type":"ListItem","position":2,"name":"Products","item":"https:\/\/quantongfastener.com\/products\/"},{"@type":"ListItem","position":3,"name":"3pcs Fix Bolt Expansion Anchor Bolt"}]},{"@type":"WebSite","@id":"https:\/\/quantongfastener.com\/#website","url":"https:\/\/quantongfastener.com\/","name":"Quantong-Verschluss","description":"","publisher":{"@id":"https:\/\/quantongfastener.com\/#organization"},"potentialAction":[{"@type":"SearchAction","target":{"@type":"EntryPoint","urlTemplate":"https:\/\/quantongfastener.com\/?s={search_term_string}"},"query-input":{"@type":"PropertyValueSpecification","valueRequired":true,"valueName":"search_term_string"}}],"inLanguage":"de"},{"@type":"Organization","@id":"https:\/\/quantongfastener.com\/#organization","name":"Quantong-Verschluss","url":"https:\/\/quantongfastener.com\/","logo":{"@type":"ImageObject","inLanguage":"de","@id":"https:\/\/quantongfastener.com\/#\/schema\/logo\/image\/","url":"https:\/\/quantongfastener.com\/wp-content\/uploads\/2025\/07\/logo.jpg","contentUrl":"https:\/\/quantongfastener.com\/wp-content\/uploads\/2025\/07\/logo.jpg","width":425,"height":424,"caption":"Quantong Fastener"},"image":{"@id":"https:\/\/quantongfastener.com\/#\/schema\/logo\/image\/"}}]}},"_links":{"self":[{"href":"https:\/\/quantongfastener.com\/de\/wp-json\/wp\/v2\/product\/2847","targetHints":{"allow":["GET"]}}],"collection":[{"href":"https:\/\/quantongfastener.com\/de\/wp-json\/wp\/v2\/product"}],"about":[{"href":"https:\/\/quantongfastener.com\/de\/wp-json\/wp\/v2\/types\/product"}],"wp:featuredmedia":[{"embeddable":true,"href":"https:\/\/quantongfastener.com\/de\/wp-json\/wp\/v2\/media\/2850"}],"wp:attachment":[{"href":"https:\/\/quantongfastener.com\/de\/wp-json\/wp\/v2\/media?parent=2847"}],"wp:term":[{"taxonomy":"product_brand","embeddable":true,"href":"https:\/\/quantongfastener.com\/de\/wp-json\/wp\/v2\/product_brand?post=2847"},{"taxonomy":"product_cat","embeddable":true,"href":"https:\/\/quantongfastener.com\/de\/wp-json\/wp\/v2\/product_cat?post=2847"},{"taxonomy":"product_tag","embeddable":true,"href":"https:\/\/quantongfastener.com\/de\/wp-json\/wp\/v2\/product_tag?post=2847"}],"curies":[{"name":"wp","href":"https:\/\/api.w.org\/{rel}","templated":true}]}}