{"id":2783,"date":"2025-08-10T14:33:07","date_gmt":"2025-08-10T14:33:07","guid":{"rendered":"https:\/\/quantongfastener.com\/?post_type=product&#038;p=2783"},"modified":"2025-08-31T05:23:04","modified_gmt":"2025-08-31T05:23:04","slug":"din-471-retaining-rings-for-shafts","status":"publish","type":"product","link":"https:\/\/quantongfastener.com\/de\/produkt\/din-471-retaining-rings-for-shafts\/","title":{"rendered":"DIN 471 Sicherungsringe f\u00fcr Wellen"},"content":{"rendered":"<div class=\"fl-row fl-row-full-width fl-row-bg-none fl-node-5e61c71c1d473\" data-node=\"5e61c71c1d473\">\n<div class=\"fl-row-content-wrap\">\n<div class=\"fl-row-content fl-row-full-width fl-node-content\">\n<div class=\"fl-col-group fl-node-5e61c71c1d4bd\" data-node=\"5e61c71c1d4bd\">\n<div class=\"fl-col fl-node-5e61c71c1d509\" data-node=\"5e61c71c1d509\">\n<div class=\"fl-col-content fl-node-content\">\n<div class=\"fl-module fl-module-rich-text fl-node-5e61c71c1d556\" data-node=\"5e61c71c1d556\" data-animation-delay=\"0.0\">\n<div class=\"fl-module-content fl-node-content\">\n<div class=\"fl-rich-text\">\n<div class=\"table_wrap\">\n<table border=\"1\" cellspacing=\"0\">\n<tbody>\n<tr>\n<td valign=\"top\" width=\"161\">Name des Produkts<\/td>\n<td valign=\"top\" width=\"406\">Sprengringe f\u00fcr Sch\u00e4chte<\/td>\n<\/tr>\n<tr>\n<td valign=\"top\" width=\"161\">Gr\u00f6\u00dfe<\/td>\n<td valign=\"top\" width=\"406\">M8-300<\/td>\n<\/tr>\n<tr>\n<td valign=\"top\" width=\"161\">Material<\/td>\n<td valign=\"top\" width=\"406\">Federstahl<\/td>\n<\/tr>\n<tr>\n<td valign=\"top\" width=\"161\">Oberfl\u00e4chenbehandlung<\/td>\n<td valign=\"top\" width=\"406\">Schwarz<\/td>\n<\/tr>\n<tr>\n<td valign=\"top\" width=\"161\">Standard<\/td>\n<td valign=\"top\" width=\"406\">DIN\/ISO<\/td>\n<\/tr>\n<tr>\n<td valign=\"top\" width=\"161\">Zertifikat<\/td>\n<td valign=\"top\" width=\"406\">ISO 9001<\/td>\n<\/tr>\n<tr>\n<td valign=\"top\" width=\"161\">Muster<\/td>\n<td valign=\"top\" width=\"406\">Kostenlose Proben<\/td>\n<\/tr>\n<\/tbody>\n<\/table>\n<\/div>\n<\/div>\n<\/div>\n<\/div>\n<\/div>\n<\/div>\n<\/div>\n<div class=\"fl-col-group fl-node-5e61c76655e58\" data-node=\"5e61c76655e58\">\n<div class=\"fl-col fl-node-5e61c76656339 fl-col-has-cols\" data-node=\"5e61c76656339\">\n<div class=\"fl-col-content fl-node-content\">\n<div class=\"fl-module fl-module-rich-text fl-node-5e61c76655b92\" data-node=\"5e61c76655b92\" data-animation-delay=\"0.0\">\n<div class=\"fl-module-content fl-node-content\">\n<div class=\"fl-rich-text\">\n<p>Der elastische Sicherungsring f\u00fcr die Welle ist eine Art von Axialbewegung, die auf der gerillten Welle installiert wird und zur Befestigung von Teilen dient. Bei der Installation m\u00fcssen Sie eine Sicherungsringzange verwenden, das Zangenmaul in das Zangenloch des Sicherungsrings einf\u00fchren und den Sicherungsring aufweiten, bevor er auf die vorbearbeitete Wellennut aufgesetzt werden kann.<\/p>\n<\/div>\n<\/div>\n<\/div>\n<div class=\"fl-col-group fl-node-5e7c09d179e5b fl-col-group-nested\" data-node=\"5e7c09d179e5b\">\n<div class=\"fl-col fl-node-5e7c09d17a361 fl-col-small\" data-node=\"5e7c09d17a361\">\n<div class=\"fl-col-content fl-node-content\">\n<div class=\"fl-module fl-module-rich-text fl-node-5e61c7812190f\" data-node=\"5e61c7812190f\" data-animation-delay=\"0.0\">\n<div class=\"fl-module-content fl-node-content\">\n<div class=\"fl-rich-text\">\n<p><img decoding=\"async\" class=\"alignnone size-full wp-image-1197\" src=\"https:\/\/www.cyfastener.com\/uploads\/80494e5b4.png\" alt=\"pc05\" \/><\/p>\n<\/div>\n<\/div>\n<\/div>\n<\/div>\n<\/div>\n<div class=\"fl-col fl-node-5e7c09d17a3b8 fl-col-small\" data-node=\"5e7c09d17a3b8\">\n<div class=\"fl-col-content fl-node-content\">\n<div class=\"fl-module fl-module-rich-text fl-node-5e61c7cf9dbcc\" data-node=\"5e61c7cf9dbcc\" data-animation-delay=\"0.0\">\n<div class=\"fl-module-content fl-node-content\">\n<div class=\"fl-rich-text\">\n<p><img decoding=\"async\" class=\"alignnone size-full wp-image-1197\" src=\"https:\/\/www.cyfastener.com\/uploads\/f3f26aed3.png\" alt=\"pc05\" \/><\/p>\n<\/div>\n<\/div>\n<\/div>\n<\/div>\n<\/div>\n<\/div>\n<div class=\"fl-col-group fl-node-5e61c77e1bc4e fl-col-group-nested\" data-node=\"5e61c77e1bc4e\">\n<div class=\"fl-col fl-node-5e61c77e1c502 fl-col-small\" data-node=\"5e61c77e1c502\">\n<div class=\"fl-col-content fl-node-content\">\n<div class=\"fl-module fl-module-rich-text fl-node-5e61c7f856ba6\" data-node=\"5e61c7f856ba6\" data-animation-delay=\"0.0\">\n<div class=\"fl-module-content fl-node-content\">\n<div class=\"fl-rich-text\">\n<p><img decoding=\"async\" class=\"alignnone size-full wp-image-1197\" src=\"https:\/\/www.cyfastener.com\/uploads\/fe8db6512.png\" alt=\"pc05\" \/><\/p>\n<\/div>\n<\/div>\n<\/div>\n<\/div>\n<\/div>\n<div class=\"fl-col fl-node-5e61c77e1c555 fl-col-small\" data-node=\"5e61c77e1c555\">\n<div class=\"fl-col-content fl-node-content\">\n<div class=\"fl-module fl-module-rich-text fl-node-5e61c81a180e7\" data-node=\"5e61c81a180e7\" data-animation-delay=\"0.0\">\n<div class=\"fl-module-content fl-node-content\">\n<div class=\"fl-rich-text\">\n<p><img decoding=\"async\" class=\"alignnone size-full wp-image-2290\" src=\"https:\/\/www.cyfastener.com\/uploads\/b8ca4fa02.png\" alt=\"pd4\" \/><\/p>\n<\/div>\n<\/div>\n<\/div>\n<\/div>\n<\/div>\n<\/div>\n<div class=\"fl-col-group fl-node-5e7c09c542795 fl-col-group-nested\" data-node=\"5e7c09c542795\">\n<div class=\"fl-col fl-node-5e7c09c542d6a fl-col-small\" data-node=\"5e7c09c542d6a\">\n<div class=\"fl-col-content fl-node-content\">\n<div class=\"fl-module fl-module-rich-text fl-node-5e61c85506ffd\" data-node=\"5e61c85506ffd\" data-animation-delay=\"0.0\">\n<div class=\"fl-module-content fl-node-content\">\n<div class=\"fl-rich-text\">\n<p><img decoding=\"async\" class=\"alignnone size-full wp-image-1197\" src=\"https:\/\/www.cyfastener.com\/uploads\/ab9a05802.png\" alt=\"pc05\" \/><\/p>\n<\/div>\n<\/div>\n<\/div>\n<\/div>\n<\/div>\n<div class=\"fl-col fl-node-5e7c09c542dc8 fl-col-small\" data-node=\"5e7c09c542dc8\">\n<div class=\"fl-col-content fl-node-content\">\n<div class=\"fl-module fl-module-rich-text fl-node-5e61c857119e5\" data-node=\"5e61c857119e5\" data-animation-delay=\"0.0\">\n<div class=\"fl-module-content fl-node-content\">\n<div class=\"fl-rich-text\">\n<p><img decoding=\"async\" class=\"alignnone size-full wp-image-2290\" src=\"https:\/\/www.cyfastener.com\/uploads\/2e58df8d2.png\" alt=\"pd4\" \/><\/p>\n<\/div>\n<\/div>\n<\/div>\n<\/div>\n<\/div>\n<\/div>\n<div class=\"fl-module fl-module-rich-text fl-node-5e61c8feb43fb\" data-node=\"5e61c8feb43fb\" data-animation-delay=\"0.0\">\n<div class=\"fl-module-content fl-node-content\">\n<div class=\"fl-rich-text\">\n<p>Die Sicherungsringzange f\u00fcr Wellen und die Sicherungsringzange f\u00fcr L\u00f6cher unterscheiden sich haupts\u00e4chlich durch Folgendes: Die Sicherungsringzange f\u00fcr Wellen ist ein Spezialwerkzeug f\u00fcr die Demontage und den Einbau von Federsicherungsringen f\u00fcr Wellen, und die Backen sind offen, wenn die H\u00e4nde der Sicherungsringzange f\u00fcr Wellen festgehalten werden;Die Sicherungsringzange wird f\u00fcr den Federsicherungsring des Demontagelochs verwendet. Wenn die Hand fest ergriffen wird, ist die Backe geschlossen.<\/p>\n<\/div>\n<\/div>\n<\/div>\n<div class=\"fl-col-group fl-node-5e61c91f1edd7 fl-col-group-nested\" data-node=\"5e61c91f1edd7\">\n<div class=\"fl-col fl-node-5e61c91f1f418 fl-col-small\" data-node=\"5e61c91f1f418\">\n<div class=\"fl-col-content fl-node-content\">\n<div class=\"fl-module fl-module-rich-text fl-node-5e61c924382b8\" data-node=\"5e61c924382b8\" data-animation-delay=\"0.0\">\n<div class=\"fl-module-content fl-node-content\">\n<div class=\"fl-rich-text\">\n<p><img decoding=\"async\" class=\"alignnone size-full wp-image-1197\" src=\"https:\/\/www.cyfastener.com\/uploads\/e18d13c61.png\" alt=\"pc05\" \/><\/p>\n<\/div>\n<\/div>\n<\/div>\n<\/div>\n<\/div>\n<div class=\"fl-col fl-node-5e61c91f1f46c fl-col-small\" data-node=\"5e61c91f1f46c\">\n<div class=\"fl-col-content fl-node-content\">\n<div class=\"fl-module fl-module-rich-text fl-node-5e61c92e51073\" data-node=\"5e61c92e51073\" data-animation-delay=\"0.0\">\n<div class=\"fl-module-content fl-node-content\">\n<div class=\"fl-rich-text\">\n<p><img decoding=\"async\" class=\"alignnone size-full wp-image-1197\" src=\"https:\/\/www.cyfastener.com\/uploads\/12d504e42.png\" alt=\"pc05\" \/><\/p>\n<\/div>\n<\/div>\n<\/div>\n<\/div>\n<\/div>\n<\/div>\n<\/div>\n<\/div>\n<\/div>\n<\/div>\n<\/div>\n<\/div>\n<div class=\"fl-row fl-row-full-width fl-row-bg-none fl-node-5e61c71c1dd92\" data-node=\"5e61c71c1dd92\">\n<div class=\"fl-row-content-wrap\">\n<div class=\"fl-row-content fl-row-full-width fl-node-content\">\n<div class=\"fl-col-group fl-node-5e61c71c1dde0\" data-node=\"5e61c71c1dde0\">\n<div class=\"fl-col fl-node-5e61c71c1de5f\" data-node=\"5e61c71c1de5f\">\n<div class=\"fl-col-content fl-node-content\">\n<div class=\"fl-module fl-module-rich-text fl-node-5e61c71c1deaa\" data-node=\"5e61c71c1deaa\" data-animation-delay=\"0.0\">\n<div class=\"fl-module-content fl-node-content\">\n<div class=\"fl-rich-text\">\n<p><strong>Produktvorteile:<\/strong><\/p>\n<\/div>\n<\/div>\n<\/div>\n<\/div>\n<\/div>\n<\/div>\n<\/div>\n<\/div>\n<\/div>\n<div class=\"fl-row fl-row-full-width fl-row-bg-none fl-node-5e61c71c1ebe6\" data-node=\"5e61c71c1ebe6\">\n<div class=\"fl-row-content-wrap\">\n<div class=\"fl-row-content fl-row-full-width fl-node-content\">\n<div class=\"fl-col-group fl-node-5e61c71c1ec3f\" data-node=\"5e61c71c1ec3f\">\n<div class=\"fl-col fl-node-5e61c71c1ec88\" data-node=\"5e61c71c1ec88\">\n<div class=\"fl-col-content fl-node-content\">\n<div class=\"fl-module fl-module-rich-text fl-node-5e61c71c1d666\" data-node=\"5e61c71c1d666\" data-animation-delay=\"0.0\">\n<div class=\"fl-module-content fl-node-content\">\n<div class=\"fl-rich-text\">\n<ol>\n<li><strong>Feinmechanische Bearbeitung<\/strong><\/li>\n<\/ol>\n<p align=\"justify\">\u2606 Messen und Bearbeiten mit Pr\u00e4zisionswerkzeugmaschinen und Messwerkzeugen unter streng kontrollierten Umweltbedingungen.<\/p>\n<ol>\n<li><strong>Hochwertige Qualit\u00e4t<\/strong><\/li>\n<\/ol>\n<p align=\"justify\">\u2606 Mit langer Lebensdauer, geringer W\u00e4rmeentwicklung, hoher H\u00e4rte, hoher Steifigkeit, geringem L\u00e4rm, hoher Verschlei\u00dffestigkeit und anderen Eigenschaften.<\/p>\n<ol>\n<li><strong>Kosteng\u00fcnstig<\/strong><\/li>\n<\/ol>\n<p align=\"justify\">\u2606 Die Verwendung von hochwertigem Kohlenstoffstahl, nach der Pr\u00e4zisionsverarbeitung und Formgebung, verbessert die Benutzererfahrung erheblich.<\/p>\n<\/div>\n<\/div>\n<\/div>\n<\/div>\n<\/div>\n<\/div>\n<\/div>\n<\/div>\n<\/div>\n<div class=\"fl-row fl-row-full-width fl-row-bg-none fl-node-5e61c71c1e063\" data-node=\"5e61c71c1e063\">\n<div class=\"fl-row-content-wrap\">\n<div class=\"fl-row-content fl-row-full-width fl-node-content\">\n<div class=\"fl-col-group fl-node-5e61c71c1e0a8\" data-node=\"5e61c71c1e0a8\">\n<div class=\"fl-col fl-node-5e61c71c1e0ec\" data-node=\"5e61c71c1e0ec\">\n<div class=\"fl-col-content fl-node-content\">\n<div class=\"fl-module fl-module-rich-text fl-node-5e61c71c1e131\" data-node=\"5e61c71c1e131\" data-animation-delay=\"0.0\">\n<div class=\"fl-module-content fl-node-content\">\n<div class=\"fl-rich-text\">\n<p><strong>UNSER PAKET:<\/strong><\/p>\n<\/div>\n<\/div>\n<\/div>\n<\/div>\n<\/div>\n<\/div>\n<div class=\"fl-col-group fl-node-5e61c71c1e941\" data-node=\"5e61c71c1e941\">\n<div class=\"fl-col fl-node-5e61c71c1e95e fl-col-has-cols\" data-node=\"5e61c71c1e95e\">\n<div class=\"fl-col-content fl-node-content\">\n<div class=\"fl-module fl-module-rich-text fl-node-5e61c71c1d701\" data-node=\"5e61c71c1d701\" data-animation-delay=\"0.0\">\n<div class=\"fl-module-content fl-node-content\">\n<div class=\"fl-rich-text\">\n<p align=\"justify\">1. 25-kg-S\u00e4cke oder 50-kg-S\u00e4cke.<br \/>\n2. S\u00e4cke mit Palette.<br \/>\n3. 25-kg-Kartons oder Kartons mit Palette.<br \/>\n4. Verpackung nach Kundenwunsch<\/p>\n<\/div>\n<\/div>\n<\/div>\n<\/div>\n<\/div>\n<\/div>\n<\/div>\n<\/div>\n<\/div>","protected":false},"excerpt":{"rendered":"<p>Min.Bestellmenge:1000PCS<\/p>\n<p>VERPACKUNG: BEUTEL\/KARTON MIT PALETTE<\/p>\n<p>HAFEN:TIANJIN\/QINGDAO\/SHANGHAI\/NINGBO<\/p>\n<p>LIEFERUNG:5-30 TAGE JE NACH MENGE<\/p>\n<p>BEZAHLUNG:T\/T\/LC<\/p>\n<p>Lieferf\u00e4higkeit:500 TONNEN PRO MONAT<\/p>","protected":false},"featured_media":2785,"template":"","meta":{"_kad_post_transparent":"default","_kad_post_title":"","_kad_post_layout":"default","_kad_post_sidebar_id":"","_kad_post_content_style":"default","_kad_post_vertical_padding":"default","_kad_post_feature":"","_kad_post_feature_position":"","_kad_post_header":false,"_kad_post_footer":false},"product_brand":[],"product_cat":[70,32],"product_tag":[],"class_list":{"0":"post-2783","1":"product","2":"type-product","3":"status-publish","4":"has-post-thumbnail","6":"product_cat-din-471-retaining-rings-for-shaft","7":"product_cat-washer","9":"first","10":"instock","11":"shipping-taxable","12":"product-type-simple","13":"entry","14":"content-bg","15":"loop-entry"},"yoast_head":"<!-- This site is optimized with the Yoast SEO plugin v27.4 - https:\/\/yoast.com\/product\/yoast-seo-wordpress\/ -->\n<title>DIN 471 Retaining Rings For Shafts - Quantong Fastener<\/title>\n<meta name=\"robots\" content=\"index, follow, max-snippet:-1, max-image-preview:large, max-video-preview:-1\" \/>\n<link rel=\"canonical\" href=\"https:\/\/quantongfastener.com\/de\/produkt\/din-471-retaining-rings-for-shafts\/\" \/>\n<meta property=\"og:locale\" content=\"de_DE\" \/>\n<meta property=\"og:type\" content=\"article\" \/>\n<meta property=\"og:title\" content=\"DIN 471 Retaining Rings For Shafts - Quantong Fastener\" \/>\n<meta property=\"og:description\" content=\"Min.Order Quantity:1000PCS  PACKAGING:BAG\/BOX WITH PALLET  PORT:TIANJIN\/QINGDAO\/SHANGHAI\/NINGBO  DELIVERY:5-30DAYS ON QTY  PAYMENT:T\/T\/LC  Supply Ability:500 TON PER MONTH\" \/>\n<meta property=\"og:url\" content=\"https:\/\/quantongfastener.com\/de\/produkt\/din-471-retaining-rings-for-shafts\/\" \/>\n<meta property=\"og:site_name\" content=\"Quantong Fastener\" \/>\n<meta property=\"article:modified_time\" content=\"2025-08-31T05:23:04+00:00\" \/>\n<meta property=\"og:image\" content=\"https:\/\/quantongfastener.com\/wp-content\/uploads\/2025\/08\/DIN-471-Retaining-Rings-For-Shafts-3.jpg\" \/>\n\t<meta property=\"og:image:width\" content=\"610\" \/>\n\t<meta property=\"og:image:height\" content=\"610\" \/>\n\t<meta property=\"og:image:type\" content=\"image\/jpeg\" \/>\n<meta name=\"twitter:card\" content=\"summary_large_image\" \/>\n<meta name=\"twitter:label1\" content=\"Gesch\u00e4tzte Lesezeit\" \/>\n\t<meta name=\"twitter:data1\" content=\"3\u00a0Minuten\" \/>\n<script type=\"application\/ld+json\" class=\"yoast-schema-graph\">{\"@context\":\"https:\\\/\\\/schema.org\",\"@graph\":[{\"@type\":\"WebPage\",\"@id\":\"https:\\\/\\\/quantongfastener.com\\\/product\\\/din-471-retaining-rings-for-shafts\\\/\",\"url\":\"https:\\\/\\\/quantongfastener.com\\\/product\\\/din-471-retaining-rings-for-shafts\\\/\",\"name\":\"DIN 471 Retaining Rings For Shafts - Quantong Fastener\",\"isPartOf\":{\"@id\":\"https:\\\/\\\/quantongfastener.com\\\/#website\"},\"primaryImageOfPage\":{\"@id\":\"https:\\\/\\\/quantongfastener.com\\\/product\\\/din-471-retaining-rings-for-shafts\\\/#primaryimage\"},\"image\":{\"@id\":\"https:\\\/\\\/quantongfastener.com\\\/product\\\/din-471-retaining-rings-for-shafts\\\/#primaryimage\"},\"thumbnailUrl\":\"https:\\\/\\\/quantongfastener.com\\\/wp-content\\\/uploads\\\/2025\\\/08\\\/DIN-471-Retaining-Rings-For-Shafts-3.jpg\",\"datePublished\":\"2025-08-10T14:33:07+00:00\",\"dateModified\":\"2025-08-31T05:23:04+00:00\",\"breadcrumb\":{\"@id\":\"https:\\\/\\\/quantongfastener.com\\\/product\\\/din-471-retaining-rings-for-shafts\\\/#breadcrumb\"},\"inLanguage\":\"de\",\"potentialAction\":[{\"@type\":\"ReadAction\",\"target\":[\"https:\\\/\\\/quantongfastener.com\\\/product\\\/din-471-retaining-rings-for-shafts\\\/\"]}]},{\"@type\":\"ImageObject\",\"inLanguage\":\"de\",\"@id\":\"https:\\\/\\\/quantongfastener.com\\\/product\\\/din-471-retaining-rings-for-shafts\\\/#primaryimage\",\"url\":\"https:\\\/\\\/quantongfastener.com\\\/wp-content\\\/uploads\\\/2025\\\/08\\\/DIN-471-Retaining-Rings-For-Shafts-3.jpg\",\"contentUrl\":\"https:\\\/\\\/quantongfastener.com\\\/wp-content\\\/uploads\\\/2025\\\/08\\\/DIN-471-Retaining-Rings-For-Shafts-3.jpg\",\"width\":610,\"height\":610},{\"@type\":\"BreadcrumbList\",\"@id\":\"https:\\\/\\\/quantongfastener.com\\\/product\\\/din-471-retaining-rings-for-shafts\\\/#breadcrumb\",\"itemListElement\":[{\"@type\":\"ListItem\",\"position\":1,\"name\":\"Home\",\"item\":\"https:\\\/\\\/quantongfastener.com\\\/\"},{\"@type\":\"ListItem\",\"position\":2,\"name\":\"Products\",\"item\":\"https:\\\/\\\/quantongfastener.com\\\/products\\\/\"},{\"@type\":\"ListItem\",\"position\":3,\"name\":\"DIN 471 Retaining Rings For Shafts\"}]},{\"@type\":\"WebSite\",\"@id\":\"https:\\\/\\\/quantongfastener.com\\\/#website\",\"url\":\"https:\\\/\\\/quantongfastener.com\\\/\",\"name\":\"Quantong Fastener\",\"description\":\"\",\"publisher\":{\"@id\":\"https:\\\/\\\/quantongfastener.com\\\/#organization\"},\"potentialAction\":[{\"@type\":\"SearchAction\",\"target\":{\"@type\":\"EntryPoint\",\"urlTemplate\":\"https:\\\/\\\/quantongfastener.com\\\/?s={search_term_string}\"},\"query-input\":{\"@type\":\"PropertyValueSpecification\",\"valueRequired\":true,\"valueName\":\"search_term_string\"}}],\"inLanguage\":\"de\"},{\"@type\":\"Organization\",\"@id\":\"https:\\\/\\\/quantongfastener.com\\\/#organization\",\"name\":\"Quantong Fastener\",\"url\":\"https:\\\/\\\/quantongfastener.com\\\/\",\"logo\":{\"@type\":\"ImageObject\",\"inLanguage\":\"de\",\"@id\":\"https:\\\/\\\/quantongfastener.com\\\/#\\\/schema\\\/logo\\\/image\\\/\",\"url\":\"https:\\\/\\\/quantongfastener.com\\\/wp-content\\\/uploads\\\/2025\\\/07\\\/logo.jpg\",\"contentUrl\":\"https:\\\/\\\/quantongfastener.com\\\/wp-content\\\/uploads\\\/2025\\\/07\\\/logo.jpg\",\"width\":425,\"height\":424,\"caption\":\"Quantong Fastener\"},\"image\":{\"@id\":\"https:\\\/\\\/quantongfastener.com\\\/#\\\/schema\\\/logo\\\/image\\\/\"}}]}<\/script>\n<!-- \/ Yoast SEO plugin. -->","yoast_head_json":{"title":"DIN 471 Retaining Rings For Shafts - Quantong Fastener","robots":{"index":"index","follow":"follow","max-snippet":"max-snippet:-1","max-image-preview":"max-image-preview:large","max-video-preview":"max-video-preview:-1"},"canonical":"https:\/\/quantongfastener.com\/de\/produkt\/din-471-retaining-rings-for-shafts\/","og_locale":"de_DE","og_type":"article","og_title":"DIN 471 Retaining Rings For Shafts - Quantong Fastener","og_description":"Min.Order Quantity:1000PCS  PACKAGING:BAG\/BOX WITH PALLET  PORT:TIANJIN\/QINGDAO\/SHANGHAI\/NINGBO  DELIVERY:5-30DAYS ON QTY  PAYMENT:T\/T\/LC  Supply Ability:500 TON PER MONTH","og_url":"https:\/\/quantongfastener.com\/de\/produkt\/din-471-retaining-rings-for-shafts\/","og_site_name":"Quantong Fastener","article_modified_time":"2025-08-31T05:23:04+00:00","og_image":[{"width":610,"height":610,"url":"https:\/\/quantongfastener.com\/wp-content\/uploads\/2025\/08\/DIN-471-Retaining-Rings-For-Shafts-3.jpg","type":"image\/jpeg"}],"twitter_card":"summary_large_image","twitter_misc":{"Gesch\u00e4tzte Lesezeit":"3\u00a0Minuten"},"schema":{"@context":"https:\/\/schema.org","@graph":[{"@type":"WebPage","@id":"https:\/\/quantongfastener.com\/product\/din-471-retaining-rings-for-shafts\/","url":"https:\/\/quantongfastener.com\/product\/din-471-retaining-rings-for-shafts\/","name":"DIN 471 Retaining Rings For Shafts - Quantong Fastener","isPartOf":{"@id":"https:\/\/quantongfastener.com\/#website"},"primaryImageOfPage":{"@id":"https:\/\/quantongfastener.com\/product\/din-471-retaining-rings-for-shafts\/#primaryimage"},"image":{"@id":"https:\/\/quantongfastener.com\/product\/din-471-retaining-rings-for-shafts\/#primaryimage"},"thumbnailUrl":"https:\/\/quantongfastener.com\/wp-content\/uploads\/2025\/08\/DIN-471-Retaining-Rings-For-Shafts-3.jpg","datePublished":"2025-08-10T14:33:07+00:00","dateModified":"2025-08-31T05:23:04+00:00","breadcrumb":{"@id":"https:\/\/quantongfastener.com\/product\/din-471-retaining-rings-for-shafts\/#breadcrumb"},"inLanguage":"de","potentialAction":[{"@type":"ReadAction","target":["https:\/\/quantongfastener.com\/product\/din-471-retaining-rings-for-shafts\/"]}]},{"@type":"ImageObject","inLanguage":"de","@id":"https:\/\/quantongfastener.com\/product\/din-471-retaining-rings-for-shafts\/#primaryimage","url":"https:\/\/quantongfastener.com\/wp-content\/uploads\/2025\/08\/DIN-471-Retaining-Rings-For-Shafts-3.jpg","contentUrl":"https:\/\/quantongfastener.com\/wp-content\/uploads\/2025\/08\/DIN-471-Retaining-Rings-For-Shafts-3.jpg","width":610,"height":610},{"@type":"BreadcrumbList","@id":"https:\/\/quantongfastener.com\/product\/din-471-retaining-rings-for-shafts\/#breadcrumb","itemListElement":[{"@type":"ListItem","position":1,"name":"Home","item":"https:\/\/quantongfastener.com\/"},{"@type":"ListItem","position":2,"name":"Products","item":"https:\/\/quantongfastener.com\/products\/"},{"@type":"ListItem","position":3,"name":"DIN 471 Retaining Rings For Shafts"}]},{"@type":"WebSite","@id":"https:\/\/quantongfastener.com\/#website","url":"https:\/\/quantongfastener.com\/","name":"Quantong-Verschluss","description":"","publisher":{"@id":"https:\/\/quantongfastener.com\/#organization"},"potentialAction":[{"@type":"SearchAction","target":{"@type":"EntryPoint","urlTemplate":"https:\/\/quantongfastener.com\/?s={search_term_string}"},"query-input":{"@type":"PropertyValueSpecification","valueRequired":true,"valueName":"search_term_string"}}],"inLanguage":"de"},{"@type":"Organization","@id":"https:\/\/quantongfastener.com\/#organization","name":"Quantong-Verschluss","url":"https:\/\/quantongfastener.com\/","logo":{"@type":"ImageObject","inLanguage":"de","@id":"https:\/\/quantongfastener.com\/#\/schema\/logo\/image\/","url":"https:\/\/quantongfastener.com\/wp-content\/uploads\/2025\/07\/logo.jpg","contentUrl":"https:\/\/quantongfastener.com\/wp-content\/uploads\/2025\/07\/logo.jpg","width":425,"height":424,"caption":"Quantong Fastener"},"image":{"@id":"https:\/\/quantongfastener.com\/#\/schema\/logo\/image\/"}}]}},"_links":{"self":[{"href":"https:\/\/quantongfastener.com\/de\/wp-json\/wp\/v2\/product\/2783","targetHints":{"allow":["GET"]}}],"collection":[{"href":"https:\/\/quantongfastener.com\/de\/wp-json\/wp\/v2\/product"}],"about":[{"href":"https:\/\/quantongfastener.com\/de\/wp-json\/wp\/v2\/types\/product"}],"wp:featuredmedia":[{"embeddable":true,"href":"https:\/\/quantongfastener.com\/de\/wp-json\/wp\/v2\/media\/2785"}],"wp:attachment":[{"href":"https:\/\/quantongfastener.com\/de\/wp-json\/wp\/v2\/media?parent=2783"}],"wp:term":[{"taxonomy":"product_brand","embeddable":true,"href":"https:\/\/quantongfastener.com\/de\/wp-json\/wp\/v2\/product_brand?post=2783"},{"taxonomy":"product_cat","embeddable":true,"href":"https:\/\/quantongfastener.com\/de\/wp-json\/wp\/v2\/product_cat?post=2783"},{"taxonomy":"product_tag","embeddable":true,"href":"https:\/\/quantongfastener.com\/de\/wp-json\/wp\/v2\/product_tag?post=2783"}],"curies":[{"name":"wp","href":"https:\/\/api.w.org\/{rel}","templated":true}]}}