{"id":2371,"date":"2025-08-09T15:46:05","date_gmt":"2025-08-09T15:46:05","guid":{"rendered":"https:\/\/quantongfastener.com\/?post_type=product&#038;p=2371"},"modified":"2025-08-09T15:46:05","modified_gmt":"2025-08-09T15:46:05","slug":"stainless-steel-hex-nut-din-934","status":"publish","type":"product","link":"https:\/\/quantongfastener.com\/de\/produkt\/stainless-steel-hex-nut-din-934\/","title":{"rendered":"Edelstahl Sechskantmutter DIN 934"},"content":{"rendered":"<div class=\"fl-row fl-row-full-width fl-row-bg-none fl-node-5e5c82bd8cf60\" data-node=\"5e5c82bd8cf60\">\n<div class=\"fl-row-content-wrap\">\n<div class=\"fl-row-content fl-row-full-width fl-node-content\">\n<div class=\"fl-col-group fl-node-5e5c82bd8cfad\" data-node=\"5e5c82bd8cfad\">\n<div class=\"fl-col fl-node-5e5c82bd8cff2 fl-col-has-cols\" data-node=\"5e5c82bd8cff2\">\n<div class=\"fl-col-content fl-node-content\">\n<div class=\"fl-module fl-module-rich-text fl-node-5e5c82bd8d035\" data-node=\"5e5c82bd8d035\" data-animation-delay=\"0.0\">\n<div class=\"fl-module-content fl-node-content\">\n<div class=\"fl-rich-text\">\n<div class=\"table_wrap\">\n<table border=\"1\" cellspacing=\"0\">\n<tbody>\n<tr>\n<td valign=\"top\" width=\"161\">Name des Produkts<\/td>\n<td valign=\"top\" width=\"406\">A2-70 Sechskantmutter<\/td>\n<\/tr>\n<tr>\n<td valign=\"top\" width=\"161\">Gr\u00f6\u00dfe<\/td>\n<td valign=\"top\" width=\"406\">M3-72<\/td>\n<\/tr>\n<tr>\n<td valign=\"top\" width=\"161\">Klasse<\/td>\n<td valign=\"top\" width=\"406\">SS304\/SS316\/SS316L<\/td>\n<\/tr>\n<tr>\n<td valign=\"top\" width=\"161\">Material<\/td>\n<td valign=\"top\" width=\"406\">Rostfreier Stahl<\/td>\n<\/tr>\n<tr>\n<td valign=\"top\" width=\"161\">Oberfl\u00e4chenbehandlung<\/td>\n<td valign=\"top\" width=\"406\">Einfach<\/td>\n<\/tr>\n<tr>\n<td valign=\"top\" width=\"161\">Standard<\/td>\n<td valign=\"top\" width=\"406\">DIN\/ISO<\/td>\n<\/tr>\n<tr>\n<td valign=\"top\" width=\"161\">Zertifikat<\/td>\n<td valign=\"top\" width=\"406\">ISO 9001<\/td>\n<\/tr>\n<tr>\n<td valign=\"top\" width=\"161\">Muster<\/td>\n<td valign=\"top\" width=\"406\">Kostenlose Proben<\/td>\n<\/tr>\n<\/tbody>\n<\/table>\n<\/div>\n<\/div>\n<\/div>\n<\/div>\n<div class=\"fl-module fl-module-rich-text fl-node-5e5ca23a38356\" data-node=\"5e5ca23a38356\" data-animation-delay=\"0.0\">\n<div class=\"fl-module-content fl-node-content\">\n<div class=\"fl-rich-text\">\n<p><strong>F\u00fcnf Vorteile von rostfreiem Stahl:<\/strong><br \/>\n1. Hohe H\u00e4rte, keine Verformung -- Die H\u00e4rte von rostfreiem Stahl ist mehr als 2 mal h\u00f6her als die von Kupfer, mehr als 10 mal h\u00f6her als die von Aluminium, die Verarbeitung ist schwierig, und der Produktionsprozess ist kompliziert.<\/p>\n<\/div>\n<\/div>\n<\/div>\n<div class=\"fl-col-group fl-node-5e5ca28944390 fl-col-group-nested\" data-node=\"5e5ca28944390\">\n<div class=\"fl-col fl-node-5e5ca28944915 fl-col-small\" data-node=\"5e5ca28944915\">\n<div class=\"fl-col-content fl-node-content\">\n<div class=\"fl-module fl-module-rich-text fl-node-5e5ca28e29734\" data-node=\"5e5ca28e29734\" data-animation-delay=\"0.0\">\n<div class=\"fl-module-content fl-node-content\">\n<div class=\"fl-rich-text\">\n<p><img decoding=\"async\" class=\"alignnone size-full wp-image-1860\" src=\"https:\/\/www.cyfastener.com\/uploads\/667ecc92.jpg\" alt=\"cb546c6a5dc39afd4c62b79123711f1\" \/><\/p>\n<\/div>\n<\/div>\n<\/div>\n<\/div>\n<\/div>\n<div class=\"fl-col fl-node-5e5ca28944966 fl-col-small\" data-node=\"5e5ca28944966\">\n<div class=\"fl-col-content fl-node-content\">\n<div class=\"fl-module fl-module-rich-text fl-node-5e5ca2c581265\" data-node=\"5e5ca2c581265\" data-animation-delay=\"0.0\">\n<div class=\"fl-module-content fl-node-content\">\n<div class=\"fl-rich-text\">\n<p><img decoding=\"async\" class=\"alignnone size-full wp-image-1860\" src=\"https:\/\/www.cyfastener.com\/uploads\/380f1681.jpg\" alt=\"cb546c6a5dc39afd4c62b79123711f1\" \/><\/p>\n<\/div>\n<\/div>\n<\/div>\n<\/div>\n<\/div>\n<\/div>\n<div class=\"fl-module fl-module-rich-text fl-node-5e5ca35870400\" data-node=\"5e5ca35870400\" data-animation-delay=\"0.0\">\n<div class=\"fl-module-content fl-node-content\">\n<div class=\"fl-rich-text\">\n<p>2. langlebig und nicht rostig - aus Edelstahl, die Kombination von Chrom und Nickel schafft eine Anti-Oxidationsschicht auf der Oberfl\u00e4che des Materials, die die Rolle von Rost spielt.<\/p>\n<\/div>\n<\/div>\n<\/div>\n<div class=\"fl-col-group fl-node-5e5ca37466ee2 fl-col-group-nested\" data-node=\"5e5ca37466ee2\">\n<div class=\"fl-col fl-node-5e5ca37467452 fl-col-small\" data-node=\"5e5ca37467452\">\n<div class=\"fl-col-content fl-node-content\">\n<div class=\"fl-module fl-module-rich-text fl-node-5e5ca37d87264\" data-node=\"5e5ca37d87264\" data-animation-delay=\"0.0\">\n<div class=\"fl-module-content fl-node-content\">\n<div class=\"fl-rich-text\">\n<p><img decoding=\"async\" class=\"alignnone size-full wp-image-1860\" src=\"https:\/\/www.cyfastener.com\/uploads\/a47385f4.jpg\" alt=\"cb546c6a5dc39afd4c62b79123711f1\" \/><\/p>\n<\/div>\n<\/div>\n<\/div>\n<\/div>\n<\/div>\n<div class=\"fl-col fl-node-5e5ca374674ab fl-col-small\" data-node=\"5e5ca374674ab\">\n<div class=\"fl-col-content fl-node-content\">\n<div class=\"fl-module fl-module-rich-text fl-node-5e5ca386dc585\" data-node=\"5e5ca386dc585\" data-animation-delay=\"0.0\">\n<div class=\"fl-module-content fl-node-content\">\n<div class=\"fl-rich-text\">\n<p><img decoding=\"async\" class=\"alignnone size-full wp-image-1860\" src=\"https:\/\/www.cyfastener.com\/uploads\/144b0d7f.jpg\" alt=\"cb546c6a5dc39afd4c62b79123711f1\" \/><\/p>\n<\/div>\n<\/div>\n<\/div>\n<\/div>\n<\/div>\n<\/div>\n<div class=\"fl-module fl-module-rich-text fl-node-5e5ca3bf619d8\" data-node=\"5e5ca3bf619d8\" data-animation-delay=\"0.0\">\n<div class=\"fl-module-content fl-node-content\">\n<div class=\"fl-rich-text\">\n<p>3. umweltfreundlich, ungiftig und nicht verschmutzend --- Edelstahl ist als hygienisch, sicher, ungiftig und s\u00e4ure- und laugenbest\u00e4ndig anerkannt. Es wird nicht in das Meer freigesetzt und verschmutzt nicht das Leitungswasser.<\/p>\n<\/div>\n<\/div>\n<\/div>\n<div class=\"fl-col-group fl-node-5e5ca3e7d0edc fl-col-group-nested\" data-node=\"5e5ca3e7d0edc\">\n<div class=\"fl-col fl-node-5e5ca3e7d150b fl-col-small\" data-node=\"5e5ca3e7d150b\">\n<div class=\"fl-col-content fl-node-content\">\n<div class=\"fl-module fl-module-rich-text fl-node-5e5ca3fbe0838\" data-node=\"5e5ca3fbe0838\" data-animation-delay=\"0.0\">\n<div class=\"fl-module-content fl-node-content\">\n<div class=\"fl-rich-text\">\n<p><img decoding=\"async\" class=\"alignnone size-full wp-image-1860\" src=\"https:\/\/www.cyfastener.com\/uploads\/d6d72624.jpg\" alt=\"cb546c6a5dc39afd4c62b79123711f1\" \/><\/p>\n<\/div>\n<\/div>\n<\/div>\n<\/div>\n<\/div>\n<div class=\"fl-col fl-node-5e5ca3e7d1559 fl-col-small\" data-node=\"5e5ca3e7d1559\">\n<div class=\"fl-col-content fl-node-content\">\n<div class=\"fl-module fl-module-rich-text fl-node-5e5ca402e394b\" data-node=\"5e5ca402e394b\" data-animation-delay=\"0.0\">\n<div class=\"fl-module-content fl-node-content\">\n<div class=\"fl-rich-text\">\n<p><img decoding=\"async\" class=\"alignnone size-full wp-image-1860\" src=\"https:\/\/www.cyfastener.com\/uploads\/e413406e.jpg\" alt=\"cb546c6a5dc39afd4c62b79123711f1\" \/><\/p>\n<\/div>\n<\/div>\n<\/div>\n<\/div>\n<\/div>\n<\/div>\n<div class=\"fl-module fl-module-rich-text fl-node-5e5ca439a0a2a\" data-node=\"5e5ca439a0a2a\" data-animation-delay=\"0.0\">\n<div class=\"fl-module-content fl-node-content\">\n<div class=\"fl-rich-text\">\n<p>4. Sch\u00f6n, hochwertig, praktisch --- Edelstahlprodukte sind auf der ganzen Welt beliebt. Die Oberfl\u00e4che ist silber und wei\u00df. Nach zehn Jahren Gebrauch rostet sie nicht. Solange Sie es mit sauberem Wasser abwischen, wird es sauber und sch\u00f6n sein, so hell wie neu.<\/p>\n<\/div>\n<\/div>\n<\/div>\n<div class=\"fl-col-group fl-node-5e5ca45180533 fl-col-group-nested\" data-node=\"5e5ca45180533\">\n<div class=\"fl-col fl-node-5e5ca45180b8f fl-col-small\" data-node=\"5e5ca45180b8f\">\n<div class=\"fl-col-content fl-node-content\">\n<div class=\"fl-module fl-module-rich-text fl-node-5e5ca455c6f61\" data-node=\"5e5ca455c6f61\" data-animation-delay=\"0.0\">\n<div class=\"fl-module-content fl-node-content\">\n<div class=\"fl-rich-text\">\n<p><img decoding=\"async\" class=\"alignnone size-full wp-image-1860\" src=\"https:\/\/www.cyfastener.com\/uploads\/400d23c0.jpg\" alt=\"cb546c6a5dc39afd4c62b79123711f1\" \/><\/p>\n<\/div>\n<\/div>\n<\/div>\n<\/div>\n<\/div>\n<div class=\"fl-col fl-node-5e5ca45180be2 fl-col-small\" data-node=\"5e5ca45180be2\">\n<div class=\"fl-col-content fl-node-content\">\n<div class=\"fl-module fl-module-rich-text fl-node-5e5ca45bbed15\" data-node=\"5e5ca45bbed15\" data-animation-delay=\"0.0\">\n<div class=\"fl-module-content fl-node-content\">\n<div class=\"fl-rich-text\">\n<p><img decoding=\"async\" class=\"alignnone size-full wp-image-1860\" src=\"https:\/\/www.cyfastener.com\/uploads\/8adfc168.jpg\" alt=\"cb546c6a5dc39afd4c62b79123711f1\" \/><\/p>\n<\/div>\n<\/div>\n<\/div>\n<\/div>\n<\/div>\n<\/div>\n<\/div>\n<\/div>\n<\/div>\n<\/div>\n<\/div>\n<\/div>\n<div class=\"fl-row fl-row-full-width fl-row-bg-none fl-node-5e5c82bd8d80f\" data-node=\"5e5c82bd8d80f\">\n<div class=\"fl-row-content-wrap\">\n<div class=\"fl-row-content fl-row-full-width fl-node-content\">\n<div class=\"fl-col-group fl-node-5e5c82bd8d854\" data-node=\"5e5c82bd8d854\">\n<div class=\"fl-col fl-node-5e5c82bd8d898\" data-node=\"5e5c82bd8d898\">\n<div class=\"fl-col-content fl-node-content\">\n<div class=\"fl-module fl-module-rich-text fl-node-5e5c82bd8d8bc\" data-node=\"5e5c82bd8d8bc\" data-animation-delay=\"0.0\">\n<div class=\"fl-module-content fl-node-content\">\n<div class=\"fl-rich-text\">\n<p><strong>H\u00e4ufige Fragen zu Edelstahl::<\/strong><\/p>\n<\/div>\n<\/div>\n<\/div>\n<\/div>\n<\/div>\n<\/div>\n<\/div>\n<\/div>\n<\/div>\n<div class=\"fl-row fl-row-full-width fl-row-bg-none fl-node-5e5c82bd8f06e\" data-node=\"5e5c82bd8f06e\">\n<div class=\"fl-row-content-wrap\">\n<div class=\"fl-row-content fl-row-full-width fl-node-content\">\n<div class=\"fl-col-group fl-node-5e5c82bd8f0b7\" data-node=\"5e5c82bd8f0b7\">\n<div class=\"fl-col fl-node-5e5c82bd8f16a\" data-node=\"5e5c82bd8f16a\">\n<div class=\"fl-col-content fl-node-content\">\n<div class=\"fl-module fl-module-rich-text fl-node-5e5c82bd8d130\" data-node=\"5e5c82bd8d130\" data-animation-delay=\"0.0\">\n<div class=\"fl-module-content fl-node-content\">\n<div class=\"fl-rich-text\">\n<p>F: Warum ist rostfreier Stahl magnetisch?<br \/>\nA: Der rostfreie Stahl 304 geh\u00f6rt zu den austenitischen rostfreien St\u00e4hlen. Austenit wird w\u00e4hrend der Kaltbearbeitung teilweise oder leicht in Martensit umgewandelt. Martensit ist magnetisch, daher ist rostfreier Stahl nicht oder nur schwach magnetisch.<br \/>\nF: Woran erkennt man authentische Produkte aus nichtrostendem Stahl?<br \/>\nA: 1. unterst\u00fctzen Edelstahl speziellen Trank Test, wenn es nicht die Farbe \u00e4ndern, ist es authentisch Edelstahl.<br \/>\n2. Unterst\u00fctzung der Analyse der chemischen Zusammensetzung und der Spektralanalyse.<br \/>\n3. Unterst\u00fctzen Sie Rauch-Test, um die tats\u00e4chliche Verwendung Umwelt zu simulieren.<br \/>\nF: Welche sind die am h\u00e4ufigsten verwendeten nichtrostenden St\u00e4hle?<br \/>\nA: 1.SS201, geeignet f\u00fcr den Einsatz in trockener Umgebung, rostet leicht im Wasser.<br \/>\n2.SS304, im Freien oder in feuchter Umgebung, hohe Korrosions- und S\u00e4urebest\u00e4ndigkeit.<br \/>\n3.SS316, Molybd\u00e4n hinzugef\u00fcgt, mehr Korrosionsbest\u00e4ndigkeit, besonders geeignet f\u00fcr Seewasser und chemische Medien.<\/p>\n<\/div>\n<\/div>\n<\/div>\n<\/div>\n<\/div>\n<\/div>\n<\/div>\n<\/div>\n<\/div>\n<div class=\"fl-row fl-row-full-width fl-row-bg-none fl-node-5e5c82bd8d8fd\" data-node=\"5e5c82bd8d8fd\">\n<div class=\"fl-row-content-wrap\">\n<div class=\"fl-row-content fl-row-full-width fl-node-content\">\n<div class=\"fl-col-group fl-node-5e5c82bd8d93e\" data-node=\"5e5c82bd8d93e\">\n<div class=\"fl-col fl-node-5e5c82bd8d980\" data-node=\"5e5c82bd8d980\">\n<div class=\"fl-col-content fl-node-content\">\n<div class=\"fl-module fl-module-rich-text fl-node-5e5c82bd8d9c1\" data-node=\"5e5c82bd8d9c1\" data-animation-delay=\"0.0\">\n<div class=\"fl-module-content fl-node-content\">\n<div class=\"fl-rich-text\">\n<p><strong>Parameter des Produkts:<\/strong><\/p>\n<\/div>\n<\/div>\n<\/div>\n<\/div>\n<\/div>\n<\/div>\n<\/div>\n<\/div>\n<\/div>\n<div class=\"fl-row fl-row-full-width fl-row-bg-none fl-node-5e5c82bd8e4ca\" data-node=\"5e5c82bd8e4ca\">\n<div class=\"fl-row-content-wrap\">\n<div class=\"fl-row-content fl-row-full-width fl-node-content\">\n<div class=\"fl-col-group fl-node-5e5c82bd8f012\" data-node=\"5e5c82bd8f012\">\n<div class=\"fl-col fl-node-5e5c82bd8f02c\" data-node=\"5e5c82bd8f02c\">\n<div class=\"fl-col-content fl-node-content\">\n<div class=\"fl-module fl-module-rich-text fl-node-5e5c82bd8d176\" data-node=\"5e5c82bd8d176\" data-animation-delay=\"0.0\">\n<div class=\"fl-module-content fl-node-content\">\n<div class=\"fl-rich-text\">\n<p>DIN 934 NORM<\/p>\n<p><a href=\"http:\/\/k1688.quanqiusou.cn\/uploads\/7df712f5.png\"><img decoding=\"async\" class=\"alignnone size-full wp-image-1867\" src=\"http:\/\/k1688.quanqiusou.cn\/uploads\/7df712f5.png\" alt=\"pc_1\" \/><\/a>\u00a0<a href=\"http:\/\/k1688.quanqiusou.cn\/uploads\/db8f5f52.png\"><img decoding=\"async\" class=\"alignnone size-medium wp-image-1868\" src=\"http:\/\/k1688.quanqiusou.cn\/uploads\/db8f5f52.png\" alt=\"pc_2\" \/><\/a><\/p>\n<\/div>\n<\/div>\n<\/div>\n<\/div>\n<\/div>\n<\/div>\n<\/div>\n<\/div>\n<\/div>","protected":false},"excerpt":{"rendered":"<p>Min.Bestellmenge:1000PCS<\/p>\n<p>VERPACKUNG: BEUTEL\/KARTON MIT PALETTE<\/p>\n<p>HAFEN:TIANJIN\/QINGDAO\/SHANGHAI\/NINGBO<\/p>\n<p>LIEFERUNG:5-30 TAGE JE NACH MENGE<\/p>\n<p>BEZAHLUNG:T\/T\/LC<\/p>\n<p>Lieferf\u00e4higkeit:500 TONNEN PRO MONAT<\/p>\n<p>&nbsp;<\/p>\n<ul>\n<li><em>FOB-Preis:<\/em>US $0.5 - 9,999 \/ St\u00fcck<\/li>\n<li><em>Mindestbestellmenge:<\/em>100 St\u00fcck\/St\u00fcck<\/li>\n<li><em>Lieferf\u00e4higkeit:<\/em>10000 St\u00fcck\/St\u00fcck pro Monat<\/li>\n<\/ul>","protected":false},"featured_media":2375,"template":"","meta":{"_kad_post_transparent":"default","_kad_post_title":"","_kad_post_layout":"default","_kad_post_sidebar_id":"","_kad_post_content_style":"default","_kad_post_vertical_padding":"default","_kad_post_feature":"","_kad_post_feature_position":"","_kad_post_header":false,"_kad_post_footer":false},"product_brand":[],"product_cat":[29],"product_tag":[],"class_list":{"0":"post-2371","1":"product","2":"type-product","3":"status-publish","4":"has-post-thumbnail","6":"product_cat-nut","8":"first","9":"instock","10":"shipping-taxable","11":"product-type-simple","12":"entry","13":"content-bg","14":"loop-entry"},"yoast_head":"<!-- This site is optimized with the Yoast SEO plugin v27.4 - https:\/\/yoast.com\/product\/yoast-seo-wordpress\/ -->\n<title>Stainless steel Hex Nut DIN 934 - Quantong Fastener<\/title>\n<meta name=\"robots\" content=\"index, follow, max-snippet:-1, max-image-preview:large, max-video-preview:-1\" \/>\n<link rel=\"canonical\" href=\"https:\/\/quantongfastener.com\/de\/produkt\/stainless-steel-hex-nut-din-934\/\" \/>\n<meta property=\"og:locale\" content=\"de_DE\" \/>\n<meta property=\"og:type\" content=\"article\" \/>\n<meta property=\"og:title\" content=\"Stainless steel Hex Nut DIN 934 - Quantong Fastener\" \/>\n<meta property=\"og:description\" content=\"Min.Order Quantity:1000PCS  PACKAGING:BAG\/BOX WITH PALLET  PORT:TIANJIN\/QINGDAO\/SHANGHAI\/NINGBO  DELIVERY:5-30DAYS ON QTY  PAYMENT:T\/T\/LC  Supply Ability:500 TON PER MONTH  &nbsp;   FOB Price:US $0.5 - 9,999 \/ Piece  Min.Order Quantity:100 Piece\/Pieces  Supply Ability:10000 Piece\/Pieces per Month\" \/>\n<meta property=\"og:url\" content=\"https:\/\/quantongfastener.com\/de\/produkt\/stainless-steel-hex-nut-din-934\/\" \/>\n<meta property=\"og:site_name\" content=\"Quantong Fastener\" \/>\n<meta property=\"og:image\" content=\"https:\/\/quantongfastener.com\/wp-content\/uploads\/2025\/08\/Stainless-steel-Hex-Nut-DIN-934-4.jpg\" \/>\n\t<meta property=\"og:image:width\" content=\"610\" \/>\n\t<meta property=\"og:image:height\" content=\"610\" \/>\n\t<meta property=\"og:image:type\" content=\"image\/jpeg\" \/>\n<meta name=\"twitter:card\" content=\"summary_large_image\" \/>\n<meta name=\"twitter:label1\" content=\"Gesch\u00e4tzte Lesezeit\" \/>\n\t<meta name=\"twitter:data1\" content=\"4\u00a0Minuten\" \/>\n<script type=\"application\/ld+json\" class=\"yoast-schema-graph\">{\"@context\":\"https:\\\/\\\/schema.org\",\"@graph\":[{\"@type\":\"WebPage\",\"@id\":\"https:\\\/\\\/quantongfastener.com\\\/product\\\/stainless-steel-hex-nut-din-934\\\/\",\"url\":\"https:\\\/\\\/quantongfastener.com\\\/product\\\/stainless-steel-hex-nut-din-934\\\/\",\"name\":\"Stainless steel Hex Nut DIN 934 - Quantong Fastener\",\"isPartOf\":{\"@id\":\"https:\\\/\\\/quantongfastener.com\\\/#website\"},\"primaryImageOfPage\":{\"@id\":\"https:\\\/\\\/quantongfastener.com\\\/product\\\/stainless-steel-hex-nut-din-934\\\/#primaryimage\"},\"image\":{\"@id\":\"https:\\\/\\\/quantongfastener.com\\\/product\\\/stainless-steel-hex-nut-din-934\\\/#primaryimage\"},\"thumbnailUrl\":\"https:\\\/\\\/quantongfastener.com\\\/wp-content\\\/uploads\\\/2025\\\/08\\\/Stainless-steel-Hex-Nut-DIN-934-4.jpg\",\"datePublished\":\"2025-08-09T15:46:05+00:00\",\"breadcrumb\":{\"@id\":\"https:\\\/\\\/quantongfastener.com\\\/product\\\/stainless-steel-hex-nut-din-934\\\/#breadcrumb\"},\"inLanguage\":\"de\",\"potentialAction\":[{\"@type\":\"ReadAction\",\"target\":[\"https:\\\/\\\/quantongfastener.com\\\/product\\\/stainless-steel-hex-nut-din-934\\\/\"]}]},{\"@type\":\"ImageObject\",\"inLanguage\":\"de\",\"@id\":\"https:\\\/\\\/quantongfastener.com\\\/product\\\/stainless-steel-hex-nut-din-934\\\/#primaryimage\",\"url\":\"https:\\\/\\\/quantongfastener.com\\\/wp-content\\\/uploads\\\/2025\\\/08\\\/Stainless-steel-Hex-Nut-DIN-934-4.jpg\",\"contentUrl\":\"https:\\\/\\\/quantongfastener.com\\\/wp-content\\\/uploads\\\/2025\\\/08\\\/Stainless-steel-Hex-Nut-DIN-934-4.jpg\",\"width\":610,\"height\":610},{\"@type\":\"BreadcrumbList\",\"@id\":\"https:\\\/\\\/quantongfastener.com\\\/product\\\/stainless-steel-hex-nut-din-934\\\/#breadcrumb\",\"itemListElement\":[{\"@type\":\"ListItem\",\"position\":1,\"name\":\"Home\",\"item\":\"https:\\\/\\\/quantongfastener.com\\\/\"},{\"@type\":\"ListItem\",\"position\":2,\"name\":\"Products\",\"item\":\"https:\\\/\\\/quantongfastener.com\\\/products\\\/\"},{\"@type\":\"ListItem\",\"position\":3,\"name\":\"Stainless steel Hex Nut DIN 934\"}]},{\"@type\":\"WebSite\",\"@id\":\"https:\\\/\\\/quantongfastener.com\\\/#website\",\"url\":\"https:\\\/\\\/quantongfastener.com\\\/\",\"name\":\"Quantong Fastener\",\"description\":\"\",\"publisher\":{\"@id\":\"https:\\\/\\\/quantongfastener.com\\\/#organization\"},\"potentialAction\":[{\"@type\":\"SearchAction\",\"target\":{\"@type\":\"EntryPoint\",\"urlTemplate\":\"https:\\\/\\\/quantongfastener.com\\\/?s={search_term_string}\"},\"query-input\":{\"@type\":\"PropertyValueSpecification\",\"valueRequired\":true,\"valueName\":\"search_term_string\"}}],\"inLanguage\":\"de\"},{\"@type\":\"Organization\",\"@id\":\"https:\\\/\\\/quantongfastener.com\\\/#organization\",\"name\":\"Quantong Fastener\",\"url\":\"https:\\\/\\\/quantongfastener.com\\\/\",\"logo\":{\"@type\":\"ImageObject\",\"inLanguage\":\"de\",\"@id\":\"https:\\\/\\\/quantongfastener.com\\\/#\\\/schema\\\/logo\\\/image\\\/\",\"url\":\"https:\\\/\\\/quantongfastener.com\\\/wp-content\\\/uploads\\\/2025\\\/07\\\/logo.jpg\",\"contentUrl\":\"https:\\\/\\\/quantongfastener.com\\\/wp-content\\\/uploads\\\/2025\\\/07\\\/logo.jpg\",\"width\":425,\"height\":424,\"caption\":\"Quantong Fastener\"},\"image\":{\"@id\":\"https:\\\/\\\/quantongfastener.com\\\/#\\\/schema\\\/logo\\\/image\\\/\"}}]}<\/script>\n<!-- \/ Yoast SEO plugin. -->","yoast_head_json":{"title":"Stainless steel Hex Nut DIN 934 - Quantong Fastener","robots":{"index":"index","follow":"follow","max-snippet":"max-snippet:-1","max-image-preview":"max-image-preview:large","max-video-preview":"max-video-preview:-1"},"canonical":"https:\/\/quantongfastener.com\/de\/produkt\/stainless-steel-hex-nut-din-934\/","og_locale":"de_DE","og_type":"article","og_title":"Stainless steel Hex Nut DIN 934 - Quantong Fastener","og_description":"Min.Order Quantity:1000PCS  PACKAGING:BAG\/BOX WITH PALLET  PORT:TIANJIN\/QINGDAO\/SHANGHAI\/NINGBO  DELIVERY:5-30DAYS ON QTY  PAYMENT:T\/T\/LC  Supply Ability:500 TON PER MONTH  &nbsp;   FOB Price:US $0.5 - 9,999 \/ Piece  Min.Order Quantity:100 Piece\/Pieces  Supply Ability:10000 Piece\/Pieces per Month","og_url":"https:\/\/quantongfastener.com\/de\/produkt\/stainless-steel-hex-nut-din-934\/","og_site_name":"Quantong Fastener","og_image":[{"width":610,"height":610,"url":"https:\/\/quantongfastener.com\/wp-content\/uploads\/2025\/08\/Stainless-steel-Hex-Nut-DIN-934-4.jpg","type":"image\/jpeg"}],"twitter_card":"summary_large_image","twitter_misc":{"Gesch\u00e4tzte Lesezeit":"4\u00a0Minuten"},"schema":{"@context":"https:\/\/schema.org","@graph":[{"@type":"WebPage","@id":"https:\/\/quantongfastener.com\/product\/stainless-steel-hex-nut-din-934\/","url":"https:\/\/quantongfastener.com\/product\/stainless-steel-hex-nut-din-934\/","name":"Stainless steel Hex Nut DIN 934 - Quantong Fastener","isPartOf":{"@id":"https:\/\/quantongfastener.com\/#website"},"primaryImageOfPage":{"@id":"https:\/\/quantongfastener.com\/product\/stainless-steel-hex-nut-din-934\/#primaryimage"},"image":{"@id":"https:\/\/quantongfastener.com\/product\/stainless-steel-hex-nut-din-934\/#primaryimage"},"thumbnailUrl":"https:\/\/quantongfastener.com\/wp-content\/uploads\/2025\/08\/Stainless-steel-Hex-Nut-DIN-934-4.jpg","datePublished":"2025-08-09T15:46:05+00:00","breadcrumb":{"@id":"https:\/\/quantongfastener.com\/product\/stainless-steel-hex-nut-din-934\/#breadcrumb"},"inLanguage":"de","potentialAction":[{"@type":"ReadAction","target":["https:\/\/quantongfastener.com\/product\/stainless-steel-hex-nut-din-934\/"]}]},{"@type":"ImageObject","inLanguage":"de","@id":"https:\/\/quantongfastener.com\/product\/stainless-steel-hex-nut-din-934\/#primaryimage","url":"https:\/\/quantongfastener.com\/wp-content\/uploads\/2025\/08\/Stainless-steel-Hex-Nut-DIN-934-4.jpg","contentUrl":"https:\/\/quantongfastener.com\/wp-content\/uploads\/2025\/08\/Stainless-steel-Hex-Nut-DIN-934-4.jpg","width":610,"height":610},{"@type":"BreadcrumbList","@id":"https:\/\/quantongfastener.com\/product\/stainless-steel-hex-nut-din-934\/#breadcrumb","itemListElement":[{"@type":"ListItem","position":1,"name":"Home","item":"https:\/\/quantongfastener.com\/"},{"@type":"ListItem","position":2,"name":"Products","item":"https:\/\/quantongfastener.com\/products\/"},{"@type":"ListItem","position":3,"name":"Stainless steel Hex Nut DIN 934"}]},{"@type":"WebSite","@id":"https:\/\/quantongfastener.com\/#website","url":"https:\/\/quantongfastener.com\/","name":"Quantong-Verschluss","description":"","publisher":{"@id":"https:\/\/quantongfastener.com\/#organization"},"potentialAction":[{"@type":"SearchAction","target":{"@type":"EntryPoint","urlTemplate":"https:\/\/quantongfastener.com\/?s={search_term_string}"},"query-input":{"@type":"PropertyValueSpecification","valueRequired":true,"valueName":"search_term_string"}}],"inLanguage":"de"},{"@type":"Organization","@id":"https:\/\/quantongfastener.com\/#organization","name":"Quantong-Verschluss","url":"https:\/\/quantongfastener.com\/","logo":{"@type":"ImageObject","inLanguage":"de","@id":"https:\/\/quantongfastener.com\/#\/schema\/logo\/image\/","url":"https:\/\/quantongfastener.com\/wp-content\/uploads\/2025\/07\/logo.jpg","contentUrl":"https:\/\/quantongfastener.com\/wp-content\/uploads\/2025\/07\/logo.jpg","width":425,"height":424,"caption":"Quantong Fastener"},"image":{"@id":"https:\/\/quantongfastener.com\/#\/schema\/logo\/image\/"}}]}},"_links":{"self":[{"href":"https:\/\/quantongfastener.com\/de\/wp-json\/wp\/v2\/product\/2371","targetHints":{"allow":["GET"]}}],"collection":[{"href":"https:\/\/quantongfastener.com\/de\/wp-json\/wp\/v2\/product"}],"about":[{"href":"https:\/\/quantongfastener.com\/de\/wp-json\/wp\/v2\/types\/product"}],"wp:featuredmedia":[{"embeddable":true,"href":"https:\/\/quantongfastener.com\/de\/wp-json\/wp\/v2\/media\/2375"}],"wp:attachment":[{"href":"https:\/\/quantongfastener.com\/de\/wp-json\/wp\/v2\/media?parent=2371"}],"wp:term":[{"taxonomy":"product_brand","embeddable":true,"href":"https:\/\/quantongfastener.com\/de\/wp-json\/wp\/v2\/product_brand?post=2371"},{"taxonomy":"product_cat","embeddable":true,"href":"https:\/\/quantongfastener.com\/de\/wp-json\/wp\/v2\/product_cat?post=2371"},{"taxonomy":"product_tag","embeddable":true,"href":"https:\/\/quantongfastener.com\/de\/wp-json\/wp\/v2\/product_tag?post=2371"}],"curies":[{"name":"wp","href":"https:\/\/api.w.org\/{rel}","templated":true}]}}