{"id":2285,"date":"2025-08-09T15:03:30","date_gmt":"2025-08-09T15:03:30","guid":{"rendered":"https:\/\/quantongfastener.com\/?post_type=product&#038;p=2285"},"modified":"2025-08-09T15:03:30","modified_gmt":"2025-08-09T15:03:30","slug":"din-16903-brass-knurled-insert-nut","status":"publish","type":"product","link":"https:\/\/quantongfastener.com\/de\/produkt\/din-16903-brass-knurled-insert-nut\/","title":{"rendered":"DIN 16903 R\u00e4ndelmutter aus Messing"},"content":{"rendered":"<p><strong>Beschreibung des Produkts:<\/strong><\/p>\n<div class=\"table_wrap\">\n<table>\n<tbody>\n<tr>\n<td colspan=\"1\" rowspan=\"1\">\n<div data-spm-anchor-id=\"a2700.details.0.i25.4f1c3502RyPx78\">Produktname<\/div>\n<\/td>\n<td colspan=\"1\" rowspan=\"1\">\n<div>R\u00e4ndelmuttern aus Qualit\u00e4tsmessing<\/div>\n<\/td>\n<\/tr>\n<tr>\n<td colspan=\"1\" rowspan=\"1\">\n<div>Material<\/div>\n<\/td>\n<td colspan=\"1\" rowspan=\"1\">\n<div>H59 Messing, Automatenmessing IS 319 Typ (I) oder BS 249 Typ (I) oder High Grade<br \/>\nJede spezielle Messing Materialzusammensetzung wie pro Kundenanforderung<\/div>\n<\/td>\n<\/tr>\n<tr>\n<td colspan=\"1\" rowspan=\"1\">\n<div>Oberfl\u00e4chentechnik<\/div>\n<\/td>\n<td colspan=\"1\" rowspan=\"1\">\n<div data-spm-anchor-id=\"a2700.details.0.i26.4f1c3502RyPx78\">Nat\u00fcrliche, vernickelte, verzinnte Messingeins\u00e4tze oder jede Beschichtung nach Kundenspezifikation.<\/div>\n<\/td>\n<\/tr>\n<tr>\n<td colspan=\"1\" rowspan=\"1\">\n<div>Anwendungsbereich<\/div>\n<\/td>\n<td colspan=\"1\" rowspan=\"1\">\n<div>Kunststoffgeh\u00e4use f\u00fcr Laptops, Kunststoffgeh\u00e4use f\u00fcr Desktop-Computer, GPS-Kunststoffgeh\u00e4use, Kunststoffgeh\u00e4use f\u00fcr Router, ABS, Aluminium, Glasfaser, Gummi, Thermokunststoff, Spritzguss<\/div>\n<\/td>\n<\/tr>\n<tr>\n<td colspan=\"1\" rowspan=\"1\">\n<div>Hauptausr\u00fcstung<\/div>\n<\/td>\n<td colspan=\"1\" rowspan=\"1\">\n<div>CNC-Drehen und -Fr\u00e4sen,CNC-Bohrmaschine,Innen- und Au\u00dfenschleifmaschine,CNC-Biegemaschine<\/div>\n<\/td>\n<\/tr>\n<tr>\n<td colspan=\"1\" rowspan=\"1\">\n<div>Produktionsf\u00e4higkeit<\/div>\n<\/td>\n<td colspan=\"1\" rowspan=\"1\">\n<div>200000 St\u00fcck\/St\u00fccke pro Woche<\/div>\n<\/td>\n<\/tr>\n<tr>\n<td colspan=\"1\" rowspan=\"1\">\n<div>Proben<\/div>\n<\/td>\n<td colspan=\"1\" rowspan=\"1\">\n<div>Muster sind kostenlos, wenn wir sie auf Lager haben, Sie m\u00fcssen nur die Fracht bezahlen.<\/div>\n<\/td>\n<\/tr>\n<tr>\n<td colspan=\"1\" rowspan=\"1\">\n<div>Paket<\/div>\n<\/td>\n<td colspan=\"1\" rowspan=\"1\">\n<div>PE-Beutel+Karton+Palette<\/div>\n<\/td>\n<\/tr>\n<tr>\n<td colspan=\"1\" rowspan=\"1\">\n<div>Packungsgr\u00f6\u00dfe<\/div>\n<\/td>\n<td colspan=\"1\" rowspan=\"1\">\n<div>MIN1000PCS\/Beutel<\/div>\n<\/td>\n<\/tr>\n<tr>\n<td colspan=\"1\" rowspan=\"1\">\n<div>Vorteil<\/div>\n<\/td>\n<td colspan=\"1\" rowspan=\"1\">\n<div data-spm-anchor-id=\"a2700.details.0.i24.4f1c3502RyPx78\">1.guter Preis und Qualit\u00e4t 2.Zeichnung sch\u00e4tzen 3.OEM-Service<\/div>\n<\/td>\n<\/tr>\n<\/tbody>\n<\/table>\n<\/div>\n<p><strong>Produktvorteile:<\/strong><\/p>\n<ol>\n<li><strong>Feinmechanische Bearbeitung<\/strong><\/li>\n<\/ol>\n<p align=\"justify\">\u2606 Messen und Bearbeiten mit Pr\u00e4zisionswerkzeugmaschinen und Messwerkzeugen unter streng kontrollierten Umweltbedingungen.<\/p>\n<p align=\"justify\"><strong>\u00a0\u00a0<\/strong>\u00a0 \u00a0 \u00a0 2.<strong>Hochwertiges Metallmaterial<\/strong><\/p>\n<p align=\"justify\">\u2606 Mit langer Lebensdauer, geringer W\u00e4rmeentwicklung, hoher H\u00e4rte, hoher Steifigkeit, geringem L\u00e4rm, hoher Verschlei\u00dffestigkeit und anderen Eigenschaften.<\/p>\n<p align=\"justify\"><strong>\u00a0 \u00a0 \u00a0 \u00a0\u00a0<\/strong>3.<strong>\u00a0Kosteng\u00fcnstig<\/strong><\/p>\n<p align=\"justify\">\u2606 Die Verwendung von hochwertigem Metallmaterial, nach der Pr\u00e4zisionsverarbeitung und Formgebung, verbessert die Benutzererfahrung erheblich.<\/p>\n<p><strong>Parameter des Produkts:<\/strong><\/p>\n<p><a href=\"https:\/\/www.cyfastener.com\/uploads\/1548145767615086034m.jpg\"><img decoding=\"async\" class=\"alignnone size-full wp-image-6868\" src=\"https:\/\/www.cyfastener.com\/uploads\/1548145767615086034m.jpg\" alt=\"1548145767615086034m\" \/><\/a><\/p>\n<div class=\"table_wrap\">\n<table border=\"0\" cellspacing=\"0\" cellpadding=\"0\">\n<colgroup>\n<col span=\"9\" width=\"64\" \/><\/colgroup>\n<tbody>\n<tr>\n<td colspan=\"2\" width=\"128\" height=\"19\">Gewindespezifikation<\/td>\n<td rowspan=\"2\" width=\"64\"><a>M2<\/a><\/td>\n<td rowspan=\"2\" width=\"64\"><a>M2.5<\/a><\/td>\n<td rowspan=\"2\" width=\"64\"><a>M3<\/a><\/td>\n<td rowspan=\"2\" width=\"64\"><a>(M3.5)<\/a><\/td>\n<td rowspan=\"2\" width=\"64\"><a>M4<\/a><\/td>\n<td rowspan=\"2\" width=\"64\"><a>M5<\/a><\/td>\n<td rowspan=\"2\" width=\"64\"><a>M6<\/a><\/td>\n<\/tr>\n<tr>\n<td colspan=\"2\" width=\"128\" height=\"19\">d<\/td>\n<\/tr>\n<tr>\n<td colspan=\"2\" height=\"19\">k<\/td>\n<td width=\"64\">0.9<\/td>\n<td width=\"64\">1<\/td>\n<td width=\"64\">1.2<\/td>\n<td width=\"64\">1.6<\/td>\n<td width=\"64\">1.8<\/td>\n<td width=\"64\">2<\/td>\n<td width=\"64\">2.5<\/td>\n<\/tr>\n<tr>\n<td colspan=\"2\" height=\"21\">h<sub>1<\/sub><\/td>\n<td width=\"64\">0.8<\/td>\n<td width=\"64\">0.8<\/td>\n<td width=\"64\">1<\/td>\n<td width=\"64\">1<\/td>\n<td width=\"64\">1<\/td>\n<td width=\"64\">1<\/td>\n<td width=\"64\">1<\/td>\n<\/tr>\n<tr>\n<td colspan=\"2\" height=\"19\">n<\/td>\n<td width=\"64\">0.8<\/td>\n<td width=\"64\">1<\/td>\n<td width=\"64\">1.2<\/td>\n<td width=\"64\">1.4<\/td>\n<td width=\"64\">1.4<\/td>\n<td width=\"64\">2.5<\/td>\n<td width=\"64\">3<\/td>\n<\/tr>\n<tr>\n<td height=\"21\">d<sub>1<\/sub><\/td>\n<td>(h12)<\/td>\n<td width=\"64\">3.2<\/td>\n<td width=\"64\">3.4<\/td>\n<td width=\"64\">3.8<\/td>\n<td width=\"64\">4.5<\/td>\n<td width=\"64\">5<\/td>\n<td width=\"64\">6.4<\/td>\n<td width=\"64\">7.4<\/td>\n<\/tr>\n<tr>\n<td height=\"21\">d<sub>k<\/sub><\/td>\n<td>\uff08Vor dem R\u00e4ndeln\uff09<\/td>\n<td width=\"64\">3.5<\/td>\n<td width=\"64\">3.8<\/td>\n<td width=\"64\">4.2<\/td>\n<td width=\"64\">5<\/td>\n<td width=\"64\">5.5<\/td>\n<td width=\"64\">7<\/td>\n<td width=\"64\">8<\/td>\n<\/tr>\n<tr>\n<td height=\"21\">d<sub>2<\/sub><\/td>\n<td>(h11)<\/td>\n<td width=\"64\">3.5<\/td>\n<td width=\"64\">3.8<\/td>\n<td width=\"64\">4.2<\/td>\n<td width=\"64\">5<\/td>\n<td width=\"64\">5.5<\/td>\n<td width=\"64\">7<\/td>\n<td width=\"64\">8<\/td>\n<\/tr>\n<tr>\n<td height=\"20\">h<\/td>\n<td>(h12)<\/td>\n<td width=\"64\">3.5<\/td>\n<td width=\"64\">4<\/td>\n<td width=\"64\">4.5<\/td>\n<td width=\"64\">5.5<\/td>\n<td width=\"64\">6<\/td>\n<td width=\"64\">7.5<\/td>\n<td width=\"64\">9<\/td>\n<\/tr>\n<\/tbody>\n<\/table>\n<\/div>\n<p><strong>UNSER PAKET:<\/strong><\/p>\n<p align=\"justify\">1. 25-kg-S\u00e4cke oder 50-kg-S\u00e4cke.<br \/>\n2. S\u00e4cke mit Palette.<br \/>\n3. 25-kg-Kartons oder Kartons mit Palette.<br \/>\n4. Verpackung nach Kundenwunsch<\/p>","protected":false},"excerpt":{"rendered":"<p>ABW-PREIS: 720USD-910USD\/TONNE<br \/>\nMin.Bestellmenge:2Tonnen<br \/>\nVERPACKUNG: BEUTEL\/KARTON MIT PALETTE<br \/>\nHAFEN:TIANJIN\/QINGDAO\/SHANGHAI\/NINGBO<br \/>\nLIEFERUNG:5-30 TAGE JE NACH MENGE<br \/>\nBEZAHLUNG:T\/T\/LC<br \/>\nLieferf\u00e4higkeit:600 TONNEN PRO MONAT<\/p>\n<p>&nbsp;<\/p>\n<ul>\n<li><em>FOB-Preis:<\/em>US $0.5 - 9,999 \/ St\u00fcck<\/li>\n<li><em>Mindestbestellmenge:<\/em>100 St\u00fcck\/St\u00fcck<\/li>\n<li><em>Lieferf\u00e4higkeit:<\/em>10000 St\u00fcck\/St\u00fcck pro Monat<\/li>\n<\/ul>","protected":false},"featured_media":2288,"template":"","meta":{"_kad_post_transparent":"default","_kad_post_title":"","_kad_post_layout":"default","_kad_post_sidebar_id":"","_kad_post_content_style":"default","_kad_post_vertical_padding":"default","_kad_post_feature":"","_kad_post_feature_position":"","_kad_post_header":false,"_kad_post_footer":false},"product_brand":[],"product_cat":[29],"product_tag":[],"class_list":{"0":"post-2285","1":"product","2":"type-product","3":"status-publish","4":"has-post-thumbnail","6":"product_cat-nut","8":"first","9":"instock","10":"shipping-taxable","11":"product-type-simple","12":"entry","13":"content-bg","14":"loop-entry"},"yoast_head":"<!-- This site is optimized with the Yoast SEO plugin v27.4 - https:\/\/yoast.com\/product\/yoast-seo-wordpress\/ -->\n<title>DIN 16903 Brass Knurled Insert Nut - Quantong Fastener<\/title>\n<meta name=\"robots\" content=\"index, follow, max-snippet:-1, max-image-preview:large, max-video-preview:-1\" \/>\n<link rel=\"canonical\" href=\"https:\/\/quantongfastener.com\/de\/produkt\/din-16903-brass-knurled-insert-nut\/\" \/>\n<meta property=\"og:locale\" content=\"de_DE\" \/>\n<meta property=\"og:type\" content=\"article\" \/>\n<meta property=\"og:title\" content=\"DIN 16903 Brass Knurled Insert Nut - Quantong Fastener\" \/>\n<meta property=\"og:description\" content=\"EXW PRICE : 720USD-910USD\/TON Min.Order Quantity:2TONS PACKAGING:BAG\/BOX WITH PALLET PORT:TIANJIN\/QINGDAO\/SHANGHAI\/NINGBO DELIVERY:5-30DAYS ON QTY PAYMENT:T\/T\/LC Supply Ability:600 TON PER MONTH  &nbsp;   FOB Price:US $0.5 - 9,999 \/ Piece  Min.Order Quantity:100 Piece\/Pieces  Supply Ability:10000 Piece\/Pieces per Month\" \/>\n<meta property=\"og:url\" content=\"https:\/\/quantongfastener.com\/de\/produkt\/din-16903-brass-knurled-insert-nut\/\" \/>\n<meta property=\"og:site_name\" content=\"Quantong Fastener\" \/>\n<meta property=\"og:image\" content=\"https:\/\/quantongfastener.com\/wp-content\/uploads\/2025\/08\/DIN-16903-Brass-Knurled-Insert-Nut-1.jpg\" \/>\n\t<meta property=\"og:image:width\" content=\"610\" \/>\n\t<meta property=\"og:image:height\" content=\"610\" \/>\n\t<meta property=\"og:image:type\" content=\"image\/jpeg\" \/>\n<meta name=\"twitter:card\" content=\"summary_large_image\" \/>\n<meta name=\"twitter:label1\" content=\"Gesch\u00e4tzte Lesezeit\" \/>\n\t<meta name=\"twitter:data1\" content=\"2\u00a0Minuten\" \/>\n<script type=\"application\/ld+json\" class=\"yoast-schema-graph\">{\"@context\":\"https:\\\/\\\/schema.org\",\"@graph\":[{\"@type\":\"WebPage\",\"@id\":\"https:\\\/\\\/quantongfastener.com\\\/product\\\/din-16903-brass-knurled-insert-nut\\\/\",\"url\":\"https:\\\/\\\/quantongfastener.com\\\/product\\\/din-16903-brass-knurled-insert-nut\\\/\",\"name\":\"DIN 16903 Brass Knurled Insert Nut - Quantong Fastener\",\"isPartOf\":{\"@id\":\"https:\\\/\\\/quantongfastener.com\\\/#website\"},\"primaryImageOfPage\":{\"@id\":\"https:\\\/\\\/quantongfastener.com\\\/product\\\/din-16903-brass-knurled-insert-nut\\\/#primaryimage\"},\"image\":{\"@id\":\"https:\\\/\\\/quantongfastener.com\\\/product\\\/din-16903-brass-knurled-insert-nut\\\/#primaryimage\"},\"thumbnailUrl\":\"https:\\\/\\\/quantongfastener.com\\\/wp-content\\\/uploads\\\/2025\\\/08\\\/DIN-16903-Brass-Knurled-Insert-Nut-1.jpg\",\"datePublished\":\"2025-08-09T15:03:30+00:00\",\"breadcrumb\":{\"@id\":\"https:\\\/\\\/quantongfastener.com\\\/product\\\/din-16903-brass-knurled-insert-nut\\\/#breadcrumb\"},\"inLanguage\":\"de\",\"potentialAction\":[{\"@type\":\"ReadAction\",\"target\":[\"https:\\\/\\\/quantongfastener.com\\\/product\\\/din-16903-brass-knurled-insert-nut\\\/\"]}]},{\"@type\":\"ImageObject\",\"inLanguage\":\"de\",\"@id\":\"https:\\\/\\\/quantongfastener.com\\\/product\\\/din-16903-brass-knurled-insert-nut\\\/#primaryimage\",\"url\":\"https:\\\/\\\/quantongfastener.com\\\/wp-content\\\/uploads\\\/2025\\\/08\\\/DIN-16903-Brass-Knurled-Insert-Nut-1.jpg\",\"contentUrl\":\"https:\\\/\\\/quantongfastener.com\\\/wp-content\\\/uploads\\\/2025\\\/08\\\/DIN-16903-Brass-Knurled-Insert-Nut-1.jpg\",\"width\":610,\"height\":610},{\"@type\":\"BreadcrumbList\",\"@id\":\"https:\\\/\\\/quantongfastener.com\\\/product\\\/din-16903-brass-knurled-insert-nut\\\/#breadcrumb\",\"itemListElement\":[{\"@type\":\"ListItem\",\"position\":1,\"name\":\"Home\",\"item\":\"https:\\\/\\\/quantongfastener.com\\\/\"},{\"@type\":\"ListItem\",\"position\":2,\"name\":\"Products\",\"item\":\"https:\\\/\\\/quantongfastener.com\\\/products\\\/\"},{\"@type\":\"ListItem\",\"position\":3,\"name\":\"DIN 16903 Brass Knurled Insert Nut\"}]},{\"@type\":\"WebSite\",\"@id\":\"https:\\\/\\\/quantongfastener.com\\\/#website\",\"url\":\"https:\\\/\\\/quantongfastener.com\\\/\",\"name\":\"Quantong Fastener\",\"description\":\"\",\"publisher\":{\"@id\":\"https:\\\/\\\/quantongfastener.com\\\/#organization\"},\"potentialAction\":[{\"@type\":\"SearchAction\",\"target\":{\"@type\":\"EntryPoint\",\"urlTemplate\":\"https:\\\/\\\/quantongfastener.com\\\/?s={search_term_string}\"},\"query-input\":{\"@type\":\"PropertyValueSpecification\",\"valueRequired\":true,\"valueName\":\"search_term_string\"}}],\"inLanguage\":\"de\"},{\"@type\":\"Organization\",\"@id\":\"https:\\\/\\\/quantongfastener.com\\\/#organization\",\"name\":\"Quantong Fastener\",\"url\":\"https:\\\/\\\/quantongfastener.com\\\/\",\"logo\":{\"@type\":\"ImageObject\",\"inLanguage\":\"de\",\"@id\":\"https:\\\/\\\/quantongfastener.com\\\/#\\\/schema\\\/logo\\\/image\\\/\",\"url\":\"https:\\\/\\\/quantongfastener.com\\\/wp-content\\\/uploads\\\/2025\\\/07\\\/logo.jpg\",\"contentUrl\":\"https:\\\/\\\/quantongfastener.com\\\/wp-content\\\/uploads\\\/2025\\\/07\\\/logo.jpg\",\"width\":425,\"height\":424,\"caption\":\"Quantong Fastener\"},\"image\":{\"@id\":\"https:\\\/\\\/quantongfastener.com\\\/#\\\/schema\\\/logo\\\/image\\\/\"}}]}<\/script>\n<!-- \/ Yoast SEO plugin. -->","yoast_head_json":{"title":"DIN 16903 Brass Knurled Insert Nut - Quantong Fastener","robots":{"index":"index","follow":"follow","max-snippet":"max-snippet:-1","max-image-preview":"max-image-preview:large","max-video-preview":"max-video-preview:-1"},"canonical":"https:\/\/quantongfastener.com\/de\/produkt\/din-16903-brass-knurled-insert-nut\/","og_locale":"de_DE","og_type":"article","og_title":"DIN 16903 Brass Knurled Insert Nut - Quantong Fastener","og_description":"EXW PRICE : 720USD-910USD\/TON Min.Order Quantity:2TONS PACKAGING:BAG\/BOX WITH PALLET PORT:TIANJIN\/QINGDAO\/SHANGHAI\/NINGBO DELIVERY:5-30DAYS ON QTY PAYMENT:T\/T\/LC Supply Ability:600 TON PER MONTH  &nbsp;   FOB Price:US $0.5 - 9,999 \/ Piece  Min.Order Quantity:100 Piece\/Pieces  Supply Ability:10000 Piece\/Pieces per Month","og_url":"https:\/\/quantongfastener.com\/de\/produkt\/din-16903-brass-knurled-insert-nut\/","og_site_name":"Quantong Fastener","og_image":[{"width":610,"height":610,"url":"https:\/\/quantongfastener.com\/wp-content\/uploads\/2025\/08\/DIN-16903-Brass-Knurled-Insert-Nut-1.jpg","type":"image\/jpeg"}],"twitter_card":"summary_large_image","twitter_misc":{"Gesch\u00e4tzte Lesezeit":"2\u00a0Minuten"},"schema":{"@context":"https:\/\/schema.org","@graph":[{"@type":"WebPage","@id":"https:\/\/quantongfastener.com\/product\/din-16903-brass-knurled-insert-nut\/","url":"https:\/\/quantongfastener.com\/product\/din-16903-brass-knurled-insert-nut\/","name":"DIN 16903 Brass Knurled Insert Nut - Quantong Fastener","isPartOf":{"@id":"https:\/\/quantongfastener.com\/#website"},"primaryImageOfPage":{"@id":"https:\/\/quantongfastener.com\/product\/din-16903-brass-knurled-insert-nut\/#primaryimage"},"image":{"@id":"https:\/\/quantongfastener.com\/product\/din-16903-brass-knurled-insert-nut\/#primaryimage"},"thumbnailUrl":"https:\/\/quantongfastener.com\/wp-content\/uploads\/2025\/08\/DIN-16903-Brass-Knurled-Insert-Nut-1.jpg","datePublished":"2025-08-09T15:03:30+00:00","breadcrumb":{"@id":"https:\/\/quantongfastener.com\/product\/din-16903-brass-knurled-insert-nut\/#breadcrumb"},"inLanguage":"de","potentialAction":[{"@type":"ReadAction","target":["https:\/\/quantongfastener.com\/product\/din-16903-brass-knurled-insert-nut\/"]}]},{"@type":"ImageObject","inLanguage":"de","@id":"https:\/\/quantongfastener.com\/product\/din-16903-brass-knurled-insert-nut\/#primaryimage","url":"https:\/\/quantongfastener.com\/wp-content\/uploads\/2025\/08\/DIN-16903-Brass-Knurled-Insert-Nut-1.jpg","contentUrl":"https:\/\/quantongfastener.com\/wp-content\/uploads\/2025\/08\/DIN-16903-Brass-Knurled-Insert-Nut-1.jpg","width":610,"height":610},{"@type":"BreadcrumbList","@id":"https:\/\/quantongfastener.com\/product\/din-16903-brass-knurled-insert-nut\/#breadcrumb","itemListElement":[{"@type":"ListItem","position":1,"name":"Home","item":"https:\/\/quantongfastener.com\/"},{"@type":"ListItem","position":2,"name":"Products","item":"https:\/\/quantongfastener.com\/products\/"},{"@type":"ListItem","position":3,"name":"DIN 16903 Brass Knurled Insert Nut"}]},{"@type":"WebSite","@id":"https:\/\/quantongfastener.com\/#website","url":"https:\/\/quantongfastener.com\/","name":"Quantong-Verschluss","description":"","publisher":{"@id":"https:\/\/quantongfastener.com\/#organization"},"potentialAction":[{"@type":"SearchAction","target":{"@type":"EntryPoint","urlTemplate":"https:\/\/quantongfastener.com\/?s={search_term_string}"},"query-input":{"@type":"PropertyValueSpecification","valueRequired":true,"valueName":"search_term_string"}}],"inLanguage":"de"},{"@type":"Organization","@id":"https:\/\/quantongfastener.com\/#organization","name":"Quantong-Verschluss","url":"https:\/\/quantongfastener.com\/","logo":{"@type":"ImageObject","inLanguage":"de","@id":"https:\/\/quantongfastener.com\/#\/schema\/logo\/image\/","url":"https:\/\/quantongfastener.com\/wp-content\/uploads\/2025\/07\/logo.jpg","contentUrl":"https:\/\/quantongfastener.com\/wp-content\/uploads\/2025\/07\/logo.jpg","width":425,"height":424,"caption":"Quantong Fastener"},"image":{"@id":"https:\/\/quantongfastener.com\/#\/schema\/logo\/image\/"}}]}},"_links":{"self":[{"href":"https:\/\/quantongfastener.com\/de\/wp-json\/wp\/v2\/product\/2285","targetHints":{"allow":["GET"]}}],"collection":[{"href":"https:\/\/quantongfastener.com\/de\/wp-json\/wp\/v2\/product"}],"about":[{"href":"https:\/\/quantongfastener.com\/de\/wp-json\/wp\/v2\/types\/product"}],"wp:featuredmedia":[{"embeddable":true,"href":"https:\/\/quantongfastener.com\/de\/wp-json\/wp\/v2\/media\/2288"}],"wp:attachment":[{"href":"https:\/\/quantongfastener.com\/de\/wp-json\/wp\/v2\/media?parent=2285"}],"wp:term":[{"taxonomy":"product_brand","embeddable":true,"href":"https:\/\/quantongfastener.com\/de\/wp-json\/wp\/v2\/product_brand?post=2285"},{"taxonomy":"product_cat","embeddable":true,"href":"https:\/\/quantongfastener.com\/de\/wp-json\/wp\/v2\/product_cat?post=2285"},{"taxonomy":"product_tag","embeddable":true,"href":"https:\/\/quantongfastener.com\/de\/wp-json\/wp\/v2\/product_tag?post=2285"}],"curies":[{"name":"wp","href":"https:\/\/api.w.org\/{rel}","templated":true}]}}