{"id":2240,"date":"2025-08-09T14:51:44","date_gmt":"2025-08-09T14:51:44","guid":{"rendered":"https:\/\/quantongfastener.com\/?post_type=product&#038;p=2240"},"modified":"2025-08-26T02:42:21","modified_gmt":"2025-08-26T02:42:21","slug":"carbon-steel-stainless-steel-butterfly-nut","status":"publish","type":"product","link":"https:\/\/quantongfastener.com\/de\/produkt\/carbon-steel-stainless-steel-butterfly-nut\/","title":{"rendered":"Kohlenstoffstahl\/Edelstahl Schmetterlingsmutter"},"content":{"rendered":"<div class=\"fl-col-group fl-node-5e5c78ae0878d\" data-node=\"5e5c78ae0878d\">\n<div class=\"fl-col fl-node-5e5c78ae087dd\" data-node=\"5e5c78ae087dd\">\n<div class=\"fl-col-content fl-node-content\">\n<div class=\"fl-module fl-module-rich-text fl-node-5e5c78ae08825\" data-node=\"5e5c78ae08825\" data-animation-delay=\"0.0\">\n<div class=\"fl-module-content fl-node-content\">\n<div class=\"fl-rich-text\">\n<div class=\"table_wrap\">\n<table border=\"1\" cellspacing=\"0\">\n<tbody>\n<tr>\n<td valign=\"top\" width=\"161\">Name des Produkts<\/td>\n<td valign=\"top\" width=\"406\">Schmetterlingsmutter<\/td>\n<\/tr>\n<tr>\n<td valign=\"top\" width=\"161\">Gr\u00f6\u00dfe<\/td>\n<td valign=\"top\" width=\"406\">M3-100<\/td>\n<\/tr>\n<tr>\n<td valign=\"top\" width=\"161\">Material<\/td>\n<td valign=\"top\" width=\"406\">Stahl\/Edelstahl\/Messing<\/td>\n<\/tr>\n<tr>\n<td valign=\"top\" width=\"161\">Oberfl\u00e4chenbehandlung<\/td>\n<td valign=\"top\" width=\"406\">Zink<\/td>\n<\/tr>\n<tr>\n<td valign=\"top\" width=\"161\">Standard<\/td>\n<td valign=\"top\" width=\"406\">DIN\/ISO<\/td>\n<\/tr>\n<tr>\n<td valign=\"top\" width=\"161\">Zertifikat<\/td>\n<td valign=\"top\" width=\"406\">ISO 9001<\/td>\n<\/tr>\n<tr>\n<td valign=\"top\" width=\"161\">Muster<\/td>\n<td valign=\"top\" width=\"406\">Kostenlose Proben<\/td>\n<\/tr>\n<\/tbody>\n<\/table>\n<\/div>\n<\/div>\n<\/div>\n<\/div>\n<\/div>\n<\/div>\n<\/div>\n<div class=\"fl-col-group fl-node-5e5c7a094e774\" data-node=\"5e5c7a094e774\">\n<div class=\"fl-col fl-node-5e5c7a094eb4f fl-col-has-cols\" data-node=\"5e5c7a094eb4f\">\n<div class=\"fl-col-content fl-node-content\">\n<div class=\"fl-module fl-module-rich-text fl-node-5e5c7a094e50e\" data-node=\"5e5c7a094e50e\" data-animation-delay=\"0.0\">\n<div class=\"fl-module-content fl-node-content\">\n<div class=\"fl-rich-text\">\n<p>Die Schmetterlingsmutter spielt eine gro\u00dfe Rolle in verschiedenen Branchen. Im Vergleich zu vielen anderen N\u00fcssen ist die Schmetterlingsnuss kompakter und sch\u00f6ner im Aussehen. Aufgrund ihrer einzigartigen Form ist die Schmetterlingsnuss sehr sch\u00f6n, daher der Name Schmetterlingsnuss.<\/p>\n<\/div>\n<\/div>\n<\/div>\n<div class=\"fl-col-group fl-node-5e5c7a4e11f28 fl-col-group-nested\" data-node=\"5e5c7a4e11f28\">\n<div class=\"fl-col fl-node-5e5c7a4e1255c fl-col-small\" data-node=\"5e5c7a4e1255c\">\n<div class=\"fl-col-content fl-node-content\">\n<div class=\"fl-module fl-module-rich-text fl-node-5e5c7a53246ea\" data-node=\"5e5c7a53246ea\" data-animation-delay=\"0.0\">\n<div class=\"fl-module-content fl-node-content\">\n<div class=\"fl-rich-text\">\n<p><img decoding=\"async\" class=\"alignnone size-full wp-image-1831\" src=\"https:\/\/www.cyfastener.com\/uploads\/6bea680b.jpg\" alt=\"f981513a8520900506f610c579da1ec\" \/><\/p>\n<\/div>\n<\/div>\n<\/div>\n<\/div>\n<\/div>\n<div class=\"fl-col fl-node-5e5c7a4e125c3 fl-col-small\" data-node=\"5e5c7a4e125c3\">\n<div class=\"fl-col-content fl-node-content\">\n<div class=\"fl-module fl-module-rich-text fl-node-5e5c7a872ab10\" data-node=\"5e5c7a872ab10\" data-animation-delay=\"0.0\">\n<div class=\"fl-module-content fl-node-content\">\n<div class=\"fl-rich-text\">\n<p><img decoding=\"async\" class=\"alignnone size-full wp-image-1831\" src=\"https:\/\/www.cyfastener.com\/uploads\/77dee7ed.jpg\" alt=\"f981513a8520900506f610c579da1ec\" \/><\/p>\n<\/div>\n<\/div>\n<\/div>\n<\/div>\n<\/div>\n<\/div>\n<div class=\"fl-module fl-module-rich-text fl-node-5e5c7ab59ba12\" data-node=\"5e5c7ab59ba12\" data-animation-delay=\"0.0\">\n<div class=\"fl-module-content fl-node-content\">\n<div class=\"fl-rich-text\">\n<p>Die Schmetterlingsschraube ist isoliert, nicht magnetisch und sehr korrosionsbest\u00e4ndig. Viele medizinische Ger\u00e4te verwenden Schmetterlingsmuttern und Schmetterlingsbolzen, weil es korrosionsbest\u00e4ndig und sch\u00f6ner als gew\u00f6hnliche Hardware ist. Die hervorragenden Eigenschaften der Schmetterlingsmutter, nat\u00fcrlich, sind auch in technischen Kunststoffen verwendet, kann seine Verwendung St\u00e4rke und Haltbarkeit auch mit Edelstahl Schmetterlingsmuttern verglichen werden.<\/p>\n<\/div>\n<\/div>\n<\/div>\n<div class=\"fl-col-group fl-node-5e5c7ae4b2dfa fl-col-group-nested\" data-node=\"5e5c7ae4b2dfa\">\n<div class=\"fl-col fl-node-5e5c7ae4b36c5 fl-col-small\" data-node=\"5e5c7ae4b36c5\">\n<div class=\"fl-col-content fl-node-content\">\n<div class=\"fl-module fl-module-rich-text fl-node-5e5c7b1e7f86c\" data-node=\"5e5c7b1e7f86c\" data-animation-delay=\"0.0\">\n<div class=\"fl-module-content fl-node-content\">\n<div class=\"fl-rich-text\">\n<p><img decoding=\"async\" class=\"alignnone size-full wp-image-1831\" src=\"https:\/\/www.cyfastener.com\/uploads\/8121b0b3.jpg\" alt=\"f981513a8520900506f610c579da1ec\" \/><\/p>\n<\/div>\n<\/div>\n<\/div>\n<\/div>\n<\/div>\n<div class=\"fl-col fl-node-5e5c7ae4b376c fl-col-small\" data-node=\"5e5c7ae4b376c\">\n<div class=\"fl-col-content fl-node-content\">\n<div class=\"fl-module fl-module-rich-text fl-node-5e5c7b296b32e\" data-node=\"5e5c7b296b32e\" data-animation-delay=\"0.0\">\n<div class=\"fl-module-content fl-node-content\">\n<div class=\"fl-rich-text\">\n<p><img decoding=\"async\" class=\"alignnone size-full wp-image-1831\" src=\"https:\/\/www.cyfastener.com\/uploads\/76f9631f.jpg\" alt=\"f981513a8520900506f610c579da1ec\" \/><\/p>\n<\/div>\n<\/div>\n<\/div>\n<\/div>\n<\/div>\n<\/div>\n<div class=\"fl-module fl-module-rich-text fl-node-5e5c7b681d726\" data-node=\"5e5c7b681d726\" data-animation-delay=\"0.0\">\n<div class=\"fl-module-content fl-node-content\">\n<div class=\"fl-rich-text\">\n<p>Die Werkstoffe von Schmetterlingsbolzen aus Kunststoff werden immer vielf\u00e4ltiger, die Leistung wird st\u00e4ndig verbessert, und die Anwendungsbereiche werden immer breiter und konzentrieren sich haupts\u00e4chlich auf die folgenden acht Bereiche:<br \/>\n1) Medizinische Ger\u00e4te (Isolierung, nicht-magnetisch, Umweltschutz, Anti-Interferenz, macht medizinische Maschinen und Ger\u00e4te sicherer in der Anwendung)<br \/>\n2. die Windkraftindustrie (Isolierung und Isolierung der Chassisschaltung auf der Leiterplatte)<br \/>\n3. die Luft- und Raumfahrtindustrie (Isolierung, Antist\u00f6rungsnummer auf elektronischen Ger\u00e4ten)<br \/>\n4. die B\u00fcroger\u00e4teindustrie (rostet nicht, ist sch\u00f6n und praktisch)<br \/>\n5. petrochemische Industrie (hohe Temperaturbest\u00e4ndigkeit, chemische Best\u00e4ndigkeit, Korrosionsbest\u00e4ndigkeit, Verl\u00e4ngerung der Lebensdauer von Anlagen)<br \/>\n6. die Elektronikindustrie (Isolierung, Entst\u00f6rung, geringes Gewicht)<br \/>\n7. Kommunikationsindustrie (Isolierung, nicht-magnetisch, Sicherheit)<br \/>\n8. Schiffbauindustrie (s\u00e4urebest\u00e4ndig, alkalibest\u00e4ndig, korrosionsbest\u00e4ndig, langlebige Schmetterlingsschraube Spezifikationen, komplette Gr\u00f6\u00dfe, um die Bed\u00fcrfnisse der verschiedenen Gelegenheiten zu erf\u00fcllen.<\/p>\n<\/div>\n<\/div>\n<\/div>\n<div class=\"fl-col-group fl-node-5e5c7b8d9b3f9 fl-col-group-nested\" data-node=\"5e5c7b8d9b3f9\">\n<div class=\"fl-col fl-node-5e5c7b8d9ba27 fl-col-small\" data-node=\"5e5c7b8d9ba27\">\n<div class=\"fl-col-content fl-node-content\">\n<div class=\"fl-module fl-module-rich-text fl-node-5e5c7b9ec54c5\" data-node=\"5e5c7b9ec54c5\" data-animation-delay=\"0.0\">\n<div class=\"fl-module-content fl-node-content\">\n<div class=\"fl-rich-text\">\n<p><img decoding=\"async\" class=\"alignnone size-full wp-image-1831\" src=\"https:\/\/www.cyfastener.com\/uploads\/40e53cee.jpg\" alt=\"f981513a8520900506f610c579da1ec\" \/><\/p>\n<\/div>\n<\/div>\n<\/div>\n<\/div>\n<\/div>\n<div class=\"fl-col fl-node-5e5c7b8d9ba78 fl-col-small\" data-node=\"5e5c7b8d9ba78\">\n<div class=\"fl-col-content fl-node-content\">\n<div class=\"fl-module fl-module-rich-text fl-node-5e5c7baa859e3\" data-node=\"5e5c7baa859e3\" data-animation-delay=\"0.0\">\n<div class=\"fl-module-content fl-node-content\">\n<div class=\"fl-rich-text\">\n<p><img decoding=\"async\" class=\"alignnone size-full wp-image-1831\" src=\"https:\/\/www.cyfastener.com\/uploads\/4d76852a.jpg\" alt=\"f981513a8520900506f610c579da1ec\" \/><\/p>\n<\/div>\n<\/div>\n<\/div>\n<\/div>\n<\/div>\n<\/div>\n<div class=\"fl-col-group fl-node-5e7c120635206 fl-col-group-nested\" data-node=\"5e7c120635206\">\n<div class=\"fl-col fl-node-5e7c120635748 fl-col-small\" data-node=\"5e7c120635748\">\n<div class=\"fl-col-content fl-node-content\">\n<div class=\"fl-module fl-module-rich-text fl-node-5e5c7baebb60f\" data-node=\"5e5c7baebb60f\" data-animation-delay=\"0.0\">\n<div class=\"fl-module-content fl-node-content\">\n<div class=\"fl-rich-text\">\n<p><img decoding=\"async\" class=\"alignnone size-full wp-image-1831\" src=\"https:\/\/www.cyfastener.com\/uploads\/c9f2fa41.jpg\" alt=\"f981513a8520900506f610c579da1ec\" \/><\/p>\n<\/div>\n<\/div>\n<\/div>\n<\/div>\n<\/div>\n<div class=\"fl-col fl-node-5e7c12063579f fl-col-small\" data-node=\"5e7c12063579f\">\n<div class=\"fl-col-content fl-node-content\">\n<div class=\"fl-module fl-module-rich-text fl-node-5e5c7bb29b545\" data-node=\"5e5c7bb29b545\" data-animation-delay=\"0.0\">\n<div class=\"fl-module-content fl-node-content\">\n<div class=\"fl-rich-text\">\n<p><img decoding=\"async\" class=\"alignnone size-full wp-image-1831\" src=\"https:\/\/www.cyfastener.com\/uploads\/5d0a3c01.jpg\" alt=\"f981513a8520900506f610c579da1ec\" \/><\/p>\n<\/div>\n<\/div>\n<\/div>\n<\/div>\n<\/div>\n<\/div>\n<\/div>\n<\/div>\n<\/div>","protected":false},"excerpt":{"rendered":"<p>Min.Bestellmenge:1000PCS<\/p>\n<p>VERPACKUNG: BEUTEL\/KARTON MIT PALETTE<\/p>\n<p>HAFEN:TIANJIN\/QINGDAO\/SHANGHAI\/NINGBO<\/p>\n<p>LIEFERUNG:5-30 TAGE JE NACH MENGE<\/p>\n<p>BEZAHLUNG:T\/T\/LC<\/p>\n<p>Lieferf\u00e4higkeit:500 TONNEN PRO MONAT<\/p>\n<p>&nbsp;<\/p>\n<ul>\n<li><em>FOB-Preis:<\/em>US $0.5 - 9,999 \/ St\u00fcck<\/li>\n<li><em>Mindestbestellmenge:<\/em>100 St\u00fcck\/St\u00fcck<\/li>\n<li><em>Lieferf\u00e4higkeit:<\/em>10000 St\u00fcck\/St\u00fcck pro Monat<\/li>\n<\/ul>","protected":false},"featured_media":2247,"template":"","meta":{"_kad_post_transparent":"default","_kad_post_title":"","_kad_post_layout":"default","_kad_post_sidebar_id":"","_kad_post_content_style":"default","_kad_post_vertical_padding":"default","_kad_post_feature":"","_kad_post_feature_position":"","_kad_post_header":false,"_kad_post_footer":false},"product_brand":[],"product_cat":[50,29],"product_tag":[],"class_list":{"0":"post-2240","1":"product","2":"type-product","3":"status-publish","4":"has-post-thumbnail","6":"product_cat-butterly-nut","7":"product_cat-nut","9":"first","10":"instock","11":"shipping-taxable","12":"product-type-simple","13":"entry","14":"content-bg","15":"loop-entry"},"yoast_head":"<!-- This site is optimized with the Yoast SEO plugin v27.4 - https:\/\/yoast.com\/product\/yoast-seo-wordpress\/ -->\n<title>Carbon steel\/Stainless steel Butterfly Nut - Quantong Fastener<\/title>\n<meta name=\"robots\" content=\"index, follow, max-snippet:-1, max-image-preview:large, max-video-preview:-1\" \/>\n<link rel=\"canonical\" href=\"https:\/\/quantongfastener.com\/de\/produkt\/carbon-steel-stainless-steel-butterfly-nut\/\" \/>\n<meta property=\"og:locale\" content=\"de_DE\" \/>\n<meta property=\"og:type\" content=\"article\" \/>\n<meta property=\"og:title\" content=\"Carbon steel\/Stainless steel Butterfly Nut - Quantong Fastener\" \/>\n<meta property=\"og:description\" content=\"Min.Order Quantity:1000PCS  PACKAGING:BAG\/BOX WITH PALLET  PORT:TIANJIN\/QINGDAO\/SHANGHAI\/NINGBO  DELIVERY:5-30DAYS ON QTY  PAYMENT:T\/T\/LC  Supply Ability:500 TON PER MONTH  &nbsp;   FOB Price:US $0.5 - 9,999 \/ Piece  Min.Order Quantity:100 Piece\/Pieces  Supply Ability:10000 Piece\/Pieces per Month\" \/>\n<meta property=\"og:url\" content=\"https:\/\/quantongfastener.com\/de\/produkt\/carbon-steel-stainless-steel-butterfly-nut\/\" \/>\n<meta property=\"og:site_name\" content=\"Quantong Fastener\" \/>\n<meta property=\"article:modified_time\" content=\"2025-08-26T02:42:21+00:00\" \/>\n<meta property=\"og:image\" content=\"https:\/\/quantongfastener.com\/wp-content\/uploads\/2025\/08\/Carbon-steel_Stainless-steel-Butterfly-Nut-7.jpg\" \/>\n\t<meta property=\"og:image:width\" content=\"610\" \/>\n\t<meta property=\"og:image:height\" content=\"610\" \/>\n\t<meta property=\"og:image:type\" content=\"image\/jpeg\" \/>\n<meta name=\"twitter:card\" content=\"summary_large_image\" \/>\n<meta name=\"twitter:label1\" content=\"Gesch\u00e4tzte Lesezeit\" \/>\n\t<meta name=\"twitter:data1\" content=\"3\u00a0Minuten\" \/>\n<script type=\"application\/ld+json\" class=\"yoast-schema-graph\">{\"@context\":\"https:\\\/\\\/schema.org\",\"@graph\":[{\"@type\":\"WebPage\",\"@id\":\"https:\\\/\\\/quantongfastener.com\\\/product\\\/carbon-steel-stainless-steel-butterfly-nut\\\/\",\"url\":\"https:\\\/\\\/quantongfastener.com\\\/product\\\/carbon-steel-stainless-steel-butterfly-nut\\\/\",\"name\":\"Carbon steel\\\/Stainless steel Butterfly Nut - Quantong Fastener\",\"isPartOf\":{\"@id\":\"https:\\\/\\\/quantongfastener.com\\\/#website\"},\"primaryImageOfPage\":{\"@id\":\"https:\\\/\\\/quantongfastener.com\\\/product\\\/carbon-steel-stainless-steel-butterfly-nut\\\/#primaryimage\"},\"image\":{\"@id\":\"https:\\\/\\\/quantongfastener.com\\\/product\\\/carbon-steel-stainless-steel-butterfly-nut\\\/#primaryimage\"},\"thumbnailUrl\":\"https:\\\/\\\/quantongfastener.com\\\/wp-content\\\/uploads\\\/2025\\\/08\\\/Carbon-steel_Stainless-steel-Butterfly-Nut-7.jpg\",\"datePublished\":\"2025-08-09T14:51:44+00:00\",\"dateModified\":\"2025-08-26T02:42:21+00:00\",\"breadcrumb\":{\"@id\":\"https:\\\/\\\/quantongfastener.com\\\/product\\\/carbon-steel-stainless-steel-butterfly-nut\\\/#breadcrumb\"},\"inLanguage\":\"de\",\"potentialAction\":[{\"@type\":\"ReadAction\",\"target\":[\"https:\\\/\\\/quantongfastener.com\\\/product\\\/carbon-steel-stainless-steel-butterfly-nut\\\/\"]}]},{\"@type\":\"ImageObject\",\"inLanguage\":\"de\",\"@id\":\"https:\\\/\\\/quantongfastener.com\\\/product\\\/carbon-steel-stainless-steel-butterfly-nut\\\/#primaryimage\",\"url\":\"https:\\\/\\\/quantongfastener.com\\\/wp-content\\\/uploads\\\/2025\\\/08\\\/Carbon-steel_Stainless-steel-Butterfly-Nut-7.jpg\",\"contentUrl\":\"https:\\\/\\\/quantongfastener.com\\\/wp-content\\\/uploads\\\/2025\\\/08\\\/Carbon-steel_Stainless-steel-Butterfly-Nut-7.jpg\",\"width\":610,\"height\":610},{\"@type\":\"BreadcrumbList\",\"@id\":\"https:\\\/\\\/quantongfastener.com\\\/product\\\/carbon-steel-stainless-steel-butterfly-nut\\\/#breadcrumb\",\"itemListElement\":[{\"@type\":\"ListItem\",\"position\":1,\"name\":\"Home\",\"item\":\"https:\\\/\\\/quantongfastener.com\\\/\"},{\"@type\":\"ListItem\",\"position\":2,\"name\":\"Products\",\"item\":\"https:\\\/\\\/quantongfastener.com\\\/products\\\/\"},{\"@type\":\"ListItem\",\"position\":3,\"name\":\"Carbon steel\\\/Stainless steel Butterfly Nut\"}]},{\"@type\":\"WebSite\",\"@id\":\"https:\\\/\\\/quantongfastener.com\\\/#website\",\"url\":\"https:\\\/\\\/quantongfastener.com\\\/\",\"name\":\"Quantong Fastener\",\"description\":\"\",\"publisher\":{\"@id\":\"https:\\\/\\\/quantongfastener.com\\\/#organization\"},\"potentialAction\":[{\"@type\":\"SearchAction\",\"target\":{\"@type\":\"EntryPoint\",\"urlTemplate\":\"https:\\\/\\\/quantongfastener.com\\\/?s={search_term_string}\"},\"query-input\":{\"@type\":\"PropertyValueSpecification\",\"valueRequired\":true,\"valueName\":\"search_term_string\"}}],\"inLanguage\":\"de\"},{\"@type\":\"Organization\",\"@id\":\"https:\\\/\\\/quantongfastener.com\\\/#organization\",\"name\":\"Quantong Fastener\",\"url\":\"https:\\\/\\\/quantongfastener.com\\\/\",\"logo\":{\"@type\":\"ImageObject\",\"inLanguage\":\"de\",\"@id\":\"https:\\\/\\\/quantongfastener.com\\\/#\\\/schema\\\/logo\\\/image\\\/\",\"url\":\"https:\\\/\\\/quantongfastener.com\\\/wp-content\\\/uploads\\\/2025\\\/07\\\/logo.jpg\",\"contentUrl\":\"https:\\\/\\\/quantongfastener.com\\\/wp-content\\\/uploads\\\/2025\\\/07\\\/logo.jpg\",\"width\":425,\"height\":424,\"caption\":\"Quantong Fastener\"},\"image\":{\"@id\":\"https:\\\/\\\/quantongfastener.com\\\/#\\\/schema\\\/logo\\\/image\\\/\"}}]}<\/script>\n<!-- \/ Yoast SEO plugin. -->","yoast_head_json":{"title":"Carbon steel\/Stainless steel Butterfly Nut - Quantong Fastener","robots":{"index":"index","follow":"follow","max-snippet":"max-snippet:-1","max-image-preview":"max-image-preview:large","max-video-preview":"max-video-preview:-1"},"canonical":"https:\/\/quantongfastener.com\/de\/produkt\/carbon-steel-stainless-steel-butterfly-nut\/","og_locale":"de_DE","og_type":"article","og_title":"Carbon steel\/Stainless steel Butterfly Nut - Quantong Fastener","og_description":"Min.Order Quantity:1000PCS  PACKAGING:BAG\/BOX WITH PALLET  PORT:TIANJIN\/QINGDAO\/SHANGHAI\/NINGBO  DELIVERY:5-30DAYS ON QTY  PAYMENT:T\/T\/LC  Supply Ability:500 TON PER MONTH  &nbsp;   FOB Price:US $0.5 - 9,999 \/ Piece  Min.Order Quantity:100 Piece\/Pieces  Supply Ability:10000 Piece\/Pieces per Month","og_url":"https:\/\/quantongfastener.com\/de\/produkt\/carbon-steel-stainless-steel-butterfly-nut\/","og_site_name":"Quantong Fastener","article_modified_time":"2025-08-26T02:42:21+00:00","og_image":[{"width":610,"height":610,"url":"https:\/\/quantongfastener.com\/wp-content\/uploads\/2025\/08\/Carbon-steel_Stainless-steel-Butterfly-Nut-7.jpg","type":"image\/jpeg"}],"twitter_card":"summary_large_image","twitter_misc":{"Gesch\u00e4tzte Lesezeit":"3\u00a0Minuten"},"schema":{"@context":"https:\/\/schema.org","@graph":[{"@type":"WebPage","@id":"https:\/\/quantongfastener.com\/product\/carbon-steel-stainless-steel-butterfly-nut\/","url":"https:\/\/quantongfastener.com\/product\/carbon-steel-stainless-steel-butterfly-nut\/","name":"Carbon steel\/Stainless steel Butterfly Nut - Quantong Fastener","isPartOf":{"@id":"https:\/\/quantongfastener.com\/#website"},"primaryImageOfPage":{"@id":"https:\/\/quantongfastener.com\/product\/carbon-steel-stainless-steel-butterfly-nut\/#primaryimage"},"image":{"@id":"https:\/\/quantongfastener.com\/product\/carbon-steel-stainless-steel-butterfly-nut\/#primaryimage"},"thumbnailUrl":"https:\/\/quantongfastener.com\/wp-content\/uploads\/2025\/08\/Carbon-steel_Stainless-steel-Butterfly-Nut-7.jpg","datePublished":"2025-08-09T14:51:44+00:00","dateModified":"2025-08-26T02:42:21+00:00","breadcrumb":{"@id":"https:\/\/quantongfastener.com\/product\/carbon-steel-stainless-steel-butterfly-nut\/#breadcrumb"},"inLanguage":"de","potentialAction":[{"@type":"ReadAction","target":["https:\/\/quantongfastener.com\/product\/carbon-steel-stainless-steel-butterfly-nut\/"]}]},{"@type":"ImageObject","inLanguage":"de","@id":"https:\/\/quantongfastener.com\/product\/carbon-steel-stainless-steel-butterfly-nut\/#primaryimage","url":"https:\/\/quantongfastener.com\/wp-content\/uploads\/2025\/08\/Carbon-steel_Stainless-steel-Butterfly-Nut-7.jpg","contentUrl":"https:\/\/quantongfastener.com\/wp-content\/uploads\/2025\/08\/Carbon-steel_Stainless-steel-Butterfly-Nut-7.jpg","width":610,"height":610},{"@type":"BreadcrumbList","@id":"https:\/\/quantongfastener.com\/product\/carbon-steel-stainless-steel-butterfly-nut\/#breadcrumb","itemListElement":[{"@type":"ListItem","position":1,"name":"Home","item":"https:\/\/quantongfastener.com\/"},{"@type":"ListItem","position":2,"name":"Products","item":"https:\/\/quantongfastener.com\/products\/"},{"@type":"ListItem","position":3,"name":"Carbon steel\/Stainless steel Butterfly Nut"}]},{"@type":"WebSite","@id":"https:\/\/quantongfastener.com\/#website","url":"https:\/\/quantongfastener.com\/","name":"Quantong-Verschluss","description":"","publisher":{"@id":"https:\/\/quantongfastener.com\/#organization"},"potentialAction":[{"@type":"SearchAction","target":{"@type":"EntryPoint","urlTemplate":"https:\/\/quantongfastener.com\/?s={search_term_string}"},"query-input":{"@type":"PropertyValueSpecification","valueRequired":true,"valueName":"search_term_string"}}],"inLanguage":"de"},{"@type":"Organization","@id":"https:\/\/quantongfastener.com\/#organization","name":"Quantong-Verschluss","url":"https:\/\/quantongfastener.com\/","logo":{"@type":"ImageObject","inLanguage":"de","@id":"https:\/\/quantongfastener.com\/#\/schema\/logo\/image\/","url":"https:\/\/quantongfastener.com\/wp-content\/uploads\/2025\/07\/logo.jpg","contentUrl":"https:\/\/quantongfastener.com\/wp-content\/uploads\/2025\/07\/logo.jpg","width":425,"height":424,"caption":"Quantong Fastener"},"image":{"@id":"https:\/\/quantongfastener.com\/#\/schema\/logo\/image\/"}}]}},"_links":{"self":[{"href":"https:\/\/quantongfastener.com\/de\/wp-json\/wp\/v2\/product\/2240","targetHints":{"allow":["GET"]}}],"collection":[{"href":"https:\/\/quantongfastener.com\/de\/wp-json\/wp\/v2\/product"}],"about":[{"href":"https:\/\/quantongfastener.com\/de\/wp-json\/wp\/v2\/types\/product"}],"wp:featuredmedia":[{"embeddable":true,"href":"https:\/\/quantongfastener.com\/de\/wp-json\/wp\/v2\/media\/2247"}],"wp:attachment":[{"href":"https:\/\/quantongfastener.com\/de\/wp-json\/wp\/v2\/media?parent=2240"}],"wp:term":[{"taxonomy":"product_brand","embeddable":true,"href":"https:\/\/quantongfastener.com\/de\/wp-json\/wp\/v2\/product_brand?post=2240"},{"taxonomy":"product_cat","embeddable":true,"href":"https:\/\/quantongfastener.com\/de\/wp-json\/wp\/v2\/product_cat?post=2240"},{"taxonomy":"product_tag","embeddable":true,"href":"https:\/\/quantongfastener.com\/de\/wp-json\/wp\/v2\/product_tag?post=2240"}],"curies":[{"name":"wp","href":"https:\/\/api.w.org\/{rel}","templated":true}]}}